{"id":96274,"date":"2022-09-26T13:05:01","date_gmt":"2022-09-27T06:31:32","guid":{"rendered":"https:\/\/www.inverseteams.com\/?post_type=product&#038;p=96274"},"modified":"2024-03-11T00:01:32","modified_gmt":"2024-03-11T00:01:32","slug":"cuissard-velo-alpha-femme","status":"publish","type":"product","link":"https:\/\/www.inverseteams.com\/fr\/produit\/cuissard-velo-alpha-femme\/","title":{"rendered":"Cuissard v\u00e9lo ALPHA (FEMME)"},"content":{"rendered":"<p>Ce cuissard est parfait pour la comp\u00e9tition et les courses de longues distances. Son \u00e9lasticit\u00e9 et sa l\u00e9g\u00e8ret\u00e9 vous permettront une grande libert\u00e9 de mouvement.<br \/>\nSon tissu tr\u00e8s perm\u00e9able le rend id\u00e9al par temps chaud.<br \/>\nLe patron du cuissard est con\u00e7u pour s\u2019adapter parfaitement \u00e0 tous vos mouvements et positions sur le v\u00e9lo sans opposer r\u00e9sistance. Ses pi\u00e8ces sont cousues avec des coutures plates super r\u00e9sistantes et prennent part \u00e0 un design tr\u00e8s attrayant.<br \/>\nLes bretelles micro-perfor\u00e9es vous aideront \u00e0 \u00e9vacuer la sueur, vous vous sentirez frais et sec en tout temps. Ses deux bandes frontales offrent un bon maintient et \u00e9quilibrent la pression sans g\u00eaner, m\u00eame pendant les \u00e9preuves les plus longues. Les bretelles ont une fermeture aimant\u00e9e \u00e0 l&rsquo;arri\u00e8re. De cette fa\u00e7on, vous pouvez mettre et enlever le cuissard facilement et rapidement. Ce syst\u00e8me vous permettra d&rsquo;aller confortablement aux toilettes.<br \/>\n\u00c0 l\u2019extr\u00e9mit\u00e9 des jambes, ce cuissard contient des lignes de silicone hypoallerg\u00e9nique qui maintiennent la pi\u00e8ce solidement attach\u00e9e aux jambes. Sur les lat\u00e9raux des points r\u00e9fl\u00e9chissants augmentent votre s\u00e9curit\u00e9 routi\u00e8re.<\/p>\n","protected":false},"excerpt":{"rendered":"<p>Ce cuissard est parfait pour la comp\u00e9tition et les courses de longues distances. Son \u00e9lasticit\u00e9 et sa l\u00e9g\u00e8ret\u00e9 vous permettront une grande libert\u00e9 de mouvement.<br \/>\nSon tissu tr\u00e8s perm\u00e9able le rend id\u00e9al par temps chaud.<br \/>\nLe patron du cuissard est con\u00e7u pour s\u2019adapter parfaitement \u00e0 tous vos mouvements et positions sur le v\u00e9lo sans opposer r\u00e9sistance. Ses pi\u00e8ces sont cousues avec des coutures plates super r\u00e9sistantes et prennent part \u00e0 un design tr\u00e8s attrayant.<br \/>\nLes bretelles micro-perfor\u00e9es vous aideront \u00e0 \u00e9vacuer la sueur, vous vous sentirez frais et sec en tout temps. Ses deux bandes frontales offrent un bon maintient et \u00e9quilibrent la pression sans g\u00eaner, m\u00eame pendant les \u00e9preuves les plus longues. Les bretelles ont une fermeture aimant\u00e9e \u00e0 l&rsquo;arri\u00e8re. De cette fa\u00e7on, vous pouvez mettre et enlever le cuissard facilement et rapidement. Ce syst\u00e8me vous permettra d&rsquo;aller confortablement aux toilettes.<br \/>\n\u00c0 l\u2019extr\u00e9mit\u00e9 des jambes, ce cuissard contient des lignes de silicone hypoallerg\u00e9nique qui maintiennent la pi\u00e8ce solidement attach\u00e9e aux jambes. Sur les lat\u00e9raux des points r\u00e9fl\u00e9chissants augmentent votre s\u00e9curit\u00e9 routi\u00e8re.<\/p>\n","protected":false},"featured_media":122447,"comment_status":"closed","ping_status":"closed","template":"","meta":{"_acf_changed":false},"product_brand":[],"product_cat":[3248,7177],"product_tag":[],"custom_category":[],"range":[],"class_list":{"0":"post-96274","1":"product","2":"type-product","3":"status-publish","4":"has-post-thumbnail","6":"product_cat-cuissard-cyclisme-fr","7":"product_cat-b2b-fr","8":"pa_climatologia-chaud","9":"pa_climatologia-temperature-chaude","10":"pa_deporte-cyclisme","11":"pa_genero-femme","12":"pa_patronaje-fit-fr","13":"pa_talla-m-fr","14":"pa_talla-s-fr","15":"pa_talla-xl-fr","16":"pa_talla-xs-fr","17":"pa_talla-l-fr","18":"pa_tipo-de-prenda-cuissard-velo-fr","20":"first","21":"outofstock","22":"featured","23":"taxable","24":"shipping-taxable","25":"purchasable","26":"product-type-variable","27":"has-default-attributes"},"acf":[],"yoast_head":"<!-- This site is optimized with the Yoast SEO plugin v27.5 - https:\/\/yoast.com\/product\/yoast-seo-wordpress\/ -->\n<title>Cuissard v\u00e9lo ALPHA (FEMME)<\/title>\n<meta name=\"description\" content=\"Ce cuissard est parfait pour la comp\u00e9tition et les courses de longues distances. Son \u00e9lasticit\u00e9 et sa l\u00e9g\u00e8ret\u00e9 vous permettront une grande libert\u00e9 de mouvement. Son tissu tr\u00e8s perm\u00e9able le rend id\u00e9al par temps chaud. Le patron du cuissard est con\u00e7u pour s\u2019adapter parfaitement \u00e0 tous vos mouvements et positions sur le v\u00e9lo sans opposer r\u00e9sistance. Ses pi\u00e8ces sont cousues avec des coutures plates super r\u00e9sistantes et prennent part \u00e0 un design tr\u00e8s attrayant. Les bretelles micro-perfor\u00e9es vous aideront \u00e0 \u00e9vacuer la sueur, vous vous sentirez frais et sec en tout temps. Ses deux bandes frontales offrent un bon maintient et \u00e9quilibrent la pression sans g\u00eaner, m\u00eame pendant les \u00e9preuves les plus longues. Les bretelles ont une fermeture aimant\u00e9e \u00e0 l&#039;arri\u00e8re. De cette fa\u00e7on, vous pouvez mettre et enlever le cuissard facilement et rapidement. Ce syst\u00e8me vous permettra d&#039;aller confortablement aux toilettes. \u00c0 l\u2019extr\u00e9mit\u00e9 des jambes, ce cuissard contient des lignes de silicone hypoallerg\u00e9nique qui maintiennent la pi\u00e8ce solidement attach\u00e9e aux jambes. Sur les lat\u00e9raux des points r\u00e9fl\u00e9chissants augmentent votre s\u00e9curit\u00e9 routi\u00e8re.\" \/>\n<meta name=\"robots\" content=\"index, follow, max-snippet:-1, max-image-preview:large, max-video-preview:-1\" \/>\n<link rel=\"canonical\" href=\"https:\/\/www.inverseteams.com\/fr\/produit\/cuissard-velo-alpha-femme\/\" \/>\n<meta property=\"og:locale\" content=\"fr_FR\" \/>\n<meta property=\"og:type\" content=\"article\" \/>\n<meta property=\"og:title\" content=\"Cuissard v\u00e9lo ALPHA (FEMME)\" \/>\n<meta property=\"og:description\" content=\"Ce cuissard est parfait pour la comp\u00e9tition et les courses de longues distances. Son \u00e9lasticit\u00e9 et sa l\u00e9g\u00e8ret\u00e9 vous permettront une grande libert\u00e9 de mouvement. Son tissu tr\u00e8s perm\u00e9able le rend id\u00e9al par temps chaud. Le patron du cuissard est con\u00e7u pour s\u2019adapter parfaitement \u00e0 tous vos mouvements et positions sur le v\u00e9lo sans opposer r\u00e9sistance. Ses pi\u00e8ces sont cousues avec des coutures plates super r\u00e9sistantes et prennent part \u00e0 un design tr\u00e8s attrayant. Les bretelles micro-perfor\u00e9es vous aideront \u00e0 \u00e9vacuer la sueur, vous vous sentirez frais et sec en tout temps. Ses deux bandes frontales offrent un bon maintient et \u00e9quilibrent la pression sans g\u00eaner, m\u00eame pendant les \u00e9preuves les plus longues. Les bretelles ont une fermeture aimant\u00e9e \u00e0 l&#039;arri\u00e8re. De cette fa\u00e7on, vous pouvez mettre et enlever le cuissard facilement et rapidement. Ce syst\u00e8me vous permettra d&#039;aller confortablement aux toilettes. \u00c0 l\u2019extr\u00e9mit\u00e9 des jambes, ce cuissard contient des lignes de silicone hypoallerg\u00e9nique qui maintiennent la pi\u00e8ce solidement attach\u00e9e aux jambes. Sur les lat\u00e9raux des points r\u00e9fl\u00e9chissants augmentent votre s\u00e9curit\u00e9 routi\u00e8re.\" \/>\n<meta property=\"og:url\" content=\"https:\/\/www.inverseteams.com\/fr\/produit\/cuissard-velo-alpha-femme\/\" \/>\n<meta property=\"og:site_name\" content=\"Inverseteams\" \/>\n<meta property=\"article:publisher\" content=\"https:\/\/www.facebook.com\/inverseteams\" \/>\n<meta property=\"article:modified_time\" content=\"2024-03-11T00:01:32+00:00\" \/>\n<meta property=\"og:image\" content=\"https:\/\/www.inverseteams.com\/wp-content\/uploads\/CULOTTE-CICLISTA-MUJER-CON-CIERRE-MAGNETICO-ALPHA-1.jpg\" \/>\n\t<meta property=\"og:image:width\" content=\"3000\" \/>\n\t<meta property=\"og:image:height\" content=\"3223\" \/>\n\t<meta property=\"og:image:type\" content=\"image\/jpeg\" \/>\n<meta name=\"twitter:card\" content=\"summary_large_image\" \/>\n<meta name=\"twitter:label1\" content=\"Dur\u00e9e de lecture estim\u00e9e\" \/>\n\t<meta name=\"twitter:data1\" content=\"1 minute\" \/>\n<script type=\"application\/ld+json\" class=\"yoast-schema-graph\">{\"@context\":\"https:\\\/\\\/schema.org\",\"@graph\":[{\"@type\":\"WebPage\",\"@id\":\"https:\\\/\\\/www.inverseteams.com\\\/fr\\\/produit\\\/cuissard-velo-alpha-femme\\\/\",\"url\":\"https:\\\/\\\/www.inverseteams.com\\\/fr\\\/produit\\\/cuissard-velo-alpha-femme\\\/\",\"name\":\"Cuissard v\u00e9lo ALPHA (FEMME)\",\"isPartOf\":{\"@id\":\"https:\\\/\\\/www.inverseteams.com\\\/fr\\\/#website\"},\"primaryImageOfPage\":{\"@id\":\"https:\\\/\\\/www.inverseteams.com\\\/fr\\\/produit\\\/cuissard-velo-alpha-femme\\\/#primaryimage\"},\"image\":{\"@id\":\"https:\\\/\\\/www.inverseteams.com\\\/fr\\\/produit\\\/cuissard-velo-alpha-femme\\\/#primaryimage\"},\"thumbnailUrl\":\"https:\\\/\\\/www.inverseteams.com\\\/wp-content\\\/uploads\\\/CULOTTE-CICLISTA-MUJER-CON-CIERRE-MAGNETICO-ALPHA-1.jpg\",\"datePublished\":\"2022-09-27T06:31:32+00:00\",\"dateModified\":\"2024-03-11T00:01:32+00:00\",\"description\":\"Ce cuissard est parfait pour la comp\u00e9tition et les courses de longues distances. Son \u00e9lasticit\u00e9 et sa l\u00e9g\u00e8ret\u00e9 vous permettront une grande libert\u00e9 de mouvement. Son tissu tr\u00e8s perm\u00e9able le rend id\u00e9al par temps chaud. Le patron du cuissard est con\u00e7u pour s\u2019adapter parfaitement \u00e0 tous vos mouvements et positions sur le v\u00e9lo sans opposer r\u00e9sistance. Ses pi\u00e8ces sont cousues avec des coutures plates super r\u00e9sistantes et prennent part \u00e0 un design tr\u00e8s attrayant. Les bretelles micro-perfor\u00e9es vous aideront \u00e0 \u00e9vacuer la sueur, vous vous sentirez frais et sec en tout temps. Ses deux bandes frontales offrent un bon maintient et \u00e9quilibrent la pression sans g\u00eaner, m\u00eame pendant les \u00e9preuves les plus longues. Les bretelles ont une fermeture aimant\u00e9e \u00e0 l'arri\u00e8re. De cette fa\u00e7on, vous pouvez mettre et enlever le cuissard facilement et rapidement. Ce syst\u00e8me vous permettra d'aller confortablement aux toilettes. \u00c0 l\u2019extr\u00e9mit\u00e9 des jambes, ce cuissard contient des lignes de silicone hypoallerg\u00e9nique qui maintiennent la pi\u00e8ce solidement attach\u00e9e aux jambes. Sur les lat\u00e9raux des points r\u00e9fl\u00e9chissants augmentent votre s\u00e9curit\u00e9 routi\u00e8re.\",\"breadcrumb\":{\"@id\":\"https:\\\/\\\/www.inverseteams.com\\\/fr\\\/produit\\\/cuissard-velo-alpha-femme\\\/#breadcrumb\"},\"inLanguage\":\"fr-FR\",\"potentialAction\":[{\"@type\":\"ReadAction\",\"target\":[\"https:\\\/\\\/www.inverseteams.com\\\/fr\\\/produit\\\/cuissard-velo-alpha-femme\\\/\"]}]},{\"@type\":\"ImageObject\",\"inLanguage\":\"fr-FR\",\"@id\":\"https:\\\/\\\/www.inverseteams.com\\\/fr\\\/produit\\\/cuissard-velo-alpha-femme\\\/#primaryimage\",\"url\":\"https:\\\/\\\/www.inverseteams.com\\\/wp-content\\\/uploads\\\/CULOTTE-CICLISTA-MUJER-CON-CIERRE-MAGNETICO-ALPHA-1.jpg\",\"contentUrl\":\"https:\\\/\\\/www.inverseteams.com\\\/wp-content\\\/uploads\\\/CULOTTE-CICLISTA-MUJER-CON-CIERRE-MAGNETICO-ALPHA-1.jpg\",\"width\":3000,\"height\":3223,\"caption\":\"Culotte ciclismo corto mujer alpha megro\"},{\"@type\":\"BreadcrumbList\",\"@id\":\"https:\\\/\\\/www.inverseteams.com\\\/fr\\\/produit\\\/cuissard-velo-alpha-femme\\\/#breadcrumb\",\"itemListElement\":[{\"@type\":\"ListItem\",\"position\":1,\"name\":\"Portada\",\"item\":\"https:\\\/\\\/www.inverseteams.com\\\/fr\\\/pagina-principal\\\/\"},{\"@type\":\"ListItem\",\"position\":2,\"name\":\"Panier\",\"item\":\"https:\\\/\\\/www.inverseteams.com\\\/fr\\\/panier\\\/\"},{\"@type\":\"ListItem\",\"position\":3,\"name\":\"Cuissard v\u00e9lo ALPHA (FEMME)\"}]},{\"@type\":\"WebSite\",\"@id\":\"https:\\\/\\\/www.inverseteams.com\\\/fr\\\/#website\",\"url\":\"https:\\\/\\\/www.inverseteams.com\\\/fr\\\/\",\"name\":\"Inverseteams\",\"description\":\"Tu marca de ropa deportiva personalizada\",\"publisher\":{\"@id\":\"https:\\\/\\\/www.inverseteams.com\\\/fr\\\/#organization\"},\"potentialAction\":[{\"@type\":\"SearchAction\",\"target\":{\"@type\":\"EntryPoint\",\"urlTemplate\":\"https:\\\/\\\/www.inverseteams.com\\\/fr\\\/?s={search_term_string}\"},\"query-input\":{\"@type\":\"PropertyValueSpecification\",\"valueRequired\":true,\"valueName\":\"search_term_string\"}}],\"inLanguage\":\"fr-FR\"},{\"@type\":\"Organization\",\"@id\":\"https:\\\/\\\/www.inverseteams.com\\\/fr\\\/#organization\",\"name\":\"Inverse Teams\",\"url\":\"https:\\\/\\\/www.inverseteams.com\\\/fr\\\/\",\"logo\":{\"@type\":\"ImageObject\",\"inLanguage\":\"fr-FR\",\"@id\":\"https:\\\/\\\/www.inverseteams.com\\\/fr\\\/#\\\/schema\\\/logo\\\/image\\\/\",\"url\":\"https:\\\/\\\/www.inverseteams.com\\\/wp-content\\\/uploads\\\/2021\\\/03\\\/logo-inverse-teams.png\",\"contentUrl\":\"https:\\\/\\\/www.inverseteams.com\\\/wp-content\\\/uploads\\\/2021\\\/03\\\/logo-inverse-teams.png\",\"width\":294,\"height\":99,\"caption\":\"Inverse Teams\"},\"image\":{\"@id\":\"https:\\\/\\\/www.inverseteams.com\\\/fr\\\/#\\\/schema\\\/logo\\\/image\\\/\"},\"sameAs\":[\"https:\\\/\\\/www.facebook.com\\\/inverseteams\",\"http:\\\/\\\/instagram.com\\\/inverseteams\",\"https:\\\/\\\/www.linkedin.com\\\/company\\\/inverse-cirosport-s-l-?trk=job_view_topcard_company_name\",\"http:\\\/\\\/www.pinterest.com\\\/inverseteams\\\/\",\"http:\\\/\\\/www.youtube.com\\\/user\\\/inverseteams?feature=watch\"]}]}<\/script>\n<!-- \/ Yoast SEO plugin. -->","yoast_head_json":{"title":"Cuissard v\u00e9lo ALPHA (FEMME)","description":"Ce cuissard est parfait pour la comp\u00e9tition et les courses de longues distances. Son \u00e9lasticit\u00e9 et sa l\u00e9g\u00e8ret\u00e9 vous permettront une grande libert\u00e9 de mouvement. Son tissu tr\u00e8s perm\u00e9able le rend id\u00e9al par temps chaud. Le patron du cuissard est con\u00e7u pour s\u2019adapter parfaitement \u00e0 tous vos mouvements et positions sur le v\u00e9lo sans opposer r\u00e9sistance. Ses pi\u00e8ces sont cousues avec des coutures plates super r\u00e9sistantes et prennent part \u00e0 un design tr\u00e8s attrayant. Les bretelles micro-perfor\u00e9es vous aideront \u00e0 \u00e9vacuer la sueur, vous vous sentirez frais et sec en tout temps. Ses deux bandes frontales offrent un bon maintient et \u00e9quilibrent la pression sans g\u00eaner, m\u00eame pendant les \u00e9preuves les plus longues. Les bretelles ont une fermeture aimant\u00e9e \u00e0 l'arri\u00e8re. De cette fa\u00e7on, vous pouvez mettre et enlever le cuissard facilement et rapidement. Ce syst\u00e8me vous permettra d'aller confortablement aux toilettes. \u00c0 l\u2019extr\u00e9mit\u00e9 des jambes, ce cuissard contient des lignes de silicone hypoallerg\u00e9nique qui maintiennent la pi\u00e8ce solidement attach\u00e9e aux jambes. Sur les lat\u00e9raux des points r\u00e9fl\u00e9chissants augmentent votre s\u00e9curit\u00e9 routi\u00e8re.","robots":{"index":"index","follow":"follow","max-snippet":"max-snippet:-1","max-image-preview":"max-image-preview:large","max-video-preview":"max-video-preview:-1"},"canonical":"https:\/\/www.inverseteams.com\/fr\/produit\/cuissard-velo-alpha-femme\/","og_locale":"fr_FR","og_type":"article","og_title":"Cuissard v\u00e9lo ALPHA (FEMME)","og_description":"Ce cuissard est parfait pour la comp\u00e9tition et les courses de longues distances. Son \u00e9lasticit\u00e9 et sa l\u00e9g\u00e8ret\u00e9 vous permettront une grande libert\u00e9 de mouvement. Son tissu tr\u00e8s perm\u00e9able le rend id\u00e9al par temps chaud. Le patron du cuissard est con\u00e7u pour s\u2019adapter parfaitement \u00e0 tous vos mouvements et positions sur le v\u00e9lo sans opposer r\u00e9sistance. Ses pi\u00e8ces sont cousues avec des coutures plates super r\u00e9sistantes et prennent part \u00e0 un design tr\u00e8s attrayant. Les bretelles micro-perfor\u00e9es vous aideront \u00e0 \u00e9vacuer la sueur, vous vous sentirez frais et sec en tout temps. Ses deux bandes frontales offrent un bon maintient et \u00e9quilibrent la pression sans g\u00eaner, m\u00eame pendant les \u00e9preuves les plus longues. Les bretelles ont une fermeture aimant\u00e9e \u00e0 l'arri\u00e8re. De cette fa\u00e7on, vous pouvez mettre et enlever le cuissard facilement et rapidement. Ce syst\u00e8me vous permettra d'aller confortablement aux toilettes. \u00c0 l\u2019extr\u00e9mit\u00e9 des jambes, ce cuissard contient des lignes de silicone hypoallerg\u00e9nique qui maintiennent la pi\u00e8ce solidement attach\u00e9e aux jambes. Sur les lat\u00e9raux des points r\u00e9fl\u00e9chissants augmentent votre s\u00e9curit\u00e9 routi\u00e8re.","og_url":"https:\/\/www.inverseteams.com\/fr\/produit\/cuissard-velo-alpha-femme\/","og_site_name":"Inverseteams","article_publisher":"https:\/\/www.facebook.com\/inverseteams","article_modified_time":"2024-03-11T00:01:32+00:00","og_image":[{"width":3000,"height":3223,"url":"https:\/\/www.inverseteams.com\/wp-content\/uploads\/CULOTTE-CICLISTA-MUJER-CON-CIERRE-MAGNETICO-ALPHA-1.jpg","type":"image\/jpeg"}],"twitter_card":"summary_large_image","twitter_misc":{"Dur\u00e9e de lecture estim\u00e9e":"1 minute"},"schema":{"@context":"https:\/\/schema.org","@graph":[{"@type":"WebPage","@id":"https:\/\/www.inverseteams.com\/fr\/produit\/cuissard-velo-alpha-femme\/","url":"https:\/\/www.inverseteams.com\/fr\/produit\/cuissard-velo-alpha-femme\/","name":"Cuissard v\u00e9lo ALPHA (FEMME)","isPartOf":{"@id":"https:\/\/www.inverseteams.com\/fr\/#website"},"primaryImageOfPage":{"@id":"https:\/\/www.inverseteams.com\/fr\/produit\/cuissard-velo-alpha-femme\/#primaryimage"},"image":{"@id":"https:\/\/www.inverseteams.com\/fr\/produit\/cuissard-velo-alpha-femme\/#primaryimage"},"thumbnailUrl":"https:\/\/www.inverseteams.com\/wp-content\/uploads\/CULOTTE-CICLISTA-MUJER-CON-CIERRE-MAGNETICO-ALPHA-1.jpg","datePublished":"2022-09-27T06:31:32+00:00","dateModified":"2024-03-11T00:01:32+00:00","description":"Ce cuissard est parfait pour la comp\u00e9tition et les courses de longues distances. Son \u00e9lasticit\u00e9 et sa l\u00e9g\u00e8ret\u00e9 vous permettront une grande libert\u00e9 de mouvement. Son tissu tr\u00e8s perm\u00e9able le rend id\u00e9al par temps chaud. Le patron du cuissard est con\u00e7u pour s\u2019adapter parfaitement \u00e0 tous vos mouvements et positions sur le v\u00e9lo sans opposer r\u00e9sistance. Ses pi\u00e8ces sont cousues avec des coutures plates super r\u00e9sistantes et prennent part \u00e0 un design tr\u00e8s attrayant. Les bretelles micro-perfor\u00e9es vous aideront \u00e0 \u00e9vacuer la sueur, vous vous sentirez frais et sec en tout temps. Ses deux bandes frontales offrent un bon maintient et \u00e9quilibrent la pression sans g\u00eaner, m\u00eame pendant les \u00e9preuves les plus longues. Les bretelles ont une fermeture aimant\u00e9e \u00e0 l'arri\u00e8re. De cette fa\u00e7on, vous pouvez mettre et enlever le cuissard facilement et rapidement. Ce syst\u00e8me vous permettra d'aller confortablement aux toilettes. \u00c0 l\u2019extr\u00e9mit\u00e9 des jambes, ce cuissard contient des lignes de silicone hypoallerg\u00e9nique qui maintiennent la pi\u00e8ce solidement attach\u00e9e aux jambes. Sur les lat\u00e9raux des points r\u00e9fl\u00e9chissants augmentent votre s\u00e9curit\u00e9 routi\u00e8re.","breadcrumb":{"@id":"https:\/\/www.inverseteams.com\/fr\/produit\/cuissard-velo-alpha-femme\/#breadcrumb"},"inLanguage":"fr-FR","potentialAction":[{"@type":"ReadAction","target":["https:\/\/www.inverseteams.com\/fr\/produit\/cuissard-velo-alpha-femme\/"]}]},{"@type":"ImageObject","inLanguage":"fr-FR","@id":"https:\/\/www.inverseteams.com\/fr\/produit\/cuissard-velo-alpha-femme\/#primaryimage","url":"https:\/\/www.inverseteams.com\/wp-content\/uploads\/CULOTTE-CICLISTA-MUJER-CON-CIERRE-MAGNETICO-ALPHA-1.jpg","contentUrl":"https:\/\/www.inverseteams.com\/wp-content\/uploads\/CULOTTE-CICLISTA-MUJER-CON-CIERRE-MAGNETICO-ALPHA-1.jpg","width":3000,"height":3223,"caption":"Culotte ciclismo corto mujer alpha megro"},{"@type":"BreadcrumbList","@id":"https:\/\/www.inverseteams.com\/fr\/produit\/cuissard-velo-alpha-femme\/#breadcrumb","itemListElement":[{"@type":"ListItem","position":1,"name":"Portada","item":"https:\/\/www.inverseteams.com\/fr\/pagina-principal\/"},{"@type":"ListItem","position":2,"name":"Panier","item":"https:\/\/www.inverseteams.com\/fr\/panier\/"},{"@type":"ListItem","position":3,"name":"Cuissard v\u00e9lo ALPHA (FEMME)"}]},{"@type":"WebSite","@id":"https:\/\/www.inverseteams.com\/fr\/#website","url":"https:\/\/www.inverseteams.com\/fr\/","name":"Inverseteams","description":"Tu marca de ropa deportiva personalizada","publisher":{"@id":"https:\/\/www.inverseteams.com\/fr\/#organization"},"potentialAction":[{"@type":"SearchAction","target":{"@type":"EntryPoint","urlTemplate":"https:\/\/www.inverseteams.com\/fr\/?s={search_term_string}"},"query-input":{"@type":"PropertyValueSpecification","valueRequired":true,"valueName":"search_term_string"}}],"inLanguage":"fr-FR"},{"@type":"Organization","@id":"https:\/\/www.inverseteams.com\/fr\/#organization","name":"Inverse Teams","url":"https:\/\/www.inverseteams.com\/fr\/","logo":{"@type":"ImageObject","inLanguage":"fr-FR","@id":"https:\/\/www.inverseteams.com\/fr\/#\/schema\/logo\/image\/","url":"https:\/\/www.inverseteams.com\/wp-content\/uploads\/2021\/03\/logo-inverse-teams.png","contentUrl":"https:\/\/www.inverseteams.com\/wp-content\/uploads\/2021\/03\/logo-inverse-teams.png","width":294,"height":99,"caption":"Inverse Teams"},"image":{"@id":"https:\/\/www.inverseteams.com\/fr\/#\/schema\/logo\/image\/"},"sameAs":["https:\/\/www.facebook.com\/inverseteams","http:\/\/instagram.com\/inverseteams","https:\/\/www.linkedin.com\/company\/inverse-cirosport-s-l-?trk=job_view_topcard_company_name","http:\/\/www.pinterest.com\/inverseteams\/","http:\/\/www.youtube.com\/user\/inverseteams?feature=watch"]}]}},"_links":{"self":[{"href":"https:\/\/www.inverseteams.com\/fr\/wp-json\/wp\/v2\/product\/96274","targetHints":{"allow":["GET"]}}],"collection":[{"href":"https:\/\/www.inverseteams.com\/fr\/wp-json\/wp\/v2\/product"}],"about":[{"href":"https:\/\/www.inverseteams.com\/fr\/wp-json\/wp\/v2\/types\/product"}],"replies":[{"embeddable":true,"href":"https:\/\/www.inverseteams.com\/fr\/wp-json\/wp\/v2\/comments?post=96274"}],"wp:featuredmedia":[{"embeddable":true,"href":"https:\/\/www.inverseteams.com\/fr\/wp-json\/wp\/v2\/media\/122447"}],"wp:attachment":[{"href":"https:\/\/www.inverseteams.com\/fr\/wp-json\/wp\/v2\/media?parent=96274"}],"wp:term":[{"taxonomy":"product_brand","embeddable":true,"href":"https:\/\/www.inverseteams.com\/fr\/wp-json\/wp\/v2\/product_brand?post=96274"},{"taxonomy":"product_cat","embeddable":true,"href":"https:\/\/www.inverseteams.com\/fr\/wp-json\/wp\/v2\/product_cat?post=96274"},{"taxonomy":"product_tag","embeddable":true,"href":"https:\/\/www.inverseteams.com\/fr\/wp-json\/wp\/v2\/product_tag?post=96274"},{"taxonomy":"custom_category","embeddable":true,"href":"https:\/\/www.inverseteams.com\/fr\/wp-json\/wp\/v2\/custom_category?post=96274"},{"taxonomy":"range","embeddable":true,"href":"https:\/\/www.inverseteams.com\/fr\/wp-json\/wp\/v2\/range?post=96274"}],"curies":[{"name":"wp","href":"https:\/\/api.w.org\/{rel}","templated":true}]}}