{"id":96273,"date":"2022-09-26T13:04:31","date_gmt":"2022-09-26T13:04:31","guid":{"rendered":"https:\/\/www.inverseteams.com\/?post_type=product&#038;p=96273"},"modified":"2026-03-15T11:06:35","modified_gmt":"2026-03-15T10:06:35","slug":"cuissard-velo-cargo-drak","status":"publish","type":"product","link":"https:\/\/www.inverseteams.com\/fr\/produit\/cuissard-velo-cargo-drak\/","title":{"rendered":"Cuissard v\u00e9lo cargo OUTTER DRAK"},"content":{"rendered":"<p data-start=\"3483\" data-end=\"3661\">Le cuissard cargo CARGO OUTTER DRAK est con\u00e7u pour les cyclistes recherchant polyvalence, confort et performance, id\u00e9al pour le <strong data-start=\"3615\" data-end=\"3660\">cyclisme sur route, gravel et bikepacking<\/strong>.<br \/>\nCe <strong data-start=\"3666\" data-end=\"3689\">cuissard v\u00e9lo cargo<\/strong> dispose de <strong data-start=\"3701\" data-end=\"3721\">4 poches en mesh<\/strong> \u20142 sur les c\u00f4t\u00e9s et 2 au niveau lombaire\u2014 parfaites pour transporter vos essentiels lors de longues sorties sans g\u00eaner les mouvements.<br \/>\nLa <strong data-start=\"3861\" data-end=\"3901\">peau de chamois 2 densit\u00e9s, 120 g\/m\u00b2<\/strong>, offre un ajustement premium et doux au niveau pelvien, garantissant confort et protection m\u00eame lors de sorties prolong\u00e9es. Les bretelles en polypropyl\u00e8ne et le dos perfor\u00e9 am\u00e9liorent la ventilation et facilitent l\u2019\u00e9vacuation de la transpiration, gardant la peau s\u00e8che.<br \/>\nLes jambes pr\u00e9sentent une large bande et une finition <strong data-start=\"4227\" data-end=\"4256\">laser avec grip int\u00e9rieur<\/strong>, garantissant un maintien pr\u00e9cis et stable. Les <strong data-start=\"4305\" data-end=\"4336\">coutures plates r\u00e9sistantes<\/strong> augmentent la durabilit\u00e9 tout en conservant le confort.<br \/>\nLe <strong data-start=\"4397\" data-end=\"4421\">d\u00e9tail r\u00e9fl\u00e9chissant<\/strong> augmente la visibilit\u00e9 sur la route ou les sentiers par faible luminosit\u00e9, apportant une s\u00e9curit\u00e9 suppl\u00e9mentaire.<br \/>\n<strong>Le cuissard cargo CARGO OUTTER DRAK est id\u00e9al pour les cyclistes recherchant cuissards polyvalents, durables et confortables, parfait pour gravel, bikepacking et cyclisme sur route, alliant performance technique, fonctionnalit\u00e9 et confort sur de longues distances.<\/strong><\/p>\n","protected":false},"excerpt":{"rendered":"<p>Le cuissard cargo CARGO OUTTER DRAK est con\u00e7u pour les cyclistes recherchant polyvalence, confort et performance, id\u00e9al pour le <strong data-start=\"3615\" data-end=\"3660\">cyclisme sur route, gravel et bikepacking<\/strong>.<br \/>\nCe <strong data-start=\"3666\" data-end=\"3689\">cuissard v\u00e9lo cargo<\/strong> dispose de <strong data-start=\"3701\" data-end=\"3721\">4 poches en mesh<\/strong> \u20142 sur les c\u00f4t\u00e9s et 2 au niveau lombaire\u2014 parfaites pour transporter vos essentiels lors de longues sorties sans g\u00eaner les mouvements.<br \/>\nLa <strong data-start=\"3861\" data-end=\"3901\">peau de chamois 2 densit\u00e9s, 120 g\/m\u00b2<\/strong>, offre un ajustement premium et doux au niveau pelvien, garantissant confort et protection m\u00eame lors de sorties prolong\u00e9es. Les bretelles en polypropyl\u00e8ne et le dos perfor\u00e9 am\u00e9liorent la ventilation et facilitent l\u2019\u00e9vacuation de la transpiration, gardant la peau s\u00e8che.<br \/>\nLes jambes pr\u00e9sentent une large bande et une finition <strong data-start=\"4227\" data-end=\"4256\">laser avec grip int\u00e9rieur<\/strong>, garantissant un maintien pr\u00e9cis et stable. Les <strong data-start=\"4305\" data-end=\"4336\">coutures plates r\u00e9sistantes<\/strong> augmentent la durabilit\u00e9 tout en conservant le confort.<br \/>\nLe <strong data-start=\"4397\" data-end=\"4421\">d\u00e9tail r\u00e9fl\u00e9chissant<\/strong> augmente la visibilit\u00e9 sur la route ou les sentiers par faible luminosit\u00e9, apportant une s\u00e9curit\u00e9 suppl\u00e9mentaire.<br \/>\n<strong>Le cuissard cargo CARGO OUTTER DRAK est id\u00e9al pour les cyclistes recherchant cuissards polyvalents, durables et confortables, parfait pour gravel, bikepacking et cyclisme sur route, alliant performance technique, fonctionnalit\u00e9 et confort sur de longues distances.<\/strong><\/p>\n","protected":false},"featured_media":280202,"comment_status":"closed","ping_status":"closed","template":"","meta":{"_acf_changed":false},"product_brand":[],"product_cat":[3230,9949,3248,7177],"product_tag":[],"custom_category":[],"range":[],"class_list":{"0":"post-96273","1":"product","2":"type-product","3":"status-publish","4":"has-post-thumbnail","6":"product_cat-cyclisme-fr","7":"product_cat-gravel-fr","8":"product_cat-cuissard-cyclisme-fr","9":"product_cat-b2b-fr","10":"pa_climatologia-chaud","11":"pa_climatologia-temperature-chaude","12":"pa_deporte-cyclisme","13":"pa_deporte-gravel-fr","14":"pa_genero-homme","15":"pa_patronaje-fit-fr","16":"pa_talla-l-fr","17":"pa_talla-m-fr","18":"pa_talla-s-fr","19":"pa_talla-xl-fr","20":"pa_talla-xxl-fr","21":"pa_tipo-de-prenda-cuissard-velo-fr","23":"first","24":"instock","25":"featured","26":"taxable","27":"shipping-taxable","28":"purchasable","29":"product-type-variable","30":"has-default-attributes"},"acf":[],"yoast_head":"<!-- This site is optimized with the Yoast SEO plugin v27.3 - https:\/\/yoast.com\/product\/yoast-seo-wordpress\/ -->\n<title>Cuissard v\u00e9lo cargo OUTTER DRAK<\/title>\n<meta name=\"description\" content=\"Le cuissard cargo CARGO OUTTER DRAK est con\u00e7u pour les cyclistes recherchant polyvalence, confort et performance, id\u00e9al pour le cyclisme sur route, gravel et bikepacking. Ce cuissard v\u00e9lo cargo dispose de 4 poches en mesh \u20142 sur les c\u00f4t\u00e9s et 2 au niveau lombaire\u2014 parfaites pour transporter vos essentiels lors de longues sorties sans g\u00eaner les mouvements. La peau de chamois 2 densit\u00e9s, 120 g\/m\u00b2, offre un ajustement premium et doux au niveau pelvien, garantissant confort et protection m\u00eame lors de sorties prolong\u00e9es. Les bretelles en polypropyl\u00e8ne et le dos perfor\u00e9 am\u00e9liorent la ventilation et facilitent l\u2019\u00e9vacuation de la transpiration, gardant la peau s\u00e8che. Les jambes pr\u00e9sentent une large bande et une finition laser avec grip int\u00e9rieur, garantissant un maintien pr\u00e9cis et stable. Les coutures plates r\u00e9sistantes augmentent la durabilit\u00e9 tout en conservant le confort. Le d\u00e9tail r\u00e9fl\u00e9chissant augmente la visibilit\u00e9 sur la route ou les sentiers par faible luminosit\u00e9, apportant une s\u00e9curit\u00e9 suppl\u00e9mentaire. Le cuissard cargo CARGO OUTTER DRAK est id\u00e9al pour les cyclistes recherchant cuissards polyvalents, durables et confortables, parfait pour gravel, bikepacking et cyclisme sur route, alliant performance technique, fonctionnalit\u00e9 et confort sur de longues distances.\" \/>\n<meta name=\"robots\" content=\"index, follow, max-snippet:-1, max-image-preview:large, max-video-preview:-1\" \/>\n<link rel=\"canonical\" href=\"https:\/\/www.inverseteams.com\/fr\/produit\/cuissard-velo-cargo-drak\/\" \/>\n<meta property=\"og:locale\" content=\"fr_FR\" \/>\n<meta property=\"og:type\" content=\"article\" \/>\n<meta property=\"og:title\" content=\"Cuissard v\u00e9lo cargo OUTTER DRAK\" \/>\n<meta property=\"og:description\" content=\"Le cuissard cargo CARGO OUTTER DRAK est con\u00e7u pour les cyclistes recherchant polyvalence, confort et performance, id\u00e9al pour le cyclisme sur route, gravel et bikepacking. Ce cuissard v\u00e9lo cargo dispose de 4 poches en mesh \u20142 sur les c\u00f4t\u00e9s et 2 au niveau lombaire\u2014 parfaites pour transporter vos essentiels lors de longues sorties sans g\u00eaner les mouvements. La peau de chamois 2 densit\u00e9s, 120 g\/m\u00b2, offre un ajustement premium et doux au niveau pelvien, garantissant confort et protection m\u00eame lors de sorties prolong\u00e9es. Les bretelles en polypropyl\u00e8ne et le dos perfor\u00e9 am\u00e9liorent la ventilation et facilitent l\u2019\u00e9vacuation de la transpiration, gardant la peau s\u00e8che. Les jambes pr\u00e9sentent une large bande et une finition laser avec grip int\u00e9rieur, garantissant un maintien pr\u00e9cis et stable. Les coutures plates r\u00e9sistantes augmentent la durabilit\u00e9 tout en conservant le confort. Le d\u00e9tail r\u00e9fl\u00e9chissant augmente la visibilit\u00e9 sur la route ou les sentiers par faible luminosit\u00e9, apportant une s\u00e9curit\u00e9 suppl\u00e9mentaire. Le cuissard cargo CARGO OUTTER DRAK est id\u00e9al pour les cyclistes recherchant cuissards polyvalents, durables et confortables, parfait pour gravel, bikepacking et cyclisme sur route, alliant performance technique, fonctionnalit\u00e9 et confort sur de longues distances.\" \/>\n<meta property=\"og:url\" content=\"https:\/\/www.inverseteams.com\/fr\/produit\/cuissard-velo-cargo-drak\/\" \/>\n<meta property=\"og:site_name\" content=\"Inverseteams\" \/>\n<meta property=\"article:publisher\" content=\"https:\/\/www.facebook.com\/inverseteams\" \/>\n<meta property=\"article:modified_time\" content=\"2026-03-15T10:06:35+00:00\" \/>\n<meta property=\"og:image\" content=\"https:\/\/www.inverseteams.com\/wp-content\/uploads\/INVERSE-CICLISMO-HOMBRE-CULOTTE-OUTTER-DRAK-BLACK-001.jpg\" \/>\n\t<meta property=\"og:image:width\" content=\"1500\" \/>\n\t<meta property=\"og:image:height\" content=\"1612\" \/>\n\t<meta property=\"og:image:type\" content=\"image\/jpeg\" \/>\n<meta name=\"twitter:card\" content=\"summary_large_image\" \/>\n<meta name=\"twitter:label1\" content=\"Dur\u00e9e de lecture estim\u00e9e\" \/>\n\t<meta name=\"twitter:data1\" content=\"2 minutes\" \/>\n<script type=\"application\/ld+json\" class=\"yoast-schema-graph\">{\"@context\":\"https:\\\/\\\/schema.org\",\"@graph\":[{\"@type\":\"WebPage\",\"@id\":\"https:\\\/\\\/www.inverseteams.com\\\/fr\\\/produit\\\/cuissard-velo-cargo-drak\\\/\",\"url\":\"https:\\\/\\\/www.inverseteams.com\\\/fr\\\/produit\\\/cuissard-velo-cargo-drak\\\/\",\"name\":\"Cuissard v\u00e9lo cargo OUTTER DRAK\",\"isPartOf\":{\"@id\":\"https:\\\/\\\/www.inverseteams.com\\\/fr\\\/#website\"},\"primaryImageOfPage\":{\"@id\":\"https:\\\/\\\/www.inverseteams.com\\\/fr\\\/produit\\\/cuissard-velo-cargo-drak\\\/#primaryimage\"},\"image\":{\"@id\":\"https:\\\/\\\/www.inverseteams.com\\\/fr\\\/produit\\\/cuissard-velo-cargo-drak\\\/#primaryimage\"},\"thumbnailUrl\":\"https:\\\/\\\/www.inverseteams.com\\\/wp-content\\\/uploads\\\/INVERSE-CICLISMO-HOMBRE-CULOTTE-OUTTER-DRAK-BLACK-001.jpg\",\"datePublished\":\"2022-09-26T13:04:31+00:00\",\"dateModified\":\"2026-03-15T10:06:35+00:00\",\"description\":\"Le cuissard cargo CARGO OUTTER DRAK est con\u00e7u pour les cyclistes recherchant polyvalence, confort et performance, id\u00e9al pour le cyclisme sur route, gravel et bikepacking. Ce cuissard v\u00e9lo cargo dispose de 4 poches en mesh \u20142 sur les c\u00f4t\u00e9s et 2 au niveau lombaire\u2014 parfaites pour transporter vos essentiels lors de longues sorties sans g\u00eaner les mouvements. La peau de chamois 2 densit\u00e9s, 120 g\\\/m\u00b2, offre un ajustement premium et doux au niveau pelvien, garantissant confort et protection m\u00eame lors de sorties prolong\u00e9es. Les bretelles en polypropyl\u00e8ne et le dos perfor\u00e9 am\u00e9liorent la ventilation et facilitent l\u2019\u00e9vacuation de la transpiration, gardant la peau s\u00e8che. Les jambes pr\u00e9sentent une large bande et une finition laser avec grip int\u00e9rieur, garantissant un maintien pr\u00e9cis et stable. Les coutures plates r\u00e9sistantes augmentent la durabilit\u00e9 tout en conservant le confort. Le d\u00e9tail r\u00e9fl\u00e9chissant augmente la visibilit\u00e9 sur la route ou les sentiers par faible luminosit\u00e9, apportant une s\u00e9curit\u00e9 suppl\u00e9mentaire. Le cuissard cargo CARGO OUTTER DRAK est id\u00e9al pour les cyclistes recherchant cuissards polyvalents, durables et confortables, parfait pour gravel, bikepacking et cyclisme sur route, alliant performance technique, fonctionnalit\u00e9 et confort sur de longues distances.\",\"breadcrumb\":{\"@id\":\"https:\\\/\\\/www.inverseteams.com\\\/fr\\\/produit\\\/cuissard-velo-cargo-drak\\\/#breadcrumb\"},\"inLanguage\":\"fr-FR\",\"potentialAction\":[{\"@type\":\"ReadAction\",\"target\":[\"https:\\\/\\\/www.inverseteams.com\\\/fr\\\/produit\\\/cuissard-velo-cargo-drak\\\/\"]}]},{\"@type\":\"ImageObject\",\"inLanguage\":\"fr-FR\",\"@id\":\"https:\\\/\\\/www.inverseteams.com\\\/fr\\\/produit\\\/cuissard-velo-cargo-drak\\\/#primaryimage\",\"url\":\"https:\\\/\\\/www.inverseteams.com\\\/wp-content\\\/uploads\\\/INVERSE-CICLISMO-HOMBRE-CULOTTE-OUTTER-DRAK-BLACK-001.jpg\",\"contentUrl\":\"https:\\\/\\\/www.inverseteams.com\\\/wp-content\\\/uploads\\\/INVERSE-CICLISMO-HOMBRE-CULOTTE-OUTTER-DRAK-BLACK-001.jpg\",\"width\":1500,\"height\":1612},{\"@type\":\"BreadcrumbList\",\"@id\":\"https:\\\/\\\/www.inverseteams.com\\\/fr\\\/produit\\\/cuissard-velo-cargo-drak\\\/#breadcrumb\",\"itemListElement\":[{\"@type\":\"ListItem\",\"position\":1,\"name\":\"Portada\",\"item\":\"https:\\\/\\\/www.inverseteams.com\\\/fr\\\/pagina-principal\\\/\"},{\"@type\":\"ListItem\",\"position\":2,\"name\":\"Panier\",\"item\":\"https:\\\/\\\/www.inverseteams.com\\\/fr\\\/panier\\\/\"},{\"@type\":\"ListItem\",\"position\":3,\"name\":\"Cuissard v\u00e9lo cargo OUTTER DRAK\"}]},{\"@type\":\"WebSite\",\"@id\":\"https:\\\/\\\/www.inverseteams.com\\\/fr\\\/#website\",\"url\":\"https:\\\/\\\/www.inverseteams.com\\\/fr\\\/\",\"name\":\"Inverseteams\",\"description\":\"Tu marca de ropa deportiva personalizada\",\"publisher\":{\"@id\":\"https:\\\/\\\/www.inverseteams.com\\\/fr\\\/#organization\"},\"potentialAction\":[{\"@type\":\"SearchAction\",\"target\":{\"@type\":\"EntryPoint\",\"urlTemplate\":\"https:\\\/\\\/www.inverseteams.com\\\/fr\\\/?s={search_term_string}\"},\"query-input\":{\"@type\":\"PropertyValueSpecification\",\"valueRequired\":true,\"valueName\":\"search_term_string\"}}],\"inLanguage\":\"fr-FR\"},{\"@type\":\"Organization\",\"@id\":\"https:\\\/\\\/www.inverseteams.com\\\/fr\\\/#organization\",\"name\":\"Inverse Teams\",\"url\":\"https:\\\/\\\/www.inverseteams.com\\\/fr\\\/\",\"logo\":{\"@type\":\"ImageObject\",\"inLanguage\":\"fr-FR\",\"@id\":\"https:\\\/\\\/www.inverseteams.com\\\/fr\\\/#\\\/schema\\\/logo\\\/image\\\/\",\"url\":\"http:\\\/\\\/www.inverseteams.com\\\/wp-content\\\/uploads\\\/2021\\\/03\\\/logo-inverse-teams.png\",\"contentUrl\":\"http:\\\/\\\/www.inverseteams.com\\\/wp-content\\\/uploads\\\/2021\\\/03\\\/logo-inverse-teams.png\",\"width\":294,\"height\":99,\"caption\":\"Inverse Teams\"},\"image\":{\"@id\":\"https:\\\/\\\/www.inverseteams.com\\\/fr\\\/#\\\/schema\\\/logo\\\/image\\\/\"},\"sameAs\":[\"https:\\\/\\\/www.facebook.com\\\/inverseteams\",\"http:\\\/\\\/instagram.com\\\/inverseteams\",\"https:\\\/\\\/www.linkedin.com\\\/company\\\/inverse-cirosport-s-l-?trk=job_view_topcard_company_name\",\"http:\\\/\\\/www.pinterest.com\\\/inverseteams\\\/\",\"http:\\\/\\\/www.youtube.com\\\/user\\\/inverseteams?feature=watch\"]}]}<\/script>\n<!-- \/ Yoast SEO plugin. -->","yoast_head_json":{"title":"Cuissard v\u00e9lo cargo OUTTER DRAK","description":"Le cuissard cargo CARGO OUTTER DRAK est con\u00e7u pour les cyclistes recherchant polyvalence, confort et performance, id\u00e9al pour le cyclisme sur route, gravel et bikepacking. Ce cuissard v\u00e9lo cargo dispose de 4 poches en mesh \u20142 sur les c\u00f4t\u00e9s et 2 au niveau lombaire\u2014 parfaites pour transporter vos essentiels lors de longues sorties sans g\u00eaner les mouvements. La peau de chamois 2 densit\u00e9s, 120 g\/m\u00b2, offre un ajustement premium et doux au niveau pelvien, garantissant confort et protection m\u00eame lors de sorties prolong\u00e9es. Les bretelles en polypropyl\u00e8ne et le dos perfor\u00e9 am\u00e9liorent la ventilation et facilitent l\u2019\u00e9vacuation de la transpiration, gardant la peau s\u00e8che. Les jambes pr\u00e9sentent une large bande et une finition laser avec grip int\u00e9rieur, garantissant un maintien pr\u00e9cis et stable. Les coutures plates r\u00e9sistantes augmentent la durabilit\u00e9 tout en conservant le confort. Le d\u00e9tail r\u00e9fl\u00e9chissant augmente la visibilit\u00e9 sur la route ou les sentiers par faible luminosit\u00e9, apportant une s\u00e9curit\u00e9 suppl\u00e9mentaire. Le cuissard cargo CARGO OUTTER DRAK est id\u00e9al pour les cyclistes recherchant cuissards polyvalents, durables et confortables, parfait pour gravel, bikepacking et cyclisme sur route, alliant performance technique, fonctionnalit\u00e9 et confort sur de longues distances.","robots":{"index":"index","follow":"follow","max-snippet":"max-snippet:-1","max-image-preview":"max-image-preview:large","max-video-preview":"max-video-preview:-1"},"canonical":"https:\/\/www.inverseteams.com\/fr\/produit\/cuissard-velo-cargo-drak\/","og_locale":"fr_FR","og_type":"article","og_title":"Cuissard v\u00e9lo cargo OUTTER DRAK","og_description":"Le cuissard cargo CARGO OUTTER DRAK est con\u00e7u pour les cyclistes recherchant polyvalence, confort et performance, id\u00e9al pour le cyclisme sur route, gravel et bikepacking. Ce cuissard v\u00e9lo cargo dispose de 4 poches en mesh \u20142 sur les c\u00f4t\u00e9s et 2 au niveau lombaire\u2014 parfaites pour transporter vos essentiels lors de longues sorties sans g\u00eaner les mouvements. La peau de chamois 2 densit\u00e9s, 120 g\/m\u00b2, offre un ajustement premium et doux au niveau pelvien, garantissant confort et protection m\u00eame lors de sorties prolong\u00e9es. Les bretelles en polypropyl\u00e8ne et le dos perfor\u00e9 am\u00e9liorent la ventilation et facilitent l\u2019\u00e9vacuation de la transpiration, gardant la peau s\u00e8che. Les jambes pr\u00e9sentent une large bande et une finition laser avec grip int\u00e9rieur, garantissant un maintien pr\u00e9cis et stable. Les coutures plates r\u00e9sistantes augmentent la durabilit\u00e9 tout en conservant le confort. Le d\u00e9tail r\u00e9fl\u00e9chissant augmente la visibilit\u00e9 sur la route ou les sentiers par faible luminosit\u00e9, apportant une s\u00e9curit\u00e9 suppl\u00e9mentaire. Le cuissard cargo CARGO OUTTER DRAK est id\u00e9al pour les cyclistes recherchant cuissards polyvalents, durables et confortables, parfait pour gravel, bikepacking et cyclisme sur route, alliant performance technique, fonctionnalit\u00e9 et confort sur de longues distances.","og_url":"https:\/\/www.inverseteams.com\/fr\/produit\/cuissard-velo-cargo-drak\/","og_site_name":"Inverseteams","article_publisher":"https:\/\/www.facebook.com\/inverseteams","article_modified_time":"2026-03-15T10:06:35+00:00","og_image":[{"width":1500,"height":1612,"url":"https:\/\/www.inverseteams.com\/wp-content\/uploads\/INVERSE-CICLISMO-HOMBRE-CULOTTE-OUTTER-DRAK-BLACK-001.jpg","type":"image\/jpeg"}],"twitter_card":"summary_large_image","twitter_misc":{"Dur\u00e9e de lecture estim\u00e9e":"2 minutes"},"schema":{"@context":"https:\/\/schema.org","@graph":[{"@type":"WebPage","@id":"https:\/\/www.inverseteams.com\/fr\/produit\/cuissard-velo-cargo-drak\/","url":"https:\/\/www.inverseteams.com\/fr\/produit\/cuissard-velo-cargo-drak\/","name":"Cuissard v\u00e9lo cargo OUTTER DRAK","isPartOf":{"@id":"https:\/\/www.inverseteams.com\/fr\/#website"},"primaryImageOfPage":{"@id":"https:\/\/www.inverseteams.com\/fr\/produit\/cuissard-velo-cargo-drak\/#primaryimage"},"image":{"@id":"https:\/\/www.inverseteams.com\/fr\/produit\/cuissard-velo-cargo-drak\/#primaryimage"},"thumbnailUrl":"https:\/\/www.inverseteams.com\/wp-content\/uploads\/INVERSE-CICLISMO-HOMBRE-CULOTTE-OUTTER-DRAK-BLACK-001.jpg","datePublished":"2022-09-26T13:04:31+00:00","dateModified":"2026-03-15T10:06:35+00:00","description":"Le cuissard cargo CARGO OUTTER DRAK est con\u00e7u pour les cyclistes recherchant polyvalence, confort et performance, id\u00e9al pour le cyclisme sur route, gravel et bikepacking. Ce cuissard v\u00e9lo cargo dispose de 4 poches en mesh \u20142 sur les c\u00f4t\u00e9s et 2 au niveau lombaire\u2014 parfaites pour transporter vos essentiels lors de longues sorties sans g\u00eaner les mouvements. La peau de chamois 2 densit\u00e9s, 120 g\/m\u00b2, offre un ajustement premium et doux au niveau pelvien, garantissant confort et protection m\u00eame lors de sorties prolong\u00e9es. Les bretelles en polypropyl\u00e8ne et le dos perfor\u00e9 am\u00e9liorent la ventilation et facilitent l\u2019\u00e9vacuation de la transpiration, gardant la peau s\u00e8che. Les jambes pr\u00e9sentent une large bande et une finition laser avec grip int\u00e9rieur, garantissant un maintien pr\u00e9cis et stable. Les coutures plates r\u00e9sistantes augmentent la durabilit\u00e9 tout en conservant le confort. Le d\u00e9tail r\u00e9fl\u00e9chissant augmente la visibilit\u00e9 sur la route ou les sentiers par faible luminosit\u00e9, apportant une s\u00e9curit\u00e9 suppl\u00e9mentaire. Le cuissard cargo CARGO OUTTER DRAK est id\u00e9al pour les cyclistes recherchant cuissards polyvalents, durables et confortables, parfait pour gravel, bikepacking et cyclisme sur route, alliant performance technique, fonctionnalit\u00e9 et confort sur de longues distances.","breadcrumb":{"@id":"https:\/\/www.inverseteams.com\/fr\/produit\/cuissard-velo-cargo-drak\/#breadcrumb"},"inLanguage":"fr-FR","potentialAction":[{"@type":"ReadAction","target":["https:\/\/www.inverseteams.com\/fr\/produit\/cuissard-velo-cargo-drak\/"]}]},{"@type":"ImageObject","inLanguage":"fr-FR","@id":"https:\/\/www.inverseteams.com\/fr\/produit\/cuissard-velo-cargo-drak\/#primaryimage","url":"https:\/\/www.inverseteams.com\/wp-content\/uploads\/INVERSE-CICLISMO-HOMBRE-CULOTTE-OUTTER-DRAK-BLACK-001.jpg","contentUrl":"https:\/\/www.inverseteams.com\/wp-content\/uploads\/INVERSE-CICLISMO-HOMBRE-CULOTTE-OUTTER-DRAK-BLACK-001.jpg","width":1500,"height":1612},{"@type":"BreadcrumbList","@id":"https:\/\/www.inverseteams.com\/fr\/produit\/cuissard-velo-cargo-drak\/#breadcrumb","itemListElement":[{"@type":"ListItem","position":1,"name":"Portada","item":"https:\/\/www.inverseteams.com\/fr\/pagina-principal\/"},{"@type":"ListItem","position":2,"name":"Panier","item":"https:\/\/www.inverseteams.com\/fr\/panier\/"},{"@type":"ListItem","position":3,"name":"Cuissard v\u00e9lo cargo OUTTER DRAK"}]},{"@type":"WebSite","@id":"https:\/\/www.inverseteams.com\/fr\/#website","url":"https:\/\/www.inverseteams.com\/fr\/","name":"Inverseteams","description":"Tu marca de ropa deportiva personalizada","publisher":{"@id":"https:\/\/www.inverseteams.com\/fr\/#organization"},"potentialAction":[{"@type":"SearchAction","target":{"@type":"EntryPoint","urlTemplate":"https:\/\/www.inverseteams.com\/fr\/?s={search_term_string}"},"query-input":{"@type":"PropertyValueSpecification","valueRequired":true,"valueName":"search_term_string"}}],"inLanguage":"fr-FR"},{"@type":"Organization","@id":"https:\/\/www.inverseteams.com\/fr\/#organization","name":"Inverse Teams","url":"https:\/\/www.inverseteams.com\/fr\/","logo":{"@type":"ImageObject","inLanguage":"fr-FR","@id":"https:\/\/www.inverseteams.com\/fr\/#\/schema\/logo\/image\/","url":"https:\/\/www.inverseteams.com\/wp-content\/uploads\/2021\/03\/logo-inverse-teams.png","contentUrl":"https:\/\/www.inverseteams.com\/wp-content\/uploads\/2021\/03\/logo-inverse-teams.png","width":294,"height":99,"caption":"Inverse Teams"},"image":{"@id":"https:\/\/www.inverseteams.com\/fr\/#\/schema\/logo\/image\/"},"sameAs":["https:\/\/www.facebook.com\/inverseteams","http:\/\/instagram.com\/inverseteams","https:\/\/www.linkedin.com\/company\/inverse-cirosport-s-l-?trk=job_view_topcard_company_name","http:\/\/www.pinterest.com\/inverseteams\/","http:\/\/www.youtube.com\/user\/inverseteams?feature=watch"]}]}},"_links":{"self":[{"href":"https:\/\/www.inverseteams.com\/fr\/wp-json\/wp\/v2\/product\/96273","targetHints":{"allow":["GET"]}}],"collection":[{"href":"https:\/\/www.inverseteams.com\/fr\/wp-json\/wp\/v2\/product"}],"about":[{"href":"https:\/\/www.inverseteams.com\/fr\/wp-json\/wp\/v2\/types\/product"}],"replies":[{"embeddable":true,"href":"https:\/\/www.inverseteams.com\/fr\/wp-json\/wp\/v2\/comments?post=96273"}],"wp:featuredmedia":[{"embeddable":true,"href":"https:\/\/www.inverseteams.com\/fr\/wp-json\/wp\/v2\/media\/280202"}],"wp:attachment":[{"href":"https:\/\/www.inverseteams.com\/fr\/wp-json\/wp\/v2\/media?parent=96273"}],"wp:term":[{"taxonomy":"product_brand","embeddable":true,"href":"https:\/\/www.inverseteams.com\/fr\/wp-json\/wp\/v2\/product_brand?post=96273"},{"taxonomy":"product_cat","embeddable":true,"href":"https:\/\/www.inverseteams.com\/fr\/wp-json\/wp\/v2\/product_cat?post=96273"},{"taxonomy":"product_tag","embeddable":true,"href":"https:\/\/www.inverseteams.com\/fr\/wp-json\/wp\/v2\/product_tag?post=96273"},{"taxonomy":"custom_category","embeddable":true,"href":"https:\/\/www.inverseteams.com\/fr\/wp-json\/wp\/v2\/custom_category?post=96273"},{"taxonomy":"range","embeddable":true,"href":"https:\/\/www.inverseteams.com\/fr\/wp-json\/wp\/v2\/range?post=96273"}],"curies":[{"name":"wp","href":"https:\/\/api.w.org\/{rel}","templated":true}]}}