{"id":96271,"date":"2022-09-26T13:03:29","date_gmt":"2022-09-26T13:03:29","guid":{"rendered":"https:\/\/www.inverseteams.com\/?post_type=product&#038;p=96271"},"modified":"2024-06-04T00:02:14","modified_gmt":"2024-06-04T00:02:14","slug":"maillot-cycliste-pure-fierce-hombre","status":"publish","type":"product","link":"https:\/\/www.inverseteams.com\/fr\/produit\/maillot-cycliste-pure-fierce-hombre\/","title":{"rendered":"Maillot cycliste PURE FIERCE (HOMME)"},"content":{"rendered":"<p>Le maillot de cyclisme parfait pour l&rsquo;\u00e9t\u00e9. Les c\u00f4t\u00e9s et la partie inf\u00e9rieure des manches sont en tissu mesh LUSH. Cela expulsera rapidement la sueur et votre peau sera fra\u00eeche et s\u00e8che. Le dos est en tissu NAK, qui est \u00e9galement tr\u00e8s respirant, mais sa structure est moins ouverte pour vous prot\u00e9ger des rayons du soleil.<br \/>\nLes 3 tissus qui composent le maillot cycliste se distinguent par leur l\u00e9g\u00e8ret\u00e9 et leur \u00e9lasticit\u00e9. Ils s&rsquo;adaptent tr\u00e8s bien au corps et \u00e0 toutes les positions et mouvements. Son toucher doux et agr\u00e9able vous enchantera. Vous sentirez le maillot comme s&rsquo;il s&rsquo;agissait d&rsquo;une seconde peau.<br \/>\nSon col ergonomique s&rsquo;adapte parfaitement et emp\u00eache l&rsquo;air d&rsquo;entrer. Il a une fermeture \u00e9clair int\u00e9grale avec le syst\u00e8me anti-pull. A la taille, pour que le maillot v\u00e9lo soit pr\u00e8s du corps, il poss\u00e8de une bande \u00e9lastique avec un grip en silicone \u00e0 l&rsquo;int\u00e9rieur.<br \/>\nDans la zone lombaire, il int\u00e8gre 3 poches ouvertes. Il poss\u00e8de \u00e9galement 1 poche lat\u00e9rale zipp\u00e9e. Celui-ci est imperm\u00e9able pour que la sueur n&rsquo;ab\u00eeme pas ce que vous gardez dedans.<br \/>\nPour augmenter votre s\u00e9curit\u00e9 sur la route, il dispose d&rsquo;\u00e9l\u00e9ments r\u00e9fl\u00e9chissants au-dessus des poches.<\/p>\n","protected":false},"excerpt":{"rendered":"<p>Le maillot de cyclisme parfait pour l&rsquo;\u00e9t\u00e9. Les c\u00f4t\u00e9s et la partie inf\u00e9rieure des manches sont en tissu mesh LUSH. Cela expulsera rapidement la sueur et votre peau sera fra\u00eeche et s\u00e8che. Le dos est en tissu NAK, qui est \u00e9galement tr\u00e8s respirant, mais sa structure est moins ouverte pour vous prot\u00e9ger des rayons du soleil.<br \/>\nLes 3 tissus qui composent le maillot cycliste se distinguent par leur l\u00e9g\u00e8ret\u00e9 et leur \u00e9lasticit\u00e9. Ils s&rsquo;adaptent tr\u00e8s bien au corps et \u00e0 toutes les positions et mouvements. Son toucher doux et agr\u00e9able vous enchantera. Vous sentirez le maillot comme s&rsquo;il s&rsquo;agissait d&rsquo;une seconde peau.<br \/>\nSon col ergonomique s&rsquo;adapte parfaitement et emp\u00eache l&rsquo;air d&rsquo;entrer. Il a une fermeture \u00e9clair int\u00e9grale avec le syst\u00e8me anti-pull. A la taille, pour que le maillot v\u00e9lo soit pr\u00e8s du corps, il poss\u00e8de une bande \u00e9lastique avec un grip en silicone \u00e0 l&rsquo;int\u00e9rieur.<br \/>\nDans la zone lombaire, il int\u00e8gre 3 poches ouvertes. Il poss\u00e8de \u00e9galement 1 poche lat\u00e9rale zipp\u00e9e. Celui-ci est imperm\u00e9able pour que la sueur n&rsquo;ab\u00eeme pas ce que vous gardez dedans.<br \/>\nPour augmenter votre s\u00e9curit\u00e9 sur la route, il dispose d&rsquo;\u00e9l\u00e9ments r\u00e9fl\u00e9chissants au-dessus des poches.<\/p>\n","protected":false},"featured_media":121776,"comment_status":"closed","ping_status":"closed","template":"","meta":{"_acf_changed":false},"product_brand":[],"product_cat":[3240,7177],"product_tag":[],"custom_category":[],"range":[],"class_list":{"0":"post-96271","1":"product","2":"type-product","3":"status-publish","4":"has-post-thumbnail","6":"product_cat-maillot-cycliste","7":"product_cat-b2b-fr","8":"pa_climatologia-chaud","9":"pa_deporte-cyclisme","10":"pa_genero-homme","11":"pa_patronaje-fit-fr","12":"pa_talla-l-fr","13":"pa_talla-m-fr","14":"pa_talla-s-fr","15":"pa_talla-xl-fr","16":"pa_talla-xxl-fr","17":"pa_tipo-de-prenda-maillot-manche-courte","19":"first","20":"outofstock","21":"taxable","22":"shipping-taxable","23":"purchasable","24":"product-type-variable","25":"has-default-attributes"},"acf":[],"yoast_head":"<!-- This site is optimized with the Yoast SEO plugin v27.3 - https:\/\/yoast.com\/product\/yoast-seo-wordpress\/ -->\n<title>Maillot cycliste mi-saison PURE FIERCE (HOMBRE)<\/title>\n<meta name=\"description\" content=\"Le maillot de cyclisme parfait pour l&#039;\u00e9t\u00e9. Les c\u00f4t\u00e9s et la partie inf\u00e9rieure des manches sont en tissu mesh LUSH. Cela expulsera rapidement la sueur et votre peau sera fra\u00eeche et s\u00e8che. Le dos est en tissu NAK, qui est \u00e9galement tr\u00e8s respirant, mais sa structure est moins ouverte pour vous prot\u00e9ger des rayons du soleil. Les 3 tissus qui composent le maillot cycliste se distinguent par leur l\u00e9g\u00e8ret\u00e9 et leur \u00e9lasticit\u00e9. Ils s&#039;adaptent tr\u00e8s bien au corps et \u00e0 toutes les positions et mouvements. Son toucher doux et agr\u00e9able vous enchantera. Vous sentirez le maillot comme s&#039;il s&#039;agissait d&#039;une seconde peau. Son col ergonomique s&#039;adapte parfaitement et emp\u00eache l&#039;air d&#039;entrer. Il a une fermeture \u00e9clair int\u00e9grale avec le syst\u00e8me anti-pull. A la taille, pour que le maillot v\u00e9lo soit pr\u00e8s du corps, il poss\u00e8de une bande \u00e9lastique avec un grip en silicone \u00e0 l&#039;int\u00e9rieur. Dans la zone lombaire, il int\u00e8gre 3 poches ouvertes. Il poss\u00e8de \u00e9galement 1 poche lat\u00e9rale zipp\u00e9e. Celui-ci est imperm\u00e9able pour que la sueur n&#039;ab\u00eeme pas ce que vous gardez dedans. Pour augmenter votre s\u00e9curit\u00e9 sur la route, il dispose d&#039;\u00e9l\u00e9ments r\u00e9fl\u00e9chissants au-dessus des poches.\" \/>\n<meta name=\"robots\" content=\"index, follow, max-snippet:-1, max-image-preview:large, max-video-preview:-1\" \/>\n<link rel=\"canonical\" href=\"https:\/\/www.inverseteams.com\/fr\/produit\/maillot-cycliste-pure-fierce-hombre\/\" \/>\n<meta property=\"og:locale\" content=\"fr_FR\" \/>\n<meta property=\"og:type\" content=\"article\" \/>\n<meta property=\"og:title\" content=\"Maillot cycliste mi-saison PURE FIERCE (HOMBRE)\" \/>\n<meta property=\"og:description\" content=\"Le maillot de cyclisme parfait pour l&#039;\u00e9t\u00e9. Les c\u00f4t\u00e9s et la partie inf\u00e9rieure des manches sont en tissu mesh LUSH. Cela expulsera rapidement la sueur et votre peau sera fra\u00eeche et s\u00e8che. Le dos est en tissu NAK, qui est \u00e9galement tr\u00e8s respirant, mais sa structure est moins ouverte pour vous prot\u00e9ger des rayons du soleil. Les 3 tissus qui composent le maillot cycliste se distinguent par leur l\u00e9g\u00e8ret\u00e9 et leur \u00e9lasticit\u00e9. Ils s&#039;adaptent tr\u00e8s bien au corps et \u00e0 toutes les positions et mouvements. Son toucher doux et agr\u00e9able vous enchantera. Vous sentirez le maillot comme s&#039;il s&#039;agissait d&#039;une seconde peau. Son col ergonomique s&#039;adapte parfaitement et emp\u00eache l&#039;air d&#039;entrer. Il a une fermeture \u00e9clair int\u00e9grale avec le syst\u00e8me anti-pull. A la taille, pour que le maillot v\u00e9lo soit pr\u00e8s du corps, il poss\u00e8de une bande \u00e9lastique avec un grip en silicone \u00e0 l&#039;int\u00e9rieur. Dans la zone lombaire, il int\u00e8gre 3 poches ouvertes. Il poss\u00e8de \u00e9galement 1 poche lat\u00e9rale zipp\u00e9e. Celui-ci est imperm\u00e9able pour que la sueur n&#039;ab\u00eeme pas ce que vous gardez dedans. Pour augmenter votre s\u00e9curit\u00e9 sur la route, il dispose d&#039;\u00e9l\u00e9ments r\u00e9fl\u00e9chissants au-dessus des poches.\" \/>\n<meta property=\"og:url\" content=\"https:\/\/www.inverseteams.com\/fr\/produit\/maillot-cycliste-pure-fierce-hombre\/\" \/>\n<meta property=\"og:site_name\" content=\"Inverseteams\" \/>\n<meta property=\"article:publisher\" content=\"https:\/\/www.facebook.com\/inverseteams\" \/>\n<meta property=\"article:modified_time\" content=\"2024-06-04T00:02:14+00:00\" \/>\n<meta property=\"og:image\" content=\"https:\/\/www.inverseteams.com\/wp-content\/uploads\/MAILLOT-CICLISMO-VERANO-HOMBRE-PURE-FIERCE-1.jpg\" \/>\n\t<meta property=\"og:image:width\" content=\"3000\" \/>\n\t<meta property=\"og:image:height\" content=\"3223\" \/>\n\t<meta property=\"og:image:type\" content=\"image\/jpeg\" \/>\n<meta name=\"twitter:card\" content=\"summary_large_image\" \/>\n<meta name=\"twitter:label1\" content=\"Dur\u00e9e de lecture estim\u00e9e\" \/>\n\t<meta name=\"twitter:data1\" content=\"1 minute\" \/>\n<script type=\"application\/ld+json\" class=\"yoast-schema-graph\">{\"@context\":\"https:\\\/\\\/schema.org\",\"@graph\":[{\"@type\":\"WebPage\",\"@id\":\"https:\\\/\\\/www.inverseteams.com\\\/fr\\\/produit\\\/maillot-cycliste-pure-fierce-hombre\\\/\",\"url\":\"https:\\\/\\\/www.inverseteams.com\\\/fr\\\/produit\\\/maillot-cycliste-pure-fierce-hombre\\\/\",\"name\":\"Maillot cycliste mi-saison PURE FIERCE (HOMBRE)\",\"isPartOf\":{\"@id\":\"https:\\\/\\\/www.inverseteams.com\\\/fr\\\/#website\"},\"primaryImageOfPage\":{\"@id\":\"https:\\\/\\\/www.inverseteams.com\\\/fr\\\/produit\\\/maillot-cycliste-pure-fierce-hombre\\\/#primaryimage\"},\"image\":{\"@id\":\"https:\\\/\\\/www.inverseteams.com\\\/fr\\\/produit\\\/maillot-cycliste-pure-fierce-hombre\\\/#primaryimage\"},\"thumbnailUrl\":\"https:\\\/\\\/www.inverseteams.com\\\/wp-content\\\/uploads\\\/MAILLOT-CICLISMO-VERANO-HOMBRE-PURE-FIERCE-1.jpg\",\"datePublished\":\"2022-09-26T13:03:29+00:00\",\"dateModified\":\"2024-06-04T00:02:14+00:00\",\"description\":\"Le maillot de cyclisme parfait pour l'\u00e9t\u00e9. Les c\u00f4t\u00e9s et la partie inf\u00e9rieure des manches sont en tissu mesh LUSH. Cela expulsera rapidement la sueur et votre peau sera fra\u00eeche et s\u00e8che. Le dos est en tissu NAK, qui est \u00e9galement tr\u00e8s respirant, mais sa structure est moins ouverte pour vous prot\u00e9ger des rayons du soleil. Les 3 tissus qui composent le maillot cycliste se distinguent par leur l\u00e9g\u00e8ret\u00e9 et leur \u00e9lasticit\u00e9. Ils s'adaptent tr\u00e8s bien au corps et \u00e0 toutes les positions et mouvements. Son toucher doux et agr\u00e9able vous enchantera. Vous sentirez le maillot comme s'il s'agissait d'une seconde peau. Son col ergonomique s'adapte parfaitement et emp\u00eache l'air d'entrer. Il a une fermeture \u00e9clair int\u00e9grale avec le syst\u00e8me anti-pull. A la taille, pour que le maillot v\u00e9lo soit pr\u00e8s du corps, il poss\u00e8de une bande \u00e9lastique avec un grip en silicone \u00e0 l'int\u00e9rieur. Dans la zone lombaire, il int\u00e8gre 3 poches ouvertes. Il poss\u00e8de \u00e9galement 1 poche lat\u00e9rale zipp\u00e9e. Celui-ci est imperm\u00e9able pour que la sueur n'ab\u00eeme pas ce que vous gardez dedans. Pour augmenter votre s\u00e9curit\u00e9 sur la route, il dispose d'\u00e9l\u00e9ments r\u00e9fl\u00e9chissants au-dessus des poches.\",\"breadcrumb\":{\"@id\":\"https:\\\/\\\/www.inverseteams.com\\\/fr\\\/produit\\\/maillot-cycliste-pure-fierce-hombre\\\/#breadcrumb\"},\"inLanguage\":\"fr-FR\",\"potentialAction\":[{\"@type\":\"ReadAction\",\"target\":[\"https:\\\/\\\/www.inverseteams.com\\\/fr\\\/produit\\\/maillot-cycliste-pure-fierce-hombre\\\/\"]}]},{\"@type\":\"ImageObject\",\"inLanguage\":\"fr-FR\",\"@id\":\"https:\\\/\\\/www.inverseteams.com\\\/fr\\\/produit\\\/maillot-cycliste-pure-fierce-hombre\\\/#primaryimage\",\"url\":\"https:\\\/\\\/www.inverseteams.com\\\/wp-content\\\/uploads\\\/MAILLOT-CICLISMO-VERANO-HOMBRE-PURE-FIERCE-1.jpg\",\"contentUrl\":\"https:\\\/\\\/www.inverseteams.com\\\/wp-content\\\/uploads\\\/MAILLOT-CICLISMO-VERANO-HOMBRE-PURE-FIERCE-1.jpg\",\"width\":3000,\"height\":3223,\"caption\":\"Maillot ciclista manga corta negro amarillo fluor\"},{\"@type\":\"BreadcrumbList\",\"@id\":\"https:\\\/\\\/www.inverseteams.com\\\/fr\\\/produit\\\/maillot-cycliste-pure-fierce-hombre\\\/#breadcrumb\",\"itemListElement\":[{\"@type\":\"ListItem\",\"position\":1,\"name\":\"Portada\",\"item\":\"https:\\\/\\\/www.inverseteams.com\\\/fr\\\/pagina-principal\\\/\"},{\"@type\":\"ListItem\",\"position\":2,\"name\":\"Panier\",\"item\":\"https:\\\/\\\/www.inverseteams.com\\\/fr\\\/panier\\\/\"},{\"@type\":\"ListItem\",\"position\":3,\"name\":\"Maillot cycliste PURE FIERCE (HOMME)\"}]},{\"@type\":\"WebSite\",\"@id\":\"https:\\\/\\\/www.inverseteams.com\\\/fr\\\/#website\",\"url\":\"https:\\\/\\\/www.inverseteams.com\\\/fr\\\/\",\"name\":\"Inverseteams\",\"description\":\"Tu marca de ropa deportiva personalizada\",\"publisher\":{\"@id\":\"https:\\\/\\\/www.inverseteams.com\\\/fr\\\/#organization\"},\"potentialAction\":[{\"@type\":\"SearchAction\",\"target\":{\"@type\":\"EntryPoint\",\"urlTemplate\":\"https:\\\/\\\/www.inverseteams.com\\\/fr\\\/?s={search_term_string}\"},\"query-input\":{\"@type\":\"PropertyValueSpecification\",\"valueRequired\":true,\"valueName\":\"search_term_string\"}}],\"inLanguage\":\"fr-FR\"},{\"@type\":\"Organization\",\"@id\":\"https:\\\/\\\/www.inverseteams.com\\\/fr\\\/#organization\",\"name\":\"Inverse Teams\",\"url\":\"https:\\\/\\\/www.inverseteams.com\\\/fr\\\/\",\"logo\":{\"@type\":\"ImageObject\",\"inLanguage\":\"fr-FR\",\"@id\":\"https:\\\/\\\/www.inverseteams.com\\\/fr\\\/#\\\/schema\\\/logo\\\/image\\\/\",\"url\":\"https:\\\/\\\/www.inverseteams.com\\\/wp-content\\\/uploads\\\/2021\\\/03\\\/logo-inverse-teams.png\",\"contentUrl\":\"https:\\\/\\\/www.inverseteams.com\\\/wp-content\\\/uploads\\\/2021\\\/03\\\/logo-inverse-teams.png\",\"width\":294,\"height\":99,\"caption\":\"Inverse Teams\"},\"image\":{\"@id\":\"https:\\\/\\\/www.inverseteams.com\\\/fr\\\/#\\\/schema\\\/logo\\\/image\\\/\"},\"sameAs\":[\"https:\\\/\\\/www.facebook.com\\\/inverseteams\",\"http:\\\/\\\/instagram.com\\\/inverseteams\",\"https:\\\/\\\/www.linkedin.com\\\/company\\\/inverse-cirosport-s-l-?trk=job_view_topcard_company_name\",\"http:\\\/\\\/www.pinterest.com\\\/inverseteams\\\/\",\"http:\\\/\\\/www.youtube.com\\\/user\\\/inverseteams?feature=watch\"]}]}<\/script>\n<!-- \/ Yoast SEO plugin. -->","yoast_head_json":{"title":"Maillot cycliste mi-saison PURE FIERCE (HOMBRE)","description":"Le maillot de cyclisme parfait pour l'\u00e9t\u00e9. Les c\u00f4t\u00e9s et la partie inf\u00e9rieure des manches sont en tissu mesh LUSH. Cela expulsera rapidement la sueur et votre peau sera fra\u00eeche et s\u00e8che. Le dos est en tissu NAK, qui est \u00e9galement tr\u00e8s respirant, mais sa structure est moins ouverte pour vous prot\u00e9ger des rayons du soleil. Les 3 tissus qui composent le maillot cycliste se distinguent par leur l\u00e9g\u00e8ret\u00e9 et leur \u00e9lasticit\u00e9. Ils s'adaptent tr\u00e8s bien au corps et \u00e0 toutes les positions et mouvements. Son toucher doux et agr\u00e9able vous enchantera. Vous sentirez le maillot comme s'il s'agissait d'une seconde peau. Son col ergonomique s'adapte parfaitement et emp\u00eache l'air d'entrer. Il a une fermeture \u00e9clair int\u00e9grale avec le syst\u00e8me anti-pull. A la taille, pour que le maillot v\u00e9lo soit pr\u00e8s du corps, il poss\u00e8de une bande \u00e9lastique avec un grip en silicone \u00e0 l'int\u00e9rieur. Dans la zone lombaire, il int\u00e8gre 3 poches ouvertes. Il poss\u00e8de \u00e9galement 1 poche lat\u00e9rale zipp\u00e9e. Celui-ci est imperm\u00e9able pour que la sueur n'ab\u00eeme pas ce que vous gardez dedans. Pour augmenter votre s\u00e9curit\u00e9 sur la route, il dispose d'\u00e9l\u00e9ments r\u00e9fl\u00e9chissants au-dessus des poches.","robots":{"index":"index","follow":"follow","max-snippet":"max-snippet:-1","max-image-preview":"max-image-preview:large","max-video-preview":"max-video-preview:-1"},"canonical":"https:\/\/www.inverseteams.com\/fr\/produit\/maillot-cycliste-pure-fierce-hombre\/","og_locale":"fr_FR","og_type":"article","og_title":"Maillot cycliste mi-saison PURE FIERCE (HOMBRE)","og_description":"Le maillot de cyclisme parfait pour l'\u00e9t\u00e9. Les c\u00f4t\u00e9s et la partie inf\u00e9rieure des manches sont en tissu mesh LUSH. Cela expulsera rapidement la sueur et votre peau sera fra\u00eeche et s\u00e8che. Le dos est en tissu NAK, qui est \u00e9galement tr\u00e8s respirant, mais sa structure est moins ouverte pour vous prot\u00e9ger des rayons du soleil. Les 3 tissus qui composent le maillot cycliste se distinguent par leur l\u00e9g\u00e8ret\u00e9 et leur \u00e9lasticit\u00e9. Ils s'adaptent tr\u00e8s bien au corps et \u00e0 toutes les positions et mouvements. Son toucher doux et agr\u00e9able vous enchantera. Vous sentirez le maillot comme s'il s'agissait d'une seconde peau. Son col ergonomique s'adapte parfaitement et emp\u00eache l'air d'entrer. Il a une fermeture \u00e9clair int\u00e9grale avec le syst\u00e8me anti-pull. A la taille, pour que le maillot v\u00e9lo soit pr\u00e8s du corps, il poss\u00e8de une bande \u00e9lastique avec un grip en silicone \u00e0 l'int\u00e9rieur. Dans la zone lombaire, il int\u00e8gre 3 poches ouvertes. Il poss\u00e8de \u00e9galement 1 poche lat\u00e9rale zipp\u00e9e. Celui-ci est imperm\u00e9able pour que la sueur n'ab\u00eeme pas ce que vous gardez dedans. Pour augmenter votre s\u00e9curit\u00e9 sur la route, il dispose d'\u00e9l\u00e9ments r\u00e9fl\u00e9chissants au-dessus des poches.","og_url":"https:\/\/www.inverseteams.com\/fr\/produit\/maillot-cycliste-pure-fierce-hombre\/","og_site_name":"Inverseteams","article_publisher":"https:\/\/www.facebook.com\/inverseteams","article_modified_time":"2024-06-04T00:02:14+00:00","og_image":[{"width":3000,"height":3223,"url":"https:\/\/www.inverseteams.com\/wp-content\/uploads\/MAILLOT-CICLISMO-VERANO-HOMBRE-PURE-FIERCE-1.jpg","type":"image\/jpeg"}],"twitter_card":"summary_large_image","twitter_misc":{"Dur\u00e9e de lecture estim\u00e9e":"1 minute"},"schema":{"@context":"https:\/\/schema.org","@graph":[{"@type":"WebPage","@id":"https:\/\/www.inverseteams.com\/fr\/produit\/maillot-cycliste-pure-fierce-hombre\/","url":"https:\/\/www.inverseteams.com\/fr\/produit\/maillot-cycliste-pure-fierce-hombre\/","name":"Maillot cycliste mi-saison PURE FIERCE (HOMBRE)","isPartOf":{"@id":"https:\/\/www.inverseteams.com\/fr\/#website"},"primaryImageOfPage":{"@id":"https:\/\/www.inverseteams.com\/fr\/produit\/maillot-cycliste-pure-fierce-hombre\/#primaryimage"},"image":{"@id":"https:\/\/www.inverseteams.com\/fr\/produit\/maillot-cycliste-pure-fierce-hombre\/#primaryimage"},"thumbnailUrl":"https:\/\/www.inverseteams.com\/wp-content\/uploads\/MAILLOT-CICLISMO-VERANO-HOMBRE-PURE-FIERCE-1.jpg","datePublished":"2022-09-26T13:03:29+00:00","dateModified":"2024-06-04T00:02:14+00:00","description":"Le maillot de cyclisme parfait pour l'\u00e9t\u00e9. Les c\u00f4t\u00e9s et la partie inf\u00e9rieure des manches sont en tissu mesh LUSH. Cela expulsera rapidement la sueur et votre peau sera fra\u00eeche et s\u00e8che. Le dos est en tissu NAK, qui est \u00e9galement tr\u00e8s respirant, mais sa structure est moins ouverte pour vous prot\u00e9ger des rayons du soleil. Les 3 tissus qui composent le maillot cycliste se distinguent par leur l\u00e9g\u00e8ret\u00e9 et leur \u00e9lasticit\u00e9. Ils s'adaptent tr\u00e8s bien au corps et \u00e0 toutes les positions et mouvements. Son toucher doux et agr\u00e9able vous enchantera. Vous sentirez le maillot comme s'il s'agissait d'une seconde peau. Son col ergonomique s'adapte parfaitement et emp\u00eache l'air d'entrer. Il a une fermeture \u00e9clair int\u00e9grale avec le syst\u00e8me anti-pull. A la taille, pour que le maillot v\u00e9lo soit pr\u00e8s du corps, il poss\u00e8de une bande \u00e9lastique avec un grip en silicone \u00e0 l'int\u00e9rieur. Dans la zone lombaire, il int\u00e8gre 3 poches ouvertes. Il poss\u00e8de \u00e9galement 1 poche lat\u00e9rale zipp\u00e9e. Celui-ci est imperm\u00e9able pour que la sueur n'ab\u00eeme pas ce que vous gardez dedans. Pour augmenter votre s\u00e9curit\u00e9 sur la route, il dispose d'\u00e9l\u00e9ments r\u00e9fl\u00e9chissants au-dessus des poches.","breadcrumb":{"@id":"https:\/\/www.inverseteams.com\/fr\/produit\/maillot-cycliste-pure-fierce-hombre\/#breadcrumb"},"inLanguage":"fr-FR","potentialAction":[{"@type":"ReadAction","target":["https:\/\/www.inverseteams.com\/fr\/produit\/maillot-cycliste-pure-fierce-hombre\/"]}]},{"@type":"ImageObject","inLanguage":"fr-FR","@id":"https:\/\/www.inverseteams.com\/fr\/produit\/maillot-cycliste-pure-fierce-hombre\/#primaryimage","url":"https:\/\/www.inverseteams.com\/wp-content\/uploads\/MAILLOT-CICLISMO-VERANO-HOMBRE-PURE-FIERCE-1.jpg","contentUrl":"https:\/\/www.inverseteams.com\/wp-content\/uploads\/MAILLOT-CICLISMO-VERANO-HOMBRE-PURE-FIERCE-1.jpg","width":3000,"height":3223,"caption":"Maillot ciclista manga corta negro amarillo fluor"},{"@type":"BreadcrumbList","@id":"https:\/\/www.inverseteams.com\/fr\/produit\/maillot-cycliste-pure-fierce-hombre\/#breadcrumb","itemListElement":[{"@type":"ListItem","position":1,"name":"Portada","item":"https:\/\/www.inverseteams.com\/fr\/pagina-principal\/"},{"@type":"ListItem","position":2,"name":"Panier","item":"https:\/\/www.inverseteams.com\/fr\/panier\/"},{"@type":"ListItem","position":3,"name":"Maillot cycliste PURE FIERCE (HOMME)"}]},{"@type":"WebSite","@id":"https:\/\/www.inverseteams.com\/fr\/#website","url":"https:\/\/www.inverseteams.com\/fr\/","name":"Inverseteams","description":"Tu marca de ropa deportiva personalizada","publisher":{"@id":"https:\/\/www.inverseteams.com\/fr\/#organization"},"potentialAction":[{"@type":"SearchAction","target":{"@type":"EntryPoint","urlTemplate":"https:\/\/www.inverseteams.com\/fr\/?s={search_term_string}"},"query-input":{"@type":"PropertyValueSpecification","valueRequired":true,"valueName":"search_term_string"}}],"inLanguage":"fr-FR"},{"@type":"Organization","@id":"https:\/\/www.inverseteams.com\/fr\/#organization","name":"Inverse Teams","url":"https:\/\/www.inverseteams.com\/fr\/","logo":{"@type":"ImageObject","inLanguage":"fr-FR","@id":"https:\/\/www.inverseteams.com\/fr\/#\/schema\/logo\/image\/","url":"https:\/\/www.inverseteams.com\/wp-content\/uploads\/2021\/03\/logo-inverse-teams.png","contentUrl":"https:\/\/www.inverseteams.com\/wp-content\/uploads\/2021\/03\/logo-inverse-teams.png","width":294,"height":99,"caption":"Inverse Teams"},"image":{"@id":"https:\/\/www.inverseteams.com\/fr\/#\/schema\/logo\/image\/"},"sameAs":["https:\/\/www.facebook.com\/inverseteams","http:\/\/instagram.com\/inverseteams","https:\/\/www.linkedin.com\/company\/inverse-cirosport-s-l-?trk=job_view_topcard_company_name","http:\/\/www.pinterest.com\/inverseteams\/","http:\/\/www.youtube.com\/user\/inverseteams?feature=watch"]}]}},"_links":{"self":[{"href":"https:\/\/www.inverseteams.com\/fr\/wp-json\/wp\/v2\/product\/96271","targetHints":{"allow":["GET"]}}],"collection":[{"href":"https:\/\/www.inverseteams.com\/fr\/wp-json\/wp\/v2\/product"}],"about":[{"href":"https:\/\/www.inverseteams.com\/fr\/wp-json\/wp\/v2\/types\/product"}],"replies":[{"embeddable":true,"href":"https:\/\/www.inverseteams.com\/fr\/wp-json\/wp\/v2\/comments?post=96271"}],"wp:featuredmedia":[{"embeddable":true,"href":"https:\/\/www.inverseteams.com\/fr\/wp-json\/wp\/v2\/media\/121776"}],"wp:attachment":[{"href":"https:\/\/www.inverseteams.com\/fr\/wp-json\/wp\/v2\/media?parent=96271"}],"wp:term":[{"taxonomy":"product_brand","embeddable":true,"href":"https:\/\/www.inverseteams.com\/fr\/wp-json\/wp\/v2\/product_brand?post=96271"},{"taxonomy":"product_cat","embeddable":true,"href":"https:\/\/www.inverseteams.com\/fr\/wp-json\/wp\/v2\/product_cat?post=96271"},{"taxonomy":"product_tag","embeddable":true,"href":"https:\/\/www.inverseteams.com\/fr\/wp-json\/wp\/v2\/product_tag?post=96271"},{"taxonomy":"custom_category","embeddable":true,"href":"https:\/\/www.inverseteams.com\/fr\/wp-json\/wp\/v2\/custom_category?post=96271"},{"taxonomy":"range","embeddable":true,"href":"https:\/\/www.inverseteams.com\/fr\/wp-json\/wp\/v2\/range?post=96271"}],"curies":[{"name":"wp","href":"https:\/\/api.w.org\/{rel}","templated":true}]}}