{"id":96270,"date":"2022-09-26T13:02:56","date_gmt":"2022-09-27T06:29:53","guid":{"rendered":"https:\/\/www.inverseteams.com\/?post_type=product&#038;p=96270"},"modified":"2024-06-03T00:03:26","modified_gmt":"2024-06-03T00:03:26","slug":"maillot-cycliste-mi-saison-edge-latitude-unisex","status":"publish","type":"product","link":"https:\/\/www.inverseteams.com\/fr\/produit\/maillot-cycliste-mi-saison-edge-latitude-unisex\/","title":{"rendered":"Maillot cycliste mi-saison EDGE LATITUDE (UNISEX)"},"content":{"rendered":"<p>Le maillot de cyclisme unisex EDGE a \u00e9t\u00e9 cr\u00e9\u00e9 pour \u00eatre utilis\u00e9 \u00e0 ces moments de l&rsquo;ann\u00e9e o\u00f9 le temps est variable et o\u00f9 il ne fait pas assez froid pour porter une veste, mais pas assez chaud pour porter un maillot \u00e0 manches courtes. C&rsquo;est le v\u00eatement de mi-saison parfait que vous pouvez \u00e9galement combiner avec un gilet pour vous prot\u00e9ger compl\u00e8tement du froid et du vent.<br \/>\nParce que faire du v\u00e9lo en automne ou au printemps ne devrait pas \u00eatre compliqu\u00e9.<br \/>\nLes 2 tissus de ce maillot de cyclisme sont l\u00e9gers mais r\u00e9sistants \u00e0 l&rsquo;abrasion, ce qui en fait un v\u00eatement parfait pour le v\u00e9lo de route et le VTT.<br \/>\nLes manches et le col, ainsi que les poches, sont fabriqu\u00e9s avec du tissu TAMA, qui est un type de tissu \u00e0 structure ouverte extensible et tr\u00e8s doux. Ses fibres en forme de maille 3D facilitent la circulation de l&rsquo;air et am\u00e9liorent la respirabilit\u00e9. L&rsquo;avant et l&rsquo;arri\u00e8re du maillot sont en tissu IMBA tr\u00e8s doux qui absorbe l&rsquo;humidit\u00e9 du corps, le gardant au sec et laissant une agr\u00e9able sensation de confort.<br \/>\nLes trois poches de la zone lombaire sont en tissu \u00e9lastique TAMA afin de vous offrir une plus grande capacit\u00e9 de rangement d&rsquo;objets et a une poche suppl\u00e9mentaire imperm\u00e9able et zipp\u00e9e. Ce maillot de cyclisme a un d\u00e9tail r\u00e9fl\u00e9chissant sur le bas du dos pour vous offrir une plus grande visibilit\u00e9 et s\u00e9curit\u00e9 sur la route.<br \/>\nBande int\u00e9rieure en silicone antid\u00e9rapante pour ajuster le maillot au corps et l&#8217;emp\u00eacher de bouger pendant le p\u00e9dalage.<\/p>\n","protected":false},"excerpt":{"rendered":"<p>Le maillot de cyclisme unisex EDGE a \u00e9t\u00e9 cr\u00e9\u00e9 pour \u00eatre utilis\u00e9 \u00e0 ces moments de l&rsquo;ann\u00e9e o\u00f9 le temps est variable et o\u00f9 il ne fait pas assez froid pour porter une veste, mais pas assez chaud pour porter un maillot \u00e0 manches courtes. C&rsquo;est le v\u00eatement de mi-saison parfait que vous pouvez \u00e9galement combiner avec un gilet pour vous prot\u00e9ger compl\u00e8tement du froid et du vent.<br \/>\nParce que faire du v\u00e9lo en automne ou au printemps ne devrait pas \u00eatre compliqu\u00e9.<br \/>\nLes 2 tissus de ce maillot de cyclisme sont l\u00e9gers mais r\u00e9sistants \u00e0 l&rsquo;abrasion, ce qui en fait un v\u00eatement parfait pour le v\u00e9lo de route et le VTT.<br \/>\nLes manches et le col, ainsi que les poches, sont fabriqu\u00e9s avec du tissu TAMA, qui est un type de tissu \u00e0 structure ouverte extensible et tr\u00e8s doux. Ses fibres en forme de maille 3D facilitent la circulation de l&rsquo;air et am\u00e9liorent la respirabilit\u00e9. L&rsquo;avant et l&rsquo;arri\u00e8re du maillot sont en tissu IMBA tr\u00e8s doux qui absorbe l&rsquo;humidit\u00e9 du corps, le gardant au sec et laissant une agr\u00e9able sensation de confort.<br \/>\nLes trois poches de la zone lombaire sont en tissu \u00e9lastique TAMA afin de vous offrir une plus grande capacit\u00e9 de rangement d&rsquo;objets et a une poche suppl\u00e9mentaire imperm\u00e9able et zipp\u00e9e. Ce maillot de cyclisme a un d\u00e9tail r\u00e9fl\u00e9chissant sur le bas du dos pour vous offrir une plus grande visibilit\u00e9 et s\u00e9curit\u00e9 sur la route.<br \/>\nBande int\u00e9rieure en silicone antid\u00e9rapante pour ajuster le maillot au corps et l&#8217;emp\u00eacher de bouger pendant le p\u00e9dalage.<\/p>\n","protected":false},"featured_media":119172,"comment_status":"closed","ping_status":"closed","template":"","meta":{"_acf_changed":false},"product_brand":[],"product_cat":[3230,3240,9949,7177],"product_tag":[],"custom_category":[],"range":[],"class_list":{"0":"post-96270","1":"product","2":"type-product","3":"status-publish","4":"has-post-thumbnail","6":"product_cat-cyclisme-fr","7":"product_cat-maillot-cycliste","8":"product_cat-gravel-fr","9":"product_cat-b2b-fr","10":"pa_climatologia-froid","11":"pa_deporte-cyclisme","12":"pa_deporte-gravel-fr","13":"pa_genero-homme","14":"pa_genero-femme","15":"pa_patronaje-fit-fr","16":"pa_talla-s-fr","17":"pa_talla-xl-fr","18":"pa_talla-xs-fr","19":"pa_talla-l-fr","20":"pa_talla-m-fr","21":"pa_tipo-de-prenda-maillot-manche-courte","23":"first","24":"outofstock","25":"taxable","26":"shipping-taxable","27":"purchasable","28":"product-type-variable","29":"has-default-attributes"},"acf":[],"yoast_head":"<!-- This site is optimized with the Yoast SEO plugin v27.3 - https:\/\/yoast.com\/product\/yoast-seo-wordpress\/ -->\n<title>Maillot cycliste mi-saison EDGE LATITUDE (UNISEX)<\/title>\n<meta name=\"description\" content=\"Acheter maillot cycliste mi-saison vert. Maillot parfait pour les journ\u00e9es fra\u00eeches de printemps et d&#039;automne.\" \/>\n<meta name=\"robots\" content=\"index, follow, max-snippet:-1, max-image-preview:large, max-video-preview:-1\" \/>\n<link rel=\"canonical\" href=\"https:\/\/www.inverseteams.com\/fr\/produit\/maillot-cycliste-mi-saison-edge-latitude-unisex\/\" \/>\n<meta property=\"og:locale\" content=\"fr_FR\" \/>\n<meta property=\"og:type\" content=\"article\" \/>\n<meta property=\"og:title\" content=\"Maillot cycliste mi-saison EDGE LATITUDE (UNISEX)\" \/>\n<meta property=\"og:description\" content=\"Acheter maillot cycliste mi-saison vert. Maillot parfait pour les journ\u00e9es fra\u00eeches de printemps et d&#039;automne.\" \/>\n<meta property=\"og:url\" content=\"https:\/\/www.inverseteams.com\/fr\/produit\/maillot-cycliste-mi-saison-edge-latitude-unisex\/\" \/>\n<meta property=\"og:site_name\" content=\"Inverseteams\" \/>\n<meta property=\"article:publisher\" content=\"https:\/\/www.facebook.com\/inverseteams\" \/>\n<meta property=\"article:modified_time\" content=\"2024-06-03T00:03:26+00:00\" \/>\n<meta property=\"og:image\" content=\"https:\/\/www.inverseteams.com\/wp-content\/uploads\/MAILLOT-CICLISMO-MIDSEASON-EDGE-VERDE-1.jpg\" \/>\n\t<meta property=\"og:image:width\" content=\"3000\" \/>\n\t<meta property=\"og:image:height\" content=\"3223\" \/>\n\t<meta property=\"og:image:type\" content=\"image\/jpeg\" \/>\n<meta name=\"twitter:card\" content=\"summary_large_image\" \/>\n<meta name=\"twitter:label1\" content=\"Dur\u00e9e de lecture estim\u00e9e\" \/>\n\t<meta name=\"twitter:data1\" content=\"1 minute\" \/>\n<script type=\"application\/ld+json\" class=\"yoast-schema-graph\">{\"@context\":\"https:\\\/\\\/schema.org\",\"@graph\":[{\"@type\":\"WebPage\",\"@id\":\"https:\\\/\\\/www.inverseteams.com\\\/fr\\\/produit\\\/maillot-cycliste-mi-saison-edge-latitude-unisex\\\/\",\"url\":\"https:\\\/\\\/www.inverseteams.com\\\/fr\\\/produit\\\/maillot-cycliste-mi-saison-edge-latitude-unisex\\\/\",\"name\":\"Maillot cycliste mi-saison EDGE LATITUDE (UNISEX)\",\"isPartOf\":{\"@id\":\"https:\\\/\\\/www.inverseteams.com\\\/fr\\\/#website\"},\"primaryImageOfPage\":{\"@id\":\"https:\\\/\\\/www.inverseteams.com\\\/fr\\\/produit\\\/maillot-cycliste-mi-saison-edge-latitude-unisex\\\/#primaryimage\"},\"image\":{\"@id\":\"https:\\\/\\\/www.inverseteams.com\\\/fr\\\/produit\\\/maillot-cycliste-mi-saison-edge-latitude-unisex\\\/#primaryimage\"},\"thumbnailUrl\":\"https:\\\/\\\/www.inverseteams.com\\\/wp-content\\\/uploads\\\/MAILLOT-CICLISMO-MIDSEASON-EDGE-VERDE-1.jpg\",\"datePublished\":\"2022-09-27T06:29:53+00:00\",\"dateModified\":\"2024-06-03T00:03:26+00:00\",\"description\":\"Acheter maillot cycliste mi-saison vert. Maillot parfait pour les journ\u00e9es fra\u00eeches de printemps et d'automne.\",\"breadcrumb\":{\"@id\":\"https:\\\/\\\/www.inverseteams.com\\\/fr\\\/produit\\\/maillot-cycliste-mi-saison-edge-latitude-unisex\\\/#breadcrumb\"},\"inLanguage\":\"fr-FR\",\"potentialAction\":[{\"@type\":\"ReadAction\",\"target\":[\"https:\\\/\\\/www.inverseteams.com\\\/fr\\\/produit\\\/maillot-cycliste-mi-saison-edge-latitude-unisex\\\/\"]}]},{\"@type\":\"ImageObject\",\"inLanguage\":\"fr-FR\",\"@id\":\"https:\\\/\\\/www.inverseteams.com\\\/fr\\\/produit\\\/maillot-cycliste-mi-saison-edge-latitude-unisex\\\/#primaryimage\",\"url\":\"https:\\\/\\\/www.inverseteams.com\\\/wp-content\\\/uploads\\\/MAILLOT-CICLISMO-MIDSEASON-EDGE-VERDE-1.jpg\",\"contentUrl\":\"https:\\\/\\\/www.inverseteams.com\\\/wp-content\\\/uploads\\\/MAILLOT-CICLISMO-MIDSEASON-EDGE-VERDE-1.jpg\",\"width\":3000,\"height\":3223,\"caption\":\"maillot ciclismo midseason edge verde\"},{\"@type\":\"BreadcrumbList\",\"@id\":\"https:\\\/\\\/www.inverseteams.com\\\/fr\\\/produit\\\/maillot-cycliste-mi-saison-edge-latitude-unisex\\\/#breadcrumb\",\"itemListElement\":[{\"@type\":\"ListItem\",\"position\":1,\"name\":\"Portada\",\"item\":\"https:\\\/\\\/www.inverseteams.com\\\/fr\\\/pagina-principal\\\/\"},{\"@type\":\"ListItem\",\"position\":2,\"name\":\"Panier\",\"item\":\"https:\\\/\\\/www.inverseteams.com\\\/fr\\\/panier\\\/\"},{\"@type\":\"ListItem\",\"position\":3,\"name\":\"Maillot cycliste mi-saison EDGE LATITUDE (UNISEX)\"}]},{\"@type\":\"WebSite\",\"@id\":\"https:\\\/\\\/www.inverseteams.com\\\/fr\\\/#website\",\"url\":\"https:\\\/\\\/www.inverseteams.com\\\/fr\\\/\",\"name\":\"Inverseteams\",\"description\":\"Tu marca de ropa deportiva personalizada\",\"publisher\":{\"@id\":\"https:\\\/\\\/www.inverseteams.com\\\/fr\\\/#organization\"},\"potentialAction\":[{\"@type\":\"SearchAction\",\"target\":{\"@type\":\"EntryPoint\",\"urlTemplate\":\"https:\\\/\\\/www.inverseteams.com\\\/fr\\\/?s={search_term_string}\"},\"query-input\":{\"@type\":\"PropertyValueSpecification\",\"valueRequired\":true,\"valueName\":\"search_term_string\"}}],\"inLanguage\":\"fr-FR\"},{\"@type\":\"Organization\",\"@id\":\"https:\\\/\\\/www.inverseteams.com\\\/fr\\\/#organization\",\"name\":\"Inverse Teams\",\"url\":\"https:\\\/\\\/www.inverseteams.com\\\/fr\\\/\",\"logo\":{\"@type\":\"ImageObject\",\"inLanguage\":\"fr-FR\",\"@id\":\"https:\\\/\\\/www.inverseteams.com\\\/fr\\\/#\\\/schema\\\/logo\\\/image\\\/\",\"url\":\"http:\\\/\\\/www.inverseteams.com\\\/wp-content\\\/uploads\\\/2021\\\/03\\\/logo-inverse-teams.png\",\"contentUrl\":\"http:\\\/\\\/www.inverseteams.com\\\/wp-content\\\/uploads\\\/2021\\\/03\\\/logo-inverse-teams.png\",\"width\":294,\"height\":99,\"caption\":\"Inverse Teams\"},\"image\":{\"@id\":\"https:\\\/\\\/www.inverseteams.com\\\/fr\\\/#\\\/schema\\\/logo\\\/image\\\/\"},\"sameAs\":[\"https:\\\/\\\/www.facebook.com\\\/inverseteams\",\"http:\\\/\\\/instagram.com\\\/inverseteams\",\"https:\\\/\\\/www.linkedin.com\\\/company\\\/inverse-cirosport-s-l-?trk=job_view_topcard_company_name\",\"http:\\\/\\\/www.pinterest.com\\\/inverseteams\\\/\",\"http:\\\/\\\/www.youtube.com\\\/user\\\/inverseteams?feature=watch\"]}]}<\/script>\n<!-- \/ Yoast SEO plugin. -->","yoast_head_json":{"title":"Maillot cycliste mi-saison EDGE LATITUDE (UNISEX)","description":"Acheter maillot cycliste mi-saison vert. Maillot parfait pour les journ\u00e9es fra\u00eeches de printemps et d'automne.","robots":{"index":"index","follow":"follow","max-snippet":"max-snippet:-1","max-image-preview":"max-image-preview:large","max-video-preview":"max-video-preview:-1"},"canonical":"https:\/\/www.inverseteams.com\/fr\/produit\/maillot-cycliste-mi-saison-edge-latitude-unisex\/","og_locale":"fr_FR","og_type":"article","og_title":"Maillot cycliste mi-saison EDGE LATITUDE (UNISEX)","og_description":"Acheter maillot cycliste mi-saison vert. Maillot parfait pour les journ\u00e9es fra\u00eeches de printemps et d'automne.","og_url":"https:\/\/www.inverseteams.com\/fr\/produit\/maillot-cycliste-mi-saison-edge-latitude-unisex\/","og_site_name":"Inverseteams","article_publisher":"https:\/\/www.facebook.com\/inverseteams","article_modified_time":"2024-06-03T00:03:26+00:00","og_image":[{"width":3000,"height":3223,"url":"https:\/\/www.inverseteams.com\/wp-content\/uploads\/MAILLOT-CICLISMO-MIDSEASON-EDGE-VERDE-1.jpg","type":"image\/jpeg"}],"twitter_card":"summary_large_image","twitter_misc":{"Dur\u00e9e de lecture estim\u00e9e":"1 minute"},"schema":{"@context":"https:\/\/schema.org","@graph":[{"@type":"WebPage","@id":"https:\/\/www.inverseteams.com\/fr\/produit\/maillot-cycliste-mi-saison-edge-latitude-unisex\/","url":"https:\/\/www.inverseteams.com\/fr\/produit\/maillot-cycliste-mi-saison-edge-latitude-unisex\/","name":"Maillot cycliste mi-saison EDGE LATITUDE (UNISEX)","isPartOf":{"@id":"https:\/\/www.inverseteams.com\/fr\/#website"},"primaryImageOfPage":{"@id":"https:\/\/www.inverseteams.com\/fr\/produit\/maillot-cycliste-mi-saison-edge-latitude-unisex\/#primaryimage"},"image":{"@id":"https:\/\/www.inverseteams.com\/fr\/produit\/maillot-cycliste-mi-saison-edge-latitude-unisex\/#primaryimage"},"thumbnailUrl":"https:\/\/www.inverseteams.com\/wp-content\/uploads\/MAILLOT-CICLISMO-MIDSEASON-EDGE-VERDE-1.jpg","datePublished":"2022-09-27T06:29:53+00:00","dateModified":"2024-06-03T00:03:26+00:00","description":"Acheter maillot cycliste mi-saison vert. Maillot parfait pour les journ\u00e9es fra\u00eeches de printemps et d'automne.","breadcrumb":{"@id":"https:\/\/www.inverseteams.com\/fr\/produit\/maillot-cycliste-mi-saison-edge-latitude-unisex\/#breadcrumb"},"inLanguage":"fr-FR","potentialAction":[{"@type":"ReadAction","target":["https:\/\/www.inverseteams.com\/fr\/produit\/maillot-cycliste-mi-saison-edge-latitude-unisex\/"]}]},{"@type":"ImageObject","inLanguage":"fr-FR","@id":"https:\/\/www.inverseteams.com\/fr\/produit\/maillot-cycliste-mi-saison-edge-latitude-unisex\/#primaryimage","url":"https:\/\/www.inverseteams.com\/wp-content\/uploads\/MAILLOT-CICLISMO-MIDSEASON-EDGE-VERDE-1.jpg","contentUrl":"https:\/\/www.inverseteams.com\/wp-content\/uploads\/MAILLOT-CICLISMO-MIDSEASON-EDGE-VERDE-1.jpg","width":3000,"height":3223,"caption":"maillot ciclismo midseason edge verde"},{"@type":"BreadcrumbList","@id":"https:\/\/www.inverseteams.com\/fr\/produit\/maillot-cycliste-mi-saison-edge-latitude-unisex\/#breadcrumb","itemListElement":[{"@type":"ListItem","position":1,"name":"Portada","item":"https:\/\/www.inverseteams.com\/fr\/pagina-principal\/"},{"@type":"ListItem","position":2,"name":"Panier","item":"https:\/\/www.inverseteams.com\/fr\/panier\/"},{"@type":"ListItem","position":3,"name":"Maillot cycliste mi-saison EDGE LATITUDE (UNISEX)"}]},{"@type":"WebSite","@id":"https:\/\/www.inverseteams.com\/fr\/#website","url":"https:\/\/www.inverseteams.com\/fr\/","name":"Inverseteams","description":"Tu marca de ropa deportiva personalizada","publisher":{"@id":"https:\/\/www.inverseteams.com\/fr\/#organization"},"potentialAction":[{"@type":"SearchAction","target":{"@type":"EntryPoint","urlTemplate":"https:\/\/www.inverseteams.com\/fr\/?s={search_term_string}"},"query-input":{"@type":"PropertyValueSpecification","valueRequired":true,"valueName":"search_term_string"}}],"inLanguage":"fr-FR"},{"@type":"Organization","@id":"https:\/\/www.inverseteams.com\/fr\/#organization","name":"Inverse Teams","url":"https:\/\/www.inverseteams.com\/fr\/","logo":{"@type":"ImageObject","inLanguage":"fr-FR","@id":"https:\/\/www.inverseteams.com\/fr\/#\/schema\/logo\/image\/","url":"https:\/\/www.inverseteams.com\/wp-content\/uploads\/2021\/03\/logo-inverse-teams.png","contentUrl":"https:\/\/www.inverseteams.com\/wp-content\/uploads\/2021\/03\/logo-inverse-teams.png","width":294,"height":99,"caption":"Inverse Teams"},"image":{"@id":"https:\/\/www.inverseteams.com\/fr\/#\/schema\/logo\/image\/"},"sameAs":["https:\/\/www.facebook.com\/inverseteams","http:\/\/instagram.com\/inverseteams","https:\/\/www.linkedin.com\/company\/inverse-cirosport-s-l-?trk=job_view_topcard_company_name","http:\/\/www.pinterest.com\/inverseteams\/","http:\/\/www.youtube.com\/user\/inverseteams?feature=watch"]}]}},"_links":{"self":[{"href":"https:\/\/www.inverseteams.com\/fr\/wp-json\/wp\/v2\/product\/96270","targetHints":{"allow":["GET"]}}],"collection":[{"href":"https:\/\/www.inverseteams.com\/fr\/wp-json\/wp\/v2\/product"}],"about":[{"href":"https:\/\/www.inverseteams.com\/fr\/wp-json\/wp\/v2\/types\/product"}],"replies":[{"embeddable":true,"href":"https:\/\/www.inverseteams.com\/fr\/wp-json\/wp\/v2\/comments?post=96270"}],"wp:featuredmedia":[{"embeddable":true,"href":"https:\/\/www.inverseteams.com\/fr\/wp-json\/wp\/v2\/media\/119172"}],"wp:attachment":[{"href":"https:\/\/www.inverseteams.com\/fr\/wp-json\/wp\/v2\/media?parent=96270"}],"wp:term":[{"taxonomy":"product_brand","embeddable":true,"href":"https:\/\/www.inverseteams.com\/fr\/wp-json\/wp\/v2\/product_brand?post=96270"},{"taxonomy":"product_cat","embeddable":true,"href":"https:\/\/www.inverseteams.com\/fr\/wp-json\/wp\/v2\/product_cat?post=96270"},{"taxonomy":"product_tag","embeddable":true,"href":"https:\/\/www.inverseteams.com\/fr\/wp-json\/wp\/v2\/product_tag?post=96270"},{"taxonomy":"custom_category","embeddable":true,"href":"https:\/\/www.inverseteams.com\/fr\/wp-json\/wp\/v2\/custom_category?post=96270"},{"taxonomy":"range","embeddable":true,"href":"https:\/\/www.inverseteams.com\/fr\/wp-json\/wp\/v2\/range?post=96270"}],"curies":[{"name":"wp","href":"https:\/\/api.w.org\/{rel}","templated":true}]}}