{"id":96267,"date":"2022-09-26T13:01:23","date_gmt":"2022-09-26T13:01:23","guid":{"rendered":"https:\/\/www.inverseteams.com\/?post_type=product&#038;p=96267"},"modified":"2024-06-03T00:03:24","modified_gmt":"2024-06-03T00:03:24","slug":"maillot-cyclisme-girou-mere-unisex","status":"publish","type":"product","link":"https:\/\/www.inverseteams.com\/fr\/produit\/maillot-cyclisme-girou-mere-unisex\/","title":{"rendered":"Maillot GIROU MERE (RELAXED FIT)"},"content":{"rendered":"<p>Maillot cyclisme technique super l\u00e9ger, con\u00e7u avec un patronage large pour profiter du cyclisme de mani\u00e8re d\u00e9tendue. Gr\u00e2ce \u00e0 l&rsquo;\u00e9lasticit\u00e9 et \u00e0 la structure de ses tissus, l&rsquo;air glissera facilement autour de vous. \u00c0 la taille, un surfilage silicon\u00e9 \u00e0 l\u2019int\u00e9rieur ajuste au mieux le maillot.<br \/>\nDans la zone lombaire vous trouverez 3 poches incorporant le nouveau syst\u00e8me de s\u00e9curit\u00e9 ISP-Inverse Safe Pocket-, elles vous permettront de stocker un gilet ou des barres de c\u00e9r\u00e9ales sans crainte de les tomber. Une quatri\u00e8me poche zipp\u00e9e gardera vos objets de valeur. Profitez du v\u00e9lo sans soucis.<br \/>\nLa forme anatomique du col s\u2019adapte \u00e0 votre position sur le v\u00e9lo sans vous g\u00eaner, tout en emp\u00eachant les entr\u00e9es d\u2019air. La structure des fibres des tissus permet d\u2019\u00e9vacuer la sueur \u00e0 l\u2019ext\u00e9rieur pour maintenir votre peau s\u00e8che m\u00eame par temps tr\u00e8s chauds.Votre s\u00e9curit\u00e9 est tr\u00e8s importante pour nous. Pour cette raison, nous avons ajout\u00e9 des \u00e9l\u00e9ments r\u00e9fl\u00e9chissants sur les poches pour augmenter votre visibilit\u00e9 sur la route.<\/p>\n","protected":false},"excerpt":{"rendered":"<p>Maillot cyclisme technique super l\u00e9ger, con\u00e7u avec un patronage large pour profiter du cyclisme de mani\u00e8re d\u00e9tendue. Gr\u00e2ce \u00e0 l&rsquo;\u00e9lasticit\u00e9 et \u00e0 la structure de ses tissus, l&rsquo;air glissera facilement autour de vous. \u00c0 la taille, un surfilage silicon\u00e9 \u00e0 l\u2019int\u00e9rieur ajuste au mieux le maillot.<br \/>\nDans la zone lombaire vous trouverez 3 poches incorporant le nouveau syst\u00e8me de s\u00e9curit\u00e9 ISP-Inverse Safe Pocket-, elles vous permettront de stocker un gilet ou des barres de c\u00e9r\u00e9ales sans crainte de les tomber. Une quatri\u00e8me poche zipp\u00e9e gardera vos objets de valeur. Profitez du v\u00e9lo sans soucis.<br \/>\nLa forme anatomique du col s\u2019adapte \u00e0 votre position sur le v\u00e9lo sans vous g\u00eaner, tout en emp\u00eachant les entr\u00e9es d\u2019air. La structure des fibres des tissus permet d\u2019\u00e9vacuer la sueur \u00e0 l\u2019ext\u00e9rieur pour maintenir votre peau s\u00e8che m\u00eame par temps tr\u00e8s chauds.Votre s\u00e9curit\u00e9 est tr\u00e8s importante pour nous. Pour cette raison, nous avons ajout\u00e9 des \u00e9l\u00e9ments r\u00e9fl\u00e9chissants sur les poches pour augmenter votre visibilit\u00e9 sur la route.<\/p>\n","protected":false},"featured_media":122518,"comment_status":"closed","ping_status":"closed","template":"","meta":{"_acf_changed":false},"product_brand":[],"product_cat":[9949,3240,7177],"product_tag":[],"custom_category":[],"range":[],"class_list":{"0":"post-96267","1":"product","2":"type-product","3":"status-publish","4":"has-post-thumbnail","6":"product_cat-gravel-fr","7":"product_cat-maillot-cycliste","8":"product_cat-b2b-fr","9":"pa_climatologia-chaud","10":"pa_deporte-cyclisme","11":"pa_deporte-gravel-fr","12":"pa_genero-homme","13":"pa_genero-femme","14":"pa_patronaje-casual-fr","15":"pa_talla-l-fr","16":"pa_talla-m-fr","17":"pa_talla-s-fr","18":"pa_talla-xl-fr","19":"pa_talla-xxl-fr","20":"pa_tipo-de-prenda-maillot-manche-courte","22":"first","23":"outofstock","24":"taxable","25":"shipping-taxable","26":"purchasable","27":"product-type-variable","28":"has-default-attributes"},"acf":[],"yoast_head":"<!-- This site is optimized with the Yoast SEO plugin v27.3 - https:\/\/yoast.com\/product\/yoast-seo-wordpress\/ -->\n<title>Maillot cyclisme GIROU MERE (UNISEX)<\/title>\n<meta name=\"description\" content=\"Maillot cyclisme technique super l\u00e9ger, con\u00e7u avec un patronage large pour profiter du cyclisme de mani\u00e8re d\u00e9tendue. Gr\u00e2ce \u00e0 l&#039;\u00e9lasticit\u00e9 et \u00e0 la structure de ses tissus, l&#039;air glissera facilement autour de vous. \u00c0 la taille, un surfilage silicon\u00e9 \u00e0 l\u2019int\u00e9rieur ajuste au mieux le maillot. Dans la zone lombaire vous trouverez 3 poches incorporant le nouveau syst\u00e8me de s\u00e9curit\u00e9 ISP-Inverse Safe Pocket-, elles vous permettront de stocker un gilet ou des barres de c\u00e9r\u00e9ales sans crainte de les tomber. Une quatri\u00e8me poche zipp\u00e9e gardera vos objets de valeur. Profitez du v\u00e9lo sans soucis. La forme anatomique du col s\u2019adapte \u00e0 votre position sur le v\u00e9lo sans vous g\u00eaner, tout en emp\u00eachant les entr\u00e9es d\u2019air. La structure des fibres des tissus permet d\u2019\u00e9vacuer la sueur \u00e0 l\u2019ext\u00e9rieur pour maintenir votre peau s\u00e8che m\u00eame par temps tr\u00e8s chauds.Votre s\u00e9curit\u00e9 est tr\u00e8s importante pour nous. Pour cette raison, nous avons ajout\u00e9 des \u00e9l\u00e9ments r\u00e9fl\u00e9chissants sur les poches pour augmenter votre visibilit\u00e9 sur la route.\" \/>\n<meta name=\"robots\" content=\"index, follow, max-snippet:-1, max-image-preview:large, max-video-preview:-1\" \/>\n<link rel=\"canonical\" href=\"https:\/\/www.inverseteams.com\/fr\/produit\/maillot-cyclisme-girou-mere-unisex\/\" \/>\n<meta property=\"og:locale\" content=\"fr_FR\" \/>\n<meta property=\"og:type\" content=\"article\" \/>\n<meta property=\"og:title\" content=\"Maillot cyclisme GIROU MERE (UNISEX)\" \/>\n<meta property=\"og:description\" content=\"Maillot cyclisme technique super l\u00e9ger, con\u00e7u avec un patronage large pour profiter du cyclisme de mani\u00e8re d\u00e9tendue. Gr\u00e2ce \u00e0 l&#039;\u00e9lasticit\u00e9 et \u00e0 la structure de ses tissus, l&#039;air glissera facilement autour de vous. \u00c0 la taille, un surfilage silicon\u00e9 \u00e0 l\u2019int\u00e9rieur ajuste au mieux le maillot. Dans la zone lombaire vous trouverez 3 poches incorporant le nouveau syst\u00e8me de s\u00e9curit\u00e9 ISP-Inverse Safe Pocket-, elles vous permettront de stocker un gilet ou des barres de c\u00e9r\u00e9ales sans crainte de les tomber. Une quatri\u00e8me poche zipp\u00e9e gardera vos objets de valeur. Profitez du v\u00e9lo sans soucis. La forme anatomique du col s\u2019adapte \u00e0 votre position sur le v\u00e9lo sans vous g\u00eaner, tout en emp\u00eachant les entr\u00e9es d\u2019air. La structure des fibres des tissus permet d\u2019\u00e9vacuer la sueur \u00e0 l\u2019ext\u00e9rieur pour maintenir votre peau s\u00e8che m\u00eame par temps tr\u00e8s chauds.Votre s\u00e9curit\u00e9 est tr\u00e8s importante pour nous. Pour cette raison, nous avons ajout\u00e9 des \u00e9l\u00e9ments r\u00e9fl\u00e9chissants sur les poches pour augmenter votre visibilit\u00e9 sur la route.\" \/>\n<meta property=\"og:url\" content=\"https:\/\/www.inverseteams.com\/fr\/produit\/maillot-cyclisme-girou-mere-unisex\/\" \/>\n<meta property=\"og:site_name\" content=\"Inverseteams\" \/>\n<meta property=\"article:publisher\" content=\"https:\/\/www.facebook.com\/inverseteams\" \/>\n<meta property=\"article:modified_time\" content=\"2024-06-03T00:03:24+00:00\" \/>\n<meta property=\"og:image\" content=\"https:\/\/www.inverseteams.com\/wp-content\/uploads\/MAILLOT-CICLISTA-RELAXED-FIT-GIROU-MERE-1.jpg\" \/>\n\t<meta property=\"og:image:width\" content=\"3000\" \/>\n\t<meta property=\"og:image:height\" content=\"3223\" \/>\n\t<meta property=\"og:image:type\" content=\"image\/jpeg\" \/>\n<meta name=\"twitter:card\" content=\"summary_large_image\" \/>\n<meta name=\"twitter:label1\" content=\"Dur\u00e9e de lecture estim\u00e9e\" \/>\n\t<meta name=\"twitter:data1\" content=\"1 minute\" \/>\n<script type=\"application\/ld+json\" class=\"yoast-schema-graph\">{\"@context\":\"https:\\\/\\\/schema.org\",\"@graph\":[{\"@type\":\"WebPage\",\"@id\":\"https:\\\/\\\/www.inverseteams.com\\\/fr\\\/produit\\\/maillot-cyclisme-girou-mere-unisex\\\/\",\"url\":\"https:\\\/\\\/www.inverseteams.com\\\/fr\\\/produit\\\/maillot-cyclisme-girou-mere-unisex\\\/\",\"name\":\"Maillot cyclisme GIROU MERE (UNISEX)\",\"isPartOf\":{\"@id\":\"https:\\\/\\\/www.inverseteams.com\\\/fr\\\/#website\"},\"primaryImageOfPage\":{\"@id\":\"https:\\\/\\\/www.inverseteams.com\\\/fr\\\/produit\\\/maillot-cyclisme-girou-mere-unisex\\\/#primaryimage\"},\"image\":{\"@id\":\"https:\\\/\\\/www.inverseteams.com\\\/fr\\\/produit\\\/maillot-cyclisme-girou-mere-unisex\\\/#primaryimage\"},\"thumbnailUrl\":\"https:\\\/\\\/www.inverseteams.com\\\/wp-content\\\/uploads\\\/MAILLOT-CICLISTA-RELAXED-FIT-GIROU-MERE-1.jpg\",\"datePublished\":\"2022-09-26T13:01:23+00:00\",\"dateModified\":\"2024-06-03T00:03:24+00:00\",\"description\":\"Maillot cyclisme technique super l\u00e9ger, con\u00e7u avec un patronage large pour profiter du cyclisme de mani\u00e8re d\u00e9tendue. Gr\u00e2ce \u00e0 l'\u00e9lasticit\u00e9 et \u00e0 la structure de ses tissus, l'air glissera facilement autour de vous. \u00c0 la taille, un surfilage silicon\u00e9 \u00e0 l\u2019int\u00e9rieur ajuste au mieux le maillot. Dans la zone lombaire vous trouverez 3 poches incorporant le nouveau syst\u00e8me de s\u00e9curit\u00e9 ISP-Inverse Safe Pocket-, elles vous permettront de stocker un gilet ou des barres de c\u00e9r\u00e9ales sans crainte de les tomber. Une quatri\u00e8me poche zipp\u00e9e gardera vos objets de valeur. Profitez du v\u00e9lo sans soucis. La forme anatomique du col s\u2019adapte \u00e0 votre position sur le v\u00e9lo sans vous g\u00eaner, tout en emp\u00eachant les entr\u00e9es d\u2019air. La structure des fibres des tissus permet d\u2019\u00e9vacuer la sueur \u00e0 l\u2019ext\u00e9rieur pour maintenir votre peau s\u00e8che m\u00eame par temps tr\u00e8s chauds.Votre s\u00e9curit\u00e9 est tr\u00e8s importante pour nous. Pour cette raison, nous avons ajout\u00e9 des \u00e9l\u00e9ments r\u00e9fl\u00e9chissants sur les poches pour augmenter votre visibilit\u00e9 sur la route.\",\"breadcrumb\":{\"@id\":\"https:\\\/\\\/www.inverseteams.com\\\/fr\\\/produit\\\/maillot-cyclisme-girou-mere-unisex\\\/#breadcrumb\"},\"inLanguage\":\"fr-FR\",\"potentialAction\":[{\"@type\":\"ReadAction\",\"target\":[\"https:\\\/\\\/www.inverseteams.com\\\/fr\\\/produit\\\/maillot-cyclisme-girou-mere-unisex\\\/\"]}]},{\"@type\":\"ImageObject\",\"inLanguage\":\"fr-FR\",\"@id\":\"https:\\\/\\\/www.inverseteams.com\\\/fr\\\/produit\\\/maillot-cyclisme-girou-mere-unisex\\\/#primaryimage\",\"url\":\"https:\\\/\\\/www.inverseteams.com\\\/wp-content\\\/uploads\\\/MAILLOT-CICLISTA-RELAXED-FIT-GIROU-MERE-1.jpg\",\"contentUrl\":\"https:\\\/\\\/www.inverseteams.com\\\/wp-content\\\/uploads\\\/MAILLOT-CICLISTA-RELAXED-FIT-GIROU-MERE-1.jpg\",\"width\":3000,\"height\":3223,\"caption\":\"Maillot ciclismo holgado girou mere\"},{\"@type\":\"BreadcrumbList\",\"@id\":\"https:\\\/\\\/www.inverseteams.com\\\/fr\\\/produit\\\/maillot-cyclisme-girou-mere-unisex\\\/#breadcrumb\",\"itemListElement\":[{\"@type\":\"ListItem\",\"position\":1,\"name\":\"Portada\",\"item\":\"https:\\\/\\\/www.inverseteams.com\\\/fr\\\/pagina-principal\\\/\"},{\"@type\":\"ListItem\",\"position\":2,\"name\":\"Panier\",\"item\":\"https:\\\/\\\/www.inverseteams.com\\\/fr\\\/panier\\\/\"},{\"@type\":\"ListItem\",\"position\":3,\"name\":\"Maillot GIROU MERE (RELAXED FIT)\"}]},{\"@type\":\"WebSite\",\"@id\":\"https:\\\/\\\/www.inverseteams.com\\\/fr\\\/#website\",\"url\":\"https:\\\/\\\/www.inverseteams.com\\\/fr\\\/\",\"name\":\"Inverseteams\",\"description\":\"Tu marca de ropa deportiva personalizada\",\"publisher\":{\"@id\":\"https:\\\/\\\/www.inverseteams.com\\\/fr\\\/#organization\"},\"potentialAction\":[{\"@type\":\"SearchAction\",\"target\":{\"@type\":\"EntryPoint\",\"urlTemplate\":\"https:\\\/\\\/www.inverseteams.com\\\/fr\\\/?s={search_term_string}\"},\"query-input\":{\"@type\":\"PropertyValueSpecification\",\"valueRequired\":true,\"valueName\":\"search_term_string\"}}],\"inLanguage\":\"fr-FR\"},{\"@type\":\"Organization\",\"@id\":\"https:\\\/\\\/www.inverseteams.com\\\/fr\\\/#organization\",\"name\":\"Inverse Teams\",\"url\":\"https:\\\/\\\/www.inverseteams.com\\\/fr\\\/\",\"logo\":{\"@type\":\"ImageObject\",\"inLanguage\":\"fr-FR\",\"@id\":\"https:\\\/\\\/www.inverseteams.com\\\/fr\\\/#\\\/schema\\\/logo\\\/image\\\/\",\"url\":\"http:\\\/\\\/www.inverseteams.com\\\/wp-content\\\/uploads\\\/2021\\\/03\\\/logo-inverse-teams.png\",\"contentUrl\":\"http:\\\/\\\/www.inverseteams.com\\\/wp-content\\\/uploads\\\/2021\\\/03\\\/logo-inverse-teams.png\",\"width\":294,\"height\":99,\"caption\":\"Inverse Teams\"},\"image\":{\"@id\":\"https:\\\/\\\/www.inverseteams.com\\\/fr\\\/#\\\/schema\\\/logo\\\/image\\\/\"},\"sameAs\":[\"https:\\\/\\\/www.facebook.com\\\/inverseteams\",\"http:\\\/\\\/instagram.com\\\/inverseteams\",\"https:\\\/\\\/www.linkedin.com\\\/company\\\/inverse-cirosport-s-l-?trk=job_view_topcard_company_name\",\"http:\\\/\\\/www.pinterest.com\\\/inverseteams\\\/\",\"http:\\\/\\\/www.youtube.com\\\/user\\\/inverseteams?feature=watch\"]}]}<\/script>\n<!-- \/ Yoast SEO plugin. -->","yoast_head_json":{"title":"Maillot cyclisme GIROU MERE (UNISEX)","description":"Maillot cyclisme technique super l\u00e9ger, con\u00e7u avec un patronage large pour profiter du cyclisme de mani\u00e8re d\u00e9tendue. Gr\u00e2ce \u00e0 l'\u00e9lasticit\u00e9 et \u00e0 la structure de ses tissus, l'air glissera facilement autour de vous. \u00c0 la taille, un surfilage silicon\u00e9 \u00e0 l\u2019int\u00e9rieur ajuste au mieux le maillot. Dans la zone lombaire vous trouverez 3 poches incorporant le nouveau syst\u00e8me de s\u00e9curit\u00e9 ISP-Inverse Safe Pocket-, elles vous permettront de stocker un gilet ou des barres de c\u00e9r\u00e9ales sans crainte de les tomber. Une quatri\u00e8me poche zipp\u00e9e gardera vos objets de valeur. Profitez du v\u00e9lo sans soucis. La forme anatomique du col s\u2019adapte \u00e0 votre position sur le v\u00e9lo sans vous g\u00eaner, tout en emp\u00eachant les entr\u00e9es d\u2019air. La structure des fibres des tissus permet d\u2019\u00e9vacuer la sueur \u00e0 l\u2019ext\u00e9rieur pour maintenir votre peau s\u00e8che m\u00eame par temps tr\u00e8s chauds.Votre s\u00e9curit\u00e9 est tr\u00e8s importante pour nous. Pour cette raison, nous avons ajout\u00e9 des \u00e9l\u00e9ments r\u00e9fl\u00e9chissants sur les poches pour augmenter votre visibilit\u00e9 sur la route.","robots":{"index":"index","follow":"follow","max-snippet":"max-snippet:-1","max-image-preview":"max-image-preview:large","max-video-preview":"max-video-preview:-1"},"canonical":"https:\/\/www.inverseteams.com\/fr\/produit\/maillot-cyclisme-girou-mere-unisex\/","og_locale":"fr_FR","og_type":"article","og_title":"Maillot cyclisme GIROU MERE (UNISEX)","og_description":"Maillot cyclisme technique super l\u00e9ger, con\u00e7u avec un patronage large pour profiter du cyclisme de mani\u00e8re d\u00e9tendue. Gr\u00e2ce \u00e0 l'\u00e9lasticit\u00e9 et \u00e0 la structure de ses tissus, l'air glissera facilement autour de vous. \u00c0 la taille, un surfilage silicon\u00e9 \u00e0 l\u2019int\u00e9rieur ajuste au mieux le maillot. Dans la zone lombaire vous trouverez 3 poches incorporant le nouveau syst\u00e8me de s\u00e9curit\u00e9 ISP-Inverse Safe Pocket-, elles vous permettront de stocker un gilet ou des barres de c\u00e9r\u00e9ales sans crainte de les tomber. Une quatri\u00e8me poche zipp\u00e9e gardera vos objets de valeur. Profitez du v\u00e9lo sans soucis. La forme anatomique du col s\u2019adapte \u00e0 votre position sur le v\u00e9lo sans vous g\u00eaner, tout en emp\u00eachant les entr\u00e9es d\u2019air. La structure des fibres des tissus permet d\u2019\u00e9vacuer la sueur \u00e0 l\u2019ext\u00e9rieur pour maintenir votre peau s\u00e8che m\u00eame par temps tr\u00e8s chauds.Votre s\u00e9curit\u00e9 est tr\u00e8s importante pour nous. Pour cette raison, nous avons ajout\u00e9 des \u00e9l\u00e9ments r\u00e9fl\u00e9chissants sur les poches pour augmenter votre visibilit\u00e9 sur la route.","og_url":"https:\/\/www.inverseteams.com\/fr\/produit\/maillot-cyclisme-girou-mere-unisex\/","og_site_name":"Inverseteams","article_publisher":"https:\/\/www.facebook.com\/inverseteams","article_modified_time":"2024-06-03T00:03:24+00:00","og_image":[{"width":3000,"height":3223,"url":"https:\/\/www.inverseteams.com\/wp-content\/uploads\/MAILLOT-CICLISTA-RELAXED-FIT-GIROU-MERE-1.jpg","type":"image\/jpeg"}],"twitter_card":"summary_large_image","twitter_misc":{"Dur\u00e9e de lecture estim\u00e9e":"1 minute"},"schema":{"@context":"https:\/\/schema.org","@graph":[{"@type":"WebPage","@id":"https:\/\/www.inverseteams.com\/fr\/produit\/maillot-cyclisme-girou-mere-unisex\/","url":"https:\/\/www.inverseteams.com\/fr\/produit\/maillot-cyclisme-girou-mere-unisex\/","name":"Maillot cyclisme GIROU MERE (UNISEX)","isPartOf":{"@id":"https:\/\/www.inverseteams.com\/fr\/#website"},"primaryImageOfPage":{"@id":"https:\/\/www.inverseteams.com\/fr\/produit\/maillot-cyclisme-girou-mere-unisex\/#primaryimage"},"image":{"@id":"https:\/\/www.inverseteams.com\/fr\/produit\/maillot-cyclisme-girou-mere-unisex\/#primaryimage"},"thumbnailUrl":"https:\/\/www.inverseteams.com\/wp-content\/uploads\/MAILLOT-CICLISTA-RELAXED-FIT-GIROU-MERE-1.jpg","datePublished":"2022-09-26T13:01:23+00:00","dateModified":"2024-06-03T00:03:24+00:00","description":"Maillot cyclisme technique super l\u00e9ger, con\u00e7u avec un patronage large pour profiter du cyclisme de mani\u00e8re d\u00e9tendue. Gr\u00e2ce \u00e0 l'\u00e9lasticit\u00e9 et \u00e0 la structure de ses tissus, l'air glissera facilement autour de vous. \u00c0 la taille, un surfilage silicon\u00e9 \u00e0 l\u2019int\u00e9rieur ajuste au mieux le maillot. Dans la zone lombaire vous trouverez 3 poches incorporant le nouveau syst\u00e8me de s\u00e9curit\u00e9 ISP-Inverse Safe Pocket-, elles vous permettront de stocker un gilet ou des barres de c\u00e9r\u00e9ales sans crainte de les tomber. Une quatri\u00e8me poche zipp\u00e9e gardera vos objets de valeur. Profitez du v\u00e9lo sans soucis. La forme anatomique du col s\u2019adapte \u00e0 votre position sur le v\u00e9lo sans vous g\u00eaner, tout en emp\u00eachant les entr\u00e9es d\u2019air. La structure des fibres des tissus permet d\u2019\u00e9vacuer la sueur \u00e0 l\u2019ext\u00e9rieur pour maintenir votre peau s\u00e8che m\u00eame par temps tr\u00e8s chauds.Votre s\u00e9curit\u00e9 est tr\u00e8s importante pour nous. Pour cette raison, nous avons ajout\u00e9 des \u00e9l\u00e9ments r\u00e9fl\u00e9chissants sur les poches pour augmenter votre visibilit\u00e9 sur la route.","breadcrumb":{"@id":"https:\/\/www.inverseteams.com\/fr\/produit\/maillot-cyclisme-girou-mere-unisex\/#breadcrumb"},"inLanguage":"fr-FR","potentialAction":[{"@type":"ReadAction","target":["https:\/\/www.inverseteams.com\/fr\/produit\/maillot-cyclisme-girou-mere-unisex\/"]}]},{"@type":"ImageObject","inLanguage":"fr-FR","@id":"https:\/\/www.inverseteams.com\/fr\/produit\/maillot-cyclisme-girou-mere-unisex\/#primaryimage","url":"https:\/\/www.inverseteams.com\/wp-content\/uploads\/MAILLOT-CICLISTA-RELAXED-FIT-GIROU-MERE-1.jpg","contentUrl":"https:\/\/www.inverseteams.com\/wp-content\/uploads\/MAILLOT-CICLISTA-RELAXED-FIT-GIROU-MERE-1.jpg","width":3000,"height":3223,"caption":"Maillot ciclismo holgado girou mere"},{"@type":"BreadcrumbList","@id":"https:\/\/www.inverseteams.com\/fr\/produit\/maillot-cyclisme-girou-mere-unisex\/#breadcrumb","itemListElement":[{"@type":"ListItem","position":1,"name":"Portada","item":"https:\/\/www.inverseteams.com\/fr\/pagina-principal\/"},{"@type":"ListItem","position":2,"name":"Panier","item":"https:\/\/www.inverseteams.com\/fr\/panier\/"},{"@type":"ListItem","position":3,"name":"Maillot GIROU MERE (RELAXED FIT)"}]},{"@type":"WebSite","@id":"https:\/\/www.inverseteams.com\/fr\/#website","url":"https:\/\/www.inverseteams.com\/fr\/","name":"Inverseteams","description":"Tu marca de ropa deportiva personalizada","publisher":{"@id":"https:\/\/www.inverseteams.com\/fr\/#organization"},"potentialAction":[{"@type":"SearchAction","target":{"@type":"EntryPoint","urlTemplate":"https:\/\/www.inverseteams.com\/fr\/?s={search_term_string}"},"query-input":{"@type":"PropertyValueSpecification","valueRequired":true,"valueName":"search_term_string"}}],"inLanguage":"fr-FR"},{"@type":"Organization","@id":"https:\/\/www.inverseteams.com\/fr\/#organization","name":"Inverse Teams","url":"https:\/\/www.inverseteams.com\/fr\/","logo":{"@type":"ImageObject","inLanguage":"fr-FR","@id":"https:\/\/www.inverseteams.com\/fr\/#\/schema\/logo\/image\/","url":"https:\/\/www.inverseteams.com\/wp-content\/uploads\/2021\/03\/logo-inverse-teams.png","contentUrl":"https:\/\/www.inverseteams.com\/wp-content\/uploads\/2021\/03\/logo-inverse-teams.png","width":294,"height":99,"caption":"Inverse Teams"},"image":{"@id":"https:\/\/www.inverseteams.com\/fr\/#\/schema\/logo\/image\/"},"sameAs":["https:\/\/www.facebook.com\/inverseteams","http:\/\/instagram.com\/inverseteams","https:\/\/www.linkedin.com\/company\/inverse-cirosport-s-l-?trk=job_view_topcard_company_name","http:\/\/www.pinterest.com\/inverseteams\/","http:\/\/www.youtube.com\/user\/inverseteams?feature=watch"]}]}},"_links":{"self":[{"href":"https:\/\/www.inverseteams.com\/fr\/wp-json\/wp\/v2\/product\/96267","targetHints":{"allow":["GET"]}}],"collection":[{"href":"https:\/\/www.inverseteams.com\/fr\/wp-json\/wp\/v2\/product"}],"about":[{"href":"https:\/\/www.inverseteams.com\/fr\/wp-json\/wp\/v2\/types\/product"}],"replies":[{"embeddable":true,"href":"https:\/\/www.inverseteams.com\/fr\/wp-json\/wp\/v2\/comments?post=96267"}],"wp:featuredmedia":[{"embeddable":true,"href":"https:\/\/www.inverseteams.com\/fr\/wp-json\/wp\/v2\/media\/122518"}],"wp:attachment":[{"href":"https:\/\/www.inverseteams.com\/fr\/wp-json\/wp\/v2\/media?parent=96267"}],"wp:term":[{"taxonomy":"product_brand","embeddable":true,"href":"https:\/\/www.inverseteams.com\/fr\/wp-json\/wp\/v2\/product_brand?post=96267"},{"taxonomy":"product_cat","embeddable":true,"href":"https:\/\/www.inverseteams.com\/fr\/wp-json\/wp\/v2\/product_cat?post=96267"},{"taxonomy":"product_tag","embeddable":true,"href":"https:\/\/www.inverseteams.com\/fr\/wp-json\/wp\/v2\/product_tag?post=96267"},{"taxonomy":"custom_category","embeddable":true,"href":"https:\/\/www.inverseteams.com\/fr\/wp-json\/wp\/v2\/custom_category?post=96267"},{"taxonomy":"range","embeddable":true,"href":"https:\/\/www.inverseteams.com\/fr\/wp-json\/wp\/v2\/range?post=96267"}],"curies":[{"name":"wp","href":"https:\/\/api.w.org\/{rel}","templated":true}]}}