{"id":93773,"date":"2022-09-14T10:54:01","date_gmt":"2022-09-14T10:57:40","guid":{"rendered":"https:\/\/www.inverseteams.com\/?post_type=product&#038;p=93773"},"modified":"2023-10-05T11:46:42","modified_gmt":"2023-10-05T11:46:42","slug":"trifonction-manche-longue-2-pieces-aeris","status":"publish","type":"product","link":"https:\/\/www.inverseteams.com\/fr\/produit\/trifonction-manche-longue-2-pieces-aeris\/","title":{"rendered":"Trifonction manche longue 2 pi\u00e8ces AERIS"},"content":{"rendered":"<p>La zone sup\u00e9rieure dispose d\u2019une fermeture \u00e9clair int\u00e9grale qui ouvre enti\u00e8rement la combinaison cycliste et vous permet de r\u00e9guler la ventilation. Cela vous offre les avantages a\u00e9rodynamiques d\u2019une combinaison avec le m\u00eame confort qu\u2019un maillot et cuissard s\u00e9par\u00e9s.<br \/>\nLe tissu THINK du corps est tr\u00e8s l\u00e9ger, \u00e9lastique et respirant. Il permet d\u2019\u00e9vacuer la sueur rapidement pour conserver la peau s\u00e8che et \u00e9viter la surchauffe. Cela vous permettra de concourir au plus haut niveau, plus de temps.<br \/>\nLes manches d\u00e9coup\u00e9es au laser s&rsquo;adaptent parfaitement au bras et emp\u00eachent l&rsquo;air de p\u00e9n\u00e9trer.<br \/>\nLa technicit\u00e9 des tissus garantit un bon flux de vent pour augmenter l\u2019a\u00e9rodynamisme et optimiser tous vos efforts. Le surfilage \u00e9lastique du cou s\u2019adapte au corps sans causer de friction.<br \/>\nToutes les pi\u00e8ces de cette trifonction sont con\u00e7ues pour s\u2019adapter parfaitement aux diff\u00e9rentes positions sur le v\u00e9lo sans opposer r\u00e9sistance. Elles sont cousues avec des coutures plates super r\u00e9sistantes.<br \/>\nLe tissu des jambes se caract\u00e9rise par sa bonne compression musculaire. Il parvient \u00e0 garder l\u2019acide lactique sous contr\u00f4le, retarde la fatigue musculaire et aide \u00e0 oxyg\u00e9ner le sang. Au bout des jambes, il y a une bande \u00e9lastique micro-perfor\u00e9e recouverte \u00e0 l\u2019int\u00e9rieur d\u2019un grip en silicone hypoallerg\u00e9nique. Cela maintient la pi\u00e8ce solidement attach\u00e9e \u00e0 la jambe et mod\u00e8re la transpiration. \u00c0 l\u2019ext\u00e9rieur, il y a des lignes r\u00e9fl\u00e9chissantes de 360\u00ba qui augmentent votre s\u00e9curit\u00e9 en r\u00e9fl\u00e9chissant les lumi\u00e8res des v\u00e9hicules.<\/p>\n","protected":false},"excerpt":{"rendered":"<p>La zone sup\u00e9rieure dispose d\u2019une fermeture \u00e9clair int\u00e9grale qui ouvre enti\u00e8rement la combinaison cycliste et vous permet de r\u00e9guler la ventilation. Cela vous offre les avantages a\u00e9rodynamiques d\u2019une combinaison avec le m\u00eame confort qu\u2019un maillot et cuissard s\u00e9par\u00e9s.<br \/>\nLe tissu THINK du corps est tr\u00e8s l\u00e9ger, \u00e9lastique et respirant. Il permet d\u2019\u00e9vacuer la sueur rapidement pour conserver la peau s\u00e8che et \u00e9viter la surchauffe. Cela vous permettra de concourir au plus haut niveau, plus de temps.<br \/>\nLes manches d\u00e9coup\u00e9es au laser s&rsquo;adaptent parfaitement au bras et emp\u00eachent l&rsquo;air de p\u00e9n\u00e9trer.<br \/>\nLa technicit\u00e9 des tissus garantit un bon flux de vent pour augmenter l\u2019a\u00e9rodynamisme et optimiser tous vos efforts. Le surfilage \u00e9lastique du cou s\u2019adapte au corps sans causer de friction.<br \/>\nToutes les pi\u00e8ces de cette trifonction sont con\u00e7ues pour s\u2019adapter parfaitement aux diff\u00e9rentes positions sur le v\u00e9lo sans opposer r\u00e9sistance. Elles sont cousues avec des coutures plates super r\u00e9sistantes.<br \/>\nLe tissu des jambes se caract\u00e9rise par sa bonne compression musculaire. Il parvient \u00e0 garder l\u2019acide lactique sous contr\u00f4le, retarde la fatigue musculaire et aide \u00e0 oxyg\u00e9ner le sang. Au bout des jambes, il y a une bande \u00e9lastique micro-perfor\u00e9e recouverte \u00e0 l\u2019int\u00e9rieur d\u2019un grip en silicone hypoallerg\u00e9nique. Cela maintient la pi\u00e8ce solidement attach\u00e9e \u00e0 la jambe et mod\u00e8re la transpiration. \u00c0 l\u2019ext\u00e9rieur, il y a des lignes r\u00e9fl\u00e9chissantes de 360\u00ba qui augmentent votre s\u00e9curit\u00e9 en r\u00e9fl\u00e9chissant les lumi\u00e8res des v\u00e9hicules.<\/p>\n","protected":false},"featured_media":141883,"comment_status":"closed","ping_status":"closed","template":"","meta":{"_acf_changed":false},"product_brand":[],"product_cat":[8305],"product_tag":[],"custom_category":[13288,3493],"range":[2499],"class_list":{"0":"post-93773","1":"product","2":"type-product","3":"status-publish","4":"has-post-thumbnail","6":"product_cat-uncategorized-fr","7":"pa_climatologia-temperature-chaude","8":"pa_deporte-triathlon-fr","9":"pa_genero-homme","10":"pa_genero-femme","11":"pa_patronaje-fit-fr","12":"pa_tipo-de-prenda-trifonction-fr","13":"custom_category-trifonction-personnalise","14":"custom_category-vetements-triathlon-personnalises","15":"range-aeris-fr","17":"first","18":"instock","19":"product-type-custom"},"acf":[],"yoast_head":"<!-- This site is optimized with the Yoast SEO plugin v27.2 - https:\/\/yoast.com\/product\/yoast-seo-wordpress\/ -->\n<title>Trifonction manche longue 2 pi\u00e8ces AERIS<\/title>\n<meta name=\"description\" content=\"La zone sup\u00e9rieure dispose d\u2019une fermeture \u00e9clair int\u00e9grale qui ouvre enti\u00e8rement la combinaison cycliste et vous permet de r\u00e9guler la ventilation. Cela vous offre les avantages a\u00e9rodynamiques d\u2019une combinaison avec le m\u00eame confort qu\u2019un maillot et cuissard s\u00e9par\u00e9s. Le tissu THINK du corps est tr\u00e8s l\u00e9ger, \u00e9lastique et respirant. Il permet d\u2019\u00e9vacuer la sueur rapidement pour conserver la peau s\u00e8che et \u00e9viter la surchauffe. Cela vous permettra de concourir au plus haut niveau, plus de temps. Les manches d\u00e9coup\u00e9es au laser s&#039;adaptent parfaitement au bras et emp\u00eachent l&#039;air de p\u00e9n\u00e9trer. La technicit\u00e9 des tissus garantit un bon flux de vent pour augmenter l\u2019a\u00e9rodynamisme et optimiser tous vos efforts. Le surfilage \u00e9lastique du cou s\u2019adapte au corps sans causer de friction. Toutes les pi\u00e8ces de cette trifonction sont con\u00e7ues pour s\u2019adapter parfaitement aux diff\u00e9rentes positions sur le v\u00e9lo sans opposer r\u00e9sistance. Elles sont cousues avec des coutures plates super r\u00e9sistantes. Le tissu des jambes se caract\u00e9rise par sa bonne compression musculaire. Il parvient \u00e0 garder l\u2019acide lactique sous contr\u00f4le, retarde la fatigue musculaire et aide \u00e0 oxyg\u00e9ner le sang. Au bout des jambes, il y a une bande \u00e9lastique micro-perfor\u00e9e recouverte \u00e0 l\u2019int\u00e9rieur d\u2019un grip en silicone hypoallerg\u00e9nique. Cela maintient la pi\u00e8ce solidement attach\u00e9e \u00e0 la jambe et mod\u00e8re la transpiration. \u00c0 l\u2019ext\u00e9rieur, il y a des lignes r\u00e9fl\u00e9chissantes de 360\u00ba qui augmentent votre s\u00e9curit\u00e9 en r\u00e9fl\u00e9chissant les lumi\u00e8res des v\u00e9hicules.\" \/>\n<meta name=\"robots\" content=\"index, follow, max-snippet:-1, max-image-preview:large, max-video-preview:-1\" \/>\n<link rel=\"canonical\" href=\"https:\/\/www.inverseteams.com\/fr\/produit\/trifonction-manche-longue-2-pieces-aeris\/\" \/>\n<meta property=\"og:locale\" content=\"fr_FR\" \/>\n<meta property=\"og:type\" content=\"article\" \/>\n<meta property=\"og:title\" content=\"Trifonction manche longue 2 pi\u00e8ces AERIS\" \/>\n<meta property=\"og:description\" content=\"La zone sup\u00e9rieure dispose d\u2019une fermeture \u00e9clair int\u00e9grale qui ouvre enti\u00e8rement la combinaison cycliste et vous permet de r\u00e9guler la ventilation. Cela vous offre les avantages a\u00e9rodynamiques d\u2019une combinaison avec le m\u00eame confort qu\u2019un maillot et cuissard s\u00e9par\u00e9s. Le tissu THINK du corps est tr\u00e8s l\u00e9ger, \u00e9lastique et respirant. Il permet d\u2019\u00e9vacuer la sueur rapidement pour conserver la peau s\u00e8che et \u00e9viter la surchauffe. Cela vous permettra de concourir au plus haut niveau, plus de temps. Les manches d\u00e9coup\u00e9es au laser s&#039;adaptent parfaitement au bras et emp\u00eachent l&#039;air de p\u00e9n\u00e9trer. La technicit\u00e9 des tissus garantit un bon flux de vent pour augmenter l\u2019a\u00e9rodynamisme et optimiser tous vos efforts. Le surfilage \u00e9lastique du cou s\u2019adapte au corps sans causer de friction. Toutes les pi\u00e8ces de cette trifonction sont con\u00e7ues pour s\u2019adapter parfaitement aux diff\u00e9rentes positions sur le v\u00e9lo sans opposer r\u00e9sistance. Elles sont cousues avec des coutures plates super r\u00e9sistantes. Le tissu des jambes se caract\u00e9rise par sa bonne compression musculaire. Il parvient \u00e0 garder l\u2019acide lactique sous contr\u00f4le, retarde la fatigue musculaire et aide \u00e0 oxyg\u00e9ner le sang. Au bout des jambes, il y a une bande \u00e9lastique micro-perfor\u00e9e recouverte \u00e0 l\u2019int\u00e9rieur d\u2019un grip en silicone hypoallerg\u00e9nique. Cela maintient la pi\u00e8ce solidement attach\u00e9e \u00e0 la jambe et mod\u00e8re la transpiration. \u00c0 l\u2019ext\u00e9rieur, il y a des lignes r\u00e9fl\u00e9chissantes de 360\u00ba qui augmentent votre s\u00e9curit\u00e9 en r\u00e9fl\u00e9chissant les lumi\u00e8res des v\u00e9hicules.\" \/>\n<meta property=\"og:url\" content=\"https:\/\/www.inverseteams.com\/fr\/produit\/trifonction-manche-longue-2-pieces-aeris\/\" \/>\n<meta property=\"og:site_name\" content=\"Inverseteams\" \/>\n<meta property=\"article:publisher\" content=\"https:\/\/www.facebook.com\/inverseteams\" \/>\n<meta property=\"article:modified_time\" content=\"2023-10-05T11:46:42+00:00\" \/>\n<meta property=\"og:image\" content=\"https:\/\/www.inverseteams.com\/wp-content\/uploads\/MONO-ML-AERIS-1.jpg\" \/>\n\t<meta property=\"og:image:width\" content=\"3222\" \/>\n\t<meta property=\"og:image:height\" content=\"3462\" \/>\n\t<meta property=\"og:image:type\" content=\"image\/jpeg\" \/>\n<meta name=\"twitter:card\" content=\"summary_large_image\" \/>\n<meta name=\"twitter:label1\" content=\"Dur\u00e9e de lecture estim\u00e9e\" \/>\n\t<meta name=\"twitter:data1\" content=\"2 minutes\" \/>\n<script type=\"application\/ld+json\" class=\"yoast-schema-graph\">{\"@context\":\"https:\/\/schema.org\",\"@graph\":[{\"@type\":\"WebPage\",\"@id\":\"https:\/\/www.inverseteams.com\/fr\/produit\/trifonction-manche-longue-2-pieces-aeris\/\",\"url\":\"https:\/\/www.inverseteams.com\/fr\/produit\/trifonction-manche-longue-2-pieces-aeris\/\",\"name\":\"Trifonction manche longue 2 pi\u00e8ces AERIS\",\"isPartOf\":{\"@id\":\"https:\/\/www.inverseteams.com\/fr\/#website\"},\"primaryImageOfPage\":{\"@id\":\"https:\/\/www.inverseteams.com\/fr\/produit\/trifonction-manche-longue-2-pieces-aeris\/#primaryimage\"},\"image\":{\"@id\":\"https:\/\/www.inverseteams.com\/fr\/produit\/trifonction-manche-longue-2-pieces-aeris\/#primaryimage\"},\"thumbnailUrl\":\"https:\/\/www.inverseteams.com\/wp-content\/uploads\/MONO-ML-AERIS-1.jpg\",\"datePublished\":\"2022-09-14T10:57:40+00:00\",\"dateModified\":\"2023-10-05T11:46:42+00:00\",\"description\":\"La zone sup\u00e9rieure dispose d\u2019une fermeture \u00e9clair int\u00e9grale qui ouvre enti\u00e8rement la combinaison cycliste et vous permet de r\u00e9guler la ventilation. Cela vous offre les avantages a\u00e9rodynamiques d\u2019une combinaison avec le m\u00eame confort qu\u2019un maillot et cuissard s\u00e9par\u00e9s. Le tissu THINK du corps est tr\u00e8s l\u00e9ger, \u00e9lastique et respirant. Il permet d\u2019\u00e9vacuer la sueur rapidement pour conserver la peau s\u00e8che et \u00e9viter la surchauffe. Cela vous permettra de concourir au plus haut niveau, plus de temps. Les manches d\u00e9coup\u00e9es au laser s'adaptent parfaitement au bras et emp\u00eachent l'air de p\u00e9n\u00e9trer. La technicit\u00e9 des tissus garantit un bon flux de vent pour augmenter l\u2019a\u00e9rodynamisme et optimiser tous vos efforts. Le surfilage \u00e9lastique du cou s\u2019adapte au corps sans causer de friction. Toutes les pi\u00e8ces de cette trifonction sont con\u00e7ues pour s\u2019adapter parfaitement aux diff\u00e9rentes positions sur le v\u00e9lo sans opposer r\u00e9sistance. Elles sont cousues avec des coutures plates super r\u00e9sistantes. Le tissu des jambes se caract\u00e9rise par sa bonne compression musculaire. Il parvient \u00e0 garder l\u2019acide lactique sous contr\u00f4le, retarde la fatigue musculaire et aide \u00e0 oxyg\u00e9ner le sang. Au bout des jambes, il y a une bande \u00e9lastique micro-perfor\u00e9e recouverte \u00e0 l\u2019int\u00e9rieur d\u2019un grip en silicone hypoallerg\u00e9nique. Cela maintient la pi\u00e8ce solidement attach\u00e9e \u00e0 la jambe et mod\u00e8re la transpiration. \u00c0 l\u2019ext\u00e9rieur, il y a des lignes r\u00e9fl\u00e9chissantes de 360\u00ba qui augmentent votre s\u00e9curit\u00e9 en r\u00e9fl\u00e9chissant les lumi\u00e8res des v\u00e9hicules.\",\"breadcrumb\":{\"@id\":\"https:\/\/www.inverseteams.com\/fr\/produit\/trifonction-manche-longue-2-pieces-aeris\/#breadcrumb\"},\"inLanguage\":\"fr-FR\",\"potentialAction\":[{\"@type\":\"ReadAction\",\"target\":[\"https:\/\/www.inverseteams.com\/fr\/produit\/trifonction-manche-longue-2-pieces-aeris\/\"]}]},{\"@type\":\"ImageObject\",\"inLanguage\":\"fr-FR\",\"@id\":\"https:\/\/www.inverseteams.com\/fr\/produit\/trifonction-manche-longue-2-pieces-aeris\/#primaryimage\",\"url\":\"https:\/\/www.inverseteams.com\/wp-content\/uploads\/MONO-ML-AERIS-1.jpg\",\"contentUrl\":\"https:\/\/www.inverseteams.com\/wp-content\/uploads\/MONO-ML-AERIS-1.jpg\",\"width\":3222,\"height\":3462,\"caption\":\"trimono larga distancia aeris personalizado\"},{\"@type\":\"BreadcrumbList\",\"@id\":\"https:\/\/www.inverseteams.com\/fr\/produit\/trifonction-manche-longue-2-pieces-aeris\/#breadcrumb\",\"itemListElement\":[{\"@type\":\"ListItem\",\"position\":1,\"name\":\"Portada\",\"item\":\"https:\/\/www.inverseteams.com\/fr\/pagina-principal\/\"},{\"@type\":\"ListItem\",\"position\":2,\"name\":\"Panier\",\"item\":\"https:\/\/www.inverseteams.com\/fr\/panier\/\"},{\"@type\":\"ListItem\",\"position\":3,\"name\":\"Trifonction manche longue 2 pi\u00e8ces AERIS\"}]},{\"@type\":\"WebSite\",\"@id\":\"https:\/\/www.inverseteams.com\/fr\/#website\",\"url\":\"https:\/\/www.inverseteams.com\/fr\/\",\"name\":\"Inverseteams\",\"description\":\"Tu marca de ropa deportiva personalizada\",\"publisher\":{\"@id\":\"https:\/\/www.inverseteams.com\/fr\/#organization\"},\"potentialAction\":[{\"@type\":\"SearchAction\",\"target\":{\"@type\":\"EntryPoint\",\"urlTemplate\":\"https:\/\/www.inverseteams.com\/fr\/?s={search_term_string}\"},\"query-input\":{\"@type\":\"PropertyValueSpecification\",\"valueRequired\":true,\"valueName\":\"search_term_string\"}}],\"inLanguage\":\"fr-FR\"},{\"@type\":\"Organization\",\"@id\":\"https:\/\/www.inverseteams.com\/fr\/#organization\",\"name\":\"Inverse Teams\",\"url\":\"https:\/\/www.inverseteams.com\/fr\/\",\"logo\":{\"@type\":\"ImageObject\",\"inLanguage\":\"fr-FR\",\"@id\":\"https:\/\/www.inverseteams.com\/fr\/#\/schema\/logo\/image\/\",\"url\":\"https:\/\/www.inverseteams.com\/wp-content\/uploads\/2021\/03\/logo-inverse-teams.png\",\"contentUrl\":\"https:\/\/www.inverseteams.com\/wp-content\/uploads\/2021\/03\/logo-inverse-teams.png\",\"width\":294,\"height\":99,\"caption\":\"Inverse Teams\"},\"image\":{\"@id\":\"https:\/\/www.inverseteams.com\/fr\/#\/schema\/logo\/image\/\"},\"sameAs\":[\"https:\/\/www.facebook.com\/inverseteams\",\"http:\/\/instagram.com\/inverseteams\",\"https:\/\/www.linkedin.com\/company\/inverse-cirosport-s-l-?trk=job_view_topcard_company_name\",\"http:\/\/www.pinterest.com\/inverseteams\/\",\"http:\/\/www.youtube.com\/user\/inverseteams?feature=watch\"]}]}<\/script>\n<!-- \/ Yoast SEO plugin. -->","yoast_head_json":{"title":"Trifonction manche longue 2 pi\u00e8ces AERIS","description":"La zone sup\u00e9rieure dispose d\u2019une fermeture \u00e9clair int\u00e9grale qui ouvre enti\u00e8rement la combinaison cycliste et vous permet de r\u00e9guler la ventilation. Cela vous offre les avantages a\u00e9rodynamiques d\u2019une combinaison avec le m\u00eame confort qu\u2019un maillot et cuissard s\u00e9par\u00e9s. Le tissu THINK du corps est tr\u00e8s l\u00e9ger, \u00e9lastique et respirant. Il permet d\u2019\u00e9vacuer la sueur rapidement pour conserver la peau s\u00e8che et \u00e9viter la surchauffe. Cela vous permettra de concourir au plus haut niveau, plus de temps. Les manches d\u00e9coup\u00e9es au laser s'adaptent parfaitement au bras et emp\u00eachent l'air de p\u00e9n\u00e9trer. La technicit\u00e9 des tissus garantit un bon flux de vent pour augmenter l\u2019a\u00e9rodynamisme et optimiser tous vos efforts. Le surfilage \u00e9lastique du cou s\u2019adapte au corps sans causer de friction. Toutes les pi\u00e8ces de cette trifonction sont con\u00e7ues pour s\u2019adapter parfaitement aux diff\u00e9rentes positions sur le v\u00e9lo sans opposer r\u00e9sistance. Elles sont cousues avec des coutures plates super r\u00e9sistantes. Le tissu des jambes se caract\u00e9rise par sa bonne compression musculaire. Il parvient \u00e0 garder l\u2019acide lactique sous contr\u00f4le, retarde la fatigue musculaire et aide \u00e0 oxyg\u00e9ner le sang. Au bout des jambes, il y a une bande \u00e9lastique micro-perfor\u00e9e recouverte \u00e0 l\u2019int\u00e9rieur d\u2019un grip en silicone hypoallerg\u00e9nique. Cela maintient la pi\u00e8ce solidement attach\u00e9e \u00e0 la jambe et mod\u00e8re la transpiration. \u00c0 l\u2019ext\u00e9rieur, il y a des lignes r\u00e9fl\u00e9chissantes de 360\u00ba qui augmentent votre s\u00e9curit\u00e9 en r\u00e9fl\u00e9chissant les lumi\u00e8res des v\u00e9hicules.","robots":{"index":"index","follow":"follow","max-snippet":"max-snippet:-1","max-image-preview":"max-image-preview:large","max-video-preview":"max-video-preview:-1"},"canonical":"https:\/\/www.inverseteams.com\/fr\/produit\/trifonction-manche-longue-2-pieces-aeris\/","og_locale":"fr_FR","og_type":"article","og_title":"Trifonction manche longue 2 pi\u00e8ces AERIS","og_description":"La zone sup\u00e9rieure dispose d\u2019une fermeture \u00e9clair int\u00e9grale qui ouvre enti\u00e8rement la combinaison cycliste et vous permet de r\u00e9guler la ventilation. Cela vous offre les avantages a\u00e9rodynamiques d\u2019une combinaison avec le m\u00eame confort qu\u2019un maillot et cuissard s\u00e9par\u00e9s. Le tissu THINK du corps est tr\u00e8s l\u00e9ger, \u00e9lastique et respirant. Il permet d\u2019\u00e9vacuer la sueur rapidement pour conserver la peau s\u00e8che et \u00e9viter la surchauffe. Cela vous permettra de concourir au plus haut niveau, plus de temps. Les manches d\u00e9coup\u00e9es au laser s'adaptent parfaitement au bras et emp\u00eachent l'air de p\u00e9n\u00e9trer. La technicit\u00e9 des tissus garantit un bon flux de vent pour augmenter l\u2019a\u00e9rodynamisme et optimiser tous vos efforts. Le surfilage \u00e9lastique du cou s\u2019adapte au corps sans causer de friction. Toutes les pi\u00e8ces de cette trifonction sont con\u00e7ues pour s\u2019adapter parfaitement aux diff\u00e9rentes positions sur le v\u00e9lo sans opposer r\u00e9sistance. Elles sont cousues avec des coutures plates super r\u00e9sistantes. Le tissu des jambes se caract\u00e9rise par sa bonne compression musculaire. Il parvient \u00e0 garder l\u2019acide lactique sous contr\u00f4le, retarde la fatigue musculaire et aide \u00e0 oxyg\u00e9ner le sang. Au bout des jambes, il y a une bande \u00e9lastique micro-perfor\u00e9e recouverte \u00e0 l\u2019int\u00e9rieur d\u2019un grip en silicone hypoallerg\u00e9nique. Cela maintient la pi\u00e8ce solidement attach\u00e9e \u00e0 la jambe et mod\u00e8re la transpiration. \u00c0 l\u2019ext\u00e9rieur, il y a des lignes r\u00e9fl\u00e9chissantes de 360\u00ba qui augmentent votre s\u00e9curit\u00e9 en r\u00e9fl\u00e9chissant les lumi\u00e8res des v\u00e9hicules.","og_url":"https:\/\/www.inverseteams.com\/fr\/produit\/trifonction-manche-longue-2-pieces-aeris\/","og_site_name":"Inverseteams","article_publisher":"https:\/\/www.facebook.com\/inverseteams","article_modified_time":"2023-10-05T11:46:42+00:00","og_image":[{"width":3222,"height":3462,"url":"https:\/\/www.inverseteams.com\/wp-content\/uploads\/MONO-ML-AERIS-1.jpg","type":"image\/jpeg"}],"twitter_card":"summary_large_image","twitter_misc":{"Dur\u00e9e de lecture estim\u00e9e":"2 minutes"},"schema":{"@context":"https:\/\/schema.org","@graph":[{"@type":"WebPage","@id":"https:\/\/www.inverseteams.com\/fr\/produit\/trifonction-manche-longue-2-pieces-aeris\/","url":"https:\/\/www.inverseteams.com\/fr\/produit\/trifonction-manche-longue-2-pieces-aeris\/","name":"Trifonction manche longue 2 pi\u00e8ces AERIS","isPartOf":{"@id":"https:\/\/www.inverseteams.com\/fr\/#website"},"primaryImageOfPage":{"@id":"https:\/\/www.inverseteams.com\/fr\/produit\/trifonction-manche-longue-2-pieces-aeris\/#primaryimage"},"image":{"@id":"https:\/\/www.inverseteams.com\/fr\/produit\/trifonction-manche-longue-2-pieces-aeris\/#primaryimage"},"thumbnailUrl":"https:\/\/www.inverseteams.com\/wp-content\/uploads\/MONO-ML-AERIS-1.jpg","datePublished":"2022-09-14T10:57:40+00:00","dateModified":"2023-10-05T11:46:42+00:00","description":"La zone sup\u00e9rieure dispose d\u2019une fermeture \u00e9clair int\u00e9grale qui ouvre enti\u00e8rement la combinaison cycliste et vous permet de r\u00e9guler la ventilation. Cela vous offre les avantages a\u00e9rodynamiques d\u2019une combinaison avec le m\u00eame confort qu\u2019un maillot et cuissard s\u00e9par\u00e9s. Le tissu THINK du corps est tr\u00e8s l\u00e9ger, \u00e9lastique et respirant. Il permet d\u2019\u00e9vacuer la sueur rapidement pour conserver la peau s\u00e8che et \u00e9viter la surchauffe. Cela vous permettra de concourir au plus haut niveau, plus de temps. Les manches d\u00e9coup\u00e9es au laser s'adaptent parfaitement au bras et emp\u00eachent l'air de p\u00e9n\u00e9trer. La technicit\u00e9 des tissus garantit un bon flux de vent pour augmenter l\u2019a\u00e9rodynamisme et optimiser tous vos efforts. Le surfilage \u00e9lastique du cou s\u2019adapte au corps sans causer de friction. Toutes les pi\u00e8ces de cette trifonction sont con\u00e7ues pour s\u2019adapter parfaitement aux diff\u00e9rentes positions sur le v\u00e9lo sans opposer r\u00e9sistance. Elles sont cousues avec des coutures plates super r\u00e9sistantes. Le tissu des jambes se caract\u00e9rise par sa bonne compression musculaire. Il parvient \u00e0 garder l\u2019acide lactique sous contr\u00f4le, retarde la fatigue musculaire et aide \u00e0 oxyg\u00e9ner le sang. Au bout des jambes, il y a une bande \u00e9lastique micro-perfor\u00e9e recouverte \u00e0 l\u2019int\u00e9rieur d\u2019un grip en silicone hypoallerg\u00e9nique. Cela maintient la pi\u00e8ce solidement attach\u00e9e \u00e0 la jambe et mod\u00e8re la transpiration. \u00c0 l\u2019ext\u00e9rieur, il y a des lignes r\u00e9fl\u00e9chissantes de 360\u00ba qui augmentent votre s\u00e9curit\u00e9 en r\u00e9fl\u00e9chissant les lumi\u00e8res des v\u00e9hicules.","breadcrumb":{"@id":"https:\/\/www.inverseteams.com\/fr\/produit\/trifonction-manche-longue-2-pieces-aeris\/#breadcrumb"},"inLanguage":"fr-FR","potentialAction":[{"@type":"ReadAction","target":["https:\/\/www.inverseteams.com\/fr\/produit\/trifonction-manche-longue-2-pieces-aeris\/"]}]},{"@type":"ImageObject","inLanguage":"fr-FR","@id":"https:\/\/www.inverseteams.com\/fr\/produit\/trifonction-manche-longue-2-pieces-aeris\/#primaryimage","url":"https:\/\/www.inverseteams.com\/wp-content\/uploads\/MONO-ML-AERIS-1.jpg","contentUrl":"https:\/\/www.inverseteams.com\/wp-content\/uploads\/MONO-ML-AERIS-1.jpg","width":3222,"height":3462,"caption":"trimono larga distancia aeris personalizado"},{"@type":"BreadcrumbList","@id":"https:\/\/www.inverseteams.com\/fr\/produit\/trifonction-manche-longue-2-pieces-aeris\/#breadcrumb","itemListElement":[{"@type":"ListItem","position":1,"name":"Portada","item":"https:\/\/www.inverseteams.com\/fr\/pagina-principal\/"},{"@type":"ListItem","position":2,"name":"Panier","item":"https:\/\/www.inverseteams.com\/fr\/panier\/"},{"@type":"ListItem","position":3,"name":"Trifonction manche longue 2 pi\u00e8ces AERIS"}]},{"@type":"WebSite","@id":"https:\/\/www.inverseteams.com\/fr\/#website","url":"https:\/\/www.inverseteams.com\/fr\/","name":"Inverseteams","description":"Tu marca de ropa deportiva personalizada","publisher":{"@id":"https:\/\/www.inverseteams.com\/fr\/#organization"},"potentialAction":[{"@type":"SearchAction","target":{"@type":"EntryPoint","urlTemplate":"https:\/\/www.inverseteams.com\/fr\/?s={search_term_string}"},"query-input":{"@type":"PropertyValueSpecification","valueRequired":true,"valueName":"search_term_string"}}],"inLanguage":"fr-FR"},{"@type":"Organization","@id":"https:\/\/www.inverseteams.com\/fr\/#organization","name":"Inverse Teams","url":"https:\/\/www.inverseteams.com\/fr\/","logo":{"@type":"ImageObject","inLanguage":"fr-FR","@id":"https:\/\/www.inverseteams.com\/fr\/#\/schema\/logo\/image\/","url":"https:\/\/www.inverseteams.com\/wp-content\/uploads\/2021\/03\/logo-inverse-teams.png","contentUrl":"https:\/\/www.inverseteams.com\/wp-content\/uploads\/2021\/03\/logo-inverse-teams.png","width":294,"height":99,"caption":"Inverse Teams"},"image":{"@id":"https:\/\/www.inverseteams.com\/fr\/#\/schema\/logo\/image\/"},"sameAs":["https:\/\/www.facebook.com\/inverseteams","http:\/\/instagram.com\/inverseteams","https:\/\/www.linkedin.com\/company\/inverse-cirosport-s-l-?trk=job_view_topcard_company_name","http:\/\/www.pinterest.com\/inverseteams\/","http:\/\/www.youtube.com\/user\/inverseteams?feature=watch"]}]}},"_links":{"self":[{"href":"https:\/\/www.inverseteams.com\/fr\/wp-json\/wp\/v2\/product\/93773","targetHints":{"allow":["GET"]}}],"collection":[{"href":"https:\/\/www.inverseteams.com\/fr\/wp-json\/wp\/v2\/product"}],"about":[{"href":"https:\/\/www.inverseteams.com\/fr\/wp-json\/wp\/v2\/types\/product"}],"replies":[{"embeddable":true,"href":"https:\/\/www.inverseteams.com\/fr\/wp-json\/wp\/v2\/comments?post=93773"}],"wp:featuredmedia":[{"embeddable":true,"href":"https:\/\/www.inverseteams.com\/fr\/wp-json\/wp\/v2\/media\/141883"}],"wp:attachment":[{"href":"https:\/\/www.inverseteams.com\/fr\/wp-json\/wp\/v2\/media?parent=93773"}],"wp:term":[{"taxonomy":"product_brand","embeddable":true,"href":"https:\/\/www.inverseteams.com\/fr\/wp-json\/wp\/v2\/product_brand?post=93773"},{"taxonomy":"product_cat","embeddable":true,"href":"https:\/\/www.inverseteams.com\/fr\/wp-json\/wp\/v2\/product_cat?post=93773"},{"taxonomy":"product_tag","embeddable":true,"href":"https:\/\/www.inverseteams.com\/fr\/wp-json\/wp\/v2\/product_tag?post=93773"},{"taxonomy":"custom_category","embeddable":true,"href":"https:\/\/www.inverseteams.com\/fr\/wp-json\/wp\/v2\/custom_category?post=93773"},{"taxonomy":"range","embeddable":true,"href":"https:\/\/www.inverseteams.com\/fr\/wp-json\/wp\/v2\/range?post=93773"}],"curies":[{"name":"wp","href":"https:\/\/api.w.org\/{rel}","templated":true}]}}