{"id":87056,"date":"2022-07-21T07:46:36","date_gmt":"2022-07-21T07:55:00","guid":{"rendered":"https:\/\/www.inverseteams.com\/?post_type=product&#038;p=87056"},"modified":"2022-07-21T08:12:26","modified_gmt":"2022-07-21T08:12:26","slug":"maillot-ski-de-randonnee-skimo","status":"publish","type":"product","link":"https:\/\/www.inverseteams.com\/fr\/produit\/maillot-ski-de-randonnee-skimo\/","title":{"rendered":"Maillot ski de randonn\u00e9e SKIMO"},"content":{"rendered":"<p>Maillot de ski de randonn\u00e9e \u00e9lastique qui s&rsquo;adapte parfaitement au corps et \u00e0 tous les mouvements, garantissant un a\u00e9rodynamisme extraordinaire et un grand confort. Il a une fermeture \u00e9clair \u00e0 l&rsquo;avant qui permet d&rsquo;enfiler et de retirer facilement le maillot de randonn\u00e9e.<br \/>\nIl a des poches ext\u00e9rieures faciles d&rsquo;acc\u00e8s pour ranger les peaux lorsqu&rsquo;elles ne sont pas n\u00e9cessaires. \u00c0 l&rsquo;int\u00e9rieur, il y a aussi plusieurs poches ouvertes et une avec une fermeture \u00e9clair. Les \u00e9paules sont renforc\u00e9es par un grip pour que le sac \u00e0 dos ne bouge pas pendant l&rsquo;exercice et prot\u00e8ge en m\u00eame temps le tissu.<\/p>\n","protected":false},"excerpt":{"rendered":"<p>Maillot de ski de randonn\u00e9e \u00e9lastique qui s&rsquo;adapte parfaitement au corps et \u00e0 tous les mouvements, garantissant un a\u00e9rodynamisme extraordinaire et un grand confort. Il a une fermeture \u00e9clair \u00e0 l&rsquo;avant qui permet d&rsquo;enfiler et de retirer facilement le maillot de randonn\u00e9e.<br \/>\nIl a des poches ext\u00e9rieures faciles d&rsquo;acc\u00e8s pour ranger les peaux lorsqu&rsquo;elles ne sont pas n\u00e9cessaires. \u00c0 l&rsquo;int\u00e9rieur, il y a aussi plusieurs poches ouvertes et une avec une fermeture \u00e9clair. Les \u00e9paules sont renforc\u00e9es par un grip pour que le sac \u00e0 dos ne bouge pas pendant l&rsquo;exercice et prot\u00e8ge en m\u00eame temps le tissu.<\/p>\n","protected":false},"featured_media":85933,"comment_status":"closed","ping_status":"open","template":"","meta":{"_acf_changed":false},"product_brand":[],"product_cat":[8305],"product_tag":[],"custom_category":[3349,8722,8718],"range":[8714],"class_list":{"0":"post-87056","1":"product","2":"type-product","3":"status-publish","4":"has-post-thumbnail","6":"product_cat-uncategorized-fr","7":"pa_climatologia-froid","8":"pa_deporte-esqui-fr","9":"pa_genero-homme","10":"pa_genero-femme","11":"pa_patronaje-fit-fr","12":"pa_tipo-de-prenda-combinaison","13":"custom_category-sport-fr","14":"custom_category-maillot-ski-personnalise","15":"custom_category-vetements-ski-personnalises","16":"range-skimo-fr","18":"first","19":"instock","20":"product-type-custom"},"acf":[],"yoast_head":"<!-- This site is optimized with the Yoast SEO plugin v27.5 - https:\/\/yoast.com\/product\/yoast-seo-wordpress\/ -->\n<title>Maillot ski de randonn\u00e9e SKIMO<\/title>\n<meta name=\"description\" content=\"Maillot de ski de randonn\u00e9e \u00e9lastique qui s&#039;adapte parfaitement au corps et \u00e0 tous les mouvements, garantissant un a\u00e9rodynamisme extraordinaire et un grand confort. Il a une fermeture \u00e9clair \u00e0 l&#039;avant qui permet d&#039;enfiler et de retirer facilement le maillot de randonn\u00e9e. Il a des poches ext\u00e9rieures faciles d&#039;acc\u00e8s pour ranger les peaux lorsqu&#039;elles ne sont pas n\u00e9cessaires. \u00c0 l&#039;int\u00e9rieur, il y a aussi plusieurs poches ouvertes et une avec une fermeture \u00e9clair. Les \u00e9paules sont renforc\u00e9es par un grip pour que le sac \u00e0 dos ne bouge pas pendant l&#039;exercice et prot\u00e8ge en m\u00eame temps le tissu.\" \/>\n<meta name=\"robots\" content=\"index, follow, max-snippet:-1, max-image-preview:large, max-video-preview:-1\" \/>\n<link rel=\"canonical\" href=\"https:\/\/www.inverseteams.com\/fr\/produit\/maillot-ski-de-randonnee-skimo\/\" \/>\n<meta property=\"og:locale\" content=\"fr_FR\" \/>\n<meta property=\"og:type\" content=\"article\" \/>\n<meta property=\"og:title\" content=\"Maillot ski de randonn\u00e9e SKIMO\" \/>\n<meta property=\"og:description\" content=\"Maillot de ski de randonn\u00e9e \u00e9lastique qui s&#039;adapte parfaitement au corps et \u00e0 tous les mouvements, garantissant un a\u00e9rodynamisme extraordinaire et un grand confort. Il a une fermeture \u00e9clair \u00e0 l&#039;avant qui permet d&#039;enfiler et de retirer facilement le maillot de randonn\u00e9e. Il a des poches ext\u00e9rieures faciles d&#039;acc\u00e8s pour ranger les peaux lorsqu&#039;elles ne sont pas n\u00e9cessaires. \u00c0 l&#039;int\u00e9rieur, il y a aussi plusieurs poches ouvertes et une avec une fermeture \u00e9clair. Les \u00e9paules sont renforc\u00e9es par un grip pour que le sac \u00e0 dos ne bouge pas pendant l&#039;exercice et prot\u00e8ge en m\u00eame temps le tissu.\" \/>\n<meta property=\"og:url\" content=\"https:\/\/www.inverseteams.com\/fr\/produit\/maillot-ski-de-randonnee-skimo\/\" \/>\n<meta property=\"og:site_name\" content=\"Inverseteams\" \/>\n<meta property=\"article:publisher\" content=\"https:\/\/www.facebook.com\/inverseteams\" \/>\n<meta property=\"article:modified_time\" content=\"2022-07-21T08:12:26+00:00\" \/>\n<meta property=\"og:image\" content=\"https:\/\/www.inverseteams.com\/wp-content\/uploads\/MAILLOT-ESQUI-TRAVESIA-SKIMO-1.jpg\" \/>\n\t<meta property=\"og:image:width\" content=\"3222\" \/>\n\t<meta property=\"og:image:height\" content=\"3462\" \/>\n\t<meta property=\"og:image:type\" content=\"image\/jpeg\" \/>\n<meta name=\"twitter:card\" content=\"summary_large_image\" \/>\n<meta name=\"twitter:label1\" content=\"Dur\u00e9e de lecture estim\u00e9e\" \/>\n\t<meta name=\"twitter:data1\" content=\"1 minute\" \/>\n<script type=\"application\/ld+json\" class=\"yoast-schema-graph\">{\"@context\":\"https:\\\/\\\/schema.org\",\"@graph\":[{\"@type\":\"WebPage\",\"@id\":\"https:\\\/\\\/www.inverseteams.com\\\/fr\\\/produit\\\/maillot-ski-de-randonnee-skimo\\\/\",\"url\":\"https:\\\/\\\/www.inverseteams.com\\\/fr\\\/produit\\\/maillot-ski-de-randonnee-skimo\\\/\",\"name\":\"Maillot ski de randonn\u00e9e SKIMO\",\"isPartOf\":{\"@id\":\"https:\\\/\\\/www.inverseteams.com\\\/fr\\\/#website\"},\"primaryImageOfPage\":{\"@id\":\"https:\\\/\\\/www.inverseteams.com\\\/fr\\\/produit\\\/maillot-ski-de-randonnee-skimo\\\/#primaryimage\"},\"image\":{\"@id\":\"https:\\\/\\\/www.inverseteams.com\\\/fr\\\/produit\\\/maillot-ski-de-randonnee-skimo\\\/#primaryimage\"},\"thumbnailUrl\":\"https:\\\/\\\/www.inverseteams.com\\\/wp-content\\\/uploads\\\/MAILLOT-ESQUI-TRAVESIA-SKIMO-1.jpg\",\"datePublished\":\"2022-07-21T07:55:00+00:00\",\"dateModified\":\"2022-07-21T08:12:26+00:00\",\"description\":\"Maillot de ski de randonn\u00e9e \u00e9lastique qui s'adapte parfaitement au corps et \u00e0 tous les mouvements, garantissant un a\u00e9rodynamisme extraordinaire et un grand confort. Il a une fermeture \u00e9clair \u00e0 l'avant qui permet d'enfiler et de retirer facilement le maillot de randonn\u00e9e. Il a des poches ext\u00e9rieures faciles d'acc\u00e8s pour ranger les peaux lorsqu'elles ne sont pas n\u00e9cessaires. \u00c0 l'int\u00e9rieur, il y a aussi plusieurs poches ouvertes et une avec une fermeture \u00e9clair. Les \u00e9paules sont renforc\u00e9es par un grip pour que le sac \u00e0 dos ne bouge pas pendant l'exercice et prot\u00e8ge en m\u00eame temps le tissu.\",\"breadcrumb\":{\"@id\":\"https:\\\/\\\/www.inverseteams.com\\\/fr\\\/produit\\\/maillot-ski-de-randonnee-skimo\\\/#breadcrumb\"},\"inLanguage\":\"fr-FR\",\"potentialAction\":[{\"@type\":\"ReadAction\",\"target\":[\"https:\\\/\\\/www.inverseteams.com\\\/fr\\\/produit\\\/maillot-ski-de-randonnee-skimo\\\/\"]}]},{\"@type\":\"ImageObject\",\"inLanguage\":\"fr-FR\",\"@id\":\"https:\\\/\\\/www.inverseteams.com\\\/fr\\\/produit\\\/maillot-ski-de-randonnee-skimo\\\/#primaryimage\",\"url\":\"https:\\\/\\\/www.inverseteams.com\\\/wp-content\\\/uploads\\\/MAILLOT-ESQUI-TRAVESIA-SKIMO-1.jpg\",\"contentUrl\":\"https:\\\/\\\/www.inverseteams.com\\\/wp-content\\\/uploads\\\/MAILLOT-ESQUI-TRAVESIA-SKIMO-1.jpg\",\"width\":3222,\"height\":3462,\"caption\":\"Maillot ski de randonn\u00e9e SKIMO\"},{\"@type\":\"BreadcrumbList\",\"@id\":\"https:\\\/\\\/www.inverseteams.com\\\/fr\\\/produit\\\/maillot-ski-de-randonnee-skimo\\\/#breadcrumb\",\"itemListElement\":[{\"@type\":\"ListItem\",\"position\":1,\"name\":\"Portada\",\"item\":\"https:\\\/\\\/www.inverseteams.com\\\/fr\\\/pagina-principal\\\/\"},{\"@type\":\"ListItem\",\"position\":2,\"name\":\"Panier\",\"item\":\"https:\\\/\\\/www.inverseteams.com\\\/fr\\\/panier\\\/\"},{\"@type\":\"ListItem\",\"position\":3,\"name\":\"Maillot ski de randonn\u00e9e SKIMO\"}]},{\"@type\":\"WebSite\",\"@id\":\"https:\\\/\\\/www.inverseteams.com\\\/fr\\\/#website\",\"url\":\"https:\\\/\\\/www.inverseteams.com\\\/fr\\\/\",\"name\":\"Inverseteams\",\"description\":\"Tu marca de ropa deportiva personalizada\",\"publisher\":{\"@id\":\"https:\\\/\\\/www.inverseteams.com\\\/fr\\\/#organization\"},\"potentialAction\":[{\"@type\":\"SearchAction\",\"target\":{\"@type\":\"EntryPoint\",\"urlTemplate\":\"https:\\\/\\\/www.inverseteams.com\\\/fr\\\/?s={search_term_string}\"},\"query-input\":{\"@type\":\"PropertyValueSpecification\",\"valueRequired\":true,\"valueName\":\"search_term_string\"}}],\"inLanguage\":\"fr-FR\"},{\"@type\":\"Organization\",\"@id\":\"https:\\\/\\\/www.inverseteams.com\\\/fr\\\/#organization\",\"name\":\"Inverse Teams\",\"url\":\"https:\\\/\\\/www.inverseteams.com\\\/fr\\\/\",\"logo\":{\"@type\":\"ImageObject\",\"inLanguage\":\"fr-FR\",\"@id\":\"https:\\\/\\\/www.inverseteams.com\\\/fr\\\/#\\\/schema\\\/logo\\\/image\\\/\",\"url\":\"https:\\\/\\\/www.inverseteams.com\\\/wp-content\\\/uploads\\\/2021\\\/03\\\/logo-inverse-teams.png\",\"contentUrl\":\"https:\\\/\\\/www.inverseteams.com\\\/wp-content\\\/uploads\\\/2021\\\/03\\\/logo-inverse-teams.png\",\"width\":294,\"height\":99,\"caption\":\"Inverse Teams\"},\"image\":{\"@id\":\"https:\\\/\\\/www.inverseteams.com\\\/fr\\\/#\\\/schema\\\/logo\\\/image\\\/\"},\"sameAs\":[\"https:\\\/\\\/www.facebook.com\\\/inverseteams\",\"http:\\\/\\\/instagram.com\\\/inverseteams\",\"https:\\\/\\\/www.linkedin.com\\\/company\\\/inverse-cirosport-s-l-?trk=job_view_topcard_company_name\",\"http:\\\/\\\/www.pinterest.com\\\/inverseteams\\\/\",\"http:\\\/\\\/www.youtube.com\\\/user\\\/inverseteams?feature=watch\"]}]}<\/script>\n<!-- \/ Yoast SEO plugin. -->","yoast_head_json":{"title":"Maillot ski de randonn\u00e9e SKIMO","description":"Maillot de ski de randonn\u00e9e \u00e9lastique qui s'adapte parfaitement au corps et \u00e0 tous les mouvements, garantissant un a\u00e9rodynamisme extraordinaire et un grand confort. Il a une fermeture \u00e9clair \u00e0 l'avant qui permet d'enfiler et de retirer facilement le maillot de randonn\u00e9e. Il a des poches ext\u00e9rieures faciles d'acc\u00e8s pour ranger les peaux lorsqu'elles ne sont pas n\u00e9cessaires. \u00c0 l'int\u00e9rieur, il y a aussi plusieurs poches ouvertes et une avec une fermeture \u00e9clair. Les \u00e9paules sont renforc\u00e9es par un grip pour que le sac \u00e0 dos ne bouge pas pendant l'exercice et prot\u00e8ge en m\u00eame temps le tissu.","robots":{"index":"index","follow":"follow","max-snippet":"max-snippet:-1","max-image-preview":"max-image-preview:large","max-video-preview":"max-video-preview:-1"},"canonical":"https:\/\/www.inverseteams.com\/fr\/produit\/maillot-ski-de-randonnee-skimo\/","og_locale":"fr_FR","og_type":"article","og_title":"Maillot ski de randonn\u00e9e SKIMO","og_description":"Maillot de ski de randonn\u00e9e \u00e9lastique qui s'adapte parfaitement au corps et \u00e0 tous les mouvements, garantissant un a\u00e9rodynamisme extraordinaire et un grand confort. Il a une fermeture \u00e9clair \u00e0 l'avant qui permet d'enfiler et de retirer facilement le maillot de randonn\u00e9e. Il a des poches ext\u00e9rieures faciles d'acc\u00e8s pour ranger les peaux lorsqu'elles ne sont pas n\u00e9cessaires. \u00c0 l'int\u00e9rieur, il y a aussi plusieurs poches ouvertes et une avec une fermeture \u00e9clair. Les \u00e9paules sont renforc\u00e9es par un grip pour que le sac \u00e0 dos ne bouge pas pendant l'exercice et prot\u00e8ge en m\u00eame temps le tissu.","og_url":"https:\/\/www.inverseteams.com\/fr\/produit\/maillot-ski-de-randonnee-skimo\/","og_site_name":"Inverseteams","article_publisher":"https:\/\/www.facebook.com\/inverseteams","article_modified_time":"2022-07-21T08:12:26+00:00","og_image":[{"width":3222,"height":3462,"url":"https:\/\/www.inverseteams.com\/wp-content\/uploads\/MAILLOT-ESQUI-TRAVESIA-SKIMO-1.jpg","type":"image\/jpeg"}],"twitter_card":"summary_large_image","twitter_misc":{"Dur\u00e9e de lecture estim\u00e9e":"1 minute"},"schema":{"@context":"https:\/\/schema.org","@graph":[{"@type":"WebPage","@id":"https:\/\/www.inverseteams.com\/fr\/produit\/maillot-ski-de-randonnee-skimo\/","url":"https:\/\/www.inverseteams.com\/fr\/produit\/maillot-ski-de-randonnee-skimo\/","name":"Maillot ski de randonn\u00e9e SKIMO","isPartOf":{"@id":"https:\/\/www.inverseteams.com\/fr\/#website"},"primaryImageOfPage":{"@id":"https:\/\/www.inverseteams.com\/fr\/produit\/maillot-ski-de-randonnee-skimo\/#primaryimage"},"image":{"@id":"https:\/\/www.inverseteams.com\/fr\/produit\/maillot-ski-de-randonnee-skimo\/#primaryimage"},"thumbnailUrl":"https:\/\/www.inverseteams.com\/wp-content\/uploads\/MAILLOT-ESQUI-TRAVESIA-SKIMO-1.jpg","datePublished":"2022-07-21T07:55:00+00:00","dateModified":"2022-07-21T08:12:26+00:00","description":"Maillot de ski de randonn\u00e9e \u00e9lastique qui s'adapte parfaitement au corps et \u00e0 tous les mouvements, garantissant un a\u00e9rodynamisme extraordinaire et un grand confort. Il a une fermeture \u00e9clair \u00e0 l'avant qui permet d'enfiler et de retirer facilement le maillot de randonn\u00e9e. Il a des poches ext\u00e9rieures faciles d'acc\u00e8s pour ranger les peaux lorsqu'elles ne sont pas n\u00e9cessaires. \u00c0 l'int\u00e9rieur, il y a aussi plusieurs poches ouvertes et une avec une fermeture \u00e9clair. Les \u00e9paules sont renforc\u00e9es par un grip pour que le sac \u00e0 dos ne bouge pas pendant l'exercice et prot\u00e8ge en m\u00eame temps le tissu.","breadcrumb":{"@id":"https:\/\/www.inverseteams.com\/fr\/produit\/maillot-ski-de-randonnee-skimo\/#breadcrumb"},"inLanguage":"fr-FR","potentialAction":[{"@type":"ReadAction","target":["https:\/\/www.inverseteams.com\/fr\/produit\/maillot-ski-de-randonnee-skimo\/"]}]},{"@type":"ImageObject","inLanguage":"fr-FR","@id":"https:\/\/www.inverseteams.com\/fr\/produit\/maillot-ski-de-randonnee-skimo\/#primaryimage","url":"https:\/\/www.inverseteams.com\/wp-content\/uploads\/MAILLOT-ESQUI-TRAVESIA-SKIMO-1.jpg","contentUrl":"https:\/\/www.inverseteams.com\/wp-content\/uploads\/MAILLOT-ESQUI-TRAVESIA-SKIMO-1.jpg","width":3222,"height":3462,"caption":"Maillot ski de randonn\u00e9e SKIMO"},{"@type":"BreadcrumbList","@id":"https:\/\/www.inverseteams.com\/fr\/produit\/maillot-ski-de-randonnee-skimo\/#breadcrumb","itemListElement":[{"@type":"ListItem","position":1,"name":"Portada","item":"https:\/\/www.inverseteams.com\/fr\/pagina-principal\/"},{"@type":"ListItem","position":2,"name":"Panier","item":"https:\/\/www.inverseteams.com\/fr\/panier\/"},{"@type":"ListItem","position":3,"name":"Maillot ski de randonn\u00e9e SKIMO"}]},{"@type":"WebSite","@id":"https:\/\/www.inverseteams.com\/fr\/#website","url":"https:\/\/www.inverseteams.com\/fr\/","name":"Inverseteams","description":"Tu marca de ropa deportiva personalizada","publisher":{"@id":"https:\/\/www.inverseteams.com\/fr\/#organization"},"potentialAction":[{"@type":"SearchAction","target":{"@type":"EntryPoint","urlTemplate":"https:\/\/www.inverseteams.com\/fr\/?s={search_term_string}"},"query-input":{"@type":"PropertyValueSpecification","valueRequired":true,"valueName":"search_term_string"}}],"inLanguage":"fr-FR"},{"@type":"Organization","@id":"https:\/\/www.inverseteams.com\/fr\/#organization","name":"Inverse Teams","url":"https:\/\/www.inverseteams.com\/fr\/","logo":{"@type":"ImageObject","inLanguage":"fr-FR","@id":"https:\/\/www.inverseteams.com\/fr\/#\/schema\/logo\/image\/","url":"https:\/\/www.inverseteams.com\/wp-content\/uploads\/2021\/03\/logo-inverse-teams.png","contentUrl":"https:\/\/www.inverseteams.com\/wp-content\/uploads\/2021\/03\/logo-inverse-teams.png","width":294,"height":99,"caption":"Inverse Teams"},"image":{"@id":"https:\/\/www.inverseteams.com\/fr\/#\/schema\/logo\/image\/"},"sameAs":["https:\/\/www.facebook.com\/inverseteams","http:\/\/instagram.com\/inverseteams","https:\/\/www.linkedin.com\/company\/inverse-cirosport-s-l-?trk=job_view_topcard_company_name","http:\/\/www.pinterest.com\/inverseteams\/","http:\/\/www.youtube.com\/user\/inverseteams?feature=watch"]}]}},"_links":{"self":[{"href":"https:\/\/www.inverseteams.com\/fr\/wp-json\/wp\/v2\/product\/87056","targetHints":{"allow":["GET"]}}],"collection":[{"href":"https:\/\/www.inverseteams.com\/fr\/wp-json\/wp\/v2\/product"}],"about":[{"href":"https:\/\/www.inverseteams.com\/fr\/wp-json\/wp\/v2\/types\/product"}],"replies":[{"embeddable":true,"href":"https:\/\/www.inverseteams.com\/fr\/wp-json\/wp\/v2\/comments?post=87056"}],"wp:featuredmedia":[{"embeddable":true,"href":"https:\/\/www.inverseteams.com\/fr\/wp-json\/wp\/v2\/media\/85933"}],"wp:attachment":[{"href":"https:\/\/www.inverseteams.com\/fr\/wp-json\/wp\/v2\/media?parent=87056"}],"wp:term":[{"taxonomy":"product_brand","embeddable":true,"href":"https:\/\/www.inverseteams.com\/fr\/wp-json\/wp\/v2\/product_brand?post=87056"},{"taxonomy":"product_cat","embeddable":true,"href":"https:\/\/www.inverseteams.com\/fr\/wp-json\/wp\/v2\/product_cat?post=87056"},{"taxonomy":"product_tag","embeddable":true,"href":"https:\/\/www.inverseteams.com\/fr\/wp-json\/wp\/v2\/product_tag?post=87056"},{"taxonomy":"custom_category","embeddable":true,"href":"https:\/\/www.inverseteams.com\/fr\/wp-json\/wp\/v2\/custom_category?post=87056"},{"taxonomy":"range","embeddable":true,"href":"https:\/\/www.inverseteams.com\/fr\/wp-json\/wp\/v2\/range?post=87056"}],"curies":[{"name":"wp","href":"https:\/\/api.w.org\/{rel}","templated":true}]}}