{"id":87054,"date":"2022-07-21T07:46:36","date_gmt":"2022-07-21T07:55:00","guid":{"rendered":"https:\/\/www.inverseteams.com\/?post_type=product&#038;p=87054"},"modified":"2022-07-21T08:12:18","modified_gmt":"2022-07-21T08:12:18","slug":"short-ski-nordique","status":"publish","type":"product","link":"https:\/\/www.inverseteams.com\/fr\/produit\/short-ski-nordique\/","title":{"rendered":"Short ski NORDIQUE"},"content":{"rendered":"<p>Le Short de surchaud est fabriqu\u00e9 avec une base en membrane coupe vent thermique. Id\u00e9al pour les entra\u00eenements ou en \u00e9chauffement avant la comp\u00e9tition. Le tissu prot\u00e8ge du vent, du froid et garantie des qualit\u00e9s de renvoi de chaleur corporel \u00e0 l\u2019effort. Id\u00e9al pour des sorties \u00e0 temp\u00e9ratures variantes de froides \u00e0 chaudes! 2 poches lat\u00e9rales zipp\u00e9es permettent de reposer des objets. La partie arri\u00e8re est compos\u00e9e d\u2019un tissu non personnalisable chaud et respirant. Un cordon de serrage permet l\u2019ajustement taille.Face avant personnalisable!<\/p>\n","protected":false},"excerpt":{"rendered":"<p>Le Short de surchaud est fabriqu\u00e9 avec une base en membrane coupe vent thermique. Id\u00e9al pour les entra\u00eenements ou en \u00e9chauffement avant la comp\u00e9tition. Le tissu prot\u00e8ge du vent, du froid et garantie des qualit\u00e9s de renvoi de chaleur corporel \u00e0 l\u2019effort. Id\u00e9al pour des sorties \u00e0 temp\u00e9ratures variantes de froides \u00e0 chaudes! 2 poches lat\u00e9rales zipp\u00e9es permettent de reposer des objets. La partie arri\u00e8re est compos\u00e9e d\u2019un tissu non personnalisable chaud et respirant. Un cordon de serrage permet l\u2019ajustement taille.Face avant personnalisable!<\/p>\n","protected":false},"featured_media":85957,"comment_status":"closed","ping_status":"open","template":"","meta":{"_acf_changed":false},"product_brand":[],"product_cat":[8305],"product_tag":[],"custom_category":[3349,8742,8718],"range":[8710],"class_list":{"0":"post-87054","1":"product","2":"type-product","3":"status-publish","4":"has-post-thumbnail","6":"product_cat-uncategorized-fr","7":"pa_climatologia-froid","8":"pa_deporte-esqui-fr","9":"pa_genero-homme","10":"pa_genero-femme","11":"pa_genero-infantile-fr","12":"pa_patronaje-regular-fr","13":"pa_tipo-de-prenda-collant-fr","14":"custom_category-sport-fr","15":"custom_category-short-ski-personnalise","16":"custom_category-vetements-ski-personnalises","17":"range-nordique-fr","19":"first","20":"instock","21":"product-type-custom"},"acf":[],"yoast_head":"<!-- This site is optimized with the Yoast SEO plugin v27.3 - https:\/\/yoast.com\/product\/yoast-seo-wordpress\/ -->\n<title>Short ski NORDIQUE<\/title>\n<meta name=\"description\" content=\"Le Short de surchaud est fabriqu\u00e9 avec une base en membrane coupe vent thermique. Id\u00e9al pour les entra\u00eenements ou en \u00e9chauffement avant la comp\u00e9tition. Le tissu prot\u00e8ge du vent, du froid et garantie des qualit\u00e9s de renvoi de chaleur corporel \u00e0 l\u2019effort. Id\u00e9al pour des sorties \u00e0 temp\u00e9ratures variantes de froides \u00e0 chaudes! 2 poches lat\u00e9rales zipp\u00e9es permettent de reposer des objets. La partie arri\u00e8re est compos\u00e9e d\u2019un tissu non personnalisable chaud et respirant. Un cordon de serrage permet l\u2019ajustement taille.Face avant personnalisable!\" \/>\n<meta name=\"robots\" content=\"index, follow, max-snippet:-1, max-image-preview:large, max-video-preview:-1\" \/>\n<link rel=\"canonical\" href=\"https:\/\/www.inverseteams.com\/fr\/produit\/short-ski-nordique\/\" \/>\n<meta property=\"og:locale\" content=\"fr_FR\" \/>\n<meta property=\"og:type\" content=\"article\" \/>\n<meta property=\"og:title\" content=\"Short ski NORDIQUE\" \/>\n<meta property=\"og:description\" content=\"Le Short de surchaud est fabriqu\u00e9 avec une base en membrane coupe vent thermique. Id\u00e9al pour les entra\u00eenements ou en \u00e9chauffement avant la comp\u00e9tition. Le tissu prot\u00e8ge du vent, du froid et garantie des qualit\u00e9s de renvoi de chaleur corporel \u00e0 l\u2019effort. Id\u00e9al pour des sorties \u00e0 temp\u00e9ratures variantes de froides \u00e0 chaudes! 2 poches lat\u00e9rales zipp\u00e9es permettent de reposer des objets. La partie arri\u00e8re est compos\u00e9e d\u2019un tissu non personnalisable chaud et respirant. Un cordon de serrage permet l\u2019ajustement taille.Face avant personnalisable!\" \/>\n<meta property=\"og:url\" content=\"https:\/\/www.inverseteams.com\/fr\/produit\/short-ski-nordique\/\" \/>\n<meta property=\"og:site_name\" content=\"Inverseteams\" \/>\n<meta property=\"article:publisher\" content=\"https:\/\/www.facebook.com\/inverseteams\" \/>\n<meta property=\"article:modified_time\" content=\"2022-07-21T08:12:18+00:00\" \/>\n<meta property=\"og:image\" content=\"https:\/\/www.inverseteams.com\/wp-content\/uploads\/SHORT-ESQUI-NORDIQUE-1.jpg\" \/>\n\t<meta property=\"og:image:width\" content=\"3222\" \/>\n\t<meta property=\"og:image:height\" content=\"3462\" \/>\n\t<meta property=\"og:image:type\" content=\"image\/jpeg\" \/>\n<meta name=\"twitter:card\" content=\"summary_large_image\" \/>\n<script type=\"application\/ld+json\" class=\"yoast-schema-graph\">{\"@context\":\"https:\\\/\\\/schema.org\",\"@graph\":[{\"@type\":\"WebPage\",\"@id\":\"https:\\\/\\\/www.inverseteams.com\\\/fr\\\/produit\\\/short-ski-nordique\\\/\",\"url\":\"https:\\\/\\\/www.inverseteams.com\\\/fr\\\/produit\\\/short-ski-nordique\\\/\",\"name\":\"Short ski NORDIQUE\",\"isPartOf\":{\"@id\":\"https:\\\/\\\/www.inverseteams.com\\\/fr\\\/#website\"},\"primaryImageOfPage\":{\"@id\":\"https:\\\/\\\/www.inverseteams.com\\\/fr\\\/produit\\\/short-ski-nordique\\\/#primaryimage\"},\"image\":{\"@id\":\"https:\\\/\\\/www.inverseteams.com\\\/fr\\\/produit\\\/short-ski-nordique\\\/#primaryimage\"},\"thumbnailUrl\":\"https:\\\/\\\/www.inverseteams.com\\\/wp-content\\\/uploads\\\/SHORT-ESQUI-NORDIQUE-1.jpg\",\"datePublished\":\"2022-07-21T07:55:00+00:00\",\"dateModified\":\"2022-07-21T08:12:18+00:00\",\"description\":\"Le Short de surchaud est fabriqu\u00e9 avec une base en membrane coupe vent thermique. Id\u00e9al pour les entra\u00eenements ou en \u00e9chauffement avant la comp\u00e9tition. Le tissu prot\u00e8ge du vent, du froid et garantie des qualit\u00e9s de renvoi de chaleur corporel \u00e0 l\u2019effort. Id\u00e9al pour des sorties \u00e0 temp\u00e9ratures variantes de froides \u00e0 chaudes! 2 poches lat\u00e9rales zipp\u00e9es permettent de reposer des objets. La partie arri\u00e8re est compos\u00e9e d\u2019un tissu non personnalisable chaud et respirant. Un cordon de serrage permet l\u2019ajustement taille.Face avant personnalisable!\",\"breadcrumb\":{\"@id\":\"https:\\\/\\\/www.inverseteams.com\\\/fr\\\/produit\\\/short-ski-nordique\\\/#breadcrumb\"},\"inLanguage\":\"fr-FR\",\"potentialAction\":[{\"@type\":\"ReadAction\",\"target\":[\"https:\\\/\\\/www.inverseteams.com\\\/fr\\\/produit\\\/short-ski-nordique\\\/\"]}]},{\"@type\":\"ImageObject\",\"inLanguage\":\"fr-FR\",\"@id\":\"https:\\\/\\\/www.inverseteams.com\\\/fr\\\/produit\\\/short-ski-nordique\\\/#primaryimage\",\"url\":\"https:\\\/\\\/www.inverseteams.com\\\/wp-content\\\/uploads\\\/SHORT-ESQUI-NORDIQUE-1.jpg\",\"contentUrl\":\"https:\\\/\\\/www.inverseteams.com\\\/wp-content\\\/uploads\\\/SHORT-ESQUI-NORDIQUE-1.jpg\",\"width\":3222,\"height\":3462,\"caption\":\"Short ski NORDIQUE\"},{\"@type\":\"BreadcrumbList\",\"@id\":\"https:\\\/\\\/www.inverseteams.com\\\/fr\\\/produit\\\/short-ski-nordique\\\/#breadcrumb\",\"itemListElement\":[{\"@type\":\"ListItem\",\"position\":1,\"name\":\"Portada\",\"item\":\"https:\\\/\\\/www.inverseteams.com\\\/fr\\\/pagina-principal\\\/\"},{\"@type\":\"ListItem\",\"position\":2,\"name\":\"Panier\",\"item\":\"https:\\\/\\\/www.inverseteams.com\\\/fr\\\/panier\\\/\"},{\"@type\":\"ListItem\",\"position\":3,\"name\":\"Short ski NORDIQUE\"}]},{\"@type\":\"WebSite\",\"@id\":\"https:\\\/\\\/www.inverseteams.com\\\/fr\\\/#website\",\"url\":\"https:\\\/\\\/www.inverseteams.com\\\/fr\\\/\",\"name\":\"Inverseteams\",\"description\":\"Tu marca de ropa deportiva personalizada\",\"publisher\":{\"@id\":\"https:\\\/\\\/www.inverseteams.com\\\/fr\\\/#organization\"},\"potentialAction\":[{\"@type\":\"SearchAction\",\"target\":{\"@type\":\"EntryPoint\",\"urlTemplate\":\"https:\\\/\\\/www.inverseteams.com\\\/fr\\\/?s={search_term_string}\"},\"query-input\":{\"@type\":\"PropertyValueSpecification\",\"valueRequired\":true,\"valueName\":\"search_term_string\"}}],\"inLanguage\":\"fr-FR\"},{\"@type\":\"Organization\",\"@id\":\"https:\\\/\\\/www.inverseteams.com\\\/fr\\\/#organization\",\"name\":\"Inverse Teams\",\"url\":\"https:\\\/\\\/www.inverseteams.com\\\/fr\\\/\",\"logo\":{\"@type\":\"ImageObject\",\"inLanguage\":\"fr-FR\",\"@id\":\"https:\\\/\\\/www.inverseteams.com\\\/fr\\\/#\\\/schema\\\/logo\\\/image\\\/\",\"url\":\"https:\\\/\\\/www.inverseteams.com\\\/wp-content\\\/uploads\\\/2021\\\/03\\\/logo-inverse-teams.png\",\"contentUrl\":\"https:\\\/\\\/www.inverseteams.com\\\/wp-content\\\/uploads\\\/2021\\\/03\\\/logo-inverse-teams.png\",\"width\":294,\"height\":99,\"caption\":\"Inverse Teams\"},\"image\":{\"@id\":\"https:\\\/\\\/www.inverseteams.com\\\/fr\\\/#\\\/schema\\\/logo\\\/image\\\/\"},\"sameAs\":[\"https:\\\/\\\/www.facebook.com\\\/inverseteams\",\"http:\\\/\\\/instagram.com\\\/inverseteams\",\"https:\\\/\\\/www.linkedin.com\\\/company\\\/inverse-cirosport-s-l-?trk=job_view_topcard_company_name\",\"http:\\\/\\\/www.pinterest.com\\\/inverseteams\\\/\",\"http:\\\/\\\/www.youtube.com\\\/user\\\/inverseteams?feature=watch\"]}]}<\/script>\n<!-- \/ Yoast SEO plugin. -->","yoast_head_json":{"title":"Short ski NORDIQUE","description":"Le Short de surchaud est fabriqu\u00e9 avec une base en membrane coupe vent thermique. Id\u00e9al pour les entra\u00eenements ou en \u00e9chauffement avant la comp\u00e9tition. Le tissu prot\u00e8ge du vent, du froid et garantie des qualit\u00e9s de renvoi de chaleur corporel \u00e0 l\u2019effort. Id\u00e9al pour des sorties \u00e0 temp\u00e9ratures variantes de froides \u00e0 chaudes! 2 poches lat\u00e9rales zipp\u00e9es permettent de reposer des objets. La partie arri\u00e8re est compos\u00e9e d\u2019un tissu non personnalisable chaud et respirant. Un cordon de serrage permet l\u2019ajustement taille.Face avant personnalisable!","robots":{"index":"index","follow":"follow","max-snippet":"max-snippet:-1","max-image-preview":"max-image-preview:large","max-video-preview":"max-video-preview:-1"},"canonical":"https:\/\/www.inverseteams.com\/fr\/produit\/short-ski-nordique\/","og_locale":"fr_FR","og_type":"article","og_title":"Short ski NORDIQUE","og_description":"Le Short de surchaud est fabriqu\u00e9 avec une base en membrane coupe vent thermique. Id\u00e9al pour les entra\u00eenements ou en \u00e9chauffement avant la comp\u00e9tition. Le tissu prot\u00e8ge du vent, du froid et garantie des qualit\u00e9s de renvoi de chaleur corporel \u00e0 l\u2019effort. Id\u00e9al pour des sorties \u00e0 temp\u00e9ratures variantes de froides \u00e0 chaudes! 2 poches lat\u00e9rales zipp\u00e9es permettent de reposer des objets. La partie arri\u00e8re est compos\u00e9e d\u2019un tissu non personnalisable chaud et respirant. Un cordon de serrage permet l\u2019ajustement taille.Face avant personnalisable!","og_url":"https:\/\/www.inverseteams.com\/fr\/produit\/short-ski-nordique\/","og_site_name":"Inverseteams","article_publisher":"https:\/\/www.facebook.com\/inverseteams","article_modified_time":"2022-07-21T08:12:18+00:00","og_image":[{"width":3222,"height":3462,"url":"https:\/\/www.inverseteams.com\/wp-content\/uploads\/SHORT-ESQUI-NORDIQUE-1.jpg","type":"image\/jpeg"}],"twitter_card":"summary_large_image","schema":{"@context":"https:\/\/schema.org","@graph":[{"@type":"WebPage","@id":"https:\/\/www.inverseteams.com\/fr\/produit\/short-ski-nordique\/","url":"https:\/\/www.inverseteams.com\/fr\/produit\/short-ski-nordique\/","name":"Short ski NORDIQUE","isPartOf":{"@id":"https:\/\/www.inverseteams.com\/fr\/#website"},"primaryImageOfPage":{"@id":"https:\/\/www.inverseteams.com\/fr\/produit\/short-ski-nordique\/#primaryimage"},"image":{"@id":"https:\/\/www.inverseteams.com\/fr\/produit\/short-ski-nordique\/#primaryimage"},"thumbnailUrl":"https:\/\/www.inverseteams.com\/wp-content\/uploads\/SHORT-ESQUI-NORDIQUE-1.jpg","datePublished":"2022-07-21T07:55:00+00:00","dateModified":"2022-07-21T08:12:18+00:00","description":"Le Short de surchaud est fabriqu\u00e9 avec une base en membrane coupe vent thermique. Id\u00e9al pour les entra\u00eenements ou en \u00e9chauffement avant la comp\u00e9tition. Le tissu prot\u00e8ge du vent, du froid et garantie des qualit\u00e9s de renvoi de chaleur corporel \u00e0 l\u2019effort. Id\u00e9al pour des sorties \u00e0 temp\u00e9ratures variantes de froides \u00e0 chaudes! 2 poches lat\u00e9rales zipp\u00e9es permettent de reposer des objets. La partie arri\u00e8re est compos\u00e9e d\u2019un tissu non personnalisable chaud et respirant. Un cordon de serrage permet l\u2019ajustement taille.Face avant personnalisable!","breadcrumb":{"@id":"https:\/\/www.inverseteams.com\/fr\/produit\/short-ski-nordique\/#breadcrumb"},"inLanguage":"fr-FR","potentialAction":[{"@type":"ReadAction","target":["https:\/\/www.inverseteams.com\/fr\/produit\/short-ski-nordique\/"]}]},{"@type":"ImageObject","inLanguage":"fr-FR","@id":"https:\/\/www.inverseteams.com\/fr\/produit\/short-ski-nordique\/#primaryimage","url":"https:\/\/www.inverseteams.com\/wp-content\/uploads\/SHORT-ESQUI-NORDIQUE-1.jpg","contentUrl":"https:\/\/www.inverseteams.com\/wp-content\/uploads\/SHORT-ESQUI-NORDIQUE-1.jpg","width":3222,"height":3462,"caption":"Short ski NORDIQUE"},{"@type":"BreadcrumbList","@id":"https:\/\/www.inverseteams.com\/fr\/produit\/short-ski-nordique\/#breadcrumb","itemListElement":[{"@type":"ListItem","position":1,"name":"Portada","item":"https:\/\/www.inverseteams.com\/fr\/pagina-principal\/"},{"@type":"ListItem","position":2,"name":"Panier","item":"https:\/\/www.inverseteams.com\/fr\/panier\/"},{"@type":"ListItem","position":3,"name":"Short ski NORDIQUE"}]},{"@type":"WebSite","@id":"https:\/\/www.inverseteams.com\/fr\/#website","url":"https:\/\/www.inverseteams.com\/fr\/","name":"Inverseteams","description":"Tu marca de ropa deportiva personalizada","publisher":{"@id":"https:\/\/www.inverseteams.com\/fr\/#organization"},"potentialAction":[{"@type":"SearchAction","target":{"@type":"EntryPoint","urlTemplate":"https:\/\/www.inverseteams.com\/fr\/?s={search_term_string}"},"query-input":{"@type":"PropertyValueSpecification","valueRequired":true,"valueName":"search_term_string"}}],"inLanguage":"fr-FR"},{"@type":"Organization","@id":"https:\/\/www.inverseteams.com\/fr\/#organization","name":"Inverse Teams","url":"https:\/\/www.inverseteams.com\/fr\/","logo":{"@type":"ImageObject","inLanguage":"fr-FR","@id":"https:\/\/www.inverseteams.com\/fr\/#\/schema\/logo\/image\/","url":"https:\/\/www.inverseteams.com\/wp-content\/uploads\/2021\/03\/logo-inverse-teams.png","contentUrl":"https:\/\/www.inverseteams.com\/wp-content\/uploads\/2021\/03\/logo-inverse-teams.png","width":294,"height":99,"caption":"Inverse Teams"},"image":{"@id":"https:\/\/www.inverseteams.com\/fr\/#\/schema\/logo\/image\/"},"sameAs":["https:\/\/www.facebook.com\/inverseteams","http:\/\/instagram.com\/inverseteams","https:\/\/www.linkedin.com\/company\/inverse-cirosport-s-l-?trk=job_view_topcard_company_name","http:\/\/www.pinterest.com\/inverseteams\/","http:\/\/www.youtube.com\/user\/inverseteams?feature=watch"]}]}},"_links":{"self":[{"href":"https:\/\/www.inverseteams.com\/fr\/wp-json\/wp\/v2\/product\/87054","targetHints":{"allow":["GET"]}}],"collection":[{"href":"https:\/\/www.inverseteams.com\/fr\/wp-json\/wp\/v2\/product"}],"about":[{"href":"https:\/\/www.inverseteams.com\/fr\/wp-json\/wp\/v2\/types\/product"}],"replies":[{"embeddable":true,"href":"https:\/\/www.inverseteams.com\/fr\/wp-json\/wp\/v2\/comments?post=87054"}],"wp:featuredmedia":[{"embeddable":true,"href":"https:\/\/www.inverseteams.com\/fr\/wp-json\/wp\/v2\/media\/85957"}],"wp:attachment":[{"href":"https:\/\/www.inverseteams.com\/fr\/wp-json\/wp\/v2\/media?parent=87054"}],"wp:term":[{"taxonomy":"product_brand","embeddable":true,"href":"https:\/\/www.inverseteams.com\/fr\/wp-json\/wp\/v2\/product_brand?post=87054"},{"taxonomy":"product_cat","embeddable":true,"href":"https:\/\/www.inverseteams.com\/fr\/wp-json\/wp\/v2\/product_cat?post=87054"},{"taxonomy":"product_tag","embeddable":true,"href":"https:\/\/www.inverseteams.com\/fr\/wp-json\/wp\/v2\/product_tag?post=87054"},{"taxonomy":"custom_category","embeddable":true,"href":"https:\/\/www.inverseteams.com\/fr\/wp-json\/wp\/v2\/custom_category?post=87054"},{"taxonomy":"range","embeddable":true,"href":"https:\/\/www.inverseteams.com\/fr\/wp-json\/wp\/v2\/range?post=87054"}],"curies":[{"name":"wp","href":"https:\/\/api.w.org\/{rel}","templated":true}]}}