{"id":87049,"date":"2022-07-21T07:46:21","date_gmt":"2022-07-21T07:54:12","guid":{"rendered":"https:\/\/www.inverseteams.com\/?post_type=product&#038;p=87049"},"modified":"2022-07-21T08:11:57","modified_gmt":"2022-07-21T08:11:57","slug":"collant-lycra-ski-nordique","status":"publish","type":"product","link":"https:\/\/www.inverseteams.com\/fr\/produit\/collant-lycra-ski-nordique\/","title":{"rendered":"Collant lycra ski NORDIQUE"},"content":{"rendered":"<p>Collant de combinaison de ski l\u00e9ger et \u00e9lastique, \u00e9pousant la parfaite anatomie du corps et du mouvement, garantissant un tr\u00e8s bon a\u00e9rodynamisme. Le cordon de serrage taille permet d&rsquo;ajuster la ceinture \u00e0 la taille. Deux \u00e9paisseurs lycra sont disponibles en production.<\/p>\n","protected":false},"excerpt":{"rendered":"<p>Collant de combinaison de ski l\u00e9ger et \u00e9lastique, \u00e9pousant la parfaite anatomie du corps et du mouvement, garantissant un tr\u00e8s bon a\u00e9rodynamisme. Le cordon de serrage taille permet d&rsquo;ajuster la ceinture \u00e0 la taille. Deux \u00e9paisseurs lycra sont disponibles en production.<\/p>\n","protected":false},"featured_media":85999,"comment_status":"closed","ping_status":"open","template":"","meta":{"_acf_changed":false},"product_brand":[],"product_cat":[8305],"product_tag":[],"custom_category":[3349,8726,8718],"range":[8710],"class_list":{"0":"post-87049","1":"product","2":"type-product","3":"status-publish","4":"has-post-thumbnail","6":"product_cat-uncategorized-fr","7":"pa_climatologia-froid","8":"pa_deporte-esqui-fr","9":"pa_genero-homme","10":"pa_genero-femme","11":"pa_genero-infantile-fr","12":"pa_patronaje-fit-fr","13":"pa_tipo-de-prenda-collant-fr","14":"custom_category-sport-fr","15":"custom_category-collant-ski-personnalise","16":"custom_category-vetements-ski-personnalises","17":"range-nordique-fr","19":"first","20":"instock","21":"product-type-custom"},"acf":[],"yoast_head":"<!-- This site is optimized with the Yoast SEO plugin v27.3 - https:\/\/yoast.com\/product\/yoast-seo-wordpress\/ -->\n<title>Collant lycra ski NORDIQUE<\/title>\n<meta name=\"description\" content=\"Collant de combinaison de ski l\u00e9ger et \u00e9lastique, \u00e9pousant la parfaite anatomie du corps et du mouvement, garantissant un tr\u00e8s bon a\u00e9rodynamisme. Le cordon de serrage taille permet d&#039;ajuster la ceinture \u00e0 la taille. Deux \u00e9paisseurs lycra sont disponibles en production.\" \/>\n<meta name=\"robots\" content=\"index, follow, max-snippet:-1, max-image-preview:large, max-video-preview:-1\" \/>\n<link rel=\"canonical\" href=\"https:\/\/www.inverseteams.com\/fr\/produit\/collant-lycra-ski-nordique\/\" \/>\n<meta property=\"og:locale\" content=\"fr_FR\" \/>\n<meta property=\"og:type\" content=\"article\" \/>\n<meta property=\"og:title\" content=\"Collant lycra ski NORDIQUE\" \/>\n<meta property=\"og:description\" content=\"Collant de combinaison de ski l\u00e9ger et \u00e9lastique, \u00e9pousant la parfaite anatomie du corps et du mouvement, garantissant un tr\u00e8s bon a\u00e9rodynamisme. Le cordon de serrage taille permet d&#039;ajuster la ceinture \u00e0 la taille. Deux \u00e9paisseurs lycra sont disponibles en production.\" \/>\n<meta property=\"og:url\" content=\"https:\/\/www.inverseteams.com\/fr\/produit\/collant-lycra-ski-nordique\/\" \/>\n<meta property=\"og:site_name\" content=\"Inverseteams\" \/>\n<meta property=\"article:publisher\" content=\"https:\/\/www.facebook.com\/inverseteams\" \/>\n<meta property=\"article:modified_time\" content=\"2022-07-21T08:11:57+00:00\" \/>\n<meta property=\"og:image\" content=\"https:\/\/www.inverseteams.com\/wp-content\/uploads\/PANTALON-LYCRA-ESQUI-NORDIQUE-1.jpg\" \/>\n\t<meta property=\"og:image:width\" content=\"3222\" \/>\n\t<meta property=\"og:image:height\" content=\"3462\" \/>\n\t<meta property=\"og:image:type\" content=\"image\/jpeg\" \/>\n<meta name=\"twitter:card\" content=\"summary_large_image\" \/>\n<script type=\"application\/ld+json\" class=\"yoast-schema-graph\">{\"@context\":\"https:\\\/\\\/schema.org\",\"@graph\":[{\"@type\":\"WebPage\",\"@id\":\"https:\\\/\\\/www.inverseteams.com\\\/fr\\\/produit\\\/collant-lycra-ski-nordique\\\/\",\"url\":\"https:\\\/\\\/www.inverseteams.com\\\/fr\\\/produit\\\/collant-lycra-ski-nordique\\\/\",\"name\":\"Collant lycra ski NORDIQUE\",\"isPartOf\":{\"@id\":\"https:\\\/\\\/www.inverseteams.com\\\/fr\\\/#website\"},\"primaryImageOfPage\":{\"@id\":\"https:\\\/\\\/www.inverseteams.com\\\/fr\\\/produit\\\/collant-lycra-ski-nordique\\\/#primaryimage\"},\"image\":{\"@id\":\"https:\\\/\\\/www.inverseteams.com\\\/fr\\\/produit\\\/collant-lycra-ski-nordique\\\/#primaryimage\"},\"thumbnailUrl\":\"https:\\\/\\\/www.inverseteams.com\\\/wp-content\\\/uploads\\\/PANTALON-LYCRA-ESQUI-NORDIQUE-1.jpg\",\"datePublished\":\"2022-07-21T07:54:12+00:00\",\"dateModified\":\"2022-07-21T08:11:57+00:00\",\"description\":\"Collant de combinaison de ski l\u00e9ger et \u00e9lastique, \u00e9pousant la parfaite anatomie du corps et du mouvement, garantissant un tr\u00e8s bon a\u00e9rodynamisme. Le cordon de serrage taille permet d'ajuster la ceinture \u00e0 la taille. Deux \u00e9paisseurs lycra sont disponibles en production.\",\"breadcrumb\":{\"@id\":\"https:\\\/\\\/www.inverseteams.com\\\/fr\\\/produit\\\/collant-lycra-ski-nordique\\\/#breadcrumb\"},\"inLanguage\":\"fr-FR\",\"potentialAction\":[{\"@type\":\"ReadAction\",\"target\":[\"https:\\\/\\\/www.inverseteams.com\\\/fr\\\/produit\\\/collant-lycra-ski-nordique\\\/\"]}]},{\"@type\":\"ImageObject\",\"inLanguage\":\"fr-FR\",\"@id\":\"https:\\\/\\\/www.inverseteams.com\\\/fr\\\/produit\\\/collant-lycra-ski-nordique\\\/#primaryimage\",\"url\":\"https:\\\/\\\/www.inverseteams.com\\\/wp-content\\\/uploads\\\/PANTALON-LYCRA-ESQUI-NORDIQUE-1.jpg\",\"contentUrl\":\"https:\\\/\\\/www.inverseteams.com\\\/wp-content\\\/uploads\\\/PANTALON-LYCRA-ESQUI-NORDIQUE-1.jpg\",\"width\":3222,\"height\":3462,\"caption\":\"Collant lycra ski NORDIQUE\"},{\"@type\":\"BreadcrumbList\",\"@id\":\"https:\\\/\\\/www.inverseteams.com\\\/fr\\\/produit\\\/collant-lycra-ski-nordique\\\/#breadcrumb\",\"itemListElement\":[{\"@type\":\"ListItem\",\"position\":1,\"name\":\"Portada\",\"item\":\"https:\\\/\\\/www.inverseteams.com\\\/fr\\\/pagina-principal\\\/\"},{\"@type\":\"ListItem\",\"position\":2,\"name\":\"Panier\",\"item\":\"https:\\\/\\\/www.inverseteams.com\\\/fr\\\/panier\\\/\"},{\"@type\":\"ListItem\",\"position\":3,\"name\":\"Collant lycra ski NORDIQUE\"}]},{\"@type\":\"WebSite\",\"@id\":\"https:\\\/\\\/www.inverseteams.com\\\/fr\\\/#website\",\"url\":\"https:\\\/\\\/www.inverseteams.com\\\/fr\\\/\",\"name\":\"Inverseteams\",\"description\":\"Tu marca de ropa deportiva personalizada\",\"publisher\":{\"@id\":\"https:\\\/\\\/www.inverseteams.com\\\/fr\\\/#organization\"},\"potentialAction\":[{\"@type\":\"SearchAction\",\"target\":{\"@type\":\"EntryPoint\",\"urlTemplate\":\"https:\\\/\\\/www.inverseteams.com\\\/fr\\\/?s={search_term_string}\"},\"query-input\":{\"@type\":\"PropertyValueSpecification\",\"valueRequired\":true,\"valueName\":\"search_term_string\"}}],\"inLanguage\":\"fr-FR\"},{\"@type\":\"Organization\",\"@id\":\"https:\\\/\\\/www.inverseteams.com\\\/fr\\\/#organization\",\"name\":\"Inverse Teams\",\"url\":\"https:\\\/\\\/www.inverseteams.com\\\/fr\\\/\",\"logo\":{\"@type\":\"ImageObject\",\"inLanguage\":\"fr-FR\",\"@id\":\"https:\\\/\\\/www.inverseteams.com\\\/fr\\\/#\\\/schema\\\/logo\\\/image\\\/\",\"url\":\"http:\\\/\\\/www.inverseteams.com\\\/wp-content\\\/uploads\\\/2021\\\/03\\\/logo-inverse-teams.png\",\"contentUrl\":\"http:\\\/\\\/www.inverseteams.com\\\/wp-content\\\/uploads\\\/2021\\\/03\\\/logo-inverse-teams.png\",\"width\":294,\"height\":99,\"caption\":\"Inverse Teams\"},\"image\":{\"@id\":\"https:\\\/\\\/www.inverseteams.com\\\/fr\\\/#\\\/schema\\\/logo\\\/image\\\/\"},\"sameAs\":[\"https:\\\/\\\/www.facebook.com\\\/inverseteams\",\"http:\\\/\\\/instagram.com\\\/inverseteams\",\"https:\\\/\\\/www.linkedin.com\\\/company\\\/inverse-cirosport-s-l-?trk=job_view_topcard_company_name\",\"http:\\\/\\\/www.pinterest.com\\\/inverseteams\\\/\",\"http:\\\/\\\/www.youtube.com\\\/user\\\/inverseteams?feature=watch\"]}]}<\/script>\n<!-- \/ Yoast SEO plugin. -->","yoast_head_json":{"title":"Collant lycra ski NORDIQUE","description":"Collant de combinaison de ski l\u00e9ger et \u00e9lastique, \u00e9pousant la parfaite anatomie du corps et du mouvement, garantissant un tr\u00e8s bon a\u00e9rodynamisme. Le cordon de serrage taille permet d'ajuster la ceinture \u00e0 la taille. Deux \u00e9paisseurs lycra sont disponibles en production.","robots":{"index":"index","follow":"follow","max-snippet":"max-snippet:-1","max-image-preview":"max-image-preview:large","max-video-preview":"max-video-preview:-1"},"canonical":"https:\/\/www.inverseteams.com\/fr\/produit\/collant-lycra-ski-nordique\/","og_locale":"fr_FR","og_type":"article","og_title":"Collant lycra ski NORDIQUE","og_description":"Collant de combinaison de ski l\u00e9ger et \u00e9lastique, \u00e9pousant la parfaite anatomie du corps et du mouvement, garantissant un tr\u00e8s bon a\u00e9rodynamisme. Le cordon de serrage taille permet d'ajuster la ceinture \u00e0 la taille. Deux \u00e9paisseurs lycra sont disponibles en production.","og_url":"https:\/\/www.inverseteams.com\/fr\/produit\/collant-lycra-ski-nordique\/","og_site_name":"Inverseteams","article_publisher":"https:\/\/www.facebook.com\/inverseteams","article_modified_time":"2022-07-21T08:11:57+00:00","og_image":[{"width":3222,"height":3462,"url":"https:\/\/www.inverseteams.com\/wp-content\/uploads\/PANTALON-LYCRA-ESQUI-NORDIQUE-1.jpg","type":"image\/jpeg"}],"twitter_card":"summary_large_image","schema":{"@context":"https:\/\/schema.org","@graph":[{"@type":"WebPage","@id":"https:\/\/www.inverseteams.com\/fr\/produit\/collant-lycra-ski-nordique\/","url":"https:\/\/www.inverseteams.com\/fr\/produit\/collant-lycra-ski-nordique\/","name":"Collant lycra ski NORDIQUE","isPartOf":{"@id":"https:\/\/www.inverseteams.com\/fr\/#website"},"primaryImageOfPage":{"@id":"https:\/\/www.inverseteams.com\/fr\/produit\/collant-lycra-ski-nordique\/#primaryimage"},"image":{"@id":"https:\/\/www.inverseteams.com\/fr\/produit\/collant-lycra-ski-nordique\/#primaryimage"},"thumbnailUrl":"https:\/\/www.inverseteams.com\/wp-content\/uploads\/PANTALON-LYCRA-ESQUI-NORDIQUE-1.jpg","datePublished":"2022-07-21T07:54:12+00:00","dateModified":"2022-07-21T08:11:57+00:00","description":"Collant de combinaison de ski l\u00e9ger et \u00e9lastique, \u00e9pousant la parfaite anatomie du corps et du mouvement, garantissant un tr\u00e8s bon a\u00e9rodynamisme. Le cordon de serrage taille permet d'ajuster la ceinture \u00e0 la taille. Deux \u00e9paisseurs lycra sont disponibles en production.","breadcrumb":{"@id":"https:\/\/www.inverseteams.com\/fr\/produit\/collant-lycra-ski-nordique\/#breadcrumb"},"inLanguage":"fr-FR","potentialAction":[{"@type":"ReadAction","target":["https:\/\/www.inverseteams.com\/fr\/produit\/collant-lycra-ski-nordique\/"]}]},{"@type":"ImageObject","inLanguage":"fr-FR","@id":"https:\/\/www.inverseteams.com\/fr\/produit\/collant-lycra-ski-nordique\/#primaryimage","url":"https:\/\/www.inverseteams.com\/wp-content\/uploads\/PANTALON-LYCRA-ESQUI-NORDIQUE-1.jpg","contentUrl":"https:\/\/www.inverseteams.com\/wp-content\/uploads\/PANTALON-LYCRA-ESQUI-NORDIQUE-1.jpg","width":3222,"height":3462,"caption":"Collant lycra ski NORDIQUE"},{"@type":"BreadcrumbList","@id":"https:\/\/www.inverseteams.com\/fr\/produit\/collant-lycra-ski-nordique\/#breadcrumb","itemListElement":[{"@type":"ListItem","position":1,"name":"Portada","item":"https:\/\/www.inverseteams.com\/fr\/pagina-principal\/"},{"@type":"ListItem","position":2,"name":"Panier","item":"https:\/\/www.inverseteams.com\/fr\/panier\/"},{"@type":"ListItem","position":3,"name":"Collant lycra ski NORDIQUE"}]},{"@type":"WebSite","@id":"https:\/\/www.inverseteams.com\/fr\/#website","url":"https:\/\/www.inverseteams.com\/fr\/","name":"Inverseteams","description":"Tu marca de ropa deportiva personalizada","publisher":{"@id":"https:\/\/www.inverseteams.com\/fr\/#organization"},"potentialAction":[{"@type":"SearchAction","target":{"@type":"EntryPoint","urlTemplate":"https:\/\/www.inverseteams.com\/fr\/?s={search_term_string}"},"query-input":{"@type":"PropertyValueSpecification","valueRequired":true,"valueName":"search_term_string"}}],"inLanguage":"fr-FR"},{"@type":"Organization","@id":"https:\/\/www.inverseteams.com\/fr\/#organization","name":"Inverse Teams","url":"https:\/\/www.inverseteams.com\/fr\/","logo":{"@type":"ImageObject","inLanguage":"fr-FR","@id":"https:\/\/www.inverseteams.com\/fr\/#\/schema\/logo\/image\/","url":"https:\/\/www.inverseteams.com\/wp-content\/uploads\/2021\/03\/logo-inverse-teams.png","contentUrl":"https:\/\/www.inverseteams.com\/wp-content\/uploads\/2021\/03\/logo-inverse-teams.png","width":294,"height":99,"caption":"Inverse Teams"},"image":{"@id":"https:\/\/www.inverseteams.com\/fr\/#\/schema\/logo\/image\/"},"sameAs":["https:\/\/www.facebook.com\/inverseteams","http:\/\/instagram.com\/inverseteams","https:\/\/www.linkedin.com\/company\/inverse-cirosport-s-l-?trk=job_view_topcard_company_name","http:\/\/www.pinterest.com\/inverseteams\/","http:\/\/www.youtube.com\/user\/inverseteams?feature=watch"]}]}},"_links":{"self":[{"href":"https:\/\/www.inverseteams.com\/fr\/wp-json\/wp\/v2\/product\/87049","targetHints":{"allow":["GET"]}}],"collection":[{"href":"https:\/\/www.inverseteams.com\/fr\/wp-json\/wp\/v2\/product"}],"about":[{"href":"https:\/\/www.inverseteams.com\/fr\/wp-json\/wp\/v2\/types\/product"}],"replies":[{"embeddable":true,"href":"https:\/\/www.inverseteams.com\/fr\/wp-json\/wp\/v2\/comments?post=87049"}],"wp:featuredmedia":[{"embeddable":true,"href":"https:\/\/www.inverseteams.com\/fr\/wp-json\/wp\/v2\/media\/85999"}],"wp:attachment":[{"href":"https:\/\/www.inverseteams.com\/fr\/wp-json\/wp\/v2\/media?parent=87049"}],"wp:term":[{"taxonomy":"product_brand","embeddable":true,"href":"https:\/\/www.inverseteams.com\/fr\/wp-json\/wp\/v2\/product_brand?post=87049"},{"taxonomy":"product_cat","embeddable":true,"href":"https:\/\/www.inverseteams.com\/fr\/wp-json\/wp\/v2\/product_cat?post=87049"},{"taxonomy":"product_tag","embeddable":true,"href":"https:\/\/www.inverseteams.com\/fr\/wp-json\/wp\/v2\/product_tag?post=87049"},{"taxonomy":"custom_category","embeddable":true,"href":"https:\/\/www.inverseteams.com\/fr\/wp-json\/wp\/v2\/custom_category?post=87049"},{"taxonomy":"range","embeddable":true,"href":"https:\/\/www.inverseteams.com\/fr\/wp-json\/wp\/v2\/range?post=87049"}],"curies":[{"name":"wp","href":"https:\/\/api.w.org\/{rel}","templated":true}]}}