{"id":79416,"date":"2022-06-13T12:59:32","date_gmt":"2022-06-13T14:27:35","guid":{"rendered":"https:\/\/www.inverseteams.com\/?post_type=product&#038;p=79416"},"modified":"2024-06-03T00:03:28","modified_gmt":"2024-06-03T00:03:28","slug":"veste-cycliste-pure-homme","status":"publish","type":"product","link":"https:\/\/www.inverseteams.com\/fr\/produit\/veste-cycliste-pure-homme\/","title":{"rendered":"Veste cycliste PURE (HOMME)"},"content":{"rendered":"<p>Veste de cyclisme thermique con\u00e7ue avec un <strong>p\u00f1atronage original et innovant qui am\u00e9liore l\u2019a\u00e9rodynamisme sur le v\u00e9lo.<\/strong> \u00a0Ses tissus se caract\u00e9risent par leur grande respirabilit\u00e9 et permettent d\u2019expulser la sueur vers l\u2019ext\u00e9rieur afin que la peau soit toujours s\u00e8che. Son \u00e9lasticit\u00e9 permet \u00e0 la veste de s\u2019adapter parfaitement au corps pendant le p\u00e9dalage et permet \u00e0 l\u2019air de circuler facilement pour augmenter l\u2019a\u00e9rodynamisme. Il poss\u00e8de <strong>une fermeture \u00e9clair int\u00e9grale avec syst\u00e8me anti-pull<\/strong> qui vous permettra de le mettre et de l\u2019enlever facilement et vous pourrez r\u00e9guler la ventilation pendant l\u2019exercice.<br \/>\nLes manches s\u2019adaptent \u00e0 toutes les positions et sont fabriqu\u00e9es avec des<strong> coutures<\/strong> <strong>plates<\/strong>. Le <strong>poing d\u00e9coup\u00e9<\/strong> <strong>au<\/strong> <strong>laser<\/strong> s\u2019adapte tr\u00e8s bien au bras et emp\u00eache l\u2019entr\u00e9e d\u2019air.<br \/>\nComme nouveaut\u00e9, il a la<strong> poche de grille ECO-TECH<\/strong> afin que vous puissiez stocker les d\u00e9chets que vous g\u00e9n\u00e9rez. De plus, la zone lombaire int\u00e8gre 3 poches de grande capacit\u00e9 o\u00f9 vous pouvez ranger n\u2019importe quel objet sans craindre de le perdre. \u00a0\u00c0 la taille, il a une bande \u00e9lastique avec un <strong>grip en silicone antid\u00e9rapante<\/strong> \u00e0 l\u2019int\u00e9rieur pour garder le maillot bien ajust\u00e9 contre le corps. Il a \u00e9galement plusieurs d\u00e9tails r\u00e9fl\u00e9chissants pour augmenter votre s\u00e9curit\u00e9 sur la route. <strong>Profitez du v\u00e9lo sans soucis.<\/strong><\/p>\n","protected":false},"excerpt":{"rendered":"<p>Veste de cyclisme thermique con\u00e7ue avec un <strong>p\u00f1atronage original et innovant qui am\u00e9liore l\u2019a\u00e9rodynamisme sur le v\u00e9lo.<\/strong> \u00a0Ses tissus se caract\u00e9risent par leur grande respirabilit\u00e9 et permettent d\u2019expulser la sueur vers l\u2019ext\u00e9rieur afin que la peau soit toujours s\u00e8che. Son \u00e9lasticit\u00e9 permet \u00e0 la veste de s\u2019adapter parfaitement au corps pendant le p\u00e9dalage et permet \u00e0 l\u2019air de circuler facilement pour augmenter l\u2019a\u00e9rodynamisme. Il poss\u00e8de <strong>une fermeture \u00e9clair int\u00e9grale avec syst\u00e8me anti-pull<\/strong> qui vous permettra de le mettre et de l\u2019enlever facilement et vous pourrez r\u00e9guler la ventilation pendant l\u2019exercice.<br \/>\nLes manches s\u2019adaptent \u00e0 toutes les positions et sont fabriqu\u00e9es avec des<strong> coutures<\/strong> <strong>plates<\/strong>. Le <strong>poing d\u00e9coup\u00e9<\/strong> <strong>au<\/strong> <strong>laser<\/strong> s\u2019adapte tr\u00e8s bien au bras et emp\u00eache l\u2019entr\u00e9e d\u2019air.<br \/>\nComme nouveaut\u00e9, il a la<strong> poche de grille ECO-TECH<\/strong> afin que vous puissiez stocker les d\u00e9chets que vous g\u00e9n\u00e9rez. De plus, la zone lombaire int\u00e8gre 3 poches de grande capacit\u00e9 o\u00f9 vous pouvez ranger n\u2019importe quel objet sans craindre de le perdre. \u00a0\u00c0 la taille, il a une bande \u00e9lastique avec un <strong>grip en silicone antid\u00e9rapante<\/strong> \u00e0 l\u2019int\u00e9rieur pour garder le maillot bien ajust\u00e9 contre le corps. Il a \u00e9galement plusieurs d\u00e9tails r\u00e9fl\u00e9chissants pour augmenter votre s\u00e9curit\u00e9 sur la route. <strong>Profitez du v\u00e9lo sans soucis.<\/strong><\/p>\n","protected":false},"featured_media":92406,"comment_status":"closed","ping_status":"closed","template":"","meta":{"_acf_changed":false},"product_brand":[],"product_cat":[3235,7177],"product_tag":[],"custom_category":[],"range":[],"class_list":{"0":"post-79416","1":"product","2":"type-product","3":"status-publish","4":"has-post-thumbnail","6":"product_cat-veste-velo-fr","7":"product_cat-b2b-fr","8":"pa_climatologia-froid","9":"pa_climatologia-pluie","10":"pa_climatologia-vent-fr","11":"pa_deporte-cyclisme","12":"pa_genero-homme","13":"pa_patronaje-fit-fr","14":"pa_talla-l-fr","15":"pa_talla-m-fr","16":"pa_talla-s-fr","17":"pa_talla-xl-fr","18":"pa_talla-xxl-fr","19":"pa_tipo-de-prenda-veste","21":"first","22":"outofstock","23":"taxable","24":"shipping-taxable","25":"purchasable","26":"product-type-variable","27":"has-default-attributes"},"acf":[],"yoast_head":"<!-- This site is optimized with the Yoast SEO plugin v27.3 - https:\/\/yoast.com\/product\/yoast-seo-wordpress\/ -->\n<title>Chaqueta ciclista PURE (HOMBRE)<\/title>\n<meta name=\"description\" content=\"Veste de cyclisme thermique con\u00e7ue avec un p\u00f1atronage original et innovant qui am\u00e9liore l\u2019a\u00e9rodynamisme sur le v\u00e9lo. \u00a0Ses tissus se caract\u00e9risent par leur grande respirabilit\u00e9 et permettent d\u2019expulser la sueur vers l\u2019ext\u00e9rieur afin que la peau soit toujours s\u00e8che. Son \u00e9lasticit\u00e9 permet \u00e0 la veste de s\u2019adapter parfaitement au corps pendant le p\u00e9dalage et permet \u00e0 l\u2019air de circuler facilement pour augmenter l\u2019a\u00e9rodynamisme. Il poss\u00e8de une fermeture \u00e9clair int\u00e9grale avec syst\u00e8me anti-pull qui vous permettra de le mettre et de l\u2019enlever facilement et vous pourrez r\u00e9guler la ventilation pendant l\u2019exercice. Les manches s\u2019adaptent \u00e0 toutes les positions et sont fabriqu\u00e9es avec des coutures plates. Le poing d\u00e9coup\u00e9 au laser s\u2019adapte tr\u00e8s bien au bras et emp\u00eache l\u2019entr\u00e9e d\u2019air. Comme nouveaut\u00e9, il a la poche de grille ECO-TECH afin que vous puissiez stocker les d\u00e9chets que vous g\u00e9n\u00e9rez. De plus, la zone lombaire int\u00e8gre 3 poches de grande capacit\u00e9 o\u00f9 vous pouvez ranger n\u2019importe quel objet sans craindre de le perdre. \u00a0\u00c0 la taille, il a une bande \u00e9lastique avec un grip en silicone antid\u00e9rapante \u00e0 l\u2019int\u00e9rieur pour garder le maillot bien ajust\u00e9 contre le corps. Il a \u00e9galement plusieurs d\u00e9tails r\u00e9fl\u00e9chissants pour augmenter votre s\u00e9curit\u00e9 sur la route. Profitez du v\u00e9lo sans soucis.\" \/>\n<meta name=\"robots\" content=\"index, follow, max-snippet:-1, max-image-preview:large, max-video-preview:-1\" \/>\n<link rel=\"canonical\" href=\"https:\/\/www.inverseteams.com\/fr\/produit\/veste-cycliste-pure-homme\/\" \/>\n<meta property=\"og:locale\" content=\"fr_FR\" \/>\n<meta property=\"og:type\" content=\"article\" \/>\n<meta property=\"og:title\" content=\"Chaqueta ciclista PURE (HOMBRE)\" \/>\n<meta property=\"og:description\" content=\"Veste de cyclisme thermique con\u00e7ue avec un p\u00f1atronage original et innovant qui am\u00e9liore l\u2019a\u00e9rodynamisme sur le v\u00e9lo. \u00a0Ses tissus se caract\u00e9risent par leur grande respirabilit\u00e9 et permettent d\u2019expulser la sueur vers l\u2019ext\u00e9rieur afin que la peau soit toujours s\u00e8che. Son \u00e9lasticit\u00e9 permet \u00e0 la veste de s\u2019adapter parfaitement au corps pendant le p\u00e9dalage et permet \u00e0 l\u2019air de circuler facilement pour augmenter l\u2019a\u00e9rodynamisme. Il poss\u00e8de une fermeture \u00e9clair int\u00e9grale avec syst\u00e8me anti-pull qui vous permettra de le mettre et de l\u2019enlever facilement et vous pourrez r\u00e9guler la ventilation pendant l\u2019exercice. Les manches s\u2019adaptent \u00e0 toutes les positions et sont fabriqu\u00e9es avec des coutures plates. Le poing d\u00e9coup\u00e9 au laser s\u2019adapte tr\u00e8s bien au bras et emp\u00eache l\u2019entr\u00e9e d\u2019air. Comme nouveaut\u00e9, il a la poche de grille ECO-TECH afin que vous puissiez stocker les d\u00e9chets que vous g\u00e9n\u00e9rez. De plus, la zone lombaire int\u00e8gre 3 poches de grande capacit\u00e9 o\u00f9 vous pouvez ranger n\u2019importe quel objet sans craindre de le perdre. \u00a0\u00c0 la taille, il a une bande \u00e9lastique avec un grip en silicone antid\u00e9rapante \u00e0 l\u2019int\u00e9rieur pour garder le maillot bien ajust\u00e9 contre le corps. Il a \u00e9galement plusieurs d\u00e9tails r\u00e9fl\u00e9chissants pour augmenter votre s\u00e9curit\u00e9 sur la route. Profitez du v\u00e9lo sans soucis.\" \/>\n<meta property=\"og:url\" content=\"https:\/\/www.inverseteams.com\/fr\/produit\/veste-cycliste-pure-homme\/\" \/>\n<meta property=\"og:site_name\" content=\"Inverseteams\" \/>\n<meta property=\"article:publisher\" content=\"https:\/\/www.facebook.com\/inverseteams\" \/>\n<meta property=\"article:modified_time\" content=\"2024-06-03T00:03:28+00:00\" \/>\n<meta property=\"og:image\" content=\"https:\/\/www.inverseteams.com\/wp-content\/uploads\/CHAQUETA-CICLISMO-PURE-23-HOMBRE-1.jpg\" \/>\n\t<meta property=\"og:image:width\" content=\"3000\" \/>\n\t<meta property=\"og:image:height\" content=\"3223\" \/>\n\t<meta property=\"og:image:type\" content=\"image\/jpeg\" \/>\n<meta name=\"twitter:card\" content=\"summary_large_image\" \/>\n<meta name=\"twitter:label1\" content=\"Dur\u00e9e de lecture estim\u00e9e\" \/>\n\t<meta name=\"twitter:data1\" content=\"1 minute\" \/>\n<script type=\"application\/ld+json\" class=\"yoast-schema-graph\">{\"@context\":\"https:\\\/\\\/schema.org\",\"@graph\":[{\"@type\":\"WebPage\",\"@id\":\"https:\\\/\\\/www.inverseteams.com\\\/fr\\\/produit\\\/veste-cycliste-pure-homme\\\/\",\"url\":\"https:\\\/\\\/www.inverseteams.com\\\/fr\\\/produit\\\/veste-cycliste-pure-homme\\\/\",\"name\":\"Chaqueta ciclista PURE (HOMBRE)\",\"isPartOf\":{\"@id\":\"https:\\\/\\\/www.inverseteams.com\\\/fr\\\/#website\"},\"primaryImageOfPage\":{\"@id\":\"https:\\\/\\\/www.inverseteams.com\\\/fr\\\/produit\\\/veste-cycliste-pure-homme\\\/#primaryimage\"},\"image\":{\"@id\":\"https:\\\/\\\/www.inverseteams.com\\\/fr\\\/produit\\\/veste-cycliste-pure-homme\\\/#primaryimage\"},\"thumbnailUrl\":\"https:\\\/\\\/www.inverseteams.com\\\/wp-content\\\/uploads\\\/CHAQUETA-CICLISMO-PURE-23-HOMBRE-1.jpg\",\"datePublished\":\"2022-06-13T14:27:35+00:00\",\"dateModified\":\"2024-06-03T00:03:28+00:00\",\"description\":\"Veste de cyclisme thermique con\u00e7ue avec un p\u00f1atronage original et innovant qui am\u00e9liore l\u2019a\u00e9rodynamisme sur le v\u00e9lo. \u00a0Ses tissus se caract\u00e9risent par leur grande respirabilit\u00e9 et permettent d\u2019expulser la sueur vers l\u2019ext\u00e9rieur afin que la peau soit toujours s\u00e8che. Son \u00e9lasticit\u00e9 permet \u00e0 la veste de s\u2019adapter parfaitement au corps pendant le p\u00e9dalage et permet \u00e0 l\u2019air de circuler facilement pour augmenter l\u2019a\u00e9rodynamisme. Il poss\u00e8de une fermeture \u00e9clair int\u00e9grale avec syst\u00e8me anti-pull qui vous permettra de le mettre et de l\u2019enlever facilement et vous pourrez r\u00e9guler la ventilation pendant l\u2019exercice. Les manches s\u2019adaptent \u00e0 toutes les positions et sont fabriqu\u00e9es avec des coutures plates. Le poing d\u00e9coup\u00e9 au laser s\u2019adapte tr\u00e8s bien au bras et emp\u00eache l\u2019entr\u00e9e d\u2019air. Comme nouveaut\u00e9, il a la poche de grille ECO-TECH afin que vous puissiez stocker les d\u00e9chets que vous g\u00e9n\u00e9rez. De plus, la zone lombaire int\u00e8gre 3 poches de grande capacit\u00e9 o\u00f9 vous pouvez ranger n\u2019importe quel objet sans craindre de le perdre. \u00a0\u00c0 la taille, il a une bande \u00e9lastique avec un grip en silicone antid\u00e9rapante \u00e0 l\u2019int\u00e9rieur pour garder le maillot bien ajust\u00e9 contre le corps. Il a \u00e9galement plusieurs d\u00e9tails r\u00e9fl\u00e9chissants pour augmenter votre s\u00e9curit\u00e9 sur la route. Profitez du v\u00e9lo sans soucis.\",\"breadcrumb\":{\"@id\":\"https:\\\/\\\/www.inverseteams.com\\\/fr\\\/produit\\\/veste-cycliste-pure-homme\\\/#breadcrumb\"},\"inLanguage\":\"fr-FR\",\"potentialAction\":[{\"@type\":\"ReadAction\",\"target\":[\"https:\\\/\\\/www.inverseteams.com\\\/fr\\\/produit\\\/veste-cycliste-pure-homme\\\/\"]}]},{\"@type\":\"ImageObject\",\"inLanguage\":\"fr-FR\",\"@id\":\"https:\\\/\\\/www.inverseteams.com\\\/fr\\\/produit\\\/veste-cycliste-pure-homme\\\/#primaryimage\",\"url\":\"https:\\\/\\\/www.inverseteams.com\\\/wp-content\\\/uploads\\\/CHAQUETA-CICLISMO-PURE-23-HOMBRE-1.jpg\",\"contentUrl\":\"https:\\\/\\\/www.inverseteams.com\\\/wp-content\\\/uploads\\\/CHAQUETA-CICLISMO-PURE-23-HOMBRE-1.jpg\",\"width\":3000,\"height\":3223},{\"@type\":\"BreadcrumbList\",\"@id\":\"https:\\\/\\\/www.inverseteams.com\\\/fr\\\/produit\\\/veste-cycliste-pure-homme\\\/#breadcrumb\",\"itemListElement\":[{\"@type\":\"ListItem\",\"position\":1,\"name\":\"Portada\",\"item\":\"https:\\\/\\\/www.inverseteams.com\\\/fr\\\/pagina-principal\\\/\"},{\"@type\":\"ListItem\",\"position\":2,\"name\":\"Panier\",\"item\":\"https:\\\/\\\/www.inverseteams.com\\\/fr\\\/panier\\\/\"},{\"@type\":\"ListItem\",\"position\":3,\"name\":\"Veste cycliste PURE (HOMME)\"}]},{\"@type\":\"WebSite\",\"@id\":\"https:\\\/\\\/www.inverseteams.com\\\/fr\\\/#website\",\"url\":\"https:\\\/\\\/www.inverseteams.com\\\/fr\\\/\",\"name\":\"Inverseteams\",\"description\":\"Tu marca de ropa deportiva personalizada\",\"publisher\":{\"@id\":\"https:\\\/\\\/www.inverseteams.com\\\/fr\\\/#organization\"},\"potentialAction\":[{\"@type\":\"SearchAction\",\"target\":{\"@type\":\"EntryPoint\",\"urlTemplate\":\"https:\\\/\\\/www.inverseteams.com\\\/fr\\\/?s={search_term_string}\"},\"query-input\":{\"@type\":\"PropertyValueSpecification\",\"valueRequired\":true,\"valueName\":\"search_term_string\"}}],\"inLanguage\":\"fr-FR\"},{\"@type\":\"Organization\",\"@id\":\"https:\\\/\\\/www.inverseteams.com\\\/fr\\\/#organization\",\"name\":\"Inverse Teams\",\"url\":\"https:\\\/\\\/www.inverseteams.com\\\/fr\\\/\",\"logo\":{\"@type\":\"ImageObject\",\"inLanguage\":\"fr-FR\",\"@id\":\"https:\\\/\\\/www.inverseteams.com\\\/fr\\\/#\\\/schema\\\/logo\\\/image\\\/\",\"url\":\"http:\\\/\\\/www.inverseteams.com\\\/wp-content\\\/uploads\\\/2021\\\/03\\\/logo-inverse-teams.png\",\"contentUrl\":\"http:\\\/\\\/www.inverseteams.com\\\/wp-content\\\/uploads\\\/2021\\\/03\\\/logo-inverse-teams.png\",\"width\":294,\"height\":99,\"caption\":\"Inverse Teams\"},\"image\":{\"@id\":\"https:\\\/\\\/www.inverseteams.com\\\/fr\\\/#\\\/schema\\\/logo\\\/image\\\/\"},\"sameAs\":[\"https:\\\/\\\/www.facebook.com\\\/inverseteams\",\"http:\\\/\\\/instagram.com\\\/inverseteams\",\"https:\\\/\\\/www.linkedin.com\\\/company\\\/inverse-cirosport-s-l-?trk=job_view_topcard_company_name\",\"http:\\\/\\\/www.pinterest.com\\\/inverseteams\\\/\",\"http:\\\/\\\/www.youtube.com\\\/user\\\/inverseteams?feature=watch\"]}]}<\/script>\n<!-- \/ Yoast SEO plugin. -->","yoast_head_json":{"title":"Chaqueta ciclista PURE (HOMBRE)","description":"Veste de cyclisme thermique con\u00e7ue avec un p\u00f1atronage original et innovant qui am\u00e9liore l\u2019a\u00e9rodynamisme sur le v\u00e9lo. \u00a0Ses tissus se caract\u00e9risent par leur grande respirabilit\u00e9 et permettent d\u2019expulser la sueur vers l\u2019ext\u00e9rieur afin que la peau soit toujours s\u00e8che. Son \u00e9lasticit\u00e9 permet \u00e0 la veste de s\u2019adapter parfaitement au corps pendant le p\u00e9dalage et permet \u00e0 l\u2019air de circuler facilement pour augmenter l\u2019a\u00e9rodynamisme. Il poss\u00e8de une fermeture \u00e9clair int\u00e9grale avec syst\u00e8me anti-pull qui vous permettra de le mettre et de l\u2019enlever facilement et vous pourrez r\u00e9guler la ventilation pendant l\u2019exercice. Les manches s\u2019adaptent \u00e0 toutes les positions et sont fabriqu\u00e9es avec des coutures plates. Le poing d\u00e9coup\u00e9 au laser s\u2019adapte tr\u00e8s bien au bras et emp\u00eache l\u2019entr\u00e9e d\u2019air. Comme nouveaut\u00e9, il a la poche de grille ECO-TECH afin que vous puissiez stocker les d\u00e9chets que vous g\u00e9n\u00e9rez. De plus, la zone lombaire int\u00e8gre 3 poches de grande capacit\u00e9 o\u00f9 vous pouvez ranger n\u2019importe quel objet sans craindre de le perdre. \u00a0\u00c0 la taille, il a une bande \u00e9lastique avec un grip en silicone antid\u00e9rapante \u00e0 l\u2019int\u00e9rieur pour garder le maillot bien ajust\u00e9 contre le corps. Il a \u00e9galement plusieurs d\u00e9tails r\u00e9fl\u00e9chissants pour augmenter votre s\u00e9curit\u00e9 sur la route. Profitez du v\u00e9lo sans soucis.","robots":{"index":"index","follow":"follow","max-snippet":"max-snippet:-1","max-image-preview":"max-image-preview:large","max-video-preview":"max-video-preview:-1"},"canonical":"https:\/\/www.inverseteams.com\/fr\/produit\/veste-cycliste-pure-homme\/","og_locale":"fr_FR","og_type":"article","og_title":"Chaqueta ciclista PURE (HOMBRE)","og_description":"Veste de cyclisme thermique con\u00e7ue avec un p\u00f1atronage original et innovant qui am\u00e9liore l\u2019a\u00e9rodynamisme sur le v\u00e9lo. \u00a0Ses tissus se caract\u00e9risent par leur grande respirabilit\u00e9 et permettent d\u2019expulser la sueur vers l\u2019ext\u00e9rieur afin que la peau soit toujours s\u00e8che. Son \u00e9lasticit\u00e9 permet \u00e0 la veste de s\u2019adapter parfaitement au corps pendant le p\u00e9dalage et permet \u00e0 l\u2019air de circuler facilement pour augmenter l\u2019a\u00e9rodynamisme. Il poss\u00e8de une fermeture \u00e9clair int\u00e9grale avec syst\u00e8me anti-pull qui vous permettra de le mettre et de l\u2019enlever facilement et vous pourrez r\u00e9guler la ventilation pendant l\u2019exercice. Les manches s\u2019adaptent \u00e0 toutes les positions et sont fabriqu\u00e9es avec des coutures plates. Le poing d\u00e9coup\u00e9 au laser s\u2019adapte tr\u00e8s bien au bras et emp\u00eache l\u2019entr\u00e9e d\u2019air. Comme nouveaut\u00e9, il a la poche de grille ECO-TECH afin que vous puissiez stocker les d\u00e9chets que vous g\u00e9n\u00e9rez. De plus, la zone lombaire int\u00e8gre 3 poches de grande capacit\u00e9 o\u00f9 vous pouvez ranger n\u2019importe quel objet sans craindre de le perdre. \u00a0\u00c0 la taille, il a une bande \u00e9lastique avec un grip en silicone antid\u00e9rapante \u00e0 l\u2019int\u00e9rieur pour garder le maillot bien ajust\u00e9 contre le corps. Il a \u00e9galement plusieurs d\u00e9tails r\u00e9fl\u00e9chissants pour augmenter votre s\u00e9curit\u00e9 sur la route. Profitez du v\u00e9lo sans soucis.","og_url":"https:\/\/www.inverseteams.com\/fr\/produit\/veste-cycliste-pure-homme\/","og_site_name":"Inverseteams","article_publisher":"https:\/\/www.facebook.com\/inverseteams","article_modified_time":"2024-06-03T00:03:28+00:00","og_image":[{"width":3000,"height":3223,"url":"https:\/\/www.inverseteams.com\/wp-content\/uploads\/CHAQUETA-CICLISMO-PURE-23-HOMBRE-1.jpg","type":"image\/jpeg"}],"twitter_card":"summary_large_image","twitter_misc":{"Dur\u00e9e de lecture estim\u00e9e":"1 minute"},"schema":{"@context":"https:\/\/schema.org","@graph":[{"@type":"WebPage","@id":"https:\/\/www.inverseteams.com\/fr\/produit\/veste-cycliste-pure-homme\/","url":"https:\/\/www.inverseteams.com\/fr\/produit\/veste-cycliste-pure-homme\/","name":"Chaqueta ciclista PURE (HOMBRE)","isPartOf":{"@id":"https:\/\/www.inverseteams.com\/fr\/#website"},"primaryImageOfPage":{"@id":"https:\/\/www.inverseteams.com\/fr\/produit\/veste-cycliste-pure-homme\/#primaryimage"},"image":{"@id":"https:\/\/www.inverseteams.com\/fr\/produit\/veste-cycliste-pure-homme\/#primaryimage"},"thumbnailUrl":"https:\/\/www.inverseteams.com\/wp-content\/uploads\/CHAQUETA-CICLISMO-PURE-23-HOMBRE-1.jpg","datePublished":"2022-06-13T14:27:35+00:00","dateModified":"2024-06-03T00:03:28+00:00","description":"Veste de cyclisme thermique con\u00e7ue avec un p\u00f1atronage original et innovant qui am\u00e9liore l\u2019a\u00e9rodynamisme sur le v\u00e9lo. \u00a0Ses tissus se caract\u00e9risent par leur grande respirabilit\u00e9 et permettent d\u2019expulser la sueur vers l\u2019ext\u00e9rieur afin que la peau soit toujours s\u00e8che. Son \u00e9lasticit\u00e9 permet \u00e0 la veste de s\u2019adapter parfaitement au corps pendant le p\u00e9dalage et permet \u00e0 l\u2019air de circuler facilement pour augmenter l\u2019a\u00e9rodynamisme. Il poss\u00e8de une fermeture \u00e9clair int\u00e9grale avec syst\u00e8me anti-pull qui vous permettra de le mettre et de l\u2019enlever facilement et vous pourrez r\u00e9guler la ventilation pendant l\u2019exercice. Les manches s\u2019adaptent \u00e0 toutes les positions et sont fabriqu\u00e9es avec des coutures plates. Le poing d\u00e9coup\u00e9 au laser s\u2019adapte tr\u00e8s bien au bras et emp\u00eache l\u2019entr\u00e9e d\u2019air. Comme nouveaut\u00e9, il a la poche de grille ECO-TECH afin que vous puissiez stocker les d\u00e9chets que vous g\u00e9n\u00e9rez. De plus, la zone lombaire int\u00e8gre 3 poches de grande capacit\u00e9 o\u00f9 vous pouvez ranger n\u2019importe quel objet sans craindre de le perdre. \u00a0\u00c0 la taille, il a une bande \u00e9lastique avec un grip en silicone antid\u00e9rapante \u00e0 l\u2019int\u00e9rieur pour garder le maillot bien ajust\u00e9 contre le corps. Il a \u00e9galement plusieurs d\u00e9tails r\u00e9fl\u00e9chissants pour augmenter votre s\u00e9curit\u00e9 sur la route. Profitez du v\u00e9lo sans soucis.","breadcrumb":{"@id":"https:\/\/www.inverseteams.com\/fr\/produit\/veste-cycliste-pure-homme\/#breadcrumb"},"inLanguage":"fr-FR","potentialAction":[{"@type":"ReadAction","target":["https:\/\/www.inverseteams.com\/fr\/produit\/veste-cycliste-pure-homme\/"]}]},{"@type":"ImageObject","inLanguage":"fr-FR","@id":"https:\/\/www.inverseteams.com\/fr\/produit\/veste-cycliste-pure-homme\/#primaryimage","url":"https:\/\/www.inverseteams.com\/wp-content\/uploads\/CHAQUETA-CICLISMO-PURE-23-HOMBRE-1.jpg","contentUrl":"https:\/\/www.inverseteams.com\/wp-content\/uploads\/CHAQUETA-CICLISMO-PURE-23-HOMBRE-1.jpg","width":3000,"height":3223},{"@type":"BreadcrumbList","@id":"https:\/\/www.inverseteams.com\/fr\/produit\/veste-cycliste-pure-homme\/#breadcrumb","itemListElement":[{"@type":"ListItem","position":1,"name":"Portada","item":"https:\/\/www.inverseteams.com\/fr\/pagina-principal\/"},{"@type":"ListItem","position":2,"name":"Panier","item":"https:\/\/www.inverseteams.com\/fr\/panier\/"},{"@type":"ListItem","position":3,"name":"Veste cycliste PURE (HOMME)"}]},{"@type":"WebSite","@id":"https:\/\/www.inverseteams.com\/fr\/#website","url":"https:\/\/www.inverseteams.com\/fr\/","name":"Inverseteams","description":"Tu marca de ropa deportiva personalizada","publisher":{"@id":"https:\/\/www.inverseteams.com\/fr\/#organization"},"potentialAction":[{"@type":"SearchAction","target":{"@type":"EntryPoint","urlTemplate":"https:\/\/www.inverseteams.com\/fr\/?s={search_term_string}"},"query-input":{"@type":"PropertyValueSpecification","valueRequired":true,"valueName":"search_term_string"}}],"inLanguage":"fr-FR"},{"@type":"Organization","@id":"https:\/\/www.inverseteams.com\/fr\/#organization","name":"Inverse Teams","url":"https:\/\/www.inverseteams.com\/fr\/","logo":{"@type":"ImageObject","inLanguage":"fr-FR","@id":"https:\/\/www.inverseteams.com\/fr\/#\/schema\/logo\/image\/","url":"https:\/\/www.inverseteams.com\/wp-content\/uploads\/2021\/03\/logo-inverse-teams.png","contentUrl":"https:\/\/www.inverseteams.com\/wp-content\/uploads\/2021\/03\/logo-inverse-teams.png","width":294,"height":99,"caption":"Inverse Teams"},"image":{"@id":"https:\/\/www.inverseteams.com\/fr\/#\/schema\/logo\/image\/"},"sameAs":["https:\/\/www.facebook.com\/inverseteams","http:\/\/instagram.com\/inverseteams","https:\/\/www.linkedin.com\/company\/inverse-cirosport-s-l-?trk=job_view_topcard_company_name","http:\/\/www.pinterest.com\/inverseteams\/","http:\/\/www.youtube.com\/user\/inverseteams?feature=watch"]}]}},"_links":{"self":[{"href":"https:\/\/www.inverseteams.com\/fr\/wp-json\/wp\/v2\/product\/79416","targetHints":{"allow":["GET"]}}],"collection":[{"href":"https:\/\/www.inverseteams.com\/fr\/wp-json\/wp\/v2\/product"}],"about":[{"href":"https:\/\/www.inverseteams.com\/fr\/wp-json\/wp\/v2\/types\/product"}],"replies":[{"embeddable":true,"href":"https:\/\/www.inverseteams.com\/fr\/wp-json\/wp\/v2\/comments?post=79416"}],"wp:featuredmedia":[{"embeddable":true,"href":"https:\/\/www.inverseteams.com\/fr\/wp-json\/wp\/v2\/media\/92406"}],"wp:attachment":[{"href":"https:\/\/www.inverseteams.com\/fr\/wp-json\/wp\/v2\/media?parent=79416"}],"wp:term":[{"taxonomy":"product_brand","embeddable":true,"href":"https:\/\/www.inverseteams.com\/fr\/wp-json\/wp\/v2\/product_brand?post=79416"},{"taxonomy":"product_cat","embeddable":true,"href":"https:\/\/www.inverseteams.com\/fr\/wp-json\/wp\/v2\/product_cat?post=79416"},{"taxonomy":"product_tag","embeddable":true,"href":"https:\/\/www.inverseteams.com\/fr\/wp-json\/wp\/v2\/product_tag?post=79416"},{"taxonomy":"custom_category","embeddable":true,"href":"https:\/\/www.inverseteams.com\/fr\/wp-json\/wp\/v2\/custom_category?post=79416"},{"taxonomy":"range","embeddable":true,"href":"https:\/\/www.inverseteams.com\/fr\/wp-json\/wp\/v2\/range?post=79416"}],"curies":[{"name":"wp","href":"https:\/\/api.w.org\/{rel}","templated":true}]}}