{"id":79401,"date":"2022-06-13T12:53:13","date_gmt":"2022-06-13T14:24:11","guid":{"rendered":"https:\/\/www.inverseteams.com\/?post_type=product&#038;p=79401"},"modified":"2023-01-16T08:19:42","modified_gmt":"2023-01-16T08:19:42","slug":"maillot-cycliste-manche-longue-slim-citic-femme","status":"publish","type":"product","link":"https:\/\/www.inverseteams.com\/fr\/produit\/maillot-cycliste-manche-longue-slim-citic-femme\/","title":{"rendered":"Maillot cycliste manche longue SLIM CITIC (FEMME)"},"content":{"rendered":"<p>Maillot de cyclisme technique con\u00e7u pour s\u2019entra\u00eener et concourir bien prot\u00e9g\u00e9 du froid. Le tissu YK-TECH <strong>am\u00e9liore la conservation de la chaleur corporelle et facilite l\u2019\u00e9vacuation de la sueur<\/strong>. Vous aurez une sensation de confort total et votre peau sera s\u00e8che pendant toutes les heures d\u2019exercice. Son patronage SLIM FIT permet au maillot de cyclisme d\u2019\u00eatre pr\u00e8s du corps pour maximiser ses caract\u00e9ristiques techniques et am\u00e9liorer l\u2019a\u00e9rodynamisme. Il poss\u00e8de une fermeture \u00e9clair avec un syst\u00e8me anti-pull qui vous permettra de le mettre et de l\u2019enlever facilement et vous pourrez r\u00e9guler la ventilation pendant l\u2019exercice.<br \/>\nLes manches remont\u00e9es en tissu THERMAL SPIRIT sont cousues avec des <strong>coutures plates<\/strong> pour \u00e9viter les frottements. Le <strong>poing d\u00e9coup\u00e9<\/strong> <strong>au laser<\/strong> s\u2019adapte tr\u00e8s bien au bras et emp\u00eache l\u2019entr\u00e9e d\u2019air.<br \/>\n\u00c0 la taille, il a une bande \u00e9lastique avec un <strong>grip en silicone antid\u00e9rapante<\/strong> \u00e0 l\u2019int\u00e9rieur pour garder le maillot bien ajust\u00e9 contre le corps. Dans la zone lombaire, il int\u00e8gre 3 poches avec le nouveau <strong>syst\u00e8me de s\u00e9curit\u00e9 ISP<\/strong> &#8211; Inverse Safe Pocket &#8211; o\u00f9 vous pouvez stocker n\u2019importe quel objet sans craindre de le perdre. \u00a0Il a \u00e9galement plusieurs d\u00e9tails r\u00e9fl\u00e9chissants pour augmenter votre s\u00e9curit\u00e9 sur la route. <strong>Profitez du v\u00e9lo sans soucis.<\/strong><\/p>\n","protected":false},"excerpt":{"rendered":"<p>Maillot de cyclisme technique con\u00e7u pour s\u2019entra\u00eener et concourir bien prot\u00e9g\u00e9 du froid. Le tissu YK-TECH <strong>am\u00e9liore la conservation de la chaleur corporelle et facilite l\u2019\u00e9vacuation de la sueur<\/strong>. Vous aurez une sensation de confort total et votre peau sera s\u00e8che pendant toutes les heures d\u2019exercice. Son patronage SLIM FIT permet au maillot de cyclisme d\u2019\u00eatre pr\u00e8s du corps pour maximiser ses caract\u00e9ristiques techniques et am\u00e9liorer l\u2019a\u00e9rodynamisme. Il poss\u00e8de une fermeture \u00e9clair avec un syst\u00e8me anti-pull qui vous permettra de le mettre et de l\u2019enlever facilement et vous pourrez r\u00e9guler la ventilation pendant l\u2019exercice.<br \/>\nLes manches remont\u00e9es en tissu THERMAL SPIRIT sont cousues avec des <strong>coutures plates<\/strong> pour \u00e9viter les frottements. Le <strong>poing d\u00e9coup\u00e9<\/strong> <strong>au laser<\/strong> s\u2019adapte tr\u00e8s bien au bras et emp\u00eache l\u2019entr\u00e9e d\u2019air.<br \/>\n\u00c0 la taille, il a une bande \u00e9lastique avec un <strong>grip en silicone antid\u00e9rapante<\/strong> \u00e0 l\u2019int\u00e9rieur pour garder le maillot bien ajust\u00e9 contre le corps. Dans la zone lombaire, il int\u00e8gre 3 poches avec le nouveau <strong>syst\u00e8me de s\u00e9curit\u00e9 ISP<\/strong> &#8211; Inverse Safe Pocket &#8211; o\u00f9 vous pouvez stocker n\u2019importe quel objet sans craindre de le perdre. \u00a0Il a \u00e9galement plusieurs d\u00e9tails r\u00e9fl\u00e9chissants pour augmenter votre s\u00e9curit\u00e9 sur la route. <strong>Profitez du v\u00e9lo sans soucis.<\/strong><\/p>\n","protected":false},"featured_media":93073,"comment_status":"closed","ping_status":"closed","template":"","meta":{"_acf_changed":false},"product_brand":[],"product_cat":[3318,3320,3308,7177],"product_tag":[],"custom_category":[],"range":[],"class_list":{"0":"post-79401","1":"product","2":"type-product","3":"status-publish","4":"has-post-thumbnail","6":"product_cat-cyclisme-outlet","7":"product_cat-maillot-cyclisme-outlet","8":"product_cat-outet-fr","9":"product_cat-b2b-fr","10":"pa_climatologia-froid","11":"pa_deporte-cyclisme","12":"pa_genero-femme","13":"pa_patronaje-fit-fr","14":"pa_talla-xs-fr","15":"pa_talla-l-fr","16":"pa_talla-m-fr","17":"pa_talla-s-fr","18":"pa_talla-xl-fr","19":"pa_tipo-de-prenda-maillot-manche-longue","21":"first","22":"outofstock","23":"sale","24":"taxable","25":"shipping-taxable","26":"purchasable","27":"product-type-variable","28":"has-default-attributes"},"acf":[],"yoast_head":"<!-- This site is optimized with the Yoast SEO plugin v27.2 - https:\/\/yoast.com\/product\/yoast-seo-wordpress\/ -->\n<title>Maillot ciclista manga larga SLIM CITIC (MUJER)<\/title>\n<meta name=\"description\" content=\"Maillot de cyclisme technique con\u00e7u pour s\u2019entra\u00eener et concourir bien prot\u00e9g\u00e9 du froid. Le tissu YK-TECH am\u00e9liore la conservation de la chaleur corporelle et facilite l\u2019\u00e9vacuation de la sueur. Vous aurez une sensation de confort total et votre peau sera s\u00e8che pendant toutes les heures d\u2019exercice. Son patronage SLIM FIT permet au maillot de cyclisme d\u2019\u00eatre pr\u00e8s du corps pour maximiser ses caract\u00e9ristiques techniques et am\u00e9liorer l\u2019a\u00e9rodynamisme. Il poss\u00e8de une fermeture \u00e9clair avec un syst\u00e8me anti-pull qui vous permettra de le mettre et de l\u2019enlever facilement et vous pourrez r\u00e9guler la ventilation pendant l\u2019exercice. Les manches remont\u00e9es en tissu THERMAL SPIRIT sont cousues avec des coutures plates pour \u00e9viter les frottements. Le poing d\u00e9coup\u00e9 au laser s\u2019adapte tr\u00e8s bien au bras et emp\u00eache l\u2019entr\u00e9e d\u2019air. \u00c0 la taille, il a une bande \u00e9lastique avec un grip en silicone antid\u00e9rapante \u00e0 l\u2019int\u00e9rieur pour garder le maillot bien ajust\u00e9 contre le corps. Dans la zone lombaire, il int\u00e8gre 3 poches avec le nouveau syst\u00e8me de s\u00e9curit\u00e9 ISP - Inverse Safe Pocket - o\u00f9 vous pouvez stocker n\u2019importe quel objet sans craindre de le perdre. \u00a0Il a \u00e9galement plusieurs d\u00e9tails r\u00e9fl\u00e9chissants pour augmenter votre s\u00e9curit\u00e9 sur la route. Profitez du v\u00e9lo sans soucis.\" \/>\n<meta name=\"robots\" content=\"index, follow, max-snippet:-1, max-image-preview:large, max-video-preview:-1\" \/>\n<link rel=\"canonical\" href=\"https:\/\/www.inverseteams.com\/fr\/produit\/maillot-cycliste-manche-longue-slim-citic-femme\/\" \/>\n<meta property=\"og:locale\" content=\"fr_FR\" \/>\n<meta property=\"og:type\" content=\"article\" \/>\n<meta property=\"og:title\" content=\"Maillot ciclista manga larga SLIM CITIC (MUJER)\" \/>\n<meta property=\"og:description\" content=\"Maillot de cyclisme technique con\u00e7u pour s\u2019entra\u00eener et concourir bien prot\u00e9g\u00e9 du froid. Le tissu YK-TECH am\u00e9liore la conservation de la chaleur corporelle et facilite l\u2019\u00e9vacuation de la sueur. Vous aurez une sensation de confort total et votre peau sera s\u00e8che pendant toutes les heures d\u2019exercice. Son patronage SLIM FIT permet au maillot de cyclisme d\u2019\u00eatre pr\u00e8s du corps pour maximiser ses caract\u00e9ristiques techniques et am\u00e9liorer l\u2019a\u00e9rodynamisme. Il poss\u00e8de une fermeture \u00e9clair avec un syst\u00e8me anti-pull qui vous permettra de le mettre et de l\u2019enlever facilement et vous pourrez r\u00e9guler la ventilation pendant l\u2019exercice. Les manches remont\u00e9es en tissu THERMAL SPIRIT sont cousues avec des coutures plates pour \u00e9viter les frottements. Le poing d\u00e9coup\u00e9 au laser s\u2019adapte tr\u00e8s bien au bras et emp\u00eache l\u2019entr\u00e9e d\u2019air. \u00c0 la taille, il a une bande \u00e9lastique avec un grip en silicone antid\u00e9rapante \u00e0 l\u2019int\u00e9rieur pour garder le maillot bien ajust\u00e9 contre le corps. Dans la zone lombaire, il int\u00e8gre 3 poches avec le nouveau syst\u00e8me de s\u00e9curit\u00e9 ISP - Inverse Safe Pocket - o\u00f9 vous pouvez stocker n\u2019importe quel objet sans craindre de le perdre. \u00a0Il a \u00e9galement plusieurs d\u00e9tails r\u00e9fl\u00e9chissants pour augmenter votre s\u00e9curit\u00e9 sur la route. Profitez du v\u00e9lo sans soucis.\" \/>\n<meta property=\"og:url\" content=\"https:\/\/www.inverseteams.com\/fr\/produit\/maillot-cycliste-manche-longue-slim-citic-femme\/\" \/>\n<meta property=\"og:site_name\" content=\"Inverseteams\" \/>\n<meta property=\"article:publisher\" content=\"https:\/\/www.facebook.com\/inverseteams\" \/>\n<meta property=\"article:modified_time\" content=\"2023-01-16T08:19:42+00:00\" \/>\n<meta property=\"og:image\" content=\"https:\/\/www.inverseteams.com\/wp-content\/uploads\/MAILLOT-CICLISTA-CITIC-SLIM-23-MUJER-1.jpg\" \/>\n\t<meta property=\"og:image:width\" content=\"3000\" \/>\n\t<meta property=\"og:image:height\" content=\"3223\" \/>\n\t<meta property=\"og:image:type\" content=\"image\/jpeg\" \/>\n<meta name=\"twitter:card\" content=\"summary_large_image\" \/>\n<meta name=\"twitter:label1\" content=\"Dur\u00e9e de lecture estim\u00e9e\" \/>\n\t<meta name=\"twitter:data1\" content=\"1 minute\" \/>\n<script type=\"application\/ld+json\" class=\"yoast-schema-graph\">{\"@context\":\"https:\/\/schema.org\",\"@graph\":[{\"@type\":\"WebPage\",\"@id\":\"https:\/\/www.inverseteams.com\/fr\/produit\/maillot-cycliste-manche-longue-slim-citic-femme\/\",\"url\":\"https:\/\/www.inverseteams.com\/fr\/produit\/maillot-cycliste-manche-longue-slim-citic-femme\/\",\"name\":\"Maillot ciclista manga larga SLIM CITIC (MUJER)\",\"isPartOf\":{\"@id\":\"https:\/\/www.inverseteams.com\/fr\/#website\"},\"primaryImageOfPage\":{\"@id\":\"https:\/\/www.inverseteams.com\/fr\/produit\/maillot-cycliste-manche-longue-slim-citic-femme\/#primaryimage\"},\"image\":{\"@id\":\"https:\/\/www.inverseteams.com\/fr\/produit\/maillot-cycliste-manche-longue-slim-citic-femme\/#primaryimage\"},\"thumbnailUrl\":\"https:\/\/www.inverseteams.com\/wp-content\/uploads\/MAILLOT-CICLISTA-CITIC-SLIM-23-MUJER-1.jpg\",\"datePublished\":\"2022-06-13T14:24:11+00:00\",\"dateModified\":\"2023-01-16T08:19:42+00:00\",\"description\":\"Maillot de cyclisme technique con\u00e7u pour s\u2019entra\u00eener et concourir bien prot\u00e9g\u00e9 du froid. Le tissu YK-TECH am\u00e9liore la conservation de la chaleur corporelle et facilite l\u2019\u00e9vacuation de la sueur. Vous aurez une sensation de confort total et votre peau sera s\u00e8che pendant toutes les heures d\u2019exercice. Son patronage SLIM FIT permet au maillot de cyclisme d\u2019\u00eatre pr\u00e8s du corps pour maximiser ses caract\u00e9ristiques techniques et am\u00e9liorer l\u2019a\u00e9rodynamisme. Il poss\u00e8de une fermeture \u00e9clair avec un syst\u00e8me anti-pull qui vous permettra de le mettre et de l\u2019enlever facilement et vous pourrez r\u00e9guler la ventilation pendant l\u2019exercice. Les manches remont\u00e9es en tissu THERMAL SPIRIT sont cousues avec des coutures plates pour \u00e9viter les frottements. Le poing d\u00e9coup\u00e9 au laser s\u2019adapte tr\u00e8s bien au bras et emp\u00eache l\u2019entr\u00e9e d\u2019air. \u00c0 la taille, il a une bande \u00e9lastique avec un grip en silicone antid\u00e9rapante \u00e0 l\u2019int\u00e9rieur pour garder le maillot bien ajust\u00e9 contre le corps. Dans la zone lombaire, il int\u00e8gre 3 poches avec le nouveau syst\u00e8me de s\u00e9curit\u00e9 ISP - Inverse Safe Pocket - o\u00f9 vous pouvez stocker n\u2019importe quel objet sans craindre de le perdre. \u00a0Il a \u00e9galement plusieurs d\u00e9tails r\u00e9fl\u00e9chissants pour augmenter votre s\u00e9curit\u00e9 sur la route. Profitez du v\u00e9lo sans soucis.\",\"breadcrumb\":{\"@id\":\"https:\/\/www.inverseteams.com\/fr\/produit\/maillot-cycliste-manche-longue-slim-citic-femme\/#breadcrumb\"},\"inLanguage\":\"fr-FR\",\"potentialAction\":[{\"@type\":\"ReadAction\",\"target\":[\"https:\/\/www.inverseteams.com\/fr\/produit\/maillot-cycliste-manche-longue-slim-citic-femme\/\"]}]},{\"@type\":\"ImageObject\",\"inLanguage\":\"fr-FR\",\"@id\":\"https:\/\/www.inverseteams.com\/fr\/produit\/maillot-cycliste-manche-longue-slim-citic-femme\/#primaryimage\",\"url\":\"https:\/\/www.inverseteams.com\/wp-content\/uploads\/MAILLOT-CICLISTA-CITIC-SLIM-23-MUJER-1.jpg\",\"contentUrl\":\"https:\/\/www.inverseteams.com\/wp-content\/uploads\/MAILLOT-CICLISTA-CITIC-SLIM-23-MUJER-1.jpg\",\"width\":3000,\"height\":3223},{\"@type\":\"BreadcrumbList\",\"@id\":\"https:\/\/www.inverseteams.com\/fr\/produit\/maillot-cycliste-manche-longue-slim-citic-femme\/#breadcrumb\",\"itemListElement\":[{\"@type\":\"ListItem\",\"position\":1,\"name\":\"Portada\",\"item\":\"https:\/\/www.inverseteams.com\/fr\/pagina-principal\/\"},{\"@type\":\"ListItem\",\"position\":2,\"name\":\"Panier\",\"item\":\"https:\/\/www.inverseteams.com\/fr\/panier\/\"},{\"@type\":\"ListItem\",\"position\":3,\"name\":\"Maillot cycliste manche longue SLIM CITIC (FEMME)\"}]},{\"@type\":\"WebSite\",\"@id\":\"https:\/\/www.inverseteams.com\/fr\/#website\",\"url\":\"https:\/\/www.inverseteams.com\/fr\/\",\"name\":\"Inverseteams\",\"description\":\"Tu marca de ropa deportiva personalizada\",\"publisher\":{\"@id\":\"https:\/\/www.inverseteams.com\/fr\/#organization\"},\"potentialAction\":[{\"@type\":\"SearchAction\",\"target\":{\"@type\":\"EntryPoint\",\"urlTemplate\":\"https:\/\/www.inverseteams.com\/fr\/?s={search_term_string}\"},\"query-input\":{\"@type\":\"PropertyValueSpecification\",\"valueRequired\":true,\"valueName\":\"search_term_string\"}}],\"inLanguage\":\"fr-FR\"},{\"@type\":\"Organization\",\"@id\":\"https:\/\/www.inverseteams.com\/fr\/#organization\",\"name\":\"Inverse Teams\",\"url\":\"https:\/\/www.inverseteams.com\/fr\/\",\"logo\":{\"@type\":\"ImageObject\",\"inLanguage\":\"fr-FR\",\"@id\":\"https:\/\/www.inverseteams.com\/fr\/#\/schema\/logo\/image\/\",\"url\":\"https:\/\/www.inverseteams.com\/wp-content\/uploads\/2021\/03\/logo-inverse-teams.png\",\"contentUrl\":\"https:\/\/www.inverseteams.com\/wp-content\/uploads\/2021\/03\/logo-inverse-teams.png\",\"width\":294,\"height\":99,\"caption\":\"Inverse Teams\"},\"image\":{\"@id\":\"https:\/\/www.inverseteams.com\/fr\/#\/schema\/logo\/image\/\"},\"sameAs\":[\"https:\/\/www.facebook.com\/inverseteams\",\"http:\/\/instagram.com\/inverseteams\",\"https:\/\/www.linkedin.com\/company\/inverse-cirosport-s-l-?trk=job_view_topcard_company_name\",\"http:\/\/www.pinterest.com\/inverseteams\/\",\"http:\/\/www.youtube.com\/user\/inverseteams?feature=watch\"]}]}<\/script>\n<!-- \/ Yoast SEO plugin. -->","yoast_head_json":{"title":"Maillot ciclista manga larga SLIM CITIC (MUJER)","description":"Maillot de cyclisme technique con\u00e7u pour s\u2019entra\u00eener et concourir bien prot\u00e9g\u00e9 du froid. Le tissu YK-TECH am\u00e9liore la conservation de la chaleur corporelle et facilite l\u2019\u00e9vacuation de la sueur. Vous aurez une sensation de confort total et votre peau sera s\u00e8che pendant toutes les heures d\u2019exercice. Son patronage SLIM FIT permet au maillot de cyclisme d\u2019\u00eatre pr\u00e8s du corps pour maximiser ses caract\u00e9ristiques techniques et am\u00e9liorer l\u2019a\u00e9rodynamisme. Il poss\u00e8de une fermeture \u00e9clair avec un syst\u00e8me anti-pull qui vous permettra de le mettre et de l\u2019enlever facilement et vous pourrez r\u00e9guler la ventilation pendant l\u2019exercice. Les manches remont\u00e9es en tissu THERMAL SPIRIT sont cousues avec des coutures plates pour \u00e9viter les frottements. Le poing d\u00e9coup\u00e9 au laser s\u2019adapte tr\u00e8s bien au bras et emp\u00eache l\u2019entr\u00e9e d\u2019air. \u00c0 la taille, il a une bande \u00e9lastique avec un grip en silicone antid\u00e9rapante \u00e0 l\u2019int\u00e9rieur pour garder le maillot bien ajust\u00e9 contre le corps. Dans la zone lombaire, il int\u00e8gre 3 poches avec le nouveau syst\u00e8me de s\u00e9curit\u00e9 ISP - Inverse Safe Pocket - o\u00f9 vous pouvez stocker n\u2019importe quel objet sans craindre de le perdre. \u00a0Il a \u00e9galement plusieurs d\u00e9tails r\u00e9fl\u00e9chissants pour augmenter votre s\u00e9curit\u00e9 sur la route. Profitez du v\u00e9lo sans soucis.","robots":{"index":"index","follow":"follow","max-snippet":"max-snippet:-1","max-image-preview":"max-image-preview:large","max-video-preview":"max-video-preview:-1"},"canonical":"https:\/\/www.inverseteams.com\/fr\/produit\/maillot-cycliste-manche-longue-slim-citic-femme\/","og_locale":"fr_FR","og_type":"article","og_title":"Maillot ciclista manga larga SLIM CITIC (MUJER)","og_description":"Maillot de cyclisme technique con\u00e7u pour s\u2019entra\u00eener et concourir bien prot\u00e9g\u00e9 du froid. Le tissu YK-TECH am\u00e9liore la conservation de la chaleur corporelle et facilite l\u2019\u00e9vacuation de la sueur. Vous aurez une sensation de confort total et votre peau sera s\u00e8che pendant toutes les heures d\u2019exercice. Son patronage SLIM FIT permet au maillot de cyclisme d\u2019\u00eatre pr\u00e8s du corps pour maximiser ses caract\u00e9ristiques techniques et am\u00e9liorer l\u2019a\u00e9rodynamisme. Il poss\u00e8de une fermeture \u00e9clair avec un syst\u00e8me anti-pull qui vous permettra de le mettre et de l\u2019enlever facilement et vous pourrez r\u00e9guler la ventilation pendant l\u2019exercice. Les manches remont\u00e9es en tissu THERMAL SPIRIT sont cousues avec des coutures plates pour \u00e9viter les frottements. Le poing d\u00e9coup\u00e9 au laser s\u2019adapte tr\u00e8s bien au bras et emp\u00eache l\u2019entr\u00e9e d\u2019air. \u00c0 la taille, il a une bande \u00e9lastique avec un grip en silicone antid\u00e9rapante \u00e0 l\u2019int\u00e9rieur pour garder le maillot bien ajust\u00e9 contre le corps. Dans la zone lombaire, il int\u00e8gre 3 poches avec le nouveau syst\u00e8me de s\u00e9curit\u00e9 ISP - Inverse Safe Pocket - o\u00f9 vous pouvez stocker n\u2019importe quel objet sans craindre de le perdre. \u00a0Il a \u00e9galement plusieurs d\u00e9tails r\u00e9fl\u00e9chissants pour augmenter votre s\u00e9curit\u00e9 sur la route. Profitez du v\u00e9lo sans soucis.","og_url":"https:\/\/www.inverseteams.com\/fr\/produit\/maillot-cycliste-manche-longue-slim-citic-femme\/","og_site_name":"Inverseteams","article_publisher":"https:\/\/www.facebook.com\/inverseteams","article_modified_time":"2023-01-16T08:19:42+00:00","og_image":[{"width":3000,"height":3223,"url":"https:\/\/www.inverseteams.com\/wp-content\/uploads\/MAILLOT-CICLISTA-CITIC-SLIM-23-MUJER-1.jpg","type":"image\/jpeg"}],"twitter_card":"summary_large_image","twitter_misc":{"Dur\u00e9e de lecture estim\u00e9e":"1 minute"},"schema":{"@context":"https:\/\/schema.org","@graph":[{"@type":"WebPage","@id":"https:\/\/www.inverseteams.com\/fr\/produit\/maillot-cycliste-manche-longue-slim-citic-femme\/","url":"https:\/\/www.inverseteams.com\/fr\/produit\/maillot-cycliste-manche-longue-slim-citic-femme\/","name":"Maillot ciclista manga larga SLIM CITIC (MUJER)","isPartOf":{"@id":"https:\/\/www.inverseteams.com\/fr\/#website"},"primaryImageOfPage":{"@id":"https:\/\/www.inverseteams.com\/fr\/produit\/maillot-cycliste-manche-longue-slim-citic-femme\/#primaryimage"},"image":{"@id":"https:\/\/www.inverseteams.com\/fr\/produit\/maillot-cycliste-manche-longue-slim-citic-femme\/#primaryimage"},"thumbnailUrl":"https:\/\/www.inverseteams.com\/wp-content\/uploads\/MAILLOT-CICLISTA-CITIC-SLIM-23-MUJER-1.jpg","datePublished":"2022-06-13T14:24:11+00:00","dateModified":"2023-01-16T08:19:42+00:00","description":"Maillot de cyclisme technique con\u00e7u pour s\u2019entra\u00eener et concourir bien prot\u00e9g\u00e9 du froid. Le tissu YK-TECH am\u00e9liore la conservation de la chaleur corporelle et facilite l\u2019\u00e9vacuation de la sueur. Vous aurez une sensation de confort total et votre peau sera s\u00e8che pendant toutes les heures d\u2019exercice. Son patronage SLIM FIT permet au maillot de cyclisme d\u2019\u00eatre pr\u00e8s du corps pour maximiser ses caract\u00e9ristiques techniques et am\u00e9liorer l\u2019a\u00e9rodynamisme. Il poss\u00e8de une fermeture \u00e9clair avec un syst\u00e8me anti-pull qui vous permettra de le mettre et de l\u2019enlever facilement et vous pourrez r\u00e9guler la ventilation pendant l\u2019exercice. Les manches remont\u00e9es en tissu THERMAL SPIRIT sont cousues avec des coutures plates pour \u00e9viter les frottements. Le poing d\u00e9coup\u00e9 au laser s\u2019adapte tr\u00e8s bien au bras et emp\u00eache l\u2019entr\u00e9e d\u2019air. \u00c0 la taille, il a une bande \u00e9lastique avec un grip en silicone antid\u00e9rapante \u00e0 l\u2019int\u00e9rieur pour garder le maillot bien ajust\u00e9 contre le corps. Dans la zone lombaire, il int\u00e8gre 3 poches avec le nouveau syst\u00e8me de s\u00e9curit\u00e9 ISP - Inverse Safe Pocket - o\u00f9 vous pouvez stocker n\u2019importe quel objet sans craindre de le perdre. \u00a0Il a \u00e9galement plusieurs d\u00e9tails r\u00e9fl\u00e9chissants pour augmenter votre s\u00e9curit\u00e9 sur la route. Profitez du v\u00e9lo sans soucis.","breadcrumb":{"@id":"https:\/\/www.inverseteams.com\/fr\/produit\/maillot-cycliste-manche-longue-slim-citic-femme\/#breadcrumb"},"inLanguage":"fr-FR","potentialAction":[{"@type":"ReadAction","target":["https:\/\/www.inverseteams.com\/fr\/produit\/maillot-cycliste-manche-longue-slim-citic-femme\/"]}]},{"@type":"ImageObject","inLanguage":"fr-FR","@id":"https:\/\/www.inverseteams.com\/fr\/produit\/maillot-cycliste-manche-longue-slim-citic-femme\/#primaryimage","url":"https:\/\/www.inverseteams.com\/wp-content\/uploads\/MAILLOT-CICLISTA-CITIC-SLIM-23-MUJER-1.jpg","contentUrl":"https:\/\/www.inverseteams.com\/wp-content\/uploads\/MAILLOT-CICLISTA-CITIC-SLIM-23-MUJER-1.jpg","width":3000,"height":3223},{"@type":"BreadcrumbList","@id":"https:\/\/www.inverseteams.com\/fr\/produit\/maillot-cycliste-manche-longue-slim-citic-femme\/#breadcrumb","itemListElement":[{"@type":"ListItem","position":1,"name":"Portada","item":"https:\/\/www.inverseteams.com\/fr\/pagina-principal\/"},{"@type":"ListItem","position":2,"name":"Panier","item":"https:\/\/www.inverseteams.com\/fr\/panier\/"},{"@type":"ListItem","position":3,"name":"Maillot cycliste manche longue SLIM CITIC (FEMME)"}]},{"@type":"WebSite","@id":"https:\/\/www.inverseteams.com\/fr\/#website","url":"https:\/\/www.inverseteams.com\/fr\/","name":"Inverseteams","description":"Tu marca de ropa deportiva personalizada","publisher":{"@id":"https:\/\/www.inverseteams.com\/fr\/#organization"},"potentialAction":[{"@type":"SearchAction","target":{"@type":"EntryPoint","urlTemplate":"https:\/\/www.inverseteams.com\/fr\/?s={search_term_string}"},"query-input":{"@type":"PropertyValueSpecification","valueRequired":true,"valueName":"search_term_string"}}],"inLanguage":"fr-FR"},{"@type":"Organization","@id":"https:\/\/www.inverseteams.com\/fr\/#organization","name":"Inverse Teams","url":"https:\/\/www.inverseteams.com\/fr\/","logo":{"@type":"ImageObject","inLanguage":"fr-FR","@id":"https:\/\/www.inverseteams.com\/fr\/#\/schema\/logo\/image\/","url":"https:\/\/www.inverseteams.com\/wp-content\/uploads\/2021\/03\/logo-inverse-teams.png","contentUrl":"https:\/\/www.inverseteams.com\/wp-content\/uploads\/2021\/03\/logo-inverse-teams.png","width":294,"height":99,"caption":"Inverse Teams"},"image":{"@id":"https:\/\/www.inverseteams.com\/fr\/#\/schema\/logo\/image\/"},"sameAs":["https:\/\/www.facebook.com\/inverseteams","http:\/\/instagram.com\/inverseteams","https:\/\/www.linkedin.com\/company\/inverse-cirosport-s-l-?trk=job_view_topcard_company_name","http:\/\/www.pinterest.com\/inverseteams\/","http:\/\/www.youtube.com\/user\/inverseteams?feature=watch"]}]}},"_links":{"self":[{"href":"https:\/\/www.inverseteams.com\/fr\/wp-json\/wp\/v2\/product\/79401","targetHints":{"allow":["GET"]}}],"collection":[{"href":"https:\/\/www.inverseteams.com\/fr\/wp-json\/wp\/v2\/product"}],"about":[{"href":"https:\/\/www.inverseteams.com\/fr\/wp-json\/wp\/v2\/types\/product"}],"replies":[{"embeddable":true,"href":"https:\/\/www.inverseteams.com\/fr\/wp-json\/wp\/v2\/comments?post=79401"}],"wp:featuredmedia":[{"embeddable":true,"href":"https:\/\/www.inverseteams.com\/fr\/wp-json\/wp\/v2\/media\/93073"}],"wp:attachment":[{"href":"https:\/\/www.inverseteams.com\/fr\/wp-json\/wp\/v2\/media?parent=79401"}],"wp:term":[{"taxonomy":"product_brand","embeddable":true,"href":"https:\/\/www.inverseteams.com\/fr\/wp-json\/wp\/v2\/product_brand?post=79401"},{"taxonomy":"product_cat","embeddable":true,"href":"https:\/\/www.inverseteams.com\/fr\/wp-json\/wp\/v2\/product_cat?post=79401"},{"taxonomy":"product_tag","embeddable":true,"href":"https:\/\/www.inverseteams.com\/fr\/wp-json\/wp\/v2\/product_tag?post=79401"},{"taxonomy":"custom_category","embeddable":true,"href":"https:\/\/www.inverseteams.com\/fr\/wp-json\/wp\/v2\/custom_category?post=79401"},{"taxonomy":"range","embeddable":true,"href":"https:\/\/www.inverseteams.com\/fr\/wp-json\/wp\/v2\/range?post=79401"}],"curies":[{"name":"wp","href":"https:\/\/api.w.org\/{rel}","templated":true}]}}