{"id":79392,"date":"2022-06-13T12:49:31","date_gmt":"2022-06-13T14:22:06","guid":{"rendered":"https:\/\/www.inverseteams.com\/?post_type=product&#038;p=79392"},"modified":"2023-01-16T08:23:43","modified_gmt":"2023-01-16T08:23:43","slug":"gilet-cycliste-impermeable-pure-femme","status":"publish","type":"product","link":"https:\/\/www.inverseteams.com\/fr\/produit\/gilet-cycliste-impermeable-pure-femme\/","title":{"rendered":"Gilet cycliste imperm\u00e9able PURE (FEMME)"},"content":{"rendered":"<p>Gilet de cyclisme <strong>ultral\u00e9ger<\/strong> <strong>et imperm\u00e9able<\/strong> id\u00e9al pour les descentes et les jours de temps variable. Le tissu membranaire qui compose l\u2019avant et le haut du dos est imperm\u00e9able et coupe-vent et tr\u00e8s agr\u00e9able au toucher. <strong>Vous vous sentirez prot\u00e9g\u00e9 et confortable.<\/strong> La moiti\u00e9 du dos est faite avec un tissu en maille pour augmenter la respirabilit\u00e9. \u00c9tant si fin et l\u00e9ger<strong>, vous pouvez facilement le garder<\/strong> dans la poche de votre maillot lorsque vous n\u2019en avez pas besoin. Il poss\u00e8de une fermeture \u00e9clair int\u00e9grale avec un syst\u00e8me anti-pull qui vous permettra de r\u00e9guler la ventilation pendant l\u2019exercice.<br \/>\nLes emmanchures sont finies avec un surfilage \u00e9lastique afin que le gilet s\u2019adapte au corps et<strong> emp\u00eache l\u2019air d\u2019entrer et d\u2019augmenter l\u2019a\u00e9rodynamisme. <\/strong>\u00a0Dans la zone lombaire, il dispose de 2 ouvertures afin que vous puissiez acc\u00e9der rapidement et facilement aux poches du maillot de cyclisme.<br \/>\n\u00c0 la taille, il a une bande \u00e9lastique avec un <strong>grip en silicone antid\u00e9rapante<\/strong> \u00e0 l\u2019int\u00e9rieur pour garder le maillot bien ajust\u00e9 contre le corps. Il a \u00e9galement un d\u00e9tail r\u00e9fl\u00e9chissant pour augmenter votre s\u00e9curit\u00e9 sur la route. <strong>Profitez du v\u00e9lo sans soucis.<\/strong><\/p>\n","protected":false},"excerpt":{"rendered":"<p>Gilet de cyclisme <strong>ultral\u00e9ger<\/strong> <strong>et imperm\u00e9able<\/strong> id\u00e9al pour les descentes et les jours de temps variable. Le tissu membranaire qui compose l\u2019avant et le haut du dos est imperm\u00e9able et coupe-vent et tr\u00e8s agr\u00e9able au toucher. <strong>Vous vous sentirez prot\u00e9g\u00e9 et confortable.<\/strong> La moiti\u00e9 du dos est faite avec un tissu en maille pour augmenter la respirabilit\u00e9. \u00c9tant si fin et l\u00e9ger<strong>, vous pouvez facilement le garder<\/strong> dans la poche de votre maillot lorsque vous n\u2019en avez pas besoin. Il poss\u00e8de une fermeture \u00e9clair int\u00e9grale avec un syst\u00e8me anti-pull qui vous permettra de r\u00e9guler la ventilation pendant l\u2019exercice.<br \/>\nLes emmanchures sont finies avec un surfilage \u00e9lastique afin que le gilet s\u2019adapte au corps et<strong> emp\u00eache l\u2019air d\u2019entrer et d\u2019augmenter l\u2019a\u00e9rodynamisme. <\/strong>\u00a0Dans la zone lombaire, il dispose de 2 ouvertures afin que vous puissiez acc\u00e9der rapidement et facilement aux poches du maillot de cyclisme.<br \/>\n\u00c0 la taille, il a une bande \u00e9lastique avec un <strong>grip en silicone antid\u00e9rapante<\/strong> \u00e0 l\u2019int\u00e9rieur pour garder le maillot bien ajust\u00e9 contre le corps. Il a \u00e9galement un d\u00e9tail r\u00e9fl\u00e9chissant pour augmenter votre s\u00e9curit\u00e9 sur la route. <strong>Profitez du v\u00e9lo sans soucis.<\/strong><\/p>\n","protected":false},"featured_media":92499,"comment_status":"closed","ping_status":"closed","template":"","meta":{"_acf_changed":false},"product_brand":[],"product_cat":[3318,3308,7177],"product_tag":[],"custom_category":[],"range":[],"class_list":{"0":"post-79392","1":"product","2":"type-product","3":"status-publish","4":"has-post-thumbnail","6":"product_cat-cyclisme-outlet","7":"product_cat-outet-fr","8":"product_cat-b2b-fr","9":"pa_climatologia-pluie","10":"pa_climatologia-temperature-chaude","11":"pa_climatologia-vent-fr","12":"pa_deporte-cyclisme","13":"pa_genero-femme","14":"pa_patronaje-regular-fr","15":"pa_talla-s-fr","16":"pa_talla-xl-fr","17":"pa_talla-xs-fr","18":"pa_talla-l-fr","19":"pa_talla-m-fr","20":"pa_tipo-de-prenda-gilet","22":"first","23":"outofstock","24":"sale","25":"taxable","26":"shipping-taxable","27":"purchasable","28":"product-type-variable","29":"has-default-attributes"},"acf":[],"yoast_head":"<!-- This site is optimized with the Yoast SEO plugin v27.5 - https:\/\/yoast.com\/product\/yoast-seo-wordpress\/ -->\n<title>Chaleco impermeable PURE (MUJER)<\/title>\n<meta name=\"description\" content=\"Gilet de cyclisme ultral\u00e9ger et imperm\u00e9able id\u00e9al pour les descentes et les jours de temps variable. Le tissu membranaire qui compose l\u2019avant et le haut du dos est imperm\u00e9able et coupe-vent et tr\u00e8s agr\u00e9able au toucher. Vous vous sentirez prot\u00e9g\u00e9 et confortable. La moiti\u00e9 du dos est faite avec un tissu en maille pour augmenter la respirabilit\u00e9. \u00c9tant si fin et l\u00e9ger, vous pouvez facilement le garder dans la poche de votre maillot lorsque vous n\u2019en avez pas besoin. Il poss\u00e8de une fermeture \u00e9clair int\u00e9grale avec un syst\u00e8me anti-pull qui vous permettra de r\u00e9guler la ventilation pendant l\u2019exercice. Les emmanchures sont finies avec un surfilage \u00e9lastique afin que le gilet s\u2019adapte au corps et emp\u00eache l\u2019air d\u2019entrer et d\u2019augmenter l\u2019a\u00e9rodynamisme. \u00a0Dans la zone lombaire, il dispose de 2 ouvertures afin que vous puissiez acc\u00e9der rapidement et facilement aux poches du maillot de cyclisme. \u00c0 la taille, il a une bande \u00e9lastique avec un grip en silicone antid\u00e9rapante \u00e0 l\u2019int\u00e9rieur pour garder le maillot bien ajust\u00e9 contre le corps. Il a \u00e9galement un d\u00e9tail r\u00e9fl\u00e9chissant pour augmenter votre s\u00e9curit\u00e9 sur la route. Profitez du v\u00e9lo sans soucis.\" \/>\n<meta name=\"robots\" content=\"index, follow, max-snippet:-1, max-image-preview:large, max-video-preview:-1\" \/>\n<link rel=\"canonical\" href=\"https:\/\/www.inverseteams.com\/fr\/produit\/gilet-cycliste-impermeable-pure-femme\/\" \/>\n<meta property=\"og:locale\" content=\"fr_FR\" \/>\n<meta property=\"og:type\" content=\"article\" \/>\n<meta property=\"og:title\" content=\"Chaleco impermeable PURE (MUJER)\" \/>\n<meta property=\"og:description\" content=\"Gilet de cyclisme ultral\u00e9ger et imperm\u00e9able id\u00e9al pour les descentes et les jours de temps variable. Le tissu membranaire qui compose l\u2019avant et le haut du dos est imperm\u00e9able et coupe-vent et tr\u00e8s agr\u00e9able au toucher. Vous vous sentirez prot\u00e9g\u00e9 et confortable. La moiti\u00e9 du dos est faite avec un tissu en maille pour augmenter la respirabilit\u00e9. \u00c9tant si fin et l\u00e9ger, vous pouvez facilement le garder dans la poche de votre maillot lorsque vous n\u2019en avez pas besoin. Il poss\u00e8de une fermeture \u00e9clair int\u00e9grale avec un syst\u00e8me anti-pull qui vous permettra de r\u00e9guler la ventilation pendant l\u2019exercice. Les emmanchures sont finies avec un surfilage \u00e9lastique afin que le gilet s\u2019adapte au corps et emp\u00eache l\u2019air d\u2019entrer et d\u2019augmenter l\u2019a\u00e9rodynamisme. \u00a0Dans la zone lombaire, il dispose de 2 ouvertures afin que vous puissiez acc\u00e9der rapidement et facilement aux poches du maillot de cyclisme. \u00c0 la taille, il a une bande \u00e9lastique avec un grip en silicone antid\u00e9rapante \u00e0 l\u2019int\u00e9rieur pour garder le maillot bien ajust\u00e9 contre le corps. Il a \u00e9galement un d\u00e9tail r\u00e9fl\u00e9chissant pour augmenter votre s\u00e9curit\u00e9 sur la route. Profitez du v\u00e9lo sans soucis.\" \/>\n<meta property=\"og:url\" content=\"https:\/\/www.inverseteams.com\/fr\/produit\/gilet-cycliste-impermeable-pure-femme\/\" \/>\n<meta property=\"og:site_name\" content=\"Inverseteams\" \/>\n<meta property=\"article:publisher\" content=\"https:\/\/www.facebook.com\/inverseteams\" \/>\n<meta property=\"article:modified_time\" content=\"2023-01-16T08:23:43+00:00\" \/>\n<meta property=\"og:image\" content=\"https:\/\/www.inverseteams.com\/wp-content\/uploads\/CHALECO-CICLISMO-PURE-23-MUJER-1.jpg\" \/>\n\t<meta property=\"og:image:width\" content=\"3000\" \/>\n\t<meta property=\"og:image:height\" content=\"3223\" \/>\n\t<meta property=\"og:image:type\" content=\"image\/jpeg\" \/>\n<meta name=\"twitter:card\" content=\"summary_large_image\" \/>\n<meta name=\"twitter:label1\" content=\"Dur\u00e9e de lecture estim\u00e9e\" \/>\n\t<meta name=\"twitter:data1\" content=\"1 minute\" \/>\n<script type=\"application\/ld+json\" class=\"yoast-schema-graph\">{\"@context\":\"https:\\\/\\\/schema.org\",\"@graph\":[{\"@type\":\"WebPage\",\"@id\":\"https:\\\/\\\/www.inverseteams.com\\\/fr\\\/produit\\\/gilet-cycliste-impermeable-pure-femme\\\/\",\"url\":\"https:\\\/\\\/www.inverseteams.com\\\/fr\\\/produit\\\/gilet-cycliste-impermeable-pure-femme\\\/\",\"name\":\"Chaleco impermeable PURE (MUJER)\",\"isPartOf\":{\"@id\":\"https:\\\/\\\/www.inverseteams.com\\\/fr\\\/#website\"},\"primaryImageOfPage\":{\"@id\":\"https:\\\/\\\/www.inverseteams.com\\\/fr\\\/produit\\\/gilet-cycliste-impermeable-pure-femme\\\/#primaryimage\"},\"image\":{\"@id\":\"https:\\\/\\\/www.inverseteams.com\\\/fr\\\/produit\\\/gilet-cycliste-impermeable-pure-femme\\\/#primaryimage\"},\"thumbnailUrl\":\"https:\\\/\\\/www.inverseteams.com\\\/wp-content\\\/uploads\\\/CHALECO-CICLISMO-PURE-23-MUJER-1.jpg\",\"datePublished\":\"2022-06-13T14:22:06+00:00\",\"dateModified\":\"2023-01-16T08:23:43+00:00\",\"description\":\"Gilet de cyclisme ultral\u00e9ger et imperm\u00e9able id\u00e9al pour les descentes et les jours de temps variable. Le tissu membranaire qui compose l\u2019avant et le haut du dos est imperm\u00e9able et coupe-vent et tr\u00e8s agr\u00e9able au toucher. Vous vous sentirez prot\u00e9g\u00e9 et confortable. La moiti\u00e9 du dos est faite avec un tissu en maille pour augmenter la respirabilit\u00e9. \u00c9tant si fin et l\u00e9ger, vous pouvez facilement le garder dans la poche de votre maillot lorsque vous n\u2019en avez pas besoin. Il poss\u00e8de une fermeture \u00e9clair int\u00e9grale avec un syst\u00e8me anti-pull qui vous permettra de r\u00e9guler la ventilation pendant l\u2019exercice. Les emmanchures sont finies avec un surfilage \u00e9lastique afin que le gilet s\u2019adapte au corps et emp\u00eache l\u2019air d\u2019entrer et d\u2019augmenter l\u2019a\u00e9rodynamisme. \u00a0Dans la zone lombaire, il dispose de 2 ouvertures afin que vous puissiez acc\u00e9der rapidement et facilement aux poches du maillot de cyclisme. \u00c0 la taille, il a une bande \u00e9lastique avec un grip en silicone antid\u00e9rapante \u00e0 l\u2019int\u00e9rieur pour garder le maillot bien ajust\u00e9 contre le corps. Il a \u00e9galement un d\u00e9tail r\u00e9fl\u00e9chissant pour augmenter votre s\u00e9curit\u00e9 sur la route. Profitez du v\u00e9lo sans soucis.\",\"breadcrumb\":{\"@id\":\"https:\\\/\\\/www.inverseteams.com\\\/fr\\\/produit\\\/gilet-cycliste-impermeable-pure-femme\\\/#breadcrumb\"},\"inLanguage\":\"fr-FR\",\"potentialAction\":[{\"@type\":\"ReadAction\",\"target\":[\"https:\\\/\\\/www.inverseteams.com\\\/fr\\\/produit\\\/gilet-cycliste-impermeable-pure-femme\\\/\"]}]},{\"@type\":\"ImageObject\",\"inLanguage\":\"fr-FR\",\"@id\":\"https:\\\/\\\/www.inverseteams.com\\\/fr\\\/produit\\\/gilet-cycliste-impermeable-pure-femme\\\/#primaryimage\",\"url\":\"https:\\\/\\\/www.inverseteams.com\\\/wp-content\\\/uploads\\\/CHALECO-CICLISMO-PURE-23-MUJER-1.jpg\",\"contentUrl\":\"https:\\\/\\\/www.inverseteams.com\\\/wp-content\\\/uploads\\\/CHALECO-CICLISMO-PURE-23-MUJER-1.jpg\",\"width\":3000,\"height\":3223},{\"@type\":\"BreadcrumbList\",\"@id\":\"https:\\\/\\\/www.inverseteams.com\\\/fr\\\/produit\\\/gilet-cycliste-impermeable-pure-femme\\\/#breadcrumb\",\"itemListElement\":[{\"@type\":\"ListItem\",\"position\":1,\"name\":\"Portada\",\"item\":\"https:\\\/\\\/www.inverseteams.com\\\/fr\\\/pagina-principal\\\/\"},{\"@type\":\"ListItem\",\"position\":2,\"name\":\"Panier\",\"item\":\"https:\\\/\\\/www.inverseteams.com\\\/fr\\\/panier\\\/\"},{\"@type\":\"ListItem\",\"position\":3,\"name\":\"Gilet cycliste imperm\u00e9able PURE (FEMME)\"}]},{\"@type\":\"WebSite\",\"@id\":\"https:\\\/\\\/www.inverseteams.com\\\/fr\\\/#website\",\"url\":\"https:\\\/\\\/www.inverseteams.com\\\/fr\\\/\",\"name\":\"Inverseteams\",\"description\":\"Tu marca de ropa deportiva personalizada\",\"publisher\":{\"@id\":\"https:\\\/\\\/www.inverseteams.com\\\/fr\\\/#organization\"},\"potentialAction\":[{\"@type\":\"SearchAction\",\"target\":{\"@type\":\"EntryPoint\",\"urlTemplate\":\"https:\\\/\\\/www.inverseteams.com\\\/fr\\\/?s={search_term_string}\"},\"query-input\":{\"@type\":\"PropertyValueSpecification\",\"valueRequired\":true,\"valueName\":\"search_term_string\"}}],\"inLanguage\":\"fr-FR\"},{\"@type\":\"Organization\",\"@id\":\"https:\\\/\\\/www.inverseteams.com\\\/fr\\\/#organization\",\"name\":\"Inverse Teams\",\"url\":\"https:\\\/\\\/www.inverseteams.com\\\/fr\\\/\",\"logo\":{\"@type\":\"ImageObject\",\"inLanguage\":\"fr-FR\",\"@id\":\"https:\\\/\\\/www.inverseteams.com\\\/fr\\\/#\\\/schema\\\/logo\\\/image\\\/\",\"url\":\"https:\\\/\\\/www.inverseteams.com\\\/wp-content\\\/uploads\\\/2021\\\/03\\\/logo-inverse-teams.png\",\"contentUrl\":\"https:\\\/\\\/www.inverseteams.com\\\/wp-content\\\/uploads\\\/2021\\\/03\\\/logo-inverse-teams.png\",\"width\":294,\"height\":99,\"caption\":\"Inverse Teams\"},\"image\":{\"@id\":\"https:\\\/\\\/www.inverseteams.com\\\/fr\\\/#\\\/schema\\\/logo\\\/image\\\/\"},\"sameAs\":[\"https:\\\/\\\/www.facebook.com\\\/inverseteams\",\"http:\\\/\\\/instagram.com\\\/inverseteams\",\"https:\\\/\\\/www.linkedin.com\\\/company\\\/inverse-cirosport-s-l-?trk=job_view_topcard_company_name\",\"http:\\\/\\\/www.pinterest.com\\\/inverseteams\\\/\",\"http:\\\/\\\/www.youtube.com\\\/user\\\/inverseteams?feature=watch\"]}]}<\/script>\n<!-- \/ Yoast SEO plugin. -->","yoast_head_json":{"title":"Chaleco impermeable PURE (MUJER)","description":"Gilet de cyclisme ultral\u00e9ger et imperm\u00e9able id\u00e9al pour les descentes et les jours de temps variable. Le tissu membranaire qui compose l\u2019avant et le haut du dos est imperm\u00e9able et coupe-vent et tr\u00e8s agr\u00e9able au toucher. Vous vous sentirez prot\u00e9g\u00e9 et confortable. La moiti\u00e9 du dos est faite avec un tissu en maille pour augmenter la respirabilit\u00e9. \u00c9tant si fin et l\u00e9ger, vous pouvez facilement le garder dans la poche de votre maillot lorsque vous n\u2019en avez pas besoin. Il poss\u00e8de une fermeture \u00e9clair int\u00e9grale avec un syst\u00e8me anti-pull qui vous permettra de r\u00e9guler la ventilation pendant l\u2019exercice. Les emmanchures sont finies avec un surfilage \u00e9lastique afin que le gilet s\u2019adapte au corps et emp\u00eache l\u2019air d\u2019entrer et d\u2019augmenter l\u2019a\u00e9rodynamisme. \u00a0Dans la zone lombaire, il dispose de 2 ouvertures afin que vous puissiez acc\u00e9der rapidement et facilement aux poches du maillot de cyclisme. \u00c0 la taille, il a une bande \u00e9lastique avec un grip en silicone antid\u00e9rapante \u00e0 l\u2019int\u00e9rieur pour garder le maillot bien ajust\u00e9 contre le corps. Il a \u00e9galement un d\u00e9tail r\u00e9fl\u00e9chissant pour augmenter votre s\u00e9curit\u00e9 sur la route. Profitez du v\u00e9lo sans soucis.","robots":{"index":"index","follow":"follow","max-snippet":"max-snippet:-1","max-image-preview":"max-image-preview:large","max-video-preview":"max-video-preview:-1"},"canonical":"https:\/\/www.inverseteams.com\/fr\/produit\/gilet-cycliste-impermeable-pure-femme\/","og_locale":"fr_FR","og_type":"article","og_title":"Chaleco impermeable PURE (MUJER)","og_description":"Gilet de cyclisme ultral\u00e9ger et imperm\u00e9able id\u00e9al pour les descentes et les jours de temps variable. Le tissu membranaire qui compose l\u2019avant et le haut du dos est imperm\u00e9able et coupe-vent et tr\u00e8s agr\u00e9able au toucher. Vous vous sentirez prot\u00e9g\u00e9 et confortable. La moiti\u00e9 du dos est faite avec un tissu en maille pour augmenter la respirabilit\u00e9. \u00c9tant si fin et l\u00e9ger, vous pouvez facilement le garder dans la poche de votre maillot lorsque vous n\u2019en avez pas besoin. Il poss\u00e8de une fermeture \u00e9clair int\u00e9grale avec un syst\u00e8me anti-pull qui vous permettra de r\u00e9guler la ventilation pendant l\u2019exercice. Les emmanchures sont finies avec un surfilage \u00e9lastique afin que le gilet s\u2019adapte au corps et emp\u00eache l\u2019air d\u2019entrer et d\u2019augmenter l\u2019a\u00e9rodynamisme. \u00a0Dans la zone lombaire, il dispose de 2 ouvertures afin que vous puissiez acc\u00e9der rapidement et facilement aux poches du maillot de cyclisme. \u00c0 la taille, il a une bande \u00e9lastique avec un grip en silicone antid\u00e9rapante \u00e0 l\u2019int\u00e9rieur pour garder le maillot bien ajust\u00e9 contre le corps. Il a \u00e9galement un d\u00e9tail r\u00e9fl\u00e9chissant pour augmenter votre s\u00e9curit\u00e9 sur la route. Profitez du v\u00e9lo sans soucis.","og_url":"https:\/\/www.inverseteams.com\/fr\/produit\/gilet-cycliste-impermeable-pure-femme\/","og_site_name":"Inverseteams","article_publisher":"https:\/\/www.facebook.com\/inverseteams","article_modified_time":"2023-01-16T08:23:43+00:00","og_image":[{"width":3000,"height":3223,"url":"https:\/\/www.inverseteams.com\/wp-content\/uploads\/CHALECO-CICLISMO-PURE-23-MUJER-1.jpg","type":"image\/jpeg"}],"twitter_card":"summary_large_image","twitter_misc":{"Dur\u00e9e de lecture estim\u00e9e":"1 minute"},"schema":{"@context":"https:\/\/schema.org","@graph":[{"@type":"WebPage","@id":"https:\/\/www.inverseteams.com\/fr\/produit\/gilet-cycliste-impermeable-pure-femme\/","url":"https:\/\/www.inverseteams.com\/fr\/produit\/gilet-cycliste-impermeable-pure-femme\/","name":"Chaleco impermeable PURE (MUJER)","isPartOf":{"@id":"https:\/\/www.inverseteams.com\/fr\/#website"},"primaryImageOfPage":{"@id":"https:\/\/www.inverseteams.com\/fr\/produit\/gilet-cycliste-impermeable-pure-femme\/#primaryimage"},"image":{"@id":"https:\/\/www.inverseteams.com\/fr\/produit\/gilet-cycliste-impermeable-pure-femme\/#primaryimage"},"thumbnailUrl":"https:\/\/www.inverseteams.com\/wp-content\/uploads\/CHALECO-CICLISMO-PURE-23-MUJER-1.jpg","datePublished":"2022-06-13T14:22:06+00:00","dateModified":"2023-01-16T08:23:43+00:00","description":"Gilet de cyclisme ultral\u00e9ger et imperm\u00e9able id\u00e9al pour les descentes et les jours de temps variable. Le tissu membranaire qui compose l\u2019avant et le haut du dos est imperm\u00e9able et coupe-vent et tr\u00e8s agr\u00e9able au toucher. Vous vous sentirez prot\u00e9g\u00e9 et confortable. La moiti\u00e9 du dos est faite avec un tissu en maille pour augmenter la respirabilit\u00e9. \u00c9tant si fin et l\u00e9ger, vous pouvez facilement le garder dans la poche de votre maillot lorsque vous n\u2019en avez pas besoin. Il poss\u00e8de une fermeture \u00e9clair int\u00e9grale avec un syst\u00e8me anti-pull qui vous permettra de r\u00e9guler la ventilation pendant l\u2019exercice. Les emmanchures sont finies avec un surfilage \u00e9lastique afin que le gilet s\u2019adapte au corps et emp\u00eache l\u2019air d\u2019entrer et d\u2019augmenter l\u2019a\u00e9rodynamisme. \u00a0Dans la zone lombaire, il dispose de 2 ouvertures afin que vous puissiez acc\u00e9der rapidement et facilement aux poches du maillot de cyclisme. \u00c0 la taille, il a une bande \u00e9lastique avec un grip en silicone antid\u00e9rapante \u00e0 l\u2019int\u00e9rieur pour garder le maillot bien ajust\u00e9 contre le corps. Il a \u00e9galement un d\u00e9tail r\u00e9fl\u00e9chissant pour augmenter votre s\u00e9curit\u00e9 sur la route. Profitez du v\u00e9lo sans soucis.","breadcrumb":{"@id":"https:\/\/www.inverseteams.com\/fr\/produit\/gilet-cycliste-impermeable-pure-femme\/#breadcrumb"},"inLanguage":"fr-FR","potentialAction":[{"@type":"ReadAction","target":["https:\/\/www.inverseteams.com\/fr\/produit\/gilet-cycliste-impermeable-pure-femme\/"]}]},{"@type":"ImageObject","inLanguage":"fr-FR","@id":"https:\/\/www.inverseteams.com\/fr\/produit\/gilet-cycliste-impermeable-pure-femme\/#primaryimage","url":"https:\/\/www.inverseteams.com\/wp-content\/uploads\/CHALECO-CICLISMO-PURE-23-MUJER-1.jpg","contentUrl":"https:\/\/www.inverseteams.com\/wp-content\/uploads\/CHALECO-CICLISMO-PURE-23-MUJER-1.jpg","width":3000,"height":3223},{"@type":"BreadcrumbList","@id":"https:\/\/www.inverseteams.com\/fr\/produit\/gilet-cycliste-impermeable-pure-femme\/#breadcrumb","itemListElement":[{"@type":"ListItem","position":1,"name":"Portada","item":"https:\/\/www.inverseteams.com\/fr\/pagina-principal\/"},{"@type":"ListItem","position":2,"name":"Panier","item":"https:\/\/www.inverseteams.com\/fr\/panier\/"},{"@type":"ListItem","position":3,"name":"Gilet cycliste imperm\u00e9able PURE (FEMME)"}]},{"@type":"WebSite","@id":"https:\/\/www.inverseteams.com\/fr\/#website","url":"https:\/\/www.inverseteams.com\/fr\/","name":"Inverseteams","description":"Tu marca de ropa deportiva personalizada","publisher":{"@id":"https:\/\/www.inverseteams.com\/fr\/#organization"},"potentialAction":[{"@type":"SearchAction","target":{"@type":"EntryPoint","urlTemplate":"https:\/\/www.inverseteams.com\/fr\/?s={search_term_string}"},"query-input":{"@type":"PropertyValueSpecification","valueRequired":true,"valueName":"search_term_string"}}],"inLanguage":"fr-FR"},{"@type":"Organization","@id":"https:\/\/www.inverseteams.com\/fr\/#organization","name":"Inverse Teams","url":"https:\/\/www.inverseteams.com\/fr\/","logo":{"@type":"ImageObject","inLanguage":"fr-FR","@id":"https:\/\/www.inverseteams.com\/fr\/#\/schema\/logo\/image\/","url":"https:\/\/www.inverseteams.com\/wp-content\/uploads\/2021\/03\/logo-inverse-teams.png","contentUrl":"https:\/\/www.inverseteams.com\/wp-content\/uploads\/2021\/03\/logo-inverse-teams.png","width":294,"height":99,"caption":"Inverse Teams"},"image":{"@id":"https:\/\/www.inverseteams.com\/fr\/#\/schema\/logo\/image\/"},"sameAs":["https:\/\/www.facebook.com\/inverseteams","http:\/\/instagram.com\/inverseteams","https:\/\/www.linkedin.com\/company\/inverse-cirosport-s-l-?trk=job_view_topcard_company_name","http:\/\/www.pinterest.com\/inverseteams\/","http:\/\/www.youtube.com\/user\/inverseteams?feature=watch"]}]}},"_links":{"self":[{"href":"https:\/\/www.inverseteams.com\/fr\/wp-json\/wp\/v2\/product\/79392","targetHints":{"allow":["GET"]}}],"collection":[{"href":"https:\/\/www.inverseteams.com\/fr\/wp-json\/wp\/v2\/product"}],"about":[{"href":"https:\/\/www.inverseteams.com\/fr\/wp-json\/wp\/v2\/types\/product"}],"replies":[{"embeddable":true,"href":"https:\/\/www.inverseteams.com\/fr\/wp-json\/wp\/v2\/comments?post=79392"}],"wp:featuredmedia":[{"embeddable":true,"href":"https:\/\/www.inverseteams.com\/fr\/wp-json\/wp\/v2\/media\/92499"}],"wp:attachment":[{"href":"https:\/\/www.inverseteams.com\/fr\/wp-json\/wp\/v2\/media?parent=79392"}],"wp:term":[{"taxonomy":"product_brand","embeddable":true,"href":"https:\/\/www.inverseteams.com\/fr\/wp-json\/wp\/v2\/product_brand?post=79392"},{"taxonomy":"product_cat","embeddable":true,"href":"https:\/\/www.inverseteams.com\/fr\/wp-json\/wp\/v2\/product_cat?post=79392"},{"taxonomy":"product_tag","embeddable":true,"href":"https:\/\/www.inverseteams.com\/fr\/wp-json\/wp\/v2\/product_tag?post=79392"},{"taxonomy":"custom_category","embeddable":true,"href":"https:\/\/www.inverseteams.com\/fr\/wp-json\/wp\/v2\/custom_category?post=79392"},{"taxonomy":"range","embeddable":true,"href":"https:\/\/www.inverseteams.com\/fr\/wp-json\/wp\/v2\/range?post=79392"}],"curies":[{"name":"wp","href":"https:\/\/api.w.org\/{rel}","templated":true}]}}