{"id":51468,"date":"2022-01-17T10:00:56","date_gmt":"2022-01-17T10:07:13","guid":{"rendered":"https:\/\/www.inverseteams.com\/?post_type=product&#038;p=51468"},"modified":"2023-01-16T08:25:51","modified_gmt":"2023-01-16T08:25:51","slug":"maillot-cyclisme-manche-courte-kosmik-black-unisex","status":"publish","type":"product","link":"https:\/\/www.inverseteams.com\/fr\/produit\/maillot-cyclisme-manche-courte-kosmik-black-unisex\/","title":{"rendered":"Maillot cyclisme manche courte KOSMIK BLACK (UNISEX)"},"content":{"rendered":"<p>Ce maillot technique est id\u00e9al pour l\u2019entra\u00eenement et la comp\u00e9tition. Sa coupe tr\u00e8s cintr\u00e9e s\u2019ajuste \u00e0 votre corps et vous permet d\u2019optimiser vos efforts. L\u2019\u00e9lasticit\u00e9 et la structure de ses tissus garantissent une bonne p\u00e9n\u00e9tration dans l\u2019air et renforcent l\u2019a\u00e9rodynamisme de votre posture.<br \/>\nIl combine diff\u00e9rentes technologies afin de rester dans une position toujours parfaite. \u00c0 l\u2019extr\u00e9mit\u00e9 des manches il y a une bande \u00e9lastique micro-perfor\u00e9e avec un grip en silicone hypoallerg\u00e9nique, elle permet une attache ferme au bras. \u00c0 la taille, un surfilage silicon\u00e9 \u00e0 l\u2019int\u00e9rieur ajuste au mieux le maillot.<br \/>\nDans la zone lombaire vous trouverez 3 poches incorporant le nouveau syst\u00e8me de s\u00e9curit\u00e9 ISP-Inverse Safe Pocket-, elles vous permettront de stocker un gilet ou des barres de c\u00e9r\u00e9ales sans crainte de les tomber. Une quatri\u00e8me poche zipp\u00e9e gardera vos objets de valeur. Profitez du v\u00e9lo sans soucis.<br \/>\nLa forme anatomique du col s\u2019adapte \u00e0 votre position sur le v\u00e9lo sans vous g\u00eaner, tout en emp\u00eachant les entr\u00e9es d\u2019air. La structure des fibres des tissus permet d\u2019\u00e9vacuer la sueur \u00e0 l\u2019ext\u00e9rieur pour maintenir votre peau s\u00e8che m\u00eame par temps tr\u00e8s chauds.<\/p>\n","protected":false},"excerpt":{"rendered":"<p>Ce maillot technique est id\u00e9al pour l\u2019entra\u00eenement et la comp\u00e9tition. Sa coupe tr\u00e8s cintr\u00e9e s\u2019ajuste \u00e0 votre corps et vous permet d\u2019optimiser vos efforts. L\u2019\u00e9lasticit\u00e9 et la structure de ses tissus garantissent une bonne p\u00e9n\u00e9tration dans l\u2019air et renforcent l\u2019a\u00e9rodynamisme de votre posture.<br \/>\nIl combine diff\u00e9rentes technologies afin de rester dans une position toujours parfaite. \u00c0 l\u2019extr\u00e9mit\u00e9 des manches il y a une bande \u00e9lastique micro-perfor\u00e9e avec un grip en silicone hypoallerg\u00e9nique, elle permet une attache ferme au bras. \u00c0 la taille, un surfilage silicon\u00e9 \u00e0 l\u2019int\u00e9rieur ajuste au mieux le maillot.<br \/>\nDans la zone lombaire vous trouverez 3 poches incorporant le nouveau syst\u00e8me de s\u00e9curit\u00e9 ISP-Inverse Safe Pocket-, elles vous permettront de stocker un gilet ou des barres de c\u00e9r\u00e9ales sans crainte de les tomber. Une quatri\u00e8me poche zipp\u00e9e gardera vos objets de valeur. Profitez du v\u00e9lo sans soucis.<br \/>\nLa forme anatomique du col s\u2019adapte \u00e0 votre position sur le v\u00e9lo sans vous g\u00eaner, tout en emp\u00eachant les entr\u00e9es d\u2019air. La structure des fibres des tissus permet d\u2019\u00e9vacuer la sueur \u00e0 l\u2019ext\u00e9rieur pour maintenir votre peau s\u00e8che m\u00eame par temps tr\u00e8s chauds.<\/p>\n","protected":false},"featured_media":51409,"comment_status":"closed","ping_status":"closed","template":"","meta":{"_acf_changed":false},"product_brand":[],"product_cat":[3230],"product_tag":[],"custom_category":[],"range":[],"class_list":{"0":"post-51468","1":"product","2":"type-product","3":"status-publish","4":"has-post-thumbnail","6":"product_cat-cyclisme-fr","8":"first","9":"outofstock","10":"taxable","11":"shipping-taxable","12":"purchasable","13":"product-type-variable","14":"has-default-attributes"},"acf":[],"yoast_head":"<!-- This site is optimized with the Yoast SEO plugin v27.3 - https:\/\/yoast.com\/product\/yoast-seo-wordpress\/ -->\n<title>Maillot cyclisme manche courte KOSMIK BLACK (UNISEX)<\/title>\n<meta name=\"description\" content=\"Acheter maillot cyclisme unisexe INVERSE. Maillot v\u00e9lo pour route et VTT. Con\u00e7u \u00e0 Barcelone par notre \u00e9quipe de d\u00e9veloppement de produits.\" \/>\n<meta name=\"robots\" content=\"index, follow, max-snippet:-1, max-image-preview:large, max-video-preview:-1\" \/>\n<link rel=\"canonical\" href=\"https:\/\/www.inverseteams.com\/fr\/produit\/maillot-cyclisme-manche-courte-kosmik-black-unisex\/\" \/>\n<meta property=\"og:locale\" content=\"fr_FR\" \/>\n<meta property=\"og:type\" content=\"article\" \/>\n<meta property=\"og:title\" content=\"Maillot cyclisme manche courte KOSMIK BLACK (UNISEX)\" \/>\n<meta property=\"og:description\" content=\"Acheter maillot cyclisme unisexe INVERSE. Maillot v\u00e9lo pour route et VTT. Con\u00e7u \u00e0 Barcelone par notre \u00e9quipe de d\u00e9veloppement de produits.\" \/>\n<meta property=\"og:url\" content=\"https:\/\/www.inverseteams.com\/fr\/produit\/maillot-cyclisme-manche-courte-kosmik-black-unisex\/\" \/>\n<meta property=\"og:site_name\" content=\"Inverseteams\" \/>\n<meta property=\"article:publisher\" content=\"https:\/\/www.facebook.com\/inverseteams\" \/>\n<meta property=\"article:modified_time\" content=\"2023-01-16T08:25:51+00:00\" \/>\n<meta property=\"og:image\" content=\"https:\/\/www.inverseteams.com\/wp-content\/uploads\/MAILLOT-CICLISTA-KOSMIK-BLACK-1.jpg\" \/>\n\t<meta property=\"og:image:width\" content=\"3061\" \/>\n\t<meta property=\"og:image:height\" content=\"3289\" \/>\n\t<meta property=\"og:image:type\" content=\"image\/jpeg\" \/>\n<meta name=\"twitter:card\" content=\"summary_large_image\" \/>\n<meta name=\"twitter:label1\" content=\"Dur\u00e9e de lecture estim\u00e9e\" \/>\n\t<meta name=\"twitter:data1\" content=\"1 minute\" \/>\n<script type=\"application\/ld+json\" class=\"yoast-schema-graph\">{\"@context\":\"https:\\\/\\\/schema.org\",\"@graph\":[{\"@type\":\"WebPage\",\"@id\":\"https:\\\/\\\/www.inverseteams.com\\\/fr\\\/produit\\\/maillot-cyclisme-manche-courte-kosmik-black-unisex\\\/\",\"url\":\"https:\\\/\\\/www.inverseteams.com\\\/fr\\\/produit\\\/maillot-cyclisme-manche-courte-kosmik-black-unisex\\\/\",\"name\":\"Maillot cyclisme manche courte KOSMIK BLACK (UNISEX)\",\"isPartOf\":{\"@id\":\"https:\\\/\\\/www.inverseteams.com\\\/fr\\\/#website\"},\"primaryImageOfPage\":{\"@id\":\"https:\\\/\\\/www.inverseteams.com\\\/fr\\\/produit\\\/maillot-cyclisme-manche-courte-kosmik-black-unisex\\\/#primaryimage\"},\"image\":{\"@id\":\"https:\\\/\\\/www.inverseteams.com\\\/fr\\\/produit\\\/maillot-cyclisme-manche-courte-kosmik-black-unisex\\\/#primaryimage\"},\"thumbnailUrl\":\"https:\\\/\\\/www.inverseteams.com\\\/wp-content\\\/uploads\\\/MAILLOT-CICLISTA-KOSMIK-BLACK-1.jpg\",\"datePublished\":\"2022-01-17T10:07:13+00:00\",\"dateModified\":\"2023-01-16T08:25:51+00:00\",\"description\":\"Acheter maillot cyclisme unisexe INVERSE. Maillot v\u00e9lo pour route et VTT. Con\u00e7u \u00e0 Barcelone par notre \u00e9quipe de d\u00e9veloppement de produits.\",\"breadcrumb\":{\"@id\":\"https:\\\/\\\/www.inverseteams.com\\\/fr\\\/produit\\\/maillot-cyclisme-manche-courte-kosmik-black-unisex\\\/#breadcrumb\"},\"inLanguage\":\"fr-FR\",\"potentialAction\":[{\"@type\":\"ReadAction\",\"target\":[\"https:\\\/\\\/www.inverseteams.com\\\/fr\\\/produit\\\/maillot-cyclisme-manche-courte-kosmik-black-unisex\\\/\"]}]},{\"@type\":\"ImageObject\",\"inLanguage\":\"fr-FR\",\"@id\":\"https:\\\/\\\/www.inverseteams.com\\\/fr\\\/produit\\\/maillot-cyclisme-manche-courte-kosmik-black-unisex\\\/#primaryimage\",\"url\":\"https:\\\/\\\/www.inverseteams.com\\\/wp-content\\\/uploads\\\/MAILLOT-CICLISTA-KOSMIK-BLACK-1.jpg\",\"contentUrl\":\"https:\\\/\\\/www.inverseteams.com\\\/wp-content\\\/uploads\\\/MAILLOT-CICLISTA-KOSMIK-BLACK-1.jpg\",\"width\":3061,\"height\":3289,\"caption\":\"Maillot cyclisme manche courte KOSMIK BLACK UNISEX\"},{\"@type\":\"BreadcrumbList\",\"@id\":\"https:\\\/\\\/www.inverseteams.com\\\/fr\\\/produit\\\/maillot-cyclisme-manche-courte-kosmik-black-unisex\\\/#breadcrumb\",\"itemListElement\":[{\"@type\":\"ListItem\",\"position\":1,\"name\":\"Portada\",\"item\":\"https:\\\/\\\/www.inverseteams.com\\\/fr\\\/pagina-principal\\\/\"},{\"@type\":\"ListItem\",\"position\":2,\"name\":\"Panier\",\"item\":\"https:\\\/\\\/www.inverseteams.com\\\/fr\\\/panier\\\/\"},{\"@type\":\"ListItem\",\"position\":3,\"name\":\"Maillot cyclisme manche courte KOSMIK BLACK (UNISEX)\"}]},{\"@type\":\"WebSite\",\"@id\":\"https:\\\/\\\/www.inverseteams.com\\\/fr\\\/#website\",\"url\":\"https:\\\/\\\/www.inverseteams.com\\\/fr\\\/\",\"name\":\"Inverseteams\",\"description\":\"Tu marca de ropa deportiva personalizada\",\"publisher\":{\"@id\":\"https:\\\/\\\/www.inverseteams.com\\\/fr\\\/#organization\"},\"potentialAction\":[{\"@type\":\"SearchAction\",\"target\":{\"@type\":\"EntryPoint\",\"urlTemplate\":\"https:\\\/\\\/www.inverseteams.com\\\/fr\\\/?s={search_term_string}\"},\"query-input\":{\"@type\":\"PropertyValueSpecification\",\"valueRequired\":true,\"valueName\":\"search_term_string\"}}],\"inLanguage\":\"fr-FR\"},{\"@type\":\"Organization\",\"@id\":\"https:\\\/\\\/www.inverseteams.com\\\/fr\\\/#organization\",\"name\":\"Inverse Teams\",\"url\":\"https:\\\/\\\/www.inverseteams.com\\\/fr\\\/\",\"logo\":{\"@type\":\"ImageObject\",\"inLanguage\":\"fr-FR\",\"@id\":\"https:\\\/\\\/www.inverseteams.com\\\/fr\\\/#\\\/schema\\\/logo\\\/image\\\/\",\"url\":\"https:\\\/\\\/www.inverseteams.com\\\/wp-content\\\/uploads\\\/2021\\\/03\\\/logo-inverse-teams.png\",\"contentUrl\":\"https:\\\/\\\/www.inverseteams.com\\\/wp-content\\\/uploads\\\/2021\\\/03\\\/logo-inverse-teams.png\",\"width\":294,\"height\":99,\"caption\":\"Inverse Teams\"},\"image\":{\"@id\":\"https:\\\/\\\/www.inverseteams.com\\\/fr\\\/#\\\/schema\\\/logo\\\/image\\\/\"},\"sameAs\":[\"https:\\\/\\\/www.facebook.com\\\/inverseteams\",\"http:\\\/\\\/instagram.com\\\/inverseteams\",\"https:\\\/\\\/www.linkedin.com\\\/company\\\/inverse-cirosport-s-l-?trk=job_view_topcard_company_name\",\"http:\\\/\\\/www.pinterest.com\\\/inverseteams\\\/\",\"http:\\\/\\\/www.youtube.com\\\/user\\\/inverseteams?feature=watch\"]}]}<\/script>\n<!-- \/ Yoast SEO plugin. -->","yoast_head_json":{"title":"Maillot cyclisme manche courte KOSMIK BLACK (UNISEX)","description":"Acheter maillot cyclisme unisexe INVERSE. Maillot v\u00e9lo pour route et VTT. Con\u00e7u \u00e0 Barcelone par notre \u00e9quipe de d\u00e9veloppement de produits.","robots":{"index":"index","follow":"follow","max-snippet":"max-snippet:-1","max-image-preview":"max-image-preview:large","max-video-preview":"max-video-preview:-1"},"canonical":"https:\/\/www.inverseteams.com\/fr\/produit\/maillot-cyclisme-manche-courte-kosmik-black-unisex\/","og_locale":"fr_FR","og_type":"article","og_title":"Maillot cyclisme manche courte KOSMIK BLACK (UNISEX)","og_description":"Acheter maillot cyclisme unisexe INVERSE. Maillot v\u00e9lo pour route et VTT. Con\u00e7u \u00e0 Barcelone par notre \u00e9quipe de d\u00e9veloppement de produits.","og_url":"https:\/\/www.inverseteams.com\/fr\/produit\/maillot-cyclisme-manche-courte-kosmik-black-unisex\/","og_site_name":"Inverseteams","article_publisher":"https:\/\/www.facebook.com\/inverseteams","article_modified_time":"2023-01-16T08:25:51+00:00","og_image":[{"width":3061,"height":3289,"url":"https:\/\/www.inverseteams.com\/wp-content\/uploads\/MAILLOT-CICLISTA-KOSMIK-BLACK-1.jpg","type":"image\/jpeg"}],"twitter_card":"summary_large_image","twitter_misc":{"Dur\u00e9e de lecture estim\u00e9e":"1 minute"},"schema":{"@context":"https:\/\/schema.org","@graph":[{"@type":"WebPage","@id":"https:\/\/www.inverseteams.com\/fr\/produit\/maillot-cyclisme-manche-courte-kosmik-black-unisex\/","url":"https:\/\/www.inverseteams.com\/fr\/produit\/maillot-cyclisme-manche-courte-kosmik-black-unisex\/","name":"Maillot cyclisme manche courte KOSMIK BLACK (UNISEX)","isPartOf":{"@id":"https:\/\/www.inverseteams.com\/fr\/#website"},"primaryImageOfPage":{"@id":"https:\/\/www.inverseteams.com\/fr\/produit\/maillot-cyclisme-manche-courte-kosmik-black-unisex\/#primaryimage"},"image":{"@id":"https:\/\/www.inverseteams.com\/fr\/produit\/maillot-cyclisme-manche-courte-kosmik-black-unisex\/#primaryimage"},"thumbnailUrl":"https:\/\/www.inverseteams.com\/wp-content\/uploads\/MAILLOT-CICLISTA-KOSMIK-BLACK-1.jpg","datePublished":"2022-01-17T10:07:13+00:00","dateModified":"2023-01-16T08:25:51+00:00","description":"Acheter maillot cyclisme unisexe INVERSE. Maillot v\u00e9lo pour route et VTT. Con\u00e7u \u00e0 Barcelone par notre \u00e9quipe de d\u00e9veloppement de produits.","breadcrumb":{"@id":"https:\/\/www.inverseteams.com\/fr\/produit\/maillot-cyclisme-manche-courte-kosmik-black-unisex\/#breadcrumb"},"inLanguage":"fr-FR","potentialAction":[{"@type":"ReadAction","target":["https:\/\/www.inverseteams.com\/fr\/produit\/maillot-cyclisme-manche-courte-kosmik-black-unisex\/"]}]},{"@type":"ImageObject","inLanguage":"fr-FR","@id":"https:\/\/www.inverseteams.com\/fr\/produit\/maillot-cyclisme-manche-courte-kosmik-black-unisex\/#primaryimage","url":"https:\/\/www.inverseteams.com\/wp-content\/uploads\/MAILLOT-CICLISTA-KOSMIK-BLACK-1.jpg","contentUrl":"https:\/\/www.inverseteams.com\/wp-content\/uploads\/MAILLOT-CICLISTA-KOSMIK-BLACK-1.jpg","width":3061,"height":3289,"caption":"Maillot cyclisme manche courte KOSMIK BLACK UNISEX"},{"@type":"BreadcrumbList","@id":"https:\/\/www.inverseteams.com\/fr\/produit\/maillot-cyclisme-manche-courte-kosmik-black-unisex\/#breadcrumb","itemListElement":[{"@type":"ListItem","position":1,"name":"Portada","item":"https:\/\/www.inverseteams.com\/fr\/pagina-principal\/"},{"@type":"ListItem","position":2,"name":"Panier","item":"https:\/\/www.inverseteams.com\/fr\/panier\/"},{"@type":"ListItem","position":3,"name":"Maillot cyclisme manche courte KOSMIK BLACK (UNISEX)"}]},{"@type":"WebSite","@id":"https:\/\/www.inverseteams.com\/fr\/#website","url":"https:\/\/www.inverseteams.com\/fr\/","name":"Inverseteams","description":"Tu marca de ropa deportiva personalizada","publisher":{"@id":"https:\/\/www.inverseteams.com\/fr\/#organization"},"potentialAction":[{"@type":"SearchAction","target":{"@type":"EntryPoint","urlTemplate":"https:\/\/www.inverseteams.com\/fr\/?s={search_term_string}"},"query-input":{"@type":"PropertyValueSpecification","valueRequired":true,"valueName":"search_term_string"}}],"inLanguage":"fr-FR"},{"@type":"Organization","@id":"https:\/\/www.inverseteams.com\/fr\/#organization","name":"Inverse Teams","url":"https:\/\/www.inverseteams.com\/fr\/","logo":{"@type":"ImageObject","inLanguage":"fr-FR","@id":"https:\/\/www.inverseteams.com\/fr\/#\/schema\/logo\/image\/","url":"https:\/\/www.inverseteams.com\/wp-content\/uploads\/2021\/03\/logo-inverse-teams.png","contentUrl":"https:\/\/www.inverseteams.com\/wp-content\/uploads\/2021\/03\/logo-inverse-teams.png","width":294,"height":99,"caption":"Inverse Teams"},"image":{"@id":"https:\/\/www.inverseteams.com\/fr\/#\/schema\/logo\/image\/"},"sameAs":["https:\/\/www.facebook.com\/inverseteams","http:\/\/instagram.com\/inverseteams","https:\/\/www.linkedin.com\/company\/inverse-cirosport-s-l-?trk=job_view_topcard_company_name","http:\/\/www.pinterest.com\/inverseteams\/","http:\/\/www.youtube.com\/user\/inverseteams?feature=watch"]}]}},"_links":{"self":[{"href":"https:\/\/www.inverseteams.com\/fr\/wp-json\/wp\/v2\/product\/51468","targetHints":{"allow":["GET"]}}],"collection":[{"href":"https:\/\/www.inverseteams.com\/fr\/wp-json\/wp\/v2\/product"}],"about":[{"href":"https:\/\/www.inverseteams.com\/fr\/wp-json\/wp\/v2\/types\/product"}],"replies":[{"embeddable":true,"href":"https:\/\/www.inverseteams.com\/fr\/wp-json\/wp\/v2\/comments?post=51468"}],"wp:featuredmedia":[{"embeddable":true,"href":"https:\/\/www.inverseteams.com\/fr\/wp-json\/wp\/v2\/media\/51409"}],"wp:attachment":[{"href":"https:\/\/www.inverseteams.com\/fr\/wp-json\/wp\/v2\/media?parent=51468"}],"wp:term":[{"taxonomy":"product_brand","embeddable":true,"href":"https:\/\/www.inverseteams.com\/fr\/wp-json\/wp\/v2\/product_brand?post=51468"},{"taxonomy":"product_cat","embeddable":true,"href":"https:\/\/www.inverseteams.com\/fr\/wp-json\/wp\/v2\/product_cat?post=51468"},{"taxonomy":"product_tag","embeddable":true,"href":"https:\/\/www.inverseteams.com\/fr\/wp-json\/wp\/v2\/product_tag?post=51468"},{"taxonomy":"custom_category","embeddable":true,"href":"https:\/\/www.inverseteams.com\/fr\/wp-json\/wp\/v2\/custom_category?post=51468"},{"taxonomy":"range","embeddable":true,"href":"https:\/\/www.inverseteams.com\/fr\/wp-json\/wp\/v2\/range?post=51468"}],"curies":[{"name":"wp","href":"https:\/\/api.w.org\/{rel}","templated":true}]}}