{"id":45817,"date":"2021-12-02T08:30:35","date_gmt":"2021-12-02T08:42:20","guid":{"rendered":"https:\/\/www.inverseteams.com\/?post_type=product&#038;p=45817"},"modified":"2025-05-22T00:01:49","modified_gmt":"2025-05-22T00:01:49","slug":"t-shirt-manches-courtes-intrail-4-femme","status":"publish","type":"product","link":"https:\/\/www.inverseteams.com\/fr\/produit\/t-shirt-manches-courtes-intrail-4-femme\/","title":{"rendered":"T-shirt manches courtes INTRAIL 4 (FEMME)"},"content":{"rendered":"<p>Ce T-shirt technique tr\u00e8s l\u00e9ger est id\u00e9al pour la comp\u00e9tition et l\u2019entra\u00eenement. Son tissu, tr\u00e8s r\u00e9sistant et perm\u00e9able, a une tr\u00e8s bonne capacit\u00e9 de s\u00e9chage et gardera votre corps au sec.<br \/>\nLe T-shirt INTRAIL a une courte fermeture \u00e9clair sur la poitrine qui permet de r\u00e9guler la ventilation pendant la course. Profitez des sports de plein ais m\u00eame lorsqu\u2019il fait chaud.<br \/>\nSur ses lat\u00e9raux, vous trouverez une poche en grille pour stocker les gels et les barres nutritionnelles.<br \/>\nLes propri\u00e9t\u00e9s antibact\u00e9riennes et le toucher doux de ce T-shirt en font un v\u00eatement id\u00e9al pour les longues s\u00e9ances d\u2019exercice.<\/p>\n","protected":false},"excerpt":{"rendered":"<p>Ce T-shirt technique tr\u00e8s l\u00e9ger est id\u00e9al pour la comp\u00e9tition et l\u2019entra\u00eenement. Son tissu, tr\u00e8s r\u00e9sistant et perm\u00e9able, a une tr\u00e8s bonne capacit\u00e9 de s\u00e9chage et gardera votre corps au sec.<br \/>\nLe T-shirt INTRAIL a une courte fermeture \u00e9clair sur la poitrine qui permet de r\u00e9guler la ventilation pendant la course. Profitez des sports de plein ais m\u00eame lorsqu\u2019il fait chaud.<br \/>\nSur ses lat\u00e9raux, vous trouverez une poche en grille pour stocker les gels et les barres nutritionnelles.<br \/>\nLes propri\u00e9t\u00e9s antibact\u00e9riennes et le toucher doux de ce T-shirt en font un v\u00eatement id\u00e9al pour les longues s\u00e9ances d\u2019exercice.<\/p>\n","protected":false},"featured_media":45344,"comment_status":"closed","ping_status":"closed","template":"","meta":{"_acf_changed":false},"product_brand":[],"product_cat":[3281,3276,3236],"product_tag":[],"custom_category":[],"range":[],"class_list":{"0":"post-45817","1":"product","2":"type-product","3":"status-publish","4":"has-post-thumbnail","6":"product_cat-tee-shirt-trail-running-fr","7":"product_cat-trail-running-fr","8":"product_cat-femme","9":"pa_climatologia-chaud","10":"pa_deporte-trail-fr","11":"pa_genero-femme","12":"pa_patronaje-regular-fr","13":"pa_talla-xl-fr","14":"pa_talla-l-fr","15":"pa_talla-m-fr","16":"pa_talla-s-fr","17":"pa_tipo-de-prenda-t-shirt-trail","19":"first","20":"outofstock","21":"taxable","22":"shipping-taxable","23":"purchasable","24":"product-type-variable","25":"has-default-attributes"},"acf":[],"yoast_head":"<!-- This site is optimized with the Yoast SEO plugin v27.3 - https:\/\/yoast.com\/product\/yoast-seo-wordpress\/ -->\n<title>Camiseta manga corta INTRAIL 4 (MUJER)<\/title>\n<meta name=\"description\" content=\"Ce T-shirt technique tr\u00e8s l\u00e9ger est id\u00e9al pour la comp\u00e9tition et l\u2019entra\u00eenement. Son tissu, tr\u00e8s r\u00e9sistant et perm\u00e9able, a une tr\u00e8s bonne capacit\u00e9 de s\u00e9chage et gardera votre corps au sec. Le T-shirt INTRAIL a une courte fermeture \u00e9clair sur la poitrine qui permet de r\u00e9guler la ventilation pendant la course. Profitez des sports de plein ais m\u00eame lorsqu\u2019il fait chaud. Sur ses lat\u00e9raux, vous trouverez une poche en grille pour stocker les gels et les barres nutritionnelles. Les propri\u00e9t\u00e9s antibact\u00e9riennes et le toucher doux de ce T-shirt en font un v\u00eatement id\u00e9al pour les longues s\u00e9ances d\u2019exercice.\" \/>\n<meta name=\"robots\" content=\"index, follow, max-snippet:-1, max-image-preview:large, max-video-preview:-1\" \/>\n<link rel=\"canonical\" href=\"https:\/\/www.inverseteams.com\/fr\/produit\/t-shirt-manches-courtes-intrail-4-femme\/\" \/>\n<meta property=\"og:locale\" content=\"fr_FR\" \/>\n<meta property=\"og:type\" content=\"article\" \/>\n<meta property=\"og:title\" content=\"Camiseta manga corta INTRAIL 4 (MUJER)\" \/>\n<meta property=\"og:description\" content=\"Ce T-shirt technique tr\u00e8s l\u00e9ger est id\u00e9al pour la comp\u00e9tition et l\u2019entra\u00eenement. Son tissu, tr\u00e8s r\u00e9sistant et perm\u00e9able, a une tr\u00e8s bonne capacit\u00e9 de s\u00e9chage et gardera votre corps au sec. Le T-shirt INTRAIL a une courte fermeture \u00e9clair sur la poitrine qui permet de r\u00e9guler la ventilation pendant la course. Profitez des sports de plein ais m\u00eame lorsqu\u2019il fait chaud. Sur ses lat\u00e9raux, vous trouverez une poche en grille pour stocker les gels et les barres nutritionnelles. Les propri\u00e9t\u00e9s antibact\u00e9riennes et le toucher doux de ce T-shirt en font un v\u00eatement id\u00e9al pour les longues s\u00e9ances d\u2019exercice.\" \/>\n<meta property=\"og:url\" content=\"https:\/\/www.inverseteams.com\/fr\/produit\/t-shirt-manches-courtes-intrail-4-femme\/\" \/>\n<meta property=\"og:site_name\" content=\"Inverseteams\" \/>\n<meta property=\"article:publisher\" content=\"https:\/\/www.facebook.com\/inverseteams\" \/>\n<meta property=\"article:modified_time\" content=\"2025-05-22T00:01:49+00:00\" \/>\n<meta property=\"og:image\" content=\"https:\/\/www.inverseteams.com\/wp-content\/uploads\/CAMISETA-MANGA-CORTA-INTRAIL-4-MUJER-1.jpg\" \/>\n\t<meta property=\"og:image:width\" content=\"3222\" \/>\n\t<meta property=\"og:image:height\" content=\"3462\" \/>\n\t<meta property=\"og:image:type\" content=\"image\/jpeg\" \/>\n<meta name=\"twitter:card\" content=\"summary_large_image\" \/>\n<meta name=\"twitter:label1\" content=\"Dur\u00e9e de lecture estim\u00e9e\" \/>\n\t<meta name=\"twitter:data1\" content=\"1 minute\" \/>\n<script type=\"application\/ld+json\" class=\"yoast-schema-graph\">{\"@context\":\"https:\\\/\\\/schema.org\",\"@graph\":[{\"@type\":\"WebPage\",\"@id\":\"https:\\\/\\\/www.inverseteams.com\\\/fr\\\/produit\\\/t-shirt-manches-courtes-intrail-4-femme\\\/\",\"url\":\"https:\\\/\\\/www.inverseteams.com\\\/fr\\\/produit\\\/t-shirt-manches-courtes-intrail-4-femme\\\/\",\"name\":\"Camiseta manga corta INTRAIL 4 (MUJER)\",\"isPartOf\":{\"@id\":\"https:\\\/\\\/www.inverseteams.com\\\/fr\\\/#website\"},\"primaryImageOfPage\":{\"@id\":\"https:\\\/\\\/www.inverseteams.com\\\/fr\\\/produit\\\/t-shirt-manches-courtes-intrail-4-femme\\\/#primaryimage\"},\"image\":{\"@id\":\"https:\\\/\\\/www.inverseteams.com\\\/fr\\\/produit\\\/t-shirt-manches-courtes-intrail-4-femme\\\/#primaryimage\"},\"thumbnailUrl\":\"https:\\\/\\\/www.inverseteams.com\\\/wp-content\\\/uploads\\\/CAMISETA-MANGA-CORTA-INTRAIL-4-MUJER-1.jpg\",\"datePublished\":\"2021-12-02T08:42:20+00:00\",\"dateModified\":\"2025-05-22T00:01:49+00:00\",\"description\":\"Ce T-shirt technique tr\u00e8s l\u00e9ger est id\u00e9al pour la comp\u00e9tition et l\u2019entra\u00eenement. Son tissu, tr\u00e8s r\u00e9sistant et perm\u00e9able, a une tr\u00e8s bonne capacit\u00e9 de s\u00e9chage et gardera votre corps au sec. Le T-shirt INTRAIL a une courte fermeture \u00e9clair sur la poitrine qui permet de r\u00e9guler la ventilation pendant la course. Profitez des sports de plein ais m\u00eame lorsqu\u2019il fait chaud. Sur ses lat\u00e9raux, vous trouverez une poche en grille pour stocker les gels et les barres nutritionnelles. Les propri\u00e9t\u00e9s antibact\u00e9riennes et le toucher doux de ce T-shirt en font un v\u00eatement id\u00e9al pour les longues s\u00e9ances d\u2019exercice.\",\"breadcrumb\":{\"@id\":\"https:\\\/\\\/www.inverseteams.com\\\/fr\\\/produit\\\/t-shirt-manches-courtes-intrail-4-femme\\\/#breadcrumb\"},\"inLanguage\":\"fr-FR\",\"potentialAction\":[{\"@type\":\"ReadAction\",\"target\":[\"https:\\\/\\\/www.inverseteams.com\\\/fr\\\/produit\\\/t-shirt-manches-courtes-intrail-4-femme\\\/\"]}]},{\"@type\":\"ImageObject\",\"inLanguage\":\"fr-FR\",\"@id\":\"https:\\\/\\\/www.inverseteams.com\\\/fr\\\/produit\\\/t-shirt-manches-courtes-intrail-4-femme\\\/#primaryimage\",\"url\":\"https:\\\/\\\/www.inverseteams.com\\\/wp-content\\\/uploads\\\/CAMISETA-MANGA-CORTA-INTRAIL-4-MUJER-1.jpg\",\"contentUrl\":\"https:\\\/\\\/www.inverseteams.com\\\/wp-content\\\/uploads\\\/CAMISETA-MANGA-CORTA-INTRAIL-4-MUJER-1.jpg\",\"width\":3222,\"height\":3462,\"caption\":\"Maillot trail running femme INTRAIL 4\"},{\"@type\":\"BreadcrumbList\",\"@id\":\"https:\\\/\\\/www.inverseteams.com\\\/fr\\\/produit\\\/t-shirt-manches-courtes-intrail-4-femme\\\/#breadcrumb\",\"itemListElement\":[{\"@type\":\"ListItem\",\"position\":1,\"name\":\"Portada\",\"item\":\"https:\\\/\\\/www.inverseteams.com\\\/fr\\\/pagina-principal\\\/\"},{\"@type\":\"ListItem\",\"position\":2,\"name\":\"Panier\",\"item\":\"https:\\\/\\\/www.inverseteams.com\\\/fr\\\/panier\\\/\"},{\"@type\":\"ListItem\",\"position\":3,\"name\":\"T-shirt manches courtes INTRAIL 4 (FEMME)\"}]},{\"@type\":\"WebSite\",\"@id\":\"https:\\\/\\\/www.inverseteams.com\\\/fr\\\/#website\",\"url\":\"https:\\\/\\\/www.inverseteams.com\\\/fr\\\/\",\"name\":\"Inverseteams\",\"description\":\"Tu marca de ropa deportiva personalizada\",\"publisher\":{\"@id\":\"https:\\\/\\\/www.inverseteams.com\\\/fr\\\/#organization\"},\"potentialAction\":[{\"@type\":\"SearchAction\",\"target\":{\"@type\":\"EntryPoint\",\"urlTemplate\":\"https:\\\/\\\/www.inverseteams.com\\\/fr\\\/?s={search_term_string}\"},\"query-input\":{\"@type\":\"PropertyValueSpecification\",\"valueRequired\":true,\"valueName\":\"search_term_string\"}}],\"inLanguage\":\"fr-FR\"},{\"@type\":\"Organization\",\"@id\":\"https:\\\/\\\/www.inverseteams.com\\\/fr\\\/#organization\",\"name\":\"Inverse Teams\",\"url\":\"https:\\\/\\\/www.inverseteams.com\\\/fr\\\/\",\"logo\":{\"@type\":\"ImageObject\",\"inLanguage\":\"fr-FR\",\"@id\":\"https:\\\/\\\/www.inverseteams.com\\\/fr\\\/#\\\/schema\\\/logo\\\/image\\\/\",\"url\":\"http:\\\/\\\/www.inverseteams.com\\\/wp-content\\\/uploads\\\/2021\\\/03\\\/logo-inverse-teams.png\",\"contentUrl\":\"http:\\\/\\\/www.inverseteams.com\\\/wp-content\\\/uploads\\\/2021\\\/03\\\/logo-inverse-teams.png\",\"width\":294,\"height\":99,\"caption\":\"Inverse Teams\"},\"image\":{\"@id\":\"https:\\\/\\\/www.inverseteams.com\\\/fr\\\/#\\\/schema\\\/logo\\\/image\\\/\"},\"sameAs\":[\"https:\\\/\\\/www.facebook.com\\\/inverseteams\",\"http:\\\/\\\/instagram.com\\\/inverseteams\",\"https:\\\/\\\/www.linkedin.com\\\/company\\\/inverse-cirosport-s-l-?trk=job_view_topcard_company_name\",\"http:\\\/\\\/www.pinterest.com\\\/inverseteams\\\/\",\"http:\\\/\\\/www.youtube.com\\\/user\\\/inverseteams?feature=watch\"]}]}<\/script>\n<!-- \/ Yoast SEO plugin. -->","yoast_head_json":{"title":"Camiseta manga corta INTRAIL 4 (MUJER)","description":"Ce T-shirt technique tr\u00e8s l\u00e9ger est id\u00e9al pour la comp\u00e9tition et l\u2019entra\u00eenement. Son tissu, tr\u00e8s r\u00e9sistant et perm\u00e9able, a une tr\u00e8s bonne capacit\u00e9 de s\u00e9chage et gardera votre corps au sec. Le T-shirt INTRAIL a une courte fermeture \u00e9clair sur la poitrine qui permet de r\u00e9guler la ventilation pendant la course. Profitez des sports de plein ais m\u00eame lorsqu\u2019il fait chaud. Sur ses lat\u00e9raux, vous trouverez une poche en grille pour stocker les gels et les barres nutritionnelles. Les propri\u00e9t\u00e9s antibact\u00e9riennes et le toucher doux de ce T-shirt en font un v\u00eatement id\u00e9al pour les longues s\u00e9ances d\u2019exercice.","robots":{"index":"index","follow":"follow","max-snippet":"max-snippet:-1","max-image-preview":"max-image-preview:large","max-video-preview":"max-video-preview:-1"},"canonical":"https:\/\/www.inverseteams.com\/fr\/produit\/t-shirt-manches-courtes-intrail-4-femme\/","og_locale":"fr_FR","og_type":"article","og_title":"Camiseta manga corta INTRAIL 4 (MUJER)","og_description":"Ce T-shirt technique tr\u00e8s l\u00e9ger est id\u00e9al pour la comp\u00e9tition et l\u2019entra\u00eenement. Son tissu, tr\u00e8s r\u00e9sistant et perm\u00e9able, a une tr\u00e8s bonne capacit\u00e9 de s\u00e9chage et gardera votre corps au sec. Le T-shirt INTRAIL a une courte fermeture \u00e9clair sur la poitrine qui permet de r\u00e9guler la ventilation pendant la course. Profitez des sports de plein ais m\u00eame lorsqu\u2019il fait chaud. Sur ses lat\u00e9raux, vous trouverez une poche en grille pour stocker les gels et les barres nutritionnelles. Les propri\u00e9t\u00e9s antibact\u00e9riennes et le toucher doux de ce T-shirt en font un v\u00eatement id\u00e9al pour les longues s\u00e9ances d\u2019exercice.","og_url":"https:\/\/www.inverseteams.com\/fr\/produit\/t-shirt-manches-courtes-intrail-4-femme\/","og_site_name":"Inverseteams","article_publisher":"https:\/\/www.facebook.com\/inverseteams","article_modified_time":"2025-05-22T00:01:49+00:00","og_image":[{"width":3222,"height":3462,"url":"https:\/\/www.inverseteams.com\/wp-content\/uploads\/CAMISETA-MANGA-CORTA-INTRAIL-4-MUJER-1.jpg","type":"image\/jpeg"}],"twitter_card":"summary_large_image","twitter_misc":{"Dur\u00e9e de lecture estim\u00e9e":"1 minute"},"schema":{"@context":"https:\/\/schema.org","@graph":[{"@type":"WebPage","@id":"https:\/\/www.inverseteams.com\/fr\/produit\/t-shirt-manches-courtes-intrail-4-femme\/","url":"https:\/\/www.inverseteams.com\/fr\/produit\/t-shirt-manches-courtes-intrail-4-femme\/","name":"Camiseta manga corta INTRAIL 4 (MUJER)","isPartOf":{"@id":"https:\/\/www.inverseteams.com\/fr\/#website"},"primaryImageOfPage":{"@id":"https:\/\/www.inverseteams.com\/fr\/produit\/t-shirt-manches-courtes-intrail-4-femme\/#primaryimage"},"image":{"@id":"https:\/\/www.inverseteams.com\/fr\/produit\/t-shirt-manches-courtes-intrail-4-femme\/#primaryimage"},"thumbnailUrl":"https:\/\/www.inverseteams.com\/wp-content\/uploads\/CAMISETA-MANGA-CORTA-INTRAIL-4-MUJER-1.jpg","datePublished":"2021-12-02T08:42:20+00:00","dateModified":"2025-05-22T00:01:49+00:00","description":"Ce T-shirt technique tr\u00e8s l\u00e9ger est id\u00e9al pour la comp\u00e9tition et l\u2019entra\u00eenement. Son tissu, tr\u00e8s r\u00e9sistant et perm\u00e9able, a une tr\u00e8s bonne capacit\u00e9 de s\u00e9chage et gardera votre corps au sec. Le T-shirt INTRAIL a une courte fermeture \u00e9clair sur la poitrine qui permet de r\u00e9guler la ventilation pendant la course. Profitez des sports de plein ais m\u00eame lorsqu\u2019il fait chaud. Sur ses lat\u00e9raux, vous trouverez une poche en grille pour stocker les gels et les barres nutritionnelles. Les propri\u00e9t\u00e9s antibact\u00e9riennes et le toucher doux de ce T-shirt en font un v\u00eatement id\u00e9al pour les longues s\u00e9ances d\u2019exercice.","breadcrumb":{"@id":"https:\/\/www.inverseteams.com\/fr\/produit\/t-shirt-manches-courtes-intrail-4-femme\/#breadcrumb"},"inLanguage":"fr-FR","potentialAction":[{"@type":"ReadAction","target":["https:\/\/www.inverseteams.com\/fr\/produit\/t-shirt-manches-courtes-intrail-4-femme\/"]}]},{"@type":"ImageObject","inLanguage":"fr-FR","@id":"https:\/\/www.inverseteams.com\/fr\/produit\/t-shirt-manches-courtes-intrail-4-femme\/#primaryimage","url":"https:\/\/www.inverseteams.com\/wp-content\/uploads\/CAMISETA-MANGA-CORTA-INTRAIL-4-MUJER-1.jpg","contentUrl":"https:\/\/www.inverseteams.com\/wp-content\/uploads\/CAMISETA-MANGA-CORTA-INTRAIL-4-MUJER-1.jpg","width":3222,"height":3462,"caption":"Maillot trail running femme INTRAIL 4"},{"@type":"BreadcrumbList","@id":"https:\/\/www.inverseteams.com\/fr\/produit\/t-shirt-manches-courtes-intrail-4-femme\/#breadcrumb","itemListElement":[{"@type":"ListItem","position":1,"name":"Portada","item":"https:\/\/www.inverseteams.com\/fr\/pagina-principal\/"},{"@type":"ListItem","position":2,"name":"Panier","item":"https:\/\/www.inverseteams.com\/fr\/panier\/"},{"@type":"ListItem","position":3,"name":"T-shirt manches courtes INTRAIL 4 (FEMME)"}]},{"@type":"WebSite","@id":"https:\/\/www.inverseteams.com\/fr\/#website","url":"https:\/\/www.inverseteams.com\/fr\/","name":"Inverseteams","description":"Tu marca de ropa deportiva personalizada","publisher":{"@id":"https:\/\/www.inverseteams.com\/fr\/#organization"},"potentialAction":[{"@type":"SearchAction","target":{"@type":"EntryPoint","urlTemplate":"https:\/\/www.inverseteams.com\/fr\/?s={search_term_string}"},"query-input":{"@type":"PropertyValueSpecification","valueRequired":true,"valueName":"search_term_string"}}],"inLanguage":"fr-FR"},{"@type":"Organization","@id":"https:\/\/www.inverseteams.com\/fr\/#organization","name":"Inverse Teams","url":"https:\/\/www.inverseteams.com\/fr\/","logo":{"@type":"ImageObject","inLanguage":"fr-FR","@id":"https:\/\/www.inverseteams.com\/fr\/#\/schema\/logo\/image\/","url":"https:\/\/www.inverseteams.com\/wp-content\/uploads\/2021\/03\/logo-inverse-teams.png","contentUrl":"https:\/\/www.inverseteams.com\/wp-content\/uploads\/2021\/03\/logo-inverse-teams.png","width":294,"height":99,"caption":"Inverse Teams"},"image":{"@id":"https:\/\/www.inverseteams.com\/fr\/#\/schema\/logo\/image\/"},"sameAs":["https:\/\/www.facebook.com\/inverseteams","http:\/\/instagram.com\/inverseteams","https:\/\/www.linkedin.com\/company\/inverse-cirosport-s-l-?trk=job_view_topcard_company_name","http:\/\/www.pinterest.com\/inverseteams\/","http:\/\/www.youtube.com\/user\/inverseteams?feature=watch"]}]}},"_links":{"self":[{"href":"https:\/\/www.inverseteams.com\/fr\/wp-json\/wp\/v2\/product\/45817","targetHints":{"allow":["GET"]}}],"collection":[{"href":"https:\/\/www.inverseteams.com\/fr\/wp-json\/wp\/v2\/product"}],"about":[{"href":"https:\/\/www.inverseteams.com\/fr\/wp-json\/wp\/v2\/types\/product"}],"replies":[{"embeddable":true,"href":"https:\/\/www.inverseteams.com\/fr\/wp-json\/wp\/v2\/comments?post=45817"}],"wp:featuredmedia":[{"embeddable":true,"href":"https:\/\/www.inverseteams.com\/fr\/wp-json\/wp\/v2\/media\/45344"}],"wp:attachment":[{"href":"https:\/\/www.inverseteams.com\/fr\/wp-json\/wp\/v2\/media?parent=45817"}],"wp:term":[{"taxonomy":"product_brand","embeddable":true,"href":"https:\/\/www.inverseteams.com\/fr\/wp-json\/wp\/v2\/product_brand?post=45817"},{"taxonomy":"product_cat","embeddable":true,"href":"https:\/\/www.inverseteams.com\/fr\/wp-json\/wp\/v2\/product_cat?post=45817"},{"taxonomy":"product_tag","embeddable":true,"href":"https:\/\/www.inverseteams.com\/fr\/wp-json\/wp\/v2\/product_tag?post=45817"},{"taxonomy":"custom_category","embeddable":true,"href":"https:\/\/www.inverseteams.com\/fr\/wp-json\/wp\/v2\/custom_category?post=45817"},{"taxonomy":"range","embeddable":true,"href":"https:\/\/www.inverseteams.com\/fr\/wp-json\/wp\/v2\/range?post=45817"}],"curies":[{"name":"wp","href":"https:\/\/api.w.org\/{rel}","templated":true}]}}