{"id":38696,"date":"2021-11-02T12:04:22","date_gmt":"2021-11-02T12:04:22","guid":{"rendered":"https:\/\/www.inverseteams.com\/?post_type=product&#038;p=38696"},"modified":"2023-01-16T08:37:57","modified_gmt":"2023-01-16T08:37:57","slug":"maillot-cyclisme-manche-courte-oncic-9-homme","status":"publish","type":"product","link":"https:\/\/www.inverseteams.com\/fr\/produit\/maillot-cyclisme-manche-courte-oncic-9-homme\/","title":{"rendered":"Maillot cyclisme homme manche courte ONCIC 9"},"content":{"rendered":"","protected":false},"excerpt":{"rendered":"<p>Ce maillot cyclisme homme manche courte technique l\u00e9ger s\u2019adapte parfaitement au corps. Il vous permet de profiter du v\u00e9lo pendant les journ\u00e9es chaudes gr\u00e2ce \u00e0 la r\u00e9gulation thermique apport\u00e9 par le traitement Dual Comfort System de son tissu. Il \u00e9vite une surchauffe de la peau et permet un effort maximum. Il combine diff\u00e9rentes technologies afin de rester dans une position toujours id\u00e9ale.<br \/>\n\u00c0 l\u2019extr\u00e9mit\u00e9 des manches, nous trouvons une bande \u00e9lastique microperfor\u00e9e avec un grip en silicone hypoallerg\u00e9nique, qui permet une attache ferme au bras.<br \/>\n\u00c0 la taille, nous trouvons une bande de silicone qui ajuste au mieux le maillot.<br \/>\nSur la zone lombaire nous trouvons 3 poches vous permettant de stocker n\u2019importe quel objet sans crainte de le perdre ; profitez du v\u00e9lo sans soucis.<br \/>\nLa forme anatomique du col s\u2019adapte \u00e0 votre position sur le v\u00e9lo sans vous g\u00eaner, tout en emp\u00eachant l\u2019entr\u00e9e d\u2019air.<br \/>\nD\u2019autre part, la technicit\u00e9 des tissus augmente l\u2019a\u00e9rodynamisme et optimise tous vos efforts.<\/p>\n","protected":false},"featured_media":38575,"comment_status":"closed","ping_status":"closed","template":"","meta":{"_acf_changed":false},"product_brand":[],"product_cat":[3318,3320,3228,3308,7177],"product_tag":[],"custom_category":[],"range":[],"class_list":{"0":"post-38696","1":"product","2":"type-product","3":"status-publish","4":"has-post-thumbnail","6":"product_cat-cyclisme-outlet","7":"product_cat-maillot-cyclisme-outlet","8":"product_cat-homme","9":"product_cat-outet-fr","10":"product_cat-b2b-fr","11":"pa_climatologia-chaud","12":"pa_deporte-cyclisme","13":"pa_genero-homme","14":"pa_patronaje-regular-fr","15":"pa_talla-s-fr","16":"pa_talla-xl-fr","17":"pa_talla-xs-fr","18":"pa_talla-xxl-fr","19":"pa_talla-3xl-fr-2","20":"pa_talla-l-fr","21":"pa_talla-m-fr","22":"pa_tipo-de-prenda-maillot-manche-courte","24":"first","25":"outofstock","26":"sale","27":"taxable","28":"shipping-taxable","29":"purchasable","30":"product-type-variable","31":"has-default-attributes"},"acf":[],"yoast_head":"<!-- This site is optimized with the Yoast SEO plugin v27.2 - https:\/\/yoast.com\/product\/yoast-seo-wordpress\/ -->\n<title>Maillot cyclisme homme manche courte ONCIC 9<\/title>\n<meta name=\"description\" content=\"Maillot cyclisme homme manche courte ONCIC 9 s\u2019adapte parfaitement au corps. Il vous permet de profiter du v\u00e9lo pendant les journ\u00e9es chaudes gr\u00e2ce \u00e0 traitement Dual Comfort System de son tissu.\" \/>\n<meta name=\"robots\" content=\"index, follow, max-snippet:-1, max-image-preview:large, max-video-preview:-1\" \/>\n<link rel=\"canonical\" href=\"https:\/\/www.inverseteams.com\/fr\/produit\/maillot-cyclisme-manche-courte-oncic-9-homme\/\" \/>\n<meta property=\"og:locale\" content=\"fr_FR\" \/>\n<meta property=\"og:type\" content=\"article\" \/>\n<meta property=\"og:title\" content=\"Maillot cyclisme homme manche courte ONCIC 9\" \/>\n<meta property=\"og:description\" content=\"Maillot cyclisme homme manche courte ONCIC 9 s\u2019adapte parfaitement au corps. Il vous permet de profiter du v\u00e9lo pendant les journ\u00e9es chaudes gr\u00e2ce \u00e0 traitement Dual Comfort System de son tissu.\" \/>\n<meta property=\"og:url\" content=\"https:\/\/www.inverseteams.com\/fr\/produit\/maillot-cyclisme-manche-courte-oncic-9-homme\/\" \/>\n<meta property=\"og:site_name\" content=\"Inverseteams\" \/>\n<meta property=\"article:publisher\" content=\"https:\/\/www.facebook.com\/inverseteams\" \/>\n<meta property=\"article:modified_time\" content=\"2023-01-16T08:37:57+00:00\" \/>\n<meta property=\"og:image\" content=\"https:\/\/www.inverseteams.com\/wp-content\/uploads\/MAILLOT-CICLISTA-HOMBRE-ONCIC9-1.jpg\" \/>\n\t<meta property=\"og:image:width\" content=\"3222\" \/>\n\t<meta property=\"og:image:height\" content=\"3462\" \/>\n\t<meta property=\"og:image:type\" content=\"image\/jpeg\" \/>\n<meta name=\"twitter:card\" content=\"summary_large_image\" \/>\n<script type=\"application\/ld+json\" class=\"yoast-schema-graph\">{\"@context\":\"https:\/\/schema.org\",\"@graph\":[{\"@type\":\"WebPage\",\"@id\":\"https:\/\/www.inverseteams.com\/fr\/produit\/maillot-cyclisme-manche-courte-oncic-9-homme\/\",\"url\":\"https:\/\/www.inverseteams.com\/fr\/produit\/maillot-cyclisme-manche-courte-oncic-9-homme\/\",\"name\":\"Maillot cyclisme homme manche courte ONCIC 9\",\"isPartOf\":{\"@id\":\"https:\/\/www.inverseteams.com\/fr\/#website\"},\"primaryImageOfPage\":{\"@id\":\"https:\/\/www.inverseteams.com\/fr\/produit\/maillot-cyclisme-manche-courte-oncic-9-homme\/#primaryimage\"},\"image\":{\"@id\":\"https:\/\/www.inverseteams.com\/fr\/produit\/maillot-cyclisme-manche-courte-oncic-9-homme\/#primaryimage\"},\"thumbnailUrl\":\"https:\/\/www.inverseteams.com\/wp-content\/uploads\/MAILLOT-CICLISTA-HOMBRE-ONCIC9-1.jpg\",\"datePublished\":\"2021-11-02T12:04:22+00:00\",\"dateModified\":\"2023-01-16T08:37:57+00:00\",\"description\":\"Maillot cyclisme homme manche courte ONCIC 9 s\u2019adapte parfaitement au corps. Il vous permet de profiter du v\u00e9lo pendant les journ\u00e9es chaudes gr\u00e2ce \u00e0 traitement Dual Comfort System de son tissu.\",\"breadcrumb\":{\"@id\":\"https:\/\/www.inverseteams.com\/fr\/produit\/maillot-cyclisme-manche-courte-oncic-9-homme\/#breadcrumb\"},\"inLanguage\":\"fr-FR\",\"potentialAction\":[{\"@type\":\"ReadAction\",\"target\":[\"https:\/\/www.inverseteams.com\/fr\/produit\/maillot-cyclisme-manche-courte-oncic-9-homme\/\"]}]},{\"@type\":\"ImageObject\",\"inLanguage\":\"fr-FR\",\"@id\":\"https:\/\/www.inverseteams.com\/fr\/produit\/maillot-cyclisme-manche-courte-oncic-9-homme\/#primaryimage\",\"url\":\"https:\/\/www.inverseteams.com\/wp-content\/uploads\/MAILLOT-CICLISTA-HOMBRE-ONCIC9-1.jpg\",\"contentUrl\":\"https:\/\/www.inverseteams.com\/wp-content\/uploads\/MAILLOT-CICLISTA-HOMBRE-ONCIC9-1.jpg\",\"width\":3222,\"height\":3462,\"caption\":\"Maillot cyclisme ONCIC 9\"},{\"@type\":\"BreadcrumbList\",\"@id\":\"https:\/\/www.inverseteams.com\/fr\/produit\/maillot-cyclisme-manche-courte-oncic-9-homme\/#breadcrumb\",\"itemListElement\":[{\"@type\":\"ListItem\",\"position\":1,\"name\":\"Portada\",\"item\":\"https:\/\/www.inverseteams.com\/fr\/pagina-principal\/\"},{\"@type\":\"ListItem\",\"position\":2,\"name\":\"Panier\",\"item\":\"https:\/\/www.inverseteams.com\/fr\/panier\/\"},{\"@type\":\"ListItem\",\"position\":3,\"name\":\"Maillot cyclisme homme manche courte ONCIC 9\"}]},{\"@type\":\"WebSite\",\"@id\":\"https:\/\/www.inverseteams.com\/fr\/#website\",\"url\":\"https:\/\/www.inverseteams.com\/fr\/\",\"name\":\"Inverseteams\",\"description\":\"Tu marca de ropa deportiva personalizada\",\"publisher\":{\"@id\":\"https:\/\/www.inverseteams.com\/fr\/#organization\"},\"potentialAction\":[{\"@type\":\"SearchAction\",\"target\":{\"@type\":\"EntryPoint\",\"urlTemplate\":\"https:\/\/www.inverseteams.com\/fr\/?s={search_term_string}\"},\"query-input\":{\"@type\":\"PropertyValueSpecification\",\"valueRequired\":true,\"valueName\":\"search_term_string\"}}],\"inLanguage\":\"fr-FR\"},{\"@type\":\"Organization\",\"@id\":\"https:\/\/www.inverseteams.com\/fr\/#organization\",\"name\":\"Inverse Teams\",\"url\":\"https:\/\/www.inverseteams.com\/fr\/\",\"logo\":{\"@type\":\"ImageObject\",\"inLanguage\":\"fr-FR\",\"@id\":\"https:\/\/www.inverseteams.com\/fr\/#\/schema\/logo\/image\/\",\"url\":\"https:\/\/www.inverseteams.com\/wp-content\/uploads\/2021\/03\/logo-inverse-teams.png\",\"contentUrl\":\"https:\/\/www.inverseteams.com\/wp-content\/uploads\/2021\/03\/logo-inverse-teams.png\",\"width\":294,\"height\":99,\"caption\":\"Inverse Teams\"},\"image\":{\"@id\":\"https:\/\/www.inverseteams.com\/fr\/#\/schema\/logo\/image\/\"},\"sameAs\":[\"https:\/\/www.facebook.com\/inverseteams\",\"http:\/\/instagram.com\/inverseteams\",\"https:\/\/www.linkedin.com\/company\/inverse-cirosport-s-l-?trk=job_view_topcard_company_name\",\"http:\/\/www.pinterest.com\/inverseteams\/\",\"http:\/\/www.youtube.com\/user\/inverseteams?feature=watch\"]}]}<\/script>\n<!-- \/ Yoast SEO plugin. -->","yoast_head_json":{"title":"Maillot cyclisme homme manche courte ONCIC 9","description":"Maillot cyclisme homme manche courte ONCIC 9 s\u2019adapte parfaitement au corps. Il vous permet de profiter du v\u00e9lo pendant les journ\u00e9es chaudes gr\u00e2ce \u00e0 traitement Dual Comfort System de son tissu.","robots":{"index":"index","follow":"follow","max-snippet":"max-snippet:-1","max-image-preview":"max-image-preview:large","max-video-preview":"max-video-preview:-1"},"canonical":"https:\/\/www.inverseteams.com\/fr\/produit\/maillot-cyclisme-manche-courte-oncic-9-homme\/","og_locale":"fr_FR","og_type":"article","og_title":"Maillot cyclisme homme manche courte ONCIC 9","og_description":"Maillot cyclisme homme manche courte ONCIC 9 s\u2019adapte parfaitement au corps. Il vous permet de profiter du v\u00e9lo pendant les journ\u00e9es chaudes gr\u00e2ce \u00e0 traitement Dual Comfort System de son tissu.","og_url":"https:\/\/www.inverseteams.com\/fr\/produit\/maillot-cyclisme-manche-courte-oncic-9-homme\/","og_site_name":"Inverseteams","article_publisher":"https:\/\/www.facebook.com\/inverseteams","article_modified_time":"2023-01-16T08:37:57+00:00","og_image":[{"width":3222,"height":3462,"url":"https:\/\/www.inverseteams.com\/wp-content\/uploads\/MAILLOT-CICLISTA-HOMBRE-ONCIC9-1.jpg","type":"image\/jpeg"}],"twitter_card":"summary_large_image","schema":{"@context":"https:\/\/schema.org","@graph":[{"@type":"WebPage","@id":"https:\/\/www.inverseteams.com\/fr\/produit\/maillot-cyclisme-manche-courte-oncic-9-homme\/","url":"https:\/\/www.inverseteams.com\/fr\/produit\/maillot-cyclisme-manche-courte-oncic-9-homme\/","name":"Maillot cyclisme homme manche courte ONCIC 9","isPartOf":{"@id":"https:\/\/www.inverseteams.com\/fr\/#website"},"primaryImageOfPage":{"@id":"https:\/\/www.inverseteams.com\/fr\/produit\/maillot-cyclisme-manche-courte-oncic-9-homme\/#primaryimage"},"image":{"@id":"https:\/\/www.inverseteams.com\/fr\/produit\/maillot-cyclisme-manche-courte-oncic-9-homme\/#primaryimage"},"thumbnailUrl":"https:\/\/www.inverseteams.com\/wp-content\/uploads\/MAILLOT-CICLISTA-HOMBRE-ONCIC9-1.jpg","datePublished":"2021-11-02T12:04:22+00:00","dateModified":"2023-01-16T08:37:57+00:00","description":"Maillot cyclisme homme manche courte ONCIC 9 s\u2019adapte parfaitement au corps. Il vous permet de profiter du v\u00e9lo pendant les journ\u00e9es chaudes gr\u00e2ce \u00e0 traitement Dual Comfort System de son tissu.","breadcrumb":{"@id":"https:\/\/www.inverseteams.com\/fr\/produit\/maillot-cyclisme-manche-courte-oncic-9-homme\/#breadcrumb"},"inLanguage":"fr-FR","potentialAction":[{"@type":"ReadAction","target":["https:\/\/www.inverseteams.com\/fr\/produit\/maillot-cyclisme-manche-courte-oncic-9-homme\/"]}]},{"@type":"ImageObject","inLanguage":"fr-FR","@id":"https:\/\/www.inverseteams.com\/fr\/produit\/maillot-cyclisme-manche-courte-oncic-9-homme\/#primaryimage","url":"https:\/\/www.inverseteams.com\/wp-content\/uploads\/MAILLOT-CICLISTA-HOMBRE-ONCIC9-1.jpg","contentUrl":"https:\/\/www.inverseteams.com\/wp-content\/uploads\/MAILLOT-CICLISTA-HOMBRE-ONCIC9-1.jpg","width":3222,"height":3462,"caption":"Maillot cyclisme ONCIC 9"},{"@type":"BreadcrumbList","@id":"https:\/\/www.inverseteams.com\/fr\/produit\/maillot-cyclisme-manche-courte-oncic-9-homme\/#breadcrumb","itemListElement":[{"@type":"ListItem","position":1,"name":"Portada","item":"https:\/\/www.inverseteams.com\/fr\/pagina-principal\/"},{"@type":"ListItem","position":2,"name":"Panier","item":"https:\/\/www.inverseteams.com\/fr\/panier\/"},{"@type":"ListItem","position":3,"name":"Maillot cyclisme homme manche courte ONCIC 9"}]},{"@type":"WebSite","@id":"https:\/\/www.inverseteams.com\/fr\/#website","url":"https:\/\/www.inverseteams.com\/fr\/","name":"Inverseteams","description":"Tu marca de ropa deportiva personalizada","publisher":{"@id":"https:\/\/www.inverseteams.com\/fr\/#organization"},"potentialAction":[{"@type":"SearchAction","target":{"@type":"EntryPoint","urlTemplate":"https:\/\/www.inverseteams.com\/fr\/?s={search_term_string}"},"query-input":{"@type":"PropertyValueSpecification","valueRequired":true,"valueName":"search_term_string"}}],"inLanguage":"fr-FR"},{"@type":"Organization","@id":"https:\/\/www.inverseteams.com\/fr\/#organization","name":"Inverse Teams","url":"https:\/\/www.inverseteams.com\/fr\/","logo":{"@type":"ImageObject","inLanguage":"fr-FR","@id":"https:\/\/www.inverseteams.com\/fr\/#\/schema\/logo\/image\/","url":"https:\/\/www.inverseteams.com\/wp-content\/uploads\/2021\/03\/logo-inverse-teams.png","contentUrl":"https:\/\/www.inverseteams.com\/wp-content\/uploads\/2021\/03\/logo-inverse-teams.png","width":294,"height":99,"caption":"Inverse Teams"},"image":{"@id":"https:\/\/www.inverseteams.com\/fr\/#\/schema\/logo\/image\/"},"sameAs":["https:\/\/www.facebook.com\/inverseteams","http:\/\/instagram.com\/inverseteams","https:\/\/www.linkedin.com\/company\/inverse-cirosport-s-l-?trk=job_view_topcard_company_name","http:\/\/www.pinterest.com\/inverseteams\/","http:\/\/www.youtube.com\/user\/inverseteams?feature=watch"]}]}},"_links":{"self":[{"href":"https:\/\/www.inverseteams.com\/fr\/wp-json\/wp\/v2\/product\/38696","targetHints":{"allow":["GET"]}}],"collection":[{"href":"https:\/\/www.inverseteams.com\/fr\/wp-json\/wp\/v2\/product"}],"about":[{"href":"https:\/\/www.inverseteams.com\/fr\/wp-json\/wp\/v2\/types\/product"}],"replies":[{"embeddable":true,"href":"https:\/\/www.inverseteams.com\/fr\/wp-json\/wp\/v2\/comments?post=38696"}],"wp:featuredmedia":[{"embeddable":true,"href":"https:\/\/www.inverseteams.com\/fr\/wp-json\/wp\/v2\/media\/38575"}],"wp:attachment":[{"href":"https:\/\/www.inverseteams.com\/fr\/wp-json\/wp\/v2\/media?parent=38696"}],"wp:term":[{"taxonomy":"product_brand","embeddable":true,"href":"https:\/\/www.inverseteams.com\/fr\/wp-json\/wp\/v2\/product_brand?post=38696"},{"taxonomy":"product_cat","embeddable":true,"href":"https:\/\/www.inverseteams.com\/fr\/wp-json\/wp\/v2\/product_cat?post=38696"},{"taxonomy":"product_tag","embeddable":true,"href":"https:\/\/www.inverseteams.com\/fr\/wp-json\/wp\/v2\/product_tag?post=38696"},{"taxonomy":"custom_category","embeddable":true,"href":"https:\/\/www.inverseteams.com\/fr\/wp-json\/wp\/v2\/custom_category?post=38696"},{"taxonomy":"range","embeddable":true,"href":"https:\/\/www.inverseteams.com\/fr\/wp-json\/wp\/v2\/range?post=38696"}],"curies":[{"name":"wp","href":"https:\/\/api.w.org\/{rel}","templated":true}]}}