{"id":34041,"date":"2021-10-07T13:42:32","date_gmt":"2021-10-07T13:45:08","guid":{"rendered":"https:\/\/www.inverseteams.com\/?post_type=product&#038;p=34041"},"modified":"2024-12-11T12:21:54","modified_gmt":"2024-12-11T12:21:54","slug":"veste-cycliste-personnalisee-style","status":"publish","type":"product","link":"https:\/\/www.inverseteams.com\/fr\/produit\/veste-cycliste-personnalisee-style\/","title":{"rendered":"Veste cycliste personnalis\u00e9e STYLE"},"content":{"rendered":"<p>Veste cycliste technique con\u00e7ue avec un coupe ample parfait pour les cyclistes qui souhaitent s&rsquo;habiller confortablement et en m\u00eame temps profiter des avantages des tissus techniques. Pour cela ce mod\u00e8le est fait avec divers tissus techniques. Le tissu AEROTECH est compos\u00e9 de 3 membranes. La couche ext\u00e9rieure agit comme une barri\u00e8re pour emp\u00eacher l\u2019eau de p\u00e9n\u00e9trer. La couche int\u00e9rieure aide \u00e0 \u00e9vacuer la sueur et \u00e0 maintenir la chaleur corporelle. Vous aurez la peau s\u00e8che et \u00e9viterez la surchauffe afin de pr\u00e9server vos performances. La structure du tissu du dos est respirable et aide \u00e9galement \u00e0 expulser l\u2019exc\u00e8s de chaleur. Les zones lat\u00e9rales de la veste sont en tissu SPIRIT-THERMIQUE ; \u00e9lastiques elles s\u2019adaptent \u00e0 toutes les positions du v\u00e9lo sans opposer r\u00e9sistance. La forme anatomique du col s\u2019adapte \u00e0 votre position sur le v\u00e9lo sans vous g\u00eaner, tout en emp\u00eachant l\u2019entr\u00e9e d\u2019air. La veste de v\u00e9lo STYLE combine diff\u00e9rentes technologies qui la maintiennent dans la position id\u00e9ale. Les poignets \u00e0 double \u00e9paisseur d\u00e9coup\u00e9s au laser, s\u2019adaptent parfaitement aux bras et emp\u00eachent l\u2019air d\u2019entrer. Ils sont cousus avec des coutures plates super r\u00e9sistantes. \u00c0 la taille, nous trouvons un surfilage qui ajuste au mieux le maillot. Il int\u00e8gre des lignes r\u00e9fl\u00e9chissantes de 360\u00ba, qui augmentent votre s\u00e9curit\u00e9 en r\u00e9fl\u00e9chissant les lumi\u00e8res des autres v\u00e9hicules. Sur la zone lombaire nous trouvons 3 poches avec le nouveau syst\u00e8me s\u00e9curit\u00e9 ISP &#8211; Inverse Safe Pocket \u2013 vous permettant de stocker n\u2019importe quel objet sans crainte de le perdre ; profitez du v\u00e9lo sans soucis.<\/p>\n","protected":false},"excerpt":{"rendered":"<p>Veste cycliste technique con\u00e7ue avec un coupe ample parfait pour les cyclistes qui souhaitent s&rsquo;habiller confortablement et en m\u00eame temps profiter des avantages des tissus techniques. Pour cela ce mod\u00e8le est fait avec divers tissus techniques. Le tissu AEROTECH est compos\u00e9 de 3 membranes. La couche ext\u00e9rieure agit comme une barri\u00e8re pour emp\u00eacher l\u2019eau de p\u00e9n\u00e9trer. La couche int\u00e9rieure aide \u00e0 \u00e9vacuer la sueur et \u00e0 maintenir la chaleur corporelle. Vous aurez la peau s\u00e8che et \u00e9viterez la surchauffe afin de pr\u00e9server vos performances. La structure du tissu du dos est respirable et aide \u00e9galement \u00e0 expulser l\u2019exc\u00e8s de chaleur. Les zones lat\u00e9rales de la veste sont en tissu SPIRIT-THERMIQUE ; \u00e9lastiques elles s\u2019adaptent \u00e0 toutes les positions du v\u00e9lo sans opposer r\u00e9sistance. La forme anatomique du col s\u2019adapte \u00e0 votre position sur le v\u00e9lo sans vous g\u00eaner, tout en emp\u00eachant l\u2019entr\u00e9e d\u2019air. La veste de v\u00e9lo STYLE combine diff\u00e9rentes technologies qui la maintiennent dans la position id\u00e9ale. Les poignets \u00e0 double \u00e9paisseur d\u00e9coup\u00e9s au laser, s\u2019adaptent parfaitement aux bras et emp\u00eachent l\u2019air d\u2019entrer. Ils sont cousus avec des coutures plates super r\u00e9sistantes. \u00c0 la taille, nous trouvons un surfilage qui ajuste au mieux le maillot. Il int\u00e8gre des lignes r\u00e9fl\u00e9chissantes de 360\u00ba, qui augmentent votre s\u00e9curit\u00e9 en r\u00e9fl\u00e9chissant les lumi\u00e8res des autres v\u00e9hicules. Sur la zone lombaire nous trouvons 3 poches avec le nouveau syst\u00e8me s\u00e9curit\u00e9 ISP &#8211; Inverse Safe Pocket \u2013 vous permettant de stocker n\u2019importe quel objet sans crainte de le perdre ; profitez du v\u00e9lo sans soucis.<\/p>\n","protected":false},"featured_media":223979,"comment_status":"closed","ping_status":"closed","template":"","meta":{"_acf_changed":false},"product_brand":[],"product_cat":[8305],"product_tag":[],"custom_category":[3349,3352,3400],"range":[6329],"class_list":{"0":"post-34041","1":"product","2":"type-product","3":"status-publish","4":"has-post-thumbnail","6":"product_cat-uncategorized-fr","7":"pa_climatologia-pluie","8":"pa_climatologia-vent-fr","9":"pa_climatologia-froid","10":"pa_deporte-cyclisme","11":"pa_genero-homme","12":"pa_genero-femme","13":"pa_genero-infantile-fr","14":"pa_patronaje-casual-fr","15":"pa_tipo-de-prenda-veste","16":"custom_category-sport-fr","17":"custom_category-vetements-cyclisme-personnalises","18":"custom_category-veste-cycliste-personnalisee","19":"range-style-fr","21":"first","22":"instock","23":"product-type-custom"},"acf":[],"yoast_head":"<!-- This site is optimized with the Yoast SEO plugin v27.3 - https:\/\/yoast.com\/product\/yoast-seo-wordpress\/ -->\n<title>Veste cycliste personnalis\u00e9e STYLE<\/title>\n<meta name=\"description\" content=\"Veste cycliste personnalis\u00e9e STYLE. Patron ample pour celles qui veulent s&#039;habiller confortablement. Livraison 4 semaines, design inclus. Demandez un budget !\" \/>\n<meta name=\"robots\" content=\"index, follow, max-snippet:-1, max-image-preview:large, max-video-preview:-1\" \/>\n<link rel=\"canonical\" href=\"https:\/\/www.inverseteams.com\/fr\/produit\/veste-cycliste-personnalisee-style\/\" \/>\n<meta property=\"og:locale\" content=\"fr_FR\" \/>\n<meta property=\"og:type\" content=\"article\" \/>\n<meta property=\"og:title\" content=\"Veste cycliste personnalis\u00e9e STYLE\" \/>\n<meta property=\"og:description\" content=\"Veste cycliste personnalis\u00e9e STYLE. Patron ample pour celles qui veulent s&#039;habiller confortablement. Livraison 4 semaines, design inclus. Demandez un budget !\" \/>\n<meta property=\"og:url\" content=\"https:\/\/www.inverseteams.com\/fr\/produit\/veste-cycliste-personnalisee-style\/\" \/>\n<meta property=\"og:site_name\" content=\"Inverseteams\" \/>\n<meta property=\"article:publisher\" content=\"https:\/\/www.facebook.com\/inverseteams\" \/>\n<meta property=\"article:modified_time\" content=\"2024-12-11T12:21:54+00:00\" \/>\n<meta property=\"og:image\" content=\"https:\/\/www.inverseteams.com\/wp-content\/uploads\/CHAQUETA-CICLISMO-PERSONALIZABLE-STYLE-1.jpg\" \/>\n\t<meta property=\"og:image:width\" content=\"1500\" \/>\n\t<meta property=\"og:image:height\" content=\"1612\" \/>\n\t<meta property=\"og:image:type\" content=\"image\/jpeg\" \/>\n<meta name=\"twitter:card\" content=\"summary_large_image\" \/>\n<meta name=\"twitter:label1\" content=\"Dur\u00e9e de lecture estim\u00e9e\" \/>\n\t<meta name=\"twitter:data1\" content=\"2 minutes\" \/>\n<script type=\"application\/ld+json\" class=\"yoast-schema-graph\">{\"@context\":\"https:\\\/\\\/schema.org\",\"@graph\":[{\"@type\":\"WebPage\",\"@id\":\"https:\\\/\\\/www.inverseteams.com\\\/fr\\\/produit\\\/veste-cycliste-personnalisee-style\\\/\",\"url\":\"https:\\\/\\\/www.inverseteams.com\\\/fr\\\/produit\\\/veste-cycliste-personnalisee-style\\\/\",\"name\":\"Veste cycliste personnalis\u00e9e STYLE\",\"isPartOf\":{\"@id\":\"https:\\\/\\\/www.inverseteams.com\\\/fr\\\/#website\"},\"primaryImageOfPage\":{\"@id\":\"https:\\\/\\\/www.inverseteams.com\\\/fr\\\/produit\\\/veste-cycliste-personnalisee-style\\\/#primaryimage\"},\"image\":{\"@id\":\"https:\\\/\\\/www.inverseteams.com\\\/fr\\\/produit\\\/veste-cycliste-personnalisee-style\\\/#primaryimage\"},\"thumbnailUrl\":\"https:\\\/\\\/www.inverseteams.com\\\/wp-content\\\/uploads\\\/CHAQUETA-CICLISMO-PERSONALIZABLE-STYLE-1.jpg\",\"datePublished\":\"2021-10-07T13:45:08+00:00\",\"dateModified\":\"2024-12-11T12:21:54+00:00\",\"description\":\"Veste cycliste personnalis\u00e9e STYLE. Patron ample pour celles qui veulent s'habiller confortablement. Livraison 4 semaines, design inclus. Demandez un budget !\",\"breadcrumb\":{\"@id\":\"https:\\\/\\\/www.inverseteams.com\\\/fr\\\/produit\\\/veste-cycliste-personnalisee-style\\\/#breadcrumb\"},\"inLanguage\":\"fr-FR\",\"potentialAction\":[{\"@type\":\"ReadAction\",\"target\":[\"https:\\\/\\\/www.inverseteams.com\\\/fr\\\/produit\\\/veste-cycliste-personnalisee-style\\\/\"]}]},{\"@type\":\"ImageObject\",\"inLanguage\":\"fr-FR\",\"@id\":\"https:\\\/\\\/www.inverseteams.com\\\/fr\\\/produit\\\/veste-cycliste-personnalisee-style\\\/#primaryimage\",\"url\":\"https:\\\/\\\/www.inverseteams.com\\\/wp-content\\\/uploads\\\/CHAQUETA-CICLISMO-PERSONALIZABLE-STYLE-1.jpg\",\"contentUrl\":\"https:\\\/\\\/www.inverseteams.com\\\/wp-content\\\/uploads\\\/CHAQUETA-CICLISMO-PERSONALIZABLE-STYLE-1.jpg\",\"width\":1500,\"height\":1612,\"caption\":\"chaqueta ciclismo personalizada\"},{\"@type\":\"BreadcrumbList\",\"@id\":\"https:\\\/\\\/www.inverseteams.com\\\/fr\\\/produit\\\/veste-cycliste-personnalisee-style\\\/#breadcrumb\",\"itemListElement\":[{\"@type\":\"ListItem\",\"position\":1,\"name\":\"Portada\",\"item\":\"https:\\\/\\\/www.inverseteams.com\\\/fr\\\/pagina-principal\\\/\"},{\"@type\":\"ListItem\",\"position\":2,\"name\":\"Panier\",\"item\":\"https:\\\/\\\/www.inverseteams.com\\\/fr\\\/panier\\\/\"},{\"@type\":\"ListItem\",\"position\":3,\"name\":\"Veste cycliste personnalis\u00e9e STYLE\"}]},{\"@type\":\"WebSite\",\"@id\":\"https:\\\/\\\/www.inverseteams.com\\\/fr\\\/#website\",\"url\":\"https:\\\/\\\/www.inverseteams.com\\\/fr\\\/\",\"name\":\"Inverseteams\",\"description\":\"Tu marca de ropa deportiva personalizada\",\"publisher\":{\"@id\":\"https:\\\/\\\/www.inverseteams.com\\\/fr\\\/#organization\"},\"potentialAction\":[{\"@type\":\"SearchAction\",\"target\":{\"@type\":\"EntryPoint\",\"urlTemplate\":\"https:\\\/\\\/www.inverseteams.com\\\/fr\\\/?s={search_term_string}\"},\"query-input\":{\"@type\":\"PropertyValueSpecification\",\"valueRequired\":true,\"valueName\":\"search_term_string\"}}],\"inLanguage\":\"fr-FR\"},{\"@type\":\"Organization\",\"@id\":\"https:\\\/\\\/www.inverseteams.com\\\/fr\\\/#organization\",\"name\":\"Inverse Teams\",\"url\":\"https:\\\/\\\/www.inverseteams.com\\\/fr\\\/\",\"logo\":{\"@type\":\"ImageObject\",\"inLanguage\":\"fr-FR\",\"@id\":\"https:\\\/\\\/www.inverseteams.com\\\/fr\\\/#\\\/schema\\\/logo\\\/image\\\/\",\"url\":\"http:\\\/\\\/www.inverseteams.com\\\/wp-content\\\/uploads\\\/2021\\\/03\\\/logo-inverse-teams.png\",\"contentUrl\":\"http:\\\/\\\/www.inverseteams.com\\\/wp-content\\\/uploads\\\/2021\\\/03\\\/logo-inverse-teams.png\",\"width\":294,\"height\":99,\"caption\":\"Inverse Teams\"},\"image\":{\"@id\":\"https:\\\/\\\/www.inverseteams.com\\\/fr\\\/#\\\/schema\\\/logo\\\/image\\\/\"},\"sameAs\":[\"https:\\\/\\\/www.facebook.com\\\/inverseteams\",\"http:\\\/\\\/instagram.com\\\/inverseteams\",\"https:\\\/\\\/www.linkedin.com\\\/company\\\/inverse-cirosport-s-l-?trk=job_view_topcard_company_name\",\"http:\\\/\\\/www.pinterest.com\\\/inverseteams\\\/\",\"http:\\\/\\\/www.youtube.com\\\/user\\\/inverseteams?feature=watch\"]}]}<\/script>\n<!-- \/ Yoast SEO plugin. -->","yoast_head_json":{"title":"Veste cycliste personnalis\u00e9e STYLE","description":"Veste cycliste personnalis\u00e9e STYLE. Patron ample pour celles qui veulent s'habiller confortablement. Livraison 4 semaines, design inclus. Demandez un budget !","robots":{"index":"index","follow":"follow","max-snippet":"max-snippet:-1","max-image-preview":"max-image-preview:large","max-video-preview":"max-video-preview:-1"},"canonical":"https:\/\/www.inverseteams.com\/fr\/produit\/veste-cycliste-personnalisee-style\/","og_locale":"fr_FR","og_type":"article","og_title":"Veste cycliste personnalis\u00e9e STYLE","og_description":"Veste cycliste personnalis\u00e9e STYLE. Patron ample pour celles qui veulent s'habiller confortablement. Livraison 4 semaines, design inclus. Demandez un budget !","og_url":"https:\/\/www.inverseteams.com\/fr\/produit\/veste-cycliste-personnalisee-style\/","og_site_name":"Inverseteams","article_publisher":"https:\/\/www.facebook.com\/inverseteams","article_modified_time":"2024-12-11T12:21:54+00:00","og_image":[{"width":1500,"height":1612,"url":"https:\/\/www.inverseteams.com\/wp-content\/uploads\/CHAQUETA-CICLISMO-PERSONALIZABLE-STYLE-1.jpg","type":"image\/jpeg"}],"twitter_card":"summary_large_image","twitter_misc":{"Dur\u00e9e de lecture estim\u00e9e":"2 minutes"},"schema":{"@context":"https:\/\/schema.org","@graph":[{"@type":"WebPage","@id":"https:\/\/www.inverseteams.com\/fr\/produit\/veste-cycliste-personnalisee-style\/","url":"https:\/\/www.inverseteams.com\/fr\/produit\/veste-cycliste-personnalisee-style\/","name":"Veste cycliste personnalis\u00e9e STYLE","isPartOf":{"@id":"https:\/\/www.inverseteams.com\/fr\/#website"},"primaryImageOfPage":{"@id":"https:\/\/www.inverseteams.com\/fr\/produit\/veste-cycliste-personnalisee-style\/#primaryimage"},"image":{"@id":"https:\/\/www.inverseteams.com\/fr\/produit\/veste-cycliste-personnalisee-style\/#primaryimage"},"thumbnailUrl":"https:\/\/www.inverseteams.com\/wp-content\/uploads\/CHAQUETA-CICLISMO-PERSONALIZABLE-STYLE-1.jpg","datePublished":"2021-10-07T13:45:08+00:00","dateModified":"2024-12-11T12:21:54+00:00","description":"Veste cycliste personnalis\u00e9e STYLE. Patron ample pour celles qui veulent s'habiller confortablement. Livraison 4 semaines, design inclus. Demandez un budget !","breadcrumb":{"@id":"https:\/\/www.inverseteams.com\/fr\/produit\/veste-cycliste-personnalisee-style\/#breadcrumb"},"inLanguage":"fr-FR","potentialAction":[{"@type":"ReadAction","target":["https:\/\/www.inverseteams.com\/fr\/produit\/veste-cycliste-personnalisee-style\/"]}]},{"@type":"ImageObject","inLanguage":"fr-FR","@id":"https:\/\/www.inverseteams.com\/fr\/produit\/veste-cycliste-personnalisee-style\/#primaryimage","url":"https:\/\/www.inverseteams.com\/wp-content\/uploads\/CHAQUETA-CICLISMO-PERSONALIZABLE-STYLE-1.jpg","contentUrl":"https:\/\/www.inverseteams.com\/wp-content\/uploads\/CHAQUETA-CICLISMO-PERSONALIZABLE-STYLE-1.jpg","width":1500,"height":1612,"caption":"chaqueta ciclismo personalizada"},{"@type":"BreadcrumbList","@id":"https:\/\/www.inverseteams.com\/fr\/produit\/veste-cycliste-personnalisee-style\/#breadcrumb","itemListElement":[{"@type":"ListItem","position":1,"name":"Portada","item":"https:\/\/www.inverseteams.com\/fr\/pagina-principal\/"},{"@type":"ListItem","position":2,"name":"Panier","item":"https:\/\/www.inverseteams.com\/fr\/panier\/"},{"@type":"ListItem","position":3,"name":"Veste cycliste personnalis\u00e9e STYLE"}]},{"@type":"WebSite","@id":"https:\/\/www.inverseteams.com\/fr\/#website","url":"https:\/\/www.inverseteams.com\/fr\/","name":"Inverseteams","description":"Tu marca de ropa deportiva personalizada","publisher":{"@id":"https:\/\/www.inverseteams.com\/fr\/#organization"},"potentialAction":[{"@type":"SearchAction","target":{"@type":"EntryPoint","urlTemplate":"https:\/\/www.inverseteams.com\/fr\/?s={search_term_string}"},"query-input":{"@type":"PropertyValueSpecification","valueRequired":true,"valueName":"search_term_string"}}],"inLanguage":"fr-FR"},{"@type":"Organization","@id":"https:\/\/www.inverseteams.com\/fr\/#organization","name":"Inverse Teams","url":"https:\/\/www.inverseteams.com\/fr\/","logo":{"@type":"ImageObject","inLanguage":"fr-FR","@id":"https:\/\/www.inverseteams.com\/fr\/#\/schema\/logo\/image\/","url":"https:\/\/www.inverseteams.com\/wp-content\/uploads\/2021\/03\/logo-inverse-teams.png","contentUrl":"https:\/\/www.inverseteams.com\/wp-content\/uploads\/2021\/03\/logo-inverse-teams.png","width":294,"height":99,"caption":"Inverse Teams"},"image":{"@id":"https:\/\/www.inverseteams.com\/fr\/#\/schema\/logo\/image\/"},"sameAs":["https:\/\/www.facebook.com\/inverseteams","http:\/\/instagram.com\/inverseteams","https:\/\/www.linkedin.com\/company\/inverse-cirosport-s-l-?trk=job_view_topcard_company_name","http:\/\/www.pinterest.com\/inverseteams\/","http:\/\/www.youtube.com\/user\/inverseteams?feature=watch"]}]}},"_links":{"self":[{"href":"https:\/\/www.inverseteams.com\/fr\/wp-json\/wp\/v2\/product\/34041","targetHints":{"allow":["GET"]}}],"collection":[{"href":"https:\/\/www.inverseteams.com\/fr\/wp-json\/wp\/v2\/product"}],"about":[{"href":"https:\/\/www.inverseteams.com\/fr\/wp-json\/wp\/v2\/types\/product"}],"replies":[{"embeddable":true,"href":"https:\/\/www.inverseteams.com\/fr\/wp-json\/wp\/v2\/comments?post=34041"}],"wp:featuredmedia":[{"embeddable":true,"href":"https:\/\/www.inverseteams.com\/fr\/wp-json\/wp\/v2\/media\/223979"}],"wp:attachment":[{"href":"https:\/\/www.inverseteams.com\/fr\/wp-json\/wp\/v2\/media?parent=34041"}],"wp:term":[{"taxonomy":"product_brand","embeddable":true,"href":"https:\/\/www.inverseteams.com\/fr\/wp-json\/wp\/v2\/product_brand?post=34041"},{"taxonomy":"product_cat","embeddable":true,"href":"https:\/\/www.inverseteams.com\/fr\/wp-json\/wp\/v2\/product_cat?post=34041"},{"taxonomy":"product_tag","embeddable":true,"href":"https:\/\/www.inverseteams.com\/fr\/wp-json\/wp\/v2\/product_tag?post=34041"},{"taxonomy":"custom_category","embeddable":true,"href":"https:\/\/www.inverseteams.com\/fr\/wp-json\/wp\/v2\/custom_category?post=34041"},{"taxonomy":"range","embeddable":true,"href":"https:\/\/www.inverseteams.com\/fr\/wp-json\/wp\/v2\/range?post=34041"}],"curies":[{"name":"wp","href":"https:\/\/api.w.org\/{rel}","templated":true}]}}