{"id":282166,"date":"2026-05-05T17:11:59","date_gmt":"2026-05-05T16:11:59","guid":{"rendered":"https:\/\/www.inverseteams.com\/?post_type=product&#038;p=282166"},"modified":"2026-05-13T11:06:16","modified_gmt":"2026-05-13T10:06:16","slug":"maillot-cyclisme-fed-catalana-triatlo","status":"publish","type":"product","link":"https:\/\/www.inverseteams.com\/fr\/produit\/maillot-cyclisme-fed-catalana-triatlo\/","title":{"rendered":"Maillot cyclisme FED CATALANA TRIATL\u00d3"},"content":{"rendered":"<p><strong>Fabriqu\u00e9 sur commande sp\u00e9cialement pour vous. Les \u00e9changes et retours ne sont pas accept\u00e9s. Livraison estim\u00e9e sous 7 jours.<\/strong><\/p>\n<p>Ce maillot technique l\u00e9ger s\u2019adapte parfaitement au corps. Il vous permet de profiter du v\u00e9lo pendant les journ\u00e9es chaudes gr\u00e2ce \u00e0 la r\u00e9gulation thermique apport\u00e9 par le traitement Dual Comfort System de son tissu. Il \u00e9vite une surchauffe de la peau et permet un effort maximum. Il combine diff\u00e9rentes technologies afin de rester dans une position toujours id\u00e9ale.<br \/>\n\u00c0 l\u2019extr\u00e9mit\u00e9 des manches, nous trouvons une bande \u00e9lastique microperfor\u00e9e avec un grip en silicone hypoallerg\u00e9nique, qui permet une attache ferme au bras.<br \/>\n\u00c0 la taille, nous trouvons un surfilage qui ajuste au mieux le maillot. Ce surfilage int\u00e8gre des lignes r\u00e9fl\u00e9chissantes de 360\u00ba, qui augmentent votre s\u00e9curit\u00e9 en r\u00e9fl\u00e9chissant les lumi\u00e8res des autres v\u00e9hicules.<br \/>\nSur la zone lombaire nous trouvons 3 poches avec le nouveau syst\u00e8me s\u00e9curit\u00e9 ISP &#8211; Inverse Safe Pocket \u2013 vous permettant de stocker n\u2019importe quel objet sans crainte de le perdre ; profitez du v\u00e9lo sans soucis.<br \/>\nLa forme anatomique du col s\u2019adapte \u00e0 votre position sur le v\u00e9lo sans vous g\u00eaner, tout en emp\u00eachant l\u2019entr\u00e9e d\u2019air.<br \/>\nD\u2019autre part, la technicit\u00e9 des tissus augmente l\u2019a\u00e9rodynamisme et optimise tous vos efforts.<\/p>\n","protected":false},"excerpt":{"rendered":"<p><strong>Fabriqu\u00e9 sur commande sp\u00e9cialement pour vous. Les \u00e9changes et retours ne sont pas accept\u00e9s. Livraison estim\u00e9e sous 7 jours.<\/strong><\/p>\n<p>Ce maillot technique l\u00e9ger s\u2019adapte parfaitement au corps. Il vous permet de profiter du v\u00e9lo pendant les journ\u00e9es chaudes gr\u00e2ce \u00e0 la r\u00e9gulation thermique apport\u00e9 par le traitement Dual Comfort System de son tissu. Il \u00e9vite une surchauffe de la peau et permet un effort maximum. Il combine diff\u00e9rentes technologies afin de rester dans une position toujours id\u00e9ale.<br \/>\n\u00c0 l\u2019extr\u00e9mit\u00e9 des manches, nous trouvons une bande \u00e9lastique microperfor\u00e9e avec un grip en silicone hypoallerg\u00e9nique, qui permet une attache ferme au bras.<br \/>\n\u00c0 la taille, nous trouvons un surfilage qui ajuste au mieux le maillot. Ce surfilage int\u00e8gre des lignes r\u00e9fl\u00e9chissantes de 360\u00ba, qui augmentent votre s\u00e9curit\u00e9 en r\u00e9fl\u00e9chissant les lumi\u00e8res des autres v\u00e9hicules.<br \/>\nSur la zone lombaire nous trouvons 3 poches avec le nouveau syst\u00e8me s\u00e9curit\u00e9 ISP &#8211; Inverse Safe Pocket \u2013 vous permettant de stocker n\u2019importe quel objet sans crainte de le perdre ; profitez du v\u00e9lo sans soucis.<br \/>\nLa forme anatomique du col s\u2019adapte \u00e0 votre position sur le v\u00e9lo sans vous g\u00eaner, tout en emp\u00eachant l\u2019entr\u00e9e d\u2019air.<br \/>\nD\u2019autre part, la technicit\u00e9 des tissus augmente l\u2019a\u00e9rodynamisme et optimise tous vos efforts.<\/p>\n","protected":false},"featured_media":281825,"comment_status":"closed","ping_status":"closed","template":"","meta":{"_acf_changed":false},"product_brand":[],"product_cat":[24429],"product_tag":[],"custom_category":[],"range":[],"class_list":{"0":"post-282166","1":"product","2":"type-product","3":"status-publish","4":"has-post-thumbnail","6":"product_cat-federation-catalane-de-triathlon","7":"pa_climatologia-chaud","8":"pa_deporte-cyclisme","9":"pa_genero-homme","10":"pa_genero-femme","11":"pa_patronaje-regular-fr","12":"pa_talla-3xl-fr-2","13":"pa_talla-4xl-fr","14":"pa_talla-l-fr","15":"pa_talla-m-fr","16":"pa_talla-s-fr","17":"pa_talla-xl-fr","18":"pa_talla-xs-fr","19":"pa_talla-xxl-fr","20":"pa_tipo-de-prenda-maillot-manche-courte","22":"first","23":"instock","24":"taxable","25":"shipping-taxable","26":"purchasable","27":"product-type-variable"},"acf":[],"yoast_head":"<!-- This site is optimized with the Yoast SEO plugin v27.5 - https:\/\/yoast.com\/product\/yoast-seo-wordpress\/ -->\n<title>Maillot cyclisme FED CATALANA TRIATL\u00d3<\/title>\n<meta name=\"description\" content=\"Maillot cyclisme FED CATALANA TRIATL\u00d3\" \/>\n<meta name=\"robots\" content=\"index, follow, max-snippet:-1, max-image-preview:large, max-video-preview:-1\" \/>\n<link rel=\"canonical\" href=\"https:\/\/www.inverseteams.com\/fr\/produit\/maillot-cyclisme-fed-catalana-triatlo\/\" \/>\n<meta property=\"og:locale\" content=\"fr_FR\" \/>\n<meta property=\"og:type\" content=\"article\" \/>\n<meta property=\"og:title\" content=\"Maillot cyclisme personnalis\u00e9 KAIROS\" \/>\n<meta property=\"og:description\" content=\"Maillot cycliste personnalis\u00e9 manche courte KAIROS. L\u00e9ger, polyvalent et fonctionnel. Id\u00e9al pour l&#039;entra\u00eenement. Livraison sous 4 semaines. Demandez un budget !\" \/>\n<meta property=\"og:url\" content=\"https:\/\/www.inverseteams.com\/fr\/produit\/maillot-cyclisme-fed-catalana-triatlo\/\" \/>\n<meta property=\"og:site_name\" content=\"Inverseteams\" \/>\n<meta property=\"article:publisher\" content=\"https:\/\/www.facebook.com\/inverseteams\" \/>\n<meta property=\"article:modified_time\" content=\"2026-05-13T10:06:16+00:00\" \/>\n<meta property=\"og:image\" content=\"https:\/\/www.inverseteams.com\/wp-content\/uploads\/INVERSE-FEDERACION-CATALANA-TRIATLON-MAILLOT-001.jpg\" \/>\n\t<meta property=\"og:image:width\" content=\"1500\" \/>\n\t<meta property=\"og:image:height\" content=\"1612\" \/>\n\t<meta property=\"og:image:type\" content=\"image\/jpeg\" \/>\n<meta name=\"twitter:card\" content=\"summary_large_image\" \/>\n<meta name=\"twitter:label1\" content=\"Dur\u00e9e de lecture estim\u00e9e\" \/>\n\t<meta name=\"twitter:data1\" content=\"2 minutes\" \/>\n<script type=\"application\/ld+json\" class=\"yoast-schema-graph\">{\"@context\":\"https:\\\/\\\/schema.org\",\"@graph\":[{\"@type\":\"WebPage\",\"@id\":\"https:\\\/\\\/www.inverseteams.com\\\/fr\\\/produit\\\/maillot-cyclisme-fed-catalana-triatlo\\\/\",\"url\":\"https:\\\/\\\/www.inverseteams.com\\\/fr\\\/produit\\\/maillot-cyclisme-fed-catalana-triatlo\\\/\",\"name\":\"Maillot cyclisme FED CATALANA TRIATL\u00d3\",\"isPartOf\":{\"@id\":\"https:\\\/\\\/www.inverseteams.com\\\/fr\\\/#website\"},\"primaryImageOfPage\":{\"@id\":\"https:\\\/\\\/www.inverseteams.com\\\/fr\\\/produit\\\/maillot-cyclisme-fed-catalana-triatlo\\\/#primaryimage\"},\"image\":{\"@id\":\"https:\\\/\\\/www.inverseteams.com\\\/fr\\\/produit\\\/maillot-cyclisme-fed-catalana-triatlo\\\/#primaryimage\"},\"thumbnailUrl\":\"https:\\\/\\\/www.inverseteams.com\\\/wp-content\\\/uploads\\\/INVERSE-FEDERACION-CATALANA-TRIATLON-MAILLOT-001.jpg\",\"datePublished\":\"2026-05-05T16:11:59+00:00\",\"dateModified\":\"2026-05-13T10:06:16+00:00\",\"description\":\"Maillot cyclisme FED CATALANA TRIATL\u00d3\",\"breadcrumb\":{\"@id\":\"https:\\\/\\\/www.inverseteams.com\\\/fr\\\/produit\\\/maillot-cyclisme-fed-catalana-triatlo\\\/#breadcrumb\"},\"inLanguage\":\"fr-FR\",\"potentialAction\":[{\"@type\":\"ReadAction\",\"target\":[\"https:\\\/\\\/www.inverseteams.com\\\/fr\\\/produit\\\/maillot-cyclisme-fed-catalana-triatlo\\\/\"]}]},{\"@type\":\"ImageObject\",\"inLanguage\":\"fr-FR\",\"@id\":\"https:\\\/\\\/www.inverseteams.com\\\/fr\\\/produit\\\/maillot-cyclisme-fed-catalana-triatlo\\\/#primaryimage\",\"url\":\"https:\\\/\\\/www.inverseteams.com\\\/wp-content\\\/uploads\\\/INVERSE-FEDERACION-CATALANA-TRIATLON-MAILLOT-001.jpg\",\"contentUrl\":\"https:\\\/\\\/www.inverseteams.com\\\/wp-content\\\/uploads\\\/INVERSE-FEDERACION-CATALANA-TRIATLON-MAILLOT-001.jpg\",\"width\":1500,\"height\":1612},{\"@type\":\"BreadcrumbList\",\"@id\":\"https:\\\/\\\/www.inverseteams.com\\\/fr\\\/produit\\\/maillot-cyclisme-fed-catalana-triatlo\\\/#breadcrumb\",\"itemListElement\":[{\"@type\":\"ListItem\",\"position\":1,\"name\":\"Portada\",\"item\":\"https:\\\/\\\/www.inverseteams.com\\\/fr\\\/pagina-principal\\\/\"},{\"@type\":\"ListItem\",\"position\":2,\"name\":\"Panier\",\"item\":\"https:\\\/\\\/www.inverseteams.com\\\/fr\\\/panier\\\/\"},{\"@type\":\"ListItem\",\"position\":3,\"name\":\"Maillot cyclisme FED CATALANA TRIATL\u00d3\"}]},{\"@type\":\"WebSite\",\"@id\":\"https:\\\/\\\/www.inverseteams.com\\\/fr\\\/#website\",\"url\":\"https:\\\/\\\/www.inverseteams.com\\\/fr\\\/\",\"name\":\"Inverseteams\",\"description\":\"Tu marca de ropa deportiva personalizada\",\"publisher\":{\"@id\":\"https:\\\/\\\/www.inverseteams.com\\\/fr\\\/#organization\"},\"potentialAction\":[{\"@type\":\"SearchAction\",\"target\":{\"@type\":\"EntryPoint\",\"urlTemplate\":\"https:\\\/\\\/www.inverseteams.com\\\/fr\\\/?s={search_term_string}\"},\"query-input\":{\"@type\":\"PropertyValueSpecification\",\"valueRequired\":true,\"valueName\":\"search_term_string\"}}],\"inLanguage\":\"fr-FR\"},{\"@type\":\"Organization\",\"@id\":\"https:\\\/\\\/www.inverseteams.com\\\/fr\\\/#organization\",\"name\":\"Inverse Teams\",\"url\":\"https:\\\/\\\/www.inverseteams.com\\\/fr\\\/\",\"logo\":{\"@type\":\"ImageObject\",\"inLanguage\":\"fr-FR\",\"@id\":\"https:\\\/\\\/www.inverseteams.com\\\/fr\\\/#\\\/schema\\\/logo\\\/image\\\/\",\"url\":\"https:\\\/\\\/www.inverseteams.com\\\/wp-content\\\/uploads\\\/2021\\\/03\\\/logo-inverse-teams.png\",\"contentUrl\":\"https:\\\/\\\/www.inverseteams.com\\\/wp-content\\\/uploads\\\/2021\\\/03\\\/logo-inverse-teams.png\",\"width\":294,\"height\":99,\"caption\":\"Inverse Teams\"},\"image\":{\"@id\":\"https:\\\/\\\/www.inverseteams.com\\\/fr\\\/#\\\/schema\\\/logo\\\/image\\\/\"},\"sameAs\":[\"https:\\\/\\\/www.facebook.com\\\/inverseteams\",\"http:\\\/\\\/instagram.com\\\/inverseteams\",\"https:\\\/\\\/www.linkedin.com\\\/company\\\/inverse-cirosport-s-l-?trk=job_view_topcard_company_name\",\"http:\\\/\\\/www.pinterest.com\\\/inverseteams\\\/\",\"http:\\\/\\\/www.youtube.com\\\/user\\\/inverseteams?feature=watch\"]}]}<\/script>\n<!-- \/ Yoast SEO plugin. -->","yoast_head_json":{"title":"Maillot cyclisme FED CATALANA TRIATL\u00d3","description":"Maillot cyclisme FED CATALANA TRIATL\u00d3","robots":{"index":"index","follow":"follow","max-snippet":"max-snippet:-1","max-image-preview":"max-image-preview:large","max-video-preview":"max-video-preview:-1"},"canonical":"https:\/\/www.inverseteams.com\/fr\/produit\/maillot-cyclisme-fed-catalana-triatlo\/","og_locale":"fr_FR","og_type":"article","og_title":"Maillot cyclisme personnalis\u00e9 KAIROS","og_description":"Maillot cycliste personnalis\u00e9 manche courte KAIROS. L\u00e9ger, polyvalent et fonctionnel. Id\u00e9al pour l'entra\u00eenement. Livraison sous 4 semaines. Demandez un budget !","og_url":"https:\/\/www.inverseteams.com\/fr\/produit\/maillot-cyclisme-fed-catalana-triatlo\/","og_site_name":"Inverseteams","article_publisher":"https:\/\/www.facebook.com\/inverseteams","article_modified_time":"2026-05-13T10:06:16+00:00","og_image":[{"width":1500,"height":1612,"url":"https:\/\/www.inverseteams.com\/wp-content\/uploads\/INVERSE-FEDERACION-CATALANA-TRIATLON-MAILLOT-001.jpg","type":"image\/jpeg"}],"twitter_card":"summary_large_image","twitter_misc":{"Dur\u00e9e de lecture estim\u00e9e":"2 minutes"},"schema":{"@context":"https:\/\/schema.org","@graph":[{"@type":"WebPage","@id":"https:\/\/www.inverseteams.com\/fr\/produit\/maillot-cyclisme-fed-catalana-triatlo\/","url":"https:\/\/www.inverseteams.com\/fr\/produit\/maillot-cyclisme-fed-catalana-triatlo\/","name":"Maillot cyclisme FED CATALANA TRIATL\u00d3","isPartOf":{"@id":"https:\/\/www.inverseteams.com\/fr\/#website"},"primaryImageOfPage":{"@id":"https:\/\/www.inverseteams.com\/fr\/produit\/maillot-cyclisme-fed-catalana-triatlo\/#primaryimage"},"image":{"@id":"https:\/\/www.inverseteams.com\/fr\/produit\/maillot-cyclisme-fed-catalana-triatlo\/#primaryimage"},"thumbnailUrl":"https:\/\/www.inverseteams.com\/wp-content\/uploads\/INVERSE-FEDERACION-CATALANA-TRIATLON-MAILLOT-001.jpg","datePublished":"2026-05-05T16:11:59+00:00","dateModified":"2026-05-13T10:06:16+00:00","description":"Maillot cyclisme FED CATALANA TRIATL\u00d3","breadcrumb":{"@id":"https:\/\/www.inverseteams.com\/fr\/produit\/maillot-cyclisme-fed-catalana-triatlo\/#breadcrumb"},"inLanguage":"fr-FR","potentialAction":[{"@type":"ReadAction","target":["https:\/\/www.inverseteams.com\/fr\/produit\/maillot-cyclisme-fed-catalana-triatlo\/"]}]},{"@type":"ImageObject","inLanguage":"fr-FR","@id":"https:\/\/www.inverseteams.com\/fr\/produit\/maillot-cyclisme-fed-catalana-triatlo\/#primaryimage","url":"https:\/\/www.inverseteams.com\/wp-content\/uploads\/INVERSE-FEDERACION-CATALANA-TRIATLON-MAILLOT-001.jpg","contentUrl":"https:\/\/www.inverseteams.com\/wp-content\/uploads\/INVERSE-FEDERACION-CATALANA-TRIATLON-MAILLOT-001.jpg","width":1500,"height":1612},{"@type":"BreadcrumbList","@id":"https:\/\/www.inverseteams.com\/fr\/produit\/maillot-cyclisme-fed-catalana-triatlo\/#breadcrumb","itemListElement":[{"@type":"ListItem","position":1,"name":"Portada","item":"https:\/\/www.inverseteams.com\/fr\/pagina-principal\/"},{"@type":"ListItem","position":2,"name":"Panier","item":"https:\/\/www.inverseteams.com\/fr\/panier\/"},{"@type":"ListItem","position":3,"name":"Maillot cyclisme FED CATALANA TRIATL\u00d3"}]},{"@type":"WebSite","@id":"https:\/\/www.inverseteams.com\/fr\/#website","url":"https:\/\/www.inverseteams.com\/fr\/","name":"Inverseteams","description":"Tu marca de ropa deportiva personalizada","publisher":{"@id":"https:\/\/www.inverseteams.com\/fr\/#organization"},"potentialAction":[{"@type":"SearchAction","target":{"@type":"EntryPoint","urlTemplate":"https:\/\/www.inverseteams.com\/fr\/?s={search_term_string}"},"query-input":{"@type":"PropertyValueSpecification","valueRequired":true,"valueName":"search_term_string"}}],"inLanguage":"fr-FR"},{"@type":"Organization","@id":"https:\/\/www.inverseteams.com\/fr\/#organization","name":"Inverse Teams","url":"https:\/\/www.inverseteams.com\/fr\/","logo":{"@type":"ImageObject","inLanguage":"fr-FR","@id":"https:\/\/www.inverseteams.com\/fr\/#\/schema\/logo\/image\/","url":"https:\/\/www.inverseteams.com\/wp-content\/uploads\/2021\/03\/logo-inverse-teams.png","contentUrl":"https:\/\/www.inverseteams.com\/wp-content\/uploads\/2021\/03\/logo-inverse-teams.png","width":294,"height":99,"caption":"Inverse Teams"},"image":{"@id":"https:\/\/www.inverseteams.com\/fr\/#\/schema\/logo\/image\/"},"sameAs":["https:\/\/www.facebook.com\/inverseteams","http:\/\/instagram.com\/inverseteams","https:\/\/www.linkedin.com\/company\/inverse-cirosport-s-l-?trk=job_view_topcard_company_name","http:\/\/www.pinterest.com\/inverseteams\/","http:\/\/www.youtube.com\/user\/inverseteams?feature=watch"]}]}},"_links":{"self":[{"href":"https:\/\/www.inverseteams.com\/fr\/wp-json\/wp\/v2\/product\/282166","targetHints":{"allow":["GET"]}}],"collection":[{"href":"https:\/\/www.inverseteams.com\/fr\/wp-json\/wp\/v2\/product"}],"about":[{"href":"https:\/\/www.inverseteams.com\/fr\/wp-json\/wp\/v2\/types\/product"}],"replies":[{"embeddable":true,"href":"https:\/\/www.inverseteams.com\/fr\/wp-json\/wp\/v2\/comments?post=282166"}],"wp:featuredmedia":[{"embeddable":true,"href":"https:\/\/www.inverseteams.com\/fr\/wp-json\/wp\/v2\/media\/281825"}],"wp:attachment":[{"href":"https:\/\/www.inverseteams.com\/fr\/wp-json\/wp\/v2\/media?parent=282166"}],"wp:term":[{"taxonomy":"product_brand","embeddable":true,"href":"https:\/\/www.inverseteams.com\/fr\/wp-json\/wp\/v2\/product_brand?post=282166"},{"taxonomy":"product_cat","embeddable":true,"href":"https:\/\/www.inverseteams.com\/fr\/wp-json\/wp\/v2\/product_cat?post=282166"},{"taxonomy":"product_tag","embeddable":true,"href":"https:\/\/www.inverseteams.com\/fr\/wp-json\/wp\/v2\/product_tag?post=282166"},{"taxonomy":"custom_category","embeddable":true,"href":"https:\/\/www.inverseteams.com\/fr\/wp-json\/wp\/v2\/custom_category?post=282166"},{"taxonomy":"range","embeddable":true,"href":"https:\/\/www.inverseteams.com\/fr\/wp-json\/wp\/v2\/range?post=282166"}],"curies":[{"name":"wp","href":"https:\/\/api.w.org\/{rel}","templated":true}]}}