{"id":281699,"date":"2026-04-30T17:36:31","date_gmt":"2026-04-30T16:36:31","guid":{"rendered":"https:\/\/www.inverseteams.com\/?post_type=product&#038;p=281699"},"modified":"2026-05-13T11:06:27","modified_gmt":"2026-05-13T10:06:27","slug":"cuissard-cycliste-fed-catalana-triatlo","status":"publish","type":"product","link":"https:\/\/www.inverseteams.com\/fr\/produit\/cuissard-cycliste-fed-catalana-triatlo\/","title":{"rendered":"Cuissard cycliste FED CATALANA TRIATL\u00d3"},"content":{"rendered":"<p><strong>Fabriqu\u00e9 sur commande sp\u00e9cialement pour vous. Les \u00e9changes et retours ne sont pas accept\u00e9s. Livraison estim\u00e9e sous 7 jours.<\/strong><\/p>\n<p>Le cuissard id\u00e9al pour l\u2019entra\u00eenement et la comp\u00e9tition. Son \u00e9lasticit\u00e9 et sa l\u00e9g\u00e8ret\u00e9 vous permettront une grande libert\u00e9 de mouvement. Le patron du cuissard cycliste personnalis\u00e9 est con\u00e7u pour s\u2019adapter parfaitement aux diff\u00e9rentes positions sur le v\u00e9lo sans opposer r\u00e9sistance.<br \/>\nLes bretelles plates microperfor\u00e9es vous aideront \u00e0 \u00e9vacuer la sueur pour vous sentir frais et sec en tout temps. Elles ont des trames en silicone dans la zone arri\u00e8re et les \u00e9paules qui maintiennent le maillot fermement accroch\u00e9 au corps.<br \/>\n\u00c0 l\u2019extr\u00e9mit\u00e9 des jambes, il y a une bande \u00e9lastique microperfor\u00e9e recouverte \u00e0 l\u2019int\u00e9rieur d\u2019un grip en silicone hypoallerg\u00e9nique. Cela maintient la pi\u00e8ce solidement attach\u00e9e \u00e0 la jambe et mod\u00e8re la transpiration. \u00c0 l\u2019ext\u00e9rieur, il y a des lignes r\u00e9fl\u00e9chissantes de 360\u00ba qui augmentent votre s\u00e9curit\u00e9 en r\u00e9fl\u00e9chissant les lumi\u00e8res des autres v\u00e9hicules.<\/p>\n","protected":false},"excerpt":{"rendered":"<p><strong>Fabriqu\u00e9 sur commande sp\u00e9cialement pour vous. Les \u00e9changes et retours ne sont pas accept\u00e9s. Livraison estim\u00e9e sous 7 jours.<\/strong><\/p>\n<p>Le cuissard id\u00e9al pour l\u2019entra\u00eenement et la comp\u00e9tition. Son \u00e9lasticit\u00e9 et sa l\u00e9g\u00e8ret\u00e9 vous permettront une grande libert\u00e9 de mouvement. Le patron du cuissard cycliste personnalis\u00e9 est con\u00e7u pour s\u2019adapter parfaitement aux diff\u00e9rentes positions sur le v\u00e9lo sans opposer r\u00e9sistance.<br \/>\nLes bretelles plates microperfor\u00e9es vous aideront \u00e0 \u00e9vacuer la sueur pour vous sentir frais et sec en tout temps. Elles ont des trames en silicone dans la zone arri\u00e8re et les \u00e9paules qui maintiennent le maillot fermement accroch\u00e9 au corps.<br \/>\n\u00c0 l\u2019extr\u00e9mit\u00e9 des jambes, il y a une bande \u00e9lastique microperfor\u00e9e recouverte \u00e0 l\u2019int\u00e9rieur d\u2019un grip en silicone hypoallerg\u00e9nique. Cela maintient la pi\u00e8ce solidement attach\u00e9e \u00e0 la jambe et mod\u00e8re la transpiration. \u00c0 l\u2019ext\u00e9rieur, il y a des lignes r\u00e9fl\u00e9chissantes de 360\u00ba qui augmentent votre s\u00e9curit\u00e9 en r\u00e9fl\u00e9chissant les lumi\u00e8res des autres v\u00e9hicules.<\/p>\n","protected":false},"featured_media":281805,"comment_status":"closed","ping_status":"closed","template":"","meta":{"_acf_changed":false},"product_brand":[],"product_cat":[24429],"product_tag":[],"custom_category":[],"range":[],"class_list":{"0":"post-281699","1":"product","2":"type-product","3":"status-publish","4":"has-post-thumbnail","6":"product_cat-federation-catalane-de-triathlon","7":"pa_climatologia-chaud","8":"pa_climatologia-temperature-chaude","9":"pa_deporte-cyclisme","10":"pa_genero-homme","11":"pa_genero-femme","12":"pa_patronaje-fit-fr","13":"pa_talla-m-fr","14":"pa_talla-s-fr","15":"pa_talla-xl-fr","16":"pa_talla-xs-fr","17":"pa_talla-xxl-fr","18":"pa_talla-3xl-fr-2","19":"pa_talla-4xl-fr","20":"pa_talla-l-fr","21":"pa_tipo-de-prenda-cuissard-velo-fr","23":"first","24":"instock","25":"taxable","26":"shipping-taxable","27":"purchasable","28":"product-type-variable"},"acf":[],"yoast_head":"<!-- This site is optimized with the Yoast SEO plugin v27.5 - https:\/\/yoast.com\/product\/yoast-seo-wordpress\/ -->\n<title>Cuissard cycliste FED CATALANA TRIATL\u00d3<\/title>\n<meta name=\"description\" content=\"Cuissard cycliste FED CATALANA TRIATL\u00d3\" \/>\n<meta name=\"robots\" content=\"index, follow, max-snippet:-1, max-image-preview:large, max-video-preview:-1\" \/>\n<link rel=\"canonical\" href=\"https:\/\/www.inverseteams.com\/fr\/produit\/cuissard-cycliste-fed-catalana-triatlo\/\" \/>\n<meta property=\"og:locale\" content=\"fr_FR\" \/>\n<meta property=\"og:type\" content=\"article\" \/>\n<meta property=\"og:title\" content=\"Cuissard cycliste personnalis\u00e9 KAIROS\" \/>\n<meta property=\"og:description\" content=\"Cuissard cycliste personnalis\u00e9 id\u00e9al pour l&#039;entra\u00eenement et la comp\u00e9tition. \u00c9lastique et l\u00e9ger. Grande libert\u00e9 de mouvement. Demandez un budget !\" \/>\n<meta property=\"og:url\" content=\"https:\/\/www.inverseteams.com\/fr\/produit\/cuissard-cycliste-fed-catalana-triatlo\/\" \/>\n<meta property=\"og:site_name\" content=\"Inverseteams\" \/>\n<meta property=\"article:publisher\" content=\"https:\/\/www.facebook.com\/inverseteams\" \/>\n<meta property=\"article:modified_time\" content=\"2026-05-13T10:06:27+00:00\" \/>\n<meta property=\"og:image\" content=\"https:\/\/www.inverseteams.com\/wp-content\/uploads\/INVERSE-FEDERACION-CATALANA-TRIATLON-CULOTTE-001.jpg\" \/>\n\t<meta property=\"og:image:width\" content=\"1500\" \/>\n\t<meta property=\"og:image:height\" content=\"1612\" \/>\n\t<meta property=\"og:image:type\" content=\"image\/jpeg\" \/>\n<meta name=\"twitter:card\" content=\"summary_large_image\" \/>\n<meta name=\"twitter:label1\" content=\"Dur\u00e9e de lecture estim\u00e9e\" \/>\n\t<meta name=\"twitter:data1\" content=\"1 minute\" \/>\n<script type=\"application\/ld+json\" class=\"yoast-schema-graph\">{\"@context\":\"https:\\\/\\\/schema.org\",\"@graph\":[{\"@type\":\"WebPage\",\"@id\":\"https:\\\/\\\/www.inverseteams.com\\\/fr\\\/produit\\\/cuissard-cycliste-fed-catalana-triatlo\\\/\",\"url\":\"https:\\\/\\\/www.inverseteams.com\\\/fr\\\/produit\\\/cuissard-cycliste-fed-catalana-triatlo\\\/\",\"name\":\"Cuissard cycliste FED CATALANA TRIATL\u00d3\",\"isPartOf\":{\"@id\":\"https:\\\/\\\/www.inverseteams.com\\\/fr\\\/#website\"},\"primaryImageOfPage\":{\"@id\":\"https:\\\/\\\/www.inverseteams.com\\\/fr\\\/produit\\\/cuissard-cycliste-fed-catalana-triatlo\\\/#primaryimage\"},\"image\":{\"@id\":\"https:\\\/\\\/www.inverseteams.com\\\/fr\\\/produit\\\/cuissard-cycliste-fed-catalana-triatlo\\\/#primaryimage\"},\"thumbnailUrl\":\"https:\\\/\\\/www.inverseteams.com\\\/wp-content\\\/uploads\\\/INVERSE-FEDERACION-CATALANA-TRIATLON-CULOTTE-001.jpg\",\"datePublished\":\"2026-04-30T16:36:31+00:00\",\"dateModified\":\"2026-05-13T10:06:27+00:00\",\"description\":\"Cuissard cycliste FED CATALANA TRIATL\u00d3\",\"breadcrumb\":{\"@id\":\"https:\\\/\\\/www.inverseteams.com\\\/fr\\\/produit\\\/cuissard-cycliste-fed-catalana-triatlo\\\/#breadcrumb\"},\"inLanguage\":\"fr-FR\",\"potentialAction\":[{\"@type\":\"ReadAction\",\"target\":[\"https:\\\/\\\/www.inverseteams.com\\\/fr\\\/produit\\\/cuissard-cycliste-fed-catalana-triatlo\\\/\"]}]},{\"@type\":\"ImageObject\",\"inLanguage\":\"fr-FR\",\"@id\":\"https:\\\/\\\/www.inverseteams.com\\\/fr\\\/produit\\\/cuissard-cycliste-fed-catalana-triatlo\\\/#primaryimage\",\"url\":\"https:\\\/\\\/www.inverseteams.com\\\/wp-content\\\/uploads\\\/INVERSE-FEDERACION-CATALANA-TRIATLON-CULOTTE-001.jpg\",\"contentUrl\":\"https:\\\/\\\/www.inverseteams.com\\\/wp-content\\\/uploads\\\/INVERSE-FEDERACION-CATALANA-TRIATLON-CULOTTE-001.jpg\",\"width\":1500,\"height\":1612},{\"@type\":\"BreadcrumbList\",\"@id\":\"https:\\\/\\\/www.inverseteams.com\\\/fr\\\/produit\\\/cuissard-cycliste-fed-catalana-triatlo\\\/#breadcrumb\",\"itemListElement\":[{\"@type\":\"ListItem\",\"position\":1,\"name\":\"Portada\",\"item\":\"https:\\\/\\\/www.inverseteams.com\\\/fr\\\/pagina-principal\\\/\"},{\"@type\":\"ListItem\",\"position\":2,\"name\":\"Panier\",\"item\":\"https:\\\/\\\/www.inverseteams.com\\\/fr\\\/panier\\\/\"},{\"@type\":\"ListItem\",\"position\":3,\"name\":\"Cuissard cycliste FED CATALANA TRIATL\u00d3\"}]},{\"@type\":\"WebSite\",\"@id\":\"https:\\\/\\\/www.inverseteams.com\\\/fr\\\/#website\",\"url\":\"https:\\\/\\\/www.inverseteams.com\\\/fr\\\/\",\"name\":\"Inverseteams\",\"description\":\"Tu marca de ropa deportiva personalizada\",\"publisher\":{\"@id\":\"https:\\\/\\\/www.inverseteams.com\\\/fr\\\/#organization\"},\"potentialAction\":[{\"@type\":\"SearchAction\",\"target\":{\"@type\":\"EntryPoint\",\"urlTemplate\":\"https:\\\/\\\/www.inverseteams.com\\\/fr\\\/?s={search_term_string}\"},\"query-input\":{\"@type\":\"PropertyValueSpecification\",\"valueRequired\":true,\"valueName\":\"search_term_string\"}}],\"inLanguage\":\"fr-FR\"},{\"@type\":\"Organization\",\"@id\":\"https:\\\/\\\/www.inverseteams.com\\\/fr\\\/#organization\",\"name\":\"Inverse Teams\",\"url\":\"https:\\\/\\\/www.inverseteams.com\\\/fr\\\/\",\"logo\":{\"@type\":\"ImageObject\",\"inLanguage\":\"fr-FR\",\"@id\":\"https:\\\/\\\/www.inverseteams.com\\\/fr\\\/#\\\/schema\\\/logo\\\/image\\\/\",\"url\":\"https:\\\/\\\/www.inverseteams.com\\\/wp-content\\\/uploads\\\/2021\\\/03\\\/logo-inverse-teams.png\",\"contentUrl\":\"https:\\\/\\\/www.inverseteams.com\\\/wp-content\\\/uploads\\\/2021\\\/03\\\/logo-inverse-teams.png\",\"width\":294,\"height\":99,\"caption\":\"Inverse Teams\"},\"image\":{\"@id\":\"https:\\\/\\\/www.inverseteams.com\\\/fr\\\/#\\\/schema\\\/logo\\\/image\\\/\"},\"sameAs\":[\"https:\\\/\\\/www.facebook.com\\\/inverseteams\",\"http:\\\/\\\/instagram.com\\\/inverseteams\",\"https:\\\/\\\/www.linkedin.com\\\/company\\\/inverse-cirosport-s-l-?trk=job_view_topcard_company_name\",\"http:\\\/\\\/www.pinterest.com\\\/inverseteams\\\/\",\"http:\\\/\\\/www.youtube.com\\\/user\\\/inverseteams?feature=watch\"]}]}<\/script>\n<!-- \/ Yoast SEO plugin. -->","yoast_head_json":{"title":"Cuissard cycliste FED CATALANA TRIATL\u00d3","description":"Cuissard cycliste FED CATALANA TRIATL\u00d3","robots":{"index":"index","follow":"follow","max-snippet":"max-snippet:-1","max-image-preview":"max-image-preview:large","max-video-preview":"max-video-preview:-1"},"canonical":"https:\/\/www.inverseteams.com\/fr\/produit\/cuissard-cycliste-fed-catalana-triatlo\/","og_locale":"fr_FR","og_type":"article","og_title":"Cuissard cycliste personnalis\u00e9 KAIROS","og_description":"Cuissard cycliste personnalis\u00e9 id\u00e9al pour l'entra\u00eenement et la comp\u00e9tition. \u00c9lastique et l\u00e9ger. Grande libert\u00e9 de mouvement. Demandez un budget !","og_url":"https:\/\/www.inverseteams.com\/fr\/produit\/cuissard-cycliste-fed-catalana-triatlo\/","og_site_name":"Inverseteams","article_publisher":"https:\/\/www.facebook.com\/inverseteams","article_modified_time":"2026-05-13T10:06:27+00:00","og_image":[{"width":1500,"height":1612,"url":"https:\/\/www.inverseteams.com\/wp-content\/uploads\/INVERSE-FEDERACION-CATALANA-TRIATLON-CULOTTE-001.jpg","type":"image\/jpeg"}],"twitter_card":"summary_large_image","twitter_misc":{"Dur\u00e9e de lecture estim\u00e9e":"1 minute"},"schema":{"@context":"https:\/\/schema.org","@graph":[{"@type":"WebPage","@id":"https:\/\/www.inverseteams.com\/fr\/produit\/cuissard-cycliste-fed-catalana-triatlo\/","url":"https:\/\/www.inverseteams.com\/fr\/produit\/cuissard-cycliste-fed-catalana-triatlo\/","name":"Cuissard cycliste FED CATALANA TRIATL\u00d3","isPartOf":{"@id":"https:\/\/www.inverseteams.com\/fr\/#website"},"primaryImageOfPage":{"@id":"https:\/\/www.inverseteams.com\/fr\/produit\/cuissard-cycliste-fed-catalana-triatlo\/#primaryimage"},"image":{"@id":"https:\/\/www.inverseteams.com\/fr\/produit\/cuissard-cycliste-fed-catalana-triatlo\/#primaryimage"},"thumbnailUrl":"https:\/\/www.inverseteams.com\/wp-content\/uploads\/INVERSE-FEDERACION-CATALANA-TRIATLON-CULOTTE-001.jpg","datePublished":"2026-04-30T16:36:31+00:00","dateModified":"2026-05-13T10:06:27+00:00","description":"Cuissard cycliste FED CATALANA TRIATL\u00d3","breadcrumb":{"@id":"https:\/\/www.inverseteams.com\/fr\/produit\/cuissard-cycliste-fed-catalana-triatlo\/#breadcrumb"},"inLanguage":"fr-FR","potentialAction":[{"@type":"ReadAction","target":["https:\/\/www.inverseteams.com\/fr\/produit\/cuissard-cycliste-fed-catalana-triatlo\/"]}]},{"@type":"ImageObject","inLanguage":"fr-FR","@id":"https:\/\/www.inverseteams.com\/fr\/produit\/cuissard-cycliste-fed-catalana-triatlo\/#primaryimage","url":"https:\/\/www.inverseteams.com\/wp-content\/uploads\/INVERSE-FEDERACION-CATALANA-TRIATLON-CULOTTE-001.jpg","contentUrl":"https:\/\/www.inverseteams.com\/wp-content\/uploads\/INVERSE-FEDERACION-CATALANA-TRIATLON-CULOTTE-001.jpg","width":1500,"height":1612},{"@type":"BreadcrumbList","@id":"https:\/\/www.inverseteams.com\/fr\/produit\/cuissard-cycliste-fed-catalana-triatlo\/#breadcrumb","itemListElement":[{"@type":"ListItem","position":1,"name":"Portada","item":"https:\/\/www.inverseteams.com\/fr\/pagina-principal\/"},{"@type":"ListItem","position":2,"name":"Panier","item":"https:\/\/www.inverseteams.com\/fr\/panier\/"},{"@type":"ListItem","position":3,"name":"Cuissard cycliste FED CATALANA TRIATL\u00d3"}]},{"@type":"WebSite","@id":"https:\/\/www.inverseteams.com\/fr\/#website","url":"https:\/\/www.inverseteams.com\/fr\/","name":"Inverseteams","description":"Tu marca de ropa deportiva personalizada","publisher":{"@id":"https:\/\/www.inverseteams.com\/fr\/#organization"},"potentialAction":[{"@type":"SearchAction","target":{"@type":"EntryPoint","urlTemplate":"https:\/\/www.inverseteams.com\/fr\/?s={search_term_string}"},"query-input":{"@type":"PropertyValueSpecification","valueRequired":true,"valueName":"search_term_string"}}],"inLanguage":"fr-FR"},{"@type":"Organization","@id":"https:\/\/www.inverseteams.com\/fr\/#organization","name":"Inverse Teams","url":"https:\/\/www.inverseteams.com\/fr\/","logo":{"@type":"ImageObject","inLanguage":"fr-FR","@id":"https:\/\/www.inverseteams.com\/fr\/#\/schema\/logo\/image\/","url":"https:\/\/www.inverseteams.com\/wp-content\/uploads\/2021\/03\/logo-inverse-teams.png","contentUrl":"https:\/\/www.inverseteams.com\/wp-content\/uploads\/2021\/03\/logo-inverse-teams.png","width":294,"height":99,"caption":"Inverse Teams"},"image":{"@id":"https:\/\/www.inverseteams.com\/fr\/#\/schema\/logo\/image\/"},"sameAs":["https:\/\/www.facebook.com\/inverseteams","http:\/\/instagram.com\/inverseteams","https:\/\/www.linkedin.com\/company\/inverse-cirosport-s-l-?trk=job_view_topcard_company_name","http:\/\/www.pinterest.com\/inverseteams\/","http:\/\/www.youtube.com\/user\/inverseteams?feature=watch"]}]}},"_links":{"self":[{"href":"https:\/\/www.inverseteams.com\/fr\/wp-json\/wp\/v2\/product\/281699","targetHints":{"allow":["GET"]}}],"collection":[{"href":"https:\/\/www.inverseteams.com\/fr\/wp-json\/wp\/v2\/product"}],"about":[{"href":"https:\/\/www.inverseteams.com\/fr\/wp-json\/wp\/v2\/types\/product"}],"replies":[{"embeddable":true,"href":"https:\/\/www.inverseteams.com\/fr\/wp-json\/wp\/v2\/comments?post=281699"}],"wp:featuredmedia":[{"embeddable":true,"href":"https:\/\/www.inverseteams.com\/fr\/wp-json\/wp\/v2\/media\/281805"}],"wp:attachment":[{"href":"https:\/\/www.inverseteams.com\/fr\/wp-json\/wp\/v2\/media?parent=281699"}],"wp:term":[{"taxonomy":"product_brand","embeddable":true,"href":"https:\/\/www.inverseteams.com\/fr\/wp-json\/wp\/v2\/product_brand?post=281699"},{"taxonomy":"product_cat","embeddable":true,"href":"https:\/\/www.inverseteams.com\/fr\/wp-json\/wp\/v2\/product_cat?post=281699"},{"taxonomy":"product_tag","embeddable":true,"href":"https:\/\/www.inverseteams.com\/fr\/wp-json\/wp\/v2\/product_tag?post=281699"},{"taxonomy":"custom_category","embeddable":true,"href":"https:\/\/www.inverseteams.com\/fr\/wp-json\/wp\/v2\/custom_category?post=281699"},{"taxonomy":"range","embeddable":true,"href":"https:\/\/www.inverseteams.com\/fr\/wp-json\/wp\/v2\/range?post=281699"}],"curies":[{"name":"wp","href":"https:\/\/api.w.org\/{rel}","templated":true}]}}