{"id":281367,"date":"2026-04-27T08:49:40","date_gmt":"2026-04-27T07:49:40","guid":{"rendered":"https:\/\/www.inverseteams.com\/?post_type=product&#038;p=281367"},"modified":"2026-04-27T13:39:32","modified_gmt":"2026-04-27T12:39:32","slug":"t-shirt-titan-desert-morocco-papaya","status":"publish","type":"product","link":"https:\/\/www.inverseteams.com\/fr\/produit\/t-shirt-titan-desert-morocco-papaya\/","title":{"rendered":"T-shirt TITAN DESERT MOROCCO PAPAYA"},"content":{"rendered":"<p data-start=\"1646\" data-end=\"1989\"><strong>Les livraisons d\u00e9buteront le lundi 11 mai.<\/strong><\/p>\n<p data-start=\"1646\" data-end=\"1989\">Ressentez l\u2019esprit de l\u2019aventure \u00e0 chaque instant avec ce t-shirt officiel de la Titan Desert Morocco. Confectionn\u00e9 en coton doux et respirant avec un effet d\u00e9lav\u00e9, il est con\u00e7u pour vous accompagner aussi bien dans vos journ\u00e9es actives que dans vos moments de repos, en vous rappelant toujours que les limites sont faites pour \u00eatre d\u00e9pass\u00e9es.<br \/>\nInspir\u00e9 par la duret\u00e9 et la beaut\u00e9 du d\u00e9sert, ce v\u00eatement est bien plus qu\u2019un simple t-shirt : c\u2019est un symbole de r\u00e9sistance, de d\u00e9termination et de passion pour les d\u00e9fis. Son design \u00e9voque l\u2019essence de l\u2019une des \u00e9preuves les plus exigeantes au monde, o\u00f9 chaque participant \u00e9crit sa propre histoire de d\u00e9passement sous le soleil.<br \/>\nEmportez-le avec vous et connectez-vous \u00e0 cet \u00e9tat d\u2019esprit inarr\u00eatable. Car il n\u2019est pas n\u00e9cessaire d\u2019\u00eatre au Maroc pour vivre la Titan : il suffit de ne jamais abandonner.<\/p>\n","protected":false},"excerpt":{"rendered":"<p><strong>Les livraisons d\u00e9buteront le lundi 11 mai.<\/strong><\/p>\n<p>Ressentez l\u2019esprit de l\u2019aventure \u00e0 chaque instant avec ce t-shirt officiel de la Titan Desert Morocco. Confectionn\u00e9 en coton doux et respirant avec un effet d\u00e9lav\u00e9, il est con\u00e7u pour vous accompagner aussi bien dans vos journ\u00e9es actives que dans vos moments de repos, en vous rappelant toujours que les limites sont faites pour \u00eatre d\u00e9pass\u00e9es.<br \/>\nInspir\u00e9 par la duret\u00e9 et la beaut\u00e9 du d\u00e9sert, ce v\u00eatement est bien plus qu\u2019un simple t-shirt : c\u2019est un symbole de r\u00e9sistance, de d\u00e9termination et de passion pour les d\u00e9fis. Son design \u00e9voque l\u2019essence de l\u2019une des \u00e9preuves les plus exigeantes au monde, o\u00f9 chaque participant \u00e9crit sa propre histoire de d\u00e9passement sous le soleil.<br \/>\nEmportez-le avec vous et connectez-vous \u00e0 cet \u00e9tat d\u2019esprit inarr\u00eatable. Car il n\u2019est pas n\u00e9cessaire d\u2019\u00eatre au Maroc pour vivre la Titan : il suffit de ne jamais abandonner.<\/p>\n","protected":false},"featured_media":281566,"comment_status":"closed","ping_status":"closed","template":"","meta":{"_acf_changed":false},"product_brand":[],"product_cat":[24230],"product_tag":[],"custom_category":[],"range":[],"class_list":{"0":"post-281367","1":"product","2":"type-product","3":"status-publish","4":"has-post-thumbnail","6":"product_cat-titan-desert-morocco","7":"pa_climatologia-chaud","8":"pa_deporte-casual-fr","9":"pa_genero-unisexe","10":"pa_patronaje-casual-fr","11":"pa_talla-l-fr","12":"pa_talla-m-fr","13":"pa_talla-s-fr","14":"pa_talla-xl-fr","15":"pa_tipo-de-prenda-t-shirt-fr","17":"first","18":"instock","19":"taxable","20":"shipping-taxable","21":"purchasable","22":"product-type-variable"},"acf":[],"yoast_head":"<!-- This site is optimized with the Yoast SEO plugin v27.3 - https:\/\/yoast.com\/product\/yoast-seo-wordpress\/ -->\n<title>T-shirt TITAN DESERT MOROCCO PAPAYA<\/title>\n<meta name=\"description\" content=\"Ressentez l\u2019esprit de l\u2019aventure \u00e0 chaque instant avec ce t-shirt officiel de la Titan Desert Morocco.\" \/>\n<meta name=\"robots\" content=\"index, follow, max-snippet:-1, max-image-preview:large, max-video-preview:-1\" \/>\n<link rel=\"canonical\" href=\"https:\/\/www.inverseteams.com\/fr\/produit\/t-shirt-titan-desert-morocco-papaya\/\" \/>\n<meta property=\"og:locale\" content=\"fr_FR\" \/>\n<meta property=\"og:type\" content=\"article\" \/>\n<meta property=\"og:title\" content=\"T-shirt TITAN DESERT MOROCCO PAPAYA\" \/>\n<meta property=\"og:description\" content=\"Ressentez l\u2019esprit de l\u2019aventure \u00e0 chaque instant avec ce t-shirt officiel de la Titan Desert Morocco.\" \/>\n<meta property=\"og:url\" content=\"https:\/\/www.inverseteams.com\/fr\/produit\/t-shirt-titan-desert-morocco-papaya\/\" \/>\n<meta property=\"og:site_name\" content=\"Inverseteams\" \/>\n<meta property=\"article:publisher\" content=\"https:\/\/www.facebook.com\/inverseteams\" \/>\n<meta property=\"article:modified_time\" content=\"2026-04-27T12:39:32+00:00\" \/>\n<meta property=\"og:image\" content=\"https:\/\/www.inverseteams.com\/wp-content\/uploads\/INVERSE-TITAN-DESERT-CAMISETA-001.jpg\" \/>\n\t<meta property=\"og:image:width\" content=\"1500\" \/>\n\t<meta property=\"og:image:height\" content=\"1612\" \/>\n\t<meta property=\"og:image:type\" content=\"image\/jpeg\" \/>\n<meta name=\"twitter:card\" content=\"summary_large_image\" \/>\n<meta name=\"twitter:label1\" content=\"Dur\u00e9e de lecture estim\u00e9e\" \/>\n\t<meta name=\"twitter:data1\" content=\"1 minute\" \/>\n<script type=\"application\/ld+json\" class=\"yoast-schema-graph\">{\"@context\":\"https:\\\/\\\/schema.org\",\"@graph\":[{\"@type\":\"WebPage\",\"@id\":\"https:\\\/\\\/www.inverseteams.com\\\/fr\\\/produit\\\/t-shirt-titan-desert-morocco-papaya\\\/\",\"url\":\"https:\\\/\\\/www.inverseteams.com\\\/fr\\\/produit\\\/t-shirt-titan-desert-morocco-papaya\\\/\",\"name\":\"T-shirt TITAN DESERT MOROCCO PAPAYA\",\"isPartOf\":{\"@id\":\"https:\\\/\\\/www.inverseteams.com\\\/fr\\\/#website\"},\"primaryImageOfPage\":{\"@id\":\"https:\\\/\\\/www.inverseteams.com\\\/fr\\\/produit\\\/t-shirt-titan-desert-morocco-papaya\\\/#primaryimage\"},\"image\":{\"@id\":\"https:\\\/\\\/www.inverseteams.com\\\/fr\\\/produit\\\/t-shirt-titan-desert-morocco-papaya\\\/#primaryimage\"},\"thumbnailUrl\":\"https:\\\/\\\/www.inverseteams.com\\\/wp-content\\\/uploads\\\/INVERSE-TITAN-DESERT-CAMISETA-001.jpg\",\"datePublished\":\"2026-04-27T07:49:40+00:00\",\"dateModified\":\"2026-04-27T12:39:32+00:00\",\"description\":\"Ressentez l\u2019esprit de l\u2019aventure \u00e0 chaque instant avec ce t-shirt officiel de la Titan Desert Morocco.\",\"breadcrumb\":{\"@id\":\"https:\\\/\\\/www.inverseteams.com\\\/fr\\\/produit\\\/t-shirt-titan-desert-morocco-papaya\\\/#breadcrumb\"},\"inLanguage\":\"fr-FR\",\"potentialAction\":[{\"@type\":\"ReadAction\",\"target\":[\"https:\\\/\\\/www.inverseteams.com\\\/fr\\\/produit\\\/t-shirt-titan-desert-morocco-papaya\\\/\"]}]},{\"@type\":\"ImageObject\",\"inLanguage\":\"fr-FR\",\"@id\":\"https:\\\/\\\/www.inverseteams.com\\\/fr\\\/produit\\\/t-shirt-titan-desert-morocco-papaya\\\/#primaryimage\",\"url\":\"https:\\\/\\\/www.inverseteams.com\\\/wp-content\\\/uploads\\\/INVERSE-TITAN-DESERT-CAMISETA-001.jpg\",\"contentUrl\":\"https:\\\/\\\/www.inverseteams.com\\\/wp-content\\\/uploads\\\/INVERSE-TITAN-DESERT-CAMISETA-001.jpg\",\"width\":1500,\"height\":1612},{\"@type\":\"BreadcrumbList\",\"@id\":\"https:\\\/\\\/www.inverseteams.com\\\/fr\\\/produit\\\/t-shirt-titan-desert-morocco-papaya\\\/#breadcrumb\",\"itemListElement\":[{\"@type\":\"ListItem\",\"position\":1,\"name\":\"Portada\",\"item\":\"https:\\\/\\\/www.inverseteams.com\\\/fr\\\/pagina-principal\\\/\"},{\"@type\":\"ListItem\",\"position\":2,\"name\":\"Panier\",\"item\":\"https:\\\/\\\/www.inverseteams.com\\\/fr\\\/panier\\\/\"},{\"@type\":\"ListItem\",\"position\":3,\"name\":\"T-shirt TITAN DESERT MOROCCO PAPAYA\"}]},{\"@type\":\"WebSite\",\"@id\":\"https:\\\/\\\/www.inverseteams.com\\\/fr\\\/#website\",\"url\":\"https:\\\/\\\/www.inverseteams.com\\\/fr\\\/\",\"name\":\"Inverseteams\",\"description\":\"Tu marca de ropa deportiva personalizada\",\"publisher\":{\"@id\":\"https:\\\/\\\/www.inverseteams.com\\\/fr\\\/#organization\"},\"potentialAction\":[{\"@type\":\"SearchAction\",\"target\":{\"@type\":\"EntryPoint\",\"urlTemplate\":\"https:\\\/\\\/www.inverseteams.com\\\/fr\\\/?s={search_term_string}\"},\"query-input\":{\"@type\":\"PropertyValueSpecification\",\"valueRequired\":true,\"valueName\":\"search_term_string\"}}],\"inLanguage\":\"fr-FR\"},{\"@type\":\"Organization\",\"@id\":\"https:\\\/\\\/www.inverseteams.com\\\/fr\\\/#organization\",\"name\":\"Inverse Teams\",\"url\":\"https:\\\/\\\/www.inverseteams.com\\\/fr\\\/\",\"logo\":{\"@type\":\"ImageObject\",\"inLanguage\":\"fr-FR\",\"@id\":\"https:\\\/\\\/www.inverseteams.com\\\/fr\\\/#\\\/schema\\\/logo\\\/image\\\/\",\"url\":\"https:\\\/\\\/www.inverseteams.com\\\/wp-content\\\/uploads\\\/2021\\\/03\\\/logo-inverse-teams.png\",\"contentUrl\":\"https:\\\/\\\/www.inverseteams.com\\\/wp-content\\\/uploads\\\/2021\\\/03\\\/logo-inverse-teams.png\",\"width\":294,\"height\":99,\"caption\":\"Inverse Teams\"},\"image\":{\"@id\":\"https:\\\/\\\/www.inverseteams.com\\\/fr\\\/#\\\/schema\\\/logo\\\/image\\\/\"},\"sameAs\":[\"https:\\\/\\\/www.facebook.com\\\/inverseteams\",\"http:\\\/\\\/instagram.com\\\/inverseteams\",\"https:\\\/\\\/www.linkedin.com\\\/company\\\/inverse-cirosport-s-l-?trk=job_view_topcard_company_name\",\"http:\\\/\\\/www.pinterest.com\\\/inverseteams\\\/\",\"http:\\\/\\\/www.youtube.com\\\/user\\\/inverseteams?feature=watch\"]}]}<\/script>\n<!-- \/ Yoast SEO plugin. -->","yoast_head_json":{"title":"T-shirt TITAN DESERT MOROCCO PAPAYA","description":"Ressentez l\u2019esprit de l\u2019aventure \u00e0 chaque instant avec ce t-shirt officiel de la Titan Desert Morocco.","robots":{"index":"index","follow":"follow","max-snippet":"max-snippet:-1","max-image-preview":"max-image-preview:large","max-video-preview":"max-video-preview:-1"},"canonical":"https:\/\/www.inverseteams.com\/fr\/produit\/t-shirt-titan-desert-morocco-papaya\/","og_locale":"fr_FR","og_type":"article","og_title":"T-shirt TITAN DESERT MOROCCO PAPAYA","og_description":"Ressentez l\u2019esprit de l\u2019aventure \u00e0 chaque instant avec ce t-shirt officiel de la Titan Desert Morocco.","og_url":"https:\/\/www.inverseteams.com\/fr\/produit\/t-shirt-titan-desert-morocco-papaya\/","og_site_name":"Inverseteams","article_publisher":"https:\/\/www.facebook.com\/inverseteams","article_modified_time":"2026-04-27T12:39:32+00:00","og_image":[{"width":1500,"height":1612,"url":"https:\/\/www.inverseteams.com\/wp-content\/uploads\/INVERSE-TITAN-DESERT-CAMISETA-001.jpg","type":"image\/jpeg"}],"twitter_card":"summary_large_image","twitter_misc":{"Dur\u00e9e de lecture estim\u00e9e":"1 minute"},"schema":{"@context":"https:\/\/schema.org","@graph":[{"@type":"WebPage","@id":"https:\/\/www.inverseteams.com\/fr\/produit\/t-shirt-titan-desert-morocco-papaya\/","url":"https:\/\/www.inverseteams.com\/fr\/produit\/t-shirt-titan-desert-morocco-papaya\/","name":"T-shirt TITAN DESERT MOROCCO PAPAYA","isPartOf":{"@id":"https:\/\/www.inverseteams.com\/fr\/#website"},"primaryImageOfPage":{"@id":"https:\/\/www.inverseteams.com\/fr\/produit\/t-shirt-titan-desert-morocco-papaya\/#primaryimage"},"image":{"@id":"https:\/\/www.inverseteams.com\/fr\/produit\/t-shirt-titan-desert-morocco-papaya\/#primaryimage"},"thumbnailUrl":"https:\/\/www.inverseteams.com\/wp-content\/uploads\/INVERSE-TITAN-DESERT-CAMISETA-001.jpg","datePublished":"2026-04-27T07:49:40+00:00","dateModified":"2026-04-27T12:39:32+00:00","description":"Ressentez l\u2019esprit de l\u2019aventure \u00e0 chaque instant avec ce t-shirt officiel de la Titan Desert Morocco.","breadcrumb":{"@id":"https:\/\/www.inverseteams.com\/fr\/produit\/t-shirt-titan-desert-morocco-papaya\/#breadcrumb"},"inLanguage":"fr-FR","potentialAction":[{"@type":"ReadAction","target":["https:\/\/www.inverseteams.com\/fr\/produit\/t-shirt-titan-desert-morocco-papaya\/"]}]},{"@type":"ImageObject","inLanguage":"fr-FR","@id":"https:\/\/www.inverseteams.com\/fr\/produit\/t-shirt-titan-desert-morocco-papaya\/#primaryimage","url":"https:\/\/www.inverseteams.com\/wp-content\/uploads\/INVERSE-TITAN-DESERT-CAMISETA-001.jpg","contentUrl":"https:\/\/www.inverseteams.com\/wp-content\/uploads\/INVERSE-TITAN-DESERT-CAMISETA-001.jpg","width":1500,"height":1612},{"@type":"BreadcrumbList","@id":"https:\/\/www.inverseteams.com\/fr\/produit\/t-shirt-titan-desert-morocco-papaya\/#breadcrumb","itemListElement":[{"@type":"ListItem","position":1,"name":"Portada","item":"https:\/\/www.inverseteams.com\/fr\/pagina-principal\/"},{"@type":"ListItem","position":2,"name":"Panier","item":"https:\/\/www.inverseteams.com\/fr\/panier\/"},{"@type":"ListItem","position":3,"name":"T-shirt TITAN DESERT MOROCCO PAPAYA"}]},{"@type":"WebSite","@id":"https:\/\/www.inverseteams.com\/fr\/#website","url":"https:\/\/www.inverseteams.com\/fr\/","name":"Inverseteams","description":"Tu marca de ropa deportiva personalizada","publisher":{"@id":"https:\/\/www.inverseteams.com\/fr\/#organization"},"potentialAction":[{"@type":"SearchAction","target":{"@type":"EntryPoint","urlTemplate":"https:\/\/www.inverseteams.com\/fr\/?s={search_term_string}"},"query-input":{"@type":"PropertyValueSpecification","valueRequired":true,"valueName":"search_term_string"}}],"inLanguage":"fr-FR"},{"@type":"Organization","@id":"https:\/\/www.inverseteams.com\/fr\/#organization","name":"Inverse Teams","url":"https:\/\/www.inverseteams.com\/fr\/","logo":{"@type":"ImageObject","inLanguage":"fr-FR","@id":"https:\/\/www.inverseteams.com\/fr\/#\/schema\/logo\/image\/","url":"https:\/\/www.inverseteams.com\/wp-content\/uploads\/2021\/03\/logo-inverse-teams.png","contentUrl":"https:\/\/www.inverseteams.com\/wp-content\/uploads\/2021\/03\/logo-inverse-teams.png","width":294,"height":99,"caption":"Inverse Teams"},"image":{"@id":"https:\/\/www.inverseteams.com\/fr\/#\/schema\/logo\/image\/"},"sameAs":["https:\/\/www.facebook.com\/inverseteams","http:\/\/instagram.com\/inverseteams","https:\/\/www.linkedin.com\/company\/inverse-cirosport-s-l-?trk=job_view_topcard_company_name","http:\/\/www.pinterest.com\/inverseteams\/","http:\/\/www.youtube.com\/user\/inverseteams?feature=watch"]}]}},"_links":{"self":[{"href":"https:\/\/www.inverseteams.com\/fr\/wp-json\/wp\/v2\/product\/281367","targetHints":{"allow":["GET"]}}],"collection":[{"href":"https:\/\/www.inverseteams.com\/fr\/wp-json\/wp\/v2\/product"}],"about":[{"href":"https:\/\/www.inverseteams.com\/fr\/wp-json\/wp\/v2\/types\/product"}],"replies":[{"embeddable":true,"href":"https:\/\/www.inverseteams.com\/fr\/wp-json\/wp\/v2\/comments?post=281367"}],"wp:featuredmedia":[{"embeddable":true,"href":"https:\/\/www.inverseteams.com\/fr\/wp-json\/wp\/v2\/media\/281566"}],"wp:attachment":[{"href":"https:\/\/www.inverseteams.com\/fr\/wp-json\/wp\/v2\/media?parent=281367"}],"wp:term":[{"taxonomy":"product_brand","embeddable":true,"href":"https:\/\/www.inverseteams.com\/fr\/wp-json\/wp\/v2\/product_brand?post=281367"},{"taxonomy":"product_cat","embeddable":true,"href":"https:\/\/www.inverseteams.com\/fr\/wp-json\/wp\/v2\/product_cat?post=281367"},{"taxonomy":"product_tag","embeddable":true,"href":"https:\/\/www.inverseteams.com\/fr\/wp-json\/wp\/v2\/product_tag?post=281367"},{"taxonomy":"custom_category","embeddable":true,"href":"https:\/\/www.inverseteams.com\/fr\/wp-json\/wp\/v2\/custom_category?post=281367"},{"taxonomy":"range","embeddable":true,"href":"https:\/\/www.inverseteams.com\/fr\/wp-json\/wp\/v2\/range?post=281367"}],"curies":[{"name":"wp","href":"https:\/\/api.w.org\/{rel}","templated":true}]}}