{"id":280471,"date":"2026-03-15T13:09:59","date_gmt":"2026-03-15T12:09:59","guid":{"rendered":"https:\/\/www.inverseteams.com\/?post_type=product&#038;p=280471"},"modified":"2026-03-15T14:38:48","modified_gmt":"2026-03-15T13:38:48","slug":"chaussettes-de-sport-motion-fiyi-black","status":"publish","type":"product","link":"https:\/\/www.inverseteams.com\/fr\/produit\/chaussettes-de-sport-motion-fiyi-black\/","title":{"rendered":"Chaussettes de sport MOTION FIYI BLACK"},"content":{"rendered":"<p data-start=\"2388\" data-end=\"2668\">Les chaussettes MOTION FIYI sont polyvalentes et multi-usages, con\u00e7ues pour offrir <strong data-start=\"2584\" data-end=\"2624\">confort, respirabilit\u00e9 et protection<\/strong> pour le <strong data-start=\"2633\" data-end=\"2665\">cyclisme et la course \u00e0 pied<\/strong>.<br \/>\nAvec une hauteur de tige de 20 cm, ces chaussettes offrent un maintien et une couverture optimaux pendant vos sorties ou entra\u00eenements. La <strong data-start=\"2813\" data-end=\"2864\">maille plus ouverte dans les zones strat\u00e9giques<\/strong> facilite <strong data-start=\"2874\" data-end=\"2910\">l\u2019\u00e9vacuation de la transpiration<\/strong>, gardant vos pieds secs et frais m\u00eame lors d\u2019efforts intenses.<br \/>\nElles poss\u00e8dent des <strong data-start=\"2997\" data-end=\"3030\">zones renforc\u00e9es en bouclette<\/strong> \u00e0 l\u2019orteil, \u00e0 la vo\u00fbte plantaire et au tendon d\u2019Achille, offrant <strong data-start=\"3096\" data-end=\"3124\">durabilit\u00e9 et protection<\/strong> dans les zones les plus sollicit\u00e9es lors du p\u00e9dalage ou de la course.<br \/>\nLes MOTION FIYI sont le choix id\u00e9al pour ceux qui recherchent des <strong data-start=\"3264\" data-end=\"3326\">chaussettes de sport confortables, respirantes et durables<\/strong>, parfaites pour le <strong data-start=\"3346\" data-end=\"3403\">cyclisme, la course \u00e0 pied et l\u2019entra\u00eenement intensif<\/strong>, alliant maintien, ventilation et long\u00e9vit\u00e9 \u00e0 chaque pas.<\/p>\n","protected":false},"excerpt":{"rendered":"<p>Les chaussettes MOTION FIYI sont polyvalentes et multi-usages, con\u00e7ues pour offrir <strong data-start=\"2584\" data-end=\"2624\">confort, respirabilit\u00e9 et protection<\/strong> pour le <strong data-start=\"2633\" data-end=\"2665\">cyclisme et la course \u00e0 pied<\/strong>.<br \/>\nAvec une hauteur de tige de 20 cm, ces chaussettes offrent un maintien et une couverture optimaux pendant vos sorties ou entra\u00eenements. La <strong data-start=\"2813\" data-end=\"2864\">maille plus ouverte dans les zones strat\u00e9giques<\/strong> facilite <strong data-start=\"2874\" data-end=\"2910\">l\u2019\u00e9vacuation de la transpiration<\/strong>, gardant vos pieds secs et frais m\u00eame lors d\u2019efforts intenses.<br \/>\nElles poss\u00e8dent des <strong data-start=\"2997\" data-end=\"3030\">zones renforc\u00e9es en bouclette<\/strong> \u00e0 l\u2019orteil, \u00e0 la vo\u00fbte plantaire et au tendon d\u2019Achille, offrant <strong data-start=\"3096\" data-end=\"3124\">durabilit\u00e9 et protection<\/strong> dans les zones les plus sollicit\u00e9es lors du p\u00e9dalage ou de la course.<br \/>\nLes MOTION FIYI sont le choix id\u00e9al pour ceux qui recherchent des <strong data-start=\"3264\" data-end=\"3326\">chaussettes de sport confortables, respirantes et durables<\/strong>, parfaites pour le <strong data-start=\"3346\" data-end=\"3403\">cyclisme, la course \u00e0 pied et l\u2019entra\u00eenement intensif<\/strong>, alliant maintien, ventilation et long\u00e9vit\u00e9 \u00e0 chaque pas.<\/p>\n","protected":false},"featured_media":280415,"comment_status":"closed","ping_status":"closed","template":"","meta":{"_acf_changed":false},"product_brand":[],"product_cat":[3230,9949,3301,3298,7177],"product_tag":[],"custom_category":[],"range":[],"class_list":{"0":"post-280471","1":"product","2":"type-product","3":"status-publish","4":"has-post-thumbnail","6":"product_cat-cyclisme-fr","7":"product_cat-gravel-fr","8":"product_cat-calcetines-fr","9":"product_cat-accessoires-fr","10":"product_cat-b2b-fr","11":"pa_climatologia-chaud","12":"pa_climatologia-temperature-chaude","13":"pa_deporte-casual-fr","14":"pa_deporte-cyclisme","15":"pa_deporte-ocr-fr","16":"pa_deporte-running-fr","17":"pa_deporte-trail-fr","18":"pa_genero-infantile-fr","19":"pa_genero-homme","20":"pa_genero-femme","21":"pa_talla-l-xl-fr","22":"pa_talla-s-m-fr","23":"pa_tipo-de-prenda-chaussette","25":"first","26":"instock","27":"taxable","28":"shipping-taxable","29":"purchasable","30":"product-type-variable","31":"has-default-attributes"},"acf":[],"yoast_head":"<!-- This site is optimized with the Yoast SEO plugin v27.3 - https:\/\/yoast.com\/product\/yoast-seo-wordpress\/ -->\n<title>Chaussettes de sport MOTION FIYI BLACK<\/title>\n<meta name=\"description\" content=\"Les chaussettes MOTION FIYI sont polyvalentes et multi-usages, con\u00e7ues pour offrir confort, respirabilit\u00e9 et protection pour le cyclisme et la course \u00e0 pied. Avec une hauteur de tige de 20 cm, ces chaussettes offrent un maintien et une couverture optimaux pendant vos sorties ou entra\u00eenements. La maille plus ouverte dans les zones strat\u00e9giques facilite l\u2019\u00e9vacuation de la transpiration, gardant vos pieds secs et frais m\u00eame lors d\u2019efforts intenses. Elles poss\u00e8dent des zones renforc\u00e9es en bouclette \u00e0 l\u2019orteil, \u00e0 la vo\u00fbte plantaire et au tendon d\u2019Achille, offrant durabilit\u00e9 et protection dans les zones les plus sollicit\u00e9es lors du p\u00e9dalage ou de la course. Les MOTION FIYI sont le choix id\u00e9al pour ceux qui recherchent des chaussettes de sport confortables, respirantes et durables, parfaites pour le cyclisme, la course \u00e0 pied et l\u2019entra\u00eenement intensif, alliant maintien, ventilation et long\u00e9vit\u00e9 \u00e0 chaque pas.\" \/>\n<meta name=\"robots\" content=\"index, follow, max-snippet:-1, max-image-preview:large, max-video-preview:-1\" \/>\n<link rel=\"canonical\" href=\"https:\/\/www.inverseteams.com\/fr\/produit\/chaussettes-de-sport-motion-fiyi-black\/\" \/>\n<meta property=\"og:locale\" content=\"fr_FR\" \/>\n<meta property=\"og:type\" content=\"article\" \/>\n<meta property=\"og:title\" content=\"Chaussettes de sport MOTION FIYI BLACK\" \/>\n<meta property=\"og:description\" content=\"Les chaussettes MOTION FIYI sont polyvalentes et multi-usages, con\u00e7ues pour offrir confort, respirabilit\u00e9 et protection pour le cyclisme et la course \u00e0 pied. Avec une hauteur de tige de 20 cm, ces chaussettes offrent un maintien et une couverture optimaux pendant vos sorties ou entra\u00eenements. La maille plus ouverte dans les zones strat\u00e9giques facilite l\u2019\u00e9vacuation de la transpiration, gardant vos pieds secs et frais m\u00eame lors d\u2019efforts intenses. Elles poss\u00e8dent des zones renforc\u00e9es en bouclette \u00e0 l\u2019orteil, \u00e0 la vo\u00fbte plantaire et au tendon d\u2019Achille, offrant durabilit\u00e9 et protection dans les zones les plus sollicit\u00e9es lors du p\u00e9dalage ou de la course. Les MOTION FIYI sont le choix id\u00e9al pour ceux qui recherchent des chaussettes de sport confortables, respirantes et durables, parfaites pour le cyclisme, la course \u00e0 pied et l\u2019entra\u00eenement intensif, alliant maintien, ventilation et long\u00e9vit\u00e9 \u00e0 chaque pas.\" \/>\n<meta property=\"og:url\" content=\"https:\/\/www.inverseteams.com\/fr\/produit\/chaussettes-de-sport-motion-fiyi-black\/\" \/>\n<meta property=\"og:site_name\" content=\"Inverseteams\" \/>\n<meta property=\"article:publisher\" content=\"https:\/\/www.facebook.com\/inverseteams\" \/>\n<meta property=\"article:modified_time\" content=\"2026-03-15T13:38:48+00:00\" \/>\n<meta property=\"og:image\" content=\"https:\/\/www.inverseteams.com\/wp-content\/uploads\/INVERSE-CALCETINES-MOTION-FIYI-NEGRO-001.jpg\" \/>\n\t<meta property=\"og:image:width\" content=\"1500\" \/>\n\t<meta property=\"og:image:height\" content=\"1612\" \/>\n\t<meta property=\"og:image:type\" content=\"image\/jpeg\" \/>\n<meta name=\"twitter:card\" content=\"summary_large_image\" \/>\n<meta name=\"twitter:label1\" content=\"Dur\u00e9e de lecture estim\u00e9e\" \/>\n\t<meta name=\"twitter:data1\" content=\"1 minute\" \/>\n<script type=\"application\/ld+json\" class=\"yoast-schema-graph\">{\"@context\":\"https:\\\/\\\/schema.org\",\"@graph\":[{\"@type\":\"WebPage\",\"@id\":\"https:\\\/\\\/www.inverseteams.com\\\/fr\\\/produit\\\/chaussettes-de-sport-motion-fiyi-black\\\/\",\"url\":\"https:\\\/\\\/www.inverseteams.com\\\/fr\\\/produit\\\/chaussettes-de-sport-motion-fiyi-black\\\/\",\"name\":\"Chaussettes de sport MOTION FIYI BLACK\",\"isPartOf\":{\"@id\":\"https:\\\/\\\/www.inverseteams.com\\\/fr\\\/#website\"},\"primaryImageOfPage\":{\"@id\":\"https:\\\/\\\/www.inverseteams.com\\\/fr\\\/produit\\\/chaussettes-de-sport-motion-fiyi-black\\\/#primaryimage\"},\"image\":{\"@id\":\"https:\\\/\\\/www.inverseteams.com\\\/fr\\\/produit\\\/chaussettes-de-sport-motion-fiyi-black\\\/#primaryimage\"},\"thumbnailUrl\":\"https:\\\/\\\/www.inverseteams.com\\\/wp-content\\\/uploads\\\/INVERSE-CALCETINES-MOTION-FIYI-NEGRO-001.jpg\",\"datePublished\":\"2026-03-15T12:09:59+00:00\",\"dateModified\":\"2026-03-15T13:38:48+00:00\",\"description\":\"Les chaussettes MOTION FIYI sont polyvalentes et multi-usages, con\u00e7ues pour offrir confort, respirabilit\u00e9 et protection pour le cyclisme et la course \u00e0 pied. Avec une hauteur de tige de 20 cm, ces chaussettes offrent un maintien et une couverture optimaux pendant vos sorties ou entra\u00eenements. La maille plus ouverte dans les zones strat\u00e9giques facilite l\u2019\u00e9vacuation de la transpiration, gardant vos pieds secs et frais m\u00eame lors d\u2019efforts intenses. Elles poss\u00e8dent des zones renforc\u00e9es en bouclette \u00e0 l\u2019orteil, \u00e0 la vo\u00fbte plantaire et au tendon d\u2019Achille, offrant durabilit\u00e9 et protection dans les zones les plus sollicit\u00e9es lors du p\u00e9dalage ou de la course. Les MOTION FIYI sont le choix id\u00e9al pour ceux qui recherchent des chaussettes de sport confortables, respirantes et durables, parfaites pour le cyclisme, la course \u00e0 pied et l\u2019entra\u00eenement intensif, alliant maintien, ventilation et long\u00e9vit\u00e9 \u00e0 chaque pas.\",\"breadcrumb\":{\"@id\":\"https:\\\/\\\/www.inverseteams.com\\\/fr\\\/produit\\\/chaussettes-de-sport-motion-fiyi-black\\\/#breadcrumb\"},\"inLanguage\":\"fr-FR\",\"potentialAction\":[{\"@type\":\"ReadAction\",\"target\":[\"https:\\\/\\\/www.inverseteams.com\\\/fr\\\/produit\\\/chaussettes-de-sport-motion-fiyi-black\\\/\"]}]},{\"@type\":\"ImageObject\",\"inLanguage\":\"fr-FR\",\"@id\":\"https:\\\/\\\/www.inverseteams.com\\\/fr\\\/produit\\\/chaussettes-de-sport-motion-fiyi-black\\\/#primaryimage\",\"url\":\"https:\\\/\\\/www.inverseteams.com\\\/wp-content\\\/uploads\\\/INVERSE-CALCETINES-MOTION-FIYI-NEGRO-001.jpg\",\"contentUrl\":\"https:\\\/\\\/www.inverseteams.com\\\/wp-content\\\/uploads\\\/INVERSE-CALCETINES-MOTION-FIYI-NEGRO-001.jpg\",\"width\":1500,\"height\":1612},{\"@type\":\"BreadcrumbList\",\"@id\":\"https:\\\/\\\/www.inverseteams.com\\\/fr\\\/produit\\\/chaussettes-de-sport-motion-fiyi-black\\\/#breadcrumb\",\"itemListElement\":[{\"@type\":\"ListItem\",\"position\":1,\"name\":\"Portada\",\"item\":\"https:\\\/\\\/www.inverseteams.com\\\/fr\\\/pagina-principal\\\/\"},{\"@type\":\"ListItem\",\"position\":2,\"name\":\"Panier\",\"item\":\"https:\\\/\\\/www.inverseteams.com\\\/fr\\\/panier\\\/\"},{\"@type\":\"ListItem\",\"position\":3,\"name\":\"Chaussettes de sport MOTION FIYI BLACK\"}]},{\"@type\":\"WebSite\",\"@id\":\"https:\\\/\\\/www.inverseteams.com\\\/fr\\\/#website\",\"url\":\"https:\\\/\\\/www.inverseteams.com\\\/fr\\\/\",\"name\":\"Inverseteams\",\"description\":\"Tu marca de ropa deportiva personalizada\",\"publisher\":{\"@id\":\"https:\\\/\\\/www.inverseteams.com\\\/fr\\\/#organization\"},\"potentialAction\":[{\"@type\":\"SearchAction\",\"target\":{\"@type\":\"EntryPoint\",\"urlTemplate\":\"https:\\\/\\\/www.inverseteams.com\\\/fr\\\/?s={search_term_string}\"},\"query-input\":{\"@type\":\"PropertyValueSpecification\",\"valueRequired\":true,\"valueName\":\"search_term_string\"}}],\"inLanguage\":\"fr-FR\"},{\"@type\":\"Organization\",\"@id\":\"https:\\\/\\\/www.inverseteams.com\\\/fr\\\/#organization\",\"name\":\"Inverse Teams\",\"url\":\"https:\\\/\\\/www.inverseteams.com\\\/fr\\\/\",\"logo\":{\"@type\":\"ImageObject\",\"inLanguage\":\"fr-FR\",\"@id\":\"https:\\\/\\\/www.inverseteams.com\\\/fr\\\/#\\\/schema\\\/logo\\\/image\\\/\",\"url\":\"https:\\\/\\\/www.inverseteams.com\\\/wp-content\\\/uploads\\\/2021\\\/03\\\/logo-inverse-teams.png\",\"contentUrl\":\"https:\\\/\\\/www.inverseteams.com\\\/wp-content\\\/uploads\\\/2021\\\/03\\\/logo-inverse-teams.png\",\"width\":294,\"height\":99,\"caption\":\"Inverse Teams\"},\"image\":{\"@id\":\"https:\\\/\\\/www.inverseteams.com\\\/fr\\\/#\\\/schema\\\/logo\\\/image\\\/\"},\"sameAs\":[\"https:\\\/\\\/www.facebook.com\\\/inverseteams\",\"http:\\\/\\\/instagram.com\\\/inverseteams\",\"https:\\\/\\\/www.linkedin.com\\\/company\\\/inverse-cirosport-s-l-?trk=job_view_topcard_company_name\",\"http:\\\/\\\/www.pinterest.com\\\/inverseteams\\\/\",\"http:\\\/\\\/www.youtube.com\\\/user\\\/inverseteams?feature=watch\"]}]}<\/script>\n<!-- \/ Yoast SEO plugin. -->","yoast_head_json":{"title":"Chaussettes de sport MOTION FIYI BLACK","description":"Les chaussettes MOTION FIYI sont polyvalentes et multi-usages, con\u00e7ues pour offrir confort, respirabilit\u00e9 et protection pour le cyclisme et la course \u00e0 pied. Avec une hauteur de tige de 20 cm, ces chaussettes offrent un maintien et une couverture optimaux pendant vos sorties ou entra\u00eenements. La maille plus ouverte dans les zones strat\u00e9giques facilite l\u2019\u00e9vacuation de la transpiration, gardant vos pieds secs et frais m\u00eame lors d\u2019efforts intenses. Elles poss\u00e8dent des zones renforc\u00e9es en bouclette \u00e0 l\u2019orteil, \u00e0 la vo\u00fbte plantaire et au tendon d\u2019Achille, offrant durabilit\u00e9 et protection dans les zones les plus sollicit\u00e9es lors du p\u00e9dalage ou de la course. Les MOTION FIYI sont le choix id\u00e9al pour ceux qui recherchent des chaussettes de sport confortables, respirantes et durables, parfaites pour le cyclisme, la course \u00e0 pied et l\u2019entra\u00eenement intensif, alliant maintien, ventilation et long\u00e9vit\u00e9 \u00e0 chaque pas.","robots":{"index":"index","follow":"follow","max-snippet":"max-snippet:-1","max-image-preview":"max-image-preview:large","max-video-preview":"max-video-preview:-1"},"canonical":"https:\/\/www.inverseteams.com\/fr\/produit\/chaussettes-de-sport-motion-fiyi-black\/","og_locale":"fr_FR","og_type":"article","og_title":"Chaussettes de sport MOTION FIYI BLACK","og_description":"Les chaussettes MOTION FIYI sont polyvalentes et multi-usages, con\u00e7ues pour offrir confort, respirabilit\u00e9 et protection pour le cyclisme et la course \u00e0 pied. Avec une hauteur de tige de 20 cm, ces chaussettes offrent un maintien et une couverture optimaux pendant vos sorties ou entra\u00eenements. La maille plus ouverte dans les zones strat\u00e9giques facilite l\u2019\u00e9vacuation de la transpiration, gardant vos pieds secs et frais m\u00eame lors d\u2019efforts intenses. Elles poss\u00e8dent des zones renforc\u00e9es en bouclette \u00e0 l\u2019orteil, \u00e0 la vo\u00fbte plantaire et au tendon d\u2019Achille, offrant durabilit\u00e9 et protection dans les zones les plus sollicit\u00e9es lors du p\u00e9dalage ou de la course. Les MOTION FIYI sont le choix id\u00e9al pour ceux qui recherchent des chaussettes de sport confortables, respirantes et durables, parfaites pour le cyclisme, la course \u00e0 pied et l\u2019entra\u00eenement intensif, alliant maintien, ventilation et long\u00e9vit\u00e9 \u00e0 chaque pas.","og_url":"https:\/\/www.inverseteams.com\/fr\/produit\/chaussettes-de-sport-motion-fiyi-black\/","og_site_name":"Inverseteams","article_publisher":"https:\/\/www.facebook.com\/inverseteams","article_modified_time":"2026-03-15T13:38:48+00:00","og_image":[{"width":1500,"height":1612,"url":"https:\/\/www.inverseteams.com\/wp-content\/uploads\/INVERSE-CALCETINES-MOTION-FIYI-NEGRO-001.jpg","type":"image\/jpeg"}],"twitter_card":"summary_large_image","twitter_misc":{"Dur\u00e9e de lecture estim\u00e9e":"1 minute"},"schema":{"@context":"https:\/\/schema.org","@graph":[{"@type":"WebPage","@id":"https:\/\/www.inverseteams.com\/fr\/produit\/chaussettes-de-sport-motion-fiyi-black\/","url":"https:\/\/www.inverseteams.com\/fr\/produit\/chaussettes-de-sport-motion-fiyi-black\/","name":"Chaussettes de sport MOTION FIYI BLACK","isPartOf":{"@id":"https:\/\/www.inverseteams.com\/fr\/#website"},"primaryImageOfPage":{"@id":"https:\/\/www.inverseteams.com\/fr\/produit\/chaussettes-de-sport-motion-fiyi-black\/#primaryimage"},"image":{"@id":"https:\/\/www.inverseteams.com\/fr\/produit\/chaussettes-de-sport-motion-fiyi-black\/#primaryimage"},"thumbnailUrl":"https:\/\/www.inverseteams.com\/wp-content\/uploads\/INVERSE-CALCETINES-MOTION-FIYI-NEGRO-001.jpg","datePublished":"2026-03-15T12:09:59+00:00","dateModified":"2026-03-15T13:38:48+00:00","description":"Les chaussettes MOTION FIYI sont polyvalentes et multi-usages, con\u00e7ues pour offrir confort, respirabilit\u00e9 et protection pour le cyclisme et la course \u00e0 pied. Avec une hauteur de tige de 20 cm, ces chaussettes offrent un maintien et une couverture optimaux pendant vos sorties ou entra\u00eenements. La maille plus ouverte dans les zones strat\u00e9giques facilite l\u2019\u00e9vacuation de la transpiration, gardant vos pieds secs et frais m\u00eame lors d\u2019efforts intenses. Elles poss\u00e8dent des zones renforc\u00e9es en bouclette \u00e0 l\u2019orteil, \u00e0 la vo\u00fbte plantaire et au tendon d\u2019Achille, offrant durabilit\u00e9 et protection dans les zones les plus sollicit\u00e9es lors du p\u00e9dalage ou de la course. Les MOTION FIYI sont le choix id\u00e9al pour ceux qui recherchent des chaussettes de sport confortables, respirantes et durables, parfaites pour le cyclisme, la course \u00e0 pied et l\u2019entra\u00eenement intensif, alliant maintien, ventilation et long\u00e9vit\u00e9 \u00e0 chaque pas.","breadcrumb":{"@id":"https:\/\/www.inverseteams.com\/fr\/produit\/chaussettes-de-sport-motion-fiyi-black\/#breadcrumb"},"inLanguage":"fr-FR","potentialAction":[{"@type":"ReadAction","target":["https:\/\/www.inverseteams.com\/fr\/produit\/chaussettes-de-sport-motion-fiyi-black\/"]}]},{"@type":"ImageObject","inLanguage":"fr-FR","@id":"https:\/\/www.inverseteams.com\/fr\/produit\/chaussettes-de-sport-motion-fiyi-black\/#primaryimage","url":"https:\/\/www.inverseteams.com\/wp-content\/uploads\/INVERSE-CALCETINES-MOTION-FIYI-NEGRO-001.jpg","contentUrl":"https:\/\/www.inverseteams.com\/wp-content\/uploads\/INVERSE-CALCETINES-MOTION-FIYI-NEGRO-001.jpg","width":1500,"height":1612},{"@type":"BreadcrumbList","@id":"https:\/\/www.inverseteams.com\/fr\/produit\/chaussettes-de-sport-motion-fiyi-black\/#breadcrumb","itemListElement":[{"@type":"ListItem","position":1,"name":"Portada","item":"https:\/\/www.inverseteams.com\/fr\/pagina-principal\/"},{"@type":"ListItem","position":2,"name":"Panier","item":"https:\/\/www.inverseteams.com\/fr\/panier\/"},{"@type":"ListItem","position":3,"name":"Chaussettes de sport MOTION FIYI BLACK"}]},{"@type":"WebSite","@id":"https:\/\/www.inverseteams.com\/fr\/#website","url":"https:\/\/www.inverseteams.com\/fr\/","name":"Inverseteams","description":"Tu marca de ropa deportiva personalizada","publisher":{"@id":"https:\/\/www.inverseteams.com\/fr\/#organization"},"potentialAction":[{"@type":"SearchAction","target":{"@type":"EntryPoint","urlTemplate":"https:\/\/www.inverseteams.com\/fr\/?s={search_term_string}"},"query-input":{"@type":"PropertyValueSpecification","valueRequired":true,"valueName":"search_term_string"}}],"inLanguage":"fr-FR"},{"@type":"Organization","@id":"https:\/\/www.inverseteams.com\/fr\/#organization","name":"Inverse Teams","url":"https:\/\/www.inverseteams.com\/fr\/","logo":{"@type":"ImageObject","inLanguage":"fr-FR","@id":"https:\/\/www.inverseteams.com\/fr\/#\/schema\/logo\/image\/","url":"https:\/\/www.inverseteams.com\/wp-content\/uploads\/2021\/03\/logo-inverse-teams.png","contentUrl":"https:\/\/www.inverseteams.com\/wp-content\/uploads\/2021\/03\/logo-inverse-teams.png","width":294,"height":99,"caption":"Inverse Teams"},"image":{"@id":"https:\/\/www.inverseteams.com\/fr\/#\/schema\/logo\/image\/"},"sameAs":["https:\/\/www.facebook.com\/inverseteams","http:\/\/instagram.com\/inverseteams","https:\/\/www.linkedin.com\/company\/inverse-cirosport-s-l-?trk=job_view_topcard_company_name","http:\/\/www.pinterest.com\/inverseteams\/","http:\/\/www.youtube.com\/user\/inverseteams?feature=watch"]}]}},"_links":{"self":[{"href":"https:\/\/www.inverseteams.com\/fr\/wp-json\/wp\/v2\/product\/280471","targetHints":{"allow":["GET"]}}],"collection":[{"href":"https:\/\/www.inverseteams.com\/fr\/wp-json\/wp\/v2\/product"}],"about":[{"href":"https:\/\/www.inverseteams.com\/fr\/wp-json\/wp\/v2\/types\/product"}],"replies":[{"embeddable":true,"href":"https:\/\/www.inverseteams.com\/fr\/wp-json\/wp\/v2\/comments?post=280471"}],"wp:featuredmedia":[{"embeddable":true,"href":"https:\/\/www.inverseteams.com\/fr\/wp-json\/wp\/v2\/media\/280415"}],"wp:attachment":[{"href":"https:\/\/www.inverseteams.com\/fr\/wp-json\/wp\/v2\/media?parent=280471"}],"wp:term":[{"taxonomy":"product_brand","embeddable":true,"href":"https:\/\/www.inverseteams.com\/fr\/wp-json\/wp\/v2\/product_brand?post=280471"},{"taxonomy":"product_cat","embeddable":true,"href":"https:\/\/www.inverseteams.com\/fr\/wp-json\/wp\/v2\/product_cat?post=280471"},{"taxonomy":"product_tag","embeddable":true,"href":"https:\/\/www.inverseteams.com\/fr\/wp-json\/wp\/v2\/product_tag?post=280471"},{"taxonomy":"custom_category","embeddable":true,"href":"https:\/\/www.inverseteams.com\/fr\/wp-json\/wp\/v2\/custom_category?post=280471"},{"taxonomy":"range","embeddable":true,"href":"https:\/\/www.inverseteams.com\/fr\/wp-json\/wp\/v2\/range?post=280471"}],"curies":[{"name":"wp","href":"https:\/\/api.w.org\/{rel}","templated":true}]}}