{"id":279815,"date":"2026-03-06T17:23:52","date_gmt":"2026-03-06T16:23:52","guid":{"rendered":"https:\/\/www.inverseteams.com\/?post_type=product&#038;p=279815"},"modified":"2026-03-06T17:42:14","modified_gmt":"2026-03-06T16:42:14","slug":"brassiere-de-sport-motion-eira-white","status":"publish","type":"product","link":"https:\/\/www.inverseteams.com\/fr\/produit\/brassiere-de-sport-motion-eira-white\/","title":{"rendered":"Brassi\u00e8re de sport MOTION EIRA WHITE"},"content":{"rendered":"<p data-start=\"4264\" data-end=\"4657\">Ce <strong data-start=\"4267\" data-end=\"4302\">top de sport premium pour femme<\/strong> a \u00e9t\u00e9 con\u00e7u pour offrir l\u2019\u00e9quilibre parfait entre <strong data-start=\"4353\" data-end=\"4392\">maintien, l\u00e9g\u00e8ret\u00e9 et respirabilit\u00e9<\/strong>, vous accompagnant dans tout type d\u2019entra\u00eenement avec un confort maximal. Pens\u00e9 pour les femmes actives qui recherchent la performance sans renoncer au style, il s\u2019adapte naturellement au corps et procure une sensation de s\u00e9curit\u00e9 et de libert\u00e9 \u00e0 chaque mouvement.<br \/>\nSon <strong data-start=\"4663\" data-end=\"4691\">niveau de maintien \u00e9lev\u00e9<\/strong> en fait un choix id\u00e9al pour une grande vari\u00e9t\u00e9 d\u2019activit\u00e9s sportives, des s\u00e9ances intensives de fitness aux entra\u00eenements de cyclisme, running ou salle de sport. Sa conception ergonomique \u00e9pouse naturellement les formes du corps, offrant stabilit\u00e9 et confort m\u00eame lors des efforts les plus exigeants.<br \/>\nIl est confectionn\u00e9 \u00e0 partir de deux tissus techniques haute performance : <strong data-start=\"5069\" data-end=\"5097\">AIR et LYCRA REVOLUTION<\/strong>, s\u00e9lectionn\u00e9s pour leur excellente <strong data-start=\"5133\" data-end=\"5195\">respirabilit\u00e9, \u00e9lasticit\u00e9 et douceur au contact de la peau<\/strong>. Cette combinaison permet au top de s\u2019adapter parfaitement au corps tout en favorisant l\u2019\u00e9vacuation de la transpiration afin de garder la peau s\u00e8che pendant l\u2019effort.<br \/>\nPour maximiser le confort, les finitions int\u00e8grent <strong data-start=\"5415\" data-end=\"5473\">un bord en mousse \u00e9lastique et une doublure int\u00e9rieure<\/strong>, r\u00e9duisant au minimum les frottements ou les irritations, m\u00eame lors d\u2019entra\u00eenements prolong\u00e9s. Les <strong data-start=\"5573\" data-end=\"5603\">bretelles en polypropyl\u00e8ne<\/strong>, l\u00e9g\u00e8res, douces et tr\u00e8s respirantes, assurent un maintien stable sans exercer de pression.<br \/>\nLe <strong data-start=\"5700\" data-end=\"5715\">dos perfor\u00e9<\/strong> am\u00e9liore la ventilation et facilite l\u2019\u00e9vacuation de la transpiration dans l\u2019une des zones o\u00f9 la chaleur s\u2019accumule le plus, contribuant \u00e0 maintenir une temp\u00e9rature corporelle \u00e9quilibr\u00e9e pendant l\u2019activit\u00e9.<br \/>\nLe r\u00e9sultat est un <strong data-start=\"5942\" data-end=\"5986\">top sportif haute performance pour femme<\/strong>, l\u00e9ger, confortable et extr\u00eamement respirant, qui se distingue par ses <strong data-start=\"6058\" data-end=\"6105\">finitions premium et son excellent maintien<\/strong>. Une pi\u00e8ce con\u00e7ue pour les femmes qui recherchent <strong data-start=\"6156\" data-end=\"6191\">performance, confort et qualit\u00e9<\/strong>, d\u00e9j\u00e0 <strong data-start=\"6198\" data-end=\"6245\">tr\u00e8s appr\u00e9ci\u00e9e par celles qui l\u2019ont essay\u00e9e<\/strong>.<\/p>\n","protected":false},"excerpt":{"rendered":"<p>Ce <strong data-start=\"4267\" data-end=\"4302\">top de sport premium pour femme<\/strong> a \u00e9t\u00e9 con\u00e7u pour offrir l\u2019\u00e9quilibre parfait entre <strong data-start=\"4353\" data-end=\"4392\">maintien, l\u00e9g\u00e8ret\u00e9 et respirabilit\u00e9<\/strong>, vous accompagnant dans tout type d\u2019entra\u00eenement avec un confort maximal. Pens\u00e9 pour les femmes actives qui recherchent la performance sans renoncer au style, il s\u2019adapte naturellement au corps et procure une sensation de s\u00e9curit\u00e9 et de libert\u00e9 \u00e0 chaque mouvement.<br \/>\nSon <strong data-start=\"4663\" data-end=\"4691\">niveau de maintien \u00e9lev\u00e9<\/strong> en fait un choix id\u00e9al pour une grande vari\u00e9t\u00e9 d\u2019activit\u00e9s sportives, des s\u00e9ances intensives de fitness aux entra\u00eenements de cyclisme, running ou salle de sport. Sa conception ergonomique \u00e9pouse naturellement les formes du corps, offrant stabilit\u00e9 et confort m\u00eame lors des efforts les plus exigeants.<br \/>\nIl est confectionn\u00e9 \u00e0 partir de deux tissus techniques haute performance : <strong data-start=\"5069\" data-end=\"5097\">AIR et LYCRA REVOLUTION<\/strong>, s\u00e9lectionn\u00e9s pour leur excellente <strong data-start=\"5133\" data-end=\"5195\">respirabilit\u00e9, \u00e9lasticit\u00e9 et douceur au contact de la peau<\/strong>. Cette combinaison permet au top de s\u2019adapter parfaitement au corps tout en favorisant l\u2019\u00e9vacuation de la transpiration afin de garder la peau s\u00e8che pendant l\u2019effort.<br \/>\nPour maximiser le confort, les finitions int\u00e8grent <strong data-start=\"5415\" data-end=\"5473\">un bord en mousse \u00e9lastique et une doublure int\u00e9rieure<\/strong>, r\u00e9duisant au minimum les frottements ou les irritations, m\u00eame lors d\u2019entra\u00eenements prolong\u00e9s. Les <strong data-start=\"5573\" data-end=\"5603\">bretelles en polypropyl\u00e8ne<\/strong>, l\u00e9g\u00e8res, douces et tr\u00e8s respirantes, assurent un maintien stable sans exercer de pression.<br \/>\nLe <strong data-start=\"5700\" data-end=\"5715\">dos perfor\u00e9<\/strong> am\u00e9liore la ventilation et facilite l\u2019\u00e9vacuation de la transpiration dans l\u2019une des zones o\u00f9 la chaleur s\u2019accumule le plus, contribuant \u00e0 maintenir une temp\u00e9rature corporelle \u00e9quilibr\u00e9e pendant l\u2019activit\u00e9.<br \/>\nLe r\u00e9sultat est un <strong data-start=\"5942\" data-end=\"5986\">top sportif haute performance pour femme<\/strong>, l\u00e9ger, confortable et extr\u00eamement respirant, qui se distingue par ses <strong data-start=\"6058\" data-end=\"6105\">finitions premium et son excellent maintien<\/strong>. Une pi\u00e8ce con\u00e7ue pour les femmes qui recherchent <strong data-start=\"6156\" data-end=\"6191\">performance, confort et qualit\u00e9<\/strong>, d\u00e9j\u00e0 <strong data-start=\"6198\" data-end=\"6245\">tr\u00e8s appr\u00e9ci\u00e9e par celles qui l\u2019ont essay\u00e9e<\/strong>.<\/p>\n","protected":false},"featured_media":279715,"comment_status":"closed","ping_status":"closed","template":"","meta":{"_acf_changed":false},"product_brand":[],"product_cat":[3230,9949,3298,7177],"product_tag":[],"custom_category":[],"range":[],"class_list":{"0":"post-279815","1":"product","2":"type-product","3":"status-publish","4":"has-post-thumbnail","6":"product_cat-cyclisme-fr","7":"product_cat-gravel-fr","8":"product_cat-accessoires-fr","9":"product_cat-b2b-fr","10":"pa_climatologia-chaud","11":"pa_climatologia-froid","12":"pa_climatologia-temperature-chaude","13":"pa_deporte-cyclisme","14":"pa_deporte-crosstraining-fr","15":"pa_deporte-fitness-fr","16":"pa_deporte-running-fr","17":"pa_deporte-trail-fr","18":"pa_deporte-gravel-fr","19":"pa_deporte-athletisme","20":"pa_genero-femme","21":"pa_patronaje-fit-fr","22":"pa_talla-xs-fr","23":"pa_talla-l-fr","24":"pa_talla-m-fr","25":"pa_talla-s-fr","26":"pa_talla-xl-fr","27":"pa_tipo-de-prenda-top-fr","29":"first","30":"instock","31":"taxable","32":"shipping-taxable","33":"purchasable","34":"product-type-variable","35":"has-default-attributes"},"acf":[],"yoast_head":"<!-- This site is optimized with the Yoast SEO plugin v27.3 - https:\/\/yoast.com\/product\/yoast-seo-wordpress\/ -->\n<title>Brassi\u00e8re de sport MOTION EIRA WHITE (FEMME)<\/title>\n<meta name=\"description\" content=\"Ce top de sport premium pour femme a \u00e9t\u00e9 con\u00e7u pour offrir l\u2019\u00e9quilibre parfait entre maintien, l\u00e9g\u00e8ret\u00e9 et respirabilit\u00e9, vous accompagnant dans tout type d\u2019entra\u00eenement avec un confort maximal.\" \/>\n<meta name=\"robots\" content=\"index, follow, max-snippet:-1, max-image-preview:large, max-video-preview:-1\" \/>\n<link rel=\"canonical\" href=\"https:\/\/www.inverseteams.com\/fr\/produit\/brassiere-de-sport-motion-eira-white\/\" \/>\n<meta property=\"og:locale\" content=\"fr_FR\" \/>\n<meta property=\"og:type\" content=\"article\" \/>\n<meta property=\"og:title\" content=\"Brassi\u00e8re de sport MOTION EIRA WHITE (FEMME)\" \/>\n<meta property=\"og:description\" content=\"Ce top de sport premium pour femme a \u00e9t\u00e9 con\u00e7u pour offrir l\u2019\u00e9quilibre parfait entre maintien, l\u00e9g\u00e8ret\u00e9 et respirabilit\u00e9, vous accompagnant dans tout type d\u2019entra\u00eenement avec un confort maximal.\" \/>\n<meta property=\"og:url\" content=\"https:\/\/www.inverseteams.com\/fr\/produit\/brassiere-de-sport-motion-eira-white\/\" \/>\n<meta property=\"og:site_name\" content=\"Inverseteams\" \/>\n<meta property=\"article:publisher\" content=\"https:\/\/www.facebook.com\/inverseteams\" \/>\n<meta property=\"article:modified_time\" content=\"2026-03-06T16:42:14+00:00\" \/>\n<meta property=\"og:image\" content=\"https:\/\/www.inverseteams.com\/wp-content\/uploads\/INVERSE-TOP-MUJER-MOTION-EIRA-WHITE-001.jpg\" \/>\n\t<meta property=\"og:image:width\" content=\"1500\" \/>\n\t<meta property=\"og:image:height\" content=\"1612\" \/>\n\t<meta property=\"og:image:type\" content=\"image\/jpeg\" \/>\n<meta name=\"twitter:card\" content=\"summary_large_image\" \/>\n<meta name=\"twitter:label1\" content=\"Dur\u00e9e de lecture estim\u00e9e\" \/>\n\t<meta name=\"twitter:data1\" content=\"2 minutes\" \/>\n<script type=\"application\/ld+json\" class=\"yoast-schema-graph\">{\"@context\":\"https:\\\/\\\/schema.org\",\"@graph\":[{\"@type\":\"WebPage\",\"@id\":\"https:\\\/\\\/www.inverseteams.com\\\/fr\\\/produit\\\/brassiere-de-sport-motion-eira-white\\\/\",\"url\":\"https:\\\/\\\/www.inverseteams.com\\\/fr\\\/produit\\\/brassiere-de-sport-motion-eira-white\\\/\",\"name\":\"Brassi\u00e8re de sport MOTION EIRA WHITE (FEMME)\",\"isPartOf\":{\"@id\":\"https:\\\/\\\/www.inverseteams.com\\\/fr\\\/#website\"},\"primaryImageOfPage\":{\"@id\":\"https:\\\/\\\/www.inverseteams.com\\\/fr\\\/produit\\\/brassiere-de-sport-motion-eira-white\\\/#primaryimage\"},\"image\":{\"@id\":\"https:\\\/\\\/www.inverseteams.com\\\/fr\\\/produit\\\/brassiere-de-sport-motion-eira-white\\\/#primaryimage\"},\"thumbnailUrl\":\"https:\\\/\\\/www.inverseteams.com\\\/wp-content\\\/uploads\\\/INVERSE-TOP-MUJER-MOTION-EIRA-WHITE-001.jpg\",\"datePublished\":\"2026-03-06T16:23:52+00:00\",\"dateModified\":\"2026-03-06T16:42:14+00:00\",\"description\":\"Ce top de sport premium pour femme a \u00e9t\u00e9 con\u00e7u pour offrir l\u2019\u00e9quilibre parfait entre maintien, l\u00e9g\u00e8ret\u00e9 et respirabilit\u00e9, vous accompagnant dans tout type d\u2019entra\u00eenement avec un confort maximal.\",\"breadcrumb\":{\"@id\":\"https:\\\/\\\/www.inverseteams.com\\\/fr\\\/produit\\\/brassiere-de-sport-motion-eira-white\\\/#breadcrumb\"},\"inLanguage\":\"fr-FR\",\"potentialAction\":[{\"@type\":\"ReadAction\",\"target\":[\"https:\\\/\\\/www.inverseteams.com\\\/fr\\\/produit\\\/brassiere-de-sport-motion-eira-white\\\/\"]}]},{\"@type\":\"ImageObject\",\"inLanguage\":\"fr-FR\",\"@id\":\"https:\\\/\\\/www.inverseteams.com\\\/fr\\\/produit\\\/brassiere-de-sport-motion-eira-white\\\/#primaryimage\",\"url\":\"https:\\\/\\\/www.inverseteams.com\\\/wp-content\\\/uploads\\\/INVERSE-TOP-MUJER-MOTION-EIRA-WHITE-001.jpg\",\"contentUrl\":\"https:\\\/\\\/www.inverseteams.com\\\/wp-content\\\/uploads\\\/INVERSE-TOP-MUJER-MOTION-EIRA-WHITE-001.jpg\",\"width\":1500,\"height\":1612},{\"@type\":\"BreadcrumbList\",\"@id\":\"https:\\\/\\\/www.inverseteams.com\\\/fr\\\/produit\\\/brassiere-de-sport-motion-eira-white\\\/#breadcrumb\",\"itemListElement\":[{\"@type\":\"ListItem\",\"position\":1,\"name\":\"Portada\",\"item\":\"https:\\\/\\\/www.inverseteams.com\\\/fr\\\/pagina-principal\\\/\"},{\"@type\":\"ListItem\",\"position\":2,\"name\":\"Panier\",\"item\":\"https:\\\/\\\/www.inverseteams.com\\\/fr\\\/panier\\\/\"},{\"@type\":\"ListItem\",\"position\":3,\"name\":\"Brassi\u00e8re de sport MOTION EIRA WHITE\"}]},{\"@type\":\"WebSite\",\"@id\":\"https:\\\/\\\/www.inverseteams.com\\\/fr\\\/#website\",\"url\":\"https:\\\/\\\/www.inverseteams.com\\\/fr\\\/\",\"name\":\"Inverseteams\",\"description\":\"Tu marca de ropa deportiva personalizada\",\"publisher\":{\"@id\":\"https:\\\/\\\/www.inverseteams.com\\\/fr\\\/#organization\"},\"potentialAction\":[{\"@type\":\"SearchAction\",\"target\":{\"@type\":\"EntryPoint\",\"urlTemplate\":\"https:\\\/\\\/www.inverseteams.com\\\/fr\\\/?s={search_term_string}\"},\"query-input\":{\"@type\":\"PropertyValueSpecification\",\"valueRequired\":true,\"valueName\":\"search_term_string\"}}],\"inLanguage\":\"fr-FR\"},{\"@type\":\"Organization\",\"@id\":\"https:\\\/\\\/www.inverseteams.com\\\/fr\\\/#organization\",\"name\":\"Inverse Teams\",\"url\":\"https:\\\/\\\/www.inverseteams.com\\\/fr\\\/\",\"logo\":{\"@type\":\"ImageObject\",\"inLanguage\":\"fr-FR\",\"@id\":\"https:\\\/\\\/www.inverseteams.com\\\/fr\\\/#\\\/schema\\\/logo\\\/image\\\/\",\"url\":\"https:\\\/\\\/www.inverseteams.com\\\/wp-content\\\/uploads\\\/2021\\\/03\\\/logo-inverse-teams.png\",\"contentUrl\":\"https:\\\/\\\/www.inverseteams.com\\\/wp-content\\\/uploads\\\/2021\\\/03\\\/logo-inverse-teams.png\",\"width\":294,\"height\":99,\"caption\":\"Inverse Teams\"},\"image\":{\"@id\":\"https:\\\/\\\/www.inverseteams.com\\\/fr\\\/#\\\/schema\\\/logo\\\/image\\\/\"},\"sameAs\":[\"https:\\\/\\\/www.facebook.com\\\/inverseteams\",\"http:\\\/\\\/instagram.com\\\/inverseteams\",\"https:\\\/\\\/www.linkedin.com\\\/company\\\/inverse-cirosport-s-l-?trk=job_view_topcard_company_name\",\"http:\\\/\\\/www.pinterest.com\\\/inverseteams\\\/\",\"http:\\\/\\\/www.youtube.com\\\/user\\\/inverseteams?feature=watch\"]}]}<\/script>\n<!-- \/ Yoast SEO plugin. -->","yoast_head_json":{"title":"Brassi\u00e8re de sport MOTION EIRA WHITE (FEMME)","description":"Ce top de sport premium pour femme a \u00e9t\u00e9 con\u00e7u pour offrir l\u2019\u00e9quilibre parfait entre maintien, l\u00e9g\u00e8ret\u00e9 et respirabilit\u00e9, vous accompagnant dans tout type d\u2019entra\u00eenement avec un confort maximal.","robots":{"index":"index","follow":"follow","max-snippet":"max-snippet:-1","max-image-preview":"max-image-preview:large","max-video-preview":"max-video-preview:-1"},"canonical":"https:\/\/www.inverseteams.com\/fr\/produit\/brassiere-de-sport-motion-eira-white\/","og_locale":"fr_FR","og_type":"article","og_title":"Brassi\u00e8re de sport MOTION EIRA WHITE (FEMME)","og_description":"Ce top de sport premium pour femme a \u00e9t\u00e9 con\u00e7u pour offrir l\u2019\u00e9quilibre parfait entre maintien, l\u00e9g\u00e8ret\u00e9 et respirabilit\u00e9, vous accompagnant dans tout type d\u2019entra\u00eenement avec un confort maximal.","og_url":"https:\/\/www.inverseteams.com\/fr\/produit\/brassiere-de-sport-motion-eira-white\/","og_site_name":"Inverseteams","article_publisher":"https:\/\/www.facebook.com\/inverseteams","article_modified_time":"2026-03-06T16:42:14+00:00","og_image":[{"width":1500,"height":1612,"url":"https:\/\/www.inverseteams.com\/wp-content\/uploads\/INVERSE-TOP-MUJER-MOTION-EIRA-WHITE-001.jpg","type":"image\/jpeg"}],"twitter_card":"summary_large_image","twitter_misc":{"Dur\u00e9e de lecture estim\u00e9e":"2 minutes"},"schema":{"@context":"https:\/\/schema.org","@graph":[{"@type":"WebPage","@id":"https:\/\/www.inverseteams.com\/fr\/produit\/brassiere-de-sport-motion-eira-white\/","url":"https:\/\/www.inverseteams.com\/fr\/produit\/brassiere-de-sport-motion-eira-white\/","name":"Brassi\u00e8re de sport MOTION EIRA WHITE (FEMME)","isPartOf":{"@id":"https:\/\/www.inverseteams.com\/fr\/#website"},"primaryImageOfPage":{"@id":"https:\/\/www.inverseteams.com\/fr\/produit\/brassiere-de-sport-motion-eira-white\/#primaryimage"},"image":{"@id":"https:\/\/www.inverseteams.com\/fr\/produit\/brassiere-de-sport-motion-eira-white\/#primaryimage"},"thumbnailUrl":"https:\/\/www.inverseteams.com\/wp-content\/uploads\/INVERSE-TOP-MUJER-MOTION-EIRA-WHITE-001.jpg","datePublished":"2026-03-06T16:23:52+00:00","dateModified":"2026-03-06T16:42:14+00:00","description":"Ce top de sport premium pour femme a \u00e9t\u00e9 con\u00e7u pour offrir l\u2019\u00e9quilibre parfait entre maintien, l\u00e9g\u00e8ret\u00e9 et respirabilit\u00e9, vous accompagnant dans tout type d\u2019entra\u00eenement avec un confort maximal.","breadcrumb":{"@id":"https:\/\/www.inverseteams.com\/fr\/produit\/brassiere-de-sport-motion-eira-white\/#breadcrumb"},"inLanguage":"fr-FR","potentialAction":[{"@type":"ReadAction","target":["https:\/\/www.inverseteams.com\/fr\/produit\/brassiere-de-sport-motion-eira-white\/"]}]},{"@type":"ImageObject","inLanguage":"fr-FR","@id":"https:\/\/www.inverseteams.com\/fr\/produit\/brassiere-de-sport-motion-eira-white\/#primaryimage","url":"https:\/\/www.inverseteams.com\/wp-content\/uploads\/INVERSE-TOP-MUJER-MOTION-EIRA-WHITE-001.jpg","contentUrl":"https:\/\/www.inverseteams.com\/wp-content\/uploads\/INVERSE-TOP-MUJER-MOTION-EIRA-WHITE-001.jpg","width":1500,"height":1612},{"@type":"BreadcrumbList","@id":"https:\/\/www.inverseteams.com\/fr\/produit\/brassiere-de-sport-motion-eira-white\/#breadcrumb","itemListElement":[{"@type":"ListItem","position":1,"name":"Portada","item":"https:\/\/www.inverseteams.com\/fr\/pagina-principal\/"},{"@type":"ListItem","position":2,"name":"Panier","item":"https:\/\/www.inverseteams.com\/fr\/panier\/"},{"@type":"ListItem","position":3,"name":"Brassi\u00e8re de sport MOTION EIRA WHITE"}]},{"@type":"WebSite","@id":"https:\/\/www.inverseteams.com\/fr\/#website","url":"https:\/\/www.inverseteams.com\/fr\/","name":"Inverseteams","description":"Tu marca de ropa deportiva personalizada","publisher":{"@id":"https:\/\/www.inverseteams.com\/fr\/#organization"},"potentialAction":[{"@type":"SearchAction","target":{"@type":"EntryPoint","urlTemplate":"https:\/\/www.inverseteams.com\/fr\/?s={search_term_string}"},"query-input":{"@type":"PropertyValueSpecification","valueRequired":true,"valueName":"search_term_string"}}],"inLanguage":"fr-FR"},{"@type":"Organization","@id":"https:\/\/www.inverseteams.com\/fr\/#organization","name":"Inverse Teams","url":"https:\/\/www.inverseteams.com\/fr\/","logo":{"@type":"ImageObject","inLanguage":"fr-FR","@id":"https:\/\/www.inverseteams.com\/fr\/#\/schema\/logo\/image\/","url":"https:\/\/www.inverseteams.com\/wp-content\/uploads\/2021\/03\/logo-inverse-teams.png","contentUrl":"https:\/\/www.inverseteams.com\/wp-content\/uploads\/2021\/03\/logo-inverse-teams.png","width":294,"height":99,"caption":"Inverse Teams"},"image":{"@id":"https:\/\/www.inverseteams.com\/fr\/#\/schema\/logo\/image\/"},"sameAs":["https:\/\/www.facebook.com\/inverseteams","http:\/\/instagram.com\/inverseteams","https:\/\/www.linkedin.com\/company\/inverse-cirosport-s-l-?trk=job_view_topcard_company_name","http:\/\/www.pinterest.com\/inverseteams\/","http:\/\/www.youtube.com\/user\/inverseteams?feature=watch"]}]}},"_links":{"self":[{"href":"https:\/\/www.inverseteams.com\/fr\/wp-json\/wp\/v2\/product\/279815","targetHints":{"allow":["GET"]}}],"collection":[{"href":"https:\/\/www.inverseteams.com\/fr\/wp-json\/wp\/v2\/product"}],"about":[{"href":"https:\/\/www.inverseteams.com\/fr\/wp-json\/wp\/v2\/types\/product"}],"replies":[{"embeddable":true,"href":"https:\/\/www.inverseteams.com\/fr\/wp-json\/wp\/v2\/comments?post=279815"}],"wp:featuredmedia":[{"embeddable":true,"href":"https:\/\/www.inverseteams.com\/fr\/wp-json\/wp\/v2\/media\/279715"}],"wp:attachment":[{"href":"https:\/\/www.inverseteams.com\/fr\/wp-json\/wp\/v2\/media?parent=279815"}],"wp:term":[{"taxonomy":"product_brand","embeddable":true,"href":"https:\/\/www.inverseteams.com\/fr\/wp-json\/wp\/v2\/product_brand?post=279815"},{"taxonomy":"product_cat","embeddable":true,"href":"https:\/\/www.inverseteams.com\/fr\/wp-json\/wp\/v2\/product_cat?post=279815"},{"taxonomy":"product_tag","embeddable":true,"href":"https:\/\/www.inverseteams.com\/fr\/wp-json\/wp\/v2\/product_tag?post=279815"},{"taxonomy":"custom_category","embeddable":true,"href":"https:\/\/www.inverseteams.com\/fr\/wp-json\/wp\/v2\/custom_category?post=279815"},{"taxonomy":"range","embeddable":true,"href":"https:\/\/www.inverseteams.com\/fr\/wp-json\/wp\/v2\/range?post=279815"}],"curies":[{"name":"wp","href":"https:\/\/api.w.org\/{rel}","templated":true}]}}