{"id":279458,"date":"2026-03-06T13:47:41","date_gmt":"2026-03-06T12:47:41","guid":{"rendered":"https:\/\/www.inverseteams.com\/?post_type=product&#038;p=279458"},"modified":"2026-03-06T14:49:04","modified_gmt":"2026-03-06T13:49:04","slug":"cuissard-velo-motion-atenas-sand","status":"publish","type":"product","link":"https:\/\/www.inverseteams.com\/fr\/produit\/cuissard-velo-motion-atenas-sand\/","title":{"rendered":"Cuissard v\u00e9lo MOTION ATENAS SAND"},"content":{"rendered":"<p data-start=\"5334\" data-end=\"5736\">Ce <strong data-start=\"5337\" data-end=\"5372\">cuissard de cyclisme pour femme<\/strong> a \u00e9t\u00e9 d\u00e9velopp\u00e9 en tenant compte des besoins r\u00e9els des cyclistes f\u00e9minines qui recherchent l\u2019\u00e9quilibre parfait entre <strong data-start=\"5490\" data-end=\"5532\">confort, performance et design premium<\/strong>. Chaque d\u00e9tail de sa conception a \u00e9t\u00e9 soigneusement \u00e9tudi\u00e9 pour s\u2019adapter \u00e0 <strong data-start=\"5609\" data-end=\"5632\">l\u2019anatomie f\u00e9minine<\/strong>, offrant une exp\u00e9rience sup\u00e9rieure aussi bien lors des longues sorties que des entra\u00eenements intensifs.<br \/>\nSon design exclusif r\u00e9duit consid\u00e9rablement le nombre de coutures par rapport \u00e0 un cuissard conventionnel, cr\u00e9ant une structure plus propre, ergonomique et confortable pendant le p\u00e9dalage. Les <strong data-start=\"5931\" data-end=\"5967\">coutures plates haute r\u00e9sistance<\/strong> minimisent les risques de frottements tout en garantissant une durabilit\u00e9 exceptionnelle m\u00eame lors des sorties les plus exigeantes.<br \/>\nL\u2019un des \u00e9l\u00e9ments distinctifs de ce <strong data-start=\"6137\" data-end=\"6169\">cuissard cycliste pour femme<\/strong> est l\u2019innovant <strong data-start=\"6185\" data-end=\"6208\">syst\u00e8me Flexygo 2.0<\/strong>, d\u00e9velopp\u00e9 pour offrir une solution pratique et discr\u00e8te pendant les sorties. Gr\u00e2ce \u00e0 sa <strong data-start=\"6298\" data-end=\"6344\">construction crois\u00e9e dans la zone lombaire<\/strong>, sp\u00e9cialement con\u00e7ue pour le corps f\u00e9minin, il permet <strong data-start=\"6399\" data-end=\"6464\">de remonter ou d\u2019abaisser le cuissard sans retirer le maillot<\/strong>, facilitant les pauses toilettes de mani\u00e8re rapide et confortable.<br \/>\nLes jambes b\u00e9n\u00e9ficient d\u2019une <strong data-start=\"6562\" data-end=\"6614\">finition \u00e0 d\u00e9coupe laser avec silicone int\u00e9rieur<\/strong>, assurant un maintien pr\u00e9cis et uniforme qui garde le cuissard parfaitement en place sans compression excessive. Des <strong data-start=\"6732\" data-end=\"6758\">d\u00e9tails r\u00e9fl\u00e9chissants<\/strong> \u00e0 l\u2019arri\u00e8re de la cuisse am\u00e9liorent la visibilit\u00e9 sur la route et augmentent la s\u00e9curit\u00e9 en conditions de faible luminosit\u00e9.<br \/>\nLes <strong data-start=\"6889\" data-end=\"6919\">bretelles en polypropyl\u00e8ne<\/strong>, l\u00e9g\u00e8res et douces au contact de la peau, offrent une excellente capacit\u00e9 d\u2019adaptation et une grande stabilit\u00e9, garantissant un confort constant tout au long de la sortie.<br \/>\nAu c\u0153ur de ce cuissard se trouve la prestigieuse <strong data-start=\"7142\" data-end=\"7178\">peau Mustang d\u2019Elastic Interface<\/strong>, d\u00e9velopp\u00e9e selon le concept <strong data-start=\"7208\" data-end=\"7225\">Zero Friction<\/strong>. Son design int\u00e8gre des transitions douces entre diff\u00e9rents niveaux de densit\u00e9, \u00e9liminant les points de pression et am\u00e9liorant l\u2019adaptation au corps f\u00e9minin pendant de longues heures en selle. Elle combine la mousse <strong data-start=\"7442\" data-end=\"7467\">Pro Evo haute densit\u00e9<\/strong>, \u00e0 grande capacit\u00e9 de r\u00e9cup\u00e9ration, avec le tissu recycl\u00e9 <strong data-start=\"7526\" data-end=\"7538\">Re-Cycle<\/strong>, offrant l\u2019\u00e9quilibre parfait entre <strong data-start=\"7574\" data-end=\"7620\">confort maximal, performance et durabilit\u00e9<\/strong>.<br \/>\nLe r\u00e9sultat est un <strong data-start=\"7642\" data-end=\"7695\">cuissard de cyclisme pour femme haute performance<\/strong>, con\u00e7u pour les cyclistes qui recherchent <strong data-start=\"7738\" data-end=\"7815\">confort sur longue distance, solutions intelligentes et finitions premium<\/strong>, sans renoncer \u00e0 l\u2019\u00e9l\u00e9gance et \u00e0 la performance sur le v\u00e9lo.<\/p>\n","protected":false},"excerpt":{"rendered":"<p>Ce <strong data-start=\"5337\" data-end=\"5372\">cuissard de cyclisme pour femme<\/strong> a \u00e9t\u00e9 d\u00e9velopp\u00e9 en tenant compte des besoins r\u00e9els des cyclistes f\u00e9minines qui recherchent l\u2019\u00e9quilibre parfait entre <strong data-start=\"5490\" data-end=\"5532\">confort, performance et design premium<\/strong>. Chaque d\u00e9tail de sa conception a \u00e9t\u00e9 soigneusement \u00e9tudi\u00e9 pour s\u2019adapter \u00e0 <strong data-start=\"5609\" data-end=\"5632\">l\u2019anatomie f\u00e9minine<\/strong>, offrant une exp\u00e9rience sup\u00e9rieure aussi bien lors des longues sorties que des entra\u00eenements intensifs.<br \/>\nSon design exclusif r\u00e9duit consid\u00e9rablement le nombre de coutures par rapport \u00e0 un cuissard conventionnel, cr\u00e9ant une structure plus propre, ergonomique et confortable pendant le p\u00e9dalage. Les <strong data-start=\"5931\" data-end=\"5967\">coutures plates haute r\u00e9sistance<\/strong> minimisent les risques de frottements tout en garantissant une durabilit\u00e9 exceptionnelle m\u00eame lors des sorties les plus exigeantes.<br \/>\nL\u2019un des \u00e9l\u00e9ments distinctifs de ce <strong data-start=\"6137\" data-end=\"6169\">cuissard cycliste pour femme<\/strong> est l\u2019innovant <strong data-start=\"6185\" data-end=\"6208\">syst\u00e8me Flexygo 2.0<\/strong>, d\u00e9velopp\u00e9 pour offrir une solution pratique et discr\u00e8te pendant les sorties. Gr\u00e2ce \u00e0 sa <strong data-start=\"6298\" data-end=\"6344\">construction crois\u00e9e dans la zone lombaire<\/strong>, sp\u00e9cialement con\u00e7ue pour le corps f\u00e9minin, il permet <strong data-start=\"6399\" data-end=\"6464\">de remonter ou d\u2019abaisser le cuissard sans retirer le maillot<\/strong>, facilitant les pauses toilettes de mani\u00e8re rapide et confortable.<br \/>\nLes jambes b\u00e9n\u00e9ficient d\u2019une <strong data-start=\"6562\" data-end=\"6614\">finition \u00e0 d\u00e9coupe laser avec silicone int\u00e9rieur<\/strong>, assurant un maintien pr\u00e9cis et uniforme qui garde le cuissard parfaitement en place sans compression excessive. Des <strong data-start=\"6732\" data-end=\"6758\">d\u00e9tails r\u00e9fl\u00e9chissants<\/strong> \u00e0 l\u2019arri\u00e8re de la cuisse am\u00e9liorent la visibilit\u00e9 sur la route et augmentent la s\u00e9curit\u00e9 en conditions de faible luminosit\u00e9.<br \/>\nLes <strong data-start=\"6889\" data-end=\"6919\">bretelles en polypropyl\u00e8ne<\/strong>, l\u00e9g\u00e8res et douces au contact de la peau, offrent une excellente capacit\u00e9 d\u2019adaptation et une grande stabilit\u00e9, garantissant un confort constant tout au long de la sortie.<br \/>\nAu c\u0153ur de ce cuissard se trouve la prestigieuse <strong data-start=\"7142\" data-end=\"7178\">peau Mustang d\u2019Elastic Interface<\/strong>, d\u00e9velopp\u00e9e selon le concept <strong data-start=\"7208\" data-end=\"7225\">Zero Friction<\/strong>. Son design int\u00e8gre des transitions douces entre diff\u00e9rents niveaux de densit\u00e9, \u00e9liminant les points de pression et am\u00e9liorant l\u2019adaptation au corps f\u00e9minin pendant de longues heures en selle. Elle combine la mousse <strong data-start=\"7442\" data-end=\"7467\">Pro Evo haute densit\u00e9<\/strong>, \u00e0 grande capacit\u00e9 de r\u00e9cup\u00e9ration, avec le tissu recycl\u00e9 <strong data-start=\"7526\" data-end=\"7538\">Re-Cycle<\/strong>, offrant l\u2019\u00e9quilibre parfait entre <strong data-start=\"7574\" data-end=\"7620\">confort maximal, performance et durabilit\u00e9<\/strong>.<br \/>\nLe r\u00e9sultat est un <strong data-start=\"7642\" data-end=\"7695\">cuissard de cyclisme pour femme haute performance<\/strong>, con\u00e7u pour les cyclistes qui recherchent <strong data-start=\"7738\" data-end=\"7815\">confort sur longue distance, solutions intelligentes et finitions premium<\/strong>, sans renoncer \u00e0 l\u2019\u00e9l\u00e9gance et \u00e0 la performance sur le v\u00e9lo.<\/p>\n","protected":false},"featured_media":279508,"comment_status":"closed","ping_status":"closed","template":"","meta":{"_acf_changed":false},"product_brand":[],"product_cat":[3230,9949,3248,7177],"product_tag":[],"custom_category":[],"range":[],"class_list":{"0":"post-279458","1":"product","2":"type-product","3":"status-publish","4":"has-post-thumbnail","6":"product_cat-cyclisme-fr","7":"product_cat-gravel-fr","8":"product_cat-cuissard-cyclisme-fr","9":"product_cat-b2b-fr","10":"pa_climatologia-chaud","11":"pa_climatologia-temperature-chaude","12":"pa_deporte-cyclisme","13":"pa_deporte-gravel-fr","14":"pa_genero-femme","15":"pa_patronaje-fit-fr","16":"pa_talla-m-fr","17":"pa_talla-s-fr","18":"pa_talla-xl-fr","19":"pa_talla-xs-fr","20":"pa_talla-l-fr","21":"pa_tipo-de-prenda-cuissard-velo-fr","23":"first","24":"instock","25":"taxable","26":"shipping-taxable","27":"purchasable","28":"product-type-variable","29":"has-default-attributes"},"acf":[],"yoast_head":"<!-- This site is optimized with the Yoast SEO plugin v27.3 - https:\/\/yoast.com\/product\/yoast-seo-wordpress\/ -->\n<title>Cuissard v\u00e9lo MOTION ATENAS SAND (FEMME)<\/title>\n<meta name=\"description\" content=\"Ce cuissard de cyclisme pour femme a \u00e9t\u00e9 d\u00e9velopp\u00e9 en tenant compte des besoins r\u00e9els des cyclistes f\u00e9minines qui recherchent l\u2019\u00e9quilibre parfait entre confort, performance et design premium.\" \/>\n<meta name=\"robots\" content=\"index, follow, max-snippet:-1, max-image-preview:large, max-video-preview:-1\" \/>\n<link rel=\"canonical\" href=\"https:\/\/www.inverseteams.com\/fr\/produit\/cuissard-velo-motion-atenas-sand\/\" \/>\n<meta property=\"og:locale\" content=\"fr_FR\" \/>\n<meta property=\"og:type\" content=\"article\" \/>\n<meta property=\"og:title\" content=\"Cuissard v\u00e9lo MOTION ATENAS SAND (FEMME)\" \/>\n<meta property=\"og:description\" content=\"Ce cuissard de cyclisme pour femme a \u00e9t\u00e9 d\u00e9velopp\u00e9 en tenant compte des besoins r\u00e9els des cyclistes f\u00e9minines qui recherchent l\u2019\u00e9quilibre parfait entre confort, performance et design premium.\" \/>\n<meta property=\"og:url\" content=\"https:\/\/www.inverseteams.com\/fr\/produit\/cuissard-velo-motion-atenas-sand\/\" \/>\n<meta property=\"og:site_name\" content=\"Inverseteams\" \/>\n<meta property=\"article:publisher\" content=\"https:\/\/www.facebook.com\/inverseteams\" \/>\n<meta property=\"article:modified_time\" content=\"2026-03-06T13:49:04+00:00\" \/>\n<meta property=\"og:image\" content=\"https:\/\/www.inverseteams.com\/wp-content\/uploads\/INVERSE-CICLISMO-MUJER-CULOTTE-MOTION-ATENAS-SAND-001.jpg\" \/>\n\t<meta property=\"og:image:width\" content=\"1500\" \/>\n\t<meta property=\"og:image:height\" content=\"1612\" \/>\n\t<meta property=\"og:image:type\" content=\"image\/jpeg\" \/>\n<meta name=\"twitter:card\" content=\"summary_large_image\" \/>\n<meta name=\"twitter:label1\" content=\"Dur\u00e9e de lecture estim\u00e9e\" \/>\n\t<meta name=\"twitter:data1\" content=\"2 minutes\" \/>\n<script type=\"application\/ld+json\" class=\"yoast-schema-graph\">{\"@context\":\"https:\\\/\\\/schema.org\",\"@graph\":[{\"@type\":\"WebPage\",\"@id\":\"https:\\\/\\\/www.inverseteams.com\\\/fr\\\/produit\\\/cuissard-velo-motion-atenas-sand\\\/\",\"url\":\"https:\\\/\\\/www.inverseteams.com\\\/fr\\\/produit\\\/cuissard-velo-motion-atenas-sand\\\/\",\"name\":\"Cuissard v\u00e9lo MOTION ATENAS SAND (FEMME)\",\"isPartOf\":{\"@id\":\"https:\\\/\\\/www.inverseteams.com\\\/fr\\\/#website\"},\"primaryImageOfPage\":{\"@id\":\"https:\\\/\\\/www.inverseteams.com\\\/fr\\\/produit\\\/cuissard-velo-motion-atenas-sand\\\/#primaryimage\"},\"image\":{\"@id\":\"https:\\\/\\\/www.inverseteams.com\\\/fr\\\/produit\\\/cuissard-velo-motion-atenas-sand\\\/#primaryimage\"},\"thumbnailUrl\":\"https:\\\/\\\/www.inverseteams.com\\\/wp-content\\\/uploads\\\/INVERSE-CICLISMO-MUJER-CULOTTE-MOTION-ATENAS-SAND-001.jpg\",\"datePublished\":\"2026-03-06T12:47:41+00:00\",\"dateModified\":\"2026-03-06T13:49:04+00:00\",\"description\":\"Ce cuissard de cyclisme pour femme a \u00e9t\u00e9 d\u00e9velopp\u00e9 en tenant compte des besoins r\u00e9els des cyclistes f\u00e9minines qui recherchent l\u2019\u00e9quilibre parfait entre confort, performance et design premium.\",\"breadcrumb\":{\"@id\":\"https:\\\/\\\/www.inverseteams.com\\\/fr\\\/produit\\\/cuissard-velo-motion-atenas-sand\\\/#breadcrumb\"},\"inLanguage\":\"fr-FR\",\"potentialAction\":[{\"@type\":\"ReadAction\",\"target\":[\"https:\\\/\\\/www.inverseteams.com\\\/fr\\\/produit\\\/cuissard-velo-motion-atenas-sand\\\/\"]}]},{\"@type\":\"ImageObject\",\"inLanguage\":\"fr-FR\",\"@id\":\"https:\\\/\\\/www.inverseteams.com\\\/fr\\\/produit\\\/cuissard-velo-motion-atenas-sand\\\/#primaryimage\",\"url\":\"https:\\\/\\\/www.inverseteams.com\\\/wp-content\\\/uploads\\\/INVERSE-CICLISMO-MUJER-CULOTTE-MOTION-ATENAS-SAND-001.jpg\",\"contentUrl\":\"https:\\\/\\\/www.inverseteams.com\\\/wp-content\\\/uploads\\\/INVERSE-CICLISMO-MUJER-CULOTTE-MOTION-ATENAS-SAND-001.jpg\",\"width\":1500,\"height\":1612},{\"@type\":\"BreadcrumbList\",\"@id\":\"https:\\\/\\\/www.inverseteams.com\\\/fr\\\/produit\\\/cuissard-velo-motion-atenas-sand\\\/#breadcrumb\",\"itemListElement\":[{\"@type\":\"ListItem\",\"position\":1,\"name\":\"Portada\",\"item\":\"https:\\\/\\\/www.inverseteams.com\\\/fr\\\/pagina-principal\\\/\"},{\"@type\":\"ListItem\",\"position\":2,\"name\":\"Panier\",\"item\":\"https:\\\/\\\/www.inverseteams.com\\\/fr\\\/panier\\\/\"},{\"@type\":\"ListItem\",\"position\":3,\"name\":\"Cuissard v\u00e9lo MOTION ATENAS SAND\"}]},{\"@type\":\"WebSite\",\"@id\":\"https:\\\/\\\/www.inverseteams.com\\\/fr\\\/#website\",\"url\":\"https:\\\/\\\/www.inverseteams.com\\\/fr\\\/\",\"name\":\"Inverseteams\",\"description\":\"Tu marca de ropa deportiva personalizada\",\"publisher\":{\"@id\":\"https:\\\/\\\/www.inverseteams.com\\\/fr\\\/#organization\"},\"potentialAction\":[{\"@type\":\"SearchAction\",\"target\":{\"@type\":\"EntryPoint\",\"urlTemplate\":\"https:\\\/\\\/www.inverseteams.com\\\/fr\\\/?s={search_term_string}\"},\"query-input\":{\"@type\":\"PropertyValueSpecification\",\"valueRequired\":true,\"valueName\":\"search_term_string\"}}],\"inLanguage\":\"fr-FR\"},{\"@type\":\"Organization\",\"@id\":\"https:\\\/\\\/www.inverseteams.com\\\/fr\\\/#organization\",\"name\":\"Inverse Teams\",\"url\":\"https:\\\/\\\/www.inverseteams.com\\\/fr\\\/\",\"logo\":{\"@type\":\"ImageObject\",\"inLanguage\":\"fr-FR\",\"@id\":\"https:\\\/\\\/www.inverseteams.com\\\/fr\\\/#\\\/schema\\\/logo\\\/image\\\/\",\"url\":\"https:\\\/\\\/www.inverseteams.com\\\/wp-content\\\/uploads\\\/2021\\\/03\\\/logo-inverse-teams.png\",\"contentUrl\":\"https:\\\/\\\/www.inverseteams.com\\\/wp-content\\\/uploads\\\/2021\\\/03\\\/logo-inverse-teams.png\",\"width\":294,\"height\":99,\"caption\":\"Inverse Teams\"},\"image\":{\"@id\":\"https:\\\/\\\/www.inverseteams.com\\\/fr\\\/#\\\/schema\\\/logo\\\/image\\\/\"},\"sameAs\":[\"https:\\\/\\\/www.facebook.com\\\/inverseteams\",\"http:\\\/\\\/instagram.com\\\/inverseteams\",\"https:\\\/\\\/www.linkedin.com\\\/company\\\/inverse-cirosport-s-l-?trk=job_view_topcard_company_name\",\"http:\\\/\\\/www.pinterest.com\\\/inverseteams\\\/\",\"http:\\\/\\\/www.youtube.com\\\/user\\\/inverseteams?feature=watch\"]}]}<\/script>\n<!-- \/ Yoast SEO plugin. -->","yoast_head_json":{"title":"Cuissard v\u00e9lo MOTION ATENAS SAND (FEMME)","description":"Ce cuissard de cyclisme pour femme a \u00e9t\u00e9 d\u00e9velopp\u00e9 en tenant compte des besoins r\u00e9els des cyclistes f\u00e9minines qui recherchent l\u2019\u00e9quilibre parfait entre confort, performance et design premium.","robots":{"index":"index","follow":"follow","max-snippet":"max-snippet:-1","max-image-preview":"max-image-preview:large","max-video-preview":"max-video-preview:-1"},"canonical":"https:\/\/www.inverseteams.com\/fr\/produit\/cuissard-velo-motion-atenas-sand\/","og_locale":"fr_FR","og_type":"article","og_title":"Cuissard v\u00e9lo MOTION ATENAS SAND (FEMME)","og_description":"Ce cuissard de cyclisme pour femme a \u00e9t\u00e9 d\u00e9velopp\u00e9 en tenant compte des besoins r\u00e9els des cyclistes f\u00e9minines qui recherchent l\u2019\u00e9quilibre parfait entre confort, performance et design premium.","og_url":"https:\/\/www.inverseteams.com\/fr\/produit\/cuissard-velo-motion-atenas-sand\/","og_site_name":"Inverseteams","article_publisher":"https:\/\/www.facebook.com\/inverseteams","article_modified_time":"2026-03-06T13:49:04+00:00","og_image":[{"width":1500,"height":1612,"url":"https:\/\/www.inverseteams.com\/wp-content\/uploads\/INVERSE-CICLISMO-MUJER-CULOTTE-MOTION-ATENAS-SAND-001.jpg","type":"image\/jpeg"}],"twitter_card":"summary_large_image","twitter_misc":{"Dur\u00e9e de lecture estim\u00e9e":"2 minutes"},"schema":{"@context":"https:\/\/schema.org","@graph":[{"@type":"WebPage","@id":"https:\/\/www.inverseteams.com\/fr\/produit\/cuissard-velo-motion-atenas-sand\/","url":"https:\/\/www.inverseteams.com\/fr\/produit\/cuissard-velo-motion-atenas-sand\/","name":"Cuissard v\u00e9lo MOTION ATENAS SAND (FEMME)","isPartOf":{"@id":"https:\/\/www.inverseteams.com\/fr\/#website"},"primaryImageOfPage":{"@id":"https:\/\/www.inverseteams.com\/fr\/produit\/cuissard-velo-motion-atenas-sand\/#primaryimage"},"image":{"@id":"https:\/\/www.inverseteams.com\/fr\/produit\/cuissard-velo-motion-atenas-sand\/#primaryimage"},"thumbnailUrl":"https:\/\/www.inverseteams.com\/wp-content\/uploads\/INVERSE-CICLISMO-MUJER-CULOTTE-MOTION-ATENAS-SAND-001.jpg","datePublished":"2026-03-06T12:47:41+00:00","dateModified":"2026-03-06T13:49:04+00:00","description":"Ce cuissard de cyclisme pour femme a \u00e9t\u00e9 d\u00e9velopp\u00e9 en tenant compte des besoins r\u00e9els des cyclistes f\u00e9minines qui recherchent l\u2019\u00e9quilibre parfait entre confort, performance et design premium.","breadcrumb":{"@id":"https:\/\/www.inverseteams.com\/fr\/produit\/cuissard-velo-motion-atenas-sand\/#breadcrumb"},"inLanguage":"fr-FR","potentialAction":[{"@type":"ReadAction","target":["https:\/\/www.inverseteams.com\/fr\/produit\/cuissard-velo-motion-atenas-sand\/"]}]},{"@type":"ImageObject","inLanguage":"fr-FR","@id":"https:\/\/www.inverseteams.com\/fr\/produit\/cuissard-velo-motion-atenas-sand\/#primaryimage","url":"https:\/\/www.inverseteams.com\/wp-content\/uploads\/INVERSE-CICLISMO-MUJER-CULOTTE-MOTION-ATENAS-SAND-001.jpg","contentUrl":"https:\/\/www.inverseteams.com\/wp-content\/uploads\/INVERSE-CICLISMO-MUJER-CULOTTE-MOTION-ATENAS-SAND-001.jpg","width":1500,"height":1612},{"@type":"BreadcrumbList","@id":"https:\/\/www.inverseteams.com\/fr\/produit\/cuissard-velo-motion-atenas-sand\/#breadcrumb","itemListElement":[{"@type":"ListItem","position":1,"name":"Portada","item":"https:\/\/www.inverseteams.com\/fr\/pagina-principal\/"},{"@type":"ListItem","position":2,"name":"Panier","item":"https:\/\/www.inverseteams.com\/fr\/panier\/"},{"@type":"ListItem","position":3,"name":"Cuissard v\u00e9lo MOTION ATENAS SAND"}]},{"@type":"WebSite","@id":"https:\/\/www.inverseteams.com\/fr\/#website","url":"https:\/\/www.inverseteams.com\/fr\/","name":"Inverseteams","description":"Tu marca de ropa deportiva personalizada","publisher":{"@id":"https:\/\/www.inverseteams.com\/fr\/#organization"},"potentialAction":[{"@type":"SearchAction","target":{"@type":"EntryPoint","urlTemplate":"https:\/\/www.inverseteams.com\/fr\/?s={search_term_string}"},"query-input":{"@type":"PropertyValueSpecification","valueRequired":true,"valueName":"search_term_string"}}],"inLanguage":"fr-FR"},{"@type":"Organization","@id":"https:\/\/www.inverseteams.com\/fr\/#organization","name":"Inverse Teams","url":"https:\/\/www.inverseteams.com\/fr\/","logo":{"@type":"ImageObject","inLanguage":"fr-FR","@id":"https:\/\/www.inverseteams.com\/fr\/#\/schema\/logo\/image\/","url":"https:\/\/www.inverseteams.com\/wp-content\/uploads\/2021\/03\/logo-inverse-teams.png","contentUrl":"https:\/\/www.inverseteams.com\/wp-content\/uploads\/2021\/03\/logo-inverse-teams.png","width":294,"height":99,"caption":"Inverse Teams"},"image":{"@id":"https:\/\/www.inverseteams.com\/fr\/#\/schema\/logo\/image\/"},"sameAs":["https:\/\/www.facebook.com\/inverseteams","http:\/\/instagram.com\/inverseteams","https:\/\/www.linkedin.com\/company\/inverse-cirosport-s-l-?trk=job_view_topcard_company_name","http:\/\/www.pinterest.com\/inverseteams\/","http:\/\/www.youtube.com\/user\/inverseteams?feature=watch"]}]}},"_links":{"self":[{"href":"https:\/\/www.inverseteams.com\/fr\/wp-json\/wp\/v2\/product\/279458","targetHints":{"allow":["GET"]}}],"collection":[{"href":"https:\/\/www.inverseteams.com\/fr\/wp-json\/wp\/v2\/product"}],"about":[{"href":"https:\/\/www.inverseteams.com\/fr\/wp-json\/wp\/v2\/types\/product"}],"replies":[{"embeddable":true,"href":"https:\/\/www.inverseteams.com\/fr\/wp-json\/wp\/v2\/comments?post=279458"}],"wp:featuredmedia":[{"embeddable":true,"href":"https:\/\/www.inverseteams.com\/fr\/wp-json\/wp\/v2\/media\/279508"}],"wp:attachment":[{"href":"https:\/\/www.inverseteams.com\/fr\/wp-json\/wp\/v2\/media?parent=279458"}],"wp:term":[{"taxonomy":"product_brand","embeddable":true,"href":"https:\/\/www.inverseteams.com\/fr\/wp-json\/wp\/v2\/product_brand?post=279458"},{"taxonomy":"product_cat","embeddable":true,"href":"https:\/\/www.inverseteams.com\/fr\/wp-json\/wp\/v2\/product_cat?post=279458"},{"taxonomy":"product_tag","embeddable":true,"href":"https:\/\/www.inverseteams.com\/fr\/wp-json\/wp\/v2\/product_tag?post=279458"},{"taxonomy":"custom_category","embeddable":true,"href":"https:\/\/www.inverseteams.com\/fr\/wp-json\/wp\/v2\/custom_category?post=279458"},{"taxonomy":"range","embeddable":true,"href":"https:\/\/www.inverseteams.com\/fr\/wp-json\/wp\/v2\/range?post=279458"}],"curies":[{"name":"wp","href":"https:\/\/api.w.org\/{rel}","templated":true}]}}