{"id":279404,"date":"2026-03-06T12:37:31","date_gmt":"2026-03-06T11:37:31","guid":{"rendered":"https:\/\/www.inverseteams.com\/?post_type=product&#038;p=279404"},"modified":"2026-03-06T12:51:39","modified_gmt":"2026-03-06T11:51:39","slug":"maillot-cyclisme-manche-courte-motion-india-white","status":"publish","type":"product","link":"https:\/\/www.inverseteams.com\/fr\/produit\/maillot-cyclisme-manche-courte-motion-india-white\/","title":{"rendered":"Maillot cyclisme manche courte MOTION INDIA WHITE"},"content":{"rendered":"<p>Le maillot \u00e0 manches courtes qui red\u00e9finit l\u2019essence du cyclisme moderne : lignes \u00e9pur\u00e9es, finitions haut de gamme et une \u00e9l\u00e9gance intemporelle con\u00e7ue pour <strong>s\u2019adapter au corps f\u00e9minin et sublimer sa silhouette sur le v\u00e9lo<\/strong>.<br \/>\nD\u00e9velopp\u00e9 sp\u00e9cifiquement comme maillot de cyclisme pour femme, son patronage a \u00e9t\u00e9 soigneusement \u00e9tudi\u00e9 pour \u00e9pouser l\u2019anatomie f\u00e9minine, offrant un \u00e9quilibre parfait entre esth\u00e9tique, confort et performance. Sa coupe slim fit, tr\u00e8s ajust\u00e9e, <strong>\u00e9pouse le corps comme une seconde peau<\/strong>, suivant les formes naturelles du corps tout en offrant une totale libert\u00e9 de mouvement et une sensation a\u00e9rodynamique pr\u00e9cise \u00e0 chaque coup de p\u00e9dale.<br \/>\nIl est compos\u00e9 de quatre tissus hautement \u00e9lastiques et l\u00e9gers, combin\u00e9s strat\u00e9giquement pour offrir respirabilit\u00e9, adaptation et l\u00e9g\u00e8ret\u00e9 dans chaque zone, cr\u00e9ant un ajustement enveloppant qui suit naturellement le torse et la taille.<br \/>\nLa taille int\u00e8gre une <strong>bande \u00e9lastique avec grip int\u00e9rieur<\/strong> qui garantit un maintien ferme et confortable m\u00eame lors des efforts les plus intenses, maintenant le maillot parfaitement en place. Ses finitions thermocoll\u00e9es renforcent l\u2019esth\u00e9tique minimaliste du design en \u00e9liminant les coutures inutiles et en apportant un suppl\u00e9ment de confort, de l\u00e9g\u00e8ret\u00e9 et de sophistication.<br \/>\nDans la zone lombaire, il int\u00e8gre <strong>trois poches arri\u00e8re avec syst\u00e8me ISP<\/strong> (Inverse Safe Pocket), con\u00e7ues pour offrir davantage de s\u00e9curit\u00e9 et de stabilit\u00e9 \u00e0 vos effets personnels pendant la sortie. Il comprend \u00e9galement une <strong>poche suppl\u00e9mentaire imperm\u00e9able avec fermeture \u00e9clair<\/strong>, id\u00e9ale pour prot\u00e9ger des objets sensibles comme des cl\u00e9s ou des appareils \u00e9lectroniques.<br \/>\nLe <strong>col sans couture<\/strong> \u00e0 l\u2019avant garantit un contact doux avec la peau, \u00e9vitant les frottements et les irritations lors des longues sorties. La fermeture \u00e9clair magn\u00e9tique avec syst\u00e8me antipull facilite l\u2019ajustement m\u00eame en mouvement et emp\u00eache les ouvertures involontaires, ajoutant de la fonctionnalit\u00e9 \u00e0 un design soign\u00e9 dans les moindres d\u00e9tails.<br \/>\nL\u00e9g\u00e8ret\u00e9, performance, confort et style se r\u00e9unissent dans un maillot qui met en valeur la silhouette f\u00e9minine avec un ajustement pr\u00e9cis et \u00e9l\u00e9gant, se distinguant par son caract\u00e8re minimaliste, ses finitions premium et son \u00e9l\u00e9gance sur le v\u00e9lo. Une pi\u00e8ce con\u00e7ue pour les cyclistes qui savent que moins, c\u2019est plus \u2014 m\u00eame sur l\u2019asphalte.<\/p>\n","protected":false},"excerpt":{"rendered":"<p>Le maillot \u00e0 manches courtes qui red\u00e9finit l\u2019essence du cyclisme moderne : lignes \u00e9pur\u00e9es, finitions haut de gamme et une \u00e9l\u00e9gance intemporelle con\u00e7ue pour <strong>s\u2019adapter au corps f\u00e9minin et sublimer sa silhouette sur le v\u00e9lo<\/strong>.<br \/>\nD\u00e9velopp\u00e9 sp\u00e9cifiquement comme maillot de cyclisme pour femme, son patronage a \u00e9t\u00e9 soigneusement \u00e9tudi\u00e9 pour \u00e9pouser l\u2019anatomie f\u00e9minine, offrant un \u00e9quilibre parfait entre esth\u00e9tique, confort et performance. Sa coupe slim fit, tr\u00e8s ajust\u00e9e, <strong>\u00e9pouse le corps comme une seconde peau<\/strong>, suivant les formes naturelles du corps tout en offrant une totale libert\u00e9 de mouvement et une sensation a\u00e9rodynamique pr\u00e9cise \u00e0 chaque coup de p\u00e9dale.<br \/>\nIl est compos\u00e9 de quatre tissus hautement \u00e9lastiques et l\u00e9gers, combin\u00e9s strat\u00e9giquement pour offrir respirabilit\u00e9, adaptation et l\u00e9g\u00e8ret\u00e9 dans chaque zone, cr\u00e9ant un ajustement enveloppant qui suit naturellement le torse et la taille.<br \/>\nLa taille int\u00e8gre une <strong>bande \u00e9lastique avec grip int\u00e9rieur<\/strong> qui garantit un maintien ferme et confortable m\u00eame lors des efforts les plus intenses, maintenant le maillot parfaitement en place. Ses finitions thermocoll\u00e9es renforcent l\u2019esth\u00e9tique minimaliste du design en \u00e9liminant les coutures inutiles et en apportant un suppl\u00e9ment de confort, de l\u00e9g\u00e8ret\u00e9 et de sophistication.<br \/>\nDans la zone lombaire, il int\u00e8gre <strong>trois poches arri\u00e8re avec syst\u00e8me ISP<\/strong> (Inverse Safe Pocket), con\u00e7ues pour offrir davantage de s\u00e9curit\u00e9 et de stabilit\u00e9 \u00e0 vos effets personnels pendant la sortie. Il comprend \u00e9galement une <strong>poche suppl\u00e9mentaire imperm\u00e9able avec fermeture \u00e9clair<\/strong>, id\u00e9ale pour prot\u00e9ger des objets sensibles comme des cl\u00e9s ou des appareils \u00e9lectroniques.<br \/>\nLe <strong>col sans couture<\/strong> \u00e0 l\u2019avant garantit un contact doux avec la peau, \u00e9vitant les frottements et les irritations lors des longues sorties. La fermeture \u00e9clair magn\u00e9tique avec syst\u00e8me antipull facilite l\u2019ajustement m\u00eame en mouvement et emp\u00eache les ouvertures involontaires, ajoutant de la fonctionnalit\u00e9 \u00e0 un design soign\u00e9 dans les moindres d\u00e9tails.<br \/>\nL\u00e9g\u00e8ret\u00e9, performance, confort et style se r\u00e9unissent dans un maillot qui met en valeur la silhouette f\u00e9minine avec un ajustement pr\u00e9cis et \u00e9l\u00e9gant, se distinguant par son caract\u00e8re minimaliste, ses finitions premium et son \u00e9l\u00e9gance sur le v\u00e9lo. Une pi\u00e8ce con\u00e7ue pour les cyclistes qui savent que moins, c\u2019est plus \u2014 m\u00eame sur l\u2019asphalte.<\/p>\n","protected":false},"featured_media":279323,"comment_status":"closed","ping_status":"closed","template":"","meta":{"_acf_changed":false},"product_brand":[],"product_cat":[3230,3240,9949,7177],"product_tag":[],"custom_category":[],"range":[],"class_list":{"0":"post-279404","1":"product","2":"type-product","3":"status-publish","4":"has-post-thumbnail","6":"product_cat-cyclisme-fr","7":"product_cat-maillot-cycliste","8":"product_cat-gravel-fr","9":"product_cat-b2b-fr","10":"pa_climatologia-chaud","11":"pa_deporte-cyclisme","12":"pa_deporte-gravel-fr","13":"pa_genero-femme","14":"pa_patronaje-fit-fr","15":"pa_talla-xs-fr","16":"pa_talla-l-fr","17":"pa_talla-m-fr","18":"pa_talla-s-fr","19":"pa_talla-xl-fr","20":"pa_tipo-de-prenda-maillot-manche-courte","22":"first","23":"instock","24":"taxable","25":"shipping-taxable","26":"purchasable","27":"product-type-variable"},"acf":[],"yoast_head":"<!-- This site is optimized with the Yoast SEO plugin v27.3 - https:\/\/yoast.com\/product\/yoast-seo-wordpress\/ -->\n<title>Maillot cyclisme manche courte MOTION INDIA WHITE (FEMME)<\/title>\n<meta name=\"description\" content=\"Avec sa coupe slim fit (tr\u00e8s ajust\u00e9e), il s\u2019adapte au corps comme une seconde peau, offrant une totale libert\u00e9 de mouvement et une sensation a\u00e9rodynamique pr\u00e9cise sur le v\u00e9lo.\" \/>\n<meta name=\"robots\" content=\"index, follow, max-snippet:-1, max-image-preview:large, max-video-preview:-1\" \/>\n<link rel=\"canonical\" href=\"https:\/\/www.inverseteams.com\/fr\/produit\/maillot-cyclisme-manche-courte-motion-india-white\/\" \/>\n<meta property=\"og:locale\" content=\"fr_FR\" \/>\n<meta property=\"og:type\" content=\"article\" \/>\n<meta property=\"og:title\" content=\"Maillot cyclisme manche courte MOTION INDIA WHITE (FEMME)\" \/>\n<meta property=\"og:description\" content=\"Avec sa coupe slim fit (tr\u00e8s ajust\u00e9e), il s\u2019adapte au corps comme une seconde peau, offrant une totale libert\u00e9 de mouvement et une sensation a\u00e9rodynamique pr\u00e9cise sur le v\u00e9lo.\" \/>\n<meta property=\"og:url\" content=\"https:\/\/www.inverseteams.com\/fr\/produit\/maillot-cyclisme-manche-courte-motion-india-white\/\" \/>\n<meta property=\"og:site_name\" content=\"Inverseteams\" \/>\n<meta property=\"article:publisher\" content=\"https:\/\/www.facebook.com\/inverseteams\" \/>\n<meta property=\"article:modified_time\" content=\"2026-03-06T11:51:39+00:00\" \/>\n<meta property=\"og:image\" content=\"https:\/\/www.inverseteams.com\/wp-content\/uploads\/INVERSE-CICLISMO-MUJER-MAILLOT-MOTION-INDIA-WHITE-001.jpg\" \/>\n\t<meta property=\"og:image:width\" content=\"1500\" \/>\n\t<meta property=\"og:image:height\" content=\"1612\" \/>\n\t<meta property=\"og:image:type\" content=\"image\/jpeg\" \/>\n<meta name=\"twitter:card\" content=\"summary_large_image\" \/>\n<meta name=\"twitter:label1\" content=\"Dur\u00e9e de lecture estim\u00e9e\" \/>\n\t<meta name=\"twitter:data1\" content=\"2 minutes\" \/>\n<script type=\"application\/ld+json\" class=\"yoast-schema-graph\">{\"@context\":\"https:\\\/\\\/schema.org\",\"@graph\":[{\"@type\":\"WebPage\",\"@id\":\"https:\\\/\\\/www.inverseteams.com\\\/fr\\\/produit\\\/maillot-cyclisme-manche-courte-motion-india-white\\\/\",\"url\":\"https:\\\/\\\/www.inverseteams.com\\\/fr\\\/produit\\\/maillot-cyclisme-manche-courte-motion-india-white\\\/\",\"name\":\"Maillot cyclisme manche courte MOTION INDIA WHITE (FEMME)\",\"isPartOf\":{\"@id\":\"https:\\\/\\\/www.inverseteams.com\\\/fr\\\/#website\"},\"primaryImageOfPage\":{\"@id\":\"https:\\\/\\\/www.inverseteams.com\\\/fr\\\/produit\\\/maillot-cyclisme-manche-courte-motion-india-white\\\/#primaryimage\"},\"image\":{\"@id\":\"https:\\\/\\\/www.inverseteams.com\\\/fr\\\/produit\\\/maillot-cyclisme-manche-courte-motion-india-white\\\/#primaryimage\"},\"thumbnailUrl\":\"https:\\\/\\\/www.inverseteams.com\\\/wp-content\\\/uploads\\\/INVERSE-CICLISMO-MUJER-MAILLOT-MOTION-INDIA-WHITE-001.jpg\",\"datePublished\":\"2026-03-06T11:37:31+00:00\",\"dateModified\":\"2026-03-06T11:51:39+00:00\",\"description\":\"Avec sa coupe slim fit (tr\u00e8s ajust\u00e9e), il s\u2019adapte au corps comme une seconde peau, offrant une totale libert\u00e9 de mouvement et une sensation a\u00e9rodynamique pr\u00e9cise sur le v\u00e9lo.\",\"breadcrumb\":{\"@id\":\"https:\\\/\\\/www.inverseteams.com\\\/fr\\\/produit\\\/maillot-cyclisme-manche-courte-motion-india-white\\\/#breadcrumb\"},\"inLanguage\":\"fr-FR\",\"potentialAction\":[{\"@type\":\"ReadAction\",\"target\":[\"https:\\\/\\\/www.inverseteams.com\\\/fr\\\/produit\\\/maillot-cyclisme-manche-courte-motion-india-white\\\/\"]}]},{\"@type\":\"ImageObject\",\"inLanguage\":\"fr-FR\",\"@id\":\"https:\\\/\\\/www.inverseteams.com\\\/fr\\\/produit\\\/maillot-cyclisme-manche-courte-motion-india-white\\\/#primaryimage\",\"url\":\"https:\\\/\\\/www.inverseteams.com\\\/wp-content\\\/uploads\\\/INVERSE-CICLISMO-MUJER-MAILLOT-MOTION-INDIA-WHITE-001.jpg\",\"contentUrl\":\"https:\\\/\\\/www.inverseteams.com\\\/wp-content\\\/uploads\\\/INVERSE-CICLISMO-MUJER-MAILLOT-MOTION-INDIA-WHITE-001.jpg\",\"width\":1500,\"height\":1612},{\"@type\":\"BreadcrumbList\",\"@id\":\"https:\\\/\\\/www.inverseteams.com\\\/fr\\\/produit\\\/maillot-cyclisme-manche-courte-motion-india-white\\\/#breadcrumb\",\"itemListElement\":[{\"@type\":\"ListItem\",\"position\":1,\"name\":\"Portada\",\"item\":\"https:\\\/\\\/www.inverseteams.com\\\/fr\\\/pagina-principal\\\/\"},{\"@type\":\"ListItem\",\"position\":2,\"name\":\"Panier\",\"item\":\"https:\\\/\\\/www.inverseteams.com\\\/fr\\\/panier\\\/\"},{\"@type\":\"ListItem\",\"position\":3,\"name\":\"Maillot cyclisme manche courte MOTION INDIA WHITE\"}]},{\"@type\":\"WebSite\",\"@id\":\"https:\\\/\\\/www.inverseteams.com\\\/fr\\\/#website\",\"url\":\"https:\\\/\\\/www.inverseteams.com\\\/fr\\\/\",\"name\":\"Inverseteams\",\"description\":\"Tu marca de ropa deportiva personalizada\",\"publisher\":{\"@id\":\"https:\\\/\\\/www.inverseteams.com\\\/fr\\\/#organization\"},\"potentialAction\":[{\"@type\":\"SearchAction\",\"target\":{\"@type\":\"EntryPoint\",\"urlTemplate\":\"https:\\\/\\\/www.inverseteams.com\\\/fr\\\/?s={search_term_string}\"},\"query-input\":{\"@type\":\"PropertyValueSpecification\",\"valueRequired\":true,\"valueName\":\"search_term_string\"}}],\"inLanguage\":\"fr-FR\"},{\"@type\":\"Organization\",\"@id\":\"https:\\\/\\\/www.inverseteams.com\\\/fr\\\/#organization\",\"name\":\"Inverse Teams\",\"url\":\"https:\\\/\\\/www.inverseteams.com\\\/fr\\\/\",\"logo\":{\"@type\":\"ImageObject\",\"inLanguage\":\"fr-FR\",\"@id\":\"https:\\\/\\\/www.inverseteams.com\\\/fr\\\/#\\\/schema\\\/logo\\\/image\\\/\",\"url\":\"https:\\\/\\\/www.inverseteams.com\\\/wp-content\\\/uploads\\\/2021\\\/03\\\/logo-inverse-teams.png\",\"contentUrl\":\"https:\\\/\\\/www.inverseteams.com\\\/wp-content\\\/uploads\\\/2021\\\/03\\\/logo-inverse-teams.png\",\"width\":294,\"height\":99,\"caption\":\"Inverse Teams\"},\"image\":{\"@id\":\"https:\\\/\\\/www.inverseteams.com\\\/fr\\\/#\\\/schema\\\/logo\\\/image\\\/\"},\"sameAs\":[\"https:\\\/\\\/www.facebook.com\\\/inverseteams\",\"http:\\\/\\\/instagram.com\\\/inverseteams\",\"https:\\\/\\\/www.linkedin.com\\\/company\\\/inverse-cirosport-s-l-?trk=job_view_topcard_company_name\",\"http:\\\/\\\/www.pinterest.com\\\/inverseteams\\\/\",\"http:\\\/\\\/www.youtube.com\\\/user\\\/inverseteams?feature=watch\"]}]}<\/script>\n<!-- \/ Yoast SEO plugin. -->","yoast_head_json":{"title":"Maillot cyclisme manche courte MOTION INDIA WHITE (FEMME)","description":"Avec sa coupe slim fit (tr\u00e8s ajust\u00e9e), il s\u2019adapte au corps comme une seconde peau, offrant une totale libert\u00e9 de mouvement et une sensation a\u00e9rodynamique pr\u00e9cise sur le v\u00e9lo.","robots":{"index":"index","follow":"follow","max-snippet":"max-snippet:-1","max-image-preview":"max-image-preview:large","max-video-preview":"max-video-preview:-1"},"canonical":"https:\/\/www.inverseteams.com\/fr\/produit\/maillot-cyclisme-manche-courte-motion-india-white\/","og_locale":"fr_FR","og_type":"article","og_title":"Maillot cyclisme manche courte MOTION INDIA WHITE (FEMME)","og_description":"Avec sa coupe slim fit (tr\u00e8s ajust\u00e9e), il s\u2019adapte au corps comme une seconde peau, offrant une totale libert\u00e9 de mouvement et une sensation a\u00e9rodynamique pr\u00e9cise sur le v\u00e9lo.","og_url":"https:\/\/www.inverseteams.com\/fr\/produit\/maillot-cyclisme-manche-courte-motion-india-white\/","og_site_name":"Inverseteams","article_publisher":"https:\/\/www.facebook.com\/inverseteams","article_modified_time":"2026-03-06T11:51:39+00:00","og_image":[{"width":1500,"height":1612,"url":"https:\/\/www.inverseteams.com\/wp-content\/uploads\/INVERSE-CICLISMO-MUJER-MAILLOT-MOTION-INDIA-WHITE-001.jpg","type":"image\/jpeg"}],"twitter_card":"summary_large_image","twitter_misc":{"Dur\u00e9e de lecture estim\u00e9e":"2 minutes"},"schema":{"@context":"https:\/\/schema.org","@graph":[{"@type":"WebPage","@id":"https:\/\/www.inverseteams.com\/fr\/produit\/maillot-cyclisme-manche-courte-motion-india-white\/","url":"https:\/\/www.inverseteams.com\/fr\/produit\/maillot-cyclisme-manche-courte-motion-india-white\/","name":"Maillot cyclisme manche courte MOTION INDIA WHITE (FEMME)","isPartOf":{"@id":"https:\/\/www.inverseteams.com\/fr\/#website"},"primaryImageOfPage":{"@id":"https:\/\/www.inverseteams.com\/fr\/produit\/maillot-cyclisme-manche-courte-motion-india-white\/#primaryimage"},"image":{"@id":"https:\/\/www.inverseteams.com\/fr\/produit\/maillot-cyclisme-manche-courte-motion-india-white\/#primaryimage"},"thumbnailUrl":"https:\/\/www.inverseteams.com\/wp-content\/uploads\/INVERSE-CICLISMO-MUJER-MAILLOT-MOTION-INDIA-WHITE-001.jpg","datePublished":"2026-03-06T11:37:31+00:00","dateModified":"2026-03-06T11:51:39+00:00","description":"Avec sa coupe slim fit (tr\u00e8s ajust\u00e9e), il s\u2019adapte au corps comme une seconde peau, offrant une totale libert\u00e9 de mouvement et une sensation a\u00e9rodynamique pr\u00e9cise sur le v\u00e9lo.","breadcrumb":{"@id":"https:\/\/www.inverseteams.com\/fr\/produit\/maillot-cyclisme-manche-courte-motion-india-white\/#breadcrumb"},"inLanguage":"fr-FR","potentialAction":[{"@type":"ReadAction","target":["https:\/\/www.inverseteams.com\/fr\/produit\/maillot-cyclisme-manche-courte-motion-india-white\/"]}]},{"@type":"ImageObject","inLanguage":"fr-FR","@id":"https:\/\/www.inverseteams.com\/fr\/produit\/maillot-cyclisme-manche-courte-motion-india-white\/#primaryimage","url":"https:\/\/www.inverseteams.com\/wp-content\/uploads\/INVERSE-CICLISMO-MUJER-MAILLOT-MOTION-INDIA-WHITE-001.jpg","contentUrl":"https:\/\/www.inverseteams.com\/wp-content\/uploads\/INVERSE-CICLISMO-MUJER-MAILLOT-MOTION-INDIA-WHITE-001.jpg","width":1500,"height":1612},{"@type":"BreadcrumbList","@id":"https:\/\/www.inverseteams.com\/fr\/produit\/maillot-cyclisme-manche-courte-motion-india-white\/#breadcrumb","itemListElement":[{"@type":"ListItem","position":1,"name":"Portada","item":"https:\/\/www.inverseteams.com\/fr\/pagina-principal\/"},{"@type":"ListItem","position":2,"name":"Panier","item":"https:\/\/www.inverseteams.com\/fr\/panier\/"},{"@type":"ListItem","position":3,"name":"Maillot cyclisme manche courte MOTION INDIA WHITE"}]},{"@type":"WebSite","@id":"https:\/\/www.inverseteams.com\/fr\/#website","url":"https:\/\/www.inverseteams.com\/fr\/","name":"Inverseteams","description":"Tu marca de ropa deportiva personalizada","publisher":{"@id":"https:\/\/www.inverseteams.com\/fr\/#organization"},"potentialAction":[{"@type":"SearchAction","target":{"@type":"EntryPoint","urlTemplate":"https:\/\/www.inverseteams.com\/fr\/?s={search_term_string}"},"query-input":{"@type":"PropertyValueSpecification","valueRequired":true,"valueName":"search_term_string"}}],"inLanguage":"fr-FR"},{"@type":"Organization","@id":"https:\/\/www.inverseteams.com\/fr\/#organization","name":"Inverse Teams","url":"https:\/\/www.inverseteams.com\/fr\/","logo":{"@type":"ImageObject","inLanguage":"fr-FR","@id":"https:\/\/www.inverseteams.com\/fr\/#\/schema\/logo\/image\/","url":"https:\/\/www.inverseteams.com\/wp-content\/uploads\/2021\/03\/logo-inverse-teams.png","contentUrl":"https:\/\/www.inverseteams.com\/wp-content\/uploads\/2021\/03\/logo-inverse-teams.png","width":294,"height":99,"caption":"Inverse Teams"},"image":{"@id":"https:\/\/www.inverseteams.com\/fr\/#\/schema\/logo\/image\/"},"sameAs":["https:\/\/www.facebook.com\/inverseteams","http:\/\/instagram.com\/inverseteams","https:\/\/www.linkedin.com\/company\/inverse-cirosport-s-l-?trk=job_view_topcard_company_name","http:\/\/www.pinterest.com\/inverseteams\/","http:\/\/www.youtube.com\/user\/inverseteams?feature=watch"]}]}},"_links":{"self":[{"href":"https:\/\/www.inverseteams.com\/fr\/wp-json\/wp\/v2\/product\/279404","targetHints":{"allow":["GET"]}}],"collection":[{"href":"https:\/\/www.inverseteams.com\/fr\/wp-json\/wp\/v2\/product"}],"about":[{"href":"https:\/\/www.inverseteams.com\/fr\/wp-json\/wp\/v2\/types\/product"}],"replies":[{"embeddable":true,"href":"https:\/\/www.inverseteams.com\/fr\/wp-json\/wp\/v2\/comments?post=279404"}],"wp:featuredmedia":[{"embeddable":true,"href":"https:\/\/www.inverseteams.com\/fr\/wp-json\/wp\/v2\/media\/279323"}],"wp:attachment":[{"href":"https:\/\/www.inverseteams.com\/fr\/wp-json\/wp\/v2\/media?parent=279404"}],"wp:term":[{"taxonomy":"product_brand","embeddable":true,"href":"https:\/\/www.inverseteams.com\/fr\/wp-json\/wp\/v2\/product_brand?post=279404"},{"taxonomy":"product_cat","embeddable":true,"href":"https:\/\/www.inverseteams.com\/fr\/wp-json\/wp\/v2\/product_cat?post=279404"},{"taxonomy":"product_tag","embeddable":true,"href":"https:\/\/www.inverseteams.com\/fr\/wp-json\/wp\/v2\/product_tag?post=279404"},{"taxonomy":"custom_category","embeddable":true,"href":"https:\/\/www.inverseteams.com\/fr\/wp-json\/wp\/v2\/custom_category?post=279404"},{"taxonomy":"range","embeddable":true,"href":"https:\/\/www.inverseteams.com\/fr\/wp-json\/wp\/v2\/range?post=279404"}],"curies":[{"name":"wp","href":"https:\/\/api.w.org\/{rel}","templated":true}]}}