{"id":279159,"date":"2026-03-06T09:04:16","date_gmt":"2026-03-06T08:04:16","guid":{"rendered":"https:\/\/www.inverseteams.com\/?post_type=product&#038;p=279159"},"modified":"2026-03-06T09:44:15","modified_gmt":"2026-03-06T08:44:15","slug":"maillot-cyclisme-manche-courte-essenz-asia-iris","status":"publish","type":"product","link":"https:\/\/www.inverseteams.com\/fr\/produit\/maillot-cyclisme-manche-courte-essenz-asia-iris\/","title":{"rendered":"Maillot cyclisme manche courte ESSENZ ASIA IRIS"},"content":{"rendered":"<p>Le maillot <strong>ESSENZ Women<\/strong> est con\u00e7u pour vous accompagner lors de vos sorties les plus chaudes, lorsque l\u2019asphalte d\u00e9gage de la chaleur et que chaque kilom\u00e8tre exige <strong>fra\u00eecheur, l\u00e9g\u00e8ret\u00e9 et libert\u00e9 totale de mouvement<\/strong>. Sp\u00e9cialement d\u00e9velopp\u00e9 comme maillot de cyclisme pour femme, son patronage est con\u00e7u pour s\u2019adapter parfaitement \u00e0 l\u2019anatomie f\u00e9minine, offrant un ajustement naturel qui favorise le confort et la performance sur le v\u00e9lo.<br \/>\nSa coupe slim fit (tr\u00e8s ajust\u00e9e) \u00e9pouse le corps comme une seconde peau, mettant en valeur la silhouette et optimisant l\u2019a\u00e9rodynamisme sans compromettre le confort. La coupe a \u00e9t\u00e9 soigneusement \u00e9tudi\u00e9e pour suivre les formes du corps f\u00e9minin et offrir un \u00e9quilibre parfait entre maintien, ergonomie et libert\u00e9 de mouvement.<br \/>\nConfectionn\u00e9 dans un tissu unique ultra-doux et agr\u00e9able au contact de la peau, il procure une sensation l\u00e9g\u00e8re et enveloppante d\u00e8s le premier instant. Sa grande capacit\u00e9 d\u2019\u00e9vacuation de la transpiration maintient la peau s\u00e8che plus longtemps, vous aidant \u00e0 conserver votre confort m\u00eame lors des sorties estivales les plus intenses.<br \/>\nLa taille int\u00e8gre une <strong>bande \u00e9lastique avec grip int\u00e9rieur<\/strong> qui garantit un ajustement ferme et stable, s\u2019adaptant au contour des hanches sans bouger pendant le p\u00e9dalage. La partie arri\u00e8re du col, avec un design anatomique crois\u00e9, s\u2019adapte \u00e0 la position naturelle sur le v\u00e9lo et \u00e9vite les frottements lors des longues sorties.<br \/>\nDans la zone lombaire, vous trouverez <strong>trois poches arri\u00e8re avec syst\u00e8me ISP<\/strong> (Inverse Safe Pocket), con\u00e7ues pour offrir davantage de s\u00e9curit\u00e9 et de praticit\u00e9 pendant la sortie. Il int\u00e8gre \u00e9galement des \u00e9l\u00e9ments r\u00e9fl\u00e9chissants strat\u00e9giquement plac\u00e9s qui am\u00e9liorent la visibilit\u00e9 sur la route et augmentent votre s\u00e9curit\u00e9 dans des conditions de faible luminosit\u00e9.<br \/>\nLa <strong>fermeture \u00e9clair magn\u00e9tique avec syst\u00e8me antipull<\/strong> permet un ajustement facile m\u00eame en roulant et \u00e9vite les ouvertures involontaires, apportant un suppl\u00e9ment de fonctionnalit\u00e9, de s\u00e9curit\u00e9 et de qualit\u00e9.<\/p>\n","protected":false},"excerpt":{"rendered":"<p>Le maillot <strong>ESSENZ Women<\/strong> est con\u00e7u pour vous accompagner lors de vos sorties les plus chaudes, lorsque l\u2019asphalte d\u00e9gage de la chaleur et que chaque kilom\u00e8tre exige <strong>fra\u00eecheur, l\u00e9g\u00e8ret\u00e9 et libert\u00e9 totale de mouvement<\/strong>. Sp\u00e9cialement d\u00e9velopp\u00e9 comme maillot de cyclisme pour femme, son patronage est con\u00e7u pour s\u2019adapter parfaitement \u00e0 l\u2019anatomie f\u00e9minine, offrant un ajustement naturel qui favorise le confort et la performance sur le v\u00e9lo.<br \/>\nSa coupe slim fit (tr\u00e8s ajust\u00e9e) \u00e9pouse le corps comme une seconde peau, mettant en valeur la silhouette et optimisant l\u2019a\u00e9rodynamisme sans compromettre le confort. La coupe a \u00e9t\u00e9 soigneusement \u00e9tudi\u00e9e pour suivre les formes du corps f\u00e9minin et offrir un \u00e9quilibre parfait entre maintien, ergonomie et libert\u00e9 de mouvement.<br \/>\nConfectionn\u00e9 dans un tissu unique ultra-doux et agr\u00e9able au contact de la peau, il procure une sensation l\u00e9g\u00e8re et enveloppante d\u00e8s le premier instant. Sa grande capacit\u00e9 d\u2019\u00e9vacuation de la transpiration maintient la peau s\u00e8che plus longtemps, vous aidant \u00e0 conserver votre confort m\u00eame lors des sorties estivales les plus intenses.<br \/>\nLa taille int\u00e8gre une <strong>bande \u00e9lastique avec grip int\u00e9rieur<\/strong> qui garantit un ajustement ferme et stable, s\u2019adaptant au contour des hanches sans bouger pendant le p\u00e9dalage. La partie arri\u00e8re du col, avec un design anatomique crois\u00e9, s\u2019adapte \u00e0 la position naturelle sur le v\u00e9lo et \u00e9vite les frottements lors des longues sorties.<br \/>\nDans la zone lombaire, vous trouverez <strong>trois poches arri\u00e8re avec syst\u00e8me ISP<\/strong> (Inverse Safe Pocket), con\u00e7ues pour offrir davantage de s\u00e9curit\u00e9 et de praticit\u00e9 pendant la sortie. Il int\u00e8gre \u00e9galement des \u00e9l\u00e9ments r\u00e9fl\u00e9chissants strat\u00e9giquement plac\u00e9s qui am\u00e9liorent la visibilit\u00e9 sur la route et augmentent votre s\u00e9curit\u00e9 dans des conditions de faible luminosit\u00e9.<br \/>\nLa <strong>fermeture \u00e9clair magn\u00e9tique avec syst\u00e8me antipull<\/strong> permet un ajustement facile m\u00eame en roulant et \u00e9vite les ouvertures involontaires, apportant un suppl\u00e9ment de fonctionnalit\u00e9, de s\u00e9curit\u00e9 et de qualit\u00e9.<\/p>\n","protected":false},"featured_media":279215,"comment_status":"closed","ping_status":"closed","template":"","meta":{"_acf_changed":false},"product_brand":[],"product_cat":[3230,3240,7177],"product_tag":[],"custom_category":[],"range":[],"class_list":{"0":"post-279159","1":"product","2":"type-product","3":"status-publish","4":"has-post-thumbnail","6":"product_cat-cyclisme-fr","7":"product_cat-maillot-cycliste","8":"product_cat-b2b-fr","9":"pa_climatologia-chaud","10":"pa_deporte-cyclisme","11":"pa_deporte-gravel-fr","12":"pa_genero-femme","13":"pa_patronaje-fit-fr","14":"pa_talla-l-fr","15":"pa_talla-m-fr","16":"pa_talla-s-fr","17":"pa_talla-xl-fr","18":"pa_talla-xs-fr","19":"pa_tipo-de-prenda-maillot-manche-courte","21":"first","22":"instock","23":"featured","24":"taxable","25":"shipping-taxable","26":"purchasable","27":"product-type-variable"},"acf":[],"yoast_head":"<!-- This site is optimized with the Yoast SEO plugin v27.3 - https:\/\/yoast.com\/product\/yoast-seo-wordpress\/ -->\n<title>Maillot cyclisme manche courte ESSENZ ASIA IRIS (FEMME)<\/title>\n<meta name=\"description\" content=\"Confectionn\u00e9 \u00e0 partir d\u2019un tissu unique ultra doux et agr\u00e9able au contact de la peau, il procure une sensation l\u00e9g\u00e8re et enveloppante d\u00e8s les premiers instants.\" \/>\n<meta name=\"robots\" content=\"index, follow, max-snippet:-1, max-image-preview:large, max-video-preview:-1\" \/>\n<link rel=\"canonical\" href=\"https:\/\/www.inverseteams.com\/fr\/produit\/maillot-cyclisme-manche-courte-essenz-asia-iris\/\" \/>\n<meta property=\"og:locale\" content=\"fr_FR\" \/>\n<meta property=\"og:type\" content=\"article\" \/>\n<meta property=\"og:title\" content=\"Maillot cyclisme manche courte ESSENZ ASIA IRIS (FEMME)\" \/>\n<meta property=\"og:description\" content=\"Confectionn\u00e9 \u00e0 partir d\u2019un tissu unique ultra doux et agr\u00e9able au contact de la peau, il procure une sensation l\u00e9g\u00e8re et enveloppante d\u00e8s les premiers instants.\" \/>\n<meta property=\"og:url\" content=\"https:\/\/www.inverseteams.com\/fr\/produit\/maillot-cyclisme-manche-courte-essenz-asia-iris\/\" \/>\n<meta property=\"og:site_name\" content=\"Inverseteams\" \/>\n<meta property=\"article:publisher\" content=\"https:\/\/www.facebook.com\/inverseteams\" \/>\n<meta property=\"article:modified_time\" content=\"2026-03-06T08:44:15+00:00\" \/>\n<meta property=\"og:image\" content=\"https:\/\/www.inverseteams.com\/wp-content\/uploads\/INVERSE-CICLISMO-MUJER-MAILLOT-ESSENZ-ASIA-IRIS-001.jpg\" \/>\n\t<meta property=\"og:image:width\" content=\"1500\" \/>\n\t<meta property=\"og:image:height\" content=\"1612\" \/>\n\t<meta property=\"og:image:type\" content=\"image\/jpeg\" \/>\n<meta name=\"twitter:card\" content=\"summary_large_image\" \/>\n<meta name=\"twitter:label1\" content=\"Dur\u00e9e de lecture estim\u00e9e\" \/>\n\t<meta name=\"twitter:data1\" content=\"2 minutes\" \/>\n<script type=\"application\/ld+json\" class=\"yoast-schema-graph\">{\"@context\":\"https:\\\/\\\/schema.org\",\"@graph\":[{\"@type\":\"WebPage\",\"@id\":\"https:\\\/\\\/www.inverseteams.com\\\/fr\\\/produit\\\/maillot-cyclisme-manche-courte-essenz-asia-iris\\\/\",\"url\":\"https:\\\/\\\/www.inverseteams.com\\\/fr\\\/produit\\\/maillot-cyclisme-manche-courte-essenz-asia-iris\\\/\",\"name\":\"Maillot cyclisme manche courte ESSENZ ASIA IRIS (FEMME)\",\"isPartOf\":{\"@id\":\"https:\\\/\\\/www.inverseteams.com\\\/fr\\\/#website\"},\"primaryImageOfPage\":{\"@id\":\"https:\\\/\\\/www.inverseteams.com\\\/fr\\\/produit\\\/maillot-cyclisme-manche-courte-essenz-asia-iris\\\/#primaryimage\"},\"image\":{\"@id\":\"https:\\\/\\\/www.inverseteams.com\\\/fr\\\/produit\\\/maillot-cyclisme-manche-courte-essenz-asia-iris\\\/#primaryimage\"},\"thumbnailUrl\":\"https:\\\/\\\/www.inverseteams.com\\\/wp-content\\\/uploads\\\/INVERSE-CICLISMO-MUJER-MAILLOT-ESSENZ-ASIA-IRIS-001.jpg\",\"datePublished\":\"2026-03-06T08:04:16+00:00\",\"dateModified\":\"2026-03-06T08:44:15+00:00\",\"description\":\"Confectionn\u00e9 \u00e0 partir d\u2019un tissu unique ultra doux et agr\u00e9able au contact de la peau, il procure une sensation l\u00e9g\u00e8re et enveloppante d\u00e8s les premiers instants.\",\"breadcrumb\":{\"@id\":\"https:\\\/\\\/www.inverseteams.com\\\/fr\\\/produit\\\/maillot-cyclisme-manche-courte-essenz-asia-iris\\\/#breadcrumb\"},\"inLanguage\":\"fr-FR\",\"potentialAction\":[{\"@type\":\"ReadAction\",\"target\":[\"https:\\\/\\\/www.inverseteams.com\\\/fr\\\/produit\\\/maillot-cyclisme-manche-courte-essenz-asia-iris\\\/\"]}]},{\"@type\":\"ImageObject\",\"inLanguage\":\"fr-FR\",\"@id\":\"https:\\\/\\\/www.inverseteams.com\\\/fr\\\/produit\\\/maillot-cyclisme-manche-courte-essenz-asia-iris\\\/#primaryimage\",\"url\":\"https:\\\/\\\/www.inverseteams.com\\\/wp-content\\\/uploads\\\/INVERSE-CICLISMO-MUJER-MAILLOT-ESSENZ-ASIA-IRIS-001.jpg\",\"contentUrl\":\"https:\\\/\\\/www.inverseteams.com\\\/wp-content\\\/uploads\\\/INVERSE-CICLISMO-MUJER-MAILLOT-ESSENZ-ASIA-IRIS-001.jpg\",\"width\":1500,\"height\":1612},{\"@type\":\"BreadcrumbList\",\"@id\":\"https:\\\/\\\/www.inverseteams.com\\\/fr\\\/produit\\\/maillot-cyclisme-manche-courte-essenz-asia-iris\\\/#breadcrumb\",\"itemListElement\":[{\"@type\":\"ListItem\",\"position\":1,\"name\":\"Portada\",\"item\":\"https:\\\/\\\/www.inverseteams.com\\\/fr\\\/pagina-principal\\\/\"},{\"@type\":\"ListItem\",\"position\":2,\"name\":\"Panier\",\"item\":\"https:\\\/\\\/www.inverseteams.com\\\/fr\\\/panier\\\/\"},{\"@type\":\"ListItem\",\"position\":3,\"name\":\"Maillot cyclisme manche courte ESSENZ ASIA IRIS\"}]},{\"@type\":\"WebSite\",\"@id\":\"https:\\\/\\\/www.inverseteams.com\\\/fr\\\/#website\",\"url\":\"https:\\\/\\\/www.inverseteams.com\\\/fr\\\/\",\"name\":\"Inverseteams\",\"description\":\"Tu marca de ropa deportiva personalizada\",\"publisher\":{\"@id\":\"https:\\\/\\\/www.inverseteams.com\\\/fr\\\/#organization\"},\"potentialAction\":[{\"@type\":\"SearchAction\",\"target\":{\"@type\":\"EntryPoint\",\"urlTemplate\":\"https:\\\/\\\/www.inverseteams.com\\\/fr\\\/?s={search_term_string}\"},\"query-input\":{\"@type\":\"PropertyValueSpecification\",\"valueRequired\":true,\"valueName\":\"search_term_string\"}}],\"inLanguage\":\"fr-FR\"},{\"@type\":\"Organization\",\"@id\":\"https:\\\/\\\/www.inverseteams.com\\\/fr\\\/#organization\",\"name\":\"Inverse Teams\",\"url\":\"https:\\\/\\\/www.inverseteams.com\\\/fr\\\/\",\"logo\":{\"@type\":\"ImageObject\",\"inLanguage\":\"fr-FR\",\"@id\":\"https:\\\/\\\/www.inverseteams.com\\\/fr\\\/#\\\/schema\\\/logo\\\/image\\\/\",\"url\":\"https:\\\/\\\/www.inverseteams.com\\\/wp-content\\\/uploads\\\/2021\\\/03\\\/logo-inverse-teams.png\",\"contentUrl\":\"https:\\\/\\\/www.inverseteams.com\\\/wp-content\\\/uploads\\\/2021\\\/03\\\/logo-inverse-teams.png\",\"width\":294,\"height\":99,\"caption\":\"Inverse Teams\"},\"image\":{\"@id\":\"https:\\\/\\\/www.inverseteams.com\\\/fr\\\/#\\\/schema\\\/logo\\\/image\\\/\"},\"sameAs\":[\"https:\\\/\\\/www.facebook.com\\\/inverseteams\",\"http:\\\/\\\/instagram.com\\\/inverseteams\",\"https:\\\/\\\/www.linkedin.com\\\/company\\\/inverse-cirosport-s-l-?trk=job_view_topcard_company_name\",\"http:\\\/\\\/www.pinterest.com\\\/inverseteams\\\/\",\"http:\\\/\\\/www.youtube.com\\\/user\\\/inverseteams?feature=watch\"]}]}<\/script>\n<!-- \/ Yoast SEO plugin. -->","yoast_head_json":{"title":"Maillot cyclisme manche courte ESSENZ ASIA IRIS (FEMME)","description":"Confectionn\u00e9 \u00e0 partir d\u2019un tissu unique ultra doux et agr\u00e9able au contact de la peau, il procure une sensation l\u00e9g\u00e8re et enveloppante d\u00e8s les premiers instants.","robots":{"index":"index","follow":"follow","max-snippet":"max-snippet:-1","max-image-preview":"max-image-preview:large","max-video-preview":"max-video-preview:-1"},"canonical":"https:\/\/www.inverseteams.com\/fr\/produit\/maillot-cyclisme-manche-courte-essenz-asia-iris\/","og_locale":"fr_FR","og_type":"article","og_title":"Maillot cyclisme manche courte ESSENZ ASIA IRIS (FEMME)","og_description":"Confectionn\u00e9 \u00e0 partir d\u2019un tissu unique ultra doux et agr\u00e9able au contact de la peau, il procure une sensation l\u00e9g\u00e8re et enveloppante d\u00e8s les premiers instants.","og_url":"https:\/\/www.inverseteams.com\/fr\/produit\/maillot-cyclisme-manche-courte-essenz-asia-iris\/","og_site_name":"Inverseteams","article_publisher":"https:\/\/www.facebook.com\/inverseteams","article_modified_time":"2026-03-06T08:44:15+00:00","og_image":[{"width":1500,"height":1612,"url":"https:\/\/www.inverseteams.com\/wp-content\/uploads\/INVERSE-CICLISMO-MUJER-MAILLOT-ESSENZ-ASIA-IRIS-001.jpg","type":"image\/jpeg"}],"twitter_card":"summary_large_image","twitter_misc":{"Dur\u00e9e de lecture estim\u00e9e":"2 minutes"},"schema":{"@context":"https:\/\/schema.org","@graph":[{"@type":"WebPage","@id":"https:\/\/www.inverseteams.com\/fr\/produit\/maillot-cyclisme-manche-courte-essenz-asia-iris\/","url":"https:\/\/www.inverseteams.com\/fr\/produit\/maillot-cyclisme-manche-courte-essenz-asia-iris\/","name":"Maillot cyclisme manche courte ESSENZ ASIA IRIS (FEMME)","isPartOf":{"@id":"https:\/\/www.inverseteams.com\/fr\/#website"},"primaryImageOfPage":{"@id":"https:\/\/www.inverseteams.com\/fr\/produit\/maillot-cyclisme-manche-courte-essenz-asia-iris\/#primaryimage"},"image":{"@id":"https:\/\/www.inverseteams.com\/fr\/produit\/maillot-cyclisme-manche-courte-essenz-asia-iris\/#primaryimage"},"thumbnailUrl":"https:\/\/www.inverseteams.com\/wp-content\/uploads\/INVERSE-CICLISMO-MUJER-MAILLOT-ESSENZ-ASIA-IRIS-001.jpg","datePublished":"2026-03-06T08:04:16+00:00","dateModified":"2026-03-06T08:44:15+00:00","description":"Confectionn\u00e9 \u00e0 partir d\u2019un tissu unique ultra doux et agr\u00e9able au contact de la peau, il procure une sensation l\u00e9g\u00e8re et enveloppante d\u00e8s les premiers instants.","breadcrumb":{"@id":"https:\/\/www.inverseteams.com\/fr\/produit\/maillot-cyclisme-manche-courte-essenz-asia-iris\/#breadcrumb"},"inLanguage":"fr-FR","potentialAction":[{"@type":"ReadAction","target":["https:\/\/www.inverseteams.com\/fr\/produit\/maillot-cyclisme-manche-courte-essenz-asia-iris\/"]}]},{"@type":"ImageObject","inLanguage":"fr-FR","@id":"https:\/\/www.inverseteams.com\/fr\/produit\/maillot-cyclisme-manche-courte-essenz-asia-iris\/#primaryimage","url":"https:\/\/www.inverseteams.com\/wp-content\/uploads\/INVERSE-CICLISMO-MUJER-MAILLOT-ESSENZ-ASIA-IRIS-001.jpg","contentUrl":"https:\/\/www.inverseteams.com\/wp-content\/uploads\/INVERSE-CICLISMO-MUJER-MAILLOT-ESSENZ-ASIA-IRIS-001.jpg","width":1500,"height":1612},{"@type":"BreadcrumbList","@id":"https:\/\/www.inverseteams.com\/fr\/produit\/maillot-cyclisme-manche-courte-essenz-asia-iris\/#breadcrumb","itemListElement":[{"@type":"ListItem","position":1,"name":"Portada","item":"https:\/\/www.inverseteams.com\/fr\/pagina-principal\/"},{"@type":"ListItem","position":2,"name":"Panier","item":"https:\/\/www.inverseteams.com\/fr\/panier\/"},{"@type":"ListItem","position":3,"name":"Maillot cyclisme manche courte ESSENZ ASIA IRIS"}]},{"@type":"WebSite","@id":"https:\/\/www.inverseteams.com\/fr\/#website","url":"https:\/\/www.inverseteams.com\/fr\/","name":"Inverseteams","description":"Tu marca de ropa deportiva personalizada","publisher":{"@id":"https:\/\/www.inverseteams.com\/fr\/#organization"},"potentialAction":[{"@type":"SearchAction","target":{"@type":"EntryPoint","urlTemplate":"https:\/\/www.inverseteams.com\/fr\/?s={search_term_string}"},"query-input":{"@type":"PropertyValueSpecification","valueRequired":true,"valueName":"search_term_string"}}],"inLanguage":"fr-FR"},{"@type":"Organization","@id":"https:\/\/www.inverseteams.com\/fr\/#organization","name":"Inverse Teams","url":"https:\/\/www.inverseteams.com\/fr\/","logo":{"@type":"ImageObject","inLanguage":"fr-FR","@id":"https:\/\/www.inverseteams.com\/fr\/#\/schema\/logo\/image\/","url":"https:\/\/www.inverseteams.com\/wp-content\/uploads\/2021\/03\/logo-inverse-teams.png","contentUrl":"https:\/\/www.inverseteams.com\/wp-content\/uploads\/2021\/03\/logo-inverse-teams.png","width":294,"height":99,"caption":"Inverse Teams"},"image":{"@id":"https:\/\/www.inverseteams.com\/fr\/#\/schema\/logo\/image\/"},"sameAs":["https:\/\/www.facebook.com\/inverseteams","http:\/\/instagram.com\/inverseteams","https:\/\/www.linkedin.com\/company\/inverse-cirosport-s-l-?trk=job_view_topcard_company_name","http:\/\/www.pinterest.com\/inverseteams\/","http:\/\/www.youtube.com\/user\/inverseteams?feature=watch"]}]}},"_links":{"self":[{"href":"https:\/\/www.inverseteams.com\/fr\/wp-json\/wp\/v2\/product\/279159","targetHints":{"allow":["GET"]}}],"collection":[{"href":"https:\/\/www.inverseteams.com\/fr\/wp-json\/wp\/v2\/product"}],"about":[{"href":"https:\/\/www.inverseteams.com\/fr\/wp-json\/wp\/v2\/types\/product"}],"replies":[{"embeddable":true,"href":"https:\/\/www.inverseteams.com\/fr\/wp-json\/wp\/v2\/comments?post=279159"}],"wp:featuredmedia":[{"embeddable":true,"href":"https:\/\/www.inverseteams.com\/fr\/wp-json\/wp\/v2\/media\/279215"}],"wp:attachment":[{"href":"https:\/\/www.inverseteams.com\/fr\/wp-json\/wp\/v2\/media?parent=279159"}],"wp:term":[{"taxonomy":"product_brand","embeddable":true,"href":"https:\/\/www.inverseteams.com\/fr\/wp-json\/wp\/v2\/product_brand?post=279159"},{"taxonomy":"product_cat","embeddable":true,"href":"https:\/\/www.inverseteams.com\/fr\/wp-json\/wp\/v2\/product_cat?post=279159"},{"taxonomy":"product_tag","embeddable":true,"href":"https:\/\/www.inverseteams.com\/fr\/wp-json\/wp\/v2\/product_tag?post=279159"},{"taxonomy":"custom_category","embeddable":true,"href":"https:\/\/www.inverseteams.com\/fr\/wp-json\/wp\/v2\/custom_category?post=279159"},{"taxonomy":"range","embeddable":true,"href":"https:\/\/www.inverseteams.com\/fr\/wp-json\/wp\/v2\/range?post=279159"}],"curies":[{"name":"wp","href":"https:\/\/api.w.org\/{rel}","templated":true}]}}