{"id":279019,"date":"2026-03-05T13:09:43","date_gmt":"2026-03-05T12:09:43","guid":{"rendered":"https:\/\/www.inverseteams.com\/?post_type=product&#038;p=279019"},"modified":"2026-03-05T13:51:25","modified_gmt":"2026-03-05T12:51:25","slug":"cuissard-velo-essenz-malta-marine","status":"publish","type":"product","link":"https:\/\/www.inverseteams.com\/fr\/produit\/cuissard-velo-essenz-malta-marine\/","title":{"rendered":"Cuissard v\u00e9lo ESSENZ MALTA MARINE"},"content":{"rendered":"<p>Ce cuissard polyvalent a \u00e9t\u00e9 con\u00e7u pour vous accompagner aussi bien lors d\u2019entra\u00eenements exigeants qu\u2019en comp\u00e9tition, offrant l\u2019\u00e9quilibre parfait entre l\u00e9g\u00e8ret\u00e9, \u00e9lasticit\u00e9 et performance. Un v\u00eatement technique pens\u00e9 pour les cyclistes en qu\u00eate de confort et d\u2019efficacit\u00e9 \u00e0 chaque coup de p\u00e9dale.<br \/>\nSon tissu tr\u00e8s l\u00e9ger et hautement \u00e9lastique s\u2019adapte au corps comme une seconde peau, offrant une libert\u00e9 totale de mouvement et une compression \u00e9quilibr\u00e9e. Les panneaux ont \u00e9t\u00e9 soigneusement con\u00e7us pour s\u2019adapter \u00e0 la position naturelle pendant le p\u00e9dalage, \u00e9vitant les g\u00eanes et garantissant une sensation de stabilit\u00e9 m\u00eame lors d\u2019efforts intenses.<br \/>\nIl int\u00e8gre des <strong>bretelles en polypropyl\u00e8ne qui favorisent l\u2019\u00e9vacuation rapide de la transpiration<\/strong>, maintenant le torse au sec et confortable. Elles assurent \u00e9galement un maintien ferme et \u00e9quilibr\u00e9, gardant le cuissard en place sans pression excessive.<br \/>\nLa finition avec bande \u00e9lastique microperfor\u00e9e et grip int\u00e9rieur au niveau des jambes garantit un ajustement pr\u00e9cis et s\u00fbr, \u00e9vitant tout d\u00e9placement sans compression. Les <strong>coutures plates tr\u00e8s r\u00e9sistantes r\u00e9duisent les frottements<\/strong> et augmentent la durabilit\u00e9 du v\u00eatement, m\u00eame apr\u00e8s de nombreuses heures d\u2019utilisation.<br \/>\nAu c\u0153ur de ce cuissard se trouve la prestigieuse peau Mustang d\u2019Elastic Interface, d\u00e9velopp\u00e9e selon le concept Zero Friction. Sa conception avec des transitions douces entre diff\u00e9rents niveaux de densit\u00e9 \u00e9limine les points de pression et am\u00e9liore l\u2019adaptation au corps. Elle associe la mousse Pro Evo, haute densit\u00e9 et \u00e0 excellente capacit\u00e9 de r\u00e9cup\u00e9ration, au tissu recycl\u00e9 Re-Cycle, offrant un confort maximal, des performances \u00e9lev\u00e9es et un v\u00e9ritable engagement en faveur de la durabilit\u00e9.<br \/>\n<strong>Un cuissard technique, confortable et fiable, pr\u00eat \u00e0 donner le meilleur \u00e0 chaque sortie<\/strong>, que ce soit pour pr\u00e9parer votre prochain objectif ou pour concourir au plus haut niveau.<\/p>\n","protected":false},"excerpt":{"rendered":"<p>Ce cuissard polyvalent a \u00e9t\u00e9 con\u00e7u pour vous accompagner aussi bien lors d\u2019entra\u00eenements exigeants qu\u2019en comp\u00e9tition, offrant l\u2019\u00e9quilibre parfait entre l\u00e9g\u00e8ret\u00e9, \u00e9lasticit\u00e9 et performance. Un v\u00eatement technique pens\u00e9 pour les cyclistes en qu\u00eate de confort et d\u2019efficacit\u00e9 \u00e0 chaque coup de p\u00e9dale.<br \/>\nSon tissu tr\u00e8s l\u00e9ger et hautement \u00e9lastique s\u2019adapte au corps comme une seconde peau, offrant une libert\u00e9 totale de mouvement et une compression \u00e9quilibr\u00e9e. Les panneaux ont \u00e9t\u00e9 soigneusement con\u00e7us pour s\u2019adapter \u00e0 la position naturelle pendant le p\u00e9dalage, \u00e9vitant les g\u00eanes et garantissant une sensation de stabilit\u00e9 m\u00eame lors d\u2019efforts intenses.<br \/>\nIl int\u00e8gre des <strong>bretelles en polypropyl\u00e8ne qui favorisent l\u2019\u00e9vacuation rapide de la transpiration<\/strong>, maintenant le torse au sec et confortable. Elles assurent \u00e9galement un maintien ferme et \u00e9quilibr\u00e9, gardant le cuissard en place sans pression excessive.<br \/>\nLa finition avec bande \u00e9lastique microperfor\u00e9e et grip int\u00e9rieur au niveau des jambes garantit un ajustement pr\u00e9cis et s\u00fbr, \u00e9vitant tout d\u00e9placement sans compression. Les <strong>coutures plates tr\u00e8s r\u00e9sistantes r\u00e9duisent les frottements<\/strong> et augmentent la durabilit\u00e9 du v\u00eatement, m\u00eame apr\u00e8s de nombreuses heures d\u2019utilisation.<br \/>\nAu c\u0153ur de ce cuissard se trouve la prestigieuse peau Mustang d\u2019Elastic Interface, d\u00e9velopp\u00e9e selon le concept Zero Friction. Sa conception avec des transitions douces entre diff\u00e9rents niveaux de densit\u00e9 \u00e9limine les points de pression et am\u00e9liore l\u2019adaptation au corps. Elle associe la mousse Pro Evo, haute densit\u00e9 et \u00e0 excellente capacit\u00e9 de r\u00e9cup\u00e9ration, au tissu recycl\u00e9 Re-Cycle, offrant un confort maximal, des performances \u00e9lev\u00e9es et un v\u00e9ritable engagement en faveur de la durabilit\u00e9.<br \/>\n<strong>Un cuissard technique, confortable et fiable, pr\u00eat \u00e0 donner le meilleur \u00e0 chaque sortie<\/strong>, que ce soit pour pr\u00e9parer votre prochain objectif ou pour concourir au plus haut niveau.<\/p>\n","protected":false},"featured_media":278969,"comment_status":"closed","ping_status":"closed","template":"","meta":{"_acf_changed":false},"product_brand":[],"product_cat":[3230,3248,7177],"product_tag":[],"custom_category":[],"range":[],"class_list":{"0":"post-279019","1":"product","2":"type-product","3":"status-publish","4":"has-post-thumbnail","6":"product_cat-cyclisme-fr","7":"product_cat-cuissard-cyclisme-fr","8":"product_cat-b2b-fr","9":"pa_climatologia-chaud","10":"pa_climatologia-temperature-chaude","11":"pa_deporte-gravel-fr","12":"pa_deporte-cyclisme","13":"pa_genero-homme","14":"pa_patronaje-fit-fr","15":"pa_talla-m-fr","16":"pa_talla-s-fr","17":"pa_talla-xl-fr","18":"pa_talla-xxl-fr","19":"pa_talla-l-fr","20":"pa_tipo-de-prenda-cuissard-velo-fr","22":"first","23":"outofstock","24":"taxable","25":"shipping-taxable","26":"purchasable","27":"product-type-variable","28":"has-default-attributes"},"acf":[],"yoast_head":"<!-- This site is optimized with the Yoast SEO plugin v27.3 - https:\/\/yoast.com\/product\/yoast-seo-wordpress\/ -->\n<title>Cuissard v\u00e9lo ESSENZ MALTA MARINE<\/title>\n<meta name=\"description\" content=\"Ce cuissard polyvalent a \u00e9t\u00e9 con\u00e7u pour vous accompagner aussi bien lors d\u2019entra\u00eenements exigeants qu\u2019en comp\u00e9tition, offrant l\u2019\u00e9quilibre parfait entre l\u00e9g\u00e8ret\u00e9, \u00e9lasticit\u00e9 et performance.\" \/>\n<meta name=\"robots\" content=\"index, follow, max-snippet:-1, max-image-preview:large, max-video-preview:-1\" \/>\n<link rel=\"canonical\" href=\"https:\/\/www.inverseteams.com\/fr\/produit\/cuissard-velo-essenz-malta-marine\/\" \/>\n<meta property=\"og:locale\" content=\"fr_FR\" \/>\n<meta property=\"og:type\" content=\"article\" \/>\n<meta property=\"og:title\" content=\"Cuissard v\u00e9lo KOSMIK\" \/>\n<meta property=\"og:description\" content=\"Le cuissard v\u00e9lo id\u00e9al pour l\u2019entra\u00eenement et la comp\u00e9tition. Son \u00e9lasticit\u00e9 et sa l\u00e9g\u00e8ret\u00e9 vous permettront une grande libert\u00e9 de mouvement.\" \/>\n<meta property=\"og:url\" content=\"https:\/\/www.inverseteams.com\/fr\/produit\/cuissard-velo-essenz-malta-marine\/\" \/>\n<meta property=\"og:site_name\" content=\"Inverseteams\" \/>\n<meta property=\"article:publisher\" content=\"https:\/\/www.facebook.com\/inverseteams\" \/>\n<meta property=\"article:modified_time\" content=\"2026-03-05T12:51:25+00:00\" \/>\n<meta property=\"og:image\" content=\"https:\/\/www.inverseteams.com\/wp-content\/uploads\/INVERSE-CICLISMO-HOMBRE-CULOTTE-ESSENZ-MALTA-MARINE-001.jpg\" \/>\n\t<meta property=\"og:image:width\" content=\"1500\" \/>\n\t<meta property=\"og:image:height\" content=\"1612\" \/>\n\t<meta property=\"og:image:type\" content=\"image\/jpeg\" \/>\n<meta name=\"twitter:card\" content=\"summary_large_image\" \/>\n<meta name=\"twitter:label1\" content=\"Dur\u00e9e de lecture estim\u00e9e\" \/>\n\t<meta name=\"twitter:data1\" content=\"2 minutes\" \/>\n<script type=\"application\/ld+json\" class=\"yoast-schema-graph\">{\"@context\":\"https:\\\/\\\/schema.org\",\"@graph\":[{\"@type\":\"WebPage\",\"@id\":\"https:\\\/\\\/www.inverseteams.com\\\/fr\\\/produit\\\/cuissard-velo-essenz-malta-marine\\\/\",\"url\":\"https:\\\/\\\/www.inverseteams.com\\\/fr\\\/produit\\\/cuissard-velo-essenz-malta-marine\\\/\",\"name\":\"Cuissard v\u00e9lo ESSENZ MALTA MARINE\",\"isPartOf\":{\"@id\":\"https:\\\/\\\/www.inverseteams.com\\\/fr\\\/#website\"},\"primaryImageOfPage\":{\"@id\":\"https:\\\/\\\/www.inverseteams.com\\\/fr\\\/produit\\\/cuissard-velo-essenz-malta-marine\\\/#primaryimage\"},\"image\":{\"@id\":\"https:\\\/\\\/www.inverseteams.com\\\/fr\\\/produit\\\/cuissard-velo-essenz-malta-marine\\\/#primaryimage\"},\"thumbnailUrl\":\"https:\\\/\\\/www.inverseteams.com\\\/wp-content\\\/uploads\\\/INVERSE-CICLISMO-HOMBRE-CULOTTE-ESSENZ-MALTA-MARINE-001.jpg\",\"datePublished\":\"2026-03-05T12:09:43+00:00\",\"dateModified\":\"2026-03-05T12:51:25+00:00\",\"description\":\"Ce cuissard polyvalent a \u00e9t\u00e9 con\u00e7u pour vous accompagner aussi bien lors d\u2019entra\u00eenements exigeants qu\u2019en comp\u00e9tition, offrant l\u2019\u00e9quilibre parfait entre l\u00e9g\u00e8ret\u00e9, \u00e9lasticit\u00e9 et performance.\",\"breadcrumb\":{\"@id\":\"https:\\\/\\\/www.inverseteams.com\\\/fr\\\/produit\\\/cuissard-velo-essenz-malta-marine\\\/#breadcrumb\"},\"inLanguage\":\"fr-FR\",\"potentialAction\":[{\"@type\":\"ReadAction\",\"target\":[\"https:\\\/\\\/www.inverseteams.com\\\/fr\\\/produit\\\/cuissard-velo-essenz-malta-marine\\\/\"]}]},{\"@type\":\"ImageObject\",\"inLanguage\":\"fr-FR\",\"@id\":\"https:\\\/\\\/www.inverseteams.com\\\/fr\\\/produit\\\/cuissard-velo-essenz-malta-marine\\\/#primaryimage\",\"url\":\"https:\\\/\\\/www.inverseteams.com\\\/wp-content\\\/uploads\\\/INVERSE-CICLISMO-HOMBRE-CULOTTE-ESSENZ-MALTA-MARINE-001.jpg\",\"contentUrl\":\"https:\\\/\\\/www.inverseteams.com\\\/wp-content\\\/uploads\\\/INVERSE-CICLISMO-HOMBRE-CULOTTE-ESSENZ-MALTA-MARINE-001.jpg\",\"width\":1500,\"height\":1612},{\"@type\":\"BreadcrumbList\",\"@id\":\"https:\\\/\\\/www.inverseteams.com\\\/fr\\\/produit\\\/cuissard-velo-essenz-malta-marine\\\/#breadcrumb\",\"itemListElement\":[{\"@type\":\"ListItem\",\"position\":1,\"name\":\"Portada\",\"item\":\"https:\\\/\\\/www.inverseteams.com\\\/fr\\\/pagina-principal\\\/\"},{\"@type\":\"ListItem\",\"position\":2,\"name\":\"Panier\",\"item\":\"https:\\\/\\\/www.inverseteams.com\\\/fr\\\/panier\\\/\"},{\"@type\":\"ListItem\",\"position\":3,\"name\":\"Cuissard v\u00e9lo ESSENZ MALTA MARINE\"}]},{\"@type\":\"WebSite\",\"@id\":\"https:\\\/\\\/www.inverseteams.com\\\/fr\\\/#website\",\"url\":\"https:\\\/\\\/www.inverseteams.com\\\/fr\\\/\",\"name\":\"Inverseteams\",\"description\":\"Tu marca de ropa deportiva personalizada\",\"publisher\":{\"@id\":\"https:\\\/\\\/www.inverseteams.com\\\/fr\\\/#organization\"},\"potentialAction\":[{\"@type\":\"SearchAction\",\"target\":{\"@type\":\"EntryPoint\",\"urlTemplate\":\"https:\\\/\\\/www.inverseteams.com\\\/fr\\\/?s={search_term_string}\"},\"query-input\":{\"@type\":\"PropertyValueSpecification\",\"valueRequired\":true,\"valueName\":\"search_term_string\"}}],\"inLanguage\":\"fr-FR\"},{\"@type\":\"Organization\",\"@id\":\"https:\\\/\\\/www.inverseteams.com\\\/fr\\\/#organization\",\"name\":\"Inverse Teams\",\"url\":\"https:\\\/\\\/www.inverseteams.com\\\/fr\\\/\",\"logo\":{\"@type\":\"ImageObject\",\"inLanguage\":\"fr-FR\",\"@id\":\"https:\\\/\\\/www.inverseteams.com\\\/fr\\\/#\\\/schema\\\/logo\\\/image\\\/\",\"url\":\"https:\\\/\\\/www.inverseteams.com\\\/wp-content\\\/uploads\\\/2021\\\/03\\\/logo-inverse-teams.png\",\"contentUrl\":\"https:\\\/\\\/www.inverseteams.com\\\/wp-content\\\/uploads\\\/2021\\\/03\\\/logo-inverse-teams.png\",\"width\":294,\"height\":99,\"caption\":\"Inverse Teams\"},\"image\":{\"@id\":\"https:\\\/\\\/www.inverseteams.com\\\/fr\\\/#\\\/schema\\\/logo\\\/image\\\/\"},\"sameAs\":[\"https:\\\/\\\/www.facebook.com\\\/inverseteams\",\"http:\\\/\\\/instagram.com\\\/inverseteams\",\"https:\\\/\\\/www.linkedin.com\\\/company\\\/inverse-cirosport-s-l-?trk=job_view_topcard_company_name\",\"http:\\\/\\\/www.pinterest.com\\\/inverseteams\\\/\",\"http:\\\/\\\/www.youtube.com\\\/user\\\/inverseteams?feature=watch\"]}]}<\/script>\n<!-- \/ Yoast SEO plugin. -->","yoast_head_json":{"title":"Cuissard v\u00e9lo ESSENZ MALTA MARINE","description":"Ce cuissard polyvalent a \u00e9t\u00e9 con\u00e7u pour vous accompagner aussi bien lors d\u2019entra\u00eenements exigeants qu\u2019en comp\u00e9tition, offrant l\u2019\u00e9quilibre parfait entre l\u00e9g\u00e8ret\u00e9, \u00e9lasticit\u00e9 et performance.","robots":{"index":"index","follow":"follow","max-snippet":"max-snippet:-1","max-image-preview":"max-image-preview:large","max-video-preview":"max-video-preview:-1"},"canonical":"https:\/\/www.inverseteams.com\/fr\/produit\/cuissard-velo-essenz-malta-marine\/","og_locale":"fr_FR","og_type":"article","og_title":"Cuissard v\u00e9lo KOSMIK","og_description":"Le cuissard v\u00e9lo id\u00e9al pour l\u2019entra\u00eenement et la comp\u00e9tition. Son \u00e9lasticit\u00e9 et sa l\u00e9g\u00e8ret\u00e9 vous permettront une grande libert\u00e9 de mouvement.","og_url":"https:\/\/www.inverseteams.com\/fr\/produit\/cuissard-velo-essenz-malta-marine\/","og_site_name":"Inverseteams","article_publisher":"https:\/\/www.facebook.com\/inverseteams","article_modified_time":"2026-03-05T12:51:25+00:00","og_image":[{"width":1500,"height":1612,"url":"https:\/\/www.inverseteams.com\/wp-content\/uploads\/INVERSE-CICLISMO-HOMBRE-CULOTTE-ESSENZ-MALTA-MARINE-001.jpg","type":"image\/jpeg"}],"twitter_card":"summary_large_image","twitter_misc":{"Dur\u00e9e de lecture estim\u00e9e":"2 minutes"},"schema":{"@context":"https:\/\/schema.org","@graph":[{"@type":"WebPage","@id":"https:\/\/www.inverseteams.com\/fr\/produit\/cuissard-velo-essenz-malta-marine\/","url":"https:\/\/www.inverseteams.com\/fr\/produit\/cuissard-velo-essenz-malta-marine\/","name":"Cuissard v\u00e9lo ESSENZ MALTA MARINE","isPartOf":{"@id":"https:\/\/www.inverseteams.com\/fr\/#website"},"primaryImageOfPage":{"@id":"https:\/\/www.inverseteams.com\/fr\/produit\/cuissard-velo-essenz-malta-marine\/#primaryimage"},"image":{"@id":"https:\/\/www.inverseteams.com\/fr\/produit\/cuissard-velo-essenz-malta-marine\/#primaryimage"},"thumbnailUrl":"https:\/\/www.inverseteams.com\/wp-content\/uploads\/INVERSE-CICLISMO-HOMBRE-CULOTTE-ESSENZ-MALTA-MARINE-001.jpg","datePublished":"2026-03-05T12:09:43+00:00","dateModified":"2026-03-05T12:51:25+00:00","description":"Ce cuissard polyvalent a \u00e9t\u00e9 con\u00e7u pour vous accompagner aussi bien lors d\u2019entra\u00eenements exigeants qu\u2019en comp\u00e9tition, offrant l\u2019\u00e9quilibre parfait entre l\u00e9g\u00e8ret\u00e9, \u00e9lasticit\u00e9 et performance.","breadcrumb":{"@id":"https:\/\/www.inverseteams.com\/fr\/produit\/cuissard-velo-essenz-malta-marine\/#breadcrumb"},"inLanguage":"fr-FR","potentialAction":[{"@type":"ReadAction","target":["https:\/\/www.inverseteams.com\/fr\/produit\/cuissard-velo-essenz-malta-marine\/"]}]},{"@type":"ImageObject","inLanguage":"fr-FR","@id":"https:\/\/www.inverseteams.com\/fr\/produit\/cuissard-velo-essenz-malta-marine\/#primaryimage","url":"https:\/\/www.inverseteams.com\/wp-content\/uploads\/INVERSE-CICLISMO-HOMBRE-CULOTTE-ESSENZ-MALTA-MARINE-001.jpg","contentUrl":"https:\/\/www.inverseteams.com\/wp-content\/uploads\/INVERSE-CICLISMO-HOMBRE-CULOTTE-ESSENZ-MALTA-MARINE-001.jpg","width":1500,"height":1612},{"@type":"BreadcrumbList","@id":"https:\/\/www.inverseteams.com\/fr\/produit\/cuissard-velo-essenz-malta-marine\/#breadcrumb","itemListElement":[{"@type":"ListItem","position":1,"name":"Portada","item":"https:\/\/www.inverseteams.com\/fr\/pagina-principal\/"},{"@type":"ListItem","position":2,"name":"Panier","item":"https:\/\/www.inverseteams.com\/fr\/panier\/"},{"@type":"ListItem","position":3,"name":"Cuissard v\u00e9lo ESSENZ MALTA MARINE"}]},{"@type":"WebSite","@id":"https:\/\/www.inverseteams.com\/fr\/#website","url":"https:\/\/www.inverseteams.com\/fr\/","name":"Inverseteams","description":"Tu marca de ropa deportiva personalizada","publisher":{"@id":"https:\/\/www.inverseteams.com\/fr\/#organization"},"potentialAction":[{"@type":"SearchAction","target":{"@type":"EntryPoint","urlTemplate":"https:\/\/www.inverseteams.com\/fr\/?s={search_term_string}"},"query-input":{"@type":"PropertyValueSpecification","valueRequired":true,"valueName":"search_term_string"}}],"inLanguage":"fr-FR"},{"@type":"Organization","@id":"https:\/\/www.inverseteams.com\/fr\/#organization","name":"Inverse Teams","url":"https:\/\/www.inverseteams.com\/fr\/","logo":{"@type":"ImageObject","inLanguage":"fr-FR","@id":"https:\/\/www.inverseteams.com\/fr\/#\/schema\/logo\/image\/","url":"https:\/\/www.inverseteams.com\/wp-content\/uploads\/2021\/03\/logo-inverse-teams.png","contentUrl":"https:\/\/www.inverseteams.com\/wp-content\/uploads\/2021\/03\/logo-inverse-teams.png","width":294,"height":99,"caption":"Inverse Teams"},"image":{"@id":"https:\/\/www.inverseteams.com\/fr\/#\/schema\/logo\/image\/"},"sameAs":["https:\/\/www.facebook.com\/inverseteams","http:\/\/instagram.com\/inverseteams","https:\/\/www.linkedin.com\/company\/inverse-cirosport-s-l-?trk=job_view_topcard_company_name","http:\/\/www.pinterest.com\/inverseteams\/","http:\/\/www.youtube.com\/user\/inverseteams?feature=watch"]}]}},"_links":{"self":[{"href":"https:\/\/www.inverseteams.com\/fr\/wp-json\/wp\/v2\/product\/279019","targetHints":{"allow":["GET"]}}],"collection":[{"href":"https:\/\/www.inverseteams.com\/fr\/wp-json\/wp\/v2\/product"}],"about":[{"href":"https:\/\/www.inverseteams.com\/fr\/wp-json\/wp\/v2\/types\/product"}],"replies":[{"embeddable":true,"href":"https:\/\/www.inverseteams.com\/fr\/wp-json\/wp\/v2\/comments?post=279019"}],"wp:featuredmedia":[{"embeddable":true,"href":"https:\/\/www.inverseteams.com\/fr\/wp-json\/wp\/v2\/media\/278969"}],"wp:attachment":[{"href":"https:\/\/www.inverseteams.com\/fr\/wp-json\/wp\/v2\/media?parent=279019"}],"wp:term":[{"taxonomy":"product_brand","embeddable":true,"href":"https:\/\/www.inverseteams.com\/fr\/wp-json\/wp\/v2\/product_brand?post=279019"},{"taxonomy":"product_cat","embeddable":true,"href":"https:\/\/www.inverseteams.com\/fr\/wp-json\/wp\/v2\/product_cat?post=279019"},{"taxonomy":"product_tag","embeddable":true,"href":"https:\/\/www.inverseteams.com\/fr\/wp-json\/wp\/v2\/product_tag?post=279019"},{"taxonomy":"custom_category","embeddable":true,"href":"https:\/\/www.inverseteams.com\/fr\/wp-json\/wp\/v2\/custom_category?post=279019"},{"taxonomy":"range","embeddable":true,"href":"https:\/\/www.inverseteams.com\/fr\/wp-json\/wp\/v2\/range?post=279019"}],"curies":[{"name":"wp","href":"https:\/\/api.w.org\/{rel}","templated":true}]}}