{"id":278726,"date":"2026-03-05T10:05:48","date_gmt":"2026-03-05T09:05:48","guid":{"rendered":"https:\/\/www.inverseteams.com\/?post_type=product&#038;p=278726"},"modified":"2026-03-24T14:38:40","modified_gmt":"2026-03-24T13:38:40","slug":"cuissard-velo-motion-sintra-sand","status":"publish","type":"product","link":"https:\/\/www.inverseteams.com\/fr\/produit\/cuissard-velo-motion-sintra-sand\/","title":{"rendered":"Cuissard v\u00e9lo MOTION SINTRA SAND"},"content":{"rendered":"<p>Con\u00e7u pour les cyclistes \u00e0 la recherche de performances maximales sans renoncer au confort, ce cuissard haut de gamme red\u00e9finit l\u2019exp\u00e9rience sur le v\u00e9lo, que ce soit sur route, en gravel ou en montagne. Chaque d\u00e9tail a \u00e9t\u00e9 pens\u00e9 pour offrir ajustement, stabilit\u00e9 et libert\u00e9 de mouvement sur les parcours les plus exigeants.<br \/>\nSa construction avec un nombre <strong>minimal de coutures r\u00e9duit la friction au maximum<\/strong>, offrant un ajustement net et ergonomique. L\u2019absence de couture au niveau de la zone des adducteurs am\u00e9liore consid\u00e9rablement la sensation pendant le p\u00e9dalage, en \u00e9liminant les points de pression et les frottements, m\u00eame lors des sorties de longue dur\u00e9e.<br \/>\nFabriqu\u00e9 en tissu LYCRA REVOLUTION avec finition mate, il offre une compression \u00e9quilibr\u00e9e, une excellente \u00e9lasticit\u00e9 de r\u00e9cup\u00e9ration et une esth\u00e9tique \u00e9l\u00e9gante et technique. La zone lombaire est confectionn\u00e9e dans un tissu hautement respirant qui favorise la ventilation et la r\u00e9gulation thermique, m\u00eame lors des journ\u00e9es les plus chaudes.<br \/>\nIl int\u00e8gre <strong>deux poches \u00e9lastiques dans la zone lombaire<\/strong>, pratiques et s\u00e9curis\u00e9es, id\u00e9ales pour transporter de petits objets essentiels lors de vos sorties. La <strong>finition avec d\u00e9coupe laser et bande en silicone int\u00e9rieure<\/strong> au niveau des jambes garantit un maintien ferme sans compression excessive, gardant le cuissard parfaitement en place \u00e0 tout moment. De plus, le d\u00e9tail r\u00e9fl\u00e9chissant \u00e0 l\u2019arri\u00e8re de la cuisse am\u00e9liore la visibilit\u00e9 et la s\u00e9curit\u00e9 sur la route.<br \/>\n<strong>Les bretelles en polypropyl\u00e8ne r\u00e9partissent le poids de mani\u00e8re \u00e9quilibr\u00e9e, maintiennent le cuissard stable et aident \u00e0 \u00e9viter les surcharges musculaires<\/strong>, offrant un soutien confortable et efficace pendant des heures de p\u00e9dalage.<br \/>\nAu c\u0153ur de ce cuissard se trouve la prestigieuse peau Mustang d\u2019Elastic Interface, d\u00e9velopp\u00e9e selon le concept Zero Friction. Sa conception avec des transitions douces entre les diff\u00e9rents niveaux de densit\u00e9 \u00e9limine les points de pression et am\u00e9liore l\u2019adaptation au corps. Elle associe la mousse Pro Evo, haute densit\u00e9 et \u00e0 grande capacit\u00e9 de r\u00e9cup\u00e9ration, au tissu recycl\u00e9 Re-Cycle, offrant un confort maximal, des performances \u00e9lev\u00e9es et un engagement fort en faveur de la durabilit\u00e9.<br \/>\n<strong>Un cuissard con\u00e7u pour ceux qui ne transigent pas avec la qualit\u00e9<\/strong>. Performance professionnelle, confort sup\u00e9rieur et design technique pour vous accompagner dans chaque d\u00e9fi.<\/p>\n","protected":false},"excerpt":{"rendered":"<p>Con\u00e7u pour les cyclistes \u00e0 la recherche de performances maximales sans renoncer au confort, ce cuissard haut de gamme red\u00e9finit l\u2019exp\u00e9rience sur le v\u00e9lo, que ce soit sur route, en gravel ou en montagne. Chaque d\u00e9tail a \u00e9t\u00e9 pens\u00e9 pour offrir ajustement, stabilit\u00e9 et libert\u00e9 de mouvement sur les parcours les plus exigeants.<br \/>\nSa construction avec un nombre <strong>minimal de coutures r\u00e9duit la friction au maximum<\/strong>, offrant un ajustement net et ergonomique. L\u2019absence de couture au niveau de la zone des adducteurs am\u00e9liore consid\u00e9rablement la sensation pendant le p\u00e9dalage, en \u00e9liminant les points de pression et les frottements, m\u00eame lors des sorties de longue dur\u00e9e.<br \/>\nFabriqu\u00e9 en tissu LYCRA REVOLUTION avec finition mate, il offre une compression \u00e9quilibr\u00e9e, une excellente \u00e9lasticit\u00e9 de r\u00e9cup\u00e9ration et une esth\u00e9tique \u00e9l\u00e9gante et technique. La zone lombaire est confectionn\u00e9e dans un tissu hautement respirant qui favorise la ventilation et la r\u00e9gulation thermique, m\u00eame lors des journ\u00e9es les plus chaudes.<br \/>\nIl int\u00e8gre <strong>deux poches \u00e9lastiques dans la zone lombaire<\/strong>, pratiques et s\u00e9curis\u00e9es, id\u00e9ales pour transporter de petits objets essentiels lors de vos sorties. La <strong>finition avec d\u00e9coupe laser et bande en silicone int\u00e9rieure<\/strong> au niveau des jambes garantit un maintien ferme sans compression excessive, gardant le cuissard parfaitement en place \u00e0 tout moment. De plus, le d\u00e9tail r\u00e9fl\u00e9chissant \u00e0 l\u2019arri\u00e8re de la cuisse am\u00e9liore la visibilit\u00e9 et la s\u00e9curit\u00e9 sur la route.<br \/>\n<strong>Les bretelles en polypropyl\u00e8ne r\u00e9partissent le poids de mani\u00e8re \u00e9quilibr\u00e9e, maintiennent le cuissard stable et aident \u00e0 \u00e9viter les surcharges musculaires<\/strong>, offrant un soutien confortable et efficace pendant des heures de p\u00e9dalage.<br \/>\nAu c\u0153ur de ce cuissard se trouve la prestigieuse peau Mustang d\u2019Elastic Interface, d\u00e9velopp\u00e9e selon le concept Zero Friction. Sa conception avec des transitions douces entre les diff\u00e9rents niveaux de densit\u00e9 \u00e9limine les points de pression et am\u00e9liore l\u2019adaptation au corps. Elle associe la mousse Pro Evo, haute densit\u00e9 et \u00e0 grande capacit\u00e9 de r\u00e9cup\u00e9ration, au tissu recycl\u00e9 Re-Cycle, offrant un confort maximal, des performances \u00e9lev\u00e9es et un engagement fort en faveur de la durabilit\u00e9.<br \/>\n<strong>Un cuissard con\u00e7u pour ceux qui ne transigent pas avec la qualit\u00e9<\/strong>. Performance professionnelle, confort sup\u00e9rieur et design technique pour vous accompagner dans chaque d\u00e9fi.<\/p>\n","protected":false},"featured_media":278776,"comment_status":"closed","ping_status":"closed","template":"","meta":{"_acf_changed":false},"product_brand":[],"product_cat":[3230,9949,3248,7177],"product_tag":[],"custom_category":[],"range":[],"class_list":{"0":"post-278726","1":"product","2":"type-product","3":"status-publish","4":"has-post-thumbnail","6":"product_cat-cyclisme-fr","7":"product_cat-gravel-fr","8":"product_cat-cuissard-cyclisme-fr","9":"product_cat-b2b-fr","10":"pa_climatologia-chaud","11":"pa_climatologia-temperature-chaude","12":"pa_deporte-cyclisme","13":"pa_deporte-gravel-fr","14":"pa_genero-homme","15":"pa_patronaje-fit-fr","16":"pa_talla-m-fr","17":"pa_talla-s-fr","18":"pa_talla-xl-fr","19":"pa_talla-xxl-fr","20":"pa_talla-l-fr","21":"pa_tipo-de-prenda-cuissard-velo-fr","23":"first","24":"instock","25":"taxable","26":"shipping-taxable","27":"purchasable","28":"product-type-variable","29":"has-default-attributes"},"acf":[],"yoast_head":"<!-- This site is optimized with the Yoast SEO plugin v27.3 - https:\/\/yoast.com\/product\/yoast-seo-wordpress\/ -->\n<title>Cuissard v\u00e9lo MOTION SINTRA SAND (HOMME)<\/title>\n<meta name=\"description\" content=\"Con\u00e7u pour les cyclistes \u00e0 la recherche de performances maximales sans renoncer au confort, ce cuissard haut de gamme red\u00e9finit l\u2019exp\u00e9rience sur le v\u00e9lo, que ce soit sur route, en gravel ou en montagne.\" \/>\n<meta name=\"robots\" content=\"index, follow, max-snippet:-1, max-image-preview:large, max-video-preview:-1\" \/>\n<link rel=\"canonical\" href=\"https:\/\/www.inverseteams.com\/fr\/produit\/cuissard-velo-motion-sintra-sand\/\" \/>\n<meta property=\"og:locale\" content=\"fr_FR\" \/>\n<meta property=\"og:type\" content=\"article\" \/>\n<meta property=\"og:title\" content=\"Cuissard v\u00e9lo MOTION SINTRA SAND (HOMME)\" \/>\n<meta property=\"og:description\" content=\"Con\u00e7u pour les cyclistes \u00e0 la recherche de performances maximales sans renoncer au confort, ce cuissard haut de gamme red\u00e9finit l\u2019exp\u00e9rience sur le v\u00e9lo, que ce soit sur route, en gravel ou en montagne.\" \/>\n<meta property=\"og:url\" content=\"https:\/\/www.inverseteams.com\/fr\/produit\/cuissard-velo-motion-sintra-sand\/\" \/>\n<meta property=\"og:site_name\" content=\"Inverseteams\" \/>\n<meta property=\"article:publisher\" content=\"https:\/\/www.facebook.com\/inverseteams\" \/>\n<meta property=\"article:modified_time\" content=\"2026-03-24T13:38:40+00:00\" \/>\n<meta property=\"og:image\" content=\"https:\/\/www.inverseteams.com\/wp-content\/uploads\/INVERSE-CICLISMO-HOMBRE-CULOTTE-MOTION-SINTRA-SAND-001.jpg\" \/>\n\t<meta property=\"og:image:width\" content=\"1500\" \/>\n\t<meta property=\"og:image:height\" content=\"1612\" \/>\n\t<meta property=\"og:image:type\" content=\"image\/jpeg\" \/>\n<meta name=\"twitter:card\" content=\"summary_large_image\" \/>\n<meta name=\"twitter:label1\" content=\"Dur\u00e9e de lecture estim\u00e9e\" \/>\n\t<meta name=\"twitter:data1\" content=\"2 minutes\" \/>\n<script type=\"application\/ld+json\" class=\"yoast-schema-graph\">{\"@context\":\"https:\\\/\\\/schema.org\",\"@graph\":[{\"@type\":\"WebPage\",\"@id\":\"https:\\\/\\\/www.inverseteams.com\\\/fr\\\/produit\\\/cuissard-velo-motion-sintra-sand\\\/\",\"url\":\"https:\\\/\\\/www.inverseteams.com\\\/fr\\\/produit\\\/cuissard-velo-motion-sintra-sand\\\/\",\"name\":\"Cuissard v\u00e9lo MOTION SINTRA SAND (HOMME)\",\"isPartOf\":{\"@id\":\"https:\\\/\\\/www.inverseteams.com\\\/fr\\\/#website\"},\"primaryImageOfPage\":{\"@id\":\"https:\\\/\\\/www.inverseteams.com\\\/fr\\\/produit\\\/cuissard-velo-motion-sintra-sand\\\/#primaryimage\"},\"image\":{\"@id\":\"https:\\\/\\\/www.inverseteams.com\\\/fr\\\/produit\\\/cuissard-velo-motion-sintra-sand\\\/#primaryimage\"},\"thumbnailUrl\":\"https:\\\/\\\/www.inverseteams.com\\\/wp-content\\\/uploads\\\/INVERSE-CICLISMO-HOMBRE-CULOTTE-MOTION-SINTRA-SAND-001.jpg\",\"datePublished\":\"2026-03-05T09:05:48+00:00\",\"dateModified\":\"2026-03-24T13:38:40+00:00\",\"description\":\"Con\u00e7u pour les cyclistes \u00e0 la recherche de performances maximales sans renoncer au confort, ce cuissard haut de gamme red\u00e9finit l\u2019exp\u00e9rience sur le v\u00e9lo, que ce soit sur route, en gravel ou en montagne.\",\"breadcrumb\":{\"@id\":\"https:\\\/\\\/www.inverseteams.com\\\/fr\\\/produit\\\/cuissard-velo-motion-sintra-sand\\\/#breadcrumb\"},\"inLanguage\":\"fr-FR\",\"potentialAction\":[{\"@type\":\"ReadAction\",\"target\":[\"https:\\\/\\\/www.inverseteams.com\\\/fr\\\/produit\\\/cuissard-velo-motion-sintra-sand\\\/\"]}]},{\"@type\":\"ImageObject\",\"inLanguage\":\"fr-FR\",\"@id\":\"https:\\\/\\\/www.inverseteams.com\\\/fr\\\/produit\\\/cuissard-velo-motion-sintra-sand\\\/#primaryimage\",\"url\":\"https:\\\/\\\/www.inverseteams.com\\\/wp-content\\\/uploads\\\/INVERSE-CICLISMO-HOMBRE-CULOTTE-MOTION-SINTRA-SAND-001.jpg\",\"contentUrl\":\"https:\\\/\\\/www.inverseteams.com\\\/wp-content\\\/uploads\\\/INVERSE-CICLISMO-HOMBRE-CULOTTE-MOTION-SINTRA-SAND-001.jpg\",\"width\":1500,\"height\":1612},{\"@type\":\"BreadcrumbList\",\"@id\":\"https:\\\/\\\/www.inverseteams.com\\\/fr\\\/produit\\\/cuissard-velo-motion-sintra-sand\\\/#breadcrumb\",\"itemListElement\":[{\"@type\":\"ListItem\",\"position\":1,\"name\":\"Portada\",\"item\":\"https:\\\/\\\/www.inverseteams.com\\\/fr\\\/pagina-principal\\\/\"},{\"@type\":\"ListItem\",\"position\":2,\"name\":\"Panier\",\"item\":\"https:\\\/\\\/www.inverseteams.com\\\/fr\\\/panier\\\/\"},{\"@type\":\"ListItem\",\"position\":3,\"name\":\"Cuissard v\u00e9lo MOTION SINTRA SAND\"}]},{\"@type\":\"WebSite\",\"@id\":\"https:\\\/\\\/www.inverseteams.com\\\/fr\\\/#website\",\"url\":\"https:\\\/\\\/www.inverseteams.com\\\/fr\\\/\",\"name\":\"Inverseteams\",\"description\":\"Tu marca de ropa deportiva personalizada\",\"publisher\":{\"@id\":\"https:\\\/\\\/www.inverseteams.com\\\/fr\\\/#organization\"},\"potentialAction\":[{\"@type\":\"SearchAction\",\"target\":{\"@type\":\"EntryPoint\",\"urlTemplate\":\"https:\\\/\\\/www.inverseteams.com\\\/fr\\\/?s={search_term_string}\"},\"query-input\":{\"@type\":\"PropertyValueSpecification\",\"valueRequired\":true,\"valueName\":\"search_term_string\"}}],\"inLanguage\":\"fr-FR\"},{\"@type\":\"Organization\",\"@id\":\"https:\\\/\\\/www.inverseteams.com\\\/fr\\\/#organization\",\"name\":\"Inverse Teams\",\"url\":\"https:\\\/\\\/www.inverseteams.com\\\/fr\\\/\",\"logo\":{\"@type\":\"ImageObject\",\"inLanguage\":\"fr-FR\",\"@id\":\"https:\\\/\\\/www.inverseteams.com\\\/fr\\\/#\\\/schema\\\/logo\\\/image\\\/\",\"url\":\"http:\\\/\\\/www.inverseteams.com\\\/wp-content\\\/uploads\\\/2021\\\/03\\\/logo-inverse-teams.png\",\"contentUrl\":\"http:\\\/\\\/www.inverseteams.com\\\/wp-content\\\/uploads\\\/2021\\\/03\\\/logo-inverse-teams.png\",\"width\":294,\"height\":99,\"caption\":\"Inverse Teams\"},\"image\":{\"@id\":\"https:\\\/\\\/www.inverseteams.com\\\/fr\\\/#\\\/schema\\\/logo\\\/image\\\/\"},\"sameAs\":[\"https:\\\/\\\/www.facebook.com\\\/inverseteams\",\"http:\\\/\\\/instagram.com\\\/inverseteams\",\"https:\\\/\\\/www.linkedin.com\\\/company\\\/inverse-cirosport-s-l-?trk=job_view_topcard_company_name\",\"http:\\\/\\\/www.pinterest.com\\\/inverseteams\\\/\",\"http:\\\/\\\/www.youtube.com\\\/user\\\/inverseteams?feature=watch\"]}]}<\/script>\n<!-- \/ Yoast SEO plugin. -->","yoast_head_json":{"title":"Cuissard v\u00e9lo MOTION SINTRA SAND (HOMME)","description":"Con\u00e7u pour les cyclistes \u00e0 la recherche de performances maximales sans renoncer au confort, ce cuissard haut de gamme red\u00e9finit l\u2019exp\u00e9rience sur le v\u00e9lo, que ce soit sur route, en gravel ou en montagne.","robots":{"index":"index","follow":"follow","max-snippet":"max-snippet:-1","max-image-preview":"max-image-preview:large","max-video-preview":"max-video-preview:-1"},"canonical":"https:\/\/www.inverseteams.com\/fr\/produit\/cuissard-velo-motion-sintra-sand\/","og_locale":"fr_FR","og_type":"article","og_title":"Cuissard v\u00e9lo MOTION SINTRA SAND (HOMME)","og_description":"Con\u00e7u pour les cyclistes \u00e0 la recherche de performances maximales sans renoncer au confort, ce cuissard haut de gamme red\u00e9finit l\u2019exp\u00e9rience sur le v\u00e9lo, que ce soit sur route, en gravel ou en montagne.","og_url":"https:\/\/www.inverseteams.com\/fr\/produit\/cuissard-velo-motion-sintra-sand\/","og_site_name":"Inverseteams","article_publisher":"https:\/\/www.facebook.com\/inverseteams","article_modified_time":"2026-03-24T13:38:40+00:00","og_image":[{"width":1500,"height":1612,"url":"https:\/\/www.inverseteams.com\/wp-content\/uploads\/INVERSE-CICLISMO-HOMBRE-CULOTTE-MOTION-SINTRA-SAND-001.jpg","type":"image\/jpeg"}],"twitter_card":"summary_large_image","twitter_misc":{"Dur\u00e9e de lecture estim\u00e9e":"2 minutes"},"schema":{"@context":"https:\/\/schema.org","@graph":[{"@type":"WebPage","@id":"https:\/\/www.inverseteams.com\/fr\/produit\/cuissard-velo-motion-sintra-sand\/","url":"https:\/\/www.inverseteams.com\/fr\/produit\/cuissard-velo-motion-sintra-sand\/","name":"Cuissard v\u00e9lo MOTION SINTRA SAND (HOMME)","isPartOf":{"@id":"https:\/\/www.inverseteams.com\/fr\/#website"},"primaryImageOfPage":{"@id":"https:\/\/www.inverseteams.com\/fr\/produit\/cuissard-velo-motion-sintra-sand\/#primaryimage"},"image":{"@id":"https:\/\/www.inverseteams.com\/fr\/produit\/cuissard-velo-motion-sintra-sand\/#primaryimage"},"thumbnailUrl":"https:\/\/www.inverseteams.com\/wp-content\/uploads\/INVERSE-CICLISMO-HOMBRE-CULOTTE-MOTION-SINTRA-SAND-001.jpg","datePublished":"2026-03-05T09:05:48+00:00","dateModified":"2026-03-24T13:38:40+00:00","description":"Con\u00e7u pour les cyclistes \u00e0 la recherche de performances maximales sans renoncer au confort, ce cuissard haut de gamme red\u00e9finit l\u2019exp\u00e9rience sur le v\u00e9lo, que ce soit sur route, en gravel ou en montagne.","breadcrumb":{"@id":"https:\/\/www.inverseteams.com\/fr\/produit\/cuissard-velo-motion-sintra-sand\/#breadcrumb"},"inLanguage":"fr-FR","potentialAction":[{"@type":"ReadAction","target":["https:\/\/www.inverseteams.com\/fr\/produit\/cuissard-velo-motion-sintra-sand\/"]}]},{"@type":"ImageObject","inLanguage":"fr-FR","@id":"https:\/\/www.inverseteams.com\/fr\/produit\/cuissard-velo-motion-sintra-sand\/#primaryimage","url":"https:\/\/www.inverseteams.com\/wp-content\/uploads\/INVERSE-CICLISMO-HOMBRE-CULOTTE-MOTION-SINTRA-SAND-001.jpg","contentUrl":"https:\/\/www.inverseteams.com\/wp-content\/uploads\/INVERSE-CICLISMO-HOMBRE-CULOTTE-MOTION-SINTRA-SAND-001.jpg","width":1500,"height":1612},{"@type":"BreadcrumbList","@id":"https:\/\/www.inverseteams.com\/fr\/produit\/cuissard-velo-motion-sintra-sand\/#breadcrumb","itemListElement":[{"@type":"ListItem","position":1,"name":"Portada","item":"https:\/\/www.inverseteams.com\/fr\/pagina-principal\/"},{"@type":"ListItem","position":2,"name":"Panier","item":"https:\/\/www.inverseteams.com\/fr\/panier\/"},{"@type":"ListItem","position":3,"name":"Cuissard v\u00e9lo MOTION SINTRA SAND"}]},{"@type":"WebSite","@id":"https:\/\/www.inverseteams.com\/fr\/#website","url":"https:\/\/www.inverseteams.com\/fr\/","name":"Inverseteams","description":"Tu marca de ropa deportiva personalizada","publisher":{"@id":"https:\/\/www.inverseteams.com\/fr\/#organization"},"potentialAction":[{"@type":"SearchAction","target":{"@type":"EntryPoint","urlTemplate":"https:\/\/www.inverseteams.com\/fr\/?s={search_term_string}"},"query-input":{"@type":"PropertyValueSpecification","valueRequired":true,"valueName":"search_term_string"}}],"inLanguage":"fr-FR"},{"@type":"Organization","@id":"https:\/\/www.inverseteams.com\/fr\/#organization","name":"Inverse Teams","url":"https:\/\/www.inverseteams.com\/fr\/","logo":{"@type":"ImageObject","inLanguage":"fr-FR","@id":"https:\/\/www.inverseteams.com\/fr\/#\/schema\/logo\/image\/","url":"https:\/\/www.inverseteams.com\/wp-content\/uploads\/2021\/03\/logo-inverse-teams.png","contentUrl":"https:\/\/www.inverseteams.com\/wp-content\/uploads\/2021\/03\/logo-inverse-teams.png","width":294,"height":99,"caption":"Inverse Teams"},"image":{"@id":"https:\/\/www.inverseteams.com\/fr\/#\/schema\/logo\/image\/"},"sameAs":["https:\/\/www.facebook.com\/inverseteams","http:\/\/instagram.com\/inverseteams","https:\/\/www.linkedin.com\/company\/inverse-cirosport-s-l-?trk=job_view_topcard_company_name","http:\/\/www.pinterest.com\/inverseteams\/","http:\/\/www.youtube.com\/user\/inverseteams?feature=watch"]}]}},"_links":{"self":[{"href":"https:\/\/www.inverseteams.com\/fr\/wp-json\/wp\/v2\/product\/278726","targetHints":{"allow":["GET"]}}],"collection":[{"href":"https:\/\/www.inverseteams.com\/fr\/wp-json\/wp\/v2\/product"}],"about":[{"href":"https:\/\/www.inverseteams.com\/fr\/wp-json\/wp\/v2\/types\/product"}],"replies":[{"embeddable":true,"href":"https:\/\/www.inverseteams.com\/fr\/wp-json\/wp\/v2\/comments?post=278726"}],"wp:featuredmedia":[{"embeddable":true,"href":"https:\/\/www.inverseteams.com\/fr\/wp-json\/wp\/v2\/media\/278776"}],"wp:attachment":[{"href":"https:\/\/www.inverseteams.com\/fr\/wp-json\/wp\/v2\/media?parent=278726"}],"wp:term":[{"taxonomy":"product_brand","embeddable":true,"href":"https:\/\/www.inverseteams.com\/fr\/wp-json\/wp\/v2\/product_brand?post=278726"},{"taxonomy":"product_cat","embeddable":true,"href":"https:\/\/www.inverseteams.com\/fr\/wp-json\/wp\/v2\/product_cat?post=278726"},{"taxonomy":"product_tag","embeddable":true,"href":"https:\/\/www.inverseteams.com\/fr\/wp-json\/wp\/v2\/product_tag?post=278726"},{"taxonomy":"custom_category","embeddable":true,"href":"https:\/\/www.inverseteams.com\/fr\/wp-json\/wp\/v2\/custom_category?post=278726"},{"taxonomy":"range","embeddable":true,"href":"https:\/\/www.inverseteams.com\/fr\/wp-json\/wp\/v2\/range?post=278726"}],"curies":[{"name":"wp","href":"https:\/\/api.w.org\/{rel}","templated":true}]}}