{"id":278614,"date":"2026-03-03T18:07:18","date_gmt":"2026-03-03T17:07:18","guid":{"rendered":"https:\/\/www.inverseteams.com\/?post_type=product&#038;p=278614"},"modified":"2026-03-03T18:41:44","modified_gmt":"2026-03-03T17:41:44","slug":"maillot-outter-logan","status":"publish","type":"product","link":"https:\/\/www.inverseteams.com\/fr\/produit\/maillot-outter-logan\/","title":{"rendered":"Maillot OUTTER LOGAN"},"content":{"rendered":"<p>Le nouveau maillot-t-shirt de cyclisme OUTTER est con\u00e7u pour ceux qui voient le v\u00e9lo comme une mani\u00e8re de <strong>d\u00e9couvrir, de se d\u00e9connecter et de vivre la route en toute libert\u00e9<\/strong>. Parfait pour les sorties tranquilles, les excursions, les itin\u00e9raires de bikepacking ou simplement pour rouler sans pression, il combine fonctionnalit\u00e9 technique et style moderne et d\u00e9contract\u00e9.<br \/>\n<strong>Sa coupe moderne relaxed fit offre une sensation confortable et naturelle sur le v\u00e9lo<\/strong>, permettant une totale libert\u00e9 de mouvement. Le patronage int\u00e8gre deux fentes lat\u00e9rales qui am\u00e9liorent la mobilit\u00e9 et apportent de la fluidit\u00e9 \u00e0 chaque coup de p\u00e9dale, s\u2019adaptant \u00e0 diff\u00e9rentes positions et rythmes.<br \/>\nIl est confectionn\u00e9 \u00e0 partir de <strong>deux tissus techniques anti-abrasion et anti-boulochage<\/strong>, con\u00e7us pour r\u00e9sister \u00e0 une utilisation prolong\u00e9e et au contact avec des sacs \u00e0 dos ou des sacoches de bikepacking, tout en conservant son apparence et ses performances sortie apr\u00e8s sortie. De plus, le tissu plus ouvert au niveau des aisselles augmente la respirabilit\u00e9, favorisant la ventilation et faisant de ce v\u00eatement un choix particuli\u00e8rement frais pour les journ\u00e9es chaudes.<br \/>\nDans la zone lombaire, il int\u00e8gre <strong>deux poches arri\u00e8re de grande capacit\u00e9<\/strong>, id\u00e9ales pour transporter l\u2019essentiel lors de longues sorties. L\u2019une d\u2019elles est dot\u00e9e d\u2019une fermeture \u00e9clair pour une s\u00e9curit\u00e9 accrue des objets personnels. \u00c0 l\u2019avant, une petite fermeture \u00e9clair aimant\u00e9e avec syst\u00e8me antipull facilite la r\u00e9gulation de la ventilation et aide \u00e0 \u00e9vacuer la chaleur lorsque l\u2019intensit\u00e9 augmente, \u00e9vitant les ouvertures involontaires.<br \/>\n<strong>Fra\u00eecheur, confort et polyvalence<\/strong> dans un v\u00eatement con\u00e7u pour profiter du cyclisme sans limites ni pr\u00e9cipitation. Un maillot-t-shirt qui vous accompagne l\u00e0 o\u00f9 la route se termine et o\u00f9 l\u2019aventure commence.<\/p>\n","protected":false},"excerpt":{"rendered":"<p>Le nouveau maillot-t-shirt de cyclisme OUTTER est con\u00e7u pour ceux qui voient le v\u00e9lo comme une mani\u00e8re de <strong>d\u00e9couvrir, de se d\u00e9connecter et de vivre la route en toute libert\u00e9<\/strong>. Parfait pour les sorties tranquilles, les excursions, les itin\u00e9raires de bikepacking ou simplement pour rouler sans pression, il combine fonctionnalit\u00e9 technique et style moderne et d\u00e9contract\u00e9.<br \/>\n<strong>Sa coupe moderne relaxed fit offre une sensation confortable et naturelle sur le v\u00e9lo<\/strong>, permettant une totale libert\u00e9 de mouvement. Le patronage int\u00e8gre deux fentes lat\u00e9rales qui am\u00e9liorent la mobilit\u00e9 et apportent de la fluidit\u00e9 \u00e0 chaque coup de p\u00e9dale, s\u2019adaptant \u00e0 diff\u00e9rentes positions et rythmes.<br \/>\nIl est confectionn\u00e9 \u00e0 partir de <strong>deux tissus techniques anti-abrasion et anti-boulochage<\/strong>, con\u00e7us pour r\u00e9sister \u00e0 une utilisation prolong\u00e9e et au contact avec des sacs \u00e0 dos ou des sacoches de bikepacking, tout en conservant son apparence et ses performances sortie apr\u00e8s sortie. De plus, le tissu plus ouvert au niveau des aisselles augmente la respirabilit\u00e9, favorisant la ventilation et faisant de ce v\u00eatement un choix particuli\u00e8rement frais pour les journ\u00e9es chaudes.<br \/>\nDans la zone lombaire, il int\u00e8gre <strong>deux poches arri\u00e8re de grande capacit\u00e9<\/strong>, id\u00e9ales pour transporter l\u2019essentiel lors de longues sorties. L\u2019une d\u2019elles est dot\u00e9e d\u2019une fermeture \u00e9clair pour une s\u00e9curit\u00e9 accrue des objets personnels. \u00c0 l\u2019avant, une petite fermeture \u00e9clair aimant\u00e9e avec syst\u00e8me antipull facilite la r\u00e9gulation de la ventilation et aide \u00e0 \u00e9vacuer la chaleur lorsque l\u2019intensit\u00e9 augmente, \u00e9vitant les ouvertures involontaires.<br \/>\n<strong>Fra\u00eecheur, confort et polyvalence<\/strong> dans un v\u00eatement con\u00e7u pour profiter du cyclisme sans limites ni pr\u00e9cipitation. Un maillot-t-shirt qui vous accompagne l\u00e0 o\u00f9 la route se termine et o\u00f9 l\u2019aventure commence.<\/p>\n","protected":false},"featured_media":278629,"comment_status":"closed","ping_status":"closed","template":"","meta":{"_acf_changed":false},"product_brand":[],"product_cat":[3230,3240,7177],"product_tag":[],"custom_category":[],"range":[],"class_list":{"0":"post-278614","1":"product","2":"type-product","3":"status-publish","4":"has-post-thumbnail","6":"product_cat-cyclisme-fr","7":"product_cat-maillot-cycliste","8":"product_cat-b2b-fr","9":"pa_climatologia-chaud","10":"pa_deporte-cyclisme","11":"pa_genero-homme","12":"pa_patronaje-casual-fr","13":"pa_talla-l-fr","14":"pa_talla-m-fr","15":"pa_talla-s-fr","16":"pa_talla-xl-fr","17":"pa_talla-xxl-fr","18":"pa_tipo-de-prenda-maillot-manche-courte","20":"first","21":"instock","22":"taxable","23":"shipping-taxable","24":"purchasable","25":"product-type-variable","26":"has-default-attributes"},"acf":[],"yoast_head":"<!-- This site is optimized with the Yoast SEO plugin v27.3 - https:\/\/yoast.com\/product\/yoast-seo-wordpress\/ -->\n<title>Maillot OUTTER LOGAN (HOMME)<\/title>\n<meta name=\"description\" content=\"Le nouveau maillot-t-shirt de cyclisme OUTTER est con\u00e7u pour ceux qui voient le v\u00e9lo comme une mani\u00e8re de d\u00e9couvrir, de se d\u00e9connecter et de vivre la route en toute libert\u00e9.\" \/>\n<meta name=\"robots\" content=\"index, follow, max-snippet:-1, max-image-preview:large, max-video-preview:-1\" \/>\n<link rel=\"canonical\" href=\"https:\/\/www.inverseteams.com\/fr\/produit\/maillot-outter-logan\/\" \/>\n<meta property=\"og:locale\" content=\"fr_FR\" \/>\n<meta property=\"og:type\" content=\"article\" \/>\n<meta property=\"og:title\" content=\"Maillot OUTTER LOGAN (HOMME)\" \/>\n<meta property=\"og:description\" content=\"Le nouveau maillot-t-shirt de cyclisme OUTTER est con\u00e7u pour ceux qui voient le v\u00e9lo comme une mani\u00e8re de d\u00e9couvrir, de se d\u00e9connecter et de vivre la route en toute libert\u00e9.\" \/>\n<meta property=\"og:url\" content=\"https:\/\/www.inverseteams.com\/fr\/produit\/maillot-outter-logan\/\" \/>\n<meta property=\"og:site_name\" content=\"Inverseteams\" \/>\n<meta property=\"article:publisher\" content=\"https:\/\/www.facebook.com\/inverseteams\" \/>\n<meta property=\"article:modified_time\" content=\"2026-03-03T17:41:44+00:00\" \/>\n<meta property=\"og:image\" content=\"https:\/\/www.inverseteams.com\/wp-content\/uploads\/INVERSE-CICLISMO-HOMBRE-MAILLOT-OUTTER-LOGAN-TAUPE-001.jpg\" \/>\n\t<meta property=\"og:image:width\" content=\"1500\" \/>\n\t<meta property=\"og:image:height\" content=\"1612\" \/>\n\t<meta property=\"og:image:type\" content=\"image\/jpeg\" \/>\n<meta name=\"twitter:card\" content=\"summary_large_image\" \/>\n<meta name=\"twitter:label1\" content=\"Dur\u00e9e de lecture estim\u00e9e\" \/>\n\t<meta name=\"twitter:data1\" content=\"2 minutes\" \/>\n<script type=\"application\/ld+json\" class=\"yoast-schema-graph\">{\"@context\":\"https:\\\/\\\/schema.org\",\"@graph\":[{\"@type\":\"WebPage\",\"@id\":\"https:\\\/\\\/www.inverseteams.com\\\/fr\\\/produit\\\/maillot-outter-logan\\\/\",\"url\":\"https:\\\/\\\/www.inverseteams.com\\\/fr\\\/produit\\\/maillot-outter-logan\\\/\",\"name\":\"Maillot OUTTER LOGAN (HOMME)\",\"isPartOf\":{\"@id\":\"https:\\\/\\\/www.inverseteams.com\\\/fr\\\/#website\"},\"primaryImageOfPage\":{\"@id\":\"https:\\\/\\\/www.inverseteams.com\\\/fr\\\/produit\\\/maillot-outter-logan\\\/#primaryimage\"},\"image\":{\"@id\":\"https:\\\/\\\/www.inverseteams.com\\\/fr\\\/produit\\\/maillot-outter-logan\\\/#primaryimage\"},\"thumbnailUrl\":\"https:\\\/\\\/www.inverseteams.com\\\/wp-content\\\/uploads\\\/INVERSE-CICLISMO-HOMBRE-MAILLOT-OUTTER-LOGAN-TAUPE-001.jpg\",\"datePublished\":\"2026-03-03T17:07:18+00:00\",\"dateModified\":\"2026-03-03T17:41:44+00:00\",\"description\":\"Le nouveau maillot-t-shirt de cyclisme OUTTER est con\u00e7u pour ceux qui voient le v\u00e9lo comme une mani\u00e8re de d\u00e9couvrir, de se d\u00e9connecter et de vivre la route en toute libert\u00e9.\",\"breadcrumb\":{\"@id\":\"https:\\\/\\\/www.inverseteams.com\\\/fr\\\/produit\\\/maillot-outter-logan\\\/#breadcrumb\"},\"inLanguage\":\"fr-FR\",\"potentialAction\":[{\"@type\":\"ReadAction\",\"target\":[\"https:\\\/\\\/www.inverseteams.com\\\/fr\\\/produit\\\/maillot-outter-logan\\\/\"]}]},{\"@type\":\"ImageObject\",\"inLanguage\":\"fr-FR\",\"@id\":\"https:\\\/\\\/www.inverseteams.com\\\/fr\\\/produit\\\/maillot-outter-logan\\\/#primaryimage\",\"url\":\"https:\\\/\\\/www.inverseteams.com\\\/wp-content\\\/uploads\\\/INVERSE-CICLISMO-HOMBRE-MAILLOT-OUTTER-LOGAN-TAUPE-001.jpg\",\"contentUrl\":\"https:\\\/\\\/www.inverseteams.com\\\/wp-content\\\/uploads\\\/INVERSE-CICLISMO-HOMBRE-MAILLOT-OUTTER-LOGAN-TAUPE-001.jpg\",\"width\":1500,\"height\":1612},{\"@type\":\"BreadcrumbList\",\"@id\":\"https:\\\/\\\/www.inverseteams.com\\\/fr\\\/produit\\\/maillot-outter-logan\\\/#breadcrumb\",\"itemListElement\":[{\"@type\":\"ListItem\",\"position\":1,\"name\":\"Portada\",\"item\":\"https:\\\/\\\/www.inverseteams.com\\\/fr\\\/pagina-principal\\\/\"},{\"@type\":\"ListItem\",\"position\":2,\"name\":\"Panier\",\"item\":\"https:\\\/\\\/www.inverseteams.com\\\/fr\\\/panier\\\/\"},{\"@type\":\"ListItem\",\"position\":3,\"name\":\"Maillot OUTTER LOGAN\"}]},{\"@type\":\"WebSite\",\"@id\":\"https:\\\/\\\/www.inverseteams.com\\\/fr\\\/#website\",\"url\":\"https:\\\/\\\/www.inverseteams.com\\\/fr\\\/\",\"name\":\"Inverseteams\",\"description\":\"Tu marca de ropa deportiva personalizada\",\"publisher\":{\"@id\":\"https:\\\/\\\/www.inverseteams.com\\\/fr\\\/#organization\"},\"potentialAction\":[{\"@type\":\"SearchAction\",\"target\":{\"@type\":\"EntryPoint\",\"urlTemplate\":\"https:\\\/\\\/www.inverseteams.com\\\/fr\\\/?s={search_term_string}\"},\"query-input\":{\"@type\":\"PropertyValueSpecification\",\"valueRequired\":true,\"valueName\":\"search_term_string\"}}],\"inLanguage\":\"fr-FR\"},{\"@type\":\"Organization\",\"@id\":\"https:\\\/\\\/www.inverseteams.com\\\/fr\\\/#organization\",\"name\":\"Inverse Teams\",\"url\":\"https:\\\/\\\/www.inverseteams.com\\\/fr\\\/\",\"logo\":{\"@type\":\"ImageObject\",\"inLanguage\":\"fr-FR\",\"@id\":\"https:\\\/\\\/www.inverseteams.com\\\/fr\\\/#\\\/schema\\\/logo\\\/image\\\/\",\"url\":\"http:\\\/\\\/www.inverseteams.com\\\/wp-content\\\/uploads\\\/2021\\\/03\\\/logo-inverse-teams.png\",\"contentUrl\":\"http:\\\/\\\/www.inverseteams.com\\\/wp-content\\\/uploads\\\/2021\\\/03\\\/logo-inverse-teams.png\",\"width\":294,\"height\":99,\"caption\":\"Inverse Teams\"},\"image\":{\"@id\":\"https:\\\/\\\/www.inverseteams.com\\\/fr\\\/#\\\/schema\\\/logo\\\/image\\\/\"},\"sameAs\":[\"https:\\\/\\\/www.facebook.com\\\/inverseteams\",\"http:\\\/\\\/instagram.com\\\/inverseteams\",\"https:\\\/\\\/www.linkedin.com\\\/company\\\/inverse-cirosport-s-l-?trk=job_view_topcard_company_name\",\"http:\\\/\\\/www.pinterest.com\\\/inverseteams\\\/\",\"http:\\\/\\\/www.youtube.com\\\/user\\\/inverseteams?feature=watch\"]}]}<\/script>\n<!-- \/ Yoast SEO plugin. -->","yoast_head_json":{"title":"Maillot OUTTER LOGAN (HOMME)","description":"Le nouveau maillot-t-shirt de cyclisme OUTTER est con\u00e7u pour ceux qui voient le v\u00e9lo comme une mani\u00e8re de d\u00e9couvrir, de se d\u00e9connecter et de vivre la route en toute libert\u00e9.","robots":{"index":"index","follow":"follow","max-snippet":"max-snippet:-1","max-image-preview":"max-image-preview:large","max-video-preview":"max-video-preview:-1"},"canonical":"https:\/\/www.inverseteams.com\/fr\/produit\/maillot-outter-logan\/","og_locale":"fr_FR","og_type":"article","og_title":"Maillot OUTTER LOGAN (HOMME)","og_description":"Le nouveau maillot-t-shirt de cyclisme OUTTER est con\u00e7u pour ceux qui voient le v\u00e9lo comme une mani\u00e8re de d\u00e9couvrir, de se d\u00e9connecter et de vivre la route en toute libert\u00e9.","og_url":"https:\/\/www.inverseteams.com\/fr\/produit\/maillot-outter-logan\/","og_site_name":"Inverseteams","article_publisher":"https:\/\/www.facebook.com\/inverseteams","article_modified_time":"2026-03-03T17:41:44+00:00","og_image":[{"width":1500,"height":1612,"url":"https:\/\/www.inverseteams.com\/wp-content\/uploads\/INVERSE-CICLISMO-HOMBRE-MAILLOT-OUTTER-LOGAN-TAUPE-001.jpg","type":"image\/jpeg"}],"twitter_card":"summary_large_image","twitter_misc":{"Dur\u00e9e de lecture estim\u00e9e":"2 minutes"},"schema":{"@context":"https:\/\/schema.org","@graph":[{"@type":"WebPage","@id":"https:\/\/www.inverseteams.com\/fr\/produit\/maillot-outter-logan\/","url":"https:\/\/www.inverseteams.com\/fr\/produit\/maillot-outter-logan\/","name":"Maillot OUTTER LOGAN (HOMME)","isPartOf":{"@id":"https:\/\/www.inverseteams.com\/fr\/#website"},"primaryImageOfPage":{"@id":"https:\/\/www.inverseteams.com\/fr\/produit\/maillot-outter-logan\/#primaryimage"},"image":{"@id":"https:\/\/www.inverseteams.com\/fr\/produit\/maillot-outter-logan\/#primaryimage"},"thumbnailUrl":"https:\/\/www.inverseteams.com\/wp-content\/uploads\/INVERSE-CICLISMO-HOMBRE-MAILLOT-OUTTER-LOGAN-TAUPE-001.jpg","datePublished":"2026-03-03T17:07:18+00:00","dateModified":"2026-03-03T17:41:44+00:00","description":"Le nouveau maillot-t-shirt de cyclisme OUTTER est con\u00e7u pour ceux qui voient le v\u00e9lo comme une mani\u00e8re de d\u00e9couvrir, de se d\u00e9connecter et de vivre la route en toute libert\u00e9.","breadcrumb":{"@id":"https:\/\/www.inverseteams.com\/fr\/produit\/maillot-outter-logan\/#breadcrumb"},"inLanguage":"fr-FR","potentialAction":[{"@type":"ReadAction","target":["https:\/\/www.inverseteams.com\/fr\/produit\/maillot-outter-logan\/"]}]},{"@type":"ImageObject","inLanguage":"fr-FR","@id":"https:\/\/www.inverseteams.com\/fr\/produit\/maillot-outter-logan\/#primaryimage","url":"https:\/\/www.inverseteams.com\/wp-content\/uploads\/INVERSE-CICLISMO-HOMBRE-MAILLOT-OUTTER-LOGAN-TAUPE-001.jpg","contentUrl":"https:\/\/www.inverseteams.com\/wp-content\/uploads\/INVERSE-CICLISMO-HOMBRE-MAILLOT-OUTTER-LOGAN-TAUPE-001.jpg","width":1500,"height":1612},{"@type":"BreadcrumbList","@id":"https:\/\/www.inverseteams.com\/fr\/produit\/maillot-outter-logan\/#breadcrumb","itemListElement":[{"@type":"ListItem","position":1,"name":"Portada","item":"https:\/\/www.inverseteams.com\/fr\/pagina-principal\/"},{"@type":"ListItem","position":2,"name":"Panier","item":"https:\/\/www.inverseteams.com\/fr\/panier\/"},{"@type":"ListItem","position":3,"name":"Maillot OUTTER LOGAN"}]},{"@type":"WebSite","@id":"https:\/\/www.inverseteams.com\/fr\/#website","url":"https:\/\/www.inverseteams.com\/fr\/","name":"Inverseteams","description":"Tu marca de ropa deportiva personalizada","publisher":{"@id":"https:\/\/www.inverseteams.com\/fr\/#organization"},"potentialAction":[{"@type":"SearchAction","target":{"@type":"EntryPoint","urlTemplate":"https:\/\/www.inverseteams.com\/fr\/?s={search_term_string}"},"query-input":{"@type":"PropertyValueSpecification","valueRequired":true,"valueName":"search_term_string"}}],"inLanguage":"fr-FR"},{"@type":"Organization","@id":"https:\/\/www.inverseteams.com\/fr\/#organization","name":"Inverse Teams","url":"https:\/\/www.inverseteams.com\/fr\/","logo":{"@type":"ImageObject","inLanguage":"fr-FR","@id":"https:\/\/www.inverseteams.com\/fr\/#\/schema\/logo\/image\/","url":"https:\/\/www.inverseteams.com\/wp-content\/uploads\/2021\/03\/logo-inverse-teams.png","contentUrl":"https:\/\/www.inverseteams.com\/wp-content\/uploads\/2021\/03\/logo-inverse-teams.png","width":294,"height":99,"caption":"Inverse Teams"},"image":{"@id":"https:\/\/www.inverseteams.com\/fr\/#\/schema\/logo\/image\/"},"sameAs":["https:\/\/www.facebook.com\/inverseteams","http:\/\/instagram.com\/inverseteams","https:\/\/www.linkedin.com\/company\/inverse-cirosport-s-l-?trk=job_view_topcard_company_name","http:\/\/www.pinterest.com\/inverseteams\/","http:\/\/www.youtube.com\/user\/inverseteams?feature=watch"]}]}},"_links":{"self":[{"href":"https:\/\/www.inverseteams.com\/fr\/wp-json\/wp\/v2\/product\/278614","targetHints":{"allow":["GET"]}}],"collection":[{"href":"https:\/\/www.inverseteams.com\/fr\/wp-json\/wp\/v2\/product"}],"about":[{"href":"https:\/\/www.inverseteams.com\/fr\/wp-json\/wp\/v2\/types\/product"}],"replies":[{"embeddable":true,"href":"https:\/\/www.inverseteams.com\/fr\/wp-json\/wp\/v2\/comments?post=278614"}],"wp:featuredmedia":[{"embeddable":true,"href":"https:\/\/www.inverseteams.com\/fr\/wp-json\/wp\/v2\/media\/278629"}],"wp:attachment":[{"href":"https:\/\/www.inverseteams.com\/fr\/wp-json\/wp\/v2\/media?parent=278614"}],"wp:term":[{"taxonomy":"product_brand","embeddable":true,"href":"https:\/\/www.inverseteams.com\/fr\/wp-json\/wp\/v2\/product_brand?post=278614"},{"taxonomy":"product_cat","embeddable":true,"href":"https:\/\/www.inverseteams.com\/fr\/wp-json\/wp\/v2\/product_cat?post=278614"},{"taxonomy":"product_tag","embeddable":true,"href":"https:\/\/www.inverseteams.com\/fr\/wp-json\/wp\/v2\/product_tag?post=278614"},{"taxonomy":"custom_category","embeddable":true,"href":"https:\/\/www.inverseteams.com\/fr\/wp-json\/wp\/v2\/custom_category?post=278614"},{"taxonomy":"range","embeddable":true,"href":"https:\/\/www.inverseteams.com\/fr\/wp-json\/wp\/v2\/range?post=278614"}],"curies":[{"name":"wp","href":"https:\/\/api.w.org\/{rel}","templated":true}]}}