{"id":278443,"date":"2026-03-03T14:09:02","date_gmt":"2026-03-03T13:09:02","guid":{"rendered":"https:\/\/www.inverseteams.com\/?post_type=product&#038;p=278443"},"modified":"2026-03-03T14:42:12","modified_gmt":"2026-03-03T13:42:12","slug":"maillot-cyclisme-xpert-haiti-white","status":"publish","type":"product","link":"https:\/\/www.inverseteams.com\/fr\/produit\/maillot-cyclisme-xpert-haiti-white\/","title":{"rendered":"Maillot cyclisme XPERT HAITI WHITE"},"content":{"rendered":"<p>Ce maillot manches courtes a \u00e9t\u00e9 con\u00e7u pour les cyclistes qui recherchent une <strong>performance maximale<\/strong> sans compromis. Sa <strong>coupe super slim fit<\/strong> offre une silhouette extr\u00eamement pr\u00e8s du corps, minimaliste et a\u00e9rodynamique, pens\u00e9e pour optimiser chaque mouvement et r\u00e9duire la r\u00e9sistance \u00e0 l\u2019air au plus haut niveau.<br \/>\nConfectionn\u00e9 \u00e0 partir de trois tissus techniques hautement \u00e9lastiques, il s\u2019adapte au corps comme une seconde peau, procurant une sensation enveloppante et un maintien pr\u00e9cis sur chaque zone. Le r\u00e9sultat est un v\u00eatement l\u00e9ger, r\u00e9actif et con\u00e7u pour vous accompagner lors <strong>d\u2019efforts intenses et de comp\u00e9titions exigeantes.<\/strong><br \/>\nLa taille int\u00e8gre une <strong>bande \u00e9lastique avec grip int\u00e9rieur<\/strong> garantissant un maintien ferme et stable, m\u00eame lors des changements de rythme les plus explosifs. Ses finitions thermosoud\u00e9es renforcent l\u2019esth\u00e9tique \u00e9pur\u00e9e et minimaliste du design, r\u00e9duisant les coutures et am\u00e9liorant \u00e0 la fois le confort et l\u2019efficacit\u00e9 a\u00e9rodynamique.<br \/>\nDans la zone lombaire, il dispose de <strong>trois poches arri\u00e8re avec le syst\u00e8me ISP<\/strong> (Inverse Safe Pocket), offrant davantage de s\u00e9curit\u00e9 et de stabilit\u00e9 pour vos effets personnels pendant la sortie. Il comprend \u00e9galement une poche suppl\u00e9mentaire imperm\u00e9able avec fermeture \u00e9clair, id\u00e9ale pour prot\u00e9ger les objets essentiels de la transpiration ou d\u2019une pluie l\u00e9g\u00e8re.<br \/>\nLe <strong>col anatomique thermosoud\u00e9<\/strong> assure un contact doux et pr\u00e9cis avec la peau, \u00e9vitant frottements et irritations m\u00eame dans les positions les plus agressives sur le v\u00e9lo. La fermeture \u00e9clair aimant\u00e9e avec syst\u00e8me antipull facilite l\u2019ajustement en mouvement et \u00e9vite les ouvertures involontaires, apportant un suppl\u00e9ment de fonctionnalit\u00e9 en pleine action.<br \/>\nUn maillot con\u00e7u pour ceux qui savent que chaque d\u00e9tail compte. <strong>A\u00e9rodynamisme maximal, ajustement extr\u00eame et performance absolue<\/strong> pour exploiter chaque kilom\u00e8tre au maximum.<\/p>\n","protected":false},"excerpt":{"rendered":"<p>Ce maillot manches courtes a \u00e9t\u00e9 con\u00e7u pour les cyclistes qui recherchent une <strong>performance maximale<\/strong> sans compromis. Sa <strong>coupe super slim fit<\/strong> offre une silhouette extr\u00eamement pr\u00e8s du corps, minimaliste et a\u00e9rodynamique, pens\u00e9e pour optimiser chaque mouvement et r\u00e9duire la r\u00e9sistance \u00e0 l\u2019air au plus haut niveau.<br \/>\nConfectionn\u00e9 \u00e0 partir de trois tissus techniques hautement \u00e9lastiques, il s\u2019adapte au corps comme une seconde peau, procurant une sensation enveloppante et un maintien pr\u00e9cis sur chaque zone. Le r\u00e9sultat est un v\u00eatement l\u00e9ger, r\u00e9actif et con\u00e7u pour vous accompagner lors <strong>d\u2019efforts intenses et de comp\u00e9titions exigeantes.<\/strong><br \/>\nLa taille int\u00e8gre une <strong>bande \u00e9lastique avec grip int\u00e9rieur<\/strong> garantissant un maintien ferme et stable, m\u00eame lors des changements de rythme les plus explosifs. Ses finitions thermosoud\u00e9es renforcent l\u2019esth\u00e9tique \u00e9pur\u00e9e et minimaliste du design, r\u00e9duisant les coutures et am\u00e9liorant \u00e0 la fois le confort et l\u2019efficacit\u00e9 a\u00e9rodynamique.<br \/>\nDans la zone lombaire, il dispose de <strong>trois poches arri\u00e8re avec le syst\u00e8me ISP<\/strong> (Inverse Safe Pocket), offrant davantage de s\u00e9curit\u00e9 et de stabilit\u00e9 pour vos effets personnels pendant la sortie. Il comprend \u00e9galement une poche suppl\u00e9mentaire imperm\u00e9able avec fermeture \u00e9clair, id\u00e9ale pour prot\u00e9ger les objets essentiels de la transpiration ou d\u2019une pluie l\u00e9g\u00e8re.<br \/>\nLe <strong>col anatomique thermosoud\u00e9<\/strong> assure un contact doux et pr\u00e9cis avec la peau, \u00e9vitant frottements et irritations m\u00eame dans les positions les plus agressives sur le v\u00e9lo. La fermeture \u00e9clair aimant\u00e9e avec syst\u00e8me antipull facilite l\u2019ajustement en mouvement et \u00e9vite les ouvertures involontaires, apportant un suppl\u00e9ment de fonctionnalit\u00e9 en pleine action.<br \/>\nUn maillot con\u00e7u pour ceux qui savent que chaque d\u00e9tail compte. <strong>A\u00e9rodynamisme maximal, ajustement extr\u00eame et performance absolue<\/strong> pour exploiter chaque kilom\u00e8tre au maximum.<\/p>\n","protected":false},"featured_media":278493,"comment_status":"closed","ping_status":"closed","template":"","meta":{"_acf_changed":false},"product_brand":[],"product_cat":[3230,3240,9949,7177],"product_tag":[],"custom_category":[],"range":[],"class_list":{"0":"post-278443","1":"product","2":"type-product","3":"status-publish","4":"has-post-thumbnail","6":"product_cat-cyclisme-fr","7":"product_cat-maillot-cycliste","8":"product_cat-gravel-fr","9":"product_cat-b2b-fr","10":"pa_climatologia-chaud","11":"pa_deporte-gravel-fr","12":"pa_deporte-cyclisme","13":"pa_genero-homme","14":"pa_patronaje-fit-fr","15":"pa_talla-l-fr","16":"pa_talla-m-fr","17":"pa_talla-s-fr","18":"pa_talla-xl-fr","19":"pa_talla-xxl-fr","20":"pa_tipo-de-prenda-maillot-manche-courte","22":"first","23":"instock","24":"taxable","25":"shipping-taxable","26":"purchasable","27":"product-type-variable","28":"has-default-attributes"},"acf":[],"yoast_head":"<!-- This site is optimized with the Yoast SEO plugin v27.3 - https:\/\/yoast.com\/product\/yoast-seo-wordpress\/ -->\n<title>Maillot cyclisme XPERT HAITI WHITE (HOMME)<\/title>\n<meta name=\"description\" content=\"V\u00eatement l\u00e9ger, r\u00e9actif et con\u00e7u pour vous accompagner lors d\u2019efforts intenses et de comp\u00e9titions exigeantes.\" \/>\n<meta name=\"robots\" content=\"index, follow, max-snippet:-1, max-image-preview:large, max-video-preview:-1\" \/>\n<link rel=\"canonical\" href=\"https:\/\/www.inverseteams.com\/fr\/produit\/maillot-cyclisme-xpert-haiti-white\/\" \/>\n<meta property=\"og:locale\" content=\"fr_FR\" \/>\n<meta property=\"og:type\" content=\"article\" \/>\n<meta property=\"og:title\" content=\"Maillot cyclisme XPERT HAITI WHITE (HOMME)\" \/>\n<meta property=\"og:description\" content=\"V\u00eatement l\u00e9ger, r\u00e9actif et con\u00e7u pour vous accompagner lors d\u2019efforts intenses et de comp\u00e9titions exigeantes.\" \/>\n<meta property=\"og:url\" content=\"https:\/\/www.inverseteams.com\/fr\/produit\/maillot-cyclisme-xpert-haiti-white\/\" \/>\n<meta property=\"og:site_name\" content=\"Inverseteams\" \/>\n<meta property=\"article:publisher\" content=\"https:\/\/www.facebook.com\/inverseteams\" \/>\n<meta property=\"article:modified_time\" content=\"2026-03-03T13:42:12+00:00\" \/>\n<meta property=\"og:image\" content=\"https:\/\/www.inverseteams.com\/wp-content\/uploads\/INVERSE-CICLISMO-HOMBRE-MAILLOT-EXPERT-HAITI-WHITE-001.jpg\" \/>\n\t<meta property=\"og:image:width\" content=\"1500\" \/>\n\t<meta property=\"og:image:height\" content=\"1612\" \/>\n\t<meta property=\"og:image:type\" content=\"image\/jpeg\" \/>\n<meta name=\"twitter:card\" content=\"summary_large_image\" \/>\n<meta name=\"twitter:label1\" content=\"Dur\u00e9e de lecture estim\u00e9e\" \/>\n\t<meta name=\"twitter:data1\" content=\"2 minutes\" \/>\n<script type=\"application\/ld+json\" class=\"yoast-schema-graph\">{\"@context\":\"https:\\\/\\\/schema.org\",\"@graph\":[{\"@type\":\"WebPage\",\"@id\":\"https:\\\/\\\/www.inverseteams.com\\\/fr\\\/produit\\\/maillot-cyclisme-xpert-haiti-white\\\/\",\"url\":\"https:\\\/\\\/www.inverseteams.com\\\/fr\\\/produit\\\/maillot-cyclisme-xpert-haiti-white\\\/\",\"name\":\"Maillot cyclisme XPERT HAITI WHITE (HOMME)\",\"isPartOf\":{\"@id\":\"https:\\\/\\\/www.inverseteams.com\\\/fr\\\/#website\"},\"primaryImageOfPage\":{\"@id\":\"https:\\\/\\\/www.inverseteams.com\\\/fr\\\/produit\\\/maillot-cyclisme-xpert-haiti-white\\\/#primaryimage\"},\"image\":{\"@id\":\"https:\\\/\\\/www.inverseteams.com\\\/fr\\\/produit\\\/maillot-cyclisme-xpert-haiti-white\\\/#primaryimage\"},\"thumbnailUrl\":\"https:\\\/\\\/www.inverseteams.com\\\/wp-content\\\/uploads\\\/INVERSE-CICLISMO-HOMBRE-MAILLOT-EXPERT-HAITI-WHITE-001.jpg\",\"datePublished\":\"2026-03-03T13:09:02+00:00\",\"dateModified\":\"2026-03-03T13:42:12+00:00\",\"description\":\"V\u00eatement l\u00e9ger, r\u00e9actif et con\u00e7u pour vous accompagner lors d\u2019efforts intenses et de comp\u00e9titions exigeantes.\",\"breadcrumb\":{\"@id\":\"https:\\\/\\\/www.inverseteams.com\\\/fr\\\/produit\\\/maillot-cyclisme-xpert-haiti-white\\\/#breadcrumb\"},\"inLanguage\":\"fr-FR\",\"potentialAction\":[{\"@type\":\"ReadAction\",\"target\":[\"https:\\\/\\\/www.inverseteams.com\\\/fr\\\/produit\\\/maillot-cyclisme-xpert-haiti-white\\\/\"]}]},{\"@type\":\"ImageObject\",\"inLanguage\":\"fr-FR\",\"@id\":\"https:\\\/\\\/www.inverseteams.com\\\/fr\\\/produit\\\/maillot-cyclisme-xpert-haiti-white\\\/#primaryimage\",\"url\":\"https:\\\/\\\/www.inverseteams.com\\\/wp-content\\\/uploads\\\/INVERSE-CICLISMO-HOMBRE-MAILLOT-EXPERT-HAITI-WHITE-001.jpg\",\"contentUrl\":\"https:\\\/\\\/www.inverseteams.com\\\/wp-content\\\/uploads\\\/INVERSE-CICLISMO-HOMBRE-MAILLOT-EXPERT-HAITI-WHITE-001.jpg\",\"width\":1500,\"height\":1612},{\"@type\":\"BreadcrumbList\",\"@id\":\"https:\\\/\\\/www.inverseteams.com\\\/fr\\\/produit\\\/maillot-cyclisme-xpert-haiti-white\\\/#breadcrumb\",\"itemListElement\":[{\"@type\":\"ListItem\",\"position\":1,\"name\":\"Portada\",\"item\":\"https:\\\/\\\/www.inverseteams.com\\\/fr\\\/pagina-principal\\\/\"},{\"@type\":\"ListItem\",\"position\":2,\"name\":\"Panier\",\"item\":\"https:\\\/\\\/www.inverseteams.com\\\/fr\\\/panier\\\/\"},{\"@type\":\"ListItem\",\"position\":3,\"name\":\"Maillot cyclisme XPERT HAITI WHITE\"}]},{\"@type\":\"WebSite\",\"@id\":\"https:\\\/\\\/www.inverseteams.com\\\/fr\\\/#website\",\"url\":\"https:\\\/\\\/www.inverseteams.com\\\/fr\\\/\",\"name\":\"Inverseteams\",\"description\":\"Tu marca de ropa deportiva personalizada\",\"publisher\":{\"@id\":\"https:\\\/\\\/www.inverseteams.com\\\/fr\\\/#organization\"},\"potentialAction\":[{\"@type\":\"SearchAction\",\"target\":{\"@type\":\"EntryPoint\",\"urlTemplate\":\"https:\\\/\\\/www.inverseteams.com\\\/fr\\\/?s={search_term_string}\"},\"query-input\":{\"@type\":\"PropertyValueSpecification\",\"valueRequired\":true,\"valueName\":\"search_term_string\"}}],\"inLanguage\":\"fr-FR\"},{\"@type\":\"Organization\",\"@id\":\"https:\\\/\\\/www.inverseteams.com\\\/fr\\\/#organization\",\"name\":\"Inverse Teams\",\"url\":\"https:\\\/\\\/www.inverseteams.com\\\/fr\\\/\",\"logo\":{\"@type\":\"ImageObject\",\"inLanguage\":\"fr-FR\",\"@id\":\"https:\\\/\\\/www.inverseteams.com\\\/fr\\\/#\\\/schema\\\/logo\\\/image\\\/\",\"url\":\"http:\\\/\\\/www.inverseteams.com\\\/wp-content\\\/uploads\\\/2021\\\/03\\\/logo-inverse-teams.png\",\"contentUrl\":\"http:\\\/\\\/www.inverseteams.com\\\/wp-content\\\/uploads\\\/2021\\\/03\\\/logo-inverse-teams.png\",\"width\":294,\"height\":99,\"caption\":\"Inverse Teams\"},\"image\":{\"@id\":\"https:\\\/\\\/www.inverseteams.com\\\/fr\\\/#\\\/schema\\\/logo\\\/image\\\/\"},\"sameAs\":[\"https:\\\/\\\/www.facebook.com\\\/inverseteams\",\"http:\\\/\\\/instagram.com\\\/inverseteams\",\"https:\\\/\\\/www.linkedin.com\\\/company\\\/inverse-cirosport-s-l-?trk=job_view_topcard_company_name\",\"http:\\\/\\\/www.pinterest.com\\\/inverseteams\\\/\",\"http:\\\/\\\/www.youtube.com\\\/user\\\/inverseteams?feature=watch\"]}]}<\/script>\n<!-- \/ Yoast SEO plugin. -->","yoast_head_json":{"title":"Maillot cyclisme XPERT HAITI WHITE (HOMME)","description":"V\u00eatement l\u00e9ger, r\u00e9actif et con\u00e7u pour vous accompagner lors d\u2019efforts intenses et de comp\u00e9titions exigeantes.","robots":{"index":"index","follow":"follow","max-snippet":"max-snippet:-1","max-image-preview":"max-image-preview:large","max-video-preview":"max-video-preview:-1"},"canonical":"https:\/\/www.inverseteams.com\/fr\/produit\/maillot-cyclisme-xpert-haiti-white\/","og_locale":"fr_FR","og_type":"article","og_title":"Maillot cyclisme XPERT HAITI WHITE (HOMME)","og_description":"V\u00eatement l\u00e9ger, r\u00e9actif et con\u00e7u pour vous accompagner lors d\u2019efforts intenses et de comp\u00e9titions exigeantes.","og_url":"https:\/\/www.inverseteams.com\/fr\/produit\/maillot-cyclisme-xpert-haiti-white\/","og_site_name":"Inverseteams","article_publisher":"https:\/\/www.facebook.com\/inverseteams","article_modified_time":"2026-03-03T13:42:12+00:00","og_image":[{"width":1500,"height":1612,"url":"https:\/\/www.inverseteams.com\/wp-content\/uploads\/INVERSE-CICLISMO-HOMBRE-MAILLOT-EXPERT-HAITI-WHITE-001.jpg","type":"image\/jpeg"}],"twitter_card":"summary_large_image","twitter_misc":{"Dur\u00e9e de lecture estim\u00e9e":"2 minutes"},"schema":{"@context":"https:\/\/schema.org","@graph":[{"@type":"WebPage","@id":"https:\/\/www.inverseteams.com\/fr\/produit\/maillot-cyclisme-xpert-haiti-white\/","url":"https:\/\/www.inverseteams.com\/fr\/produit\/maillot-cyclisme-xpert-haiti-white\/","name":"Maillot cyclisme XPERT HAITI WHITE (HOMME)","isPartOf":{"@id":"https:\/\/www.inverseteams.com\/fr\/#website"},"primaryImageOfPage":{"@id":"https:\/\/www.inverseteams.com\/fr\/produit\/maillot-cyclisme-xpert-haiti-white\/#primaryimage"},"image":{"@id":"https:\/\/www.inverseteams.com\/fr\/produit\/maillot-cyclisme-xpert-haiti-white\/#primaryimage"},"thumbnailUrl":"https:\/\/www.inverseteams.com\/wp-content\/uploads\/INVERSE-CICLISMO-HOMBRE-MAILLOT-EXPERT-HAITI-WHITE-001.jpg","datePublished":"2026-03-03T13:09:02+00:00","dateModified":"2026-03-03T13:42:12+00:00","description":"V\u00eatement l\u00e9ger, r\u00e9actif et con\u00e7u pour vous accompagner lors d\u2019efforts intenses et de comp\u00e9titions exigeantes.","breadcrumb":{"@id":"https:\/\/www.inverseteams.com\/fr\/produit\/maillot-cyclisme-xpert-haiti-white\/#breadcrumb"},"inLanguage":"fr-FR","potentialAction":[{"@type":"ReadAction","target":["https:\/\/www.inverseteams.com\/fr\/produit\/maillot-cyclisme-xpert-haiti-white\/"]}]},{"@type":"ImageObject","inLanguage":"fr-FR","@id":"https:\/\/www.inverseteams.com\/fr\/produit\/maillot-cyclisme-xpert-haiti-white\/#primaryimage","url":"https:\/\/www.inverseteams.com\/wp-content\/uploads\/INVERSE-CICLISMO-HOMBRE-MAILLOT-EXPERT-HAITI-WHITE-001.jpg","contentUrl":"https:\/\/www.inverseteams.com\/wp-content\/uploads\/INVERSE-CICLISMO-HOMBRE-MAILLOT-EXPERT-HAITI-WHITE-001.jpg","width":1500,"height":1612},{"@type":"BreadcrumbList","@id":"https:\/\/www.inverseteams.com\/fr\/produit\/maillot-cyclisme-xpert-haiti-white\/#breadcrumb","itemListElement":[{"@type":"ListItem","position":1,"name":"Portada","item":"https:\/\/www.inverseteams.com\/fr\/pagina-principal\/"},{"@type":"ListItem","position":2,"name":"Panier","item":"https:\/\/www.inverseteams.com\/fr\/panier\/"},{"@type":"ListItem","position":3,"name":"Maillot cyclisme XPERT HAITI WHITE"}]},{"@type":"WebSite","@id":"https:\/\/www.inverseteams.com\/fr\/#website","url":"https:\/\/www.inverseteams.com\/fr\/","name":"Inverseteams","description":"Tu marca de ropa deportiva personalizada","publisher":{"@id":"https:\/\/www.inverseteams.com\/fr\/#organization"},"potentialAction":[{"@type":"SearchAction","target":{"@type":"EntryPoint","urlTemplate":"https:\/\/www.inverseteams.com\/fr\/?s={search_term_string}"},"query-input":{"@type":"PropertyValueSpecification","valueRequired":true,"valueName":"search_term_string"}}],"inLanguage":"fr-FR"},{"@type":"Organization","@id":"https:\/\/www.inverseteams.com\/fr\/#organization","name":"Inverse Teams","url":"https:\/\/www.inverseteams.com\/fr\/","logo":{"@type":"ImageObject","inLanguage":"fr-FR","@id":"https:\/\/www.inverseteams.com\/fr\/#\/schema\/logo\/image\/","url":"https:\/\/www.inverseteams.com\/wp-content\/uploads\/2021\/03\/logo-inverse-teams.png","contentUrl":"https:\/\/www.inverseteams.com\/wp-content\/uploads\/2021\/03\/logo-inverse-teams.png","width":294,"height":99,"caption":"Inverse Teams"},"image":{"@id":"https:\/\/www.inverseteams.com\/fr\/#\/schema\/logo\/image\/"},"sameAs":["https:\/\/www.facebook.com\/inverseteams","http:\/\/instagram.com\/inverseteams","https:\/\/www.linkedin.com\/company\/inverse-cirosport-s-l-?trk=job_view_topcard_company_name","http:\/\/www.pinterest.com\/inverseteams\/","http:\/\/www.youtube.com\/user\/inverseteams?feature=watch"]}]}},"_links":{"self":[{"href":"https:\/\/www.inverseteams.com\/fr\/wp-json\/wp\/v2\/product\/278443","targetHints":{"allow":["GET"]}}],"collection":[{"href":"https:\/\/www.inverseteams.com\/fr\/wp-json\/wp\/v2\/product"}],"about":[{"href":"https:\/\/www.inverseteams.com\/fr\/wp-json\/wp\/v2\/types\/product"}],"replies":[{"embeddable":true,"href":"https:\/\/www.inverseteams.com\/fr\/wp-json\/wp\/v2\/comments?post=278443"}],"wp:featuredmedia":[{"embeddable":true,"href":"https:\/\/www.inverseteams.com\/fr\/wp-json\/wp\/v2\/media\/278493"}],"wp:attachment":[{"href":"https:\/\/www.inverseteams.com\/fr\/wp-json\/wp\/v2\/media?parent=278443"}],"wp:term":[{"taxonomy":"product_brand","embeddable":true,"href":"https:\/\/www.inverseteams.com\/fr\/wp-json\/wp\/v2\/product_brand?post=278443"},{"taxonomy":"product_cat","embeddable":true,"href":"https:\/\/www.inverseteams.com\/fr\/wp-json\/wp\/v2\/product_cat?post=278443"},{"taxonomy":"product_tag","embeddable":true,"href":"https:\/\/www.inverseteams.com\/fr\/wp-json\/wp\/v2\/product_tag?post=278443"},{"taxonomy":"custom_category","embeddable":true,"href":"https:\/\/www.inverseteams.com\/fr\/wp-json\/wp\/v2\/custom_category?post=278443"},{"taxonomy":"range","embeddable":true,"href":"https:\/\/www.inverseteams.com\/fr\/wp-json\/wp\/v2\/range?post=278443"}],"curies":[{"name":"wp","href":"https:\/\/api.w.org\/{rel}","templated":true}]}}