{"id":278392,"date":"2026-03-03T13:30:07","date_gmt":"2026-03-03T12:30:07","guid":{"rendered":"https:\/\/www.inverseteams.com\/?post_type=product&#038;p=278392"},"modified":"2026-03-03T13:40:10","modified_gmt":"2026-03-03T12:40:10","slug":"maillot-cyclisme-manche-courte-motion-kenia-moss","status":"publish","type":"product","link":"https:\/\/www.inverseteams.com\/fr\/produit\/maillot-cyclisme-manche-courte-motion-kenia-moss\/","title":{"rendered":"Maillot cyclisme manche courte MOTION KENIA MOSS"},"content":{"rendered":"<p>Le maillot manches courtes qui red\u00e9finit l\u2019essence du cyclisme moderne : lignes \u00e9pur\u00e9es, <strong>finitions de haute qualit\u00e9<\/strong> et \u00e9l\u00e9gance intemporelle con\u00e7ue pour offrir des p<strong>erformances maximales \u00e0 chaque sortie.<\/strong><br \/>\nAvec sa coupe slim fit (tr\u00e8s ajust\u00e9e), il s\u2019adapte au corps comme une <strong>seconde peau, offrant une totale libert\u00e9 de mouvement<\/strong> et une sensation a\u00e9rodynamique pr\u00e9cise sur le v\u00e9lo. Il est compos\u00e9 de trois tissus hautement \u00e9lastiques et l\u00e9gers, strat\u00e9giquement combin\u00e9s pour garantir respirabilit\u00e9, adaptabilit\u00e9 et l\u00e9g\u00e8ret\u00e9 sur chaque zone.<br \/>\nLa taille int\u00e8gre une <strong>bande \u00e9lastique avec grip int\u00e9rieur<\/strong> assurant un maintien ferme et confortable, m\u00eame lors des efforts les plus intenses. Ses finitions thermosoud\u00e9es renforcent l\u2019esth\u00e9tique minimaliste du design, \u00e9liminant les coutures inutiles et apportant un suppl\u00e9ment de confort et de sophistication.<br \/>\nDans la zone lombaire, il dispose de <strong>trois poches arri\u00e8re avec le syst\u00e8me ISP<\/strong> (Inverse Safe Pocket), con\u00e7ues pour offrir plus de s\u00e9curit\u00e9 et de stabilit\u00e9 \u00e0 vos effets personnels pendant la sortie. Il comprend \u00e9galement une <strong>poche suppl\u00e9mentaire imperm\u00e9able<\/strong> avec fermeture \u00e9clair, id\u00e9ale pour prot\u00e9ger des objets sensibles tels que cl\u00e9s ou appareils \u00e9lectroniques.<br \/>\nLe <strong>col sans coutures<\/strong> \u00e0 l\u2019avant garantit un contact doux avec la peau, \u00e9vitant frottements et irritations sur les longues distances. La fermeture \u00e9clair aimant\u00e9e avec syst\u00e8me antipull facilite l\u2019ajustement m\u00eame en mouvement et \u00e9vite les ouvertures involontaires, ajoutant de la fonctionnalit\u00e9 \u00e0 un design soign\u00e9 dans les moindres d\u00e9tails.<br \/>\nL\u00e9g\u00e8ret\u00e9, performance, confort et style se r\u00e9unissent dans un maillot qui se distingue par son caract\u00e8re minimaliste, ses finitions premium et son \u00e9l\u00e9gance sur le v\u00e9lo. Un v\u00eatement con\u00e7u pour ceux qui savent que moins, c\u2019est plus \u2014 m\u00eame sur l\u2019asphalte.<\/p>\n","protected":false},"excerpt":{"rendered":"<p>Le maillot manches courtes qui red\u00e9finit l\u2019essence du cyclisme moderne : lignes \u00e9pur\u00e9es, <strong>finitions de haute qualit\u00e9<\/strong> et \u00e9l\u00e9gance intemporelle con\u00e7ue pour offrir des p<strong>erformances maximales \u00e0 chaque sortie.<\/strong><br \/>\nAvec sa coupe slim fit (tr\u00e8s ajust\u00e9e), il s\u2019adapte au corps comme une <strong>seconde peau, offrant une totale libert\u00e9 de mouvement<\/strong> et une sensation a\u00e9rodynamique pr\u00e9cise sur le v\u00e9lo. Il est compos\u00e9 de trois tissus hautement \u00e9lastiques et l\u00e9gers, strat\u00e9giquement combin\u00e9s pour garantir respirabilit\u00e9, adaptabilit\u00e9 et l\u00e9g\u00e8ret\u00e9 sur chaque zone.<br \/>\nLa taille int\u00e8gre une <strong>bande \u00e9lastique avec grip int\u00e9rieur<\/strong> assurant un maintien ferme et confortable, m\u00eame lors des efforts les plus intenses. Ses finitions thermosoud\u00e9es renforcent l\u2019esth\u00e9tique minimaliste du design, \u00e9liminant les coutures inutiles et apportant un suppl\u00e9ment de confort et de sophistication.<br \/>\nDans la zone lombaire, il dispose de <strong>trois poches arri\u00e8re avec le syst\u00e8me ISP<\/strong> (Inverse Safe Pocket), con\u00e7ues pour offrir plus de s\u00e9curit\u00e9 et de stabilit\u00e9 \u00e0 vos effets personnels pendant la sortie. Il comprend \u00e9galement une <strong>poche suppl\u00e9mentaire imperm\u00e9able<\/strong> avec fermeture \u00e9clair, id\u00e9ale pour prot\u00e9ger des objets sensibles tels que cl\u00e9s ou appareils \u00e9lectroniques.<br \/>\nLe <strong>col sans coutures<\/strong> \u00e0 l\u2019avant garantit un contact doux avec la peau, \u00e9vitant frottements et irritations sur les longues distances. La fermeture \u00e9clair aimant\u00e9e avec syst\u00e8me antipull facilite l\u2019ajustement m\u00eame en mouvement et \u00e9vite les ouvertures involontaires, ajoutant de la fonctionnalit\u00e9 \u00e0 un design soign\u00e9 dans les moindres d\u00e9tails.<br \/>\nL\u00e9g\u00e8ret\u00e9, performance, confort et style se r\u00e9unissent dans un maillot qui se distingue par son caract\u00e8re minimaliste, ses finitions premium et son \u00e9l\u00e9gance sur le v\u00e9lo. Un v\u00eatement con\u00e7u pour ceux qui savent que moins, c\u2019est plus \u2014 m\u00eame sur l\u2019asphalte.<\/p>\n","protected":false},"featured_media":278321,"comment_status":"closed","ping_status":"closed","template":"","meta":{"_acf_changed":false},"product_brand":[],"product_cat":[3230,3240,9949,7177],"product_tag":[],"custom_category":[],"range":[],"class_list":{"0":"post-278392","1":"product","2":"type-product","3":"status-publish","4":"has-post-thumbnail","6":"product_cat-cyclisme-fr","7":"product_cat-maillot-cycliste","8":"product_cat-gravel-fr","9":"product_cat-b2b-fr","10":"pa_climatologia-chaud","11":"pa_deporte-cyclisme","12":"pa_deporte-gravel-fr","13":"pa_genero-homme","14":"pa_patronaje-fit-fr","15":"pa_talla-l-fr","16":"pa_talla-m-fr","17":"pa_talla-s-fr","18":"pa_talla-xl-fr","19":"pa_talla-xxl-fr","20":"pa_tipo-de-prenda-maillot-manche-courte","22":"first","23":"instock","24":"featured","25":"taxable","26":"shipping-taxable","27":"purchasable","28":"product-type-variable","29":"has-default-attributes"},"acf":[],"yoast_head":"<!-- This site is optimized with the Yoast SEO plugin v27.3 - https:\/\/yoast.com\/product\/yoast-seo-wordpress\/ -->\n<title>Maillot cyclisme manche courte MOTION KENIA MOSS (HOMME)<\/title>\n<meta name=\"description\" content=\"Avec sa coupe slim fit (tr\u00e8s ajust\u00e9e), il s\u2019adapte au corps comme une seconde peau, offrant une totale libert\u00e9 de mouvement et une sensation a\u00e9rodynamique pr\u00e9cise sur le v\u00e9lo.\" \/>\n<meta name=\"robots\" content=\"index, follow, max-snippet:-1, max-image-preview:large, max-video-preview:-1\" \/>\n<link rel=\"canonical\" href=\"https:\/\/www.inverseteams.com\/fr\/produit\/maillot-cyclisme-manche-courte-motion-kenia-moss\/\" \/>\n<meta property=\"og:locale\" content=\"fr_FR\" \/>\n<meta property=\"og:type\" content=\"article\" \/>\n<meta property=\"og:title\" content=\"Maillot cyclisme manche courte MOTION KENIA MOSS (HOMME)\" \/>\n<meta property=\"og:description\" content=\"Avec sa coupe slim fit (tr\u00e8s ajust\u00e9e), il s\u2019adapte au corps comme une seconde peau, offrant une totale libert\u00e9 de mouvement et une sensation a\u00e9rodynamique pr\u00e9cise sur le v\u00e9lo.\" \/>\n<meta property=\"og:url\" content=\"https:\/\/www.inverseteams.com\/fr\/produit\/maillot-cyclisme-manche-courte-motion-kenia-moss\/\" \/>\n<meta property=\"og:site_name\" content=\"Inverseteams\" \/>\n<meta property=\"article:publisher\" content=\"https:\/\/www.facebook.com\/inverseteams\" \/>\n<meta property=\"article:modified_time\" content=\"2026-03-03T12:40:10+00:00\" \/>\n<meta property=\"og:image\" content=\"https:\/\/www.inverseteams.com\/wp-content\/uploads\/INVERSE-CICLISMO-HOMBRE-MAILLOT-MOTION-KENIA-MOSS-001.jpg\" \/>\n\t<meta property=\"og:image:width\" content=\"1500\" \/>\n\t<meta property=\"og:image:height\" content=\"1612\" \/>\n\t<meta property=\"og:image:type\" content=\"image\/jpeg\" \/>\n<meta name=\"twitter:card\" content=\"summary_large_image\" \/>\n<meta name=\"twitter:label1\" content=\"Dur\u00e9e de lecture estim\u00e9e\" \/>\n\t<meta name=\"twitter:data1\" content=\"2 minutes\" \/>\n<script type=\"application\/ld+json\" class=\"yoast-schema-graph\">{\"@context\":\"https:\\\/\\\/schema.org\",\"@graph\":[{\"@type\":\"WebPage\",\"@id\":\"https:\\\/\\\/www.inverseteams.com\\\/fr\\\/produit\\\/maillot-cyclisme-manche-courte-motion-kenia-moss\\\/\",\"url\":\"https:\\\/\\\/www.inverseteams.com\\\/fr\\\/produit\\\/maillot-cyclisme-manche-courte-motion-kenia-moss\\\/\",\"name\":\"Maillot cyclisme manche courte MOTION KENIA MOSS (HOMME)\",\"isPartOf\":{\"@id\":\"https:\\\/\\\/www.inverseteams.com\\\/fr\\\/#website\"},\"primaryImageOfPage\":{\"@id\":\"https:\\\/\\\/www.inverseteams.com\\\/fr\\\/produit\\\/maillot-cyclisme-manche-courte-motion-kenia-moss\\\/#primaryimage\"},\"image\":{\"@id\":\"https:\\\/\\\/www.inverseteams.com\\\/fr\\\/produit\\\/maillot-cyclisme-manche-courte-motion-kenia-moss\\\/#primaryimage\"},\"thumbnailUrl\":\"https:\\\/\\\/www.inverseteams.com\\\/wp-content\\\/uploads\\\/INVERSE-CICLISMO-HOMBRE-MAILLOT-MOTION-KENIA-MOSS-001.jpg\",\"datePublished\":\"2026-03-03T12:30:07+00:00\",\"dateModified\":\"2026-03-03T12:40:10+00:00\",\"description\":\"Avec sa coupe slim fit (tr\u00e8s ajust\u00e9e), il s\u2019adapte au corps comme une seconde peau, offrant une totale libert\u00e9 de mouvement et une sensation a\u00e9rodynamique pr\u00e9cise sur le v\u00e9lo.\",\"breadcrumb\":{\"@id\":\"https:\\\/\\\/www.inverseteams.com\\\/fr\\\/produit\\\/maillot-cyclisme-manche-courte-motion-kenia-moss\\\/#breadcrumb\"},\"inLanguage\":\"fr-FR\",\"potentialAction\":[{\"@type\":\"ReadAction\",\"target\":[\"https:\\\/\\\/www.inverseteams.com\\\/fr\\\/produit\\\/maillot-cyclisme-manche-courte-motion-kenia-moss\\\/\"]}]},{\"@type\":\"ImageObject\",\"inLanguage\":\"fr-FR\",\"@id\":\"https:\\\/\\\/www.inverseteams.com\\\/fr\\\/produit\\\/maillot-cyclisme-manche-courte-motion-kenia-moss\\\/#primaryimage\",\"url\":\"https:\\\/\\\/www.inverseteams.com\\\/wp-content\\\/uploads\\\/INVERSE-CICLISMO-HOMBRE-MAILLOT-MOTION-KENIA-MOSS-001.jpg\",\"contentUrl\":\"https:\\\/\\\/www.inverseteams.com\\\/wp-content\\\/uploads\\\/INVERSE-CICLISMO-HOMBRE-MAILLOT-MOTION-KENIA-MOSS-001.jpg\",\"width\":1500,\"height\":1612},{\"@type\":\"BreadcrumbList\",\"@id\":\"https:\\\/\\\/www.inverseteams.com\\\/fr\\\/produit\\\/maillot-cyclisme-manche-courte-motion-kenia-moss\\\/#breadcrumb\",\"itemListElement\":[{\"@type\":\"ListItem\",\"position\":1,\"name\":\"Portada\",\"item\":\"https:\\\/\\\/www.inverseteams.com\\\/fr\\\/pagina-principal\\\/\"},{\"@type\":\"ListItem\",\"position\":2,\"name\":\"Panier\",\"item\":\"https:\\\/\\\/www.inverseteams.com\\\/fr\\\/panier\\\/\"},{\"@type\":\"ListItem\",\"position\":3,\"name\":\"Maillot cyclisme manche courte MOTION KENIA MOSS\"}]},{\"@type\":\"WebSite\",\"@id\":\"https:\\\/\\\/www.inverseteams.com\\\/fr\\\/#website\",\"url\":\"https:\\\/\\\/www.inverseteams.com\\\/fr\\\/\",\"name\":\"Inverseteams\",\"description\":\"Tu marca de ropa deportiva personalizada\",\"publisher\":{\"@id\":\"https:\\\/\\\/www.inverseteams.com\\\/fr\\\/#organization\"},\"potentialAction\":[{\"@type\":\"SearchAction\",\"target\":{\"@type\":\"EntryPoint\",\"urlTemplate\":\"https:\\\/\\\/www.inverseteams.com\\\/fr\\\/?s={search_term_string}\"},\"query-input\":{\"@type\":\"PropertyValueSpecification\",\"valueRequired\":true,\"valueName\":\"search_term_string\"}}],\"inLanguage\":\"fr-FR\"},{\"@type\":\"Organization\",\"@id\":\"https:\\\/\\\/www.inverseteams.com\\\/fr\\\/#organization\",\"name\":\"Inverse Teams\",\"url\":\"https:\\\/\\\/www.inverseteams.com\\\/fr\\\/\",\"logo\":{\"@type\":\"ImageObject\",\"inLanguage\":\"fr-FR\",\"@id\":\"https:\\\/\\\/www.inverseteams.com\\\/fr\\\/#\\\/schema\\\/logo\\\/image\\\/\",\"url\":\"http:\\\/\\\/www.inverseteams.com\\\/wp-content\\\/uploads\\\/2021\\\/03\\\/logo-inverse-teams.png\",\"contentUrl\":\"http:\\\/\\\/www.inverseteams.com\\\/wp-content\\\/uploads\\\/2021\\\/03\\\/logo-inverse-teams.png\",\"width\":294,\"height\":99,\"caption\":\"Inverse Teams\"},\"image\":{\"@id\":\"https:\\\/\\\/www.inverseteams.com\\\/fr\\\/#\\\/schema\\\/logo\\\/image\\\/\"},\"sameAs\":[\"https:\\\/\\\/www.facebook.com\\\/inverseteams\",\"http:\\\/\\\/instagram.com\\\/inverseteams\",\"https:\\\/\\\/www.linkedin.com\\\/company\\\/inverse-cirosport-s-l-?trk=job_view_topcard_company_name\",\"http:\\\/\\\/www.pinterest.com\\\/inverseteams\\\/\",\"http:\\\/\\\/www.youtube.com\\\/user\\\/inverseteams?feature=watch\"]}]}<\/script>\n<!-- \/ Yoast SEO plugin. -->","yoast_head_json":{"title":"Maillot cyclisme manche courte MOTION KENIA MOSS (HOMME)","description":"Avec sa coupe slim fit (tr\u00e8s ajust\u00e9e), il s\u2019adapte au corps comme une seconde peau, offrant une totale libert\u00e9 de mouvement et une sensation a\u00e9rodynamique pr\u00e9cise sur le v\u00e9lo.","robots":{"index":"index","follow":"follow","max-snippet":"max-snippet:-1","max-image-preview":"max-image-preview:large","max-video-preview":"max-video-preview:-1"},"canonical":"https:\/\/www.inverseteams.com\/fr\/produit\/maillot-cyclisme-manche-courte-motion-kenia-moss\/","og_locale":"fr_FR","og_type":"article","og_title":"Maillot cyclisme manche courte MOTION KENIA MOSS (HOMME)","og_description":"Avec sa coupe slim fit (tr\u00e8s ajust\u00e9e), il s\u2019adapte au corps comme une seconde peau, offrant une totale libert\u00e9 de mouvement et une sensation a\u00e9rodynamique pr\u00e9cise sur le v\u00e9lo.","og_url":"https:\/\/www.inverseteams.com\/fr\/produit\/maillot-cyclisme-manche-courte-motion-kenia-moss\/","og_site_name":"Inverseteams","article_publisher":"https:\/\/www.facebook.com\/inverseteams","article_modified_time":"2026-03-03T12:40:10+00:00","og_image":[{"width":1500,"height":1612,"url":"https:\/\/www.inverseteams.com\/wp-content\/uploads\/INVERSE-CICLISMO-HOMBRE-MAILLOT-MOTION-KENIA-MOSS-001.jpg","type":"image\/jpeg"}],"twitter_card":"summary_large_image","twitter_misc":{"Dur\u00e9e de lecture estim\u00e9e":"2 minutes"},"schema":{"@context":"https:\/\/schema.org","@graph":[{"@type":"WebPage","@id":"https:\/\/www.inverseteams.com\/fr\/produit\/maillot-cyclisme-manche-courte-motion-kenia-moss\/","url":"https:\/\/www.inverseteams.com\/fr\/produit\/maillot-cyclisme-manche-courte-motion-kenia-moss\/","name":"Maillot cyclisme manche courte MOTION KENIA MOSS (HOMME)","isPartOf":{"@id":"https:\/\/www.inverseteams.com\/fr\/#website"},"primaryImageOfPage":{"@id":"https:\/\/www.inverseteams.com\/fr\/produit\/maillot-cyclisme-manche-courte-motion-kenia-moss\/#primaryimage"},"image":{"@id":"https:\/\/www.inverseteams.com\/fr\/produit\/maillot-cyclisme-manche-courte-motion-kenia-moss\/#primaryimage"},"thumbnailUrl":"https:\/\/www.inverseteams.com\/wp-content\/uploads\/INVERSE-CICLISMO-HOMBRE-MAILLOT-MOTION-KENIA-MOSS-001.jpg","datePublished":"2026-03-03T12:30:07+00:00","dateModified":"2026-03-03T12:40:10+00:00","description":"Avec sa coupe slim fit (tr\u00e8s ajust\u00e9e), il s\u2019adapte au corps comme une seconde peau, offrant une totale libert\u00e9 de mouvement et une sensation a\u00e9rodynamique pr\u00e9cise sur le v\u00e9lo.","breadcrumb":{"@id":"https:\/\/www.inverseteams.com\/fr\/produit\/maillot-cyclisme-manche-courte-motion-kenia-moss\/#breadcrumb"},"inLanguage":"fr-FR","potentialAction":[{"@type":"ReadAction","target":["https:\/\/www.inverseteams.com\/fr\/produit\/maillot-cyclisme-manche-courte-motion-kenia-moss\/"]}]},{"@type":"ImageObject","inLanguage":"fr-FR","@id":"https:\/\/www.inverseteams.com\/fr\/produit\/maillot-cyclisme-manche-courte-motion-kenia-moss\/#primaryimage","url":"https:\/\/www.inverseteams.com\/wp-content\/uploads\/INVERSE-CICLISMO-HOMBRE-MAILLOT-MOTION-KENIA-MOSS-001.jpg","contentUrl":"https:\/\/www.inverseteams.com\/wp-content\/uploads\/INVERSE-CICLISMO-HOMBRE-MAILLOT-MOTION-KENIA-MOSS-001.jpg","width":1500,"height":1612},{"@type":"BreadcrumbList","@id":"https:\/\/www.inverseteams.com\/fr\/produit\/maillot-cyclisme-manche-courte-motion-kenia-moss\/#breadcrumb","itemListElement":[{"@type":"ListItem","position":1,"name":"Portada","item":"https:\/\/www.inverseteams.com\/fr\/pagina-principal\/"},{"@type":"ListItem","position":2,"name":"Panier","item":"https:\/\/www.inverseteams.com\/fr\/panier\/"},{"@type":"ListItem","position":3,"name":"Maillot cyclisme manche courte MOTION KENIA MOSS"}]},{"@type":"WebSite","@id":"https:\/\/www.inverseteams.com\/fr\/#website","url":"https:\/\/www.inverseteams.com\/fr\/","name":"Inverseteams","description":"Tu marca de ropa deportiva personalizada","publisher":{"@id":"https:\/\/www.inverseteams.com\/fr\/#organization"},"potentialAction":[{"@type":"SearchAction","target":{"@type":"EntryPoint","urlTemplate":"https:\/\/www.inverseteams.com\/fr\/?s={search_term_string}"},"query-input":{"@type":"PropertyValueSpecification","valueRequired":true,"valueName":"search_term_string"}}],"inLanguage":"fr-FR"},{"@type":"Organization","@id":"https:\/\/www.inverseteams.com\/fr\/#organization","name":"Inverse Teams","url":"https:\/\/www.inverseteams.com\/fr\/","logo":{"@type":"ImageObject","inLanguage":"fr-FR","@id":"https:\/\/www.inverseteams.com\/fr\/#\/schema\/logo\/image\/","url":"https:\/\/www.inverseteams.com\/wp-content\/uploads\/2021\/03\/logo-inverse-teams.png","contentUrl":"https:\/\/www.inverseteams.com\/wp-content\/uploads\/2021\/03\/logo-inverse-teams.png","width":294,"height":99,"caption":"Inverse Teams"},"image":{"@id":"https:\/\/www.inverseteams.com\/fr\/#\/schema\/logo\/image\/"},"sameAs":["https:\/\/www.facebook.com\/inverseteams","http:\/\/instagram.com\/inverseteams","https:\/\/www.linkedin.com\/company\/inverse-cirosport-s-l-?trk=job_view_topcard_company_name","http:\/\/www.pinterest.com\/inverseteams\/","http:\/\/www.youtube.com\/user\/inverseteams?feature=watch"]}]}},"_links":{"self":[{"href":"https:\/\/www.inverseteams.com\/fr\/wp-json\/wp\/v2\/product\/278392","targetHints":{"allow":["GET"]}}],"collection":[{"href":"https:\/\/www.inverseteams.com\/fr\/wp-json\/wp\/v2\/product"}],"about":[{"href":"https:\/\/www.inverseteams.com\/fr\/wp-json\/wp\/v2\/types\/product"}],"replies":[{"embeddable":true,"href":"https:\/\/www.inverseteams.com\/fr\/wp-json\/wp\/v2\/comments?post=278392"}],"wp:featuredmedia":[{"embeddable":true,"href":"https:\/\/www.inverseteams.com\/fr\/wp-json\/wp\/v2\/media\/278321"}],"wp:attachment":[{"href":"https:\/\/www.inverseteams.com\/fr\/wp-json\/wp\/v2\/media?parent=278392"}],"wp:term":[{"taxonomy":"product_brand","embeddable":true,"href":"https:\/\/www.inverseteams.com\/fr\/wp-json\/wp\/v2\/product_brand?post=278392"},{"taxonomy":"product_cat","embeddable":true,"href":"https:\/\/www.inverseteams.com\/fr\/wp-json\/wp\/v2\/product_cat?post=278392"},{"taxonomy":"product_tag","embeddable":true,"href":"https:\/\/www.inverseteams.com\/fr\/wp-json\/wp\/v2\/product_tag?post=278392"},{"taxonomy":"custom_category","embeddable":true,"href":"https:\/\/www.inverseteams.com\/fr\/wp-json\/wp\/v2\/custom_category?post=278392"},{"taxonomy":"range","embeddable":true,"href":"https:\/\/www.inverseteams.com\/fr\/wp-json\/wp\/v2\/range?post=278392"}],"curies":[{"name":"wp","href":"https:\/\/api.w.org\/{rel}","templated":true}]}}