{"id":275821,"date":"2025-11-14T11:45:39","date_gmt":"2025-11-14T11:45:39","guid":{"rendered":"https:\/\/www.inverseteams.com\/?post_type=product&#038;p=275821"},"modified":"2025-11-14T12:25:17","modified_gmt":"2025-11-14T12:25:17","slug":"chaussettes-sublimees-sc93-s-basket","status":"publish","type":"product","link":"https:\/\/www.inverseteams.com\/fr\/produit\/chaussettes-sublimees-sc93-s-basket\/","title":{"rendered":"Chaussettes sublim\u00e9es SC93-S"},"content":{"rendered":"<p>Chaussettes con\u00e7ues pour atteindre des performances maximales en comp\u00e9tition et en entra\u00eenement intense.<br \/>\nHautement respirant, l\u00e9ger et a\u00e9rodynamique gr\u00e2ce au tissu c\u00f4tel\u00e9 AEREO.<br \/>\nIl s&rsquo;adapte parfaitement \u00e0 la jambe gr\u00e2ce au grip int\u00e9rieur en silicone hypoallerg\u00e9nique int\u00e9gr\u00e9. Le pied est fabriqu\u00e9 avec des fils Vaporfeel\u00ae, un mat\u00e9riau l\u00e9ger et r\u00e9sistant \u00e0 l&rsquo;abrasion. Ce mat\u00e9riau permet un s\u00e9chage rapide.<\/p>\n","protected":false},"excerpt":{"rendered":"<p>Chaussettes con\u00e7ues pour atteindre des performances maximales en comp\u00e9tition et en entra\u00eenement intense.<br \/>\nHautement respirant, l\u00e9ger et a\u00e9rodynamique gr\u00e2ce au tissu c\u00f4tel\u00e9 AEREO.<br \/>\nIl s&rsquo;adapte parfaitement \u00e0 la jambe gr\u00e2ce au grip int\u00e9rieur en silicone hypoallerg\u00e9nique int\u00e9gr\u00e9. Le pied est fabriqu\u00e9 avec des fils Vaporfeel\u00ae, un mat\u00e9riau l\u00e9ger et r\u00e9sistant \u00e0 l&rsquo;abrasion. Ce mat\u00e9riau permet un s\u00e9chage rapide.<\/p>\n","protected":false},"featured_media":275770,"comment_status":"closed","ping_status":"closed","template":"","meta":{"_acf_changed":false},"product_brand":[],"product_cat":[8305],"product_tag":[],"custom_category":[15160,20146],"range":[15150],"class_list":{"0":"post-275821","1":"product","2":"type-product","3":"status-publish","4":"has-post-thumbnail","6":"product_cat-uncategorized-fr","7":"pa_climatologia-chaud","8":"pa_climatologia-froid","9":"pa_climatologia-temperature-chaude","10":"pa_deporte-basketball-fr","11":"pa_genero-unisexe","12":"pa_tipo-de-prenda-chaussette","13":"custom_category-sport-dequipe","14":"custom_category-basket","15":"range-accessoires","17":"first","18":"instock","19":"product-type-custom"},"acf":[],"yoast_head":"<!-- This site is optimized with the Yoast SEO plugin v27.5 - https:\/\/yoast.com\/product\/yoast-seo-wordpress\/ -->\n<title>Chaussettes sublim\u00e9es SC93-S | Inverseteams<\/title>\n<meta name=\"description\" content=\"Chaussettes con\u00e7ues pour atteindre des performances maximales en comp\u00e9tition et en entra\u00eenement intense. Hautement respirant, l\u00e9ger et a\u00e9rodynamique gr\u00e2ce au tissu c\u00f4tel\u00e9 AEREO. Il s&#039;adapte parfaitement \u00e0 la jambe gr\u00e2ce au grip int\u00e9rieur en silicone hypoallerg\u00e9nique int\u00e9gr\u00e9. Le pied est fabriqu\u00e9 avec des fils Vaporfeel\u00ae, un mat\u00e9riau l\u00e9ger et r\u00e9sistant \u00e0 l&#039;abrasion. Ce mat\u00e9riau permet un s\u00e9chage rapide.\" \/>\n<meta name=\"robots\" content=\"index, follow, max-snippet:-1, max-image-preview:large, max-video-preview:-1\" \/>\n<link rel=\"canonical\" href=\"https:\/\/www.inverseteams.com\/fr\/produit\/chaussettes-sublimees-sc93-s-basket\/\" \/>\n<meta property=\"og:locale\" content=\"fr_FR\" \/>\n<meta property=\"og:type\" content=\"article\" \/>\n<meta property=\"og:title\" content=\"Chaussettes sublim\u00e9es SC93-S | Inverseteams\" \/>\n<meta property=\"og:description\" content=\"Chaussettes con\u00e7ues pour atteindre des performances maximales en comp\u00e9tition et en entra\u00eenement intense. Hautement respirant, l\u00e9ger et a\u00e9rodynamique gr\u00e2ce au tissu c\u00f4tel\u00e9 AEREO. Il s&#039;adapte parfaitement \u00e0 la jambe gr\u00e2ce au grip int\u00e9rieur en silicone hypoallerg\u00e9nique int\u00e9gr\u00e9. Le pied est fabriqu\u00e9 avec des fils Vaporfeel\u00ae, un mat\u00e9riau l\u00e9ger et r\u00e9sistant \u00e0 l&#039;abrasion. Ce mat\u00e9riau permet un s\u00e9chage rapide.\" \/>\n<meta property=\"og:url\" content=\"https:\/\/www.inverseteams.com\/fr\/produit\/chaussettes-sublimees-sc93-s-basket\/\" \/>\n<meta property=\"og:site_name\" content=\"Inverseteams\" \/>\n<meta property=\"article:publisher\" content=\"https:\/\/www.facebook.com\/inverseteams\" \/>\n<meta property=\"article:modified_time\" content=\"2025-11-14T12:25:17+00:00\" \/>\n<meta property=\"og:image\" content=\"https:\/\/www.inverseteams.com\/wp-content\/uploads\/INVERSE-CALCETINES-BASKET-SC93-S-1.jpg\" \/>\n\t<meta property=\"og:image:width\" content=\"1500\" \/>\n\t<meta property=\"og:image:height\" content=\"1612\" \/>\n\t<meta property=\"og:image:type\" content=\"image\/jpeg\" \/>\n<meta name=\"twitter:card\" content=\"summary_large_image\" \/>\n<meta name=\"twitter:label1\" content=\"Dur\u00e9e de lecture estim\u00e9e\" \/>\n\t<meta name=\"twitter:data1\" content=\"1 minute\" \/>\n<script type=\"application\/ld+json\" class=\"yoast-schema-graph\">{\"@context\":\"https:\\\/\\\/schema.org\",\"@graph\":[{\"@type\":\"WebPage\",\"@id\":\"https:\\\/\\\/www.inverseteams.com\\\/fr\\\/produit\\\/chaussettes-sublimees-sc93-s-basket\\\/\",\"url\":\"https:\\\/\\\/www.inverseteams.com\\\/fr\\\/produit\\\/chaussettes-sublimees-sc93-s-basket\\\/\",\"name\":\"Chaussettes sublim\u00e9es SC93-S | Inverseteams\",\"isPartOf\":{\"@id\":\"https:\\\/\\\/www.inverseteams.com\\\/fr\\\/#website\"},\"primaryImageOfPage\":{\"@id\":\"https:\\\/\\\/www.inverseteams.com\\\/fr\\\/produit\\\/chaussettes-sublimees-sc93-s-basket\\\/#primaryimage\"},\"image\":{\"@id\":\"https:\\\/\\\/www.inverseteams.com\\\/fr\\\/produit\\\/chaussettes-sublimees-sc93-s-basket\\\/#primaryimage\"},\"thumbnailUrl\":\"https:\\\/\\\/www.inverseteams.com\\\/wp-content\\\/uploads\\\/INVERSE-CALCETINES-BASKET-SC93-S-1.jpg\",\"datePublished\":\"2025-11-14T11:45:39+00:00\",\"dateModified\":\"2025-11-14T12:25:17+00:00\",\"description\":\"Chaussettes con\u00e7ues pour atteindre des performances maximales en comp\u00e9tition et en entra\u00eenement intense. Hautement respirant, l\u00e9ger et a\u00e9rodynamique gr\u00e2ce au tissu c\u00f4tel\u00e9 AEREO. Il s'adapte parfaitement \u00e0 la jambe gr\u00e2ce au grip int\u00e9rieur en silicone hypoallerg\u00e9nique int\u00e9gr\u00e9. Le pied est fabriqu\u00e9 avec des fils Vaporfeel\u00ae, un mat\u00e9riau l\u00e9ger et r\u00e9sistant \u00e0 l'abrasion. Ce mat\u00e9riau permet un s\u00e9chage rapide.\",\"breadcrumb\":{\"@id\":\"https:\\\/\\\/www.inverseteams.com\\\/fr\\\/produit\\\/chaussettes-sublimees-sc93-s-basket\\\/#breadcrumb\"},\"inLanguage\":\"fr-FR\",\"potentialAction\":[{\"@type\":\"ReadAction\",\"target\":[\"https:\\\/\\\/www.inverseteams.com\\\/fr\\\/produit\\\/chaussettes-sublimees-sc93-s-basket\\\/\"]}]},{\"@type\":\"ImageObject\",\"inLanguage\":\"fr-FR\",\"@id\":\"https:\\\/\\\/www.inverseteams.com\\\/fr\\\/produit\\\/chaussettes-sublimees-sc93-s-basket\\\/#primaryimage\",\"url\":\"https:\\\/\\\/www.inverseteams.com\\\/wp-content\\\/uploads\\\/INVERSE-CALCETINES-BASKET-SC93-S-1.jpg\",\"contentUrl\":\"https:\\\/\\\/www.inverseteams.com\\\/wp-content\\\/uploads\\\/INVERSE-CALCETINES-BASKET-SC93-S-1.jpg\",\"width\":1500,\"height\":1612},{\"@type\":\"BreadcrumbList\",\"@id\":\"https:\\\/\\\/www.inverseteams.com\\\/fr\\\/produit\\\/chaussettes-sublimees-sc93-s-basket\\\/#breadcrumb\",\"itemListElement\":[{\"@type\":\"ListItem\",\"position\":1,\"name\":\"Portada\",\"item\":\"https:\\\/\\\/www.inverseteams.com\\\/fr\\\/pagina-principal\\\/\"},{\"@type\":\"ListItem\",\"position\":2,\"name\":\"Panier\",\"item\":\"https:\\\/\\\/www.inverseteams.com\\\/fr\\\/panier\\\/\"},{\"@type\":\"ListItem\",\"position\":3,\"name\":\"Chaussettes sublim\u00e9es SC93-S\"}]},{\"@type\":\"WebSite\",\"@id\":\"https:\\\/\\\/www.inverseteams.com\\\/fr\\\/#website\",\"url\":\"https:\\\/\\\/www.inverseteams.com\\\/fr\\\/\",\"name\":\"Inverseteams\",\"description\":\"Tu marca de ropa deportiva personalizada\",\"publisher\":{\"@id\":\"https:\\\/\\\/www.inverseteams.com\\\/fr\\\/#organization\"},\"potentialAction\":[{\"@type\":\"SearchAction\",\"target\":{\"@type\":\"EntryPoint\",\"urlTemplate\":\"https:\\\/\\\/www.inverseteams.com\\\/fr\\\/?s={search_term_string}\"},\"query-input\":{\"@type\":\"PropertyValueSpecification\",\"valueRequired\":true,\"valueName\":\"search_term_string\"}}],\"inLanguage\":\"fr-FR\"},{\"@type\":\"Organization\",\"@id\":\"https:\\\/\\\/www.inverseteams.com\\\/fr\\\/#organization\",\"name\":\"Inverse Teams\",\"url\":\"https:\\\/\\\/www.inverseteams.com\\\/fr\\\/\",\"logo\":{\"@type\":\"ImageObject\",\"inLanguage\":\"fr-FR\",\"@id\":\"https:\\\/\\\/www.inverseteams.com\\\/fr\\\/#\\\/schema\\\/logo\\\/image\\\/\",\"url\":\"https:\\\/\\\/www.inverseteams.com\\\/wp-content\\\/uploads\\\/2021\\\/03\\\/logo-inverse-teams.png\",\"contentUrl\":\"https:\\\/\\\/www.inverseteams.com\\\/wp-content\\\/uploads\\\/2021\\\/03\\\/logo-inverse-teams.png\",\"width\":294,\"height\":99,\"caption\":\"Inverse Teams\"},\"image\":{\"@id\":\"https:\\\/\\\/www.inverseteams.com\\\/fr\\\/#\\\/schema\\\/logo\\\/image\\\/\"},\"sameAs\":[\"https:\\\/\\\/www.facebook.com\\\/inverseteams\",\"http:\\\/\\\/instagram.com\\\/inverseteams\",\"https:\\\/\\\/www.linkedin.com\\\/company\\\/inverse-cirosport-s-l-?trk=job_view_topcard_company_name\",\"http:\\\/\\\/www.pinterest.com\\\/inverseteams\\\/\",\"http:\\\/\\\/www.youtube.com\\\/user\\\/inverseteams?feature=watch\"]}]}<\/script>\n<!-- \/ Yoast SEO plugin. -->","yoast_head_json":{"title":"Chaussettes sublim\u00e9es SC93-S | Inverseteams","description":"Chaussettes con\u00e7ues pour atteindre des performances maximales en comp\u00e9tition et en entra\u00eenement intense. Hautement respirant, l\u00e9ger et a\u00e9rodynamique gr\u00e2ce au tissu c\u00f4tel\u00e9 AEREO. Il s'adapte parfaitement \u00e0 la jambe gr\u00e2ce au grip int\u00e9rieur en silicone hypoallerg\u00e9nique int\u00e9gr\u00e9. Le pied est fabriqu\u00e9 avec des fils Vaporfeel\u00ae, un mat\u00e9riau l\u00e9ger et r\u00e9sistant \u00e0 l'abrasion. Ce mat\u00e9riau permet un s\u00e9chage rapide.","robots":{"index":"index","follow":"follow","max-snippet":"max-snippet:-1","max-image-preview":"max-image-preview:large","max-video-preview":"max-video-preview:-1"},"canonical":"https:\/\/www.inverseteams.com\/fr\/produit\/chaussettes-sublimees-sc93-s-basket\/","og_locale":"fr_FR","og_type":"article","og_title":"Chaussettes sublim\u00e9es SC93-S | Inverseteams","og_description":"Chaussettes con\u00e7ues pour atteindre des performances maximales en comp\u00e9tition et en entra\u00eenement intense. Hautement respirant, l\u00e9ger et a\u00e9rodynamique gr\u00e2ce au tissu c\u00f4tel\u00e9 AEREO. Il s'adapte parfaitement \u00e0 la jambe gr\u00e2ce au grip int\u00e9rieur en silicone hypoallerg\u00e9nique int\u00e9gr\u00e9. Le pied est fabriqu\u00e9 avec des fils Vaporfeel\u00ae, un mat\u00e9riau l\u00e9ger et r\u00e9sistant \u00e0 l'abrasion. Ce mat\u00e9riau permet un s\u00e9chage rapide.","og_url":"https:\/\/www.inverseteams.com\/fr\/produit\/chaussettes-sublimees-sc93-s-basket\/","og_site_name":"Inverseteams","article_publisher":"https:\/\/www.facebook.com\/inverseteams","article_modified_time":"2025-11-14T12:25:17+00:00","og_image":[{"width":1500,"height":1612,"url":"https:\/\/www.inverseteams.com\/wp-content\/uploads\/INVERSE-CALCETINES-BASKET-SC93-S-1.jpg","type":"image\/jpeg"}],"twitter_card":"summary_large_image","twitter_misc":{"Dur\u00e9e de lecture estim\u00e9e":"1 minute"},"schema":{"@context":"https:\/\/schema.org","@graph":[{"@type":"WebPage","@id":"https:\/\/www.inverseteams.com\/fr\/produit\/chaussettes-sublimees-sc93-s-basket\/","url":"https:\/\/www.inverseteams.com\/fr\/produit\/chaussettes-sublimees-sc93-s-basket\/","name":"Chaussettes sublim\u00e9es SC93-S | Inverseteams","isPartOf":{"@id":"https:\/\/www.inverseteams.com\/fr\/#website"},"primaryImageOfPage":{"@id":"https:\/\/www.inverseteams.com\/fr\/produit\/chaussettes-sublimees-sc93-s-basket\/#primaryimage"},"image":{"@id":"https:\/\/www.inverseteams.com\/fr\/produit\/chaussettes-sublimees-sc93-s-basket\/#primaryimage"},"thumbnailUrl":"https:\/\/www.inverseteams.com\/wp-content\/uploads\/INVERSE-CALCETINES-BASKET-SC93-S-1.jpg","datePublished":"2025-11-14T11:45:39+00:00","dateModified":"2025-11-14T12:25:17+00:00","description":"Chaussettes con\u00e7ues pour atteindre des performances maximales en comp\u00e9tition et en entra\u00eenement intense. Hautement respirant, l\u00e9ger et a\u00e9rodynamique gr\u00e2ce au tissu c\u00f4tel\u00e9 AEREO. Il s'adapte parfaitement \u00e0 la jambe gr\u00e2ce au grip int\u00e9rieur en silicone hypoallerg\u00e9nique int\u00e9gr\u00e9. Le pied est fabriqu\u00e9 avec des fils Vaporfeel\u00ae, un mat\u00e9riau l\u00e9ger et r\u00e9sistant \u00e0 l'abrasion. Ce mat\u00e9riau permet un s\u00e9chage rapide.","breadcrumb":{"@id":"https:\/\/www.inverseteams.com\/fr\/produit\/chaussettes-sublimees-sc93-s-basket\/#breadcrumb"},"inLanguage":"fr-FR","potentialAction":[{"@type":"ReadAction","target":["https:\/\/www.inverseteams.com\/fr\/produit\/chaussettes-sublimees-sc93-s-basket\/"]}]},{"@type":"ImageObject","inLanguage":"fr-FR","@id":"https:\/\/www.inverseteams.com\/fr\/produit\/chaussettes-sublimees-sc93-s-basket\/#primaryimage","url":"https:\/\/www.inverseteams.com\/wp-content\/uploads\/INVERSE-CALCETINES-BASKET-SC93-S-1.jpg","contentUrl":"https:\/\/www.inverseteams.com\/wp-content\/uploads\/INVERSE-CALCETINES-BASKET-SC93-S-1.jpg","width":1500,"height":1612},{"@type":"BreadcrumbList","@id":"https:\/\/www.inverseteams.com\/fr\/produit\/chaussettes-sublimees-sc93-s-basket\/#breadcrumb","itemListElement":[{"@type":"ListItem","position":1,"name":"Portada","item":"https:\/\/www.inverseteams.com\/fr\/pagina-principal\/"},{"@type":"ListItem","position":2,"name":"Panier","item":"https:\/\/www.inverseteams.com\/fr\/panier\/"},{"@type":"ListItem","position":3,"name":"Chaussettes sublim\u00e9es SC93-S"}]},{"@type":"WebSite","@id":"https:\/\/www.inverseteams.com\/fr\/#website","url":"https:\/\/www.inverseteams.com\/fr\/","name":"Inverseteams","description":"Tu marca de ropa deportiva personalizada","publisher":{"@id":"https:\/\/www.inverseteams.com\/fr\/#organization"},"potentialAction":[{"@type":"SearchAction","target":{"@type":"EntryPoint","urlTemplate":"https:\/\/www.inverseteams.com\/fr\/?s={search_term_string}"},"query-input":{"@type":"PropertyValueSpecification","valueRequired":true,"valueName":"search_term_string"}}],"inLanguage":"fr-FR"},{"@type":"Organization","@id":"https:\/\/www.inverseteams.com\/fr\/#organization","name":"Inverse Teams","url":"https:\/\/www.inverseteams.com\/fr\/","logo":{"@type":"ImageObject","inLanguage":"fr-FR","@id":"https:\/\/www.inverseteams.com\/fr\/#\/schema\/logo\/image\/","url":"https:\/\/www.inverseteams.com\/wp-content\/uploads\/2021\/03\/logo-inverse-teams.png","contentUrl":"https:\/\/www.inverseteams.com\/wp-content\/uploads\/2021\/03\/logo-inverse-teams.png","width":294,"height":99,"caption":"Inverse Teams"},"image":{"@id":"https:\/\/www.inverseteams.com\/fr\/#\/schema\/logo\/image\/"},"sameAs":["https:\/\/www.facebook.com\/inverseteams","http:\/\/instagram.com\/inverseteams","https:\/\/www.linkedin.com\/company\/inverse-cirosport-s-l-?trk=job_view_topcard_company_name","http:\/\/www.pinterest.com\/inverseteams\/","http:\/\/www.youtube.com\/user\/inverseteams?feature=watch"]}]}},"_links":{"self":[{"href":"https:\/\/www.inverseteams.com\/fr\/wp-json\/wp\/v2\/product\/275821","targetHints":{"allow":["GET"]}}],"collection":[{"href":"https:\/\/www.inverseteams.com\/fr\/wp-json\/wp\/v2\/product"}],"about":[{"href":"https:\/\/www.inverseteams.com\/fr\/wp-json\/wp\/v2\/types\/product"}],"replies":[{"embeddable":true,"href":"https:\/\/www.inverseteams.com\/fr\/wp-json\/wp\/v2\/comments?post=275821"}],"wp:featuredmedia":[{"embeddable":true,"href":"https:\/\/www.inverseteams.com\/fr\/wp-json\/wp\/v2\/media\/275770"}],"wp:attachment":[{"href":"https:\/\/www.inverseteams.com\/fr\/wp-json\/wp\/v2\/media?parent=275821"}],"wp:term":[{"taxonomy":"product_brand","embeddable":true,"href":"https:\/\/www.inverseteams.com\/fr\/wp-json\/wp\/v2\/product_brand?post=275821"},{"taxonomy":"product_cat","embeddable":true,"href":"https:\/\/www.inverseteams.com\/fr\/wp-json\/wp\/v2\/product_cat?post=275821"},{"taxonomy":"product_tag","embeddable":true,"href":"https:\/\/www.inverseteams.com\/fr\/wp-json\/wp\/v2\/product_tag?post=275821"},{"taxonomy":"custom_category","embeddable":true,"href":"https:\/\/www.inverseteams.com\/fr\/wp-json\/wp\/v2\/custom_category?post=275821"},{"taxonomy":"range","embeddable":true,"href":"https:\/\/www.inverseteams.com\/fr\/wp-json\/wp\/v2\/range?post=275821"}],"curies":[{"name":"wp","href":"https:\/\/api.w.org\/{rel}","templated":true}]}}