{"id":275732,"date":"2025-11-14T09:57:07","date_gmt":"2025-11-14T09:57:07","guid":{"rendered":"https:\/\/www.inverseteams.com\/?post_type=product&#038;p=275732"},"modified":"2025-11-14T10:09:32","modified_gmt":"2025-11-14T10:09:32","slug":"veste-survetement-sc65-s-basket","status":"publish","type":"product","link":"https:\/\/www.inverseteams.com\/fr\/produit\/veste-survetement-sc65-s-basket\/","title":{"rendered":"Veste surv\u00eatement SC65-S"},"content":{"rendered":"<p>Veste de surv\u00eatement r\u00e9alis\u00e9e en tissu HORIZON, avec un int\u00e9rieur bross\u00e9 qui maintient la chaleur corporelle. Le tissu est trait\u00e9 avec la finition COOLCOMFORT, qui assure une expulsion facile de la transpiration vers l&rsquo;ext\u00e9rieur, gardant la peau s\u00e8che et fra\u00eeche et garantissant un grand confort. Sur la partie avant se trouvent 2 poches zipp\u00e9es tr\u00e8s utiles pour ranger n&rsquo;importe quel objet en toute s\u00e9curit\u00e9. Il est dot\u00e9 d&rsquo;une fermeture \u00e9clair sur toute la longueur pour que vous puissiez l&rsquo;enfiler et l&rsquo;enlever facilement.<br \/>\nLa face avant peut \u00eatre personnalis\u00e9e. Le reste de la veste est toujours noir.<\/p>\n","protected":false},"excerpt":{"rendered":"<p>Veste de surv\u00eatement r\u00e9alis\u00e9e en tissu HORIZON, avec un int\u00e9rieur bross\u00e9 qui maintient la chaleur corporelle. Le tissu est trait\u00e9 avec la finition COOLCOMFORT, qui assure une expulsion facile de la transpiration vers l&rsquo;ext\u00e9rieur, gardant la peau s\u00e8che et fra\u00eeche et garantissant un grand confort. Sur la partie avant se trouvent 2 poches zipp\u00e9es tr\u00e8s utiles pour ranger n&rsquo;importe quel objet en toute s\u00e9curit\u00e9. Il est dot\u00e9 d&rsquo;une fermeture \u00e9clair sur toute la longueur pour que vous puissiez l&rsquo;enfiler et l&rsquo;enlever facilement.<br \/>\nLa face avant peut \u00eatre personnalis\u00e9e. Le reste de la veste est toujours noir.<\/p>\n","protected":false},"featured_media":275558,"comment_status":"closed","ping_status":"closed","template":"","meta":{"_acf_changed":false},"product_brand":[],"product_cat":[8305],"product_tag":[],"custom_category":[15160,20146],"range":[15145],"class_list":{"0":"post-275732","1":"product","2":"type-product","3":"status-publish","4":"has-post-thumbnail","6":"product_cat-uncategorized-fr","7":"pa_climatologia-froid","8":"pa_climatologia-temperature-chaude","9":"pa_climatologia-vent-fr","10":"pa_deporte-basketball-fr","11":"pa_genero-homme","12":"pa_genero-femme","13":"pa_genero-infantile-fr","14":"pa_patronaje-regular-fr","15":"pa_tipo-de-prenda-survetement","16":"custom_category-sport-dequipe","17":"custom_category-basket","18":"range-travel","20":"first","21":"instock","22":"product-type-custom"},"acf":[],"yoast_head":"<!-- This site is optimized with the Yoast SEO plugin v27.5 - https:\/\/yoast.com\/product\/yoast-seo-wordpress\/ -->\n<title>Veste surv\u00eatement SC65-S | Inverseteams<\/title>\n<meta name=\"description\" content=\"Veste de surv\u00eatement r\u00e9alis\u00e9e en tissu HORIZON, avec un int\u00e9rieur bross\u00e9 qui maintient la chaleur corporelle. Le tissu est trait\u00e9 avec la finition COOLCOMFORT, qui assure une expulsion facile de la transpiration vers l&#039;ext\u00e9rieur, gardant la peau s\u00e8che et fra\u00eeche et garantissant un grand confort. Sur la partie avant se trouvent 2 poches zipp\u00e9es tr\u00e8s utiles pour ranger n&#039;importe quel objet en toute s\u00e9curit\u00e9. Il est dot\u00e9 d&#039;une fermeture \u00e9clair sur toute la longueur pour que vous puissiez l&#039;enfiler et l&#039;enlever facilement. La face avant peut \u00eatre personnalis\u00e9e. Le reste de la veste est toujours noir.\" \/>\n<meta name=\"robots\" content=\"index, follow, max-snippet:-1, max-image-preview:large, max-video-preview:-1\" \/>\n<link rel=\"canonical\" href=\"https:\/\/www.inverseteams.com\/fr\/produit\/veste-survetement-sc65-s-basket\/\" \/>\n<meta property=\"og:locale\" content=\"fr_FR\" \/>\n<meta property=\"og:type\" content=\"article\" \/>\n<meta property=\"og:title\" content=\"Veste surv\u00eatement SC65-S | Inverseteams\" \/>\n<meta property=\"og:description\" content=\"Veste de surv\u00eatement r\u00e9alis\u00e9e en tissu HORIZON, avec un int\u00e9rieur bross\u00e9 qui maintient la chaleur corporelle. Le tissu est trait\u00e9 avec la finition COOLCOMFORT, qui assure une expulsion facile de la transpiration vers l&#039;ext\u00e9rieur, gardant la peau s\u00e8che et fra\u00eeche et garantissant un grand confort. Sur la partie avant se trouvent 2 poches zipp\u00e9es tr\u00e8s utiles pour ranger n&#039;importe quel objet en toute s\u00e9curit\u00e9. Il est dot\u00e9 d&#039;une fermeture \u00e9clair sur toute la longueur pour que vous puissiez l&#039;enfiler et l&#039;enlever facilement. La face avant peut \u00eatre personnalis\u00e9e. Le reste de la veste est toujours noir.\" \/>\n<meta property=\"og:url\" content=\"https:\/\/www.inverseteams.com\/fr\/produit\/veste-survetement-sc65-s-basket\/\" \/>\n<meta property=\"og:site_name\" content=\"Inverseteams\" \/>\n<meta property=\"article:publisher\" content=\"https:\/\/www.facebook.com\/inverseteams\" \/>\n<meta property=\"article:modified_time\" content=\"2025-11-14T10:09:32+00:00\" \/>\n<meta property=\"og:image\" content=\"https:\/\/www.inverseteams.com\/wp-content\/uploads\/INVERSE-BASKET-PASEO-SC65-S-1.jpg\" \/>\n\t<meta property=\"og:image:width\" content=\"1500\" \/>\n\t<meta property=\"og:image:height\" content=\"1612\" \/>\n\t<meta property=\"og:image:type\" content=\"image\/jpeg\" \/>\n<meta name=\"twitter:card\" content=\"summary_large_image\" \/>\n<meta name=\"twitter:label1\" content=\"Dur\u00e9e de lecture estim\u00e9e\" \/>\n\t<meta name=\"twitter:data1\" content=\"1 minute\" \/>\n<script type=\"application\/ld+json\" class=\"yoast-schema-graph\">{\"@context\":\"https:\\\/\\\/schema.org\",\"@graph\":[{\"@type\":\"WebPage\",\"@id\":\"https:\\\/\\\/www.inverseteams.com\\\/fr\\\/produit\\\/veste-survetement-sc65-s-basket\\\/\",\"url\":\"https:\\\/\\\/www.inverseteams.com\\\/fr\\\/produit\\\/veste-survetement-sc65-s-basket\\\/\",\"name\":\"Veste surv\u00eatement SC65-S | Inverseteams\",\"isPartOf\":{\"@id\":\"https:\\\/\\\/www.inverseteams.com\\\/fr\\\/#website\"},\"primaryImageOfPage\":{\"@id\":\"https:\\\/\\\/www.inverseteams.com\\\/fr\\\/produit\\\/veste-survetement-sc65-s-basket\\\/#primaryimage\"},\"image\":{\"@id\":\"https:\\\/\\\/www.inverseteams.com\\\/fr\\\/produit\\\/veste-survetement-sc65-s-basket\\\/#primaryimage\"},\"thumbnailUrl\":\"https:\\\/\\\/www.inverseteams.com\\\/wp-content\\\/uploads\\\/INVERSE-BASKET-PASEO-SC65-S-1.jpg\",\"datePublished\":\"2025-11-14T09:57:07+00:00\",\"dateModified\":\"2025-11-14T10:09:32+00:00\",\"description\":\"Veste de surv\u00eatement r\u00e9alis\u00e9e en tissu HORIZON, avec un int\u00e9rieur bross\u00e9 qui maintient la chaleur corporelle. Le tissu est trait\u00e9 avec la finition COOLCOMFORT, qui assure une expulsion facile de la transpiration vers l'ext\u00e9rieur, gardant la peau s\u00e8che et fra\u00eeche et garantissant un grand confort. Sur la partie avant se trouvent 2 poches zipp\u00e9es tr\u00e8s utiles pour ranger n'importe quel objet en toute s\u00e9curit\u00e9. Il est dot\u00e9 d'une fermeture \u00e9clair sur toute la longueur pour que vous puissiez l'enfiler et l'enlever facilement. La face avant peut \u00eatre personnalis\u00e9e. Le reste de la veste est toujours noir.\",\"breadcrumb\":{\"@id\":\"https:\\\/\\\/www.inverseteams.com\\\/fr\\\/produit\\\/veste-survetement-sc65-s-basket\\\/#breadcrumb\"},\"inLanguage\":\"fr-FR\",\"potentialAction\":[{\"@type\":\"ReadAction\",\"target\":[\"https:\\\/\\\/www.inverseteams.com\\\/fr\\\/produit\\\/veste-survetement-sc65-s-basket\\\/\"]}]},{\"@type\":\"ImageObject\",\"inLanguage\":\"fr-FR\",\"@id\":\"https:\\\/\\\/www.inverseteams.com\\\/fr\\\/produit\\\/veste-survetement-sc65-s-basket\\\/#primaryimage\",\"url\":\"https:\\\/\\\/www.inverseteams.com\\\/wp-content\\\/uploads\\\/INVERSE-BASKET-PASEO-SC65-S-1.jpg\",\"contentUrl\":\"https:\\\/\\\/www.inverseteams.com\\\/wp-content\\\/uploads\\\/INVERSE-BASKET-PASEO-SC65-S-1.jpg\",\"width\":1500,\"height\":1612},{\"@type\":\"BreadcrumbList\",\"@id\":\"https:\\\/\\\/www.inverseteams.com\\\/fr\\\/produit\\\/veste-survetement-sc65-s-basket\\\/#breadcrumb\",\"itemListElement\":[{\"@type\":\"ListItem\",\"position\":1,\"name\":\"Portada\",\"item\":\"https:\\\/\\\/www.inverseteams.com\\\/fr\\\/pagina-principal\\\/\"},{\"@type\":\"ListItem\",\"position\":2,\"name\":\"Panier\",\"item\":\"https:\\\/\\\/www.inverseteams.com\\\/fr\\\/panier\\\/\"},{\"@type\":\"ListItem\",\"position\":3,\"name\":\"Veste surv\u00eatement SC65-S\"}]},{\"@type\":\"WebSite\",\"@id\":\"https:\\\/\\\/www.inverseteams.com\\\/fr\\\/#website\",\"url\":\"https:\\\/\\\/www.inverseteams.com\\\/fr\\\/\",\"name\":\"Inverseteams\",\"description\":\"Tu marca de ropa deportiva personalizada\",\"publisher\":{\"@id\":\"https:\\\/\\\/www.inverseteams.com\\\/fr\\\/#organization\"},\"potentialAction\":[{\"@type\":\"SearchAction\",\"target\":{\"@type\":\"EntryPoint\",\"urlTemplate\":\"https:\\\/\\\/www.inverseteams.com\\\/fr\\\/?s={search_term_string}\"},\"query-input\":{\"@type\":\"PropertyValueSpecification\",\"valueRequired\":true,\"valueName\":\"search_term_string\"}}],\"inLanguage\":\"fr-FR\"},{\"@type\":\"Organization\",\"@id\":\"https:\\\/\\\/www.inverseteams.com\\\/fr\\\/#organization\",\"name\":\"Inverse Teams\",\"url\":\"https:\\\/\\\/www.inverseteams.com\\\/fr\\\/\",\"logo\":{\"@type\":\"ImageObject\",\"inLanguage\":\"fr-FR\",\"@id\":\"https:\\\/\\\/www.inverseteams.com\\\/fr\\\/#\\\/schema\\\/logo\\\/image\\\/\",\"url\":\"https:\\\/\\\/www.inverseteams.com\\\/wp-content\\\/uploads\\\/2021\\\/03\\\/logo-inverse-teams.png\",\"contentUrl\":\"https:\\\/\\\/www.inverseteams.com\\\/wp-content\\\/uploads\\\/2021\\\/03\\\/logo-inverse-teams.png\",\"width\":294,\"height\":99,\"caption\":\"Inverse Teams\"},\"image\":{\"@id\":\"https:\\\/\\\/www.inverseteams.com\\\/fr\\\/#\\\/schema\\\/logo\\\/image\\\/\"},\"sameAs\":[\"https:\\\/\\\/www.facebook.com\\\/inverseteams\",\"http:\\\/\\\/instagram.com\\\/inverseteams\",\"https:\\\/\\\/www.linkedin.com\\\/company\\\/inverse-cirosport-s-l-?trk=job_view_topcard_company_name\",\"http:\\\/\\\/www.pinterest.com\\\/inverseteams\\\/\",\"http:\\\/\\\/www.youtube.com\\\/user\\\/inverseteams?feature=watch\"]}]}<\/script>\n<!-- \/ Yoast SEO plugin. -->","yoast_head_json":{"title":"Veste surv\u00eatement SC65-S | Inverseteams","description":"Veste de surv\u00eatement r\u00e9alis\u00e9e en tissu HORIZON, avec un int\u00e9rieur bross\u00e9 qui maintient la chaleur corporelle. Le tissu est trait\u00e9 avec la finition COOLCOMFORT, qui assure une expulsion facile de la transpiration vers l'ext\u00e9rieur, gardant la peau s\u00e8che et fra\u00eeche et garantissant un grand confort. Sur la partie avant se trouvent 2 poches zipp\u00e9es tr\u00e8s utiles pour ranger n'importe quel objet en toute s\u00e9curit\u00e9. Il est dot\u00e9 d'une fermeture \u00e9clair sur toute la longueur pour que vous puissiez l'enfiler et l'enlever facilement. La face avant peut \u00eatre personnalis\u00e9e. Le reste de la veste est toujours noir.","robots":{"index":"index","follow":"follow","max-snippet":"max-snippet:-1","max-image-preview":"max-image-preview:large","max-video-preview":"max-video-preview:-1"},"canonical":"https:\/\/www.inverseteams.com\/fr\/produit\/veste-survetement-sc65-s-basket\/","og_locale":"fr_FR","og_type":"article","og_title":"Veste surv\u00eatement SC65-S | Inverseteams","og_description":"Veste de surv\u00eatement r\u00e9alis\u00e9e en tissu HORIZON, avec un int\u00e9rieur bross\u00e9 qui maintient la chaleur corporelle. Le tissu est trait\u00e9 avec la finition COOLCOMFORT, qui assure une expulsion facile de la transpiration vers l'ext\u00e9rieur, gardant la peau s\u00e8che et fra\u00eeche et garantissant un grand confort. Sur la partie avant se trouvent 2 poches zipp\u00e9es tr\u00e8s utiles pour ranger n'importe quel objet en toute s\u00e9curit\u00e9. Il est dot\u00e9 d'une fermeture \u00e9clair sur toute la longueur pour que vous puissiez l'enfiler et l'enlever facilement. La face avant peut \u00eatre personnalis\u00e9e. Le reste de la veste est toujours noir.","og_url":"https:\/\/www.inverseteams.com\/fr\/produit\/veste-survetement-sc65-s-basket\/","og_site_name":"Inverseteams","article_publisher":"https:\/\/www.facebook.com\/inverseteams","article_modified_time":"2025-11-14T10:09:32+00:00","og_image":[{"width":1500,"height":1612,"url":"https:\/\/www.inverseteams.com\/wp-content\/uploads\/INVERSE-BASKET-PASEO-SC65-S-1.jpg","type":"image\/jpeg"}],"twitter_card":"summary_large_image","twitter_misc":{"Dur\u00e9e de lecture estim\u00e9e":"1 minute"},"schema":{"@context":"https:\/\/schema.org","@graph":[{"@type":"WebPage","@id":"https:\/\/www.inverseteams.com\/fr\/produit\/veste-survetement-sc65-s-basket\/","url":"https:\/\/www.inverseteams.com\/fr\/produit\/veste-survetement-sc65-s-basket\/","name":"Veste surv\u00eatement SC65-S | Inverseteams","isPartOf":{"@id":"https:\/\/www.inverseteams.com\/fr\/#website"},"primaryImageOfPage":{"@id":"https:\/\/www.inverseteams.com\/fr\/produit\/veste-survetement-sc65-s-basket\/#primaryimage"},"image":{"@id":"https:\/\/www.inverseteams.com\/fr\/produit\/veste-survetement-sc65-s-basket\/#primaryimage"},"thumbnailUrl":"https:\/\/www.inverseteams.com\/wp-content\/uploads\/INVERSE-BASKET-PASEO-SC65-S-1.jpg","datePublished":"2025-11-14T09:57:07+00:00","dateModified":"2025-11-14T10:09:32+00:00","description":"Veste de surv\u00eatement r\u00e9alis\u00e9e en tissu HORIZON, avec un int\u00e9rieur bross\u00e9 qui maintient la chaleur corporelle. Le tissu est trait\u00e9 avec la finition COOLCOMFORT, qui assure une expulsion facile de la transpiration vers l'ext\u00e9rieur, gardant la peau s\u00e8che et fra\u00eeche et garantissant un grand confort. Sur la partie avant se trouvent 2 poches zipp\u00e9es tr\u00e8s utiles pour ranger n'importe quel objet en toute s\u00e9curit\u00e9. Il est dot\u00e9 d'une fermeture \u00e9clair sur toute la longueur pour que vous puissiez l'enfiler et l'enlever facilement. La face avant peut \u00eatre personnalis\u00e9e. Le reste de la veste est toujours noir.","breadcrumb":{"@id":"https:\/\/www.inverseteams.com\/fr\/produit\/veste-survetement-sc65-s-basket\/#breadcrumb"},"inLanguage":"fr-FR","potentialAction":[{"@type":"ReadAction","target":["https:\/\/www.inverseteams.com\/fr\/produit\/veste-survetement-sc65-s-basket\/"]}]},{"@type":"ImageObject","inLanguage":"fr-FR","@id":"https:\/\/www.inverseteams.com\/fr\/produit\/veste-survetement-sc65-s-basket\/#primaryimage","url":"https:\/\/www.inverseteams.com\/wp-content\/uploads\/INVERSE-BASKET-PASEO-SC65-S-1.jpg","contentUrl":"https:\/\/www.inverseteams.com\/wp-content\/uploads\/INVERSE-BASKET-PASEO-SC65-S-1.jpg","width":1500,"height":1612},{"@type":"BreadcrumbList","@id":"https:\/\/www.inverseteams.com\/fr\/produit\/veste-survetement-sc65-s-basket\/#breadcrumb","itemListElement":[{"@type":"ListItem","position":1,"name":"Portada","item":"https:\/\/www.inverseteams.com\/fr\/pagina-principal\/"},{"@type":"ListItem","position":2,"name":"Panier","item":"https:\/\/www.inverseteams.com\/fr\/panier\/"},{"@type":"ListItem","position":3,"name":"Veste surv\u00eatement SC65-S"}]},{"@type":"WebSite","@id":"https:\/\/www.inverseteams.com\/fr\/#website","url":"https:\/\/www.inverseteams.com\/fr\/","name":"Inverseteams","description":"Tu marca de ropa deportiva personalizada","publisher":{"@id":"https:\/\/www.inverseteams.com\/fr\/#organization"},"potentialAction":[{"@type":"SearchAction","target":{"@type":"EntryPoint","urlTemplate":"https:\/\/www.inverseteams.com\/fr\/?s={search_term_string}"},"query-input":{"@type":"PropertyValueSpecification","valueRequired":true,"valueName":"search_term_string"}}],"inLanguage":"fr-FR"},{"@type":"Organization","@id":"https:\/\/www.inverseteams.com\/fr\/#organization","name":"Inverse Teams","url":"https:\/\/www.inverseteams.com\/fr\/","logo":{"@type":"ImageObject","inLanguage":"fr-FR","@id":"https:\/\/www.inverseteams.com\/fr\/#\/schema\/logo\/image\/","url":"https:\/\/www.inverseteams.com\/wp-content\/uploads\/2021\/03\/logo-inverse-teams.png","contentUrl":"https:\/\/www.inverseteams.com\/wp-content\/uploads\/2021\/03\/logo-inverse-teams.png","width":294,"height":99,"caption":"Inverse Teams"},"image":{"@id":"https:\/\/www.inverseteams.com\/fr\/#\/schema\/logo\/image\/"},"sameAs":["https:\/\/www.facebook.com\/inverseteams","http:\/\/instagram.com\/inverseteams","https:\/\/www.linkedin.com\/company\/inverse-cirosport-s-l-?trk=job_view_topcard_company_name","http:\/\/www.pinterest.com\/inverseteams\/","http:\/\/www.youtube.com\/user\/inverseteams?feature=watch"]}]}},"_links":{"self":[{"href":"https:\/\/www.inverseteams.com\/fr\/wp-json\/wp\/v2\/product\/275732","targetHints":{"allow":["GET"]}}],"collection":[{"href":"https:\/\/www.inverseteams.com\/fr\/wp-json\/wp\/v2\/product"}],"about":[{"href":"https:\/\/www.inverseteams.com\/fr\/wp-json\/wp\/v2\/types\/product"}],"replies":[{"embeddable":true,"href":"https:\/\/www.inverseteams.com\/fr\/wp-json\/wp\/v2\/comments?post=275732"}],"wp:featuredmedia":[{"embeddable":true,"href":"https:\/\/www.inverseteams.com\/fr\/wp-json\/wp\/v2\/media\/275558"}],"wp:attachment":[{"href":"https:\/\/www.inverseteams.com\/fr\/wp-json\/wp\/v2\/media?parent=275732"}],"wp:term":[{"taxonomy":"product_brand","embeddable":true,"href":"https:\/\/www.inverseteams.com\/fr\/wp-json\/wp\/v2\/product_brand?post=275732"},{"taxonomy":"product_cat","embeddable":true,"href":"https:\/\/www.inverseteams.com\/fr\/wp-json\/wp\/v2\/product_cat?post=275732"},{"taxonomy":"product_tag","embeddable":true,"href":"https:\/\/www.inverseteams.com\/fr\/wp-json\/wp\/v2\/product_tag?post=275732"},{"taxonomy":"custom_category","embeddable":true,"href":"https:\/\/www.inverseteams.com\/fr\/wp-json\/wp\/v2\/custom_category?post=275732"},{"taxonomy":"range","embeddable":true,"href":"https:\/\/www.inverseteams.com\/fr\/wp-json\/wp\/v2\/range?post=275732"}],"curies":[{"name":"wp","href":"https:\/\/api.w.org\/{rel}","templated":true}]}}