{"id":275718,"date":"2025-11-14T09:20:33","date_gmt":"2025-11-14T09:20:33","guid":{"rendered":"https:\/\/www.inverseteams.com\/?post_type=product&#038;p=275718"},"modified":"2025-11-14T09:30:48","modified_gmt":"2025-11-14T09:30:48","slug":"sweat-cotton-sc63-c-basket","status":"publish","type":"product","link":"https:\/\/www.inverseteams.com\/fr\/produit\/sweat-cotton-sc63-c-basket\/","title":{"rendered":"Sweat cotton SC63-C"},"content":{"rendered":"<p>Disponible en 6 couleurs : Noir, Blanc, Rouge, Bleu Navy, Bleu Royal et Vert. Le blason du club est imprim\u00e9 en DTF.<br \/>\nCe sweat-shirt sportif poss\u00e8de une poche kangourou sur le devant et une capuche. Le mod\u00e8le adulte comprend un cordon de serrage pour ajuster l&rsquo;ajustement de la capuche.<br \/>\nLes poignets et la taille sont finis avec un bord-c\u00f4te extensible 1&#215;1. L&rsquo;int\u00e9rieur bross\u00e9 maintiendra la chaleur corporelle sans augmenter la transpiration. C&rsquo;est un sweat-shirt tr\u00e8s confortable et parfait pour un usage quotidien.<\/p>\n","protected":false},"excerpt":{"rendered":"<p>Disponible en 6 couleurs : Noir, Blanc, Rouge, Bleu Navy, Bleu Royal et Vert. Le blason du club est imprim\u00e9 en DTF.<br \/>\nCe sweat-shirt sportif poss\u00e8de une poche kangourou sur le devant et une capuche. Le mod\u00e8le adulte comprend un cordon de serrage pour ajuster l&rsquo;ajustement de la capuche.<br \/>\nLes poignets et la taille sont finis avec un bord-c\u00f4te extensible 1&#215;1. L&rsquo;int\u00e9rieur bross\u00e9 maintiendra la chaleur corporelle sans augmenter la transpiration. C&rsquo;est un sweat-shirt tr\u00e8s confortable et parfait pour un usage quotidien.<\/p>\n","protected":false},"featured_media":275518,"comment_status":"closed","ping_status":"closed","template":"","meta":{"_acf_changed":false},"product_brand":[],"product_cat":[8305],"product_tag":[],"custom_category":[15160,20146],"range":[15145],"class_list":{"0":"post-275718","1":"product","2":"type-product","3":"status-publish","4":"has-post-thumbnail","6":"product_cat-uncategorized-fr","7":"pa_climatologia-froid","8":"pa_climatologia-temperature-chaude","9":"pa_deporte-basketball-fr","10":"pa_genero-infantile-fr","11":"pa_genero-unisexe","12":"pa_patronaje-casual-fr","13":"pa_tipo-de-prenda-sweat","14":"custom_category-sport-dequipe","15":"custom_category-basket","16":"range-travel","18":"first","19":"instock","20":"product-type-custom"},"acf":[],"yoast_head":"<!-- This site is optimized with the Yoast SEO plugin v27.5 - https:\/\/yoast.com\/product\/yoast-seo-wordpress\/ -->\n<title>Sweat cotton SC63-C | Inverseteams<\/title>\n<meta name=\"description\" content=\"Disponible en 6 couleurs : Noir, Blanc, Rouge, Bleu Navy, Bleu Royal et Vert. Le blason du club est imprim\u00e9 en DTF. Ce sweat-shirt sportif poss\u00e8de une poche kangourou sur le devant et une capuche. Le mod\u00e8le adulte comprend un cordon de serrage pour ajuster l&#039;ajustement de la capuche. Les poignets et la taille sont finis avec un bord-c\u00f4te extensible 1x1. L&#039;int\u00e9rieur bross\u00e9 maintiendra la chaleur corporelle sans augmenter la transpiration. C&#039;est un sweat-shirt tr\u00e8s confortable et parfait pour un usage quotidien.\" \/>\n<meta name=\"robots\" content=\"index, follow, max-snippet:-1, max-image-preview:large, max-video-preview:-1\" \/>\n<link rel=\"canonical\" href=\"https:\/\/www.inverseteams.com\/fr\/produit\/sweat-cotton-sc63-c-basket\/\" \/>\n<meta property=\"og:locale\" content=\"fr_FR\" \/>\n<meta property=\"og:type\" content=\"article\" \/>\n<meta property=\"og:title\" content=\"Sweat cotton SC63-C | Inverseteams\" \/>\n<meta property=\"og:description\" content=\"Disponible en 6 couleurs : Noir, Blanc, Rouge, Bleu Navy, Bleu Royal et Vert. Le blason du club est imprim\u00e9 en DTF. Ce sweat-shirt sportif poss\u00e8de une poche kangourou sur le devant et une capuche. Le mod\u00e8le adulte comprend un cordon de serrage pour ajuster l&#039;ajustement de la capuche. Les poignets et la taille sont finis avec un bord-c\u00f4te extensible 1x1. L&#039;int\u00e9rieur bross\u00e9 maintiendra la chaleur corporelle sans augmenter la transpiration. C&#039;est un sweat-shirt tr\u00e8s confortable et parfait pour un usage quotidien.\" \/>\n<meta property=\"og:url\" content=\"https:\/\/www.inverseteams.com\/fr\/produit\/sweat-cotton-sc63-c-basket\/\" \/>\n<meta property=\"og:site_name\" content=\"Inverseteams\" \/>\n<meta property=\"article:publisher\" content=\"https:\/\/www.facebook.com\/inverseteams\" \/>\n<meta property=\"article:modified_time\" content=\"2025-11-14T09:30:48+00:00\" \/>\n<meta property=\"og:image\" content=\"https:\/\/www.inverseteams.com\/wp-content\/uploads\/INVERSE-BASKET-PASEO-SC63-C-1.jpg\" \/>\n\t<meta property=\"og:image:width\" content=\"1500\" \/>\n\t<meta property=\"og:image:height\" content=\"1612\" \/>\n\t<meta property=\"og:image:type\" content=\"image\/jpeg\" \/>\n<meta name=\"twitter:card\" content=\"summary_large_image\" \/>\n<meta name=\"twitter:label1\" content=\"Dur\u00e9e de lecture estim\u00e9e\" \/>\n\t<meta name=\"twitter:data1\" content=\"1 minute\" \/>\n<script type=\"application\/ld+json\" class=\"yoast-schema-graph\">{\"@context\":\"https:\\\/\\\/schema.org\",\"@graph\":[{\"@type\":\"WebPage\",\"@id\":\"https:\\\/\\\/www.inverseteams.com\\\/fr\\\/produit\\\/sweat-cotton-sc63-c-basket\\\/\",\"url\":\"https:\\\/\\\/www.inverseteams.com\\\/fr\\\/produit\\\/sweat-cotton-sc63-c-basket\\\/\",\"name\":\"Sweat cotton SC63-C | Inverseteams\",\"isPartOf\":{\"@id\":\"https:\\\/\\\/www.inverseteams.com\\\/fr\\\/#website\"},\"primaryImageOfPage\":{\"@id\":\"https:\\\/\\\/www.inverseteams.com\\\/fr\\\/produit\\\/sweat-cotton-sc63-c-basket\\\/#primaryimage\"},\"image\":{\"@id\":\"https:\\\/\\\/www.inverseteams.com\\\/fr\\\/produit\\\/sweat-cotton-sc63-c-basket\\\/#primaryimage\"},\"thumbnailUrl\":\"https:\\\/\\\/www.inverseteams.com\\\/wp-content\\\/uploads\\\/INVERSE-BASKET-PASEO-SC63-C-1.jpg\",\"datePublished\":\"2025-11-14T09:20:33+00:00\",\"dateModified\":\"2025-11-14T09:30:48+00:00\",\"description\":\"Disponible en 6 couleurs : Noir, Blanc, Rouge, Bleu Navy, Bleu Royal et Vert. Le blason du club est imprim\u00e9 en DTF. Ce sweat-shirt sportif poss\u00e8de une poche kangourou sur le devant et une capuche. Le mod\u00e8le adulte comprend un cordon de serrage pour ajuster l'ajustement de la capuche. Les poignets et la taille sont finis avec un bord-c\u00f4te extensible 1x1. L'int\u00e9rieur bross\u00e9 maintiendra la chaleur corporelle sans augmenter la transpiration. C'est un sweat-shirt tr\u00e8s confortable et parfait pour un usage quotidien.\",\"breadcrumb\":{\"@id\":\"https:\\\/\\\/www.inverseteams.com\\\/fr\\\/produit\\\/sweat-cotton-sc63-c-basket\\\/#breadcrumb\"},\"inLanguage\":\"fr-FR\",\"potentialAction\":[{\"@type\":\"ReadAction\",\"target\":[\"https:\\\/\\\/www.inverseteams.com\\\/fr\\\/produit\\\/sweat-cotton-sc63-c-basket\\\/\"]}]},{\"@type\":\"ImageObject\",\"inLanguage\":\"fr-FR\",\"@id\":\"https:\\\/\\\/www.inverseteams.com\\\/fr\\\/produit\\\/sweat-cotton-sc63-c-basket\\\/#primaryimage\",\"url\":\"https:\\\/\\\/www.inverseteams.com\\\/wp-content\\\/uploads\\\/INVERSE-BASKET-PASEO-SC63-C-1.jpg\",\"contentUrl\":\"https:\\\/\\\/www.inverseteams.com\\\/wp-content\\\/uploads\\\/INVERSE-BASKET-PASEO-SC63-C-1.jpg\",\"width\":1500,\"height\":1612},{\"@type\":\"BreadcrumbList\",\"@id\":\"https:\\\/\\\/www.inverseteams.com\\\/fr\\\/produit\\\/sweat-cotton-sc63-c-basket\\\/#breadcrumb\",\"itemListElement\":[{\"@type\":\"ListItem\",\"position\":1,\"name\":\"Portada\",\"item\":\"https:\\\/\\\/www.inverseteams.com\\\/fr\\\/pagina-principal\\\/\"},{\"@type\":\"ListItem\",\"position\":2,\"name\":\"Panier\",\"item\":\"https:\\\/\\\/www.inverseteams.com\\\/fr\\\/panier\\\/\"},{\"@type\":\"ListItem\",\"position\":3,\"name\":\"Sweat cotton SC63-C\"}]},{\"@type\":\"WebSite\",\"@id\":\"https:\\\/\\\/www.inverseteams.com\\\/fr\\\/#website\",\"url\":\"https:\\\/\\\/www.inverseteams.com\\\/fr\\\/\",\"name\":\"Inverseteams\",\"description\":\"Tu marca de ropa deportiva personalizada\",\"publisher\":{\"@id\":\"https:\\\/\\\/www.inverseteams.com\\\/fr\\\/#organization\"},\"potentialAction\":[{\"@type\":\"SearchAction\",\"target\":{\"@type\":\"EntryPoint\",\"urlTemplate\":\"https:\\\/\\\/www.inverseteams.com\\\/fr\\\/?s={search_term_string}\"},\"query-input\":{\"@type\":\"PropertyValueSpecification\",\"valueRequired\":true,\"valueName\":\"search_term_string\"}}],\"inLanguage\":\"fr-FR\"},{\"@type\":\"Organization\",\"@id\":\"https:\\\/\\\/www.inverseteams.com\\\/fr\\\/#organization\",\"name\":\"Inverse Teams\",\"url\":\"https:\\\/\\\/www.inverseteams.com\\\/fr\\\/\",\"logo\":{\"@type\":\"ImageObject\",\"inLanguage\":\"fr-FR\",\"@id\":\"https:\\\/\\\/www.inverseteams.com\\\/fr\\\/#\\\/schema\\\/logo\\\/image\\\/\",\"url\":\"https:\\\/\\\/www.inverseteams.com\\\/wp-content\\\/uploads\\\/2021\\\/03\\\/logo-inverse-teams.png\",\"contentUrl\":\"https:\\\/\\\/www.inverseteams.com\\\/wp-content\\\/uploads\\\/2021\\\/03\\\/logo-inverse-teams.png\",\"width\":294,\"height\":99,\"caption\":\"Inverse Teams\"},\"image\":{\"@id\":\"https:\\\/\\\/www.inverseteams.com\\\/fr\\\/#\\\/schema\\\/logo\\\/image\\\/\"},\"sameAs\":[\"https:\\\/\\\/www.facebook.com\\\/inverseteams\",\"http:\\\/\\\/instagram.com\\\/inverseteams\",\"https:\\\/\\\/www.linkedin.com\\\/company\\\/inverse-cirosport-s-l-?trk=job_view_topcard_company_name\",\"http:\\\/\\\/www.pinterest.com\\\/inverseteams\\\/\",\"http:\\\/\\\/www.youtube.com\\\/user\\\/inverseteams?feature=watch\"]}]}<\/script>\n<!-- \/ Yoast SEO plugin. -->","yoast_head_json":{"title":"Sweat cotton SC63-C | Inverseteams","description":"Disponible en 6 couleurs : Noir, Blanc, Rouge, Bleu Navy, Bleu Royal et Vert. Le blason du club est imprim\u00e9 en DTF. Ce sweat-shirt sportif poss\u00e8de une poche kangourou sur le devant et une capuche. Le mod\u00e8le adulte comprend un cordon de serrage pour ajuster l'ajustement de la capuche. Les poignets et la taille sont finis avec un bord-c\u00f4te extensible 1x1. L'int\u00e9rieur bross\u00e9 maintiendra la chaleur corporelle sans augmenter la transpiration. C'est un sweat-shirt tr\u00e8s confortable et parfait pour un usage quotidien.","robots":{"index":"index","follow":"follow","max-snippet":"max-snippet:-1","max-image-preview":"max-image-preview:large","max-video-preview":"max-video-preview:-1"},"canonical":"https:\/\/www.inverseteams.com\/fr\/produit\/sweat-cotton-sc63-c-basket\/","og_locale":"fr_FR","og_type":"article","og_title":"Sweat cotton SC63-C | Inverseteams","og_description":"Disponible en 6 couleurs : Noir, Blanc, Rouge, Bleu Navy, Bleu Royal et Vert. Le blason du club est imprim\u00e9 en DTF. Ce sweat-shirt sportif poss\u00e8de une poche kangourou sur le devant et une capuche. Le mod\u00e8le adulte comprend un cordon de serrage pour ajuster l'ajustement de la capuche. Les poignets et la taille sont finis avec un bord-c\u00f4te extensible 1x1. L'int\u00e9rieur bross\u00e9 maintiendra la chaleur corporelle sans augmenter la transpiration. C'est un sweat-shirt tr\u00e8s confortable et parfait pour un usage quotidien.","og_url":"https:\/\/www.inverseteams.com\/fr\/produit\/sweat-cotton-sc63-c-basket\/","og_site_name":"Inverseteams","article_publisher":"https:\/\/www.facebook.com\/inverseteams","article_modified_time":"2025-11-14T09:30:48+00:00","og_image":[{"width":1500,"height":1612,"url":"https:\/\/www.inverseteams.com\/wp-content\/uploads\/INVERSE-BASKET-PASEO-SC63-C-1.jpg","type":"image\/jpeg"}],"twitter_card":"summary_large_image","twitter_misc":{"Dur\u00e9e de lecture estim\u00e9e":"1 minute"},"schema":{"@context":"https:\/\/schema.org","@graph":[{"@type":"WebPage","@id":"https:\/\/www.inverseteams.com\/fr\/produit\/sweat-cotton-sc63-c-basket\/","url":"https:\/\/www.inverseteams.com\/fr\/produit\/sweat-cotton-sc63-c-basket\/","name":"Sweat cotton SC63-C | Inverseteams","isPartOf":{"@id":"https:\/\/www.inverseteams.com\/fr\/#website"},"primaryImageOfPage":{"@id":"https:\/\/www.inverseteams.com\/fr\/produit\/sweat-cotton-sc63-c-basket\/#primaryimage"},"image":{"@id":"https:\/\/www.inverseteams.com\/fr\/produit\/sweat-cotton-sc63-c-basket\/#primaryimage"},"thumbnailUrl":"https:\/\/www.inverseteams.com\/wp-content\/uploads\/INVERSE-BASKET-PASEO-SC63-C-1.jpg","datePublished":"2025-11-14T09:20:33+00:00","dateModified":"2025-11-14T09:30:48+00:00","description":"Disponible en 6 couleurs : Noir, Blanc, Rouge, Bleu Navy, Bleu Royal et Vert. Le blason du club est imprim\u00e9 en DTF. Ce sweat-shirt sportif poss\u00e8de une poche kangourou sur le devant et une capuche. Le mod\u00e8le adulte comprend un cordon de serrage pour ajuster l'ajustement de la capuche. Les poignets et la taille sont finis avec un bord-c\u00f4te extensible 1x1. L'int\u00e9rieur bross\u00e9 maintiendra la chaleur corporelle sans augmenter la transpiration. C'est un sweat-shirt tr\u00e8s confortable et parfait pour un usage quotidien.","breadcrumb":{"@id":"https:\/\/www.inverseteams.com\/fr\/produit\/sweat-cotton-sc63-c-basket\/#breadcrumb"},"inLanguage":"fr-FR","potentialAction":[{"@type":"ReadAction","target":["https:\/\/www.inverseteams.com\/fr\/produit\/sweat-cotton-sc63-c-basket\/"]}]},{"@type":"ImageObject","inLanguage":"fr-FR","@id":"https:\/\/www.inverseteams.com\/fr\/produit\/sweat-cotton-sc63-c-basket\/#primaryimage","url":"https:\/\/www.inverseteams.com\/wp-content\/uploads\/INVERSE-BASKET-PASEO-SC63-C-1.jpg","contentUrl":"https:\/\/www.inverseteams.com\/wp-content\/uploads\/INVERSE-BASKET-PASEO-SC63-C-1.jpg","width":1500,"height":1612},{"@type":"BreadcrumbList","@id":"https:\/\/www.inverseteams.com\/fr\/produit\/sweat-cotton-sc63-c-basket\/#breadcrumb","itemListElement":[{"@type":"ListItem","position":1,"name":"Portada","item":"https:\/\/www.inverseteams.com\/fr\/pagina-principal\/"},{"@type":"ListItem","position":2,"name":"Panier","item":"https:\/\/www.inverseteams.com\/fr\/panier\/"},{"@type":"ListItem","position":3,"name":"Sweat cotton SC63-C"}]},{"@type":"WebSite","@id":"https:\/\/www.inverseteams.com\/fr\/#website","url":"https:\/\/www.inverseteams.com\/fr\/","name":"Inverseteams","description":"Tu marca de ropa deportiva personalizada","publisher":{"@id":"https:\/\/www.inverseteams.com\/fr\/#organization"},"potentialAction":[{"@type":"SearchAction","target":{"@type":"EntryPoint","urlTemplate":"https:\/\/www.inverseteams.com\/fr\/?s={search_term_string}"},"query-input":{"@type":"PropertyValueSpecification","valueRequired":true,"valueName":"search_term_string"}}],"inLanguage":"fr-FR"},{"@type":"Organization","@id":"https:\/\/www.inverseteams.com\/fr\/#organization","name":"Inverse Teams","url":"https:\/\/www.inverseteams.com\/fr\/","logo":{"@type":"ImageObject","inLanguage":"fr-FR","@id":"https:\/\/www.inverseteams.com\/fr\/#\/schema\/logo\/image\/","url":"https:\/\/www.inverseteams.com\/wp-content\/uploads\/2021\/03\/logo-inverse-teams.png","contentUrl":"https:\/\/www.inverseteams.com\/wp-content\/uploads\/2021\/03\/logo-inverse-teams.png","width":294,"height":99,"caption":"Inverse Teams"},"image":{"@id":"https:\/\/www.inverseteams.com\/fr\/#\/schema\/logo\/image\/"},"sameAs":["https:\/\/www.facebook.com\/inverseteams","http:\/\/instagram.com\/inverseteams","https:\/\/www.linkedin.com\/company\/inverse-cirosport-s-l-?trk=job_view_topcard_company_name","http:\/\/www.pinterest.com\/inverseteams\/","http:\/\/www.youtube.com\/user\/inverseteams?feature=watch"]}]}},"_links":{"self":[{"href":"https:\/\/www.inverseteams.com\/fr\/wp-json\/wp\/v2\/product\/275718","targetHints":{"allow":["GET"]}}],"collection":[{"href":"https:\/\/www.inverseteams.com\/fr\/wp-json\/wp\/v2\/product"}],"about":[{"href":"https:\/\/www.inverseteams.com\/fr\/wp-json\/wp\/v2\/types\/product"}],"replies":[{"embeddable":true,"href":"https:\/\/www.inverseteams.com\/fr\/wp-json\/wp\/v2\/comments?post=275718"}],"wp:featuredmedia":[{"embeddable":true,"href":"https:\/\/www.inverseteams.com\/fr\/wp-json\/wp\/v2\/media\/275518"}],"wp:attachment":[{"href":"https:\/\/www.inverseteams.com\/fr\/wp-json\/wp\/v2\/media?parent=275718"}],"wp:term":[{"taxonomy":"product_brand","embeddable":true,"href":"https:\/\/www.inverseteams.com\/fr\/wp-json\/wp\/v2\/product_brand?post=275718"},{"taxonomy":"product_cat","embeddable":true,"href":"https:\/\/www.inverseteams.com\/fr\/wp-json\/wp\/v2\/product_cat?post=275718"},{"taxonomy":"product_tag","embeddable":true,"href":"https:\/\/www.inverseteams.com\/fr\/wp-json\/wp\/v2\/product_tag?post=275718"},{"taxonomy":"custom_category","embeddable":true,"href":"https:\/\/www.inverseteams.com\/fr\/wp-json\/wp\/v2\/custom_category?post=275718"},{"taxonomy":"range","embeddable":true,"href":"https:\/\/www.inverseteams.com\/fr\/wp-json\/wp\/v2\/range?post=275718"}],"curies":[{"name":"wp","href":"https:\/\/api.w.org\/{rel}","templated":true}]}}