{"id":275708,"date":"2025-11-14T08:34:45","date_gmt":"2025-11-14T08:34:45","guid":{"rendered":"https:\/\/www.inverseteams.com\/?post_type=product&#038;p=275708"},"modified":"2025-11-14T14:13:07","modified_gmt":"2025-11-14T14:13:07","slug":"bermuda-sc75-c-basket","status":"publish","type":"product","link":"https:\/\/www.inverseteams.com\/fr\/produit\/bermuda-sc75-c-basket\/","title":{"rendered":"Bermuda SC75-C"},"content":{"rendered":"<p>Disponible en 3 coloris : Noir, Rouge et Bleu Navy. Le blason du club est imprim\u00e9 en DTF.<br \/>\nCe pantalon allie 2 tissus tr\u00e8s l\u00e9gers et r\u00e9sistants. La bande lat\u00e9rale et l&rsquo;int\u00e9rieur de la jambe sont fabriqu\u00e9s dans un tissu tr\u00e8s ouvert avec une grande capacit\u00e9 \u00e0 \u00e9vacuer la transpiration.<br \/>\nIl est dot\u00e9 d&rsquo;un filet int\u00e9rieur en maille et la ceinture \u00e9lastique s&rsquo;adapte parfaitement au corps sans serrer. Il dispose \u00e9galement d&rsquo;un cordon de serrage pour ajuster la coupe au go\u00fbt de l&rsquo;athl\u00e8te. Avec 2 poches lat\u00e9rales et une coupe extr\u00eamement confortable, ce pantalon est id\u00e9al pour un usage quotidien.<\/p>\n","protected":false},"excerpt":{"rendered":"<p>Disponible en 3 coloris : Noir, Rouge et Bleu Navy. Le blason du club est imprim\u00e9 en DTF.<br \/>\nCe pantalon allie 2 tissus tr\u00e8s l\u00e9gers et r\u00e9sistants. La bande lat\u00e9rale et l&rsquo;int\u00e9rieur de la jambe sont fabriqu\u00e9s dans un tissu tr\u00e8s ouvert avec une grande capacit\u00e9 \u00e0 \u00e9vacuer la transpiration.<br \/>\nIl est dot\u00e9 d&rsquo;un filet int\u00e9rieur en maille et la ceinture \u00e9lastique s&rsquo;adapte parfaitement au corps sans serrer. Il dispose \u00e9galement d&rsquo;un cordon de serrage pour ajuster la coupe au go\u00fbt de l&rsquo;athl\u00e8te. Avec 2 poches lat\u00e9rales et une coupe extr\u00eamement confortable, ce pantalon est id\u00e9al pour un usage quotidien.<\/p>\n","protected":false},"featured_media":275638,"comment_status":"closed","ping_status":"closed","template":"","meta":{"_acf_changed":false},"product_brand":[],"product_cat":[8305],"product_tag":[],"custom_category":[15160,20146],"range":[15145],"class_list":{"0":"post-275708","1":"product","2":"type-product","3":"status-publish","4":"has-post-thumbnail","6":"product_cat-uncategorized-fr","7":"pa_climatologia-chaud","8":"pa_climatologia-temperature-chaude","9":"pa_deporte-basketball-fr","10":"pa_genero-infantile-fr","11":"pa_genero-unisexe","12":"pa_patronaje-regular-fr","13":"pa_tipo-de-prenda-collant-court","14":"custom_category-sport-dequipe","15":"custom_category-basket","16":"range-travel","18":"first","19":"instock","20":"product-type-custom"},"acf":[],"yoast_head":"<!-- This site is optimized with the Yoast SEO plugin v27.5 - https:\/\/yoast.com\/product\/yoast-seo-wordpress\/ -->\n<title>Bermuda SC75-C | Inverseteams<\/title>\n<meta name=\"description\" content=\"Disponible en 3 coloris : Noir, Rouge et Bleu Navy. Le blason du club est imprim\u00e9 en DTF. Ce pantalon allie 2 tissus tr\u00e8s l\u00e9gers et r\u00e9sistants. La bande lat\u00e9rale et l&#039;int\u00e9rieur de la jambe sont fabriqu\u00e9s dans un tissu tr\u00e8s ouvert avec une grande capacit\u00e9 \u00e0 \u00e9vacuer la transpiration. Il est dot\u00e9 d&#039;un filet int\u00e9rieur en maille et la ceinture \u00e9lastique s&#039;adapte parfaitement au corps sans serrer. Il dispose \u00e9galement d&#039;un cordon de serrage pour ajuster la coupe au go\u00fbt de l&#039;athl\u00e8te. Avec 2 poches lat\u00e9rales et une coupe extr\u00eamement confortable, ce pantalon est id\u00e9al pour un usage quotidien.\" \/>\n<meta name=\"robots\" content=\"index, follow, max-snippet:-1, max-image-preview:large, max-video-preview:-1\" \/>\n<link rel=\"canonical\" href=\"https:\/\/www.inverseteams.com\/fr\/produit\/bermuda-sc75-c-basket\/\" \/>\n<meta property=\"og:locale\" content=\"fr_FR\" \/>\n<meta property=\"og:type\" content=\"article\" \/>\n<meta property=\"og:title\" content=\"Bermuda SC75-C | Inverseteams\" \/>\n<meta property=\"og:description\" content=\"Disponible en 3 coloris : Noir, Rouge et Bleu Navy. Le blason du club est imprim\u00e9 en DTF. Ce pantalon allie 2 tissus tr\u00e8s l\u00e9gers et r\u00e9sistants. La bande lat\u00e9rale et l&#039;int\u00e9rieur de la jambe sont fabriqu\u00e9s dans un tissu tr\u00e8s ouvert avec une grande capacit\u00e9 \u00e0 \u00e9vacuer la transpiration. Il est dot\u00e9 d&#039;un filet int\u00e9rieur en maille et la ceinture \u00e9lastique s&#039;adapte parfaitement au corps sans serrer. Il dispose \u00e9galement d&#039;un cordon de serrage pour ajuster la coupe au go\u00fbt de l&#039;athl\u00e8te. Avec 2 poches lat\u00e9rales et une coupe extr\u00eamement confortable, ce pantalon est id\u00e9al pour un usage quotidien.\" \/>\n<meta property=\"og:url\" content=\"https:\/\/www.inverseteams.com\/fr\/produit\/bermuda-sc75-c-basket\/\" \/>\n<meta property=\"og:site_name\" content=\"Inverseteams\" \/>\n<meta property=\"article:publisher\" content=\"https:\/\/www.facebook.com\/inverseteams\" \/>\n<meta property=\"article:modified_time\" content=\"2025-11-14T14:13:07+00:00\" \/>\n<meta property=\"og:image\" content=\"https:\/\/www.inverseteams.com\/wp-content\/uploads\/INVERSE-BASKET-PASEO-SC75-C-2.jpg\" \/>\n\t<meta property=\"og:image:width\" content=\"1500\" \/>\n\t<meta property=\"og:image:height\" content=\"1612\" \/>\n\t<meta property=\"og:image:type\" content=\"image\/jpeg\" \/>\n<meta name=\"twitter:card\" content=\"summary_large_image\" \/>\n<meta name=\"twitter:label1\" content=\"Dur\u00e9e de lecture estim\u00e9e\" \/>\n\t<meta name=\"twitter:data1\" content=\"1 minute\" \/>\n<script type=\"application\/ld+json\" class=\"yoast-schema-graph\">{\"@context\":\"https:\\\/\\\/schema.org\",\"@graph\":[{\"@type\":\"WebPage\",\"@id\":\"https:\\\/\\\/www.inverseteams.com\\\/fr\\\/produit\\\/bermuda-sc75-c-basket\\\/\",\"url\":\"https:\\\/\\\/www.inverseteams.com\\\/fr\\\/produit\\\/bermuda-sc75-c-basket\\\/\",\"name\":\"Bermuda SC75-C | Inverseteams\",\"isPartOf\":{\"@id\":\"https:\\\/\\\/www.inverseteams.com\\\/fr\\\/#website\"},\"primaryImageOfPage\":{\"@id\":\"https:\\\/\\\/www.inverseteams.com\\\/fr\\\/produit\\\/bermuda-sc75-c-basket\\\/#primaryimage\"},\"image\":{\"@id\":\"https:\\\/\\\/www.inverseteams.com\\\/fr\\\/produit\\\/bermuda-sc75-c-basket\\\/#primaryimage\"},\"thumbnailUrl\":\"https:\\\/\\\/www.inverseteams.com\\\/wp-content\\\/uploads\\\/INVERSE-BASKET-PASEO-SC75-C-2.jpg\",\"datePublished\":\"2025-11-14T08:34:45+00:00\",\"dateModified\":\"2025-11-14T14:13:07+00:00\",\"description\":\"Disponible en 3 coloris : Noir, Rouge et Bleu Navy. Le blason du club est imprim\u00e9 en DTF. Ce pantalon allie 2 tissus tr\u00e8s l\u00e9gers et r\u00e9sistants. La bande lat\u00e9rale et l'int\u00e9rieur de la jambe sont fabriqu\u00e9s dans un tissu tr\u00e8s ouvert avec une grande capacit\u00e9 \u00e0 \u00e9vacuer la transpiration. Il est dot\u00e9 d'un filet int\u00e9rieur en maille et la ceinture \u00e9lastique s'adapte parfaitement au corps sans serrer. Il dispose \u00e9galement d'un cordon de serrage pour ajuster la coupe au go\u00fbt de l'athl\u00e8te. Avec 2 poches lat\u00e9rales et une coupe extr\u00eamement confortable, ce pantalon est id\u00e9al pour un usage quotidien.\",\"breadcrumb\":{\"@id\":\"https:\\\/\\\/www.inverseteams.com\\\/fr\\\/produit\\\/bermuda-sc75-c-basket\\\/#breadcrumb\"},\"inLanguage\":\"fr-FR\",\"potentialAction\":[{\"@type\":\"ReadAction\",\"target\":[\"https:\\\/\\\/www.inverseteams.com\\\/fr\\\/produit\\\/bermuda-sc75-c-basket\\\/\"]}]},{\"@type\":\"ImageObject\",\"inLanguage\":\"fr-FR\",\"@id\":\"https:\\\/\\\/www.inverseteams.com\\\/fr\\\/produit\\\/bermuda-sc75-c-basket\\\/#primaryimage\",\"url\":\"https:\\\/\\\/www.inverseteams.com\\\/wp-content\\\/uploads\\\/INVERSE-BASKET-PASEO-SC75-C-2.jpg\",\"contentUrl\":\"https:\\\/\\\/www.inverseteams.com\\\/wp-content\\\/uploads\\\/INVERSE-BASKET-PASEO-SC75-C-2.jpg\",\"width\":1500,\"height\":1612},{\"@type\":\"BreadcrumbList\",\"@id\":\"https:\\\/\\\/www.inverseteams.com\\\/fr\\\/produit\\\/bermuda-sc75-c-basket\\\/#breadcrumb\",\"itemListElement\":[{\"@type\":\"ListItem\",\"position\":1,\"name\":\"Portada\",\"item\":\"https:\\\/\\\/www.inverseteams.com\\\/fr\\\/pagina-principal\\\/\"},{\"@type\":\"ListItem\",\"position\":2,\"name\":\"Panier\",\"item\":\"https:\\\/\\\/www.inverseteams.com\\\/fr\\\/panier\\\/\"},{\"@type\":\"ListItem\",\"position\":3,\"name\":\"Bermuda SC75-C\"}]},{\"@type\":\"WebSite\",\"@id\":\"https:\\\/\\\/www.inverseteams.com\\\/fr\\\/#website\",\"url\":\"https:\\\/\\\/www.inverseteams.com\\\/fr\\\/\",\"name\":\"Inverseteams\",\"description\":\"Tu marca de ropa deportiva personalizada\",\"publisher\":{\"@id\":\"https:\\\/\\\/www.inverseteams.com\\\/fr\\\/#organization\"},\"potentialAction\":[{\"@type\":\"SearchAction\",\"target\":{\"@type\":\"EntryPoint\",\"urlTemplate\":\"https:\\\/\\\/www.inverseteams.com\\\/fr\\\/?s={search_term_string}\"},\"query-input\":{\"@type\":\"PropertyValueSpecification\",\"valueRequired\":true,\"valueName\":\"search_term_string\"}}],\"inLanguage\":\"fr-FR\"},{\"@type\":\"Organization\",\"@id\":\"https:\\\/\\\/www.inverseteams.com\\\/fr\\\/#organization\",\"name\":\"Inverse Teams\",\"url\":\"https:\\\/\\\/www.inverseteams.com\\\/fr\\\/\",\"logo\":{\"@type\":\"ImageObject\",\"inLanguage\":\"fr-FR\",\"@id\":\"https:\\\/\\\/www.inverseteams.com\\\/fr\\\/#\\\/schema\\\/logo\\\/image\\\/\",\"url\":\"https:\\\/\\\/www.inverseteams.com\\\/wp-content\\\/uploads\\\/2021\\\/03\\\/logo-inverse-teams.png\",\"contentUrl\":\"https:\\\/\\\/www.inverseteams.com\\\/wp-content\\\/uploads\\\/2021\\\/03\\\/logo-inverse-teams.png\",\"width\":294,\"height\":99,\"caption\":\"Inverse Teams\"},\"image\":{\"@id\":\"https:\\\/\\\/www.inverseteams.com\\\/fr\\\/#\\\/schema\\\/logo\\\/image\\\/\"},\"sameAs\":[\"https:\\\/\\\/www.facebook.com\\\/inverseteams\",\"http:\\\/\\\/instagram.com\\\/inverseteams\",\"https:\\\/\\\/www.linkedin.com\\\/company\\\/inverse-cirosport-s-l-?trk=job_view_topcard_company_name\",\"http:\\\/\\\/www.pinterest.com\\\/inverseteams\\\/\",\"http:\\\/\\\/www.youtube.com\\\/user\\\/inverseteams?feature=watch\"]}]}<\/script>\n<!-- \/ Yoast SEO plugin. -->","yoast_head_json":{"title":"Bermuda SC75-C | Inverseteams","description":"Disponible en 3 coloris : Noir, Rouge et Bleu Navy. Le blason du club est imprim\u00e9 en DTF. Ce pantalon allie 2 tissus tr\u00e8s l\u00e9gers et r\u00e9sistants. La bande lat\u00e9rale et l'int\u00e9rieur de la jambe sont fabriqu\u00e9s dans un tissu tr\u00e8s ouvert avec une grande capacit\u00e9 \u00e0 \u00e9vacuer la transpiration. Il est dot\u00e9 d'un filet int\u00e9rieur en maille et la ceinture \u00e9lastique s'adapte parfaitement au corps sans serrer. Il dispose \u00e9galement d'un cordon de serrage pour ajuster la coupe au go\u00fbt de l'athl\u00e8te. Avec 2 poches lat\u00e9rales et une coupe extr\u00eamement confortable, ce pantalon est id\u00e9al pour un usage quotidien.","robots":{"index":"index","follow":"follow","max-snippet":"max-snippet:-1","max-image-preview":"max-image-preview:large","max-video-preview":"max-video-preview:-1"},"canonical":"https:\/\/www.inverseteams.com\/fr\/produit\/bermuda-sc75-c-basket\/","og_locale":"fr_FR","og_type":"article","og_title":"Bermuda SC75-C | Inverseteams","og_description":"Disponible en 3 coloris : Noir, Rouge et Bleu Navy. Le blason du club est imprim\u00e9 en DTF. Ce pantalon allie 2 tissus tr\u00e8s l\u00e9gers et r\u00e9sistants. La bande lat\u00e9rale et l'int\u00e9rieur de la jambe sont fabriqu\u00e9s dans un tissu tr\u00e8s ouvert avec une grande capacit\u00e9 \u00e0 \u00e9vacuer la transpiration. Il est dot\u00e9 d'un filet int\u00e9rieur en maille et la ceinture \u00e9lastique s'adapte parfaitement au corps sans serrer. Il dispose \u00e9galement d'un cordon de serrage pour ajuster la coupe au go\u00fbt de l'athl\u00e8te. Avec 2 poches lat\u00e9rales et une coupe extr\u00eamement confortable, ce pantalon est id\u00e9al pour un usage quotidien.","og_url":"https:\/\/www.inverseteams.com\/fr\/produit\/bermuda-sc75-c-basket\/","og_site_name":"Inverseteams","article_publisher":"https:\/\/www.facebook.com\/inverseteams","article_modified_time":"2025-11-14T14:13:07+00:00","og_image":[{"width":1500,"height":1612,"url":"https:\/\/www.inverseteams.com\/wp-content\/uploads\/INVERSE-BASKET-PASEO-SC75-C-2.jpg","type":"image\/jpeg"}],"twitter_card":"summary_large_image","twitter_misc":{"Dur\u00e9e de lecture estim\u00e9e":"1 minute"},"schema":{"@context":"https:\/\/schema.org","@graph":[{"@type":"WebPage","@id":"https:\/\/www.inverseteams.com\/fr\/produit\/bermuda-sc75-c-basket\/","url":"https:\/\/www.inverseteams.com\/fr\/produit\/bermuda-sc75-c-basket\/","name":"Bermuda SC75-C | Inverseteams","isPartOf":{"@id":"https:\/\/www.inverseteams.com\/fr\/#website"},"primaryImageOfPage":{"@id":"https:\/\/www.inverseteams.com\/fr\/produit\/bermuda-sc75-c-basket\/#primaryimage"},"image":{"@id":"https:\/\/www.inverseteams.com\/fr\/produit\/bermuda-sc75-c-basket\/#primaryimage"},"thumbnailUrl":"https:\/\/www.inverseteams.com\/wp-content\/uploads\/INVERSE-BASKET-PASEO-SC75-C-2.jpg","datePublished":"2025-11-14T08:34:45+00:00","dateModified":"2025-11-14T14:13:07+00:00","description":"Disponible en 3 coloris : Noir, Rouge et Bleu Navy. Le blason du club est imprim\u00e9 en DTF. Ce pantalon allie 2 tissus tr\u00e8s l\u00e9gers et r\u00e9sistants. La bande lat\u00e9rale et l'int\u00e9rieur de la jambe sont fabriqu\u00e9s dans un tissu tr\u00e8s ouvert avec une grande capacit\u00e9 \u00e0 \u00e9vacuer la transpiration. Il est dot\u00e9 d'un filet int\u00e9rieur en maille et la ceinture \u00e9lastique s'adapte parfaitement au corps sans serrer. Il dispose \u00e9galement d'un cordon de serrage pour ajuster la coupe au go\u00fbt de l'athl\u00e8te. Avec 2 poches lat\u00e9rales et une coupe extr\u00eamement confortable, ce pantalon est id\u00e9al pour un usage quotidien.","breadcrumb":{"@id":"https:\/\/www.inverseteams.com\/fr\/produit\/bermuda-sc75-c-basket\/#breadcrumb"},"inLanguage":"fr-FR","potentialAction":[{"@type":"ReadAction","target":["https:\/\/www.inverseteams.com\/fr\/produit\/bermuda-sc75-c-basket\/"]}]},{"@type":"ImageObject","inLanguage":"fr-FR","@id":"https:\/\/www.inverseteams.com\/fr\/produit\/bermuda-sc75-c-basket\/#primaryimage","url":"https:\/\/www.inverseteams.com\/wp-content\/uploads\/INVERSE-BASKET-PASEO-SC75-C-2.jpg","contentUrl":"https:\/\/www.inverseteams.com\/wp-content\/uploads\/INVERSE-BASKET-PASEO-SC75-C-2.jpg","width":1500,"height":1612},{"@type":"BreadcrumbList","@id":"https:\/\/www.inverseteams.com\/fr\/produit\/bermuda-sc75-c-basket\/#breadcrumb","itemListElement":[{"@type":"ListItem","position":1,"name":"Portada","item":"https:\/\/www.inverseteams.com\/fr\/pagina-principal\/"},{"@type":"ListItem","position":2,"name":"Panier","item":"https:\/\/www.inverseteams.com\/fr\/panier\/"},{"@type":"ListItem","position":3,"name":"Bermuda SC75-C"}]},{"@type":"WebSite","@id":"https:\/\/www.inverseteams.com\/fr\/#website","url":"https:\/\/www.inverseteams.com\/fr\/","name":"Inverseteams","description":"Tu marca de ropa deportiva personalizada","publisher":{"@id":"https:\/\/www.inverseteams.com\/fr\/#organization"},"potentialAction":[{"@type":"SearchAction","target":{"@type":"EntryPoint","urlTemplate":"https:\/\/www.inverseteams.com\/fr\/?s={search_term_string}"},"query-input":{"@type":"PropertyValueSpecification","valueRequired":true,"valueName":"search_term_string"}}],"inLanguage":"fr-FR"},{"@type":"Organization","@id":"https:\/\/www.inverseteams.com\/fr\/#organization","name":"Inverse Teams","url":"https:\/\/www.inverseteams.com\/fr\/","logo":{"@type":"ImageObject","inLanguage":"fr-FR","@id":"https:\/\/www.inverseteams.com\/fr\/#\/schema\/logo\/image\/","url":"https:\/\/www.inverseteams.com\/wp-content\/uploads\/2021\/03\/logo-inverse-teams.png","contentUrl":"https:\/\/www.inverseteams.com\/wp-content\/uploads\/2021\/03\/logo-inverse-teams.png","width":294,"height":99,"caption":"Inverse Teams"},"image":{"@id":"https:\/\/www.inverseteams.com\/fr\/#\/schema\/logo\/image\/"},"sameAs":["https:\/\/www.facebook.com\/inverseteams","http:\/\/instagram.com\/inverseteams","https:\/\/www.linkedin.com\/company\/inverse-cirosport-s-l-?trk=job_view_topcard_company_name","http:\/\/www.pinterest.com\/inverseteams\/","http:\/\/www.youtube.com\/user\/inverseteams?feature=watch"]}]}},"_links":{"self":[{"href":"https:\/\/www.inverseteams.com\/fr\/wp-json\/wp\/v2\/product\/275708","targetHints":{"allow":["GET"]}}],"collection":[{"href":"https:\/\/www.inverseteams.com\/fr\/wp-json\/wp\/v2\/product"}],"about":[{"href":"https:\/\/www.inverseteams.com\/fr\/wp-json\/wp\/v2\/types\/product"}],"replies":[{"embeddable":true,"href":"https:\/\/www.inverseteams.com\/fr\/wp-json\/wp\/v2\/comments?post=275708"}],"wp:featuredmedia":[{"embeddable":true,"href":"https:\/\/www.inverseteams.com\/fr\/wp-json\/wp\/v2\/media\/275638"}],"wp:attachment":[{"href":"https:\/\/www.inverseteams.com\/fr\/wp-json\/wp\/v2\/media?parent=275708"}],"wp:term":[{"taxonomy":"product_brand","embeddable":true,"href":"https:\/\/www.inverseteams.com\/fr\/wp-json\/wp\/v2\/product_brand?post=275708"},{"taxonomy":"product_cat","embeddable":true,"href":"https:\/\/www.inverseteams.com\/fr\/wp-json\/wp\/v2\/product_cat?post=275708"},{"taxonomy":"product_tag","embeddable":true,"href":"https:\/\/www.inverseteams.com\/fr\/wp-json\/wp\/v2\/product_tag?post=275708"},{"taxonomy":"custom_category","embeddable":true,"href":"https:\/\/www.inverseteams.com\/fr\/wp-json\/wp\/v2\/custom_category?post=275708"},{"taxonomy":"range","embeddable":true,"href":"https:\/\/www.inverseteams.com\/fr\/wp-json\/wp\/v2\/range?post=275708"}],"curies":[{"name":"wp","href":"https:\/\/api.w.org\/{rel}","templated":true}]}}