{"id":275487,"date":"2025-11-13T15:06:57","date_gmt":"2025-11-13T15:06:57","guid":{"rendered":"https:\/\/www.inverseteams.com\/?post_type=product&#038;p=275487"},"modified":"2025-11-14T14:03:11","modified_gmt":"2025-11-14T14:03:11","slug":"short-sb42-c","status":"publish","type":"product","link":"https:\/\/www.inverseteams.com\/fr\/produit\/short-sb42-c\/","title":{"rendered":"Short SB42-C"},"content":{"rendered":"<p>Disponible en 6 couleurs : Noir, Blanc, Rouge, Bleu Navy, Bleu Royal et Vert. Le num\u00e9ro et l&rsquo;\u00e9cusson du club sont imprim\u00e9s en DTF.<br \/>\nFabriqu\u00e9 avec un tissu multifilament r\u00e9sistant, au toucher doux et tr\u00e8s agr\u00e9able. Garantit un confort total tout au long du match.<br \/>\nLa coupe de ce short de football est sp\u00e9cialement con\u00e7ue pour offrir une excellente libert\u00e9 de mouvement. Il poss\u00e8de une ouverture sur les c\u00f4t\u00e9s pour que vous puissiez bouger votre jambe sans ressentir aucune r\u00e9sistance.<br \/>\nLa taille est r\u00e9alis\u00e9e avec une bande \u00e9lastique qui s&rsquo;adaptera parfaitement au corps sans provoquer d&rsquo;inconfort. Il comprend \u00e9galement un cordon de serrage pour ajuster l&rsquo;ajustement au go\u00fbt du joueur.<\/p>\n","protected":false},"excerpt":{"rendered":"<p>Disponible en 6 couleurs : Noir, Blanc, Rouge, Bleu Navy, Bleu Royal et Vert. Le num\u00e9ro et l&rsquo;\u00e9cusson du club sont imprim\u00e9s en DTF.<br \/>\nFabriqu\u00e9 avec un tissu multifilament r\u00e9sistant, au toucher doux et tr\u00e8s agr\u00e9able. Garantit un confort total tout au long du match.<br \/>\nLa coupe de ce short de football est sp\u00e9cialement con\u00e7ue pour offrir une excellente libert\u00e9 de mouvement. Il poss\u00e8de une ouverture sur les c\u00f4t\u00e9s pour que vous puissiez bouger votre jambe sans ressentir aucune r\u00e9sistance.<br \/>\nLa taille est r\u00e9alis\u00e9e avec une bande \u00e9lastique qui s&rsquo;adaptera parfaitement au corps sans provoquer d&rsquo;inconfort. Il comprend \u00e9galement un cordon de serrage pour ajuster l&rsquo;ajustement au go\u00fbt du joueur.<\/p>\n","protected":false},"featured_media":275410,"comment_status":"closed","ping_status":"closed","template":"","meta":{"_acf_changed":false},"product_brand":[],"product_cat":[8305],"product_tag":[],"custom_category":[20146,15160],"range":[15140],"class_list":{"0":"post-275487","1":"product","2":"type-product","3":"status-publish","4":"has-post-thumbnail","6":"product_cat-uncategorized-fr","7":"pa_climatologia-chaud","8":"pa_climatologia-temperature-chaude","9":"pa_deporte-basketball-fr","10":"pa_genero-infantile-fr","11":"pa_genero-unisexe","12":"pa_patronaje-regular-fr","13":"pa_tipo-de-prenda-collant-court","14":"custom_category-basket","15":"custom_category-sport-dequipe","16":"range-entrainement","18":"first","19":"instock","20":"product-type-custom"},"acf":[],"yoast_head":"<!-- This site is optimized with the Yoast SEO plugin v27.5 - https:\/\/yoast.com\/product\/yoast-seo-wordpress\/ -->\n<title>Short SB42-C | Inverseteams<\/title>\n<meta name=\"description\" content=\"Disponible en 6 couleurs : Noir, Blanc, Rouge, Bleu Navy, Bleu Royal et Vert. Le num\u00e9ro et l&#039;\u00e9cusson du club sont imprim\u00e9s en DTF. Fabriqu\u00e9 avec un tissu multifilament r\u00e9sistant, au toucher doux et tr\u00e8s agr\u00e9able. Garantit un confort total tout au long du match. La coupe de ce short de football est sp\u00e9cialement con\u00e7ue pour offrir une excellente libert\u00e9 de mouvement. Il poss\u00e8de une ouverture sur les c\u00f4t\u00e9s pour que vous puissiez bouger votre jambe sans ressentir aucune r\u00e9sistance. La taille est r\u00e9alis\u00e9e avec une bande \u00e9lastique qui s&#039;adaptera parfaitement au corps sans provoquer d&#039;inconfort. Il comprend \u00e9galement un cordon de serrage pour ajuster l&#039;ajustement au go\u00fbt du joueur.\" \/>\n<meta name=\"robots\" content=\"index, follow, max-snippet:-1, max-image-preview:large, max-video-preview:-1\" \/>\n<link rel=\"canonical\" href=\"https:\/\/www.inverseteams.com\/fr\/produit\/short-sb42-c\/\" \/>\n<meta property=\"og:locale\" content=\"fr_FR\" \/>\n<meta property=\"og:type\" content=\"article\" \/>\n<meta property=\"og:title\" content=\"Short SB42-C | Inverseteams\" \/>\n<meta property=\"og:description\" content=\"Disponible en 6 couleurs : Noir, Blanc, Rouge, Bleu Navy, Bleu Royal et Vert. Le num\u00e9ro et l&#039;\u00e9cusson du club sont imprim\u00e9s en DTF. Fabriqu\u00e9 avec un tissu multifilament r\u00e9sistant, au toucher doux et tr\u00e8s agr\u00e9able. Garantit un confort total tout au long du match. La coupe de ce short de football est sp\u00e9cialement con\u00e7ue pour offrir une excellente libert\u00e9 de mouvement. Il poss\u00e8de une ouverture sur les c\u00f4t\u00e9s pour que vous puissiez bouger votre jambe sans ressentir aucune r\u00e9sistance. La taille est r\u00e9alis\u00e9e avec une bande \u00e9lastique qui s&#039;adaptera parfaitement au corps sans provoquer d&#039;inconfort. Il comprend \u00e9galement un cordon de serrage pour ajuster l&#039;ajustement au go\u00fbt du joueur.\" \/>\n<meta property=\"og:url\" content=\"https:\/\/www.inverseteams.com\/fr\/produit\/short-sb42-c\/\" \/>\n<meta property=\"og:site_name\" content=\"Inverseteams\" \/>\n<meta property=\"article:publisher\" content=\"https:\/\/www.facebook.com\/inverseteams\" \/>\n<meta property=\"article:modified_time\" content=\"2025-11-14T14:03:11+00:00\" \/>\n<meta property=\"og:image\" content=\"https:\/\/www.inverseteams.com\/wp-content\/uploads\/INVERSE-BASKET-PANTALONENTRENO-SB42-C-1.jpg\" \/>\n\t<meta property=\"og:image:width\" content=\"1500\" \/>\n\t<meta property=\"og:image:height\" content=\"1612\" \/>\n\t<meta property=\"og:image:type\" content=\"image\/jpeg\" \/>\n<meta name=\"twitter:card\" content=\"summary_large_image\" \/>\n<meta name=\"twitter:label1\" content=\"Dur\u00e9e de lecture estim\u00e9e\" \/>\n\t<meta name=\"twitter:data1\" content=\"1 minute\" \/>\n<script type=\"application\/ld+json\" class=\"yoast-schema-graph\">{\"@context\":\"https:\\\/\\\/schema.org\",\"@graph\":[{\"@type\":\"WebPage\",\"@id\":\"https:\\\/\\\/www.inverseteams.com\\\/fr\\\/produit\\\/short-sb42-c\\\/\",\"url\":\"https:\\\/\\\/www.inverseteams.com\\\/fr\\\/produit\\\/short-sb42-c\\\/\",\"name\":\"Short SB42-C | Inverseteams\",\"isPartOf\":{\"@id\":\"https:\\\/\\\/www.inverseteams.com\\\/fr\\\/#website\"},\"primaryImageOfPage\":{\"@id\":\"https:\\\/\\\/www.inverseteams.com\\\/fr\\\/produit\\\/short-sb42-c\\\/#primaryimage\"},\"image\":{\"@id\":\"https:\\\/\\\/www.inverseteams.com\\\/fr\\\/produit\\\/short-sb42-c\\\/#primaryimage\"},\"thumbnailUrl\":\"https:\\\/\\\/www.inverseteams.com\\\/wp-content\\\/uploads\\\/INVERSE-BASKET-PANTALONENTRENO-SB42-C-1.jpg\",\"datePublished\":\"2025-11-13T15:06:57+00:00\",\"dateModified\":\"2025-11-14T14:03:11+00:00\",\"description\":\"Disponible en 6 couleurs : Noir, Blanc, Rouge, Bleu Navy, Bleu Royal et Vert. Le num\u00e9ro et l'\u00e9cusson du club sont imprim\u00e9s en DTF. Fabriqu\u00e9 avec un tissu multifilament r\u00e9sistant, au toucher doux et tr\u00e8s agr\u00e9able. Garantit un confort total tout au long du match. La coupe de ce short de football est sp\u00e9cialement con\u00e7ue pour offrir une excellente libert\u00e9 de mouvement. Il poss\u00e8de une ouverture sur les c\u00f4t\u00e9s pour que vous puissiez bouger votre jambe sans ressentir aucune r\u00e9sistance. La taille est r\u00e9alis\u00e9e avec une bande \u00e9lastique qui s'adaptera parfaitement au corps sans provoquer d'inconfort. Il comprend \u00e9galement un cordon de serrage pour ajuster l'ajustement au go\u00fbt du joueur.\",\"breadcrumb\":{\"@id\":\"https:\\\/\\\/www.inverseteams.com\\\/fr\\\/produit\\\/short-sb42-c\\\/#breadcrumb\"},\"inLanguage\":\"fr-FR\",\"potentialAction\":[{\"@type\":\"ReadAction\",\"target\":[\"https:\\\/\\\/www.inverseteams.com\\\/fr\\\/produit\\\/short-sb42-c\\\/\"]}]},{\"@type\":\"ImageObject\",\"inLanguage\":\"fr-FR\",\"@id\":\"https:\\\/\\\/www.inverseteams.com\\\/fr\\\/produit\\\/short-sb42-c\\\/#primaryimage\",\"url\":\"https:\\\/\\\/www.inverseteams.com\\\/wp-content\\\/uploads\\\/INVERSE-BASKET-PANTALONENTRENO-SB42-C-1.jpg\",\"contentUrl\":\"https:\\\/\\\/www.inverseteams.com\\\/wp-content\\\/uploads\\\/INVERSE-BASKET-PANTALONENTRENO-SB42-C-1.jpg\",\"width\":1500,\"height\":1612},{\"@type\":\"BreadcrumbList\",\"@id\":\"https:\\\/\\\/www.inverseteams.com\\\/fr\\\/produit\\\/short-sb42-c\\\/#breadcrumb\",\"itemListElement\":[{\"@type\":\"ListItem\",\"position\":1,\"name\":\"Portada\",\"item\":\"https:\\\/\\\/www.inverseteams.com\\\/fr\\\/pagina-principal\\\/\"},{\"@type\":\"ListItem\",\"position\":2,\"name\":\"Panier\",\"item\":\"https:\\\/\\\/www.inverseteams.com\\\/fr\\\/panier\\\/\"},{\"@type\":\"ListItem\",\"position\":3,\"name\":\"Short SB42-C\"}]},{\"@type\":\"WebSite\",\"@id\":\"https:\\\/\\\/www.inverseteams.com\\\/fr\\\/#website\",\"url\":\"https:\\\/\\\/www.inverseteams.com\\\/fr\\\/\",\"name\":\"Inverseteams\",\"description\":\"Tu marca de ropa deportiva personalizada\",\"publisher\":{\"@id\":\"https:\\\/\\\/www.inverseteams.com\\\/fr\\\/#organization\"},\"potentialAction\":[{\"@type\":\"SearchAction\",\"target\":{\"@type\":\"EntryPoint\",\"urlTemplate\":\"https:\\\/\\\/www.inverseteams.com\\\/fr\\\/?s={search_term_string}\"},\"query-input\":{\"@type\":\"PropertyValueSpecification\",\"valueRequired\":true,\"valueName\":\"search_term_string\"}}],\"inLanguage\":\"fr-FR\"},{\"@type\":\"Organization\",\"@id\":\"https:\\\/\\\/www.inverseteams.com\\\/fr\\\/#organization\",\"name\":\"Inverse Teams\",\"url\":\"https:\\\/\\\/www.inverseteams.com\\\/fr\\\/\",\"logo\":{\"@type\":\"ImageObject\",\"inLanguage\":\"fr-FR\",\"@id\":\"https:\\\/\\\/www.inverseteams.com\\\/fr\\\/#\\\/schema\\\/logo\\\/image\\\/\",\"url\":\"https:\\\/\\\/www.inverseteams.com\\\/wp-content\\\/uploads\\\/2021\\\/03\\\/logo-inverse-teams.png\",\"contentUrl\":\"https:\\\/\\\/www.inverseteams.com\\\/wp-content\\\/uploads\\\/2021\\\/03\\\/logo-inverse-teams.png\",\"width\":294,\"height\":99,\"caption\":\"Inverse Teams\"},\"image\":{\"@id\":\"https:\\\/\\\/www.inverseteams.com\\\/fr\\\/#\\\/schema\\\/logo\\\/image\\\/\"},\"sameAs\":[\"https:\\\/\\\/www.facebook.com\\\/inverseteams\",\"http:\\\/\\\/instagram.com\\\/inverseteams\",\"https:\\\/\\\/www.linkedin.com\\\/company\\\/inverse-cirosport-s-l-?trk=job_view_topcard_company_name\",\"http:\\\/\\\/www.pinterest.com\\\/inverseteams\\\/\",\"http:\\\/\\\/www.youtube.com\\\/user\\\/inverseteams?feature=watch\"]}]}<\/script>\n<!-- \/ Yoast SEO plugin. -->","yoast_head_json":{"title":"Short SB42-C | Inverseteams","description":"Disponible en 6 couleurs : Noir, Blanc, Rouge, Bleu Navy, Bleu Royal et Vert. Le num\u00e9ro et l'\u00e9cusson du club sont imprim\u00e9s en DTF. Fabriqu\u00e9 avec un tissu multifilament r\u00e9sistant, au toucher doux et tr\u00e8s agr\u00e9able. Garantit un confort total tout au long du match. La coupe de ce short de football est sp\u00e9cialement con\u00e7ue pour offrir une excellente libert\u00e9 de mouvement. Il poss\u00e8de une ouverture sur les c\u00f4t\u00e9s pour que vous puissiez bouger votre jambe sans ressentir aucune r\u00e9sistance. La taille est r\u00e9alis\u00e9e avec une bande \u00e9lastique qui s'adaptera parfaitement au corps sans provoquer d'inconfort. Il comprend \u00e9galement un cordon de serrage pour ajuster l'ajustement au go\u00fbt du joueur.","robots":{"index":"index","follow":"follow","max-snippet":"max-snippet:-1","max-image-preview":"max-image-preview:large","max-video-preview":"max-video-preview:-1"},"canonical":"https:\/\/www.inverseteams.com\/fr\/produit\/short-sb42-c\/","og_locale":"fr_FR","og_type":"article","og_title":"Short SB42-C | Inverseteams","og_description":"Disponible en 6 couleurs : Noir, Blanc, Rouge, Bleu Navy, Bleu Royal et Vert. Le num\u00e9ro et l'\u00e9cusson du club sont imprim\u00e9s en DTF. Fabriqu\u00e9 avec un tissu multifilament r\u00e9sistant, au toucher doux et tr\u00e8s agr\u00e9able. Garantit un confort total tout au long du match. La coupe de ce short de football est sp\u00e9cialement con\u00e7ue pour offrir une excellente libert\u00e9 de mouvement. Il poss\u00e8de une ouverture sur les c\u00f4t\u00e9s pour que vous puissiez bouger votre jambe sans ressentir aucune r\u00e9sistance. La taille est r\u00e9alis\u00e9e avec une bande \u00e9lastique qui s'adaptera parfaitement au corps sans provoquer d'inconfort. Il comprend \u00e9galement un cordon de serrage pour ajuster l'ajustement au go\u00fbt du joueur.","og_url":"https:\/\/www.inverseteams.com\/fr\/produit\/short-sb42-c\/","og_site_name":"Inverseteams","article_publisher":"https:\/\/www.facebook.com\/inverseteams","article_modified_time":"2025-11-14T14:03:11+00:00","og_image":[{"width":1500,"height":1612,"url":"https:\/\/www.inverseteams.com\/wp-content\/uploads\/INVERSE-BASKET-PANTALONENTRENO-SB42-C-1.jpg","type":"image\/jpeg"}],"twitter_card":"summary_large_image","twitter_misc":{"Dur\u00e9e de lecture estim\u00e9e":"1 minute"},"schema":{"@context":"https:\/\/schema.org","@graph":[{"@type":"WebPage","@id":"https:\/\/www.inverseteams.com\/fr\/produit\/short-sb42-c\/","url":"https:\/\/www.inverseteams.com\/fr\/produit\/short-sb42-c\/","name":"Short SB42-C | Inverseteams","isPartOf":{"@id":"https:\/\/www.inverseteams.com\/fr\/#website"},"primaryImageOfPage":{"@id":"https:\/\/www.inverseteams.com\/fr\/produit\/short-sb42-c\/#primaryimage"},"image":{"@id":"https:\/\/www.inverseteams.com\/fr\/produit\/short-sb42-c\/#primaryimage"},"thumbnailUrl":"https:\/\/www.inverseteams.com\/wp-content\/uploads\/INVERSE-BASKET-PANTALONENTRENO-SB42-C-1.jpg","datePublished":"2025-11-13T15:06:57+00:00","dateModified":"2025-11-14T14:03:11+00:00","description":"Disponible en 6 couleurs : Noir, Blanc, Rouge, Bleu Navy, Bleu Royal et Vert. Le num\u00e9ro et l'\u00e9cusson du club sont imprim\u00e9s en DTF. Fabriqu\u00e9 avec un tissu multifilament r\u00e9sistant, au toucher doux et tr\u00e8s agr\u00e9able. Garantit un confort total tout au long du match. La coupe de ce short de football est sp\u00e9cialement con\u00e7ue pour offrir une excellente libert\u00e9 de mouvement. Il poss\u00e8de une ouverture sur les c\u00f4t\u00e9s pour que vous puissiez bouger votre jambe sans ressentir aucune r\u00e9sistance. La taille est r\u00e9alis\u00e9e avec une bande \u00e9lastique qui s'adaptera parfaitement au corps sans provoquer d'inconfort. Il comprend \u00e9galement un cordon de serrage pour ajuster l'ajustement au go\u00fbt du joueur.","breadcrumb":{"@id":"https:\/\/www.inverseteams.com\/fr\/produit\/short-sb42-c\/#breadcrumb"},"inLanguage":"fr-FR","potentialAction":[{"@type":"ReadAction","target":["https:\/\/www.inverseteams.com\/fr\/produit\/short-sb42-c\/"]}]},{"@type":"ImageObject","inLanguage":"fr-FR","@id":"https:\/\/www.inverseteams.com\/fr\/produit\/short-sb42-c\/#primaryimage","url":"https:\/\/www.inverseteams.com\/wp-content\/uploads\/INVERSE-BASKET-PANTALONENTRENO-SB42-C-1.jpg","contentUrl":"https:\/\/www.inverseteams.com\/wp-content\/uploads\/INVERSE-BASKET-PANTALONENTRENO-SB42-C-1.jpg","width":1500,"height":1612},{"@type":"BreadcrumbList","@id":"https:\/\/www.inverseteams.com\/fr\/produit\/short-sb42-c\/#breadcrumb","itemListElement":[{"@type":"ListItem","position":1,"name":"Portada","item":"https:\/\/www.inverseteams.com\/fr\/pagina-principal\/"},{"@type":"ListItem","position":2,"name":"Panier","item":"https:\/\/www.inverseteams.com\/fr\/panier\/"},{"@type":"ListItem","position":3,"name":"Short SB42-C"}]},{"@type":"WebSite","@id":"https:\/\/www.inverseteams.com\/fr\/#website","url":"https:\/\/www.inverseteams.com\/fr\/","name":"Inverseteams","description":"Tu marca de ropa deportiva personalizada","publisher":{"@id":"https:\/\/www.inverseteams.com\/fr\/#organization"},"potentialAction":[{"@type":"SearchAction","target":{"@type":"EntryPoint","urlTemplate":"https:\/\/www.inverseteams.com\/fr\/?s={search_term_string}"},"query-input":{"@type":"PropertyValueSpecification","valueRequired":true,"valueName":"search_term_string"}}],"inLanguage":"fr-FR"},{"@type":"Organization","@id":"https:\/\/www.inverseteams.com\/fr\/#organization","name":"Inverse Teams","url":"https:\/\/www.inverseteams.com\/fr\/","logo":{"@type":"ImageObject","inLanguage":"fr-FR","@id":"https:\/\/www.inverseteams.com\/fr\/#\/schema\/logo\/image\/","url":"https:\/\/www.inverseteams.com\/wp-content\/uploads\/2021\/03\/logo-inverse-teams.png","contentUrl":"https:\/\/www.inverseteams.com\/wp-content\/uploads\/2021\/03\/logo-inverse-teams.png","width":294,"height":99,"caption":"Inverse Teams"},"image":{"@id":"https:\/\/www.inverseteams.com\/fr\/#\/schema\/logo\/image\/"},"sameAs":["https:\/\/www.facebook.com\/inverseteams","http:\/\/instagram.com\/inverseteams","https:\/\/www.linkedin.com\/company\/inverse-cirosport-s-l-?trk=job_view_topcard_company_name","http:\/\/www.pinterest.com\/inverseteams\/","http:\/\/www.youtube.com\/user\/inverseteams?feature=watch"]}]}},"_links":{"self":[{"href":"https:\/\/www.inverseteams.com\/fr\/wp-json\/wp\/v2\/product\/275487","targetHints":{"allow":["GET"]}}],"collection":[{"href":"https:\/\/www.inverseteams.com\/fr\/wp-json\/wp\/v2\/product"}],"about":[{"href":"https:\/\/www.inverseteams.com\/fr\/wp-json\/wp\/v2\/types\/product"}],"replies":[{"embeddable":true,"href":"https:\/\/www.inverseteams.com\/fr\/wp-json\/wp\/v2\/comments?post=275487"}],"wp:featuredmedia":[{"embeddable":true,"href":"https:\/\/www.inverseteams.com\/fr\/wp-json\/wp\/v2\/media\/275410"}],"wp:attachment":[{"href":"https:\/\/www.inverseteams.com\/fr\/wp-json\/wp\/v2\/media?parent=275487"}],"wp:term":[{"taxonomy":"product_brand","embeddable":true,"href":"https:\/\/www.inverseteams.com\/fr\/wp-json\/wp\/v2\/product_brand?post=275487"},{"taxonomy":"product_cat","embeddable":true,"href":"https:\/\/www.inverseteams.com\/fr\/wp-json\/wp\/v2\/product_cat?post=275487"},{"taxonomy":"product_tag","embeddable":true,"href":"https:\/\/www.inverseteams.com\/fr\/wp-json\/wp\/v2\/product_tag?post=275487"},{"taxonomy":"custom_category","embeddable":true,"href":"https:\/\/www.inverseteams.com\/fr\/wp-json\/wp\/v2\/custom_category?post=275487"},{"taxonomy":"range","embeddable":true,"href":"https:\/\/www.inverseteams.com\/fr\/wp-json\/wp\/v2\/range?post=275487"}],"curies":[{"name":"wp","href":"https:\/\/api.w.org\/{rel}","templated":true}]}}