{"id":275470,"date":"2025-11-13T08:35:28","date_gmt":"2025-11-13T08:35:28","guid":{"rendered":"https:\/\/www.inverseteams.com\/?post_type=product&#038;p=275470"},"modified":"2025-11-13T09:11:11","modified_gmt":"2025-11-13T09:11:11","slug":"maillot-reversible-2way","status":"publish","type":"product","link":"https:\/\/www.inverseteams.com\/fr\/produit\/maillot-reversible-2way\/","title":{"rendered":"Maillot r\u00e9versible 2WAY"},"content":{"rendered":"<p>T-shirt r\u00e9versible 100% personnalisable recto verso gr\u00e2ce \u00e0 la sublimation. Les tissus ont \u00e9t\u00e9 strat\u00e9giquement choisis et positionn\u00e9s de mani\u00e8re \u00e0 ce que la sublimation ne transparaisse d&rsquo;aucun c\u00f4t\u00e9. Ils sont \u00e9galement tr\u00e8s respirants et l\u00e9gers.<br \/>\nIl est fabriqu\u00e9 avec des coutures cach\u00e9es, propres et l\u00e9g\u00e8res qui ajoutent visuellement une qualit\u00e9 extraordinaire au v\u00eatement et emp\u00eachent \u00e9galement les frottements.<\/p>\n","protected":false},"excerpt":{"rendered":"<p>T-shirt r\u00e9versible 100% personnalisable recto verso gr\u00e2ce \u00e0 la sublimation. Les tissus ont \u00e9t\u00e9 strat\u00e9giquement choisis et positionn\u00e9s de mani\u00e8re \u00e0 ce que la sublimation ne transparaisse d&rsquo;aucun c\u00f4t\u00e9. Ils sont \u00e9galement tr\u00e8s respirants et l\u00e9gers.<br \/>\nIl est fabriqu\u00e9 avec des coutures cach\u00e9es, propres et l\u00e9g\u00e8res qui ajoutent visuellement une qualit\u00e9 extraordinaire au v\u00eatement et emp\u00eachent \u00e9galement les frottements.<\/p>\n","protected":false},"featured_media":275430,"comment_status":"closed","ping_status":"closed","template":"","meta":{"_acf_changed":false},"product_brand":[],"product_cat":[8305],"product_tag":[],"custom_category":[15160,20146],"range":[15140],"class_list":{"0":"post-275470","1":"product","2":"type-product","3":"status-publish","4":"has-post-thumbnail","6":"product_cat-uncategorized-fr","7":"pa_climatologia-chaud","8":"pa_climatologia-temperature-chaude","9":"pa_deporte-basketball-fr","10":"pa_genero-homme","11":"pa_genero-femme","12":"pa_genero-infantile-fr","13":"pa_patronaje-regular-fr","14":"pa_tipo-de-prenda-t-shirt-fr","15":"custom_category-sport-dequipe","16":"custom_category-basket","17":"range-entrainement","19":"first","20":"instock","21":"product-type-custom"},"acf":[],"yoast_head":"<!-- This site is optimized with the Yoast SEO plugin v27.5 - https:\/\/yoast.com\/product\/yoast-seo-wordpress\/ -->\n<title>Maillot r\u00e9versible 2WAY | Inverseteams<\/title>\n<meta name=\"description\" content=\"T-shirt r\u00e9versible 100% personnalisable recto verso gr\u00e2ce \u00e0 la sublimation. Les tissus ont \u00e9t\u00e9 strat\u00e9giquement choisis et positionn\u00e9s de mani\u00e8re \u00e0 ce que la sublimation ne transparaisse d&#039;aucun c\u00f4t\u00e9. Ils sont \u00e9galement tr\u00e8s respirants et l\u00e9gers. Il est fabriqu\u00e9 avec des coutures cach\u00e9es, propres et l\u00e9g\u00e8res qui ajoutent visuellement une qualit\u00e9 extraordinaire au v\u00eatement et emp\u00eachent \u00e9galement les frottements.\" \/>\n<meta name=\"robots\" content=\"index, follow, max-snippet:-1, max-image-preview:large, max-video-preview:-1\" \/>\n<link rel=\"canonical\" href=\"https:\/\/www.inverseteams.com\/fr\/produit\/maillot-reversible-2way\/\" \/>\n<meta property=\"og:locale\" content=\"fr_FR\" \/>\n<meta property=\"og:type\" content=\"article\" \/>\n<meta property=\"og:title\" content=\"Maillot r\u00e9versible 2WAY | Inverseteams\" \/>\n<meta property=\"og:description\" content=\"T-shirt r\u00e9versible 100% personnalisable recto verso gr\u00e2ce \u00e0 la sublimation. Les tissus ont \u00e9t\u00e9 strat\u00e9giquement choisis et positionn\u00e9s de mani\u00e8re \u00e0 ce que la sublimation ne transparaisse d&#039;aucun c\u00f4t\u00e9. Ils sont \u00e9galement tr\u00e8s respirants et l\u00e9gers. Il est fabriqu\u00e9 avec des coutures cach\u00e9es, propres et l\u00e9g\u00e8res qui ajoutent visuellement une qualit\u00e9 extraordinaire au v\u00eatement et emp\u00eachent \u00e9galement les frottements.\" \/>\n<meta property=\"og:url\" content=\"https:\/\/www.inverseteams.com\/fr\/produit\/maillot-reversible-2way\/\" \/>\n<meta property=\"og:site_name\" content=\"Inverseteams\" \/>\n<meta property=\"article:publisher\" content=\"https:\/\/www.facebook.com\/inverseteams\" \/>\n<meta property=\"article:modified_time\" content=\"2025-11-13T09:11:11+00:00\" \/>\n<meta property=\"og:image\" content=\"https:\/\/www.inverseteams.com\/wp-content\/uploads\/INVERSE-BASKET-REVERSIBLE-SB41-S-1.jpg\" \/>\n\t<meta property=\"og:image:width\" content=\"1500\" \/>\n\t<meta property=\"og:image:height\" content=\"1612\" \/>\n\t<meta property=\"og:image:type\" content=\"image\/jpeg\" \/>\n<meta name=\"twitter:card\" content=\"summary_large_image\" \/>\n<meta name=\"twitter:label1\" content=\"Dur\u00e9e de lecture estim\u00e9e\" \/>\n\t<meta name=\"twitter:data1\" content=\"1 minute\" \/>\n<script type=\"application\/ld+json\" class=\"yoast-schema-graph\">{\"@context\":\"https:\\\/\\\/schema.org\",\"@graph\":[{\"@type\":\"WebPage\",\"@id\":\"https:\\\/\\\/www.inverseteams.com\\\/fr\\\/produit\\\/maillot-reversible-2way\\\/\",\"url\":\"https:\\\/\\\/www.inverseteams.com\\\/fr\\\/produit\\\/maillot-reversible-2way\\\/\",\"name\":\"Maillot r\u00e9versible 2WAY | Inverseteams\",\"isPartOf\":{\"@id\":\"https:\\\/\\\/www.inverseteams.com\\\/fr\\\/#website\"},\"primaryImageOfPage\":{\"@id\":\"https:\\\/\\\/www.inverseteams.com\\\/fr\\\/produit\\\/maillot-reversible-2way\\\/#primaryimage\"},\"image\":{\"@id\":\"https:\\\/\\\/www.inverseteams.com\\\/fr\\\/produit\\\/maillot-reversible-2way\\\/#primaryimage\"},\"thumbnailUrl\":\"https:\\\/\\\/www.inverseteams.com\\\/wp-content\\\/uploads\\\/INVERSE-BASKET-REVERSIBLE-SB41-S-1.jpg\",\"datePublished\":\"2025-11-13T08:35:28+00:00\",\"dateModified\":\"2025-11-13T09:11:11+00:00\",\"description\":\"T-shirt r\u00e9versible 100% personnalisable recto verso gr\u00e2ce \u00e0 la sublimation. Les tissus ont \u00e9t\u00e9 strat\u00e9giquement choisis et positionn\u00e9s de mani\u00e8re \u00e0 ce que la sublimation ne transparaisse d'aucun c\u00f4t\u00e9. Ils sont \u00e9galement tr\u00e8s respirants et l\u00e9gers. Il est fabriqu\u00e9 avec des coutures cach\u00e9es, propres et l\u00e9g\u00e8res qui ajoutent visuellement une qualit\u00e9 extraordinaire au v\u00eatement et emp\u00eachent \u00e9galement les frottements.\",\"breadcrumb\":{\"@id\":\"https:\\\/\\\/www.inverseteams.com\\\/fr\\\/produit\\\/maillot-reversible-2way\\\/#breadcrumb\"},\"inLanguage\":\"fr-FR\",\"potentialAction\":[{\"@type\":\"ReadAction\",\"target\":[\"https:\\\/\\\/www.inverseteams.com\\\/fr\\\/produit\\\/maillot-reversible-2way\\\/\"]}]},{\"@type\":\"ImageObject\",\"inLanguage\":\"fr-FR\",\"@id\":\"https:\\\/\\\/www.inverseteams.com\\\/fr\\\/produit\\\/maillot-reversible-2way\\\/#primaryimage\",\"url\":\"https:\\\/\\\/www.inverseteams.com\\\/wp-content\\\/uploads\\\/INVERSE-BASKET-REVERSIBLE-SB41-S-1.jpg\",\"contentUrl\":\"https:\\\/\\\/www.inverseteams.com\\\/wp-content\\\/uploads\\\/INVERSE-BASKET-REVERSIBLE-SB41-S-1.jpg\",\"width\":1500,\"height\":1612},{\"@type\":\"BreadcrumbList\",\"@id\":\"https:\\\/\\\/www.inverseteams.com\\\/fr\\\/produit\\\/maillot-reversible-2way\\\/#breadcrumb\",\"itemListElement\":[{\"@type\":\"ListItem\",\"position\":1,\"name\":\"Portada\",\"item\":\"https:\\\/\\\/www.inverseteams.com\\\/fr\\\/pagina-principal\\\/\"},{\"@type\":\"ListItem\",\"position\":2,\"name\":\"Panier\",\"item\":\"https:\\\/\\\/www.inverseteams.com\\\/fr\\\/panier\\\/\"},{\"@type\":\"ListItem\",\"position\":3,\"name\":\"Maillot r\u00e9versible 2WAY\"}]},{\"@type\":\"WebSite\",\"@id\":\"https:\\\/\\\/www.inverseteams.com\\\/fr\\\/#website\",\"url\":\"https:\\\/\\\/www.inverseteams.com\\\/fr\\\/\",\"name\":\"Inverseteams\",\"description\":\"Tu marca de ropa deportiva personalizada\",\"publisher\":{\"@id\":\"https:\\\/\\\/www.inverseteams.com\\\/fr\\\/#organization\"},\"potentialAction\":[{\"@type\":\"SearchAction\",\"target\":{\"@type\":\"EntryPoint\",\"urlTemplate\":\"https:\\\/\\\/www.inverseteams.com\\\/fr\\\/?s={search_term_string}\"},\"query-input\":{\"@type\":\"PropertyValueSpecification\",\"valueRequired\":true,\"valueName\":\"search_term_string\"}}],\"inLanguage\":\"fr-FR\"},{\"@type\":\"Organization\",\"@id\":\"https:\\\/\\\/www.inverseteams.com\\\/fr\\\/#organization\",\"name\":\"Inverse Teams\",\"url\":\"https:\\\/\\\/www.inverseteams.com\\\/fr\\\/\",\"logo\":{\"@type\":\"ImageObject\",\"inLanguage\":\"fr-FR\",\"@id\":\"https:\\\/\\\/www.inverseteams.com\\\/fr\\\/#\\\/schema\\\/logo\\\/image\\\/\",\"url\":\"https:\\\/\\\/www.inverseteams.com\\\/wp-content\\\/uploads\\\/2021\\\/03\\\/logo-inverse-teams.png\",\"contentUrl\":\"https:\\\/\\\/www.inverseteams.com\\\/wp-content\\\/uploads\\\/2021\\\/03\\\/logo-inverse-teams.png\",\"width\":294,\"height\":99,\"caption\":\"Inverse Teams\"},\"image\":{\"@id\":\"https:\\\/\\\/www.inverseteams.com\\\/fr\\\/#\\\/schema\\\/logo\\\/image\\\/\"},\"sameAs\":[\"https:\\\/\\\/www.facebook.com\\\/inverseteams\",\"http:\\\/\\\/instagram.com\\\/inverseteams\",\"https:\\\/\\\/www.linkedin.com\\\/company\\\/inverse-cirosport-s-l-?trk=job_view_topcard_company_name\",\"http:\\\/\\\/www.pinterest.com\\\/inverseteams\\\/\",\"http:\\\/\\\/www.youtube.com\\\/user\\\/inverseteams?feature=watch\"]}]}<\/script>\n<!-- \/ Yoast SEO plugin. -->","yoast_head_json":{"title":"Maillot r\u00e9versible 2WAY | Inverseteams","description":"T-shirt r\u00e9versible 100% personnalisable recto verso gr\u00e2ce \u00e0 la sublimation. Les tissus ont \u00e9t\u00e9 strat\u00e9giquement choisis et positionn\u00e9s de mani\u00e8re \u00e0 ce que la sublimation ne transparaisse d'aucun c\u00f4t\u00e9. Ils sont \u00e9galement tr\u00e8s respirants et l\u00e9gers. Il est fabriqu\u00e9 avec des coutures cach\u00e9es, propres et l\u00e9g\u00e8res qui ajoutent visuellement une qualit\u00e9 extraordinaire au v\u00eatement et emp\u00eachent \u00e9galement les frottements.","robots":{"index":"index","follow":"follow","max-snippet":"max-snippet:-1","max-image-preview":"max-image-preview:large","max-video-preview":"max-video-preview:-1"},"canonical":"https:\/\/www.inverseteams.com\/fr\/produit\/maillot-reversible-2way\/","og_locale":"fr_FR","og_type":"article","og_title":"Maillot r\u00e9versible 2WAY | Inverseteams","og_description":"T-shirt r\u00e9versible 100% personnalisable recto verso gr\u00e2ce \u00e0 la sublimation. Les tissus ont \u00e9t\u00e9 strat\u00e9giquement choisis et positionn\u00e9s de mani\u00e8re \u00e0 ce que la sublimation ne transparaisse d'aucun c\u00f4t\u00e9. Ils sont \u00e9galement tr\u00e8s respirants et l\u00e9gers. Il est fabriqu\u00e9 avec des coutures cach\u00e9es, propres et l\u00e9g\u00e8res qui ajoutent visuellement une qualit\u00e9 extraordinaire au v\u00eatement et emp\u00eachent \u00e9galement les frottements.","og_url":"https:\/\/www.inverseteams.com\/fr\/produit\/maillot-reversible-2way\/","og_site_name":"Inverseteams","article_publisher":"https:\/\/www.facebook.com\/inverseteams","article_modified_time":"2025-11-13T09:11:11+00:00","og_image":[{"width":1500,"height":1612,"url":"https:\/\/www.inverseteams.com\/wp-content\/uploads\/INVERSE-BASKET-REVERSIBLE-SB41-S-1.jpg","type":"image\/jpeg"}],"twitter_card":"summary_large_image","twitter_misc":{"Dur\u00e9e de lecture estim\u00e9e":"1 minute"},"schema":{"@context":"https:\/\/schema.org","@graph":[{"@type":"WebPage","@id":"https:\/\/www.inverseteams.com\/fr\/produit\/maillot-reversible-2way\/","url":"https:\/\/www.inverseteams.com\/fr\/produit\/maillot-reversible-2way\/","name":"Maillot r\u00e9versible 2WAY | Inverseteams","isPartOf":{"@id":"https:\/\/www.inverseteams.com\/fr\/#website"},"primaryImageOfPage":{"@id":"https:\/\/www.inverseteams.com\/fr\/produit\/maillot-reversible-2way\/#primaryimage"},"image":{"@id":"https:\/\/www.inverseteams.com\/fr\/produit\/maillot-reversible-2way\/#primaryimage"},"thumbnailUrl":"https:\/\/www.inverseteams.com\/wp-content\/uploads\/INVERSE-BASKET-REVERSIBLE-SB41-S-1.jpg","datePublished":"2025-11-13T08:35:28+00:00","dateModified":"2025-11-13T09:11:11+00:00","description":"T-shirt r\u00e9versible 100% personnalisable recto verso gr\u00e2ce \u00e0 la sublimation. Les tissus ont \u00e9t\u00e9 strat\u00e9giquement choisis et positionn\u00e9s de mani\u00e8re \u00e0 ce que la sublimation ne transparaisse d'aucun c\u00f4t\u00e9. Ils sont \u00e9galement tr\u00e8s respirants et l\u00e9gers. Il est fabriqu\u00e9 avec des coutures cach\u00e9es, propres et l\u00e9g\u00e8res qui ajoutent visuellement une qualit\u00e9 extraordinaire au v\u00eatement et emp\u00eachent \u00e9galement les frottements.","breadcrumb":{"@id":"https:\/\/www.inverseteams.com\/fr\/produit\/maillot-reversible-2way\/#breadcrumb"},"inLanguage":"fr-FR","potentialAction":[{"@type":"ReadAction","target":["https:\/\/www.inverseteams.com\/fr\/produit\/maillot-reversible-2way\/"]}]},{"@type":"ImageObject","inLanguage":"fr-FR","@id":"https:\/\/www.inverseteams.com\/fr\/produit\/maillot-reversible-2way\/#primaryimage","url":"https:\/\/www.inverseteams.com\/wp-content\/uploads\/INVERSE-BASKET-REVERSIBLE-SB41-S-1.jpg","contentUrl":"https:\/\/www.inverseteams.com\/wp-content\/uploads\/INVERSE-BASKET-REVERSIBLE-SB41-S-1.jpg","width":1500,"height":1612},{"@type":"BreadcrumbList","@id":"https:\/\/www.inverseteams.com\/fr\/produit\/maillot-reversible-2way\/#breadcrumb","itemListElement":[{"@type":"ListItem","position":1,"name":"Portada","item":"https:\/\/www.inverseteams.com\/fr\/pagina-principal\/"},{"@type":"ListItem","position":2,"name":"Panier","item":"https:\/\/www.inverseteams.com\/fr\/panier\/"},{"@type":"ListItem","position":3,"name":"Maillot r\u00e9versible 2WAY"}]},{"@type":"WebSite","@id":"https:\/\/www.inverseteams.com\/fr\/#website","url":"https:\/\/www.inverseteams.com\/fr\/","name":"Inverseteams","description":"Tu marca de ropa deportiva personalizada","publisher":{"@id":"https:\/\/www.inverseteams.com\/fr\/#organization"},"potentialAction":[{"@type":"SearchAction","target":{"@type":"EntryPoint","urlTemplate":"https:\/\/www.inverseteams.com\/fr\/?s={search_term_string}"},"query-input":{"@type":"PropertyValueSpecification","valueRequired":true,"valueName":"search_term_string"}}],"inLanguage":"fr-FR"},{"@type":"Organization","@id":"https:\/\/www.inverseteams.com\/fr\/#organization","name":"Inverse Teams","url":"https:\/\/www.inverseteams.com\/fr\/","logo":{"@type":"ImageObject","inLanguage":"fr-FR","@id":"https:\/\/www.inverseteams.com\/fr\/#\/schema\/logo\/image\/","url":"https:\/\/www.inverseteams.com\/wp-content\/uploads\/2021\/03\/logo-inverse-teams.png","contentUrl":"https:\/\/www.inverseteams.com\/wp-content\/uploads\/2021\/03\/logo-inverse-teams.png","width":294,"height":99,"caption":"Inverse Teams"},"image":{"@id":"https:\/\/www.inverseteams.com\/fr\/#\/schema\/logo\/image\/"},"sameAs":["https:\/\/www.facebook.com\/inverseteams","http:\/\/instagram.com\/inverseteams","https:\/\/www.linkedin.com\/company\/inverse-cirosport-s-l-?trk=job_view_topcard_company_name","http:\/\/www.pinterest.com\/inverseteams\/","http:\/\/www.youtube.com\/user\/inverseteams?feature=watch"]}]}},"_links":{"self":[{"href":"https:\/\/www.inverseteams.com\/fr\/wp-json\/wp\/v2\/product\/275470","targetHints":{"allow":["GET"]}}],"collection":[{"href":"https:\/\/www.inverseteams.com\/fr\/wp-json\/wp\/v2\/product"}],"about":[{"href":"https:\/\/www.inverseteams.com\/fr\/wp-json\/wp\/v2\/types\/product"}],"replies":[{"embeddable":true,"href":"https:\/\/www.inverseteams.com\/fr\/wp-json\/wp\/v2\/comments?post=275470"}],"wp:featuredmedia":[{"embeddable":true,"href":"https:\/\/www.inverseteams.com\/fr\/wp-json\/wp\/v2\/media\/275430"}],"wp:attachment":[{"href":"https:\/\/www.inverseteams.com\/fr\/wp-json\/wp\/v2\/media?parent=275470"}],"wp:term":[{"taxonomy":"product_brand","embeddable":true,"href":"https:\/\/www.inverseteams.com\/fr\/wp-json\/wp\/v2\/product_brand?post=275470"},{"taxonomy":"product_cat","embeddable":true,"href":"https:\/\/www.inverseteams.com\/fr\/wp-json\/wp\/v2\/product_cat?post=275470"},{"taxonomy":"product_tag","embeddable":true,"href":"https:\/\/www.inverseteams.com\/fr\/wp-json\/wp\/v2\/product_tag?post=275470"},{"taxonomy":"custom_category","embeddable":true,"href":"https:\/\/www.inverseteams.com\/fr\/wp-json\/wp\/v2\/custom_category?post=275470"},{"taxonomy":"range","embeddable":true,"href":"https:\/\/www.inverseteams.com\/fr\/wp-json\/wp\/v2\/range?post=275470"}],"curies":[{"name":"wp","href":"https:\/\/api.w.org\/{rel}","templated":true}]}}