{"id":275282,"date":"2025-11-12T13:27:24","date_gmt":"2025-11-12T13:27:24","guid":{"rendered":"https:\/\/www.inverseteams.com\/?post_type=product&#038;p=275282"},"modified":"2025-11-12T16:31:26","modified_gmt":"2025-11-12T16:31:26","slug":"short-pro-sb24-s","status":"publish","type":"product","link":"https:\/\/www.inverseteams.com\/fr\/produit\/short-pro-sb24-s\/","title":{"rendered":"Short PRO SB24-S"},"content":{"rendered":"<p>Fabriqu\u00e9 avec un tissu multifilament r\u00e9sistant, au toucher doux et tr\u00e8s agr\u00e9able. Le tissu est trait\u00e9 avec la finition COOLCOMFORT, qui assure une expulsion facile de la transpiration vers l&rsquo;ext\u00e9rieur, gardant la peau s\u00e8che et fra\u00eeche et garantissant un grand confort tout au long du match.<br \/>\nLa coupe de ce short est sp\u00e9cialement con\u00e7ue pour offrir une excellente libert\u00e9 de mouvement. Il poss\u00e8de une ouverture sur les c\u00f4t\u00e9s pour que vous puissiez bouger votre jambe sans ressentir aucune r\u00e9sistance.<br \/>\nLa taille est r\u00e9alis\u00e9e avec une bande \u00e9lastique qui s&rsquo;adaptera parfaitement au corps sans provoquer d&rsquo;inconfort. Il comprend \u00e9galement un cordon de serrage pour ajuster l&rsquo;ajustement au go\u00fbt du joueur.<br \/>\n100% personnalis\u00e9 avec la technique de sublimation. Cela garantit une r\u00e9sistance des couleurs et une durabilit\u00e9 in\u00e9gal\u00e9es. Les encres utilis\u00e9es pour la sublimation sont \u00e9cologiques, elles sont conformes \u00e0 la norme OEKO-TEX\u00ae ECO PASSPORT qui certifie qu&rsquo;elles sont respectueuses de l&rsquo;environnement et sans danger pour la sant\u00e9.<\/p>\n","protected":false},"excerpt":{"rendered":"<p>Fabriqu\u00e9 avec un tissu multifilament r\u00e9sistant, au toucher doux et tr\u00e8s agr\u00e9able. Le tissu est trait\u00e9 avec la finition COOLCOMFORT, qui assure une expulsion facile de la transpiration vers l&rsquo;ext\u00e9rieur, gardant la peau s\u00e8che et fra\u00eeche et garantissant un grand confort tout au long du match.<br \/>\nLa coupe de ce short est sp\u00e9cialement con\u00e7ue pour offrir une excellente libert\u00e9 de mouvement. Il poss\u00e8de une ouverture sur les c\u00f4t\u00e9s pour que vous puissiez bouger votre jambe sans ressentir aucune r\u00e9sistance.<br \/>\nLa taille est r\u00e9alis\u00e9e avec une bande \u00e9lastique qui s&rsquo;adaptera parfaitement au corps sans provoquer d&rsquo;inconfort. Il comprend \u00e9galement un cordon de serrage pour ajuster l&rsquo;ajustement au go\u00fbt du joueur.<br \/>\n100% personnalis\u00e9 avec la technique de sublimation. Cela garantit une r\u00e9sistance des couleurs et une durabilit\u00e9 in\u00e9gal\u00e9es. Les encres utilis\u00e9es pour la sublimation sont \u00e9cologiques, elles sont conformes \u00e0 la norme OEKO-TEX\u00ae ECO PASSPORT qui certifie qu&rsquo;elles sont respectueuses de l&rsquo;environnement et sans danger pour la sant\u00e9.<\/p>\n","protected":false},"featured_media":275214,"comment_status":"closed","ping_status":"closed","template":"","meta":{"_acf_changed":false},"product_brand":[],"product_cat":[3230],"product_tag":[],"custom_category":[15160,20146],"range":[15135],"class_list":{"0":"post-275282","1":"product","2":"type-product","3":"status-publish","4":"has-post-thumbnail","6":"product_cat-cyclisme-fr","7":"pa_climatologia-chaud","8":"pa_climatologia-temperature-chaude","9":"pa_deporte-basketball-fr","10":"pa_genero-homme","11":"pa_genero-femme","12":"pa_genero-infantile-fr","13":"pa_patronaje-regular-fr","14":"pa_tipo-de-prenda-collant-court","15":"custom_category-sport-dequipe","16":"custom_category-basket","17":"range-competition-fr","19":"first","20":"instock","21":"product-type-custom"},"acf":[],"yoast_head":"<!-- This site is optimized with the Yoast SEO plugin v27.5 - https:\/\/yoast.com\/product\/yoast-seo-wordpress\/ -->\n<title>Short PRO SB24-S | Inverseteams<\/title>\n<meta name=\"description\" content=\"Fabriqu\u00e9 avec un tissu multifilament r\u00e9sistant, au toucher doux et tr\u00e8s agr\u00e9able. Le tissu est trait\u00e9 avec la finition COOLCOMFORT, qui assure une expulsion facile de la transpiration vers l&#039;ext\u00e9rieur, gardant la peau s\u00e8che et fra\u00eeche et garantissant un grand confort tout au long du match. La coupe de ce short est sp\u00e9cialement con\u00e7ue pour offrir une excellente libert\u00e9 de mouvement. Il poss\u00e8de une ouverture sur les c\u00f4t\u00e9s pour que vous puissiez bouger votre jambe sans ressentir aucune r\u00e9sistance. La taille est r\u00e9alis\u00e9e avec une bande \u00e9lastique qui s&#039;adaptera parfaitement au corps sans provoquer d&#039;inconfort. Il comprend \u00e9galement un cordon de serrage pour ajuster l&#039;ajustement au go\u00fbt du joueur. 100% personnalis\u00e9 avec la technique de sublimation. Cela garantit une r\u00e9sistance des couleurs et une durabilit\u00e9 in\u00e9gal\u00e9es. Les encres utilis\u00e9es pour la sublimation sont \u00e9cologiques, elles sont conformes \u00e0 la norme OEKO-TEX\u00ae ECO PASSPORT qui certifie qu&#039;elles sont respectueuses de l&#039;environnement et sans danger pour la sant\u00e9.\" \/>\n<meta name=\"robots\" content=\"index, follow, max-snippet:-1, max-image-preview:large, max-video-preview:-1\" \/>\n<link rel=\"canonical\" href=\"https:\/\/www.inverseteams.com\/fr\/produit\/short-pro-sb24-s\/\" \/>\n<meta property=\"og:locale\" content=\"fr_FR\" \/>\n<meta property=\"og:type\" content=\"article\" \/>\n<meta property=\"og:title\" content=\"Short PRO SB24-S | Inverseteams\" \/>\n<meta property=\"og:description\" content=\"Fabriqu\u00e9 avec un tissu multifilament r\u00e9sistant, au toucher doux et tr\u00e8s agr\u00e9able. Le tissu est trait\u00e9 avec la finition COOLCOMFORT, qui assure une expulsion facile de la transpiration vers l&#039;ext\u00e9rieur, gardant la peau s\u00e8che et fra\u00eeche et garantissant un grand confort tout au long du match. La coupe de ce short est sp\u00e9cialement con\u00e7ue pour offrir une excellente libert\u00e9 de mouvement. Il poss\u00e8de une ouverture sur les c\u00f4t\u00e9s pour que vous puissiez bouger votre jambe sans ressentir aucune r\u00e9sistance. La taille est r\u00e9alis\u00e9e avec une bande \u00e9lastique qui s&#039;adaptera parfaitement au corps sans provoquer d&#039;inconfort. Il comprend \u00e9galement un cordon de serrage pour ajuster l&#039;ajustement au go\u00fbt du joueur. 100% personnalis\u00e9 avec la technique de sublimation. Cela garantit une r\u00e9sistance des couleurs et une durabilit\u00e9 in\u00e9gal\u00e9es. Les encres utilis\u00e9es pour la sublimation sont \u00e9cologiques, elles sont conformes \u00e0 la norme OEKO-TEX\u00ae ECO PASSPORT qui certifie qu&#039;elles sont respectueuses de l&#039;environnement et sans danger pour la sant\u00e9.\" \/>\n<meta property=\"og:url\" content=\"https:\/\/www.inverseteams.com\/fr\/produit\/short-pro-sb24-s\/\" \/>\n<meta property=\"og:site_name\" content=\"Inverseteams\" \/>\n<meta property=\"article:publisher\" content=\"https:\/\/www.facebook.com\/inverseteams\" \/>\n<meta property=\"article:modified_time\" content=\"2025-11-12T16:31:26+00:00\" \/>\n<meta property=\"og:image\" content=\"https:\/\/www.inverseteams.com\/wp-content\/uploads\/INVERSE-BASKET-PANTALONPRO-SB24-S-1.jpg\" \/>\n\t<meta property=\"og:image:width\" content=\"1500\" \/>\n\t<meta property=\"og:image:height\" content=\"1612\" \/>\n\t<meta property=\"og:image:type\" content=\"image\/jpeg\" \/>\n<meta name=\"twitter:card\" content=\"summary_large_image\" \/>\n<meta name=\"twitter:label1\" content=\"Dur\u00e9e de lecture estim\u00e9e\" \/>\n\t<meta name=\"twitter:data1\" content=\"1 minute\" \/>\n<script type=\"application\/ld+json\" class=\"yoast-schema-graph\">{\"@context\":\"https:\\\/\\\/schema.org\",\"@graph\":[{\"@type\":\"WebPage\",\"@id\":\"https:\\\/\\\/www.inverseteams.com\\\/fr\\\/produit\\\/short-pro-sb24-s\\\/\",\"url\":\"https:\\\/\\\/www.inverseteams.com\\\/fr\\\/produit\\\/short-pro-sb24-s\\\/\",\"name\":\"Short PRO SB24-S | Inverseteams\",\"isPartOf\":{\"@id\":\"https:\\\/\\\/www.inverseteams.com\\\/fr\\\/#website\"},\"primaryImageOfPage\":{\"@id\":\"https:\\\/\\\/www.inverseteams.com\\\/fr\\\/produit\\\/short-pro-sb24-s\\\/#primaryimage\"},\"image\":{\"@id\":\"https:\\\/\\\/www.inverseteams.com\\\/fr\\\/produit\\\/short-pro-sb24-s\\\/#primaryimage\"},\"thumbnailUrl\":\"https:\\\/\\\/www.inverseteams.com\\\/wp-content\\\/uploads\\\/INVERSE-BASKET-PANTALONPRO-SB24-S-1.jpg\",\"datePublished\":\"2025-11-12T13:27:24+00:00\",\"dateModified\":\"2025-11-12T16:31:26+00:00\",\"description\":\"Fabriqu\u00e9 avec un tissu multifilament r\u00e9sistant, au toucher doux et tr\u00e8s agr\u00e9able. Le tissu est trait\u00e9 avec la finition COOLCOMFORT, qui assure une expulsion facile de la transpiration vers l'ext\u00e9rieur, gardant la peau s\u00e8che et fra\u00eeche et garantissant un grand confort tout au long du match. La coupe de ce short est sp\u00e9cialement con\u00e7ue pour offrir une excellente libert\u00e9 de mouvement. Il poss\u00e8de une ouverture sur les c\u00f4t\u00e9s pour que vous puissiez bouger votre jambe sans ressentir aucune r\u00e9sistance. La taille est r\u00e9alis\u00e9e avec une bande \u00e9lastique qui s'adaptera parfaitement au corps sans provoquer d'inconfort. Il comprend \u00e9galement un cordon de serrage pour ajuster l'ajustement au go\u00fbt du joueur. 100% personnalis\u00e9 avec la technique de sublimation. Cela garantit une r\u00e9sistance des couleurs et une durabilit\u00e9 in\u00e9gal\u00e9es. Les encres utilis\u00e9es pour la sublimation sont \u00e9cologiques, elles sont conformes \u00e0 la norme OEKO-TEX\u00ae ECO PASSPORT qui certifie qu'elles sont respectueuses de l'environnement et sans danger pour la sant\u00e9.\",\"breadcrumb\":{\"@id\":\"https:\\\/\\\/www.inverseteams.com\\\/fr\\\/produit\\\/short-pro-sb24-s\\\/#breadcrumb\"},\"inLanguage\":\"fr-FR\",\"potentialAction\":[{\"@type\":\"ReadAction\",\"target\":[\"https:\\\/\\\/www.inverseteams.com\\\/fr\\\/produit\\\/short-pro-sb24-s\\\/\"]}]},{\"@type\":\"ImageObject\",\"inLanguage\":\"fr-FR\",\"@id\":\"https:\\\/\\\/www.inverseteams.com\\\/fr\\\/produit\\\/short-pro-sb24-s\\\/#primaryimage\",\"url\":\"https:\\\/\\\/www.inverseteams.com\\\/wp-content\\\/uploads\\\/INVERSE-BASKET-PANTALONPRO-SB24-S-1.jpg\",\"contentUrl\":\"https:\\\/\\\/www.inverseteams.com\\\/wp-content\\\/uploads\\\/INVERSE-BASKET-PANTALONPRO-SB24-S-1.jpg\",\"width\":1500,\"height\":1612},{\"@type\":\"BreadcrumbList\",\"@id\":\"https:\\\/\\\/www.inverseteams.com\\\/fr\\\/produit\\\/short-pro-sb24-s\\\/#breadcrumb\",\"itemListElement\":[{\"@type\":\"ListItem\",\"position\":1,\"name\":\"Portada\",\"item\":\"https:\\\/\\\/www.inverseteams.com\\\/fr\\\/pagina-principal\\\/\"},{\"@type\":\"ListItem\",\"position\":2,\"name\":\"Panier\",\"item\":\"https:\\\/\\\/www.inverseteams.com\\\/fr\\\/panier\\\/\"},{\"@type\":\"ListItem\",\"position\":3,\"name\":\"Short PRO SB24-S\"}]},{\"@type\":\"WebSite\",\"@id\":\"https:\\\/\\\/www.inverseteams.com\\\/fr\\\/#website\",\"url\":\"https:\\\/\\\/www.inverseteams.com\\\/fr\\\/\",\"name\":\"Inverseteams\",\"description\":\"Tu marca de ropa deportiva personalizada\",\"publisher\":{\"@id\":\"https:\\\/\\\/www.inverseteams.com\\\/fr\\\/#organization\"},\"potentialAction\":[{\"@type\":\"SearchAction\",\"target\":{\"@type\":\"EntryPoint\",\"urlTemplate\":\"https:\\\/\\\/www.inverseteams.com\\\/fr\\\/?s={search_term_string}\"},\"query-input\":{\"@type\":\"PropertyValueSpecification\",\"valueRequired\":true,\"valueName\":\"search_term_string\"}}],\"inLanguage\":\"fr-FR\"},{\"@type\":\"Organization\",\"@id\":\"https:\\\/\\\/www.inverseteams.com\\\/fr\\\/#organization\",\"name\":\"Inverse Teams\",\"url\":\"https:\\\/\\\/www.inverseteams.com\\\/fr\\\/\",\"logo\":{\"@type\":\"ImageObject\",\"inLanguage\":\"fr-FR\",\"@id\":\"https:\\\/\\\/www.inverseteams.com\\\/fr\\\/#\\\/schema\\\/logo\\\/image\\\/\",\"url\":\"https:\\\/\\\/www.inverseteams.com\\\/wp-content\\\/uploads\\\/2021\\\/03\\\/logo-inverse-teams.png\",\"contentUrl\":\"https:\\\/\\\/www.inverseteams.com\\\/wp-content\\\/uploads\\\/2021\\\/03\\\/logo-inverse-teams.png\",\"width\":294,\"height\":99,\"caption\":\"Inverse Teams\"},\"image\":{\"@id\":\"https:\\\/\\\/www.inverseteams.com\\\/fr\\\/#\\\/schema\\\/logo\\\/image\\\/\"},\"sameAs\":[\"https:\\\/\\\/www.facebook.com\\\/inverseteams\",\"http:\\\/\\\/instagram.com\\\/inverseteams\",\"https:\\\/\\\/www.linkedin.com\\\/company\\\/inverse-cirosport-s-l-?trk=job_view_topcard_company_name\",\"http:\\\/\\\/www.pinterest.com\\\/inverseteams\\\/\",\"http:\\\/\\\/www.youtube.com\\\/user\\\/inverseteams?feature=watch\"]}]}<\/script>\n<!-- \/ Yoast SEO plugin. -->","yoast_head_json":{"title":"Short PRO SB24-S | Inverseteams","description":"Fabriqu\u00e9 avec un tissu multifilament r\u00e9sistant, au toucher doux et tr\u00e8s agr\u00e9able. Le tissu est trait\u00e9 avec la finition COOLCOMFORT, qui assure une expulsion facile de la transpiration vers l'ext\u00e9rieur, gardant la peau s\u00e8che et fra\u00eeche et garantissant un grand confort tout au long du match. La coupe de ce short est sp\u00e9cialement con\u00e7ue pour offrir une excellente libert\u00e9 de mouvement. Il poss\u00e8de une ouverture sur les c\u00f4t\u00e9s pour que vous puissiez bouger votre jambe sans ressentir aucune r\u00e9sistance. La taille est r\u00e9alis\u00e9e avec une bande \u00e9lastique qui s'adaptera parfaitement au corps sans provoquer d'inconfort. Il comprend \u00e9galement un cordon de serrage pour ajuster l'ajustement au go\u00fbt du joueur. 100% personnalis\u00e9 avec la technique de sublimation. Cela garantit une r\u00e9sistance des couleurs et une durabilit\u00e9 in\u00e9gal\u00e9es. Les encres utilis\u00e9es pour la sublimation sont \u00e9cologiques, elles sont conformes \u00e0 la norme OEKO-TEX\u00ae ECO PASSPORT qui certifie qu'elles sont respectueuses de l'environnement et sans danger pour la sant\u00e9.","robots":{"index":"index","follow":"follow","max-snippet":"max-snippet:-1","max-image-preview":"max-image-preview:large","max-video-preview":"max-video-preview:-1"},"canonical":"https:\/\/www.inverseteams.com\/fr\/produit\/short-pro-sb24-s\/","og_locale":"fr_FR","og_type":"article","og_title":"Short PRO SB24-S | Inverseteams","og_description":"Fabriqu\u00e9 avec un tissu multifilament r\u00e9sistant, au toucher doux et tr\u00e8s agr\u00e9able. Le tissu est trait\u00e9 avec la finition COOLCOMFORT, qui assure une expulsion facile de la transpiration vers l'ext\u00e9rieur, gardant la peau s\u00e8che et fra\u00eeche et garantissant un grand confort tout au long du match. La coupe de ce short est sp\u00e9cialement con\u00e7ue pour offrir une excellente libert\u00e9 de mouvement. Il poss\u00e8de une ouverture sur les c\u00f4t\u00e9s pour que vous puissiez bouger votre jambe sans ressentir aucune r\u00e9sistance. La taille est r\u00e9alis\u00e9e avec une bande \u00e9lastique qui s'adaptera parfaitement au corps sans provoquer d'inconfort. Il comprend \u00e9galement un cordon de serrage pour ajuster l'ajustement au go\u00fbt du joueur. 100% personnalis\u00e9 avec la technique de sublimation. Cela garantit une r\u00e9sistance des couleurs et une durabilit\u00e9 in\u00e9gal\u00e9es. Les encres utilis\u00e9es pour la sublimation sont \u00e9cologiques, elles sont conformes \u00e0 la norme OEKO-TEX\u00ae ECO PASSPORT qui certifie qu'elles sont respectueuses de l'environnement et sans danger pour la sant\u00e9.","og_url":"https:\/\/www.inverseteams.com\/fr\/produit\/short-pro-sb24-s\/","og_site_name":"Inverseteams","article_publisher":"https:\/\/www.facebook.com\/inverseteams","article_modified_time":"2025-11-12T16:31:26+00:00","og_image":[{"width":1500,"height":1612,"url":"https:\/\/www.inverseteams.com\/wp-content\/uploads\/INVERSE-BASKET-PANTALONPRO-SB24-S-1.jpg","type":"image\/jpeg"}],"twitter_card":"summary_large_image","twitter_misc":{"Dur\u00e9e de lecture estim\u00e9e":"1 minute"},"schema":{"@context":"https:\/\/schema.org","@graph":[{"@type":"WebPage","@id":"https:\/\/www.inverseteams.com\/fr\/produit\/short-pro-sb24-s\/","url":"https:\/\/www.inverseteams.com\/fr\/produit\/short-pro-sb24-s\/","name":"Short PRO SB24-S | Inverseteams","isPartOf":{"@id":"https:\/\/www.inverseteams.com\/fr\/#website"},"primaryImageOfPage":{"@id":"https:\/\/www.inverseteams.com\/fr\/produit\/short-pro-sb24-s\/#primaryimage"},"image":{"@id":"https:\/\/www.inverseteams.com\/fr\/produit\/short-pro-sb24-s\/#primaryimage"},"thumbnailUrl":"https:\/\/www.inverseteams.com\/wp-content\/uploads\/INVERSE-BASKET-PANTALONPRO-SB24-S-1.jpg","datePublished":"2025-11-12T13:27:24+00:00","dateModified":"2025-11-12T16:31:26+00:00","description":"Fabriqu\u00e9 avec un tissu multifilament r\u00e9sistant, au toucher doux et tr\u00e8s agr\u00e9able. Le tissu est trait\u00e9 avec la finition COOLCOMFORT, qui assure une expulsion facile de la transpiration vers l'ext\u00e9rieur, gardant la peau s\u00e8che et fra\u00eeche et garantissant un grand confort tout au long du match. La coupe de ce short est sp\u00e9cialement con\u00e7ue pour offrir une excellente libert\u00e9 de mouvement. Il poss\u00e8de une ouverture sur les c\u00f4t\u00e9s pour que vous puissiez bouger votre jambe sans ressentir aucune r\u00e9sistance. La taille est r\u00e9alis\u00e9e avec une bande \u00e9lastique qui s'adaptera parfaitement au corps sans provoquer d'inconfort. Il comprend \u00e9galement un cordon de serrage pour ajuster l'ajustement au go\u00fbt du joueur. 100% personnalis\u00e9 avec la technique de sublimation. Cela garantit une r\u00e9sistance des couleurs et une durabilit\u00e9 in\u00e9gal\u00e9es. Les encres utilis\u00e9es pour la sublimation sont \u00e9cologiques, elles sont conformes \u00e0 la norme OEKO-TEX\u00ae ECO PASSPORT qui certifie qu'elles sont respectueuses de l'environnement et sans danger pour la sant\u00e9.","breadcrumb":{"@id":"https:\/\/www.inverseteams.com\/fr\/produit\/short-pro-sb24-s\/#breadcrumb"},"inLanguage":"fr-FR","potentialAction":[{"@type":"ReadAction","target":["https:\/\/www.inverseteams.com\/fr\/produit\/short-pro-sb24-s\/"]}]},{"@type":"ImageObject","inLanguage":"fr-FR","@id":"https:\/\/www.inverseteams.com\/fr\/produit\/short-pro-sb24-s\/#primaryimage","url":"https:\/\/www.inverseteams.com\/wp-content\/uploads\/INVERSE-BASKET-PANTALONPRO-SB24-S-1.jpg","contentUrl":"https:\/\/www.inverseteams.com\/wp-content\/uploads\/INVERSE-BASKET-PANTALONPRO-SB24-S-1.jpg","width":1500,"height":1612},{"@type":"BreadcrumbList","@id":"https:\/\/www.inverseteams.com\/fr\/produit\/short-pro-sb24-s\/#breadcrumb","itemListElement":[{"@type":"ListItem","position":1,"name":"Portada","item":"https:\/\/www.inverseteams.com\/fr\/pagina-principal\/"},{"@type":"ListItem","position":2,"name":"Panier","item":"https:\/\/www.inverseteams.com\/fr\/panier\/"},{"@type":"ListItem","position":3,"name":"Short PRO SB24-S"}]},{"@type":"WebSite","@id":"https:\/\/www.inverseteams.com\/fr\/#website","url":"https:\/\/www.inverseteams.com\/fr\/","name":"Inverseteams","description":"Tu marca de ropa deportiva personalizada","publisher":{"@id":"https:\/\/www.inverseteams.com\/fr\/#organization"},"potentialAction":[{"@type":"SearchAction","target":{"@type":"EntryPoint","urlTemplate":"https:\/\/www.inverseteams.com\/fr\/?s={search_term_string}"},"query-input":{"@type":"PropertyValueSpecification","valueRequired":true,"valueName":"search_term_string"}}],"inLanguage":"fr-FR"},{"@type":"Organization","@id":"https:\/\/www.inverseteams.com\/fr\/#organization","name":"Inverse Teams","url":"https:\/\/www.inverseteams.com\/fr\/","logo":{"@type":"ImageObject","inLanguage":"fr-FR","@id":"https:\/\/www.inverseteams.com\/fr\/#\/schema\/logo\/image\/","url":"https:\/\/www.inverseteams.com\/wp-content\/uploads\/2021\/03\/logo-inverse-teams.png","contentUrl":"https:\/\/www.inverseteams.com\/wp-content\/uploads\/2021\/03\/logo-inverse-teams.png","width":294,"height":99,"caption":"Inverse Teams"},"image":{"@id":"https:\/\/www.inverseteams.com\/fr\/#\/schema\/logo\/image\/"},"sameAs":["https:\/\/www.facebook.com\/inverseteams","http:\/\/instagram.com\/inverseteams","https:\/\/www.linkedin.com\/company\/inverse-cirosport-s-l-?trk=job_view_topcard_company_name","http:\/\/www.pinterest.com\/inverseteams\/","http:\/\/www.youtube.com\/user\/inverseteams?feature=watch"]}]}},"_links":{"self":[{"href":"https:\/\/www.inverseteams.com\/fr\/wp-json\/wp\/v2\/product\/275282","targetHints":{"allow":["GET"]}}],"collection":[{"href":"https:\/\/www.inverseteams.com\/fr\/wp-json\/wp\/v2\/product"}],"about":[{"href":"https:\/\/www.inverseteams.com\/fr\/wp-json\/wp\/v2\/types\/product"}],"replies":[{"embeddable":true,"href":"https:\/\/www.inverseteams.com\/fr\/wp-json\/wp\/v2\/comments?post=275282"}],"wp:featuredmedia":[{"embeddable":true,"href":"https:\/\/www.inverseteams.com\/fr\/wp-json\/wp\/v2\/media\/275214"}],"wp:attachment":[{"href":"https:\/\/www.inverseteams.com\/fr\/wp-json\/wp\/v2\/media?parent=275282"}],"wp:term":[{"taxonomy":"product_brand","embeddable":true,"href":"https:\/\/www.inverseteams.com\/fr\/wp-json\/wp\/v2\/product_brand?post=275282"},{"taxonomy":"product_cat","embeddable":true,"href":"https:\/\/www.inverseteams.com\/fr\/wp-json\/wp\/v2\/product_cat?post=275282"},{"taxonomy":"product_tag","embeddable":true,"href":"https:\/\/www.inverseteams.com\/fr\/wp-json\/wp\/v2\/product_tag?post=275282"},{"taxonomy":"custom_category","embeddable":true,"href":"https:\/\/www.inverseteams.com\/fr\/wp-json\/wp\/v2\/custom_category?post=275282"},{"taxonomy":"range","embeddable":true,"href":"https:\/\/www.inverseteams.com\/fr\/wp-json\/wp\/v2\/range?post=275282"}],"curies":[{"name":"wp","href":"https:\/\/api.w.org\/{rel}","templated":true}]}}