{"id":271402,"date":"2025-10-17T08:29:29","date_gmt":"2025-10-17T08:29:29","guid":{"rendered":"https:\/\/www.inverseteams.com\/product\/sous-casque-pure-ima\/"},"modified":"2026-02-20T11:55:13","modified_gmt":"2026-02-20T10:55:13","slug":"sous-casque-pure-ima","status":"publish","type":"product","link":"https:\/\/www.inverseteams.com\/fr\/produit\/sous-casque-pure-ima\/","title":{"rendered":"Sous-casque PURE IMA"},"content":{"rendered":"<p>Le sous-casque est un accessoire l\u00e9ger et ajustable con\u00e7u pour prot\u00e9ger la t\u00eate et les oreilles des basses temp\u00e9ratures.<br \/>\nConfectionn\u00e9e en tissu SUPERROUBAIX, elle offre une chaleur optimale, une grande \u00e9lasticit\u00e9 et une excellente respirabilit\u00e9. Sa finition \u00e9lastique assure une adaptabilit\u00e9 parfaite pour un ajustement confortable et s\u00fbr.<br \/>\nLe sous-casque s&rsquo;adapte parfaitement \u00e0 la t\u00eate gr\u00e2ce \u00e0 son tissu l\u00e9ger.<\/p>\n","protected":false},"excerpt":{"rendered":"<p>Le sous-casque est un accessoire l\u00e9ger et ajustable con\u00e7u pour prot\u00e9ger la t\u00eate et les oreilles des basses temp\u00e9ratures.<br \/>\nConfectionn\u00e9e en tissu SUPERROUBAIX, elle offre une chaleur optimale, une grande \u00e9lasticit\u00e9 et une excellente respirabilit\u00e9. Sa finition \u00e9lastique assure une adaptabilit\u00e9 parfaite pour un ajustement confortable et s\u00fbr.<br \/>\nLe sous-casque s&rsquo;adapte parfaitement \u00e0 la t\u00eate gr\u00e2ce \u00e0 son tissu l\u00e9ger.<\/p>\n","protected":false},"featured_media":270509,"comment_status":"closed","ping_status":"closed","template":"","meta":{"_acf_changed":false},"product_brand":[],"product_cat":[3230,3298,7177],"product_tag":[],"custom_category":[],"range":[],"class_list":{"0":"post-271402","1":"product","2":"type-product","3":"status-publish","4":"has-post-thumbnail","6":"product_cat-cyclisme-fr","7":"product_cat-accessoires-fr","8":"product_cat-b2b-fr","9":"pa_climatologia-froid","10":"pa_deporte-cyclisme","11":"pa_genero-homme","12":"pa_genero-femme","13":"pa_genero-infantile-fr","14":"pa_talla-unique","15":"pa_tipo-de-prenda-sous-casque","17":"first","18":"instock","19":"taxable","20":"shipping-taxable","21":"purchasable","22":"product-type-simple"},"acf":[],"yoast_head":"<!-- This site is optimized with the Yoast SEO plugin v27.3 - https:\/\/yoast.com\/product\/yoast-seo-wordpress\/ -->\n<title>Sous-casque PURE IMA<\/title>\n<meta name=\"description\" content=\"Le sous-casque est un accessoire l\u00e9ger et ajustable con\u00e7u pour prot\u00e9ger la t\u00eate et les oreilles des basses temp\u00e9ratures. Confectionn\u00e9e en tissu SUPERROUBAIX, elle offre une chaleur optimale, une grande \u00e9lasticit\u00e9 et une excellente respirabilit\u00e9. Sa finition \u00e9lastique assure une adaptabilit\u00e9 parfaite pour un ajustement confortable et s\u00fbr. Le sous-casque s&#039;adapte parfaitement \u00e0 la t\u00eate gr\u00e2ce \u00e0 son tissu l\u00e9ger.\" \/>\n<meta name=\"robots\" content=\"index, follow, max-snippet:-1, max-image-preview:large, max-video-preview:-1\" \/>\n<link rel=\"canonical\" href=\"https:\/\/www.inverseteams.com\/fr\/produit\/sous-casque-pure-ima\/\" \/>\n<meta property=\"og:locale\" content=\"fr_FR\" \/>\n<meta property=\"og:type\" content=\"article\" \/>\n<meta property=\"og:title\" content=\"Sous-casque PURE IMA\" \/>\n<meta property=\"og:description\" content=\"Le sous-casque est un accessoire l\u00e9ger et ajustable con\u00e7u pour prot\u00e9ger la t\u00eate et les oreilles des basses temp\u00e9ratures. Confectionn\u00e9e en tissu SUPERROUBAIX, elle offre une chaleur optimale, une grande \u00e9lasticit\u00e9 et une excellente respirabilit\u00e9. Sa finition \u00e9lastique assure une adaptabilit\u00e9 parfaite pour un ajustement confortable et s\u00fbr. Le sous-casque s&#039;adapte parfaitement \u00e0 la t\u00eate gr\u00e2ce \u00e0 son tissu l\u00e9ger.\" \/>\n<meta property=\"og:url\" content=\"https:\/\/www.inverseteams.com\/fr\/produit\/sous-casque-pure-ima\/\" \/>\n<meta property=\"og:site_name\" content=\"Inverseteams\" \/>\n<meta property=\"article:publisher\" content=\"https:\/\/www.facebook.com\/inverseteams\" \/>\n<meta property=\"article:modified_time\" content=\"2026-02-20T10:55:13+00:00\" \/>\n<meta property=\"og:image\" content=\"https:\/\/www.inverseteams.com\/wp-content\/uploads\/INVERSE-SOTOCASCO-PURE-IMA-BLACK-001.jpg\" \/>\n\t<meta property=\"og:image:width\" content=\"1500\" \/>\n\t<meta property=\"og:image:height\" content=\"1612\" \/>\n\t<meta property=\"og:image:type\" content=\"image\/jpeg\" \/>\n<meta name=\"twitter:card\" content=\"summary_large_image\" \/>\n<meta name=\"twitter:label1\" content=\"Dur\u00e9e de lecture estim\u00e9e\" \/>\n\t<meta name=\"twitter:data1\" content=\"1 minute\" \/>\n<script type=\"application\/ld+json\" class=\"yoast-schema-graph\">{\"@context\":\"https:\\\/\\\/schema.org\",\"@graph\":[{\"@type\":\"WebPage\",\"@id\":\"https:\\\/\\\/www.inverseteams.com\\\/fr\\\/produit\\\/sous-casque-pure-ima\\\/\",\"url\":\"https:\\\/\\\/www.inverseteams.com\\\/fr\\\/produit\\\/sous-casque-pure-ima\\\/\",\"name\":\"Sous-casque PURE IMA\",\"isPartOf\":{\"@id\":\"https:\\\/\\\/www.inverseteams.com\\\/fr\\\/#website\"},\"primaryImageOfPage\":{\"@id\":\"https:\\\/\\\/www.inverseteams.com\\\/fr\\\/produit\\\/sous-casque-pure-ima\\\/#primaryimage\"},\"image\":{\"@id\":\"https:\\\/\\\/www.inverseteams.com\\\/fr\\\/produit\\\/sous-casque-pure-ima\\\/#primaryimage\"},\"thumbnailUrl\":\"https:\\\/\\\/www.inverseteams.com\\\/wp-content\\\/uploads\\\/INVERSE-SOTOCASCO-PURE-IMA-BLACK-001.jpg\",\"datePublished\":\"2025-10-17T08:29:29+00:00\",\"dateModified\":\"2026-02-20T10:55:13+00:00\",\"description\":\"Le sous-casque est un accessoire l\u00e9ger et ajustable con\u00e7u pour prot\u00e9ger la t\u00eate et les oreilles des basses temp\u00e9ratures. Confectionn\u00e9e en tissu SUPERROUBAIX, elle offre une chaleur optimale, une grande \u00e9lasticit\u00e9 et une excellente respirabilit\u00e9. Sa finition \u00e9lastique assure une adaptabilit\u00e9 parfaite pour un ajustement confortable et s\u00fbr. Le sous-casque s'adapte parfaitement \u00e0 la t\u00eate gr\u00e2ce \u00e0 son tissu l\u00e9ger.\",\"breadcrumb\":{\"@id\":\"https:\\\/\\\/www.inverseteams.com\\\/fr\\\/produit\\\/sous-casque-pure-ima\\\/#breadcrumb\"},\"inLanguage\":\"fr-FR\",\"potentialAction\":[{\"@type\":\"ReadAction\",\"target\":[\"https:\\\/\\\/www.inverseteams.com\\\/fr\\\/produit\\\/sous-casque-pure-ima\\\/\"]}]},{\"@type\":\"ImageObject\",\"inLanguage\":\"fr-FR\",\"@id\":\"https:\\\/\\\/www.inverseteams.com\\\/fr\\\/produit\\\/sous-casque-pure-ima\\\/#primaryimage\",\"url\":\"https:\\\/\\\/www.inverseteams.com\\\/wp-content\\\/uploads\\\/INVERSE-SOTOCASCO-PURE-IMA-BLACK-001.jpg\",\"contentUrl\":\"https:\\\/\\\/www.inverseteams.com\\\/wp-content\\\/uploads\\\/INVERSE-SOTOCASCO-PURE-IMA-BLACK-001.jpg\",\"width\":1500,\"height\":1612},{\"@type\":\"BreadcrumbList\",\"@id\":\"https:\\\/\\\/www.inverseteams.com\\\/fr\\\/produit\\\/sous-casque-pure-ima\\\/#breadcrumb\",\"itemListElement\":[{\"@type\":\"ListItem\",\"position\":1,\"name\":\"Portada\",\"item\":\"https:\\\/\\\/www.inverseteams.com\\\/fr\\\/pagina-principal\\\/\"},{\"@type\":\"ListItem\",\"position\":2,\"name\":\"Panier\",\"item\":\"https:\\\/\\\/www.inverseteams.com\\\/fr\\\/panier\\\/\"},{\"@type\":\"ListItem\",\"position\":3,\"name\":\"Sous-casque PURE IMA\"}]},{\"@type\":\"WebSite\",\"@id\":\"https:\\\/\\\/www.inverseteams.com\\\/fr\\\/#website\",\"url\":\"https:\\\/\\\/www.inverseteams.com\\\/fr\\\/\",\"name\":\"Inverseteams\",\"description\":\"Tu marca de ropa deportiva personalizada\",\"publisher\":{\"@id\":\"https:\\\/\\\/www.inverseteams.com\\\/fr\\\/#organization\"},\"potentialAction\":[{\"@type\":\"SearchAction\",\"target\":{\"@type\":\"EntryPoint\",\"urlTemplate\":\"https:\\\/\\\/www.inverseteams.com\\\/fr\\\/?s={search_term_string}\"},\"query-input\":{\"@type\":\"PropertyValueSpecification\",\"valueRequired\":true,\"valueName\":\"search_term_string\"}}],\"inLanguage\":\"fr-FR\"},{\"@type\":\"Organization\",\"@id\":\"https:\\\/\\\/www.inverseteams.com\\\/fr\\\/#organization\",\"name\":\"Inverse Teams\",\"url\":\"https:\\\/\\\/www.inverseteams.com\\\/fr\\\/\",\"logo\":{\"@type\":\"ImageObject\",\"inLanguage\":\"fr-FR\",\"@id\":\"https:\\\/\\\/www.inverseteams.com\\\/fr\\\/#\\\/schema\\\/logo\\\/image\\\/\",\"url\":\"https:\\\/\\\/www.inverseteams.com\\\/wp-content\\\/uploads\\\/2021\\\/03\\\/logo-inverse-teams.png\",\"contentUrl\":\"https:\\\/\\\/www.inverseteams.com\\\/wp-content\\\/uploads\\\/2021\\\/03\\\/logo-inverse-teams.png\",\"width\":294,\"height\":99,\"caption\":\"Inverse Teams\"},\"image\":{\"@id\":\"https:\\\/\\\/www.inverseteams.com\\\/fr\\\/#\\\/schema\\\/logo\\\/image\\\/\"},\"sameAs\":[\"https:\\\/\\\/www.facebook.com\\\/inverseteams\",\"http:\\\/\\\/instagram.com\\\/inverseteams\",\"https:\\\/\\\/www.linkedin.com\\\/company\\\/inverse-cirosport-s-l-?trk=job_view_topcard_company_name\",\"http:\\\/\\\/www.pinterest.com\\\/inverseteams\\\/\",\"http:\\\/\\\/www.youtube.com\\\/user\\\/inverseteams?feature=watch\"]}]}<\/script>\n<!-- \/ Yoast SEO plugin. -->","yoast_head_json":{"title":"Sous-casque PURE IMA","description":"Le sous-casque est un accessoire l\u00e9ger et ajustable con\u00e7u pour prot\u00e9ger la t\u00eate et les oreilles des basses temp\u00e9ratures. Confectionn\u00e9e en tissu SUPERROUBAIX, elle offre une chaleur optimale, une grande \u00e9lasticit\u00e9 et une excellente respirabilit\u00e9. Sa finition \u00e9lastique assure une adaptabilit\u00e9 parfaite pour un ajustement confortable et s\u00fbr. Le sous-casque s'adapte parfaitement \u00e0 la t\u00eate gr\u00e2ce \u00e0 son tissu l\u00e9ger.","robots":{"index":"index","follow":"follow","max-snippet":"max-snippet:-1","max-image-preview":"max-image-preview:large","max-video-preview":"max-video-preview:-1"},"canonical":"https:\/\/www.inverseteams.com\/fr\/produit\/sous-casque-pure-ima\/","og_locale":"fr_FR","og_type":"article","og_title":"Sous-casque PURE IMA","og_description":"Le sous-casque est un accessoire l\u00e9ger et ajustable con\u00e7u pour prot\u00e9ger la t\u00eate et les oreilles des basses temp\u00e9ratures. Confectionn\u00e9e en tissu SUPERROUBAIX, elle offre une chaleur optimale, une grande \u00e9lasticit\u00e9 et une excellente respirabilit\u00e9. Sa finition \u00e9lastique assure une adaptabilit\u00e9 parfaite pour un ajustement confortable et s\u00fbr. Le sous-casque s'adapte parfaitement \u00e0 la t\u00eate gr\u00e2ce \u00e0 son tissu l\u00e9ger.","og_url":"https:\/\/www.inverseteams.com\/fr\/produit\/sous-casque-pure-ima\/","og_site_name":"Inverseteams","article_publisher":"https:\/\/www.facebook.com\/inverseteams","article_modified_time":"2026-02-20T10:55:13+00:00","og_image":[{"width":1500,"height":1612,"url":"https:\/\/www.inverseteams.com\/wp-content\/uploads\/INVERSE-SOTOCASCO-PURE-IMA-BLACK-001.jpg","type":"image\/jpeg"}],"twitter_card":"summary_large_image","twitter_misc":{"Dur\u00e9e de lecture estim\u00e9e":"1 minute"},"schema":{"@context":"https:\/\/schema.org","@graph":[{"@type":"WebPage","@id":"https:\/\/www.inverseteams.com\/fr\/produit\/sous-casque-pure-ima\/","url":"https:\/\/www.inverseteams.com\/fr\/produit\/sous-casque-pure-ima\/","name":"Sous-casque PURE IMA","isPartOf":{"@id":"https:\/\/www.inverseteams.com\/fr\/#website"},"primaryImageOfPage":{"@id":"https:\/\/www.inverseteams.com\/fr\/produit\/sous-casque-pure-ima\/#primaryimage"},"image":{"@id":"https:\/\/www.inverseteams.com\/fr\/produit\/sous-casque-pure-ima\/#primaryimage"},"thumbnailUrl":"https:\/\/www.inverseteams.com\/wp-content\/uploads\/INVERSE-SOTOCASCO-PURE-IMA-BLACK-001.jpg","datePublished":"2025-10-17T08:29:29+00:00","dateModified":"2026-02-20T10:55:13+00:00","description":"Le sous-casque est un accessoire l\u00e9ger et ajustable con\u00e7u pour prot\u00e9ger la t\u00eate et les oreilles des basses temp\u00e9ratures. Confectionn\u00e9e en tissu SUPERROUBAIX, elle offre une chaleur optimale, une grande \u00e9lasticit\u00e9 et une excellente respirabilit\u00e9. Sa finition \u00e9lastique assure une adaptabilit\u00e9 parfaite pour un ajustement confortable et s\u00fbr. Le sous-casque s'adapte parfaitement \u00e0 la t\u00eate gr\u00e2ce \u00e0 son tissu l\u00e9ger.","breadcrumb":{"@id":"https:\/\/www.inverseteams.com\/fr\/produit\/sous-casque-pure-ima\/#breadcrumb"},"inLanguage":"fr-FR","potentialAction":[{"@type":"ReadAction","target":["https:\/\/www.inverseteams.com\/fr\/produit\/sous-casque-pure-ima\/"]}]},{"@type":"ImageObject","inLanguage":"fr-FR","@id":"https:\/\/www.inverseteams.com\/fr\/produit\/sous-casque-pure-ima\/#primaryimage","url":"https:\/\/www.inverseteams.com\/wp-content\/uploads\/INVERSE-SOTOCASCO-PURE-IMA-BLACK-001.jpg","contentUrl":"https:\/\/www.inverseteams.com\/wp-content\/uploads\/INVERSE-SOTOCASCO-PURE-IMA-BLACK-001.jpg","width":1500,"height":1612},{"@type":"BreadcrumbList","@id":"https:\/\/www.inverseteams.com\/fr\/produit\/sous-casque-pure-ima\/#breadcrumb","itemListElement":[{"@type":"ListItem","position":1,"name":"Portada","item":"https:\/\/www.inverseteams.com\/fr\/pagina-principal\/"},{"@type":"ListItem","position":2,"name":"Panier","item":"https:\/\/www.inverseteams.com\/fr\/panier\/"},{"@type":"ListItem","position":3,"name":"Sous-casque PURE IMA"}]},{"@type":"WebSite","@id":"https:\/\/www.inverseteams.com\/fr\/#website","url":"https:\/\/www.inverseteams.com\/fr\/","name":"Inverseteams","description":"Tu marca de ropa deportiva personalizada","publisher":{"@id":"https:\/\/www.inverseteams.com\/fr\/#organization"},"potentialAction":[{"@type":"SearchAction","target":{"@type":"EntryPoint","urlTemplate":"https:\/\/www.inverseteams.com\/fr\/?s={search_term_string}"},"query-input":{"@type":"PropertyValueSpecification","valueRequired":true,"valueName":"search_term_string"}}],"inLanguage":"fr-FR"},{"@type":"Organization","@id":"https:\/\/www.inverseteams.com\/fr\/#organization","name":"Inverse Teams","url":"https:\/\/www.inverseteams.com\/fr\/","logo":{"@type":"ImageObject","inLanguage":"fr-FR","@id":"https:\/\/www.inverseteams.com\/fr\/#\/schema\/logo\/image\/","url":"https:\/\/www.inverseteams.com\/wp-content\/uploads\/2021\/03\/logo-inverse-teams.png","contentUrl":"https:\/\/www.inverseteams.com\/wp-content\/uploads\/2021\/03\/logo-inverse-teams.png","width":294,"height":99,"caption":"Inverse Teams"},"image":{"@id":"https:\/\/www.inverseteams.com\/fr\/#\/schema\/logo\/image\/"},"sameAs":["https:\/\/www.facebook.com\/inverseteams","http:\/\/instagram.com\/inverseteams","https:\/\/www.linkedin.com\/company\/inverse-cirosport-s-l-?trk=job_view_topcard_company_name","http:\/\/www.pinterest.com\/inverseteams\/","http:\/\/www.youtube.com\/user\/inverseteams?feature=watch"]}]}},"_links":{"self":[{"href":"https:\/\/www.inverseteams.com\/fr\/wp-json\/wp\/v2\/product\/271402","targetHints":{"allow":["GET"]}}],"collection":[{"href":"https:\/\/www.inverseteams.com\/fr\/wp-json\/wp\/v2\/product"}],"about":[{"href":"https:\/\/www.inverseteams.com\/fr\/wp-json\/wp\/v2\/types\/product"}],"replies":[{"embeddable":true,"href":"https:\/\/www.inverseteams.com\/fr\/wp-json\/wp\/v2\/comments?post=271402"}],"wp:featuredmedia":[{"embeddable":true,"href":"https:\/\/www.inverseteams.com\/fr\/wp-json\/wp\/v2\/media\/270509"}],"wp:attachment":[{"href":"https:\/\/www.inverseteams.com\/fr\/wp-json\/wp\/v2\/media?parent=271402"}],"wp:term":[{"taxonomy":"product_brand","embeddable":true,"href":"https:\/\/www.inverseteams.com\/fr\/wp-json\/wp\/v2\/product_brand?post=271402"},{"taxonomy":"product_cat","embeddable":true,"href":"https:\/\/www.inverseteams.com\/fr\/wp-json\/wp\/v2\/product_cat?post=271402"},{"taxonomy":"product_tag","embeddable":true,"href":"https:\/\/www.inverseteams.com\/fr\/wp-json\/wp\/v2\/product_tag?post=271402"},{"taxonomy":"custom_category","embeddable":true,"href":"https:\/\/www.inverseteams.com\/fr\/wp-json\/wp\/v2\/custom_category?post=271402"},{"taxonomy":"range","embeddable":true,"href":"https:\/\/www.inverseteams.com\/fr\/wp-json\/wp\/v2\/range?post=271402"}],"curies":[{"name":"wp","href":"https:\/\/api.w.org\/{rel}","templated":true}]}}