{"id":269483,"date":"2025-10-03T15:51:45","date_gmt":"2025-10-03T15:51:45","guid":{"rendered":"https:\/\/www.inverseteams.com\/?post_type=product&#038;p=269483"},"modified":"2026-02-20T11:56:13","modified_gmt":"2026-02-20T10:56:13","slug":"chaussettes-essenz-cuba-marine","status":"publish","type":"product","link":"https:\/\/www.inverseteams.com\/fr\/produit\/chaussettes-essenz-cuba-marine\/","title":{"rendered":"Chaussettes ESSENZ CUBA MARINE"},"content":{"rendered":"<p>Fabriqu\u00e9 avec du fil antibact\u00e9rien. Ils garantissent une bonne absorption et une expulsion rapide de la sueur. La structure du fil permet \u00e0 la chaussette de tr\u00e8s bien s&rsquo;adapter et emp\u00eache le pied de glisser \u00e0 l&rsquo;int\u00e9rieur de la chaussure de sport.<br \/>\nCes chaussettes sont mi-mollet (22 cm) et se distinguent par une pointe et un talon renforc\u00e9s pour augmenter la protection et le confort.<\/p>\n","protected":false},"excerpt":{"rendered":"<p>Fabriqu\u00e9 avec du fil antibact\u00e9rien. Ils garantissent une bonne absorption et une expulsion rapide de la sueur. La structure du fil permet \u00e0 la chaussette de tr\u00e8s bien s&rsquo;adapter et emp\u00eache le pied de glisser \u00e0 l&rsquo;int\u00e9rieur de la chaussure de sport.<br \/>\nCes chaussettes sont mi-mollet (22 cm) et se distinguent par une pointe et un talon renforc\u00e9s pour augmenter la protection et le confort.<\/p>\n","protected":false},"featured_media":271273,"comment_status":"closed","ping_status":"closed","template":"","meta":{"_acf_changed":false},"product_brand":[],"product_cat":[3230,3301,3298,7177],"product_tag":[],"custom_category":[],"range":[],"class_list":{"0":"post-269483","1":"product","2":"type-product","3":"status-publish","4":"has-post-thumbnail","6":"product_cat-cyclisme-fr","7":"product_cat-calcetines-fr","8":"product_cat-accessoires-fr","9":"product_cat-b2b-fr","10":"pa_climatologia-chaud","11":"pa_climatologia-temperature-chaude","12":"pa_deporte-casual-fr","13":"pa_deporte-cyclisme","14":"pa_deporte-ocr-fr","15":"pa_deporte-running-fr","16":"pa_deporte-trail-fr","17":"pa_genero-homme","18":"pa_genero-femme","19":"pa_genero-infantile-fr","20":"pa_talla-l-xl-fr","21":"pa_talla-s-m-fr","22":"pa_tipo-de-prenda-chaussette","24":"first","25":"instock","26":"taxable","27":"shipping-taxable","28":"purchasable","29":"product-type-variable","30":"has-default-attributes"},"acf":[],"yoast_head":"<!-- This site is optimized with the Yoast SEO plugin v27.3 - https:\/\/yoast.com\/product\/yoast-seo-wordpress\/ -->\n<title>Chaussettes ESSENZ CUBA MARINE<\/title>\n<meta name=\"description\" content=\"Fabriqu\u00e9 avec du fil antibact\u00e9rien. Ils garantissent une bonne absorption et une expulsion rapide de la sueur. La structure du fil permet \u00e0 la chaussette de tr\u00e8s bien s&#039;adapter et emp\u00eache le pied de glisser \u00e0 l&#039;int\u00e9rieur de la chaussure de sport. Ces chaussettes sont mi-mollet (22 cm) et se distinguent par une pointe et un talon renforc\u00e9s pour augmenter la protection et le confort.\" \/>\n<meta name=\"robots\" content=\"index, follow, max-snippet:-1, max-image-preview:large, max-video-preview:-1\" \/>\n<link rel=\"canonical\" href=\"https:\/\/www.inverseteams.com\/fr\/produit\/chaussettes-essenz-cuba-marine\/\" \/>\n<meta property=\"og:locale\" content=\"fr_FR\" \/>\n<meta property=\"og:type\" content=\"article\" \/>\n<meta property=\"og:title\" content=\"Chaussettes ESSENZ CUBA MARINE\" \/>\n<meta property=\"og:description\" content=\"Fabriqu\u00e9 avec du fil antibact\u00e9rien. Ils garantissent une bonne absorption et une expulsion rapide de la sueur. La structure du fil permet \u00e0 la chaussette de tr\u00e8s bien s&#039;adapter et emp\u00eache le pied de glisser \u00e0 l&#039;int\u00e9rieur de la chaussure de sport. Ces chaussettes sont mi-mollet (22 cm) et se distinguent par une pointe et un talon renforc\u00e9s pour augmenter la protection et le confort.\" \/>\n<meta property=\"og:url\" content=\"https:\/\/www.inverseteams.com\/fr\/produit\/chaussettes-essenz-cuba-marine\/\" \/>\n<meta property=\"og:site_name\" content=\"Inverseteams\" \/>\n<meta property=\"article:publisher\" content=\"https:\/\/www.facebook.com\/inverseteams\" \/>\n<meta property=\"article:modified_time\" content=\"2026-02-20T10:56:13+00:00\" \/>\n<meta property=\"og:image\" content=\"https:\/\/www.inverseteams.com\/wp-content\/uploads\/INVERSE-CALCETINES-ESSENZ-CUBA-MARINE-001.jpg\" \/>\n\t<meta property=\"og:image:width\" content=\"1500\" \/>\n\t<meta property=\"og:image:height\" content=\"1612\" \/>\n\t<meta property=\"og:image:type\" content=\"image\/jpeg\" \/>\n<meta name=\"twitter:card\" content=\"summary_large_image\" \/>\n<meta name=\"twitter:label1\" content=\"Dur\u00e9e de lecture estim\u00e9e\" \/>\n\t<meta name=\"twitter:data1\" content=\"1 minute\" \/>\n<script type=\"application\/ld+json\" class=\"yoast-schema-graph\">{\"@context\":\"https:\\\/\\\/schema.org\",\"@graph\":[{\"@type\":\"WebPage\",\"@id\":\"https:\\\/\\\/www.inverseteams.com\\\/fr\\\/produit\\\/chaussettes-essenz-cuba-marine\\\/\",\"url\":\"https:\\\/\\\/www.inverseteams.com\\\/fr\\\/produit\\\/chaussettes-essenz-cuba-marine\\\/\",\"name\":\"Chaussettes ESSENZ CUBA MARINE\",\"isPartOf\":{\"@id\":\"https:\\\/\\\/www.inverseteams.com\\\/fr\\\/#website\"},\"primaryImageOfPage\":{\"@id\":\"https:\\\/\\\/www.inverseteams.com\\\/fr\\\/produit\\\/chaussettes-essenz-cuba-marine\\\/#primaryimage\"},\"image\":{\"@id\":\"https:\\\/\\\/www.inverseteams.com\\\/fr\\\/produit\\\/chaussettes-essenz-cuba-marine\\\/#primaryimage\"},\"thumbnailUrl\":\"https:\\\/\\\/www.inverseteams.com\\\/wp-content\\\/uploads\\\/INVERSE-CALCETINES-ESSENZ-CUBA-MARINE-001.jpg\",\"datePublished\":\"2025-10-03T15:51:45+00:00\",\"dateModified\":\"2026-02-20T10:56:13+00:00\",\"description\":\"Fabriqu\u00e9 avec du fil antibact\u00e9rien. Ils garantissent une bonne absorption et une expulsion rapide de la sueur. La structure du fil permet \u00e0 la chaussette de tr\u00e8s bien s'adapter et emp\u00eache le pied de glisser \u00e0 l'int\u00e9rieur de la chaussure de sport. Ces chaussettes sont mi-mollet (22 cm) et se distinguent par une pointe et un talon renforc\u00e9s pour augmenter la protection et le confort.\",\"breadcrumb\":{\"@id\":\"https:\\\/\\\/www.inverseteams.com\\\/fr\\\/produit\\\/chaussettes-essenz-cuba-marine\\\/#breadcrumb\"},\"inLanguage\":\"fr-FR\",\"potentialAction\":[{\"@type\":\"ReadAction\",\"target\":[\"https:\\\/\\\/www.inverseteams.com\\\/fr\\\/produit\\\/chaussettes-essenz-cuba-marine\\\/\"]}]},{\"@type\":\"ImageObject\",\"inLanguage\":\"fr-FR\",\"@id\":\"https:\\\/\\\/www.inverseteams.com\\\/fr\\\/produit\\\/chaussettes-essenz-cuba-marine\\\/#primaryimage\",\"url\":\"https:\\\/\\\/www.inverseteams.com\\\/wp-content\\\/uploads\\\/INVERSE-CALCETINES-ESSENZ-CUBA-MARINE-001.jpg\",\"contentUrl\":\"https:\\\/\\\/www.inverseteams.com\\\/wp-content\\\/uploads\\\/INVERSE-CALCETINES-ESSENZ-CUBA-MARINE-001.jpg\",\"width\":1500,\"height\":1612},{\"@type\":\"BreadcrumbList\",\"@id\":\"https:\\\/\\\/www.inverseteams.com\\\/fr\\\/produit\\\/chaussettes-essenz-cuba-marine\\\/#breadcrumb\",\"itemListElement\":[{\"@type\":\"ListItem\",\"position\":1,\"name\":\"Portada\",\"item\":\"https:\\\/\\\/www.inverseteams.com\\\/fr\\\/pagina-principal\\\/\"},{\"@type\":\"ListItem\",\"position\":2,\"name\":\"Panier\",\"item\":\"https:\\\/\\\/www.inverseteams.com\\\/fr\\\/panier\\\/\"},{\"@type\":\"ListItem\",\"position\":3,\"name\":\"Chaussettes ESSENZ CUBA MARINE\"}]},{\"@type\":\"WebSite\",\"@id\":\"https:\\\/\\\/www.inverseteams.com\\\/fr\\\/#website\",\"url\":\"https:\\\/\\\/www.inverseteams.com\\\/fr\\\/\",\"name\":\"Inverseteams\",\"description\":\"Tu marca de ropa deportiva personalizada\",\"publisher\":{\"@id\":\"https:\\\/\\\/www.inverseteams.com\\\/fr\\\/#organization\"},\"potentialAction\":[{\"@type\":\"SearchAction\",\"target\":{\"@type\":\"EntryPoint\",\"urlTemplate\":\"https:\\\/\\\/www.inverseteams.com\\\/fr\\\/?s={search_term_string}\"},\"query-input\":{\"@type\":\"PropertyValueSpecification\",\"valueRequired\":true,\"valueName\":\"search_term_string\"}}],\"inLanguage\":\"fr-FR\"},{\"@type\":\"Organization\",\"@id\":\"https:\\\/\\\/www.inverseteams.com\\\/fr\\\/#organization\",\"name\":\"Inverse Teams\",\"url\":\"https:\\\/\\\/www.inverseteams.com\\\/fr\\\/\",\"logo\":{\"@type\":\"ImageObject\",\"inLanguage\":\"fr-FR\",\"@id\":\"https:\\\/\\\/www.inverseteams.com\\\/fr\\\/#\\\/schema\\\/logo\\\/image\\\/\",\"url\":\"https:\\\/\\\/www.inverseteams.com\\\/wp-content\\\/uploads\\\/2021\\\/03\\\/logo-inverse-teams.png\",\"contentUrl\":\"https:\\\/\\\/www.inverseteams.com\\\/wp-content\\\/uploads\\\/2021\\\/03\\\/logo-inverse-teams.png\",\"width\":294,\"height\":99,\"caption\":\"Inverse Teams\"},\"image\":{\"@id\":\"https:\\\/\\\/www.inverseteams.com\\\/fr\\\/#\\\/schema\\\/logo\\\/image\\\/\"},\"sameAs\":[\"https:\\\/\\\/www.facebook.com\\\/inverseteams\",\"http:\\\/\\\/instagram.com\\\/inverseteams\",\"https:\\\/\\\/www.linkedin.com\\\/company\\\/inverse-cirosport-s-l-?trk=job_view_topcard_company_name\",\"http:\\\/\\\/www.pinterest.com\\\/inverseteams\\\/\",\"http:\\\/\\\/www.youtube.com\\\/user\\\/inverseteams?feature=watch\"]}]}<\/script>\n<!-- \/ Yoast SEO plugin. -->","yoast_head_json":{"title":"Chaussettes ESSENZ CUBA MARINE","description":"Fabriqu\u00e9 avec du fil antibact\u00e9rien. Ils garantissent une bonne absorption et une expulsion rapide de la sueur. La structure du fil permet \u00e0 la chaussette de tr\u00e8s bien s'adapter et emp\u00eache le pied de glisser \u00e0 l'int\u00e9rieur de la chaussure de sport. Ces chaussettes sont mi-mollet (22 cm) et se distinguent par une pointe et un talon renforc\u00e9s pour augmenter la protection et le confort.","robots":{"index":"index","follow":"follow","max-snippet":"max-snippet:-1","max-image-preview":"max-image-preview:large","max-video-preview":"max-video-preview:-1"},"canonical":"https:\/\/www.inverseteams.com\/fr\/produit\/chaussettes-essenz-cuba-marine\/","og_locale":"fr_FR","og_type":"article","og_title":"Chaussettes ESSENZ CUBA MARINE","og_description":"Fabriqu\u00e9 avec du fil antibact\u00e9rien. Ils garantissent une bonne absorption et une expulsion rapide de la sueur. La structure du fil permet \u00e0 la chaussette de tr\u00e8s bien s'adapter et emp\u00eache le pied de glisser \u00e0 l'int\u00e9rieur de la chaussure de sport. Ces chaussettes sont mi-mollet (22 cm) et se distinguent par une pointe et un talon renforc\u00e9s pour augmenter la protection et le confort.","og_url":"https:\/\/www.inverseteams.com\/fr\/produit\/chaussettes-essenz-cuba-marine\/","og_site_name":"Inverseteams","article_publisher":"https:\/\/www.facebook.com\/inverseteams","article_modified_time":"2026-02-20T10:56:13+00:00","og_image":[{"width":1500,"height":1612,"url":"https:\/\/www.inverseteams.com\/wp-content\/uploads\/INVERSE-CALCETINES-ESSENZ-CUBA-MARINE-001.jpg","type":"image\/jpeg"}],"twitter_card":"summary_large_image","twitter_misc":{"Dur\u00e9e de lecture estim\u00e9e":"1 minute"},"schema":{"@context":"https:\/\/schema.org","@graph":[{"@type":"WebPage","@id":"https:\/\/www.inverseteams.com\/fr\/produit\/chaussettes-essenz-cuba-marine\/","url":"https:\/\/www.inverseteams.com\/fr\/produit\/chaussettes-essenz-cuba-marine\/","name":"Chaussettes ESSENZ CUBA MARINE","isPartOf":{"@id":"https:\/\/www.inverseteams.com\/fr\/#website"},"primaryImageOfPage":{"@id":"https:\/\/www.inverseteams.com\/fr\/produit\/chaussettes-essenz-cuba-marine\/#primaryimage"},"image":{"@id":"https:\/\/www.inverseteams.com\/fr\/produit\/chaussettes-essenz-cuba-marine\/#primaryimage"},"thumbnailUrl":"https:\/\/www.inverseteams.com\/wp-content\/uploads\/INVERSE-CALCETINES-ESSENZ-CUBA-MARINE-001.jpg","datePublished":"2025-10-03T15:51:45+00:00","dateModified":"2026-02-20T10:56:13+00:00","description":"Fabriqu\u00e9 avec du fil antibact\u00e9rien. Ils garantissent une bonne absorption et une expulsion rapide de la sueur. La structure du fil permet \u00e0 la chaussette de tr\u00e8s bien s'adapter et emp\u00eache le pied de glisser \u00e0 l'int\u00e9rieur de la chaussure de sport. Ces chaussettes sont mi-mollet (22 cm) et se distinguent par une pointe et un talon renforc\u00e9s pour augmenter la protection et le confort.","breadcrumb":{"@id":"https:\/\/www.inverseteams.com\/fr\/produit\/chaussettes-essenz-cuba-marine\/#breadcrumb"},"inLanguage":"fr-FR","potentialAction":[{"@type":"ReadAction","target":["https:\/\/www.inverseteams.com\/fr\/produit\/chaussettes-essenz-cuba-marine\/"]}]},{"@type":"ImageObject","inLanguage":"fr-FR","@id":"https:\/\/www.inverseteams.com\/fr\/produit\/chaussettes-essenz-cuba-marine\/#primaryimage","url":"https:\/\/www.inverseteams.com\/wp-content\/uploads\/INVERSE-CALCETINES-ESSENZ-CUBA-MARINE-001.jpg","contentUrl":"https:\/\/www.inverseteams.com\/wp-content\/uploads\/INVERSE-CALCETINES-ESSENZ-CUBA-MARINE-001.jpg","width":1500,"height":1612},{"@type":"BreadcrumbList","@id":"https:\/\/www.inverseteams.com\/fr\/produit\/chaussettes-essenz-cuba-marine\/#breadcrumb","itemListElement":[{"@type":"ListItem","position":1,"name":"Portada","item":"https:\/\/www.inverseteams.com\/fr\/pagina-principal\/"},{"@type":"ListItem","position":2,"name":"Panier","item":"https:\/\/www.inverseteams.com\/fr\/panier\/"},{"@type":"ListItem","position":3,"name":"Chaussettes ESSENZ CUBA MARINE"}]},{"@type":"WebSite","@id":"https:\/\/www.inverseteams.com\/fr\/#website","url":"https:\/\/www.inverseteams.com\/fr\/","name":"Inverseteams","description":"Tu marca de ropa deportiva personalizada","publisher":{"@id":"https:\/\/www.inverseteams.com\/fr\/#organization"},"potentialAction":[{"@type":"SearchAction","target":{"@type":"EntryPoint","urlTemplate":"https:\/\/www.inverseteams.com\/fr\/?s={search_term_string}"},"query-input":{"@type":"PropertyValueSpecification","valueRequired":true,"valueName":"search_term_string"}}],"inLanguage":"fr-FR"},{"@type":"Organization","@id":"https:\/\/www.inverseteams.com\/fr\/#organization","name":"Inverse Teams","url":"https:\/\/www.inverseteams.com\/fr\/","logo":{"@type":"ImageObject","inLanguage":"fr-FR","@id":"https:\/\/www.inverseteams.com\/fr\/#\/schema\/logo\/image\/","url":"https:\/\/www.inverseteams.com\/wp-content\/uploads\/2021\/03\/logo-inverse-teams.png","contentUrl":"https:\/\/www.inverseteams.com\/wp-content\/uploads\/2021\/03\/logo-inverse-teams.png","width":294,"height":99,"caption":"Inverse Teams"},"image":{"@id":"https:\/\/www.inverseteams.com\/fr\/#\/schema\/logo\/image\/"},"sameAs":["https:\/\/www.facebook.com\/inverseteams","http:\/\/instagram.com\/inverseteams","https:\/\/www.linkedin.com\/company\/inverse-cirosport-s-l-?trk=job_view_topcard_company_name","http:\/\/www.pinterest.com\/inverseteams\/","http:\/\/www.youtube.com\/user\/inverseteams?feature=watch"]}]}},"_links":{"self":[{"href":"https:\/\/www.inverseteams.com\/fr\/wp-json\/wp\/v2\/product\/269483","targetHints":{"allow":["GET"]}}],"collection":[{"href":"https:\/\/www.inverseteams.com\/fr\/wp-json\/wp\/v2\/product"}],"about":[{"href":"https:\/\/www.inverseteams.com\/fr\/wp-json\/wp\/v2\/types\/product"}],"replies":[{"embeddable":true,"href":"https:\/\/www.inverseteams.com\/fr\/wp-json\/wp\/v2\/comments?post=269483"}],"wp:featuredmedia":[{"embeddable":true,"href":"https:\/\/www.inverseteams.com\/fr\/wp-json\/wp\/v2\/media\/271273"}],"wp:attachment":[{"href":"https:\/\/www.inverseteams.com\/fr\/wp-json\/wp\/v2\/media?parent=269483"}],"wp:term":[{"taxonomy":"product_brand","embeddable":true,"href":"https:\/\/www.inverseteams.com\/fr\/wp-json\/wp\/v2\/product_brand?post=269483"},{"taxonomy":"product_cat","embeddable":true,"href":"https:\/\/www.inverseteams.com\/fr\/wp-json\/wp\/v2\/product_cat?post=269483"},{"taxonomy":"product_tag","embeddable":true,"href":"https:\/\/www.inverseteams.com\/fr\/wp-json\/wp\/v2\/product_tag?post=269483"},{"taxonomy":"custom_category","embeddable":true,"href":"https:\/\/www.inverseteams.com\/fr\/wp-json\/wp\/v2\/custom_category?post=269483"},{"taxonomy":"range","embeddable":true,"href":"https:\/\/www.inverseteams.com\/fr\/wp-json\/wp\/v2\/range?post=269483"}],"curies":[{"name":"wp","href":"https:\/\/api.w.org\/{rel}","templated":true}]}}