{"id":269478,"date":"2025-10-03T15:47:23","date_gmt":"2025-10-03T15:47:23","guid":{"rendered":"https:\/\/www.inverseteams.com\/?post_type=product&#038;p=269478"},"modified":"2026-02-20T11:56:13","modified_gmt":"2026-02-20T10:56:13","slug":"t-shirt-interieur-essenz-nevada-unisex","status":"publish","type":"product","link":"https:\/\/www.inverseteams.com\/fr\/produit\/t-shirt-interieur-essenz-nevada-unisex\/","title":{"rendered":"T-shirt int\u00e9rieur ESSENZ NEVADA (UNISEX)"},"content":{"rendered":"<p>Maillot de corps thermique unisexe, l\u00e9ger, respirant et tr\u00e8s adaptable. Con\u00e7u comme une seconde peau, il est id\u00e9al par temps froid gr\u00e2ce \u00e0 ses propri\u00e9t\u00e9s thermiques.<br \/>\nConfectionn\u00e9 dans un tissu doux et extensible, il offre un ajustement parfait. Sa coupe anatomique et son col rond assurent un confort optimal. Sans coutures, il \u00e9limine les frottements et am\u00e9liore la libert\u00e9 de mouvement.<br \/>\nParfait comme premi\u00e8re couche par temps froid.<\/p>\n","protected":false},"excerpt":{"rendered":"<p>Maillot de corps thermique unisexe, l\u00e9ger, respirant et tr\u00e8s adaptable. Con\u00e7u comme une seconde peau, il est id\u00e9al par temps froid gr\u00e2ce \u00e0 ses propri\u00e9t\u00e9s thermiques.<br \/>\nConfectionn\u00e9 dans un tissu doux et extensible, il offre un ajustement parfait. Sa coupe anatomique et son col rond assurent un confort optimal. Sans coutures, il \u00e9limine les frottements et am\u00e9liore la libert\u00e9 de mouvement.<br \/>\nParfait comme premi\u00e8re couche par temps froid.<\/p>\n","protected":false},"featured_media":272153,"comment_status":"closed","ping_status":"closed","template":"","meta":{"_acf_changed":false},"product_brand":[],"product_cat":[3230,4300,7177],"product_tag":[],"custom_category":[],"range":[],"class_list":{"0":"post-269478","1":"product","2":"type-product","3":"status-publish","4":"has-post-thumbnail","6":"product_cat-cyclisme-fr","7":"product_cat-t-shirt-interieur-cyclisme","8":"product_cat-b2b-fr","9":"pa_climatologia-froid","10":"pa_deporte-cyclisme","11":"pa_genero-homme","12":"pa_genero-femme","13":"pa_patronaje-fit-fr","14":"pa_talla-xl-xxl-fr","15":"pa_talla-m-l-fr","16":"pa_talla-xs-s-fr","17":"pa_tipo-de-prenda-t-shirt-interieur","19":"first","20":"instock","21":"taxable","22":"shipping-taxable","23":"purchasable","24":"product-type-variable"},"acf":[],"yoast_head":"<!-- This site is optimized with the Yoast SEO plugin v27.3 - https:\/\/yoast.com\/product\/yoast-seo-wordpress\/ -->\n<title>T-shirt int\u00e9rieur ESSENZ NEVADA (UNISEX)<\/title>\n<meta name=\"description\" content=\"Maillot de corps thermique unisexe, l\u00e9ger, respirant et tr\u00e8s adaptable. Con\u00e7u comme une seconde peau, il est id\u00e9al par temps froid gr\u00e2ce \u00e0 ses propri\u00e9t\u00e9s thermiques. Confectionn\u00e9 dans un tissu doux et extensible, il offre un ajustement parfait. Sa coupe anatomique et son col rond assurent un confort optimal. Sans coutures, il \u00e9limine les frottements et am\u00e9liore la libert\u00e9 de mouvement. Parfait comme premi\u00e8re couche par temps froid.\" \/>\n<meta name=\"robots\" content=\"index, follow, max-snippet:-1, max-image-preview:large, max-video-preview:-1\" \/>\n<link rel=\"canonical\" href=\"https:\/\/www.inverseteams.com\/fr\/produit\/t-shirt-interieur-essenz-nevada-unisex\/\" \/>\n<meta property=\"og:locale\" content=\"fr_FR\" \/>\n<meta property=\"og:type\" content=\"article\" \/>\n<meta property=\"og:title\" content=\"T-shirt int\u00e9rieur ESSENZ NEVADA (UNISEX)\" \/>\n<meta property=\"og:description\" content=\"Maillot de corps thermique unisexe, l\u00e9ger, respirant et tr\u00e8s adaptable. Con\u00e7u comme une seconde peau, il est id\u00e9al par temps froid gr\u00e2ce \u00e0 ses propri\u00e9t\u00e9s thermiques. Confectionn\u00e9 dans un tissu doux et extensible, il offre un ajustement parfait. Sa coupe anatomique et son col rond assurent un confort optimal. Sans coutures, il \u00e9limine les frottements et am\u00e9liore la libert\u00e9 de mouvement. Parfait comme premi\u00e8re couche par temps froid.\" \/>\n<meta property=\"og:url\" content=\"https:\/\/www.inverseteams.com\/fr\/produit\/t-shirt-interieur-essenz-nevada-unisex\/\" \/>\n<meta property=\"og:site_name\" content=\"Inverseteams\" \/>\n<meta property=\"article:publisher\" content=\"https:\/\/www.facebook.com\/inverseteams\" \/>\n<meta property=\"article:modified_time\" content=\"2026-02-20T10:56:13+00:00\" \/>\n<meta property=\"og:image\" content=\"https:\/\/www.inverseteams.com\/wp-content\/uploads\/INVERSE-CAMISETA-INTERIOR-UNISEX-ESSENZ-NEVADA-001.jpg\" \/>\n\t<meta property=\"og:image:width\" content=\"1500\" \/>\n\t<meta property=\"og:image:height\" content=\"1612\" \/>\n\t<meta property=\"og:image:type\" content=\"image\/jpeg\" \/>\n<meta name=\"twitter:card\" content=\"summary_large_image\" \/>\n<meta name=\"twitter:label1\" content=\"Dur\u00e9e de lecture estim\u00e9e\" \/>\n\t<meta name=\"twitter:data1\" content=\"1 minute\" \/>\n<script type=\"application\/ld+json\" class=\"yoast-schema-graph\">{\"@context\":\"https:\\\/\\\/schema.org\",\"@graph\":[{\"@type\":\"WebPage\",\"@id\":\"https:\\\/\\\/www.inverseteams.com\\\/fr\\\/produit\\\/t-shirt-interieur-essenz-nevada-unisex\\\/\",\"url\":\"https:\\\/\\\/www.inverseteams.com\\\/fr\\\/produit\\\/t-shirt-interieur-essenz-nevada-unisex\\\/\",\"name\":\"T-shirt int\u00e9rieur ESSENZ NEVADA (UNISEX)\",\"isPartOf\":{\"@id\":\"https:\\\/\\\/www.inverseteams.com\\\/fr\\\/#website\"},\"primaryImageOfPage\":{\"@id\":\"https:\\\/\\\/www.inverseteams.com\\\/fr\\\/produit\\\/t-shirt-interieur-essenz-nevada-unisex\\\/#primaryimage\"},\"image\":{\"@id\":\"https:\\\/\\\/www.inverseteams.com\\\/fr\\\/produit\\\/t-shirt-interieur-essenz-nevada-unisex\\\/#primaryimage\"},\"thumbnailUrl\":\"https:\\\/\\\/www.inverseteams.com\\\/wp-content\\\/uploads\\\/INVERSE-CAMISETA-INTERIOR-UNISEX-ESSENZ-NEVADA-001.jpg\",\"datePublished\":\"2025-10-03T15:47:23+00:00\",\"dateModified\":\"2026-02-20T10:56:13+00:00\",\"description\":\"Maillot de corps thermique unisexe, l\u00e9ger, respirant et tr\u00e8s adaptable. Con\u00e7u comme une seconde peau, il est id\u00e9al par temps froid gr\u00e2ce \u00e0 ses propri\u00e9t\u00e9s thermiques. Confectionn\u00e9 dans un tissu doux et extensible, il offre un ajustement parfait. Sa coupe anatomique et son col rond assurent un confort optimal. Sans coutures, il \u00e9limine les frottements et am\u00e9liore la libert\u00e9 de mouvement. Parfait comme premi\u00e8re couche par temps froid.\",\"breadcrumb\":{\"@id\":\"https:\\\/\\\/www.inverseteams.com\\\/fr\\\/produit\\\/t-shirt-interieur-essenz-nevada-unisex\\\/#breadcrumb\"},\"inLanguage\":\"fr-FR\",\"potentialAction\":[{\"@type\":\"ReadAction\",\"target\":[\"https:\\\/\\\/www.inverseteams.com\\\/fr\\\/produit\\\/t-shirt-interieur-essenz-nevada-unisex\\\/\"]}]},{\"@type\":\"ImageObject\",\"inLanguage\":\"fr-FR\",\"@id\":\"https:\\\/\\\/www.inverseteams.com\\\/fr\\\/produit\\\/t-shirt-interieur-essenz-nevada-unisex\\\/#primaryimage\",\"url\":\"https:\\\/\\\/www.inverseteams.com\\\/wp-content\\\/uploads\\\/INVERSE-CAMISETA-INTERIOR-UNISEX-ESSENZ-NEVADA-001.jpg\",\"contentUrl\":\"https:\\\/\\\/www.inverseteams.com\\\/wp-content\\\/uploads\\\/INVERSE-CAMISETA-INTERIOR-UNISEX-ESSENZ-NEVADA-001.jpg\",\"width\":1500,\"height\":1612},{\"@type\":\"BreadcrumbList\",\"@id\":\"https:\\\/\\\/www.inverseteams.com\\\/fr\\\/produit\\\/t-shirt-interieur-essenz-nevada-unisex\\\/#breadcrumb\",\"itemListElement\":[{\"@type\":\"ListItem\",\"position\":1,\"name\":\"Portada\",\"item\":\"https:\\\/\\\/www.inverseteams.com\\\/fr\\\/pagina-principal\\\/\"},{\"@type\":\"ListItem\",\"position\":2,\"name\":\"Panier\",\"item\":\"https:\\\/\\\/www.inverseteams.com\\\/fr\\\/panier\\\/\"},{\"@type\":\"ListItem\",\"position\":3,\"name\":\"T-shirt int\u00e9rieur ESSENZ NEVADA (UNISEX)\"}]},{\"@type\":\"WebSite\",\"@id\":\"https:\\\/\\\/www.inverseteams.com\\\/fr\\\/#website\",\"url\":\"https:\\\/\\\/www.inverseteams.com\\\/fr\\\/\",\"name\":\"Inverseteams\",\"description\":\"Tu marca de ropa deportiva personalizada\",\"publisher\":{\"@id\":\"https:\\\/\\\/www.inverseteams.com\\\/fr\\\/#organization\"},\"potentialAction\":[{\"@type\":\"SearchAction\",\"target\":{\"@type\":\"EntryPoint\",\"urlTemplate\":\"https:\\\/\\\/www.inverseteams.com\\\/fr\\\/?s={search_term_string}\"},\"query-input\":{\"@type\":\"PropertyValueSpecification\",\"valueRequired\":true,\"valueName\":\"search_term_string\"}}],\"inLanguage\":\"fr-FR\"},{\"@type\":\"Organization\",\"@id\":\"https:\\\/\\\/www.inverseteams.com\\\/fr\\\/#organization\",\"name\":\"Inverse Teams\",\"url\":\"https:\\\/\\\/www.inverseteams.com\\\/fr\\\/\",\"logo\":{\"@type\":\"ImageObject\",\"inLanguage\":\"fr-FR\",\"@id\":\"https:\\\/\\\/www.inverseteams.com\\\/fr\\\/#\\\/schema\\\/logo\\\/image\\\/\",\"url\":\"https:\\\/\\\/www.inverseteams.com\\\/wp-content\\\/uploads\\\/2021\\\/03\\\/logo-inverse-teams.png\",\"contentUrl\":\"https:\\\/\\\/www.inverseteams.com\\\/wp-content\\\/uploads\\\/2021\\\/03\\\/logo-inverse-teams.png\",\"width\":294,\"height\":99,\"caption\":\"Inverse Teams\"},\"image\":{\"@id\":\"https:\\\/\\\/www.inverseteams.com\\\/fr\\\/#\\\/schema\\\/logo\\\/image\\\/\"},\"sameAs\":[\"https:\\\/\\\/www.facebook.com\\\/inverseteams\",\"http:\\\/\\\/instagram.com\\\/inverseteams\",\"https:\\\/\\\/www.linkedin.com\\\/company\\\/inverse-cirosport-s-l-?trk=job_view_topcard_company_name\",\"http:\\\/\\\/www.pinterest.com\\\/inverseteams\\\/\",\"http:\\\/\\\/www.youtube.com\\\/user\\\/inverseteams?feature=watch\"]}]}<\/script>\n<!-- \/ Yoast SEO plugin. -->","yoast_head_json":{"title":"T-shirt int\u00e9rieur ESSENZ NEVADA (UNISEX)","description":"Maillot de corps thermique unisexe, l\u00e9ger, respirant et tr\u00e8s adaptable. Con\u00e7u comme une seconde peau, il est id\u00e9al par temps froid gr\u00e2ce \u00e0 ses propri\u00e9t\u00e9s thermiques. Confectionn\u00e9 dans un tissu doux et extensible, il offre un ajustement parfait. Sa coupe anatomique et son col rond assurent un confort optimal. Sans coutures, il \u00e9limine les frottements et am\u00e9liore la libert\u00e9 de mouvement. Parfait comme premi\u00e8re couche par temps froid.","robots":{"index":"index","follow":"follow","max-snippet":"max-snippet:-1","max-image-preview":"max-image-preview:large","max-video-preview":"max-video-preview:-1"},"canonical":"https:\/\/www.inverseteams.com\/fr\/produit\/t-shirt-interieur-essenz-nevada-unisex\/","og_locale":"fr_FR","og_type":"article","og_title":"T-shirt int\u00e9rieur ESSENZ NEVADA (UNISEX)","og_description":"Maillot de corps thermique unisexe, l\u00e9ger, respirant et tr\u00e8s adaptable. Con\u00e7u comme une seconde peau, il est id\u00e9al par temps froid gr\u00e2ce \u00e0 ses propri\u00e9t\u00e9s thermiques. Confectionn\u00e9 dans un tissu doux et extensible, il offre un ajustement parfait. Sa coupe anatomique et son col rond assurent un confort optimal. Sans coutures, il \u00e9limine les frottements et am\u00e9liore la libert\u00e9 de mouvement. Parfait comme premi\u00e8re couche par temps froid.","og_url":"https:\/\/www.inverseteams.com\/fr\/produit\/t-shirt-interieur-essenz-nevada-unisex\/","og_site_name":"Inverseteams","article_publisher":"https:\/\/www.facebook.com\/inverseteams","article_modified_time":"2026-02-20T10:56:13+00:00","og_image":[{"width":1500,"height":1612,"url":"https:\/\/www.inverseteams.com\/wp-content\/uploads\/INVERSE-CAMISETA-INTERIOR-UNISEX-ESSENZ-NEVADA-001.jpg","type":"image\/jpeg"}],"twitter_card":"summary_large_image","twitter_misc":{"Dur\u00e9e de lecture estim\u00e9e":"1 minute"},"schema":{"@context":"https:\/\/schema.org","@graph":[{"@type":"WebPage","@id":"https:\/\/www.inverseteams.com\/fr\/produit\/t-shirt-interieur-essenz-nevada-unisex\/","url":"https:\/\/www.inverseteams.com\/fr\/produit\/t-shirt-interieur-essenz-nevada-unisex\/","name":"T-shirt int\u00e9rieur ESSENZ NEVADA (UNISEX)","isPartOf":{"@id":"https:\/\/www.inverseteams.com\/fr\/#website"},"primaryImageOfPage":{"@id":"https:\/\/www.inverseteams.com\/fr\/produit\/t-shirt-interieur-essenz-nevada-unisex\/#primaryimage"},"image":{"@id":"https:\/\/www.inverseteams.com\/fr\/produit\/t-shirt-interieur-essenz-nevada-unisex\/#primaryimage"},"thumbnailUrl":"https:\/\/www.inverseteams.com\/wp-content\/uploads\/INVERSE-CAMISETA-INTERIOR-UNISEX-ESSENZ-NEVADA-001.jpg","datePublished":"2025-10-03T15:47:23+00:00","dateModified":"2026-02-20T10:56:13+00:00","description":"Maillot de corps thermique unisexe, l\u00e9ger, respirant et tr\u00e8s adaptable. Con\u00e7u comme une seconde peau, il est id\u00e9al par temps froid gr\u00e2ce \u00e0 ses propri\u00e9t\u00e9s thermiques. Confectionn\u00e9 dans un tissu doux et extensible, il offre un ajustement parfait. Sa coupe anatomique et son col rond assurent un confort optimal. Sans coutures, il \u00e9limine les frottements et am\u00e9liore la libert\u00e9 de mouvement. Parfait comme premi\u00e8re couche par temps froid.","breadcrumb":{"@id":"https:\/\/www.inverseteams.com\/fr\/produit\/t-shirt-interieur-essenz-nevada-unisex\/#breadcrumb"},"inLanguage":"fr-FR","potentialAction":[{"@type":"ReadAction","target":["https:\/\/www.inverseteams.com\/fr\/produit\/t-shirt-interieur-essenz-nevada-unisex\/"]}]},{"@type":"ImageObject","inLanguage":"fr-FR","@id":"https:\/\/www.inverseteams.com\/fr\/produit\/t-shirt-interieur-essenz-nevada-unisex\/#primaryimage","url":"https:\/\/www.inverseteams.com\/wp-content\/uploads\/INVERSE-CAMISETA-INTERIOR-UNISEX-ESSENZ-NEVADA-001.jpg","contentUrl":"https:\/\/www.inverseteams.com\/wp-content\/uploads\/INVERSE-CAMISETA-INTERIOR-UNISEX-ESSENZ-NEVADA-001.jpg","width":1500,"height":1612},{"@type":"BreadcrumbList","@id":"https:\/\/www.inverseteams.com\/fr\/produit\/t-shirt-interieur-essenz-nevada-unisex\/#breadcrumb","itemListElement":[{"@type":"ListItem","position":1,"name":"Portada","item":"https:\/\/www.inverseteams.com\/fr\/pagina-principal\/"},{"@type":"ListItem","position":2,"name":"Panier","item":"https:\/\/www.inverseteams.com\/fr\/panier\/"},{"@type":"ListItem","position":3,"name":"T-shirt int\u00e9rieur ESSENZ NEVADA (UNISEX)"}]},{"@type":"WebSite","@id":"https:\/\/www.inverseteams.com\/fr\/#website","url":"https:\/\/www.inverseteams.com\/fr\/","name":"Inverseteams","description":"Tu marca de ropa deportiva personalizada","publisher":{"@id":"https:\/\/www.inverseteams.com\/fr\/#organization"},"potentialAction":[{"@type":"SearchAction","target":{"@type":"EntryPoint","urlTemplate":"https:\/\/www.inverseteams.com\/fr\/?s={search_term_string}"},"query-input":{"@type":"PropertyValueSpecification","valueRequired":true,"valueName":"search_term_string"}}],"inLanguage":"fr-FR"},{"@type":"Organization","@id":"https:\/\/www.inverseteams.com\/fr\/#organization","name":"Inverse Teams","url":"https:\/\/www.inverseteams.com\/fr\/","logo":{"@type":"ImageObject","inLanguage":"fr-FR","@id":"https:\/\/www.inverseteams.com\/fr\/#\/schema\/logo\/image\/","url":"https:\/\/www.inverseteams.com\/wp-content\/uploads\/2021\/03\/logo-inverse-teams.png","contentUrl":"https:\/\/www.inverseteams.com\/wp-content\/uploads\/2021\/03\/logo-inverse-teams.png","width":294,"height":99,"caption":"Inverse Teams"},"image":{"@id":"https:\/\/www.inverseteams.com\/fr\/#\/schema\/logo\/image\/"},"sameAs":["https:\/\/www.facebook.com\/inverseteams","http:\/\/instagram.com\/inverseteams","https:\/\/www.linkedin.com\/company\/inverse-cirosport-s-l-?trk=job_view_topcard_company_name","http:\/\/www.pinterest.com\/inverseteams\/","http:\/\/www.youtube.com\/user\/inverseteams?feature=watch"]}]}},"_links":{"self":[{"href":"https:\/\/www.inverseteams.com\/fr\/wp-json\/wp\/v2\/product\/269478","targetHints":{"allow":["GET"]}}],"collection":[{"href":"https:\/\/www.inverseteams.com\/fr\/wp-json\/wp\/v2\/product"}],"about":[{"href":"https:\/\/www.inverseteams.com\/fr\/wp-json\/wp\/v2\/types\/product"}],"replies":[{"embeddable":true,"href":"https:\/\/www.inverseteams.com\/fr\/wp-json\/wp\/v2\/comments?post=269478"}],"wp:featuredmedia":[{"embeddable":true,"href":"https:\/\/www.inverseteams.com\/fr\/wp-json\/wp\/v2\/media\/272153"}],"wp:attachment":[{"href":"https:\/\/www.inverseteams.com\/fr\/wp-json\/wp\/v2\/media?parent=269478"}],"wp:term":[{"taxonomy":"product_brand","embeddable":true,"href":"https:\/\/www.inverseteams.com\/fr\/wp-json\/wp\/v2\/product_brand?post=269478"},{"taxonomy":"product_cat","embeddable":true,"href":"https:\/\/www.inverseteams.com\/fr\/wp-json\/wp\/v2\/product_cat?post=269478"},{"taxonomy":"product_tag","embeddable":true,"href":"https:\/\/www.inverseteams.com\/fr\/wp-json\/wp\/v2\/product_tag?post=269478"},{"taxonomy":"custom_category","embeddable":true,"href":"https:\/\/www.inverseteams.com\/fr\/wp-json\/wp\/v2\/custom_category?post=269478"},{"taxonomy":"range","embeddable":true,"href":"https:\/\/www.inverseteams.com\/fr\/wp-json\/wp\/v2\/range?post=269478"}],"curies":[{"name":"wp","href":"https:\/\/api.w.org\/{rel}","templated":true}]}}