{"id":269466,"date":"2025-10-03T15:26:33","date_gmt":"2025-10-03T15:26:33","guid":{"rendered":"https:\/\/www.inverseteams.com\/?post_type=product&#038;p=269466"},"modified":"2026-02-20T11:55:56","modified_gmt":"2026-02-20T10:55:56","slug":"veste-membrane-pure-helios-black-homme","status":"publish","type":"product","link":"https:\/\/www.inverseteams.com\/fr\/produit\/veste-membrane-pure-helios-black-homme\/","title":{"rendered":"Veste membrane PURE HELIOS BLACK (HOMME)"},"content":{"rendered":"<p>Veste thermique pour homme au design innovant qui am\u00e9liore l&rsquo;a\u00e9rodynamisme \u00e0 v\u00e9lo par mauvais temps.<br \/>\nConfectionn\u00e9e en tissu HydroLayer-X \u00e0 structure trilamin\u00e9e et dot\u00e9e d&rsquo;une membrane interm\u00e9diaire qui prot\u00e8ge du vent et de la pluie. Le tissu sous les bras est respirant, tandis que les c\u00f4t\u00e9s et les aisselles sont confectionn\u00e9s dans un tissu imperm\u00e9able et hautement \u00e9lastique.<br \/>\nLes nouveaut\u00e9s de cette saison incluent une nouvelle forme de poignet d\u00e9coup\u00e9e au laser pour un ajustement parfait, une fermeture \u00e9clair magn\u00e9tique double curseur imperm\u00e9able (SBS) sur toute la longueur, une sangle textile au dos faisant \u00e9galement office de cintre et une ouverture dorsale pour une meilleure respirabilit\u00e9 et une meilleure ergonomie.<br \/>\nLa partie sup\u00e9rieure est dot\u00e9e d&rsquo;une double poche IN-POCKET avec peau de chamois et mesh int\u00e9gr\u00e9s.<br \/>\nElle dispose \u00e9galement de trois grandes poches au niveau des lombaires et d&rsquo;une poche lat\u00e9rale en mesh.<\/p>\n","protected":false},"excerpt":{"rendered":"<p>Veste thermique pour homme au design innovant qui am\u00e9liore l&rsquo;a\u00e9rodynamisme \u00e0 v\u00e9lo par mauvais temps.<br \/>\nConfectionn\u00e9e en tissu HydroLayer-X \u00e0 structure trilamin\u00e9e et dot\u00e9e d&rsquo;une membrane interm\u00e9diaire qui prot\u00e8ge du vent et de la pluie. Le tissu sous les bras est respirant, tandis que les c\u00f4t\u00e9s et les aisselles sont confectionn\u00e9s dans un tissu imperm\u00e9able et hautement \u00e9lastique.<br \/>\nLes nouveaut\u00e9s de cette saison incluent une nouvelle forme de poignet d\u00e9coup\u00e9e au laser pour un ajustement parfait, une fermeture \u00e9clair magn\u00e9tique double curseur imperm\u00e9able (SBS) sur toute la longueur, une sangle textile au dos faisant \u00e9galement office de cintre et une ouverture dorsale pour une meilleure respirabilit\u00e9 et une meilleure ergonomie.<br \/>\nLa partie sup\u00e9rieure est dot\u00e9e d&rsquo;une double poche IN-POCKET avec peau de chamois et mesh int\u00e9gr\u00e9s.<br \/>\nElle dispose \u00e9galement de trois grandes poches au niveau des lombaires et d&rsquo;une poche lat\u00e9rale en mesh.<\/p>\n","protected":false},"featured_media":270028,"comment_status":"closed","ping_status":"closed","template":"","meta":{"_acf_changed":false},"product_brand":[],"product_cat":[3230,3235,7177],"product_tag":[],"custom_category":[],"range":[],"class_list":{"0":"post-269466","1":"product","2":"type-product","3":"status-publish","4":"has-post-thumbnail","6":"product_cat-cyclisme-fr","7":"product_cat-veste-velo-fr","8":"product_cat-b2b-fr","9":"pa_climatologia-froid","10":"pa_climatologia-pluie","11":"pa_climatologia-vent-fr","12":"pa_deporte-cyclisme","13":"pa_genero-homme","14":"pa_patronaje-fit-fr","15":"pa_talla-l-fr","16":"pa_talla-m-fr","17":"pa_talla-s-fr","18":"pa_talla-xl-fr","19":"pa_talla-xxl-fr","20":"pa_tipo-de-prenda-veste","22":"first","23":"instock","24":"taxable","25":"shipping-taxable","26":"purchasable","27":"product-type-variable","28":"has-default-attributes"},"acf":[],"yoast_head":"<!-- This site is optimized with the Yoast SEO plugin v27.3 - https:\/\/yoast.com\/product\/yoast-seo-wordpress\/ -->\n<title>Veste membrane PURE HELIOS BLACK (HOMME)<\/title>\n<meta name=\"description\" content=\"Veste thermique pour homme au design innovant qui am\u00e9liore l&#039;a\u00e9rodynamisme \u00e0 v\u00e9lo par mauvais temps. Confectionn\u00e9e en tissu HydroLayer-X \u00e0 structure trilamin\u00e9e et dot\u00e9e d&#039;une membrane interm\u00e9diaire qui prot\u00e8ge du vent et de la pluie. Le tissu sous les bras est respirant, tandis que les c\u00f4t\u00e9s et les aisselles sont confectionn\u00e9s dans un tissu imperm\u00e9able et hautement \u00e9lastique. Les nouveaut\u00e9s de cette saison incluent une nouvelle forme de poignet d\u00e9coup\u00e9e au laser pour un ajustement parfait, une fermeture \u00e9clair magn\u00e9tique double curseur imperm\u00e9able (SBS) sur toute la longueur, une sangle textile au dos faisant \u00e9galement office de cintre et une ouverture dorsale pour une meilleure respirabilit\u00e9 et une meilleure ergonomie. La partie sup\u00e9rieure est dot\u00e9e d&#039;une double poche IN-POCKET avec peau de chamois et mesh int\u00e9gr\u00e9s. Elle dispose \u00e9galement de trois grandes poches au niveau des lombaires et d&#039;une poche lat\u00e9rale en mesh.\" \/>\n<meta name=\"robots\" content=\"index, follow, max-snippet:-1, max-image-preview:large, max-video-preview:-1\" \/>\n<link rel=\"canonical\" href=\"https:\/\/www.inverseteams.com\/fr\/produit\/veste-membrane-pure-helios-black-homme\/\" \/>\n<meta property=\"og:locale\" content=\"fr_FR\" \/>\n<meta property=\"og:type\" content=\"article\" \/>\n<meta property=\"og:title\" content=\"Veste membrane PURE HELIOS BLACK (HOMME)\" \/>\n<meta property=\"og:description\" content=\"Veste thermique pour homme au design innovant qui am\u00e9liore l&#039;a\u00e9rodynamisme \u00e0 v\u00e9lo par mauvais temps. Confectionn\u00e9e en tissu HydroLayer-X \u00e0 structure trilamin\u00e9e et dot\u00e9e d&#039;une membrane interm\u00e9diaire qui prot\u00e8ge du vent et de la pluie. Le tissu sous les bras est respirant, tandis que les c\u00f4t\u00e9s et les aisselles sont confectionn\u00e9s dans un tissu imperm\u00e9able et hautement \u00e9lastique. Les nouveaut\u00e9s de cette saison incluent une nouvelle forme de poignet d\u00e9coup\u00e9e au laser pour un ajustement parfait, une fermeture \u00e9clair magn\u00e9tique double curseur imperm\u00e9able (SBS) sur toute la longueur, une sangle textile au dos faisant \u00e9galement office de cintre et une ouverture dorsale pour une meilleure respirabilit\u00e9 et une meilleure ergonomie. La partie sup\u00e9rieure est dot\u00e9e d&#039;une double poche IN-POCKET avec peau de chamois et mesh int\u00e9gr\u00e9s. Elle dispose \u00e9galement de trois grandes poches au niveau des lombaires et d&#039;une poche lat\u00e9rale en mesh.\" \/>\n<meta property=\"og:url\" content=\"https:\/\/www.inverseteams.com\/fr\/produit\/veste-membrane-pure-helios-black-homme\/\" \/>\n<meta property=\"og:site_name\" content=\"Inverseteams\" \/>\n<meta property=\"article:publisher\" content=\"https:\/\/www.facebook.com\/inverseteams\" \/>\n<meta property=\"article:modified_time\" content=\"2026-02-20T10:55:56+00:00\" \/>\n<meta property=\"og:image\" content=\"https:\/\/www.inverseteams.com\/wp-content\/uploads\/INVERSE-CHAQUETA-PURE-HELIOS-BLACK-001.jpg\" \/>\n\t<meta property=\"og:image:width\" content=\"1500\" \/>\n\t<meta property=\"og:image:height\" content=\"1612\" \/>\n\t<meta property=\"og:image:type\" content=\"image\/jpeg\" \/>\n<meta name=\"twitter:card\" content=\"summary_large_image\" \/>\n<meta name=\"twitter:label1\" content=\"Dur\u00e9e de lecture estim\u00e9e\" \/>\n\t<meta name=\"twitter:data1\" content=\"1 minute\" \/>\n<script type=\"application\/ld+json\" class=\"yoast-schema-graph\">{\"@context\":\"https:\\\/\\\/schema.org\",\"@graph\":[{\"@type\":\"WebPage\",\"@id\":\"https:\\\/\\\/www.inverseteams.com\\\/fr\\\/produit\\\/veste-membrane-pure-helios-black-homme\\\/\",\"url\":\"https:\\\/\\\/www.inverseteams.com\\\/fr\\\/produit\\\/veste-membrane-pure-helios-black-homme\\\/\",\"name\":\"Veste membrane PURE HELIOS BLACK (HOMME)\",\"isPartOf\":{\"@id\":\"https:\\\/\\\/www.inverseteams.com\\\/fr\\\/#website\"},\"primaryImageOfPage\":{\"@id\":\"https:\\\/\\\/www.inverseteams.com\\\/fr\\\/produit\\\/veste-membrane-pure-helios-black-homme\\\/#primaryimage\"},\"image\":{\"@id\":\"https:\\\/\\\/www.inverseteams.com\\\/fr\\\/produit\\\/veste-membrane-pure-helios-black-homme\\\/#primaryimage\"},\"thumbnailUrl\":\"https:\\\/\\\/www.inverseteams.com\\\/wp-content\\\/uploads\\\/INVERSE-CHAQUETA-PURE-HELIOS-BLACK-001.jpg\",\"datePublished\":\"2025-10-03T15:26:33+00:00\",\"dateModified\":\"2026-02-20T10:55:56+00:00\",\"description\":\"Veste thermique pour homme au design innovant qui am\u00e9liore l'a\u00e9rodynamisme \u00e0 v\u00e9lo par mauvais temps. Confectionn\u00e9e en tissu HydroLayer-X \u00e0 structure trilamin\u00e9e et dot\u00e9e d'une membrane interm\u00e9diaire qui prot\u00e8ge du vent et de la pluie. Le tissu sous les bras est respirant, tandis que les c\u00f4t\u00e9s et les aisselles sont confectionn\u00e9s dans un tissu imperm\u00e9able et hautement \u00e9lastique. Les nouveaut\u00e9s de cette saison incluent une nouvelle forme de poignet d\u00e9coup\u00e9e au laser pour un ajustement parfait, une fermeture \u00e9clair magn\u00e9tique double curseur imperm\u00e9able (SBS) sur toute la longueur, une sangle textile au dos faisant \u00e9galement office de cintre et une ouverture dorsale pour une meilleure respirabilit\u00e9 et une meilleure ergonomie. La partie sup\u00e9rieure est dot\u00e9e d'une double poche IN-POCKET avec peau de chamois et mesh int\u00e9gr\u00e9s. Elle dispose \u00e9galement de trois grandes poches au niveau des lombaires et d'une poche lat\u00e9rale en mesh.\",\"breadcrumb\":{\"@id\":\"https:\\\/\\\/www.inverseteams.com\\\/fr\\\/produit\\\/veste-membrane-pure-helios-black-homme\\\/#breadcrumb\"},\"inLanguage\":\"fr-FR\",\"potentialAction\":[{\"@type\":\"ReadAction\",\"target\":[\"https:\\\/\\\/www.inverseteams.com\\\/fr\\\/produit\\\/veste-membrane-pure-helios-black-homme\\\/\"]}]},{\"@type\":\"ImageObject\",\"inLanguage\":\"fr-FR\",\"@id\":\"https:\\\/\\\/www.inverseteams.com\\\/fr\\\/produit\\\/veste-membrane-pure-helios-black-homme\\\/#primaryimage\",\"url\":\"https:\\\/\\\/www.inverseteams.com\\\/wp-content\\\/uploads\\\/INVERSE-CHAQUETA-PURE-HELIOS-BLACK-001.jpg\",\"contentUrl\":\"https:\\\/\\\/www.inverseteams.com\\\/wp-content\\\/uploads\\\/INVERSE-CHAQUETA-PURE-HELIOS-BLACK-001.jpg\",\"width\":1500,\"height\":1612,\"caption\":\"chaqueta ciclismo negro\"},{\"@type\":\"BreadcrumbList\",\"@id\":\"https:\\\/\\\/www.inverseteams.com\\\/fr\\\/produit\\\/veste-membrane-pure-helios-black-homme\\\/#breadcrumb\",\"itemListElement\":[{\"@type\":\"ListItem\",\"position\":1,\"name\":\"Portada\",\"item\":\"https:\\\/\\\/www.inverseteams.com\\\/fr\\\/pagina-principal\\\/\"},{\"@type\":\"ListItem\",\"position\":2,\"name\":\"Panier\",\"item\":\"https:\\\/\\\/www.inverseteams.com\\\/fr\\\/panier\\\/\"},{\"@type\":\"ListItem\",\"position\":3,\"name\":\"Veste membrane PURE HELIOS BLACK (HOMME)\"}]},{\"@type\":\"WebSite\",\"@id\":\"https:\\\/\\\/www.inverseteams.com\\\/fr\\\/#website\",\"url\":\"https:\\\/\\\/www.inverseteams.com\\\/fr\\\/\",\"name\":\"Inverseteams\",\"description\":\"Tu marca de ropa deportiva personalizada\",\"publisher\":{\"@id\":\"https:\\\/\\\/www.inverseteams.com\\\/fr\\\/#organization\"},\"potentialAction\":[{\"@type\":\"SearchAction\",\"target\":{\"@type\":\"EntryPoint\",\"urlTemplate\":\"https:\\\/\\\/www.inverseteams.com\\\/fr\\\/?s={search_term_string}\"},\"query-input\":{\"@type\":\"PropertyValueSpecification\",\"valueRequired\":true,\"valueName\":\"search_term_string\"}}],\"inLanguage\":\"fr-FR\"},{\"@type\":\"Organization\",\"@id\":\"https:\\\/\\\/www.inverseteams.com\\\/fr\\\/#organization\",\"name\":\"Inverse Teams\",\"url\":\"https:\\\/\\\/www.inverseteams.com\\\/fr\\\/\",\"logo\":{\"@type\":\"ImageObject\",\"inLanguage\":\"fr-FR\",\"@id\":\"https:\\\/\\\/www.inverseteams.com\\\/fr\\\/#\\\/schema\\\/logo\\\/image\\\/\",\"url\":\"http:\\\/\\\/www.inverseteams.com\\\/wp-content\\\/uploads\\\/2021\\\/03\\\/logo-inverse-teams.png\",\"contentUrl\":\"http:\\\/\\\/www.inverseteams.com\\\/wp-content\\\/uploads\\\/2021\\\/03\\\/logo-inverse-teams.png\",\"width\":294,\"height\":99,\"caption\":\"Inverse Teams\"},\"image\":{\"@id\":\"https:\\\/\\\/www.inverseteams.com\\\/fr\\\/#\\\/schema\\\/logo\\\/image\\\/\"},\"sameAs\":[\"https:\\\/\\\/www.facebook.com\\\/inverseteams\",\"http:\\\/\\\/instagram.com\\\/inverseteams\",\"https:\\\/\\\/www.linkedin.com\\\/company\\\/inverse-cirosport-s-l-?trk=job_view_topcard_company_name\",\"http:\\\/\\\/www.pinterest.com\\\/inverseteams\\\/\",\"http:\\\/\\\/www.youtube.com\\\/user\\\/inverseteams?feature=watch\"]}]}<\/script>\n<!-- \/ Yoast SEO plugin. -->","yoast_head_json":{"title":"Veste membrane PURE HELIOS BLACK (HOMME)","description":"Veste thermique pour homme au design innovant qui am\u00e9liore l'a\u00e9rodynamisme \u00e0 v\u00e9lo par mauvais temps. Confectionn\u00e9e en tissu HydroLayer-X \u00e0 structure trilamin\u00e9e et dot\u00e9e d'une membrane interm\u00e9diaire qui prot\u00e8ge du vent et de la pluie. Le tissu sous les bras est respirant, tandis que les c\u00f4t\u00e9s et les aisselles sont confectionn\u00e9s dans un tissu imperm\u00e9able et hautement \u00e9lastique. Les nouveaut\u00e9s de cette saison incluent une nouvelle forme de poignet d\u00e9coup\u00e9e au laser pour un ajustement parfait, une fermeture \u00e9clair magn\u00e9tique double curseur imperm\u00e9able (SBS) sur toute la longueur, une sangle textile au dos faisant \u00e9galement office de cintre et une ouverture dorsale pour une meilleure respirabilit\u00e9 et une meilleure ergonomie. La partie sup\u00e9rieure est dot\u00e9e d'une double poche IN-POCKET avec peau de chamois et mesh int\u00e9gr\u00e9s. Elle dispose \u00e9galement de trois grandes poches au niveau des lombaires et d'une poche lat\u00e9rale en mesh.","robots":{"index":"index","follow":"follow","max-snippet":"max-snippet:-1","max-image-preview":"max-image-preview:large","max-video-preview":"max-video-preview:-1"},"canonical":"https:\/\/www.inverseteams.com\/fr\/produit\/veste-membrane-pure-helios-black-homme\/","og_locale":"fr_FR","og_type":"article","og_title":"Veste membrane PURE HELIOS BLACK (HOMME)","og_description":"Veste thermique pour homme au design innovant qui am\u00e9liore l'a\u00e9rodynamisme \u00e0 v\u00e9lo par mauvais temps. Confectionn\u00e9e en tissu HydroLayer-X \u00e0 structure trilamin\u00e9e et dot\u00e9e d'une membrane interm\u00e9diaire qui prot\u00e8ge du vent et de la pluie. Le tissu sous les bras est respirant, tandis que les c\u00f4t\u00e9s et les aisselles sont confectionn\u00e9s dans un tissu imperm\u00e9able et hautement \u00e9lastique. Les nouveaut\u00e9s de cette saison incluent une nouvelle forme de poignet d\u00e9coup\u00e9e au laser pour un ajustement parfait, une fermeture \u00e9clair magn\u00e9tique double curseur imperm\u00e9able (SBS) sur toute la longueur, une sangle textile au dos faisant \u00e9galement office de cintre et une ouverture dorsale pour une meilleure respirabilit\u00e9 et une meilleure ergonomie. La partie sup\u00e9rieure est dot\u00e9e d'une double poche IN-POCKET avec peau de chamois et mesh int\u00e9gr\u00e9s. Elle dispose \u00e9galement de trois grandes poches au niveau des lombaires et d'une poche lat\u00e9rale en mesh.","og_url":"https:\/\/www.inverseteams.com\/fr\/produit\/veste-membrane-pure-helios-black-homme\/","og_site_name":"Inverseteams","article_publisher":"https:\/\/www.facebook.com\/inverseteams","article_modified_time":"2026-02-20T10:55:56+00:00","og_image":[{"width":1500,"height":1612,"url":"https:\/\/www.inverseteams.com\/wp-content\/uploads\/INVERSE-CHAQUETA-PURE-HELIOS-BLACK-001.jpg","type":"image\/jpeg"}],"twitter_card":"summary_large_image","twitter_misc":{"Dur\u00e9e de lecture estim\u00e9e":"1 minute"},"schema":{"@context":"https:\/\/schema.org","@graph":[{"@type":"WebPage","@id":"https:\/\/www.inverseteams.com\/fr\/produit\/veste-membrane-pure-helios-black-homme\/","url":"https:\/\/www.inverseteams.com\/fr\/produit\/veste-membrane-pure-helios-black-homme\/","name":"Veste membrane PURE HELIOS BLACK (HOMME)","isPartOf":{"@id":"https:\/\/www.inverseteams.com\/fr\/#website"},"primaryImageOfPage":{"@id":"https:\/\/www.inverseteams.com\/fr\/produit\/veste-membrane-pure-helios-black-homme\/#primaryimage"},"image":{"@id":"https:\/\/www.inverseteams.com\/fr\/produit\/veste-membrane-pure-helios-black-homme\/#primaryimage"},"thumbnailUrl":"https:\/\/www.inverseteams.com\/wp-content\/uploads\/INVERSE-CHAQUETA-PURE-HELIOS-BLACK-001.jpg","datePublished":"2025-10-03T15:26:33+00:00","dateModified":"2026-02-20T10:55:56+00:00","description":"Veste thermique pour homme au design innovant qui am\u00e9liore l'a\u00e9rodynamisme \u00e0 v\u00e9lo par mauvais temps. Confectionn\u00e9e en tissu HydroLayer-X \u00e0 structure trilamin\u00e9e et dot\u00e9e d'une membrane interm\u00e9diaire qui prot\u00e8ge du vent et de la pluie. Le tissu sous les bras est respirant, tandis que les c\u00f4t\u00e9s et les aisselles sont confectionn\u00e9s dans un tissu imperm\u00e9able et hautement \u00e9lastique. Les nouveaut\u00e9s de cette saison incluent une nouvelle forme de poignet d\u00e9coup\u00e9e au laser pour un ajustement parfait, une fermeture \u00e9clair magn\u00e9tique double curseur imperm\u00e9able (SBS) sur toute la longueur, une sangle textile au dos faisant \u00e9galement office de cintre et une ouverture dorsale pour une meilleure respirabilit\u00e9 et une meilleure ergonomie. La partie sup\u00e9rieure est dot\u00e9e d'une double poche IN-POCKET avec peau de chamois et mesh int\u00e9gr\u00e9s. Elle dispose \u00e9galement de trois grandes poches au niveau des lombaires et d'une poche lat\u00e9rale en mesh.","breadcrumb":{"@id":"https:\/\/www.inverseteams.com\/fr\/produit\/veste-membrane-pure-helios-black-homme\/#breadcrumb"},"inLanguage":"fr-FR","potentialAction":[{"@type":"ReadAction","target":["https:\/\/www.inverseteams.com\/fr\/produit\/veste-membrane-pure-helios-black-homme\/"]}]},{"@type":"ImageObject","inLanguage":"fr-FR","@id":"https:\/\/www.inverseteams.com\/fr\/produit\/veste-membrane-pure-helios-black-homme\/#primaryimage","url":"https:\/\/www.inverseteams.com\/wp-content\/uploads\/INVERSE-CHAQUETA-PURE-HELIOS-BLACK-001.jpg","contentUrl":"https:\/\/www.inverseteams.com\/wp-content\/uploads\/INVERSE-CHAQUETA-PURE-HELIOS-BLACK-001.jpg","width":1500,"height":1612,"caption":"chaqueta ciclismo negro"},{"@type":"BreadcrumbList","@id":"https:\/\/www.inverseteams.com\/fr\/produit\/veste-membrane-pure-helios-black-homme\/#breadcrumb","itemListElement":[{"@type":"ListItem","position":1,"name":"Portada","item":"https:\/\/www.inverseteams.com\/fr\/pagina-principal\/"},{"@type":"ListItem","position":2,"name":"Panier","item":"https:\/\/www.inverseteams.com\/fr\/panier\/"},{"@type":"ListItem","position":3,"name":"Veste membrane PURE HELIOS BLACK (HOMME)"}]},{"@type":"WebSite","@id":"https:\/\/www.inverseteams.com\/fr\/#website","url":"https:\/\/www.inverseteams.com\/fr\/","name":"Inverseteams","description":"Tu marca de ropa deportiva personalizada","publisher":{"@id":"https:\/\/www.inverseteams.com\/fr\/#organization"},"potentialAction":[{"@type":"SearchAction","target":{"@type":"EntryPoint","urlTemplate":"https:\/\/www.inverseteams.com\/fr\/?s={search_term_string}"},"query-input":{"@type":"PropertyValueSpecification","valueRequired":true,"valueName":"search_term_string"}}],"inLanguage":"fr-FR"},{"@type":"Organization","@id":"https:\/\/www.inverseteams.com\/fr\/#organization","name":"Inverse Teams","url":"https:\/\/www.inverseteams.com\/fr\/","logo":{"@type":"ImageObject","inLanguage":"fr-FR","@id":"https:\/\/www.inverseteams.com\/fr\/#\/schema\/logo\/image\/","url":"https:\/\/www.inverseteams.com\/wp-content\/uploads\/2021\/03\/logo-inverse-teams.png","contentUrl":"https:\/\/www.inverseteams.com\/wp-content\/uploads\/2021\/03\/logo-inverse-teams.png","width":294,"height":99,"caption":"Inverse Teams"},"image":{"@id":"https:\/\/www.inverseteams.com\/fr\/#\/schema\/logo\/image\/"},"sameAs":["https:\/\/www.facebook.com\/inverseteams","http:\/\/instagram.com\/inverseteams","https:\/\/www.linkedin.com\/company\/inverse-cirosport-s-l-?trk=job_view_topcard_company_name","http:\/\/www.pinterest.com\/inverseteams\/","http:\/\/www.youtube.com\/user\/inverseteams?feature=watch"]}]}},"_links":{"self":[{"href":"https:\/\/www.inverseteams.com\/fr\/wp-json\/wp\/v2\/product\/269466","targetHints":{"allow":["GET"]}}],"collection":[{"href":"https:\/\/www.inverseteams.com\/fr\/wp-json\/wp\/v2\/product"}],"about":[{"href":"https:\/\/www.inverseteams.com\/fr\/wp-json\/wp\/v2\/types\/product"}],"replies":[{"embeddable":true,"href":"https:\/\/www.inverseteams.com\/fr\/wp-json\/wp\/v2\/comments?post=269466"}],"wp:featuredmedia":[{"embeddable":true,"href":"https:\/\/www.inverseteams.com\/fr\/wp-json\/wp\/v2\/media\/270028"}],"wp:attachment":[{"href":"https:\/\/www.inverseteams.com\/fr\/wp-json\/wp\/v2\/media?parent=269466"}],"wp:term":[{"taxonomy":"product_brand","embeddable":true,"href":"https:\/\/www.inverseteams.com\/fr\/wp-json\/wp\/v2\/product_brand?post=269466"},{"taxonomy":"product_cat","embeddable":true,"href":"https:\/\/www.inverseteams.com\/fr\/wp-json\/wp\/v2\/product_cat?post=269466"},{"taxonomy":"product_tag","embeddable":true,"href":"https:\/\/www.inverseteams.com\/fr\/wp-json\/wp\/v2\/product_tag?post=269466"},{"taxonomy":"custom_category","embeddable":true,"href":"https:\/\/www.inverseteams.com\/fr\/wp-json\/wp\/v2\/custom_category?post=269466"},{"taxonomy":"range","embeddable":true,"href":"https:\/\/www.inverseteams.com\/fr\/wp-json\/wp\/v2\/range?post=269466"}],"curies":[{"name":"wp","href":"https:\/\/api.w.org\/{rel}","templated":true}]}}