{"id":269463,"date":"2025-10-03T15:21:38","date_gmt":"2025-10-03T15:21:38","guid":{"rendered":"https:\/\/www.inverseteams.com\/?post_type=product&#038;p=269463"},"modified":"2026-02-20T11:56:05","modified_gmt":"2026-02-20T10:56:05","slug":"gilet-reversible-pure-tech-wine-black-femme","status":"publish","type":"product","link":"https:\/\/www.inverseteams.com\/fr\/produit\/gilet-reversible-pure-tech-wine-black-femme\/","title":{"rendered":"Gilet r\u00e9versible PURE TECH WINE\/BLACK (FEMME)"},"content":{"rendered":"<p>L&rsquo;\u00e9quipe de d\u00e9veloppement d&rsquo;Inverse a cr\u00e9\u00e9 ce gilet v\u00e9lo r\u00e9versible innovant pour multiplier vos dessins et faire l&rsquo;envie du groupe.<br \/>\nGr\u00e2ce \u00e0 son tissu \u00e0 membrane bidirectionnelle, ses propri\u00e9t\u00e9s sont les m\u00eames des deux c\u00f4t\u00e9s. Il est tr\u00e8s l\u00e9ger, coupe-vent et imperm\u00e9able. Id\u00e9al pour les descentes et les jours de temps variable.<br \/>\nLa moiti\u00e9 du dos est faite avec un tissu en maille pour augmenter la respirabilit\u00e9. \u00c9tant si fin et l\u00e9ger, vous pouvez facilement le garder dans la poche de votre maillot lorsque vous n\u2019en avez pas besoin. Il poss\u00e8de une fermeture \u00e9clair int\u00e9grale avec un syst\u00e8me anti-pull qui vous permettra de r\u00e9guler la ventilation pendant l\u2019exercice.<br \/>\nLes emmanchures sont finies avec un surfilage \u00e9lastique afin que le gilet s\u2019adapte au corps et emp\u00eache l\u2019air d\u2019entrer et d\u2019augmenter l\u2019a\u00e9rodynamisme. Dans la zone lombaire, il dispose de 2 ouvertures afin que vous puissiez acc\u00e9der rapidement et facilement aux poches du maillot de cyclisme.<br \/>\n\u00c0 la taille, il a une bande \u00e9lastique avec un grip en silicone antid\u00e9rapante \u00e0 l\u2019int\u00e9rieur pour garder le maillot bien ajust\u00e9 contre le corps. Il a \u00e9galement un d\u00e9tail r\u00e9fl\u00e9chissant pour augmenter votre s\u00e9curit\u00e9 sur la route. Profitez du v\u00e9lo sans soucis.<\/p>\n","protected":false},"excerpt":{"rendered":"<p>L&rsquo;\u00e9quipe de d\u00e9veloppement d&rsquo;Inverse a cr\u00e9\u00e9 ce gilet v\u00e9lo r\u00e9versible innovant pour multiplier vos dessins et faire l&rsquo;envie du groupe.<br \/>\nGr\u00e2ce \u00e0 son tissu \u00e0 membrane bidirectionnelle, ses propri\u00e9t\u00e9s sont les m\u00eames des deux c\u00f4t\u00e9s. Il est tr\u00e8s l\u00e9ger, coupe-vent et imperm\u00e9able. Id\u00e9al pour les descentes et les jours de temps variable.<br \/>\nLa moiti\u00e9 du dos est faite avec un tissu en maille pour augmenter la respirabilit\u00e9. \u00c9tant si fin et l\u00e9ger, vous pouvez facilement le garder dans la poche de votre maillot lorsque vous n\u2019en avez pas besoin. Il poss\u00e8de une fermeture \u00e9clair int\u00e9grale avec un syst\u00e8me anti-pull qui vous permettra de r\u00e9guler la ventilation pendant l\u2019exercice.<br \/>\nLes emmanchures sont finies avec un surfilage \u00e9lastique afin que le gilet s\u2019adapte au corps et emp\u00eache l\u2019air d\u2019entrer et d\u2019augmenter l\u2019a\u00e9rodynamisme. Dans la zone lombaire, il dispose de 2 ouvertures afin que vous puissiez acc\u00e9der rapidement et facilement aux poches du maillot de cyclisme.<br \/>\n\u00c0 la taille, il a une bande \u00e9lastique avec un grip en silicone antid\u00e9rapante \u00e0 l\u2019int\u00e9rieur pour garder le maillot bien ajust\u00e9 contre le corps. Il a \u00e9galement un d\u00e9tail r\u00e9fl\u00e9chissant pour augmenter votre s\u00e9curit\u00e9 sur la route. Profitez du v\u00e9lo sans soucis.<\/p>\n","protected":false},"featured_media":270851,"comment_status":"closed","ping_status":"closed","template":"","meta":{"_acf_changed":false},"product_brand":[],"product_cat":[3230,3255,7177],"product_tag":[],"custom_category":[],"range":[],"class_list":{"0":"post-269463","1":"product","2":"type-product","3":"status-publish","4":"has-post-thumbnail","6":"product_cat-cyclisme-fr","7":"product_cat-chaleco-ciclista-fr","8":"product_cat-b2b-fr","9":"pa_climatologia-temperature-chaude","10":"pa_climatologia-vent-fr","11":"pa_climatologia-pluie","12":"pa_deporte-cyclisme","13":"pa_genero-femme","14":"pa_patronaje-regular-fr","15":"pa_talla-l-fr","16":"pa_talla-m-fr","17":"pa_talla-s-fr","18":"pa_talla-xl-fr","19":"pa_talla-xs-fr","20":"pa_tipo-de-prenda-gilet","22":"first","23":"instock","24":"taxable","25":"shipping-taxable","26":"purchasable","27":"product-type-variable","28":"has-default-attributes"},"acf":[],"yoast_head":"<!-- This site is optimized with the Yoast SEO plugin v27.3 - https:\/\/yoast.com\/product\/yoast-seo-wordpress\/ -->\n<title>Gilet r\u00e9versible PURE TECH WINE\/BLACK (FEMME)<\/title>\n<meta name=\"description\" content=\"L&#039;\u00e9quipe de d\u00e9veloppement d&#039;Inverse a cr\u00e9\u00e9 ce gilet v\u00e9lo r\u00e9versible innovant pour multiplier vos dessins et faire l&#039;envie du groupe. Gr\u00e2ce \u00e0 son tissu \u00e0 membrane bidirectionnelle, ses propri\u00e9t\u00e9s sont les m\u00eames des deux c\u00f4t\u00e9s. Il est tr\u00e8s l\u00e9ger, coupe-vent et imperm\u00e9able. Id\u00e9al pour les descentes et les jours de temps variable. La moiti\u00e9 du dos est faite avec un tissu en maille pour augmenter la respirabilit\u00e9. \u00c9tant si fin et l\u00e9ger, vous pouvez facilement le garder dans la poche de votre maillot lorsque vous n\u2019en avez pas besoin. Il poss\u00e8de une fermeture \u00e9clair int\u00e9grale avec un syst\u00e8me anti-pull qui vous permettra de r\u00e9guler la ventilation pendant l\u2019exercice. Les emmanchures sont finies avec un surfilage \u00e9lastique afin que le gilet s\u2019adapte au corps et emp\u00eache l\u2019air d\u2019entrer et d\u2019augmenter l\u2019a\u00e9rodynamisme. Dans la zone lombaire, il dispose de 2 ouvertures afin que vous puissiez acc\u00e9der rapidement et facilement aux poches du maillot de cyclisme. \u00c0 la taille, il a une bande \u00e9lastique avec un grip en silicone antid\u00e9rapante \u00e0 l\u2019int\u00e9rieur pour garder le maillot bien ajust\u00e9 contre le corps. Il a \u00e9galement un d\u00e9tail r\u00e9fl\u00e9chissant pour augmenter votre s\u00e9curit\u00e9 sur la route. Profitez du v\u00e9lo sans soucis.\" \/>\n<meta name=\"robots\" content=\"index, follow, max-snippet:-1, max-image-preview:large, max-video-preview:-1\" \/>\n<link rel=\"canonical\" href=\"https:\/\/www.inverseteams.com\/fr\/produit\/gilet-reversible-pure-tech-wine-black-femme\/\" \/>\n<meta property=\"og:locale\" content=\"fr_FR\" \/>\n<meta property=\"og:type\" content=\"article\" \/>\n<meta property=\"og:title\" content=\"Gilet r\u00e9versible PURE TECH WINE\/BLACK (FEMME)\" \/>\n<meta property=\"og:description\" content=\"L&#039;\u00e9quipe de d\u00e9veloppement d&#039;Inverse a cr\u00e9\u00e9 ce gilet v\u00e9lo r\u00e9versible innovant pour multiplier vos dessins et faire l&#039;envie du groupe. Gr\u00e2ce \u00e0 son tissu \u00e0 membrane bidirectionnelle, ses propri\u00e9t\u00e9s sont les m\u00eames des deux c\u00f4t\u00e9s. Il est tr\u00e8s l\u00e9ger, coupe-vent et imperm\u00e9able. Id\u00e9al pour les descentes et les jours de temps variable. La moiti\u00e9 du dos est faite avec un tissu en maille pour augmenter la respirabilit\u00e9. \u00c9tant si fin et l\u00e9ger, vous pouvez facilement le garder dans la poche de votre maillot lorsque vous n\u2019en avez pas besoin. Il poss\u00e8de une fermeture \u00e9clair int\u00e9grale avec un syst\u00e8me anti-pull qui vous permettra de r\u00e9guler la ventilation pendant l\u2019exercice. Les emmanchures sont finies avec un surfilage \u00e9lastique afin que le gilet s\u2019adapte au corps et emp\u00eache l\u2019air d\u2019entrer et d\u2019augmenter l\u2019a\u00e9rodynamisme. Dans la zone lombaire, il dispose de 2 ouvertures afin que vous puissiez acc\u00e9der rapidement et facilement aux poches du maillot de cyclisme. \u00c0 la taille, il a une bande \u00e9lastique avec un grip en silicone antid\u00e9rapante \u00e0 l\u2019int\u00e9rieur pour garder le maillot bien ajust\u00e9 contre le corps. Il a \u00e9galement un d\u00e9tail r\u00e9fl\u00e9chissant pour augmenter votre s\u00e9curit\u00e9 sur la route. Profitez du v\u00e9lo sans soucis.\" \/>\n<meta property=\"og:url\" content=\"https:\/\/www.inverseteams.com\/fr\/produit\/gilet-reversible-pure-tech-wine-black-femme\/\" \/>\n<meta property=\"og:site_name\" content=\"Inverseteams\" \/>\n<meta property=\"article:publisher\" content=\"https:\/\/www.facebook.com\/inverseteams\" \/>\n<meta property=\"article:modified_time\" content=\"2026-02-20T10:56:05+00:00\" \/>\n<meta property=\"og:image\" content=\"https:\/\/www.inverseteams.com\/wp-content\/uploads\/INVERSE-CHALECO-MUJER-PURE-TECH-WINEBLACK-001.jpg\" \/>\n\t<meta property=\"og:image:width\" content=\"1500\" \/>\n\t<meta property=\"og:image:height\" content=\"1612\" \/>\n\t<meta property=\"og:image:type\" content=\"image\/jpeg\" \/>\n<meta name=\"twitter:card\" content=\"summary_large_image\" \/>\n<meta name=\"twitter:label1\" content=\"Dur\u00e9e de lecture estim\u00e9e\" \/>\n\t<meta name=\"twitter:data1\" content=\"2 minutes\" \/>\n<script type=\"application\/ld+json\" class=\"yoast-schema-graph\">{\"@context\":\"https:\\\/\\\/schema.org\",\"@graph\":[{\"@type\":\"WebPage\",\"@id\":\"https:\\\/\\\/www.inverseteams.com\\\/fr\\\/produit\\\/gilet-reversible-pure-tech-wine-black-femme\\\/\",\"url\":\"https:\\\/\\\/www.inverseteams.com\\\/fr\\\/produit\\\/gilet-reversible-pure-tech-wine-black-femme\\\/\",\"name\":\"Gilet r\u00e9versible PURE TECH WINE\\\/BLACK (FEMME)\",\"isPartOf\":{\"@id\":\"https:\\\/\\\/www.inverseteams.com\\\/fr\\\/#website\"},\"primaryImageOfPage\":{\"@id\":\"https:\\\/\\\/www.inverseteams.com\\\/fr\\\/produit\\\/gilet-reversible-pure-tech-wine-black-femme\\\/#primaryimage\"},\"image\":{\"@id\":\"https:\\\/\\\/www.inverseteams.com\\\/fr\\\/produit\\\/gilet-reversible-pure-tech-wine-black-femme\\\/#primaryimage\"},\"thumbnailUrl\":\"https:\\\/\\\/www.inverseteams.com\\\/wp-content\\\/uploads\\\/INVERSE-CHALECO-MUJER-PURE-TECH-WINEBLACK-001.jpg\",\"datePublished\":\"2025-10-03T15:21:38+00:00\",\"dateModified\":\"2026-02-20T10:56:05+00:00\",\"description\":\"L'\u00e9quipe de d\u00e9veloppement d'Inverse a cr\u00e9\u00e9 ce gilet v\u00e9lo r\u00e9versible innovant pour multiplier vos dessins et faire l'envie du groupe. Gr\u00e2ce \u00e0 son tissu \u00e0 membrane bidirectionnelle, ses propri\u00e9t\u00e9s sont les m\u00eames des deux c\u00f4t\u00e9s. Il est tr\u00e8s l\u00e9ger, coupe-vent et imperm\u00e9able. Id\u00e9al pour les descentes et les jours de temps variable. La moiti\u00e9 du dos est faite avec un tissu en maille pour augmenter la respirabilit\u00e9. \u00c9tant si fin et l\u00e9ger, vous pouvez facilement le garder dans la poche de votre maillot lorsque vous n\u2019en avez pas besoin. Il poss\u00e8de une fermeture \u00e9clair int\u00e9grale avec un syst\u00e8me anti-pull qui vous permettra de r\u00e9guler la ventilation pendant l\u2019exercice. Les emmanchures sont finies avec un surfilage \u00e9lastique afin que le gilet s\u2019adapte au corps et emp\u00eache l\u2019air d\u2019entrer et d\u2019augmenter l\u2019a\u00e9rodynamisme. Dans la zone lombaire, il dispose de 2 ouvertures afin que vous puissiez acc\u00e9der rapidement et facilement aux poches du maillot de cyclisme. \u00c0 la taille, il a une bande \u00e9lastique avec un grip en silicone antid\u00e9rapante \u00e0 l\u2019int\u00e9rieur pour garder le maillot bien ajust\u00e9 contre le corps. Il a \u00e9galement un d\u00e9tail r\u00e9fl\u00e9chissant pour augmenter votre s\u00e9curit\u00e9 sur la route. Profitez du v\u00e9lo sans soucis.\",\"breadcrumb\":{\"@id\":\"https:\\\/\\\/www.inverseteams.com\\\/fr\\\/produit\\\/gilet-reversible-pure-tech-wine-black-femme\\\/#breadcrumb\"},\"inLanguage\":\"fr-FR\",\"potentialAction\":[{\"@type\":\"ReadAction\",\"target\":[\"https:\\\/\\\/www.inverseteams.com\\\/fr\\\/produit\\\/gilet-reversible-pure-tech-wine-black-femme\\\/\"]}]},{\"@type\":\"ImageObject\",\"inLanguage\":\"fr-FR\",\"@id\":\"https:\\\/\\\/www.inverseteams.com\\\/fr\\\/produit\\\/gilet-reversible-pure-tech-wine-black-femme\\\/#primaryimage\",\"url\":\"https:\\\/\\\/www.inverseteams.com\\\/wp-content\\\/uploads\\\/INVERSE-CHALECO-MUJER-PURE-TECH-WINEBLACK-001.jpg\",\"contentUrl\":\"https:\\\/\\\/www.inverseteams.com\\\/wp-content\\\/uploads\\\/INVERSE-CHALECO-MUJER-PURE-TECH-WINEBLACK-001.jpg\",\"width\":1500,\"height\":1612},{\"@type\":\"BreadcrumbList\",\"@id\":\"https:\\\/\\\/www.inverseteams.com\\\/fr\\\/produit\\\/gilet-reversible-pure-tech-wine-black-femme\\\/#breadcrumb\",\"itemListElement\":[{\"@type\":\"ListItem\",\"position\":1,\"name\":\"Portada\",\"item\":\"https:\\\/\\\/www.inverseteams.com\\\/fr\\\/pagina-principal\\\/\"},{\"@type\":\"ListItem\",\"position\":2,\"name\":\"Panier\",\"item\":\"https:\\\/\\\/www.inverseteams.com\\\/fr\\\/panier\\\/\"},{\"@type\":\"ListItem\",\"position\":3,\"name\":\"Gilet r\u00e9versible PURE TECH WINE\\\/BLACK (FEMME)\"}]},{\"@type\":\"WebSite\",\"@id\":\"https:\\\/\\\/www.inverseteams.com\\\/fr\\\/#website\",\"url\":\"https:\\\/\\\/www.inverseteams.com\\\/fr\\\/\",\"name\":\"Inverseteams\",\"description\":\"Tu marca de ropa deportiva personalizada\",\"publisher\":{\"@id\":\"https:\\\/\\\/www.inverseteams.com\\\/fr\\\/#organization\"},\"potentialAction\":[{\"@type\":\"SearchAction\",\"target\":{\"@type\":\"EntryPoint\",\"urlTemplate\":\"https:\\\/\\\/www.inverseteams.com\\\/fr\\\/?s={search_term_string}\"},\"query-input\":{\"@type\":\"PropertyValueSpecification\",\"valueRequired\":true,\"valueName\":\"search_term_string\"}}],\"inLanguage\":\"fr-FR\"},{\"@type\":\"Organization\",\"@id\":\"https:\\\/\\\/www.inverseteams.com\\\/fr\\\/#organization\",\"name\":\"Inverse Teams\",\"url\":\"https:\\\/\\\/www.inverseteams.com\\\/fr\\\/\",\"logo\":{\"@type\":\"ImageObject\",\"inLanguage\":\"fr-FR\",\"@id\":\"https:\\\/\\\/www.inverseteams.com\\\/fr\\\/#\\\/schema\\\/logo\\\/image\\\/\",\"url\":\"http:\\\/\\\/www.inverseteams.com\\\/wp-content\\\/uploads\\\/2021\\\/03\\\/logo-inverse-teams.png\",\"contentUrl\":\"http:\\\/\\\/www.inverseteams.com\\\/wp-content\\\/uploads\\\/2021\\\/03\\\/logo-inverse-teams.png\",\"width\":294,\"height\":99,\"caption\":\"Inverse Teams\"},\"image\":{\"@id\":\"https:\\\/\\\/www.inverseteams.com\\\/fr\\\/#\\\/schema\\\/logo\\\/image\\\/\"},\"sameAs\":[\"https:\\\/\\\/www.facebook.com\\\/inverseteams\",\"http:\\\/\\\/instagram.com\\\/inverseteams\",\"https:\\\/\\\/www.linkedin.com\\\/company\\\/inverse-cirosport-s-l-?trk=job_view_topcard_company_name\",\"http:\\\/\\\/www.pinterest.com\\\/inverseteams\\\/\",\"http:\\\/\\\/www.youtube.com\\\/user\\\/inverseteams?feature=watch\"]}]}<\/script>\n<!-- \/ Yoast SEO plugin. -->","yoast_head_json":{"title":"Gilet r\u00e9versible PURE TECH WINE\/BLACK (FEMME)","description":"L'\u00e9quipe de d\u00e9veloppement d'Inverse a cr\u00e9\u00e9 ce gilet v\u00e9lo r\u00e9versible innovant pour multiplier vos dessins et faire l'envie du groupe. Gr\u00e2ce \u00e0 son tissu \u00e0 membrane bidirectionnelle, ses propri\u00e9t\u00e9s sont les m\u00eames des deux c\u00f4t\u00e9s. Il est tr\u00e8s l\u00e9ger, coupe-vent et imperm\u00e9able. Id\u00e9al pour les descentes et les jours de temps variable. La moiti\u00e9 du dos est faite avec un tissu en maille pour augmenter la respirabilit\u00e9. \u00c9tant si fin et l\u00e9ger, vous pouvez facilement le garder dans la poche de votre maillot lorsque vous n\u2019en avez pas besoin. Il poss\u00e8de une fermeture \u00e9clair int\u00e9grale avec un syst\u00e8me anti-pull qui vous permettra de r\u00e9guler la ventilation pendant l\u2019exercice. Les emmanchures sont finies avec un surfilage \u00e9lastique afin que le gilet s\u2019adapte au corps et emp\u00eache l\u2019air d\u2019entrer et d\u2019augmenter l\u2019a\u00e9rodynamisme. Dans la zone lombaire, il dispose de 2 ouvertures afin que vous puissiez acc\u00e9der rapidement et facilement aux poches du maillot de cyclisme. \u00c0 la taille, il a une bande \u00e9lastique avec un grip en silicone antid\u00e9rapante \u00e0 l\u2019int\u00e9rieur pour garder le maillot bien ajust\u00e9 contre le corps. Il a \u00e9galement un d\u00e9tail r\u00e9fl\u00e9chissant pour augmenter votre s\u00e9curit\u00e9 sur la route. Profitez du v\u00e9lo sans soucis.","robots":{"index":"index","follow":"follow","max-snippet":"max-snippet:-1","max-image-preview":"max-image-preview:large","max-video-preview":"max-video-preview:-1"},"canonical":"https:\/\/www.inverseteams.com\/fr\/produit\/gilet-reversible-pure-tech-wine-black-femme\/","og_locale":"fr_FR","og_type":"article","og_title":"Gilet r\u00e9versible PURE TECH WINE\/BLACK (FEMME)","og_description":"L'\u00e9quipe de d\u00e9veloppement d'Inverse a cr\u00e9\u00e9 ce gilet v\u00e9lo r\u00e9versible innovant pour multiplier vos dessins et faire l'envie du groupe. Gr\u00e2ce \u00e0 son tissu \u00e0 membrane bidirectionnelle, ses propri\u00e9t\u00e9s sont les m\u00eames des deux c\u00f4t\u00e9s. Il est tr\u00e8s l\u00e9ger, coupe-vent et imperm\u00e9able. Id\u00e9al pour les descentes et les jours de temps variable. La moiti\u00e9 du dos est faite avec un tissu en maille pour augmenter la respirabilit\u00e9. \u00c9tant si fin et l\u00e9ger, vous pouvez facilement le garder dans la poche de votre maillot lorsque vous n\u2019en avez pas besoin. Il poss\u00e8de une fermeture \u00e9clair int\u00e9grale avec un syst\u00e8me anti-pull qui vous permettra de r\u00e9guler la ventilation pendant l\u2019exercice. Les emmanchures sont finies avec un surfilage \u00e9lastique afin que le gilet s\u2019adapte au corps et emp\u00eache l\u2019air d\u2019entrer et d\u2019augmenter l\u2019a\u00e9rodynamisme. Dans la zone lombaire, il dispose de 2 ouvertures afin que vous puissiez acc\u00e9der rapidement et facilement aux poches du maillot de cyclisme. \u00c0 la taille, il a une bande \u00e9lastique avec un grip en silicone antid\u00e9rapante \u00e0 l\u2019int\u00e9rieur pour garder le maillot bien ajust\u00e9 contre le corps. Il a \u00e9galement un d\u00e9tail r\u00e9fl\u00e9chissant pour augmenter votre s\u00e9curit\u00e9 sur la route. Profitez du v\u00e9lo sans soucis.","og_url":"https:\/\/www.inverseteams.com\/fr\/produit\/gilet-reversible-pure-tech-wine-black-femme\/","og_site_name":"Inverseteams","article_publisher":"https:\/\/www.facebook.com\/inverseteams","article_modified_time":"2026-02-20T10:56:05+00:00","og_image":[{"width":1500,"height":1612,"url":"https:\/\/www.inverseteams.com\/wp-content\/uploads\/INVERSE-CHALECO-MUJER-PURE-TECH-WINEBLACK-001.jpg","type":"image\/jpeg"}],"twitter_card":"summary_large_image","twitter_misc":{"Dur\u00e9e de lecture estim\u00e9e":"2 minutes"},"schema":{"@context":"https:\/\/schema.org","@graph":[{"@type":"WebPage","@id":"https:\/\/www.inverseteams.com\/fr\/produit\/gilet-reversible-pure-tech-wine-black-femme\/","url":"https:\/\/www.inverseteams.com\/fr\/produit\/gilet-reversible-pure-tech-wine-black-femme\/","name":"Gilet r\u00e9versible PURE TECH WINE\/BLACK (FEMME)","isPartOf":{"@id":"https:\/\/www.inverseteams.com\/fr\/#website"},"primaryImageOfPage":{"@id":"https:\/\/www.inverseteams.com\/fr\/produit\/gilet-reversible-pure-tech-wine-black-femme\/#primaryimage"},"image":{"@id":"https:\/\/www.inverseteams.com\/fr\/produit\/gilet-reversible-pure-tech-wine-black-femme\/#primaryimage"},"thumbnailUrl":"https:\/\/www.inverseteams.com\/wp-content\/uploads\/INVERSE-CHALECO-MUJER-PURE-TECH-WINEBLACK-001.jpg","datePublished":"2025-10-03T15:21:38+00:00","dateModified":"2026-02-20T10:56:05+00:00","description":"L'\u00e9quipe de d\u00e9veloppement d'Inverse a cr\u00e9\u00e9 ce gilet v\u00e9lo r\u00e9versible innovant pour multiplier vos dessins et faire l'envie du groupe. Gr\u00e2ce \u00e0 son tissu \u00e0 membrane bidirectionnelle, ses propri\u00e9t\u00e9s sont les m\u00eames des deux c\u00f4t\u00e9s. Il est tr\u00e8s l\u00e9ger, coupe-vent et imperm\u00e9able. Id\u00e9al pour les descentes et les jours de temps variable. La moiti\u00e9 du dos est faite avec un tissu en maille pour augmenter la respirabilit\u00e9. \u00c9tant si fin et l\u00e9ger, vous pouvez facilement le garder dans la poche de votre maillot lorsque vous n\u2019en avez pas besoin. Il poss\u00e8de une fermeture \u00e9clair int\u00e9grale avec un syst\u00e8me anti-pull qui vous permettra de r\u00e9guler la ventilation pendant l\u2019exercice. Les emmanchures sont finies avec un surfilage \u00e9lastique afin que le gilet s\u2019adapte au corps et emp\u00eache l\u2019air d\u2019entrer et d\u2019augmenter l\u2019a\u00e9rodynamisme. Dans la zone lombaire, il dispose de 2 ouvertures afin que vous puissiez acc\u00e9der rapidement et facilement aux poches du maillot de cyclisme. \u00c0 la taille, il a une bande \u00e9lastique avec un grip en silicone antid\u00e9rapante \u00e0 l\u2019int\u00e9rieur pour garder le maillot bien ajust\u00e9 contre le corps. Il a \u00e9galement un d\u00e9tail r\u00e9fl\u00e9chissant pour augmenter votre s\u00e9curit\u00e9 sur la route. Profitez du v\u00e9lo sans soucis.","breadcrumb":{"@id":"https:\/\/www.inverseteams.com\/fr\/produit\/gilet-reversible-pure-tech-wine-black-femme\/#breadcrumb"},"inLanguage":"fr-FR","potentialAction":[{"@type":"ReadAction","target":["https:\/\/www.inverseteams.com\/fr\/produit\/gilet-reversible-pure-tech-wine-black-femme\/"]}]},{"@type":"ImageObject","inLanguage":"fr-FR","@id":"https:\/\/www.inverseteams.com\/fr\/produit\/gilet-reversible-pure-tech-wine-black-femme\/#primaryimage","url":"https:\/\/www.inverseteams.com\/wp-content\/uploads\/INVERSE-CHALECO-MUJER-PURE-TECH-WINEBLACK-001.jpg","contentUrl":"https:\/\/www.inverseteams.com\/wp-content\/uploads\/INVERSE-CHALECO-MUJER-PURE-TECH-WINEBLACK-001.jpg","width":1500,"height":1612},{"@type":"BreadcrumbList","@id":"https:\/\/www.inverseteams.com\/fr\/produit\/gilet-reversible-pure-tech-wine-black-femme\/#breadcrumb","itemListElement":[{"@type":"ListItem","position":1,"name":"Portada","item":"https:\/\/www.inverseteams.com\/fr\/pagina-principal\/"},{"@type":"ListItem","position":2,"name":"Panier","item":"https:\/\/www.inverseteams.com\/fr\/panier\/"},{"@type":"ListItem","position":3,"name":"Gilet r\u00e9versible PURE TECH WINE\/BLACK (FEMME)"}]},{"@type":"WebSite","@id":"https:\/\/www.inverseteams.com\/fr\/#website","url":"https:\/\/www.inverseteams.com\/fr\/","name":"Inverseteams","description":"Tu marca de ropa deportiva personalizada","publisher":{"@id":"https:\/\/www.inverseteams.com\/fr\/#organization"},"potentialAction":[{"@type":"SearchAction","target":{"@type":"EntryPoint","urlTemplate":"https:\/\/www.inverseteams.com\/fr\/?s={search_term_string}"},"query-input":{"@type":"PropertyValueSpecification","valueRequired":true,"valueName":"search_term_string"}}],"inLanguage":"fr-FR"},{"@type":"Organization","@id":"https:\/\/www.inverseteams.com\/fr\/#organization","name":"Inverse Teams","url":"https:\/\/www.inverseteams.com\/fr\/","logo":{"@type":"ImageObject","inLanguage":"fr-FR","@id":"https:\/\/www.inverseteams.com\/fr\/#\/schema\/logo\/image\/","url":"https:\/\/www.inverseteams.com\/wp-content\/uploads\/2021\/03\/logo-inverse-teams.png","contentUrl":"https:\/\/www.inverseteams.com\/wp-content\/uploads\/2021\/03\/logo-inverse-teams.png","width":294,"height":99,"caption":"Inverse Teams"},"image":{"@id":"https:\/\/www.inverseteams.com\/fr\/#\/schema\/logo\/image\/"},"sameAs":["https:\/\/www.facebook.com\/inverseteams","http:\/\/instagram.com\/inverseteams","https:\/\/www.linkedin.com\/company\/inverse-cirosport-s-l-?trk=job_view_topcard_company_name","http:\/\/www.pinterest.com\/inverseteams\/","http:\/\/www.youtube.com\/user\/inverseteams?feature=watch"]}]}},"_links":{"self":[{"href":"https:\/\/www.inverseteams.com\/fr\/wp-json\/wp\/v2\/product\/269463","targetHints":{"allow":["GET"]}}],"collection":[{"href":"https:\/\/www.inverseteams.com\/fr\/wp-json\/wp\/v2\/product"}],"about":[{"href":"https:\/\/www.inverseteams.com\/fr\/wp-json\/wp\/v2\/types\/product"}],"replies":[{"embeddable":true,"href":"https:\/\/www.inverseteams.com\/fr\/wp-json\/wp\/v2\/comments?post=269463"}],"wp:featuredmedia":[{"embeddable":true,"href":"https:\/\/www.inverseteams.com\/fr\/wp-json\/wp\/v2\/media\/270851"}],"wp:attachment":[{"href":"https:\/\/www.inverseteams.com\/fr\/wp-json\/wp\/v2\/media?parent=269463"}],"wp:term":[{"taxonomy":"product_brand","embeddable":true,"href":"https:\/\/www.inverseteams.com\/fr\/wp-json\/wp\/v2\/product_brand?post=269463"},{"taxonomy":"product_cat","embeddable":true,"href":"https:\/\/www.inverseteams.com\/fr\/wp-json\/wp\/v2\/product_cat?post=269463"},{"taxonomy":"product_tag","embeddable":true,"href":"https:\/\/www.inverseteams.com\/fr\/wp-json\/wp\/v2\/product_tag?post=269463"},{"taxonomy":"custom_category","embeddable":true,"href":"https:\/\/www.inverseteams.com\/fr\/wp-json\/wp\/v2\/custom_category?post=269463"},{"taxonomy":"range","embeddable":true,"href":"https:\/\/www.inverseteams.com\/fr\/wp-json\/wp\/v2\/range?post=269463"}],"curies":[{"name":"wp","href":"https:\/\/api.w.org\/{rel}","templated":true}]}}