{"id":269461,"date":"2025-10-03T15:18:19","date_gmt":"2025-10-03T15:18:19","guid":{"rendered":"https:\/\/www.inverseteams.com\/?post_type=product&#038;p=269461"},"modified":"2026-02-20T11:55:53","modified_gmt":"2026-02-20T10:55:53","slug":"maillot-cycliste-manche-longue-pure-level-black-femme","status":"publish","type":"product","link":"https:\/\/www.inverseteams.com\/fr\/produit\/maillot-cycliste-manche-longue-pure-level-black-femme\/","title":{"rendered":"Maillot cycliste manche longue PURE LEVEL BLACK (FEMME)"},"content":{"rendered":"<p>Maillot de cyclisme femme haut de gamme, \u00e0 la coupe ajust\u00e9e pour un meilleur a\u00e9rodynamisme \u00e0 v\u00e9lo. Dot\u00e9 d&rsquo;une construction innovante alliant adaptabilit\u00e9 et compression, il offre un design ergonomique pour un confort accru.<br \/>\nLe devant, les manches et le dos sont confectionn\u00e9s en tissu thermique SUPERROUBAIX, tandis que les c\u00f4t\u00e9s int\u00e8grent le tissu CYCLON pour une meilleure respirabilit\u00e9. Les poignets en mousse offrent un maintien souple. Le col est dot\u00e9 d&rsquo;un empi\u00e8cement int\u00e9rieur de type SCUBA pour un ajustement plus adaptable. Nouveaut\u00e9\u00a0: une bande textile en silicone faisant \u00e9galement office de cintre.<br \/>\nLe dos comporte trois poches et une poche suppl\u00e9mentaire en filet pour un acc\u00e8s facile. Il comprend \u00e9galement des poches suppl\u00e9mentaires sur les c\u00f4t\u00e9s. La ceinture est orn\u00e9e d&rsquo;une bordure \u00e9lastique en silicone.<\/p>\n","protected":false},"excerpt":{"rendered":"<p>Maillot de cyclisme femme haut de gamme, \u00e0 la coupe ajust\u00e9e pour un meilleur a\u00e9rodynamisme \u00e0 v\u00e9lo. Dot\u00e9 d&rsquo;une construction innovante alliant adaptabilit\u00e9 et compression, il offre un design ergonomique pour un confort accru.<br \/>\nLe devant, les manches et le dos sont confectionn\u00e9s en tissu thermique SUPERROUBAIX, tandis que les c\u00f4t\u00e9s int\u00e8grent le tissu CYCLON pour une meilleure respirabilit\u00e9. Les poignets en mousse offrent un maintien souple. Le col est dot\u00e9 d&rsquo;un empi\u00e8cement int\u00e9rieur de type SCUBA pour un ajustement plus adaptable. Nouveaut\u00e9\u00a0: une bande textile en silicone faisant \u00e9galement office de cintre.<br \/>\nLe dos comporte trois poches et une poche suppl\u00e9mentaire en filet pour un acc\u00e8s facile. Il comprend \u00e9galement des poches suppl\u00e9mentaires sur les c\u00f4t\u00e9s. La ceinture est orn\u00e9e d&rsquo;une bordure \u00e9lastique en silicone.<\/p>\n","protected":false},"featured_media":269893,"comment_status":"closed","ping_status":"closed","template":"","meta":{"_acf_changed":false},"product_brand":[],"product_cat":[3230,3240,7177],"product_tag":[],"custom_category":[],"range":[],"class_list":{"0":"post-269461","1":"product","2":"type-product","3":"status-publish","4":"has-post-thumbnail","6":"product_cat-cyclisme-fr","7":"product_cat-maillot-cycliste","8":"product_cat-b2b-fr","9":"pa_climatologia-froid","10":"pa_deporte-cyclisme","11":"pa_genero-femme","12":"pa_patronaje-fit-fr","13":"pa_talla-l-fr","14":"pa_talla-m-fr","15":"pa_talla-s-fr","16":"pa_talla-xl-fr","17":"pa_talla-xs-fr","18":"pa_tipo-de-prenda-maillot-manche-longue","20":"first","21":"instock","22":"taxable","23":"shipping-taxable","24":"purchasable","25":"product-type-variable","26":"has-default-attributes"},"acf":[],"yoast_head":"<!-- This site is optimized with the Yoast SEO plugin v27.3 - https:\/\/yoast.com\/product\/yoast-seo-wordpress\/ -->\n<title>Maillot cycliste manche longue PURE LEVEL BLACK (FEMME)<\/title>\n<meta name=\"description\" content=\"Maillot de cyclisme femme haut de gamme, \u00e0 la coupe ajust\u00e9e pour un meilleur a\u00e9rodynamisme \u00e0 v\u00e9lo. Dot\u00e9 d&#039;une construction innovante alliant adaptabilit\u00e9 et compression, il offre un design ergonomique pour un confort accru. Le devant, les manches et le dos sont confectionn\u00e9s en tissu thermique SUPERROUBAIX, tandis que les c\u00f4t\u00e9s int\u00e8grent le tissu CYCLON pour une meilleure respirabilit\u00e9. Les poignets en mousse offrent un maintien souple. Le col est dot\u00e9 d&#039;un empi\u00e8cement int\u00e9rieur de type SCUBA pour un ajustement plus adaptable. Nouveaut\u00e9\u00a0: une bande textile en silicone faisant \u00e9galement office de cintre. Le dos comporte trois poches et une poche suppl\u00e9mentaire en filet pour un acc\u00e8s facile. Il comprend \u00e9galement des poches suppl\u00e9mentaires sur les c\u00f4t\u00e9s. La ceinture est orn\u00e9e d&#039;une bordure \u00e9lastique en silicone.\" \/>\n<meta name=\"robots\" content=\"index, follow, max-snippet:-1, max-image-preview:large, max-video-preview:-1\" \/>\n<link rel=\"canonical\" href=\"https:\/\/www.inverseteams.com\/fr\/produit\/maillot-cycliste-manche-longue-pure-level-black-femme\/\" \/>\n<meta property=\"og:locale\" content=\"fr_FR\" \/>\n<meta property=\"og:type\" content=\"article\" \/>\n<meta property=\"og:title\" content=\"Maillot cycliste manche longue PURE LEVEL BLACK (FEMME)\" \/>\n<meta property=\"og:description\" content=\"Maillot de cyclisme femme haut de gamme, \u00e0 la coupe ajust\u00e9e pour un meilleur a\u00e9rodynamisme \u00e0 v\u00e9lo. Dot\u00e9 d&#039;une construction innovante alliant adaptabilit\u00e9 et compression, il offre un design ergonomique pour un confort accru. Le devant, les manches et le dos sont confectionn\u00e9s en tissu thermique SUPERROUBAIX, tandis que les c\u00f4t\u00e9s int\u00e8grent le tissu CYCLON pour une meilleure respirabilit\u00e9. Les poignets en mousse offrent un maintien souple. Le col est dot\u00e9 d&#039;un empi\u00e8cement int\u00e9rieur de type SCUBA pour un ajustement plus adaptable. Nouveaut\u00e9\u00a0: une bande textile en silicone faisant \u00e9galement office de cintre. Le dos comporte trois poches et une poche suppl\u00e9mentaire en filet pour un acc\u00e8s facile. Il comprend \u00e9galement des poches suppl\u00e9mentaires sur les c\u00f4t\u00e9s. La ceinture est orn\u00e9e d&#039;une bordure \u00e9lastique en silicone.\" \/>\n<meta property=\"og:url\" content=\"https:\/\/www.inverseteams.com\/fr\/produit\/maillot-cycliste-manche-longue-pure-level-black-femme\/\" \/>\n<meta property=\"og:site_name\" content=\"Inverseteams\" \/>\n<meta property=\"article:publisher\" content=\"https:\/\/www.facebook.com\/inverseteams\" \/>\n<meta property=\"article:modified_time\" content=\"2026-02-20T10:55:53+00:00\" \/>\n<meta property=\"og:image\" content=\"https:\/\/www.inverseteams.com\/wp-content\/uploads\/INVERSE-MAILLOT-MUJER-PURE-LEVEL-BLACK-001.jpg\" \/>\n\t<meta property=\"og:image:width\" content=\"1500\" \/>\n\t<meta property=\"og:image:height\" content=\"1612\" \/>\n\t<meta property=\"og:image:type\" content=\"image\/jpeg\" \/>\n<meta name=\"twitter:card\" content=\"summary_large_image\" \/>\n<meta name=\"twitter:label1\" content=\"Dur\u00e9e de lecture estim\u00e9e\" \/>\n\t<meta name=\"twitter:data1\" content=\"1 minute\" \/>\n<script type=\"application\/ld+json\" class=\"yoast-schema-graph\">{\"@context\":\"https:\\\/\\\/schema.org\",\"@graph\":[{\"@type\":\"WebPage\",\"@id\":\"https:\\\/\\\/www.inverseteams.com\\\/fr\\\/produit\\\/maillot-cycliste-manche-longue-pure-level-black-femme\\\/\",\"url\":\"https:\\\/\\\/www.inverseteams.com\\\/fr\\\/produit\\\/maillot-cycliste-manche-longue-pure-level-black-femme\\\/\",\"name\":\"Maillot cycliste manche longue PURE LEVEL BLACK (FEMME)\",\"isPartOf\":{\"@id\":\"https:\\\/\\\/www.inverseteams.com\\\/fr\\\/#website\"},\"primaryImageOfPage\":{\"@id\":\"https:\\\/\\\/www.inverseteams.com\\\/fr\\\/produit\\\/maillot-cycliste-manche-longue-pure-level-black-femme\\\/#primaryimage\"},\"image\":{\"@id\":\"https:\\\/\\\/www.inverseteams.com\\\/fr\\\/produit\\\/maillot-cycliste-manche-longue-pure-level-black-femme\\\/#primaryimage\"},\"thumbnailUrl\":\"https:\\\/\\\/www.inverseteams.com\\\/wp-content\\\/uploads\\\/INVERSE-MAILLOT-MUJER-PURE-LEVEL-BLACK-001.jpg\",\"datePublished\":\"2025-10-03T15:18:19+00:00\",\"dateModified\":\"2026-02-20T10:55:53+00:00\",\"description\":\"Maillot de cyclisme femme haut de gamme, \u00e0 la coupe ajust\u00e9e pour un meilleur a\u00e9rodynamisme \u00e0 v\u00e9lo. Dot\u00e9 d'une construction innovante alliant adaptabilit\u00e9 et compression, il offre un design ergonomique pour un confort accru. Le devant, les manches et le dos sont confectionn\u00e9s en tissu thermique SUPERROUBAIX, tandis que les c\u00f4t\u00e9s int\u00e8grent le tissu CYCLON pour une meilleure respirabilit\u00e9. Les poignets en mousse offrent un maintien souple. Le col est dot\u00e9 d'un empi\u00e8cement int\u00e9rieur de type SCUBA pour un ajustement plus adaptable. Nouveaut\u00e9\u00a0: une bande textile en silicone faisant \u00e9galement office de cintre. Le dos comporte trois poches et une poche suppl\u00e9mentaire en filet pour un acc\u00e8s facile. Il comprend \u00e9galement des poches suppl\u00e9mentaires sur les c\u00f4t\u00e9s. La ceinture est orn\u00e9e d'une bordure \u00e9lastique en silicone.\",\"breadcrumb\":{\"@id\":\"https:\\\/\\\/www.inverseteams.com\\\/fr\\\/produit\\\/maillot-cycliste-manche-longue-pure-level-black-femme\\\/#breadcrumb\"},\"inLanguage\":\"fr-FR\",\"potentialAction\":[{\"@type\":\"ReadAction\",\"target\":[\"https:\\\/\\\/www.inverseteams.com\\\/fr\\\/produit\\\/maillot-cycliste-manche-longue-pure-level-black-femme\\\/\"]}]},{\"@type\":\"ImageObject\",\"inLanguage\":\"fr-FR\",\"@id\":\"https:\\\/\\\/www.inverseteams.com\\\/fr\\\/produit\\\/maillot-cycliste-manche-longue-pure-level-black-femme\\\/#primaryimage\",\"url\":\"https:\\\/\\\/www.inverseteams.com\\\/wp-content\\\/uploads\\\/INVERSE-MAILLOT-MUJER-PURE-LEVEL-BLACK-001.jpg\",\"contentUrl\":\"https:\\\/\\\/www.inverseteams.com\\\/wp-content\\\/uploads\\\/INVERSE-MAILLOT-MUJER-PURE-LEVEL-BLACK-001.jpg\",\"width\":1500,\"height\":1612},{\"@type\":\"BreadcrumbList\",\"@id\":\"https:\\\/\\\/www.inverseteams.com\\\/fr\\\/produit\\\/maillot-cycliste-manche-longue-pure-level-black-femme\\\/#breadcrumb\",\"itemListElement\":[{\"@type\":\"ListItem\",\"position\":1,\"name\":\"Portada\",\"item\":\"https:\\\/\\\/www.inverseteams.com\\\/fr\\\/pagina-principal\\\/\"},{\"@type\":\"ListItem\",\"position\":2,\"name\":\"Panier\",\"item\":\"https:\\\/\\\/www.inverseteams.com\\\/fr\\\/panier\\\/\"},{\"@type\":\"ListItem\",\"position\":3,\"name\":\"Maillot cycliste manche longue PURE LEVEL BLACK (FEMME)\"}]},{\"@type\":\"WebSite\",\"@id\":\"https:\\\/\\\/www.inverseteams.com\\\/fr\\\/#website\",\"url\":\"https:\\\/\\\/www.inverseteams.com\\\/fr\\\/\",\"name\":\"Inverseteams\",\"description\":\"Tu marca de ropa deportiva personalizada\",\"publisher\":{\"@id\":\"https:\\\/\\\/www.inverseteams.com\\\/fr\\\/#organization\"},\"potentialAction\":[{\"@type\":\"SearchAction\",\"target\":{\"@type\":\"EntryPoint\",\"urlTemplate\":\"https:\\\/\\\/www.inverseteams.com\\\/fr\\\/?s={search_term_string}\"},\"query-input\":{\"@type\":\"PropertyValueSpecification\",\"valueRequired\":true,\"valueName\":\"search_term_string\"}}],\"inLanguage\":\"fr-FR\"},{\"@type\":\"Organization\",\"@id\":\"https:\\\/\\\/www.inverseteams.com\\\/fr\\\/#organization\",\"name\":\"Inverse Teams\",\"url\":\"https:\\\/\\\/www.inverseteams.com\\\/fr\\\/\",\"logo\":{\"@type\":\"ImageObject\",\"inLanguage\":\"fr-FR\",\"@id\":\"https:\\\/\\\/www.inverseteams.com\\\/fr\\\/#\\\/schema\\\/logo\\\/image\\\/\",\"url\":\"http:\\\/\\\/www.inverseteams.com\\\/wp-content\\\/uploads\\\/2021\\\/03\\\/logo-inverse-teams.png\",\"contentUrl\":\"http:\\\/\\\/www.inverseteams.com\\\/wp-content\\\/uploads\\\/2021\\\/03\\\/logo-inverse-teams.png\",\"width\":294,\"height\":99,\"caption\":\"Inverse Teams\"},\"image\":{\"@id\":\"https:\\\/\\\/www.inverseteams.com\\\/fr\\\/#\\\/schema\\\/logo\\\/image\\\/\"},\"sameAs\":[\"https:\\\/\\\/www.facebook.com\\\/inverseteams\",\"http:\\\/\\\/instagram.com\\\/inverseteams\",\"https:\\\/\\\/www.linkedin.com\\\/company\\\/inverse-cirosport-s-l-?trk=job_view_topcard_company_name\",\"http:\\\/\\\/www.pinterest.com\\\/inverseteams\\\/\",\"http:\\\/\\\/www.youtube.com\\\/user\\\/inverseteams?feature=watch\"]}]}<\/script>\n<!-- \/ Yoast SEO plugin. -->","yoast_head_json":{"title":"Maillot cycliste manche longue PURE LEVEL BLACK (FEMME)","description":"Maillot de cyclisme femme haut de gamme, \u00e0 la coupe ajust\u00e9e pour un meilleur a\u00e9rodynamisme \u00e0 v\u00e9lo. Dot\u00e9 d'une construction innovante alliant adaptabilit\u00e9 et compression, il offre un design ergonomique pour un confort accru. Le devant, les manches et le dos sont confectionn\u00e9s en tissu thermique SUPERROUBAIX, tandis que les c\u00f4t\u00e9s int\u00e8grent le tissu CYCLON pour une meilleure respirabilit\u00e9. Les poignets en mousse offrent un maintien souple. Le col est dot\u00e9 d'un empi\u00e8cement int\u00e9rieur de type SCUBA pour un ajustement plus adaptable. Nouveaut\u00e9\u00a0: une bande textile en silicone faisant \u00e9galement office de cintre. Le dos comporte trois poches et une poche suppl\u00e9mentaire en filet pour un acc\u00e8s facile. Il comprend \u00e9galement des poches suppl\u00e9mentaires sur les c\u00f4t\u00e9s. La ceinture est orn\u00e9e d'une bordure \u00e9lastique en silicone.","robots":{"index":"index","follow":"follow","max-snippet":"max-snippet:-1","max-image-preview":"max-image-preview:large","max-video-preview":"max-video-preview:-1"},"canonical":"https:\/\/www.inverseteams.com\/fr\/produit\/maillot-cycliste-manche-longue-pure-level-black-femme\/","og_locale":"fr_FR","og_type":"article","og_title":"Maillot cycliste manche longue PURE LEVEL BLACK (FEMME)","og_description":"Maillot de cyclisme femme haut de gamme, \u00e0 la coupe ajust\u00e9e pour un meilleur a\u00e9rodynamisme \u00e0 v\u00e9lo. Dot\u00e9 d'une construction innovante alliant adaptabilit\u00e9 et compression, il offre un design ergonomique pour un confort accru. Le devant, les manches et le dos sont confectionn\u00e9s en tissu thermique SUPERROUBAIX, tandis que les c\u00f4t\u00e9s int\u00e8grent le tissu CYCLON pour une meilleure respirabilit\u00e9. Les poignets en mousse offrent un maintien souple. Le col est dot\u00e9 d'un empi\u00e8cement int\u00e9rieur de type SCUBA pour un ajustement plus adaptable. Nouveaut\u00e9\u00a0: une bande textile en silicone faisant \u00e9galement office de cintre. Le dos comporte trois poches et une poche suppl\u00e9mentaire en filet pour un acc\u00e8s facile. Il comprend \u00e9galement des poches suppl\u00e9mentaires sur les c\u00f4t\u00e9s. La ceinture est orn\u00e9e d'une bordure \u00e9lastique en silicone.","og_url":"https:\/\/www.inverseteams.com\/fr\/produit\/maillot-cycliste-manche-longue-pure-level-black-femme\/","og_site_name":"Inverseteams","article_publisher":"https:\/\/www.facebook.com\/inverseteams","article_modified_time":"2026-02-20T10:55:53+00:00","og_image":[{"width":1500,"height":1612,"url":"https:\/\/www.inverseteams.com\/wp-content\/uploads\/INVERSE-MAILLOT-MUJER-PURE-LEVEL-BLACK-001.jpg","type":"image\/jpeg"}],"twitter_card":"summary_large_image","twitter_misc":{"Dur\u00e9e de lecture estim\u00e9e":"1 minute"},"schema":{"@context":"https:\/\/schema.org","@graph":[{"@type":"WebPage","@id":"https:\/\/www.inverseteams.com\/fr\/produit\/maillot-cycliste-manche-longue-pure-level-black-femme\/","url":"https:\/\/www.inverseteams.com\/fr\/produit\/maillot-cycliste-manche-longue-pure-level-black-femme\/","name":"Maillot cycliste manche longue PURE LEVEL BLACK (FEMME)","isPartOf":{"@id":"https:\/\/www.inverseteams.com\/fr\/#website"},"primaryImageOfPage":{"@id":"https:\/\/www.inverseteams.com\/fr\/produit\/maillot-cycliste-manche-longue-pure-level-black-femme\/#primaryimage"},"image":{"@id":"https:\/\/www.inverseteams.com\/fr\/produit\/maillot-cycliste-manche-longue-pure-level-black-femme\/#primaryimage"},"thumbnailUrl":"https:\/\/www.inverseteams.com\/wp-content\/uploads\/INVERSE-MAILLOT-MUJER-PURE-LEVEL-BLACK-001.jpg","datePublished":"2025-10-03T15:18:19+00:00","dateModified":"2026-02-20T10:55:53+00:00","description":"Maillot de cyclisme femme haut de gamme, \u00e0 la coupe ajust\u00e9e pour un meilleur a\u00e9rodynamisme \u00e0 v\u00e9lo. Dot\u00e9 d'une construction innovante alliant adaptabilit\u00e9 et compression, il offre un design ergonomique pour un confort accru. Le devant, les manches et le dos sont confectionn\u00e9s en tissu thermique SUPERROUBAIX, tandis que les c\u00f4t\u00e9s int\u00e8grent le tissu CYCLON pour une meilleure respirabilit\u00e9. Les poignets en mousse offrent un maintien souple. Le col est dot\u00e9 d'un empi\u00e8cement int\u00e9rieur de type SCUBA pour un ajustement plus adaptable. Nouveaut\u00e9\u00a0: une bande textile en silicone faisant \u00e9galement office de cintre. Le dos comporte trois poches et une poche suppl\u00e9mentaire en filet pour un acc\u00e8s facile. Il comprend \u00e9galement des poches suppl\u00e9mentaires sur les c\u00f4t\u00e9s. La ceinture est orn\u00e9e d'une bordure \u00e9lastique en silicone.","breadcrumb":{"@id":"https:\/\/www.inverseteams.com\/fr\/produit\/maillot-cycliste-manche-longue-pure-level-black-femme\/#breadcrumb"},"inLanguage":"fr-FR","potentialAction":[{"@type":"ReadAction","target":["https:\/\/www.inverseteams.com\/fr\/produit\/maillot-cycliste-manche-longue-pure-level-black-femme\/"]}]},{"@type":"ImageObject","inLanguage":"fr-FR","@id":"https:\/\/www.inverseteams.com\/fr\/produit\/maillot-cycliste-manche-longue-pure-level-black-femme\/#primaryimage","url":"https:\/\/www.inverseteams.com\/wp-content\/uploads\/INVERSE-MAILLOT-MUJER-PURE-LEVEL-BLACK-001.jpg","contentUrl":"https:\/\/www.inverseteams.com\/wp-content\/uploads\/INVERSE-MAILLOT-MUJER-PURE-LEVEL-BLACK-001.jpg","width":1500,"height":1612},{"@type":"BreadcrumbList","@id":"https:\/\/www.inverseteams.com\/fr\/produit\/maillot-cycliste-manche-longue-pure-level-black-femme\/#breadcrumb","itemListElement":[{"@type":"ListItem","position":1,"name":"Portada","item":"https:\/\/www.inverseteams.com\/fr\/pagina-principal\/"},{"@type":"ListItem","position":2,"name":"Panier","item":"https:\/\/www.inverseteams.com\/fr\/panier\/"},{"@type":"ListItem","position":3,"name":"Maillot cycliste manche longue PURE LEVEL BLACK (FEMME)"}]},{"@type":"WebSite","@id":"https:\/\/www.inverseteams.com\/fr\/#website","url":"https:\/\/www.inverseteams.com\/fr\/","name":"Inverseteams","description":"Tu marca de ropa deportiva personalizada","publisher":{"@id":"https:\/\/www.inverseteams.com\/fr\/#organization"},"potentialAction":[{"@type":"SearchAction","target":{"@type":"EntryPoint","urlTemplate":"https:\/\/www.inverseteams.com\/fr\/?s={search_term_string}"},"query-input":{"@type":"PropertyValueSpecification","valueRequired":true,"valueName":"search_term_string"}}],"inLanguage":"fr-FR"},{"@type":"Organization","@id":"https:\/\/www.inverseteams.com\/fr\/#organization","name":"Inverse Teams","url":"https:\/\/www.inverseteams.com\/fr\/","logo":{"@type":"ImageObject","inLanguage":"fr-FR","@id":"https:\/\/www.inverseteams.com\/fr\/#\/schema\/logo\/image\/","url":"https:\/\/www.inverseteams.com\/wp-content\/uploads\/2021\/03\/logo-inverse-teams.png","contentUrl":"https:\/\/www.inverseteams.com\/wp-content\/uploads\/2021\/03\/logo-inverse-teams.png","width":294,"height":99,"caption":"Inverse Teams"},"image":{"@id":"https:\/\/www.inverseteams.com\/fr\/#\/schema\/logo\/image\/"},"sameAs":["https:\/\/www.facebook.com\/inverseteams","http:\/\/instagram.com\/inverseteams","https:\/\/www.linkedin.com\/company\/inverse-cirosport-s-l-?trk=job_view_topcard_company_name","http:\/\/www.pinterest.com\/inverseteams\/","http:\/\/www.youtube.com\/user\/inverseteams?feature=watch"]}]}},"_links":{"self":[{"href":"https:\/\/www.inverseteams.com\/fr\/wp-json\/wp\/v2\/product\/269461","targetHints":{"allow":["GET"]}}],"collection":[{"href":"https:\/\/www.inverseteams.com\/fr\/wp-json\/wp\/v2\/product"}],"about":[{"href":"https:\/\/www.inverseteams.com\/fr\/wp-json\/wp\/v2\/types\/product"}],"replies":[{"embeddable":true,"href":"https:\/\/www.inverseteams.com\/fr\/wp-json\/wp\/v2\/comments?post=269461"}],"wp:featuredmedia":[{"embeddable":true,"href":"https:\/\/www.inverseteams.com\/fr\/wp-json\/wp\/v2\/media\/269893"}],"wp:attachment":[{"href":"https:\/\/www.inverseteams.com\/fr\/wp-json\/wp\/v2\/media?parent=269461"}],"wp:term":[{"taxonomy":"product_brand","embeddable":true,"href":"https:\/\/www.inverseteams.com\/fr\/wp-json\/wp\/v2\/product_brand?post=269461"},{"taxonomy":"product_cat","embeddable":true,"href":"https:\/\/www.inverseteams.com\/fr\/wp-json\/wp\/v2\/product_cat?post=269461"},{"taxonomy":"product_tag","embeddable":true,"href":"https:\/\/www.inverseteams.com\/fr\/wp-json\/wp\/v2\/product_tag?post=269461"},{"taxonomy":"custom_category","embeddable":true,"href":"https:\/\/www.inverseteams.com\/fr\/wp-json\/wp\/v2\/custom_category?post=269461"},{"taxonomy":"range","embeddable":true,"href":"https:\/\/www.inverseteams.com\/fr\/wp-json\/wp\/v2\/range?post=269461"}],"curies":[{"name":"wp","href":"https:\/\/api.w.org\/{rel}","templated":true}]}}