{"id":269452,"date":"2025-10-03T15:04:43","date_gmt":"2025-10-03T15:04:43","guid":{"rendered":"https:\/\/www.inverseteams.com\/?post_type=product&#038;p=269452"},"modified":"2026-02-20T11:56:01","modified_gmt":"2026-02-20T10:56:01","slug":"maillot-manche-longue-motion-dark-brown-homme","status":"publish","type":"product","link":"https:\/\/www.inverseteams.com\/fr\/produit\/maillot-manche-longue-motion-dark-brown-homme\/","title":{"rendered":"Maillot manche longue MOTION DARK BROWN (HOMME)"},"content":{"rendered":"<p>Maillot de cyclisme thermique pour homme con\u00e7u pour offrir confort et performance par basses temp\u00e9ratures.<br \/>\nLe devant et le col sont confectionn\u00e9s en tissu thermique SUPERROUBAIX, chaud et doux au toucher. Il est dot\u00e9 d&#8217;empi\u00e8cements en tissu CYCLON sous les aisselles \u00e0 structure ouverte pour une meilleure respirabilit\u00e9.<br \/>\nLe col montant anatomique offre un ajustement parfait. Les poignets d\u00e9coup\u00e9s au laser et cousus \u00e0 plat int\u00e8grent des empi\u00e8cements en tissu \u00ab\u00a0X\u00a0\u00bb (HORUS) qui enveloppent les poignets sans laisser d&rsquo;espace, permettant ainsi l&rsquo;utilisation de gants sans frottement.<br \/>\nIl comprend trois poches arri\u00e8re avec syst\u00e8me de s\u00e9curit\u00e9 ISP. Il offre un ajustement parfait \u00e0 la taille gr\u00e2ce \u00e0 un \u00e9lastique en silicone personnalis\u00e9.<\/p>\n","protected":false},"excerpt":{"rendered":"<p>Maillot de cyclisme thermique pour homme con\u00e7u pour offrir confort et performance par basses temp\u00e9ratures.<br \/>\nLe devant et le col sont confectionn\u00e9s en tissu thermique SUPERROUBAIX, chaud et doux au toucher. Il est dot\u00e9 d&#8217;empi\u00e8cements en tissu CYCLON sous les aisselles \u00e0 structure ouverte pour une meilleure respirabilit\u00e9.<br \/>\nLe col montant anatomique offre un ajustement parfait. Les poignets d\u00e9coup\u00e9s au laser et cousus \u00e0 plat int\u00e8grent des empi\u00e8cements en tissu \u00ab\u00a0X\u00a0\u00bb (HORUS) qui enveloppent les poignets sans laisser d&rsquo;espace, permettant ainsi l&rsquo;utilisation de gants sans frottement.<br \/>\nIl comprend trois poches arri\u00e8re avec syst\u00e8me de s\u00e9curit\u00e9 ISP. Il offre un ajustement parfait \u00e0 la taille gr\u00e2ce \u00e0 un \u00e9lastique en silicone personnalis\u00e9.<\/p>\n","protected":false},"featured_media":270273,"comment_status":"closed","ping_status":"closed","template":"","meta":{"_acf_changed":false},"product_brand":[],"product_cat":[3230,3240,7177],"product_tag":[],"custom_category":[],"range":[],"class_list":{"0":"post-269452","1":"product","2":"type-product","3":"status-publish","4":"has-post-thumbnail","6":"product_cat-cyclisme-fr","7":"product_cat-maillot-cycliste","8":"product_cat-b2b-fr","9":"pa_climatologia-froid","10":"pa_deporte-cyclisme","11":"pa_genero-homme","12":"pa_patronaje-fit-fr","13":"pa_talla-l-fr","14":"pa_talla-m-fr","15":"pa_talla-s-fr","16":"pa_talla-xl-fr","17":"pa_talla-xxl-fr","18":"pa_tipo-de-prenda-maillot-manche-longue","20":"first","21":"instock","22":"taxable","23":"shipping-taxable","24":"purchasable","25":"product-type-variable","26":"has-default-attributes"},"acf":[],"yoast_head":"<!-- This site is optimized with the Yoast SEO plugin v27.3 - https:\/\/yoast.com\/product\/yoast-seo-wordpress\/ -->\n<title>Maillot manche longue MOTION DARK BROWN (HOMME)<\/title>\n<meta name=\"description\" content=\"Maillot de cyclisme thermique pour homme con\u00e7u pour offrir confort et performance par basses temp\u00e9ratures. Le devant et le col sont confectionn\u00e9s en tissu thermique SUPERROUBAIX, chaud et doux au toucher. Il est dot\u00e9 d&#039;empi\u00e8cements en tissu CYCLON sous les aisselles \u00e0 structure ouverte pour une meilleure respirabilit\u00e9. Le col montant anatomique offre un ajustement parfait. Les poignets d\u00e9coup\u00e9s au laser et cousus \u00e0 plat int\u00e8grent des empi\u00e8cements en tissu \u00ab\u00a0X\u00a0\u00bb (HORUS) qui enveloppent les poignets sans laisser d&#039;espace, permettant ainsi l&#039;utilisation de gants sans frottement. Il comprend trois poches arri\u00e8re avec syst\u00e8me de s\u00e9curit\u00e9 ISP. Il offre un ajustement parfait \u00e0 la taille gr\u00e2ce \u00e0 un \u00e9lastique en silicone personnalis\u00e9.\" \/>\n<meta name=\"robots\" content=\"index, follow, max-snippet:-1, max-image-preview:large, max-video-preview:-1\" \/>\n<link rel=\"canonical\" href=\"https:\/\/www.inverseteams.com\/fr\/produit\/maillot-manche-longue-motion-dark-brown-homme\/\" \/>\n<meta property=\"og:locale\" content=\"fr_FR\" \/>\n<meta property=\"og:type\" content=\"article\" \/>\n<meta property=\"og:title\" content=\"Maillot manche longue MOTION DARK BROWN (HOMME)\" \/>\n<meta property=\"og:description\" content=\"Maillot de cyclisme thermique pour homme con\u00e7u pour offrir confort et performance par basses temp\u00e9ratures. Le devant et le col sont confectionn\u00e9s en tissu thermique SUPERROUBAIX, chaud et doux au toucher. Il est dot\u00e9 d&#039;empi\u00e8cements en tissu CYCLON sous les aisselles \u00e0 structure ouverte pour une meilleure respirabilit\u00e9. Le col montant anatomique offre un ajustement parfait. Les poignets d\u00e9coup\u00e9s au laser et cousus \u00e0 plat int\u00e8grent des empi\u00e8cements en tissu \u00ab\u00a0X\u00a0\u00bb (HORUS) qui enveloppent les poignets sans laisser d&#039;espace, permettant ainsi l&#039;utilisation de gants sans frottement. Il comprend trois poches arri\u00e8re avec syst\u00e8me de s\u00e9curit\u00e9 ISP. Il offre un ajustement parfait \u00e0 la taille gr\u00e2ce \u00e0 un \u00e9lastique en silicone personnalis\u00e9.\" \/>\n<meta property=\"og:url\" content=\"https:\/\/www.inverseteams.com\/fr\/produit\/maillot-manche-longue-motion-dark-brown-homme\/\" \/>\n<meta property=\"og:site_name\" content=\"Inverseteams\" \/>\n<meta property=\"article:publisher\" content=\"https:\/\/www.facebook.com\/inverseteams\" \/>\n<meta property=\"article:modified_time\" content=\"2026-02-20T10:56:01+00:00\" \/>\n<meta property=\"og:image\" content=\"https:\/\/www.inverseteams.com\/wp-content\/uploads\/INVERSE-MOTION-MAILLOT-SLIM-DARKBROWN-001.jpg\" \/>\n\t<meta property=\"og:image:width\" content=\"1500\" \/>\n\t<meta property=\"og:image:height\" content=\"1612\" \/>\n\t<meta property=\"og:image:type\" content=\"image\/jpeg\" \/>\n<meta name=\"twitter:card\" content=\"summary_large_image\" \/>\n<meta name=\"twitter:label1\" content=\"Dur\u00e9e de lecture estim\u00e9e\" \/>\n\t<meta name=\"twitter:data1\" content=\"1 minute\" \/>\n<script type=\"application\/ld+json\" class=\"yoast-schema-graph\">{\"@context\":\"https:\\\/\\\/schema.org\",\"@graph\":[{\"@type\":\"WebPage\",\"@id\":\"https:\\\/\\\/www.inverseteams.com\\\/fr\\\/produit\\\/maillot-manche-longue-motion-dark-brown-homme\\\/\",\"url\":\"https:\\\/\\\/www.inverseteams.com\\\/fr\\\/produit\\\/maillot-manche-longue-motion-dark-brown-homme\\\/\",\"name\":\"Maillot manche longue MOTION DARK BROWN (HOMME)\",\"isPartOf\":{\"@id\":\"https:\\\/\\\/www.inverseteams.com\\\/fr\\\/#website\"},\"primaryImageOfPage\":{\"@id\":\"https:\\\/\\\/www.inverseteams.com\\\/fr\\\/produit\\\/maillot-manche-longue-motion-dark-brown-homme\\\/#primaryimage\"},\"image\":{\"@id\":\"https:\\\/\\\/www.inverseteams.com\\\/fr\\\/produit\\\/maillot-manche-longue-motion-dark-brown-homme\\\/#primaryimage\"},\"thumbnailUrl\":\"https:\\\/\\\/www.inverseteams.com\\\/wp-content\\\/uploads\\\/INVERSE-MOTION-MAILLOT-SLIM-DARKBROWN-001.jpg\",\"datePublished\":\"2025-10-03T15:04:43+00:00\",\"dateModified\":\"2026-02-20T10:56:01+00:00\",\"description\":\"Maillot de cyclisme thermique pour homme con\u00e7u pour offrir confort et performance par basses temp\u00e9ratures. Le devant et le col sont confectionn\u00e9s en tissu thermique SUPERROUBAIX, chaud et doux au toucher. Il est dot\u00e9 d'empi\u00e8cements en tissu CYCLON sous les aisselles \u00e0 structure ouverte pour une meilleure respirabilit\u00e9. Le col montant anatomique offre un ajustement parfait. Les poignets d\u00e9coup\u00e9s au laser et cousus \u00e0 plat int\u00e8grent des empi\u00e8cements en tissu \u00ab\u00a0X\u00a0\u00bb (HORUS) qui enveloppent les poignets sans laisser d'espace, permettant ainsi l'utilisation de gants sans frottement. Il comprend trois poches arri\u00e8re avec syst\u00e8me de s\u00e9curit\u00e9 ISP. Il offre un ajustement parfait \u00e0 la taille gr\u00e2ce \u00e0 un \u00e9lastique en silicone personnalis\u00e9.\",\"breadcrumb\":{\"@id\":\"https:\\\/\\\/www.inverseteams.com\\\/fr\\\/produit\\\/maillot-manche-longue-motion-dark-brown-homme\\\/#breadcrumb\"},\"inLanguage\":\"fr-FR\",\"potentialAction\":[{\"@type\":\"ReadAction\",\"target\":[\"https:\\\/\\\/www.inverseteams.com\\\/fr\\\/produit\\\/maillot-manche-longue-motion-dark-brown-homme\\\/\"]}]},{\"@type\":\"ImageObject\",\"inLanguage\":\"fr-FR\",\"@id\":\"https:\\\/\\\/www.inverseteams.com\\\/fr\\\/produit\\\/maillot-manche-longue-motion-dark-brown-homme\\\/#primaryimage\",\"url\":\"https:\\\/\\\/www.inverseteams.com\\\/wp-content\\\/uploads\\\/INVERSE-MOTION-MAILLOT-SLIM-DARKBROWN-001.jpg\",\"contentUrl\":\"https:\\\/\\\/www.inverseteams.com\\\/wp-content\\\/uploads\\\/INVERSE-MOTION-MAILLOT-SLIM-DARKBROWN-001.jpg\",\"width\":1500,\"height\":1612,\"caption\":\"maillot ciclista inverse marron\"},{\"@type\":\"BreadcrumbList\",\"@id\":\"https:\\\/\\\/www.inverseteams.com\\\/fr\\\/produit\\\/maillot-manche-longue-motion-dark-brown-homme\\\/#breadcrumb\",\"itemListElement\":[{\"@type\":\"ListItem\",\"position\":1,\"name\":\"Portada\",\"item\":\"https:\\\/\\\/www.inverseteams.com\\\/fr\\\/pagina-principal\\\/\"},{\"@type\":\"ListItem\",\"position\":2,\"name\":\"Panier\",\"item\":\"https:\\\/\\\/www.inverseteams.com\\\/fr\\\/panier\\\/\"},{\"@type\":\"ListItem\",\"position\":3,\"name\":\"Maillot manche longue MOTION DARK BROWN (HOMME)\"}]},{\"@type\":\"WebSite\",\"@id\":\"https:\\\/\\\/www.inverseteams.com\\\/fr\\\/#website\",\"url\":\"https:\\\/\\\/www.inverseteams.com\\\/fr\\\/\",\"name\":\"Inverseteams\",\"description\":\"Tu marca de ropa deportiva personalizada\",\"publisher\":{\"@id\":\"https:\\\/\\\/www.inverseteams.com\\\/fr\\\/#organization\"},\"potentialAction\":[{\"@type\":\"SearchAction\",\"target\":{\"@type\":\"EntryPoint\",\"urlTemplate\":\"https:\\\/\\\/www.inverseteams.com\\\/fr\\\/?s={search_term_string}\"},\"query-input\":{\"@type\":\"PropertyValueSpecification\",\"valueRequired\":true,\"valueName\":\"search_term_string\"}}],\"inLanguage\":\"fr-FR\"},{\"@type\":\"Organization\",\"@id\":\"https:\\\/\\\/www.inverseteams.com\\\/fr\\\/#organization\",\"name\":\"Inverse Teams\",\"url\":\"https:\\\/\\\/www.inverseteams.com\\\/fr\\\/\",\"logo\":{\"@type\":\"ImageObject\",\"inLanguage\":\"fr-FR\",\"@id\":\"https:\\\/\\\/www.inverseteams.com\\\/fr\\\/#\\\/schema\\\/logo\\\/image\\\/\",\"url\":\"http:\\\/\\\/www.inverseteams.com\\\/wp-content\\\/uploads\\\/2021\\\/03\\\/logo-inverse-teams.png\",\"contentUrl\":\"http:\\\/\\\/www.inverseteams.com\\\/wp-content\\\/uploads\\\/2021\\\/03\\\/logo-inverse-teams.png\",\"width\":294,\"height\":99,\"caption\":\"Inverse Teams\"},\"image\":{\"@id\":\"https:\\\/\\\/www.inverseteams.com\\\/fr\\\/#\\\/schema\\\/logo\\\/image\\\/\"},\"sameAs\":[\"https:\\\/\\\/www.facebook.com\\\/inverseteams\",\"http:\\\/\\\/instagram.com\\\/inverseteams\",\"https:\\\/\\\/www.linkedin.com\\\/company\\\/inverse-cirosport-s-l-?trk=job_view_topcard_company_name\",\"http:\\\/\\\/www.pinterest.com\\\/inverseteams\\\/\",\"http:\\\/\\\/www.youtube.com\\\/user\\\/inverseteams?feature=watch\"]}]}<\/script>\n<!-- \/ Yoast SEO plugin. -->","yoast_head_json":{"title":"Maillot manche longue MOTION DARK BROWN (HOMME)","description":"Maillot de cyclisme thermique pour homme con\u00e7u pour offrir confort et performance par basses temp\u00e9ratures. Le devant et le col sont confectionn\u00e9s en tissu thermique SUPERROUBAIX, chaud et doux au toucher. Il est dot\u00e9 d'empi\u00e8cements en tissu CYCLON sous les aisselles \u00e0 structure ouverte pour une meilleure respirabilit\u00e9. Le col montant anatomique offre un ajustement parfait. Les poignets d\u00e9coup\u00e9s au laser et cousus \u00e0 plat int\u00e8grent des empi\u00e8cements en tissu \u00ab\u00a0X\u00a0\u00bb (HORUS) qui enveloppent les poignets sans laisser d'espace, permettant ainsi l'utilisation de gants sans frottement. Il comprend trois poches arri\u00e8re avec syst\u00e8me de s\u00e9curit\u00e9 ISP. Il offre un ajustement parfait \u00e0 la taille gr\u00e2ce \u00e0 un \u00e9lastique en silicone personnalis\u00e9.","robots":{"index":"index","follow":"follow","max-snippet":"max-snippet:-1","max-image-preview":"max-image-preview:large","max-video-preview":"max-video-preview:-1"},"canonical":"https:\/\/www.inverseteams.com\/fr\/produit\/maillot-manche-longue-motion-dark-brown-homme\/","og_locale":"fr_FR","og_type":"article","og_title":"Maillot manche longue MOTION DARK BROWN (HOMME)","og_description":"Maillot de cyclisme thermique pour homme con\u00e7u pour offrir confort et performance par basses temp\u00e9ratures. Le devant et le col sont confectionn\u00e9s en tissu thermique SUPERROUBAIX, chaud et doux au toucher. Il est dot\u00e9 d'empi\u00e8cements en tissu CYCLON sous les aisselles \u00e0 structure ouverte pour une meilleure respirabilit\u00e9. Le col montant anatomique offre un ajustement parfait. Les poignets d\u00e9coup\u00e9s au laser et cousus \u00e0 plat int\u00e8grent des empi\u00e8cements en tissu \u00ab\u00a0X\u00a0\u00bb (HORUS) qui enveloppent les poignets sans laisser d'espace, permettant ainsi l'utilisation de gants sans frottement. Il comprend trois poches arri\u00e8re avec syst\u00e8me de s\u00e9curit\u00e9 ISP. Il offre un ajustement parfait \u00e0 la taille gr\u00e2ce \u00e0 un \u00e9lastique en silicone personnalis\u00e9.","og_url":"https:\/\/www.inverseteams.com\/fr\/produit\/maillot-manche-longue-motion-dark-brown-homme\/","og_site_name":"Inverseteams","article_publisher":"https:\/\/www.facebook.com\/inverseteams","article_modified_time":"2026-02-20T10:56:01+00:00","og_image":[{"width":1500,"height":1612,"url":"https:\/\/www.inverseteams.com\/wp-content\/uploads\/INVERSE-MOTION-MAILLOT-SLIM-DARKBROWN-001.jpg","type":"image\/jpeg"}],"twitter_card":"summary_large_image","twitter_misc":{"Dur\u00e9e de lecture estim\u00e9e":"1 minute"},"schema":{"@context":"https:\/\/schema.org","@graph":[{"@type":"WebPage","@id":"https:\/\/www.inverseteams.com\/fr\/produit\/maillot-manche-longue-motion-dark-brown-homme\/","url":"https:\/\/www.inverseteams.com\/fr\/produit\/maillot-manche-longue-motion-dark-brown-homme\/","name":"Maillot manche longue MOTION DARK BROWN (HOMME)","isPartOf":{"@id":"https:\/\/www.inverseteams.com\/fr\/#website"},"primaryImageOfPage":{"@id":"https:\/\/www.inverseteams.com\/fr\/produit\/maillot-manche-longue-motion-dark-brown-homme\/#primaryimage"},"image":{"@id":"https:\/\/www.inverseteams.com\/fr\/produit\/maillot-manche-longue-motion-dark-brown-homme\/#primaryimage"},"thumbnailUrl":"https:\/\/www.inverseteams.com\/wp-content\/uploads\/INVERSE-MOTION-MAILLOT-SLIM-DARKBROWN-001.jpg","datePublished":"2025-10-03T15:04:43+00:00","dateModified":"2026-02-20T10:56:01+00:00","description":"Maillot de cyclisme thermique pour homme con\u00e7u pour offrir confort et performance par basses temp\u00e9ratures. Le devant et le col sont confectionn\u00e9s en tissu thermique SUPERROUBAIX, chaud et doux au toucher. Il est dot\u00e9 d'empi\u00e8cements en tissu CYCLON sous les aisselles \u00e0 structure ouverte pour une meilleure respirabilit\u00e9. Le col montant anatomique offre un ajustement parfait. Les poignets d\u00e9coup\u00e9s au laser et cousus \u00e0 plat int\u00e8grent des empi\u00e8cements en tissu \u00ab\u00a0X\u00a0\u00bb (HORUS) qui enveloppent les poignets sans laisser d'espace, permettant ainsi l'utilisation de gants sans frottement. Il comprend trois poches arri\u00e8re avec syst\u00e8me de s\u00e9curit\u00e9 ISP. Il offre un ajustement parfait \u00e0 la taille gr\u00e2ce \u00e0 un \u00e9lastique en silicone personnalis\u00e9.","breadcrumb":{"@id":"https:\/\/www.inverseteams.com\/fr\/produit\/maillot-manche-longue-motion-dark-brown-homme\/#breadcrumb"},"inLanguage":"fr-FR","potentialAction":[{"@type":"ReadAction","target":["https:\/\/www.inverseteams.com\/fr\/produit\/maillot-manche-longue-motion-dark-brown-homme\/"]}]},{"@type":"ImageObject","inLanguage":"fr-FR","@id":"https:\/\/www.inverseteams.com\/fr\/produit\/maillot-manche-longue-motion-dark-brown-homme\/#primaryimage","url":"https:\/\/www.inverseteams.com\/wp-content\/uploads\/INVERSE-MOTION-MAILLOT-SLIM-DARKBROWN-001.jpg","contentUrl":"https:\/\/www.inverseteams.com\/wp-content\/uploads\/INVERSE-MOTION-MAILLOT-SLIM-DARKBROWN-001.jpg","width":1500,"height":1612,"caption":"maillot ciclista inverse marron"},{"@type":"BreadcrumbList","@id":"https:\/\/www.inverseteams.com\/fr\/produit\/maillot-manche-longue-motion-dark-brown-homme\/#breadcrumb","itemListElement":[{"@type":"ListItem","position":1,"name":"Portada","item":"https:\/\/www.inverseteams.com\/fr\/pagina-principal\/"},{"@type":"ListItem","position":2,"name":"Panier","item":"https:\/\/www.inverseteams.com\/fr\/panier\/"},{"@type":"ListItem","position":3,"name":"Maillot manche longue MOTION DARK BROWN (HOMME)"}]},{"@type":"WebSite","@id":"https:\/\/www.inverseteams.com\/fr\/#website","url":"https:\/\/www.inverseteams.com\/fr\/","name":"Inverseteams","description":"Tu marca de ropa deportiva personalizada","publisher":{"@id":"https:\/\/www.inverseteams.com\/fr\/#organization"},"potentialAction":[{"@type":"SearchAction","target":{"@type":"EntryPoint","urlTemplate":"https:\/\/www.inverseteams.com\/fr\/?s={search_term_string}"},"query-input":{"@type":"PropertyValueSpecification","valueRequired":true,"valueName":"search_term_string"}}],"inLanguage":"fr-FR"},{"@type":"Organization","@id":"https:\/\/www.inverseteams.com\/fr\/#organization","name":"Inverse Teams","url":"https:\/\/www.inverseteams.com\/fr\/","logo":{"@type":"ImageObject","inLanguage":"fr-FR","@id":"https:\/\/www.inverseteams.com\/fr\/#\/schema\/logo\/image\/","url":"https:\/\/www.inverseteams.com\/wp-content\/uploads\/2021\/03\/logo-inverse-teams.png","contentUrl":"https:\/\/www.inverseteams.com\/wp-content\/uploads\/2021\/03\/logo-inverse-teams.png","width":294,"height":99,"caption":"Inverse Teams"},"image":{"@id":"https:\/\/www.inverseteams.com\/fr\/#\/schema\/logo\/image\/"},"sameAs":["https:\/\/www.facebook.com\/inverseteams","http:\/\/instagram.com\/inverseteams","https:\/\/www.linkedin.com\/company\/inverse-cirosport-s-l-?trk=job_view_topcard_company_name","http:\/\/www.pinterest.com\/inverseteams\/","http:\/\/www.youtube.com\/user\/inverseteams?feature=watch"]}]}},"_links":{"self":[{"href":"https:\/\/www.inverseteams.com\/fr\/wp-json\/wp\/v2\/product\/269452","targetHints":{"allow":["GET"]}}],"collection":[{"href":"https:\/\/www.inverseteams.com\/fr\/wp-json\/wp\/v2\/product"}],"about":[{"href":"https:\/\/www.inverseteams.com\/fr\/wp-json\/wp\/v2\/types\/product"}],"replies":[{"embeddable":true,"href":"https:\/\/www.inverseteams.com\/fr\/wp-json\/wp\/v2\/comments?post=269452"}],"wp:featuredmedia":[{"embeddable":true,"href":"https:\/\/www.inverseteams.com\/fr\/wp-json\/wp\/v2\/media\/270273"}],"wp:attachment":[{"href":"https:\/\/www.inverseteams.com\/fr\/wp-json\/wp\/v2\/media?parent=269452"}],"wp:term":[{"taxonomy":"product_brand","embeddable":true,"href":"https:\/\/www.inverseteams.com\/fr\/wp-json\/wp\/v2\/product_brand?post=269452"},{"taxonomy":"product_cat","embeddable":true,"href":"https:\/\/www.inverseteams.com\/fr\/wp-json\/wp\/v2\/product_cat?post=269452"},{"taxonomy":"product_tag","embeddable":true,"href":"https:\/\/www.inverseteams.com\/fr\/wp-json\/wp\/v2\/product_tag?post=269452"},{"taxonomy":"custom_category","embeddable":true,"href":"https:\/\/www.inverseteams.com\/fr\/wp-json\/wp\/v2\/custom_category?post=269452"},{"taxonomy":"range","embeddable":true,"href":"https:\/\/www.inverseteams.com\/fr\/wp-json\/wp\/v2\/range?post=269452"}],"curies":[{"name":"wp","href":"https:\/\/api.w.org\/{rel}","templated":true}]}}