{"id":269193,"date":"2025-10-03T14:15:57","date_gmt":"2025-10-03T14:15:57","guid":{"rendered":"https:\/\/www.inverseteams.com\/?post_type=product&#038;p=269193"},"modified":"2026-03-15T15:20:50","modified_gmt":"2026-03-15T14:20:50","slug":"gilet-cycliste-essenz-eclipse-unisex","status":"publish","type":"product","link":"https:\/\/www.inverseteams.com\/fr\/produit\/gilet-cycliste-essenz-eclipse-unisex\/","title":{"rendered":"Gilet cycliste ESSENZ ECLIPSE (UNISEX)"},"content":{"rendered":"<p data-start=\"3588\" data-end=\"3876\">Le gilet de cyclisme ESSENZ ECLIPSE est con\u00e7u pour offrir protection, l\u00e9g\u00e8ret\u00e9 et polyvalence, devenant une pi\u00e8ce essentielle pour le cyclisme sur route, le gravel et les entra\u00eenements par m\u00e9t\u00e9o variable.<br \/>\nCe gilet coupe-vent et imperm\u00e9able ultral\u00e9ger est tr\u00e8s compactable, ce qui permet de <strong data-start=\"3967\" data-end=\"4016\">le ranger facilement dans la poche du maillot<\/strong> lorsque vous ne l\u2019utilisez pas. Il est id\u00e9al pour se prot\u00e9ger du vent ou des changements soudains de temp\u00e9rature pendant la sortie.<br \/>\nLa partie arri\u00e8re int\u00e8gre un <strong data-start=\"4179\" data-end=\"4203\">tissu mesh respirant<\/strong>, qui am\u00e9liore la ventilation et facilite l\u2019\u00e9vacuation de la transpiration pour garder le corps au sec m\u00eame lors d\u2019efforts intenses.<br \/>\nPour plus de praticit\u00e9, le gilet dispose de <strong data-start=\"4381\" data-end=\"4410\">deux ouvertures lombaires<\/strong> permettant d\u2019acc\u00e9der facilement aux poches du maillot sans ouvrir la veste.<br \/>\nLe <strong data-start=\"4491\" data-end=\"4542\">bas \u00e9lastique avec bande int\u00e9rieure en silicone<\/strong> assure un maintien stable pendant le p\u00e9dalage. Il comprend \u00e9galement un <strong data-start=\"4615\" data-end=\"4639\">d\u00e9tail r\u00e9fl\u00e9chissant<\/strong> qui am\u00e9liore la visibilit\u00e9 lorsque la luminosit\u00e9 est faible.<br \/>\nLa <strong data-start=\"4705\" data-end=\"4755\">fermeture \u00e9clair YKK aimant\u00e9e \u00e0 double curseur<\/strong> permet d\u2019ouvrir le gilet par le haut ou par le bas pour ajuster la ventilation. Avec une <strong data-start=\"4845\" data-end=\"4875\">colonne d\u2019eau de 10 000 mm<\/strong>, l\u2019ESSENZ ECLIPSE offre une protection efficace contre la pluie l\u00e9g\u00e8re et le vent.<br \/>\n<strong>Le gilet v\u00e9lo ESSENZ ECLIPSE est id\u00e9al pour les cyclistes recherchant un gilet de cyclisme l\u00e9ger, compact et fonctionnel, parfait pour les longues sorties et les conditions m\u00e9t\u00e9o changeantes.<\/strong><\/p>\n","protected":false},"excerpt":{"rendered":"<p>Le gilet de cyclisme ESSENZ ECLIPSE est con\u00e7u pour offrir protection, l\u00e9g\u00e8ret\u00e9 et polyvalence, devenant une pi\u00e8ce essentielle pour le cyclisme sur route, le gravel et les entra\u00eenements par m\u00e9t\u00e9o variable.<br \/>\nCe gilet coupe-vent et imperm\u00e9able ultral\u00e9ger est tr\u00e8s compactable, ce qui permet de <strong data-start=\"3967\" data-end=\"4016\">le ranger facilement dans la poche du maillot<\/strong> lorsque vous ne l\u2019utilisez pas. Il est id\u00e9al pour se prot\u00e9ger du vent ou des changements soudains de temp\u00e9rature pendant la sortie.<br \/>\nLa partie arri\u00e8re int\u00e8gre un <strong data-start=\"4179\" data-end=\"4203\">tissu mesh respirant<\/strong>, qui am\u00e9liore la ventilation et facilite l\u2019\u00e9vacuation de la transpiration pour garder le corps au sec m\u00eame lors d\u2019efforts intenses.<br \/>\nPour plus de praticit\u00e9, le gilet dispose de <strong data-start=\"4381\" data-end=\"4410\">deux ouvertures lombaires<\/strong> permettant d\u2019acc\u00e9der facilement aux poches du maillot sans ouvrir la veste.<br \/>\nLe <strong data-start=\"4491\" data-end=\"4542\">bas \u00e9lastique avec bande int\u00e9rieure en silicone<\/strong> assure un maintien stable pendant le p\u00e9dalage. Il comprend \u00e9galement un <strong data-start=\"4615\" data-end=\"4639\">d\u00e9tail r\u00e9fl\u00e9chissant<\/strong> qui am\u00e9liore la visibilit\u00e9 lorsque la luminosit\u00e9 est faible.<br \/>\nLa <strong data-start=\"4705\" data-end=\"4755\">fermeture \u00e9clair YKK aimant\u00e9e \u00e0 double curseur<\/strong> permet d\u2019ouvrir le gilet par le haut ou par le bas pour ajuster la ventilation. Avec une <strong data-start=\"4845\" data-end=\"4875\">colonne d\u2019eau de 10 000 mm<\/strong>, l\u2019ESSENZ ECLIPSE offre une protection efficace contre la pluie l\u00e9g\u00e8re et le vent.<br \/>\n<strong>Le gilet v\u00e9lo ESSENZ ECLIPSE est id\u00e9al pour les cyclistes recherchant un gilet de cyclisme l\u00e9ger, compact et fonctionnel, parfait pour les longues sorties et les conditions m\u00e9t\u00e9o changeantes.<\/strong><\/p>\n","protected":false},"featured_media":280558,"comment_status":"closed","ping_status":"closed","template":"","meta":{"_acf_changed":false},"product_brand":[],"product_cat":[3230,9949,3255,7177],"product_tag":[],"custom_category":[],"range":[],"class_list":{"0":"post-269193","1":"product","2":"type-product","3":"status-publish","4":"has-post-thumbnail","6":"product_cat-cyclisme-fr","7":"product_cat-gravel-fr","8":"product_cat-chaleco-ciclista-fr","9":"product_cat-b2b-fr","10":"pa_climatologia-vent-fr","11":"pa_climatologia-pluie","12":"pa_climatologia-temperature-chaude","13":"pa_deporte-cyclisme","14":"pa_genero-homme","15":"pa_genero-femme","16":"pa_patronaje-regular-fr","17":"pa_talla-xxl-fr","18":"pa_talla-l-fr","19":"pa_talla-m-fr","20":"pa_talla-s-fr","21":"pa_talla-xl-fr","22":"pa_talla-xs-fr","23":"pa_tipo-de-prenda-gilet","25":"first","26":"instock","27":"taxable","28":"shipping-taxable","29":"purchasable","30":"product-type-variable","31":"has-default-attributes"},"acf":[],"yoast_head":"<!-- This site is optimized with the Yoast SEO plugin v27.3 - https:\/\/yoast.com\/product\/yoast-seo-wordpress\/ -->\n<title>Gilet cycliste ESSENZ ECLIPSE (UNISEX)<\/title>\n<meta name=\"description\" content=\"Le gilet de cyclisme ESSENZ ECLIPSE est con\u00e7u pour offrir protection, l\u00e9g\u00e8ret\u00e9 et polyvalence, devenant une pi\u00e8ce essentielle pour le cyclisme sur route, le gravel et les entra\u00eenements par m\u00e9t\u00e9o variable. Ce gilet coupe-vent et imperm\u00e9able ultral\u00e9ger est tr\u00e8s compactable, ce qui permet de le ranger facilement dans la poche du maillot lorsque vous ne l\u2019utilisez pas. Il est id\u00e9al pour se prot\u00e9ger du vent ou des changements soudains de temp\u00e9rature pendant la sortie. La partie arri\u00e8re int\u00e8gre un tissu mesh respirant, qui am\u00e9liore la ventilation et facilite l\u2019\u00e9vacuation de la transpiration pour garder le corps au sec m\u00eame lors d\u2019efforts intenses. Pour plus de praticit\u00e9, le gilet dispose de deux ouvertures lombaires permettant d\u2019acc\u00e9der facilement aux poches du maillot sans ouvrir la veste. Le bas \u00e9lastique avec bande int\u00e9rieure en silicone assure un maintien stable pendant le p\u00e9dalage. Il comprend \u00e9galement un d\u00e9tail r\u00e9fl\u00e9chissant qui am\u00e9liore la visibilit\u00e9 lorsque la luminosit\u00e9 est faible. La fermeture \u00e9clair YKK aimant\u00e9e \u00e0 double curseur permet d\u2019ouvrir le gilet par le haut ou par le bas pour ajuster la ventilation. Avec une colonne d\u2019eau de 10 000 mm, l\u2019ESSENZ ECLIPSE offre une protection efficace contre la pluie l\u00e9g\u00e8re et le vent. Le gilet v\u00e9lo ESSENZ ECLIPSE est id\u00e9al pour les cyclistes recherchant un gilet de cyclisme l\u00e9ger, compact et fonctionnel, parfait pour les longues sorties et les conditions m\u00e9t\u00e9o changeantes.\" \/>\n<meta name=\"robots\" content=\"index, follow, max-snippet:-1, max-image-preview:large, max-video-preview:-1\" \/>\n<link rel=\"canonical\" href=\"https:\/\/www.inverseteams.com\/fr\/produit\/gilet-cycliste-essenz-eclipse-unisex\/\" \/>\n<meta property=\"og:locale\" content=\"fr_FR\" \/>\n<meta property=\"og:type\" content=\"article\" \/>\n<meta property=\"og:title\" content=\"Gilet cycliste ESSENZ ECLIPSE (UNISEX)\" \/>\n<meta property=\"og:description\" content=\"Le gilet de cyclisme ESSENZ ECLIPSE est con\u00e7u pour offrir protection, l\u00e9g\u00e8ret\u00e9 et polyvalence, devenant une pi\u00e8ce essentielle pour le cyclisme sur route, le gravel et les entra\u00eenements par m\u00e9t\u00e9o variable. Ce gilet coupe-vent et imperm\u00e9able ultral\u00e9ger est tr\u00e8s compactable, ce qui permet de le ranger facilement dans la poche du maillot lorsque vous ne l\u2019utilisez pas. Il est id\u00e9al pour se prot\u00e9ger du vent ou des changements soudains de temp\u00e9rature pendant la sortie. La partie arri\u00e8re int\u00e8gre un tissu mesh respirant, qui am\u00e9liore la ventilation et facilite l\u2019\u00e9vacuation de la transpiration pour garder le corps au sec m\u00eame lors d\u2019efforts intenses. Pour plus de praticit\u00e9, le gilet dispose de deux ouvertures lombaires permettant d\u2019acc\u00e9der facilement aux poches du maillot sans ouvrir la veste. Le bas \u00e9lastique avec bande int\u00e9rieure en silicone assure un maintien stable pendant le p\u00e9dalage. Il comprend \u00e9galement un d\u00e9tail r\u00e9fl\u00e9chissant qui am\u00e9liore la visibilit\u00e9 lorsque la luminosit\u00e9 est faible. La fermeture \u00e9clair YKK aimant\u00e9e \u00e0 double curseur permet d\u2019ouvrir le gilet par le haut ou par le bas pour ajuster la ventilation. Avec une colonne d\u2019eau de 10 000 mm, l\u2019ESSENZ ECLIPSE offre une protection efficace contre la pluie l\u00e9g\u00e8re et le vent. Le gilet v\u00e9lo ESSENZ ECLIPSE est id\u00e9al pour les cyclistes recherchant un gilet de cyclisme l\u00e9ger, compact et fonctionnel, parfait pour les longues sorties et les conditions m\u00e9t\u00e9o changeantes.\" \/>\n<meta property=\"og:url\" content=\"https:\/\/www.inverseteams.com\/fr\/produit\/gilet-cycliste-essenz-eclipse-unisex\/\" \/>\n<meta property=\"og:site_name\" content=\"Inverseteams\" \/>\n<meta property=\"article:publisher\" content=\"https:\/\/www.facebook.com\/inverseteams\" \/>\n<meta property=\"article:modified_time\" content=\"2026-03-15T14:20:50+00:00\" \/>\n<meta property=\"og:image\" content=\"https:\/\/www.inverseteams.com\/wp-content\/uploads\/INVERSE-UNISEX-CHALECO-ESSENZ-ECLIPSE-001.jpg\" \/>\n\t<meta property=\"og:image:width\" content=\"1500\" \/>\n\t<meta property=\"og:image:height\" content=\"1612\" \/>\n\t<meta property=\"og:image:type\" content=\"image\/jpeg\" \/>\n<meta name=\"twitter:card\" content=\"summary_large_image\" \/>\n<meta name=\"twitter:label1\" content=\"Dur\u00e9e de lecture estim\u00e9e\" \/>\n\t<meta name=\"twitter:data1\" content=\"2 minutes\" \/>\n<script type=\"application\/ld+json\" class=\"yoast-schema-graph\">{\"@context\":\"https:\\\/\\\/schema.org\",\"@graph\":[{\"@type\":\"WebPage\",\"@id\":\"https:\\\/\\\/www.inverseteams.com\\\/fr\\\/produit\\\/gilet-cycliste-essenz-eclipse-unisex\\\/\",\"url\":\"https:\\\/\\\/www.inverseteams.com\\\/fr\\\/produit\\\/gilet-cycliste-essenz-eclipse-unisex\\\/\",\"name\":\"Gilet cycliste ESSENZ ECLIPSE (UNISEX)\",\"isPartOf\":{\"@id\":\"https:\\\/\\\/www.inverseteams.com\\\/fr\\\/#website\"},\"primaryImageOfPage\":{\"@id\":\"https:\\\/\\\/www.inverseteams.com\\\/fr\\\/produit\\\/gilet-cycliste-essenz-eclipse-unisex\\\/#primaryimage\"},\"image\":{\"@id\":\"https:\\\/\\\/www.inverseteams.com\\\/fr\\\/produit\\\/gilet-cycliste-essenz-eclipse-unisex\\\/#primaryimage\"},\"thumbnailUrl\":\"https:\\\/\\\/www.inverseteams.com\\\/wp-content\\\/uploads\\\/INVERSE-UNISEX-CHALECO-ESSENZ-ECLIPSE-001.jpg\",\"datePublished\":\"2025-10-03T14:15:57+00:00\",\"dateModified\":\"2026-03-15T14:20:50+00:00\",\"description\":\"Le gilet de cyclisme ESSENZ ECLIPSE est con\u00e7u pour offrir protection, l\u00e9g\u00e8ret\u00e9 et polyvalence, devenant une pi\u00e8ce essentielle pour le cyclisme sur route, le gravel et les entra\u00eenements par m\u00e9t\u00e9o variable. Ce gilet coupe-vent et imperm\u00e9able ultral\u00e9ger est tr\u00e8s compactable, ce qui permet de le ranger facilement dans la poche du maillot lorsque vous ne l\u2019utilisez pas. Il est id\u00e9al pour se prot\u00e9ger du vent ou des changements soudains de temp\u00e9rature pendant la sortie. La partie arri\u00e8re int\u00e8gre un tissu mesh respirant, qui am\u00e9liore la ventilation et facilite l\u2019\u00e9vacuation de la transpiration pour garder le corps au sec m\u00eame lors d\u2019efforts intenses. Pour plus de praticit\u00e9, le gilet dispose de deux ouvertures lombaires permettant d\u2019acc\u00e9der facilement aux poches du maillot sans ouvrir la veste. Le bas \u00e9lastique avec bande int\u00e9rieure en silicone assure un maintien stable pendant le p\u00e9dalage. Il comprend \u00e9galement un d\u00e9tail r\u00e9fl\u00e9chissant qui am\u00e9liore la visibilit\u00e9 lorsque la luminosit\u00e9 est faible. La fermeture \u00e9clair YKK aimant\u00e9e \u00e0 double curseur permet d\u2019ouvrir le gilet par le haut ou par le bas pour ajuster la ventilation. Avec une colonne d\u2019eau de 10 000 mm, l\u2019ESSENZ ECLIPSE offre une protection efficace contre la pluie l\u00e9g\u00e8re et le vent. Le gilet v\u00e9lo ESSENZ ECLIPSE est id\u00e9al pour les cyclistes recherchant un gilet de cyclisme l\u00e9ger, compact et fonctionnel, parfait pour les longues sorties et les conditions m\u00e9t\u00e9o changeantes.\",\"breadcrumb\":{\"@id\":\"https:\\\/\\\/www.inverseteams.com\\\/fr\\\/produit\\\/gilet-cycliste-essenz-eclipse-unisex\\\/#breadcrumb\"},\"inLanguage\":\"fr-FR\",\"potentialAction\":[{\"@type\":\"ReadAction\",\"target\":[\"https:\\\/\\\/www.inverseteams.com\\\/fr\\\/produit\\\/gilet-cycliste-essenz-eclipse-unisex\\\/\"]}]},{\"@type\":\"ImageObject\",\"inLanguage\":\"fr-FR\",\"@id\":\"https:\\\/\\\/www.inverseteams.com\\\/fr\\\/produit\\\/gilet-cycliste-essenz-eclipse-unisex\\\/#primaryimage\",\"url\":\"https:\\\/\\\/www.inverseteams.com\\\/wp-content\\\/uploads\\\/INVERSE-UNISEX-CHALECO-ESSENZ-ECLIPSE-001.jpg\",\"contentUrl\":\"https:\\\/\\\/www.inverseteams.com\\\/wp-content\\\/uploads\\\/INVERSE-UNISEX-CHALECO-ESSENZ-ECLIPSE-001.jpg\",\"width\":1500,\"height\":1612},{\"@type\":\"BreadcrumbList\",\"@id\":\"https:\\\/\\\/www.inverseteams.com\\\/fr\\\/produit\\\/gilet-cycliste-essenz-eclipse-unisex\\\/#breadcrumb\",\"itemListElement\":[{\"@type\":\"ListItem\",\"position\":1,\"name\":\"Portada\",\"item\":\"https:\\\/\\\/www.inverseteams.com\\\/fr\\\/pagina-principal\\\/\"},{\"@type\":\"ListItem\",\"position\":2,\"name\":\"Panier\",\"item\":\"https:\\\/\\\/www.inverseteams.com\\\/fr\\\/panier\\\/\"},{\"@type\":\"ListItem\",\"position\":3,\"name\":\"Gilet cycliste ESSENZ ECLIPSE (UNISEX)\"}]},{\"@type\":\"WebSite\",\"@id\":\"https:\\\/\\\/www.inverseteams.com\\\/fr\\\/#website\",\"url\":\"https:\\\/\\\/www.inverseteams.com\\\/fr\\\/\",\"name\":\"Inverseteams\",\"description\":\"Tu marca de ropa deportiva personalizada\",\"publisher\":{\"@id\":\"https:\\\/\\\/www.inverseteams.com\\\/fr\\\/#organization\"},\"potentialAction\":[{\"@type\":\"SearchAction\",\"target\":{\"@type\":\"EntryPoint\",\"urlTemplate\":\"https:\\\/\\\/www.inverseteams.com\\\/fr\\\/?s={search_term_string}\"},\"query-input\":{\"@type\":\"PropertyValueSpecification\",\"valueRequired\":true,\"valueName\":\"search_term_string\"}}],\"inLanguage\":\"fr-FR\"},{\"@type\":\"Organization\",\"@id\":\"https:\\\/\\\/www.inverseteams.com\\\/fr\\\/#organization\",\"name\":\"Inverse Teams\",\"url\":\"https:\\\/\\\/www.inverseteams.com\\\/fr\\\/\",\"logo\":{\"@type\":\"ImageObject\",\"inLanguage\":\"fr-FR\",\"@id\":\"https:\\\/\\\/www.inverseteams.com\\\/fr\\\/#\\\/schema\\\/logo\\\/image\\\/\",\"url\":\"http:\\\/\\\/www.inverseteams.com\\\/wp-content\\\/uploads\\\/2021\\\/03\\\/logo-inverse-teams.png\",\"contentUrl\":\"http:\\\/\\\/www.inverseteams.com\\\/wp-content\\\/uploads\\\/2021\\\/03\\\/logo-inverse-teams.png\",\"width\":294,\"height\":99,\"caption\":\"Inverse Teams\"},\"image\":{\"@id\":\"https:\\\/\\\/www.inverseteams.com\\\/fr\\\/#\\\/schema\\\/logo\\\/image\\\/\"},\"sameAs\":[\"https:\\\/\\\/www.facebook.com\\\/inverseteams\",\"http:\\\/\\\/instagram.com\\\/inverseteams\",\"https:\\\/\\\/www.linkedin.com\\\/company\\\/inverse-cirosport-s-l-?trk=job_view_topcard_company_name\",\"http:\\\/\\\/www.pinterest.com\\\/inverseteams\\\/\",\"http:\\\/\\\/www.youtube.com\\\/user\\\/inverseteams?feature=watch\"]}]}<\/script>\n<!-- \/ Yoast SEO plugin. -->","yoast_head_json":{"title":"Gilet cycliste ESSENZ ECLIPSE (UNISEX)","description":"Le gilet de cyclisme ESSENZ ECLIPSE est con\u00e7u pour offrir protection, l\u00e9g\u00e8ret\u00e9 et polyvalence, devenant une pi\u00e8ce essentielle pour le cyclisme sur route, le gravel et les entra\u00eenements par m\u00e9t\u00e9o variable. Ce gilet coupe-vent et imperm\u00e9able ultral\u00e9ger est tr\u00e8s compactable, ce qui permet de le ranger facilement dans la poche du maillot lorsque vous ne l\u2019utilisez pas. Il est id\u00e9al pour se prot\u00e9ger du vent ou des changements soudains de temp\u00e9rature pendant la sortie. La partie arri\u00e8re int\u00e8gre un tissu mesh respirant, qui am\u00e9liore la ventilation et facilite l\u2019\u00e9vacuation de la transpiration pour garder le corps au sec m\u00eame lors d\u2019efforts intenses. Pour plus de praticit\u00e9, le gilet dispose de deux ouvertures lombaires permettant d\u2019acc\u00e9der facilement aux poches du maillot sans ouvrir la veste. Le bas \u00e9lastique avec bande int\u00e9rieure en silicone assure un maintien stable pendant le p\u00e9dalage. Il comprend \u00e9galement un d\u00e9tail r\u00e9fl\u00e9chissant qui am\u00e9liore la visibilit\u00e9 lorsque la luminosit\u00e9 est faible. La fermeture \u00e9clair YKK aimant\u00e9e \u00e0 double curseur permet d\u2019ouvrir le gilet par le haut ou par le bas pour ajuster la ventilation. Avec une colonne d\u2019eau de 10 000 mm, l\u2019ESSENZ ECLIPSE offre une protection efficace contre la pluie l\u00e9g\u00e8re et le vent. Le gilet v\u00e9lo ESSENZ ECLIPSE est id\u00e9al pour les cyclistes recherchant un gilet de cyclisme l\u00e9ger, compact et fonctionnel, parfait pour les longues sorties et les conditions m\u00e9t\u00e9o changeantes.","robots":{"index":"index","follow":"follow","max-snippet":"max-snippet:-1","max-image-preview":"max-image-preview:large","max-video-preview":"max-video-preview:-1"},"canonical":"https:\/\/www.inverseteams.com\/fr\/produit\/gilet-cycliste-essenz-eclipse-unisex\/","og_locale":"fr_FR","og_type":"article","og_title":"Gilet cycliste ESSENZ ECLIPSE (UNISEX)","og_description":"Le gilet de cyclisme ESSENZ ECLIPSE est con\u00e7u pour offrir protection, l\u00e9g\u00e8ret\u00e9 et polyvalence, devenant une pi\u00e8ce essentielle pour le cyclisme sur route, le gravel et les entra\u00eenements par m\u00e9t\u00e9o variable. Ce gilet coupe-vent et imperm\u00e9able ultral\u00e9ger est tr\u00e8s compactable, ce qui permet de le ranger facilement dans la poche du maillot lorsque vous ne l\u2019utilisez pas. Il est id\u00e9al pour se prot\u00e9ger du vent ou des changements soudains de temp\u00e9rature pendant la sortie. La partie arri\u00e8re int\u00e8gre un tissu mesh respirant, qui am\u00e9liore la ventilation et facilite l\u2019\u00e9vacuation de la transpiration pour garder le corps au sec m\u00eame lors d\u2019efforts intenses. Pour plus de praticit\u00e9, le gilet dispose de deux ouvertures lombaires permettant d\u2019acc\u00e9der facilement aux poches du maillot sans ouvrir la veste. Le bas \u00e9lastique avec bande int\u00e9rieure en silicone assure un maintien stable pendant le p\u00e9dalage. Il comprend \u00e9galement un d\u00e9tail r\u00e9fl\u00e9chissant qui am\u00e9liore la visibilit\u00e9 lorsque la luminosit\u00e9 est faible. La fermeture \u00e9clair YKK aimant\u00e9e \u00e0 double curseur permet d\u2019ouvrir le gilet par le haut ou par le bas pour ajuster la ventilation. Avec une colonne d\u2019eau de 10 000 mm, l\u2019ESSENZ ECLIPSE offre une protection efficace contre la pluie l\u00e9g\u00e8re et le vent. Le gilet v\u00e9lo ESSENZ ECLIPSE est id\u00e9al pour les cyclistes recherchant un gilet de cyclisme l\u00e9ger, compact et fonctionnel, parfait pour les longues sorties et les conditions m\u00e9t\u00e9o changeantes.","og_url":"https:\/\/www.inverseteams.com\/fr\/produit\/gilet-cycliste-essenz-eclipse-unisex\/","og_site_name":"Inverseteams","article_publisher":"https:\/\/www.facebook.com\/inverseteams","article_modified_time":"2026-03-15T14:20:50+00:00","og_image":[{"width":1500,"height":1612,"url":"https:\/\/www.inverseteams.com\/wp-content\/uploads\/INVERSE-UNISEX-CHALECO-ESSENZ-ECLIPSE-001.jpg","type":"image\/jpeg"}],"twitter_card":"summary_large_image","twitter_misc":{"Dur\u00e9e de lecture estim\u00e9e":"2 minutes"},"schema":{"@context":"https:\/\/schema.org","@graph":[{"@type":"WebPage","@id":"https:\/\/www.inverseteams.com\/fr\/produit\/gilet-cycliste-essenz-eclipse-unisex\/","url":"https:\/\/www.inverseteams.com\/fr\/produit\/gilet-cycliste-essenz-eclipse-unisex\/","name":"Gilet cycliste ESSENZ ECLIPSE (UNISEX)","isPartOf":{"@id":"https:\/\/www.inverseteams.com\/fr\/#website"},"primaryImageOfPage":{"@id":"https:\/\/www.inverseteams.com\/fr\/produit\/gilet-cycliste-essenz-eclipse-unisex\/#primaryimage"},"image":{"@id":"https:\/\/www.inverseteams.com\/fr\/produit\/gilet-cycliste-essenz-eclipse-unisex\/#primaryimage"},"thumbnailUrl":"https:\/\/www.inverseteams.com\/wp-content\/uploads\/INVERSE-UNISEX-CHALECO-ESSENZ-ECLIPSE-001.jpg","datePublished":"2025-10-03T14:15:57+00:00","dateModified":"2026-03-15T14:20:50+00:00","description":"Le gilet de cyclisme ESSENZ ECLIPSE est con\u00e7u pour offrir protection, l\u00e9g\u00e8ret\u00e9 et polyvalence, devenant une pi\u00e8ce essentielle pour le cyclisme sur route, le gravel et les entra\u00eenements par m\u00e9t\u00e9o variable. Ce gilet coupe-vent et imperm\u00e9able ultral\u00e9ger est tr\u00e8s compactable, ce qui permet de le ranger facilement dans la poche du maillot lorsque vous ne l\u2019utilisez pas. Il est id\u00e9al pour se prot\u00e9ger du vent ou des changements soudains de temp\u00e9rature pendant la sortie. La partie arri\u00e8re int\u00e8gre un tissu mesh respirant, qui am\u00e9liore la ventilation et facilite l\u2019\u00e9vacuation de la transpiration pour garder le corps au sec m\u00eame lors d\u2019efforts intenses. Pour plus de praticit\u00e9, le gilet dispose de deux ouvertures lombaires permettant d\u2019acc\u00e9der facilement aux poches du maillot sans ouvrir la veste. Le bas \u00e9lastique avec bande int\u00e9rieure en silicone assure un maintien stable pendant le p\u00e9dalage. Il comprend \u00e9galement un d\u00e9tail r\u00e9fl\u00e9chissant qui am\u00e9liore la visibilit\u00e9 lorsque la luminosit\u00e9 est faible. La fermeture \u00e9clair YKK aimant\u00e9e \u00e0 double curseur permet d\u2019ouvrir le gilet par le haut ou par le bas pour ajuster la ventilation. Avec une colonne d\u2019eau de 10 000 mm, l\u2019ESSENZ ECLIPSE offre une protection efficace contre la pluie l\u00e9g\u00e8re et le vent. Le gilet v\u00e9lo ESSENZ ECLIPSE est id\u00e9al pour les cyclistes recherchant un gilet de cyclisme l\u00e9ger, compact et fonctionnel, parfait pour les longues sorties et les conditions m\u00e9t\u00e9o changeantes.","breadcrumb":{"@id":"https:\/\/www.inverseteams.com\/fr\/produit\/gilet-cycliste-essenz-eclipse-unisex\/#breadcrumb"},"inLanguage":"fr-FR","potentialAction":[{"@type":"ReadAction","target":["https:\/\/www.inverseteams.com\/fr\/produit\/gilet-cycliste-essenz-eclipse-unisex\/"]}]},{"@type":"ImageObject","inLanguage":"fr-FR","@id":"https:\/\/www.inverseteams.com\/fr\/produit\/gilet-cycliste-essenz-eclipse-unisex\/#primaryimage","url":"https:\/\/www.inverseteams.com\/wp-content\/uploads\/INVERSE-UNISEX-CHALECO-ESSENZ-ECLIPSE-001.jpg","contentUrl":"https:\/\/www.inverseteams.com\/wp-content\/uploads\/INVERSE-UNISEX-CHALECO-ESSENZ-ECLIPSE-001.jpg","width":1500,"height":1612},{"@type":"BreadcrumbList","@id":"https:\/\/www.inverseteams.com\/fr\/produit\/gilet-cycliste-essenz-eclipse-unisex\/#breadcrumb","itemListElement":[{"@type":"ListItem","position":1,"name":"Portada","item":"https:\/\/www.inverseteams.com\/fr\/pagina-principal\/"},{"@type":"ListItem","position":2,"name":"Panier","item":"https:\/\/www.inverseteams.com\/fr\/panier\/"},{"@type":"ListItem","position":3,"name":"Gilet cycliste ESSENZ ECLIPSE (UNISEX)"}]},{"@type":"WebSite","@id":"https:\/\/www.inverseteams.com\/fr\/#website","url":"https:\/\/www.inverseteams.com\/fr\/","name":"Inverseteams","description":"Tu marca de ropa deportiva personalizada","publisher":{"@id":"https:\/\/www.inverseteams.com\/fr\/#organization"},"potentialAction":[{"@type":"SearchAction","target":{"@type":"EntryPoint","urlTemplate":"https:\/\/www.inverseteams.com\/fr\/?s={search_term_string}"},"query-input":{"@type":"PropertyValueSpecification","valueRequired":true,"valueName":"search_term_string"}}],"inLanguage":"fr-FR"},{"@type":"Organization","@id":"https:\/\/www.inverseteams.com\/fr\/#organization","name":"Inverse Teams","url":"https:\/\/www.inverseteams.com\/fr\/","logo":{"@type":"ImageObject","inLanguage":"fr-FR","@id":"https:\/\/www.inverseteams.com\/fr\/#\/schema\/logo\/image\/","url":"https:\/\/www.inverseteams.com\/wp-content\/uploads\/2021\/03\/logo-inverse-teams.png","contentUrl":"https:\/\/www.inverseteams.com\/wp-content\/uploads\/2021\/03\/logo-inverse-teams.png","width":294,"height":99,"caption":"Inverse Teams"},"image":{"@id":"https:\/\/www.inverseteams.com\/fr\/#\/schema\/logo\/image\/"},"sameAs":["https:\/\/www.facebook.com\/inverseteams","http:\/\/instagram.com\/inverseteams","https:\/\/www.linkedin.com\/company\/inverse-cirosport-s-l-?trk=job_view_topcard_company_name","http:\/\/www.pinterest.com\/inverseteams\/","http:\/\/www.youtube.com\/user\/inverseteams?feature=watch"]}]}},"_links":{"self":[{"href":"https:\/\/www.inverseteams.com\/fr\/wp-json\/wp\/v2\/product\/269193","targetHints":{"allow":["GET"]}}],"collection":[{"href":"https:\/\/www.inverseteams.com\/fr\/wp-json\/wp\/v2\/product"}],"about":[{"href":"https:\/\/www.inverseteams.com\/fr\/wp-json\/wp\/v2\/types\/product"}],"replies":[{"embeddable":true,"href":"https:\/\/www.inverseteams.com\/fr\/wp-json\/wp\/v2\/comments?post=269193"}],"wp:featuredmedia":[{"embeddable":true,"href":"https:\/\/www.inverseteams.com\/fr\/wp-json\/wp\/v2\/media\/280558"}],"wp:attachment":[{"href":"https:\/\/www.inverseteams.com\/fr\/wp-json\/wp\/v2\/media?parent=269193"}],"wp:term":[{"taxonomy":"product_brand","embeddable":true,"href":"https:\/\/www.inverseteams.com\/fr\/wp-json\/wp\/v2\/product_brand?post=269193"},{"taxonomy":"product_cat","embeddable":true,"href":"https:\/\/www.inverseteams.com\/fr\/wp-json\/wp\/v2\/product_cat?post=269193"},{"taxonomy":"product_tag","embeddable":true,"href":"https:\/\/www.inverseteams.com\/fr\/wp-json\/wp\/v2\/product_tag?post=269193"},{"taxonomy":"custom_category","embeddable":true,"href":"https:\/\/www.inverseteams.com\/fr\/wp-json\/wp\/v2\/custom_category?post=269193"},{"taxonomy":"range","embeddable":true,"href":"https:\/\/www.inverseteams.com\/fr\/wp-json\/wp\/v2\/range?post=269193"}],"curies":[{"name":"wp","href":"https:\/\/api.w.org\/{rel}","templated":true}]}}