{"id":268839,"date":"2025-10-03T07:20:05","date_gmt":"2025-10-03T07:20:05","guid":{"rendered":"https:\/\/www.inverseteams.com\/?post_type=product&#038;p=268839"},"modified":"2026-02-20T11:55:33","modified_gmt":"2026-02-20T10:55:33","slug":"maillot-cycliste-manche-longue-outter-alaska-homme","status":"publish","type":"product","link":"https:\/\/www.inverseteams.com\/fr\/produit\/maillot-cycliste-manche-longue-outter-alaska-homme\/","title":{"rendered":"Maillot cycliste manche longue OUTTER ALASKA (HOMME)"},"content":{"rendered":"<p>Maillot de cyclisme homme \u00e0 la coupe d\u00e9contract\u00e9e. Polyvalent sur tous types de terrains, il allie confort et durabilit\u00e9, id\u00e9al pour les sorties en montagne et sur route.<br \/>\nLe devant et les manches sont en tissu thermique SUPERROUBAIX, tandis que les aisselles, le dessous des manches et le dos sont en tissu CYCLON, favorisant la respirabilit\u00e9.<br \/>\nLe col montant pr\u00e9sente une forme anatomique. Les poignets et l&rsquo;ourlet sont dot\u00e9s d&rsquo;une finition \u00e9lastique et de silicone pour un meilleur ajustement.<br \/>\nIl est dot\u00e9 de deux poches arri\u00e8re avec finition \u00e9lastique et silicone, d&rsquo;une poche lat\u00e9rale en filet de m\u00eame finition et d&rsquo;une poche suppl\u00e9mentaire en filet sur la poitrine, avec finition \u00e9lastique et acc\u00e8s facile.<\/p>\n","protected":false},"excerpt":{"rendered":"<p>Maillot de cyclisme homme \u00e0 la coupe d\u00e9contract\u00e9e. Polyvalent sur tous types de terrains, il allie confort et durabilit\u00e9, id\u00e9al pour les sorties en montagne et sur route.<br \/>\nLe devant et les manches sont en tissu thermique SUPERROUBAIX, tandis que les aisselles, le dessous des manches et le dos sont en tissu CYCLON, favorisant la respirabilit\u00e9.<br \/>\nLe col montant pr\u00e9sente une forme anatomique. Les poignets et l&rsquo;ourlet sont dot\u00e9s d&rsquo;une finition \u00e9lastique et de silicone pour un meilleur ajustement.<br \/>\nIl est dot\u00e9 de deux poches arri\u00e8re avec finition \u00e9lastique et silicone, d&rsquo;une poche lat\u00e9rale en filet de m\u00eame finition et d&rsquo;une poche suppl\u00e9mentaire en filet sur la poitrine, avec finition \u00e9lastique et acc\u00e8s facile.<\/p>\n","protected":false},"featured_media":268731,"comment_status":"closed","ping_status":"closed","template":"","meta":{"_acf_changed":false},"product_brand":[],"product_cat":[3230,3240,9949,7177],"product_tag":[],"custom_category":[],"range":[],"class_list":{"0":"post-268839","1":"product","2":"type-product","3":"status-publish","4":"has-post-thumbnail","6":"product_cat-cyclisme-fr","7":"product_cat-maillot-cycliste","8":"product_cat-gravel-fr","9":"product_cat-b2b-fr","10":"pa_climatologia-froid","11":"pa_deporte-cyclisme","12":"pa_genero-homme","13":"pa_patronaje-casual-fr","14":"pa_talla-m-fr","15":"pa_talla-s-fr","16":"pa_talla-xl-fr","17":"pa_talla-xxl-fr","18":"pa_talla-l-fr","19":"pa_tipo-de-prenda-maillot-manche-longue","21":"first","22":"outofstock","23":"taxable","24":"shipping-taxable","25":"purchasable","26":"product-type-variable","27":"has-default-attributes"},"acf":[],"yoast_head":"<!-- This site is optimized with the Yoast SEO plugin v27.2 - https:\/\/yoast.com\/product\/yoast-seo-wordpress\/ -->\n<title>Maillot cycliste manche longue OUTTER ALASKA (HOMME)<\/title>\n<meta name=\"description\" content=\"Maillot de cyclisme homme \u00e0 la coupe d\u00e9contract\u00e9e. Polyvalent sur tous types de terrains, il allie confort et durabilit\u00e9, id\u00e9al pour les sorties en montagne et sur route. Le devant et les manches sont en tissu thermique SUPERROUBAIX, tandis que les aisselles, le dessous des manches et le dos sont en tissu CYCLON, favorisant la respirabilit\u00e9. Le col montant pr\u00e9sente une forme anatomique. Les poignets et l&#039;ourlet sont dot\u00e9s d&#039;une finition \u00e9lastique et de silicone pour un meilleur ajustement. Il est dot\u00e9 de deux poches arri\u00e8re avec finition \u00e9lastique et silicone, d&#039;une poche lat\u00e9rale en filet de m\u00eame finition et d&#039;une poche suppl\u00e9mentaire en filet sur la poitrine, avec finition \u00e9lastique et acc\u00e8s facile.\" \/>\n<meta name=\"robots\" content=\"index, follow, max-snippet:-1, max-image-preview:large, max-video-preview:-1\" \/>\n<link rel=\"canonical\" href=\"https:\/\/www.inverseteams.com\/fr\/produit\/maillot-cycliste-manche-longue-outter-alaska-homme\/\" \/>\n<meta property=\"og:locale\" content=\"fr_FR\" \/>\n<meta property=\"og:type\" content=\"article\" \/>\n<meta property=\"og:title\" content=\"Maillot cycliste manche longue OUTTER ALASKA (HOMME)\" \/>\n<meta property=\"og:description\" content=\"Maillot de cyclisme homme \u00e0 la coupe d\u00e9contract\u00e9e. Polyvalent sur tous types de terrains, il allie confort et durabilit\u00e9, id\u00e9al pour les sorties en montagne et sur route. Le devant et les manches sont en tissu thermique SUPERROUBAIX, tandis que les aisselles, le dessous des manches et le dos sont en tissu CYCLON, favorisant la respirabilit\u00e9. Le col montant pr\u00e9sente une forme anatomique. Les poignets et l&#039;ourlet sont dot\u00e9s d&#039;une finition \u00e9lastique et de silicone pour un meilleur ajustement. Il est dot\u00e9 de deux poches arri\u00e8re avec finition \u00e9lastique et silicone, d&#039;une poche lat\u00e9rale en filet de m\u00eame finition et d&#039;une poche suppl\u00e9mentaire en filet sur la poitrine, avec finition \u00e9lastique et acc\u00e8s facile.\" \/>\n<meta property=\"og:url\" content=\"https:\/\/www.inverseteams.com\/fr\/produit\/maillot-cycliste-manche-longue-outter-alaska-homme\/\" \/>\n<meta property=\"og:site_name\" content=\"Inverseteams\" \/>\n<meta property=\"article:publisher\" content=\"https:\/\/www.facebook.com\/inverseteams\" \/>\n<meta property=\"article:modified_time\" content=\"2026-02-20T10:55:33+00:00\" \/>\n<meta property=\"og:image\" content=\"https:\/\/www.inverseteams.com\/wp-content\/uploads\/INVERSE-OUTTER-MAILLOT-ALASKA-001.jpg\" \/>\n\t<meta property=\"og:image:width\" content=\"1500\" \/>\n\t<meta property=\"og:image:height\" content=\"1612\" \/>\n\t<meta property=\"og:image:type\" content=\"image\/jpeg\" \/>\n<meta name=\"twitter:card\" content=\"summary_large_image\" \/>\n<meta name=\"twitter:label1\" content=\"Dur\u00e9e de lecture estim\u00e9e\" \/>\n\t<meta name=\"twitter:data1\" content=\"1 minute\" \/>\n<script type=\"application\/ld+json\" class=\"yoast-schema-graph\">{\"@context\":\"https:\/\/schema.org\",\"@graph\":[{\"@type\":\"WebPage\",\"@id\":\"https:\/\/www.inverseteams.com\/fr\/produit\/maillot-cycliste-manche-longue-outter-alaska-homme\/\",\"url\":\"https:\/\/www.inverseteams.com\/fr\/produit\/maillot-cycliste-manche-longue-outter-alaska-homme\/\",\"name\":\"Maillot cycliste manche longue OUTTER ALASKA (HOMME)\",\"isPartOf\":{\"@id\":\"https:\/\/www.inverseteams.com\/fr\/#website\"},\"primaryImageOfPage\":{\"@id\":\"https:\/\/www.inverseteams.com\/fr\/produit\/maillot-cycliste-manche-longue-outter-alaska-homme\/#primaryimage\"},\"image\":{\"@id\":\"https:\/\/www.inverseteams.com\/fr\/produit\/maillot-cycliste-manche-longue-outter-alaska-homme\/#primaryimage\"},\"thumbnailUrl\":\"https:\/\/www.inverseteams.com\/wp-content\/uploads\/INVERSE-OUTTER-MAILLOT-ALASKA-001.jpg\",\"datePublished\":\"2025-10-03T07:20:05+00:00\",\"dateModified\":\"2026-02-20T10:55:33+00:00\",\"description\":\"Maillot de cyclisme homme \u00e0 la coupe d\u00e9contract\u00e9e. Polyvalent sur tous types de terrains, il allie confort et durabilit\u00e9, id\u00e9al pour les sorties en montagne et sur route. Le devant et les manches sont en tissu thermique SUPERROUBAIX, tandis que les aisselles, le dessous des manches et le dos sont en tissu CYCLON, favorisant la respirabilit\u00e9. Le col montant pr\u00e9sente une forme anatomique. Les poignets et l'ourlet sont dot\u00e9s d'une finition \u00e9lastique et de silicone pour un meilleur ajustement. Il est dot\u00e9 de deux poches arri\u00e8re avec finition \u00e9lastique et silicone, d'une poche lat\u00e9rale en filet de m\u00eame finition et d'une poche suppl\u00e9mentaire en filet sur la poitrine, avec finition \u00e9lastique et acc\u00e8s facile.\",\"breadcrumb\":{\"@id\":\"https:\/\/www.inverseteams.com\/fr\/produit\/maillot-cycliste-manche-longue-outter-alaska-homme\/#breadcrumb\"},\"inLanguage\":\"fr-FR\",\"potentialAction\":[{\"@type\":\"ReadAction\",\"target\":[\"https:\/\/www.inverseteams.com\/fr\/produit\/maillot-cycliste-manche-longue-outter-alaska-homme\/\"]}]},{\"@type\":\"ImageObject\",\"inLanguage\":\"fr-FR\",\"@id\":\"https:\/\/www.inverseteams.com\/fr\/produit\/maillot-cycliste-manche-longue-outter-alaska-homme\/#primaryimage\",\"url\":\"https:\/\/www.inverseteams.com\/wp-content\/uploads\/INVERSE-OUTTER-MAILLOT-ALASKA-001.jpg\",\"contentUrl\":\"https:\/\/www.inverseteams.com\/wp-content\/uploads\/INVERSE-OUTTER-MAILLOT-ALASKA-001.jpg\",\"width\":1500,\"height\":1612},{\"@type\":\"BreadcrumbList\",\"@id\":\"https:\/\/www.inverseteams.com\/fr\/produit\/maillot-cycliste-manche-longue-outter-alaska-homme\/#breadcrumb\",\"itemListElement\":[{\"@type\":\"ListItem\",\"position\":1,\"name\":\"Portada\",\"item\":\"https:\/\/www.inverseteams.com\/fr\/pagina-principal\/\"},{\"@type\":\"ListItem\",\"position\":2,\"name\":\"Panier\",\"item\":\"https:\/\/www.inverseteams.com\/fr\/panier\/\"},{\"@type\":\"ListItem\",\"position\":3,\"name\":\"Maillot cycliste manche longue OUTTER ALASKA (HOMME)\"}]},{\"@type\":\"WebSite\",\"@id\":\"https:\/\/www.inverseteams.com\/fr\/#website\",\"url\":\"https:\/\/www.inverseteams.com\/fr\/\",\"name\":\"Inverseteams\",\"description\":\"Tu marca de ropa deportiva personalizada\",\"publisher\":{\"@id\":\"https:\/\/www.inverseteams.com\/fr\/#organization\"},\"potentialAction\":[{\"@type\":\"SearchAction\",\"target\":{\"@type\":\"EntryPoint\",\"urlTemplate\":\"https:\/\/www.inverseteams.com\/fr\/?s={search_term_string}\"},\"query-input\":{\"@type\":\"PropertyValueSpecification\",\"valueRequired\":true,\"valueName\":\"search_term_string\"}}],\"inLanguage\":\"fr-FR\"},{\"@type\":\"Organization\",\"@id\":\"https:\/\/www.inverseteams.com\/fr\/#organization\",\"name\":\"Inverse Teams\",\"url\":\"https:\/\/www.inverseteams.com\/fr\/\",\"logo\":{\"@type\":\"ImageObject\",\"inLanguage\":\"fr-FR\",\"@id\":\"https:\/\/www.inverseteams.com\/fr\/#\/schema\/logo\/image\/\",\"url\":\"https:\/\/www.inverseteams.com\/wp-content\/uploads\/2021\/03\/logo-inverse-teams.png\",\"contentUrl\":\"https:\/\/www.inverseteams.com\/wp-content\/uploads\/2021\/03\/logo-inverse-teams.png\",\"width\":294,\"height\":99,\"caption\":\"Inverse Teams\"},\"image\":{\"@id\":\"https:\/\/www.inverseteams.com\/fr\/#\/schema\/logo\/image\/\"},\"sameAs\":[\"https:\/\/www.facebook.com\/inverseteams\",\"http:\/\/instagram.com\/inverseteams\",\"https:\/\/www.linkedin.com\/company\/inverse-cirosport-s-l-?trk=job_view_topcard_company_name\",\"http:\/\/www.pinterest.com\/inverseteams\/\",\"http:\/\/www.youtube.com\/user\/inverseteams?feature=watch\"]}]}<\/script>\n<!-- \/ Yoast SEO plugin. -->","yoast_head_json":{"title":"Maillot cycliste manche longue OUTTER ALASKA (HOMME)","description":"Maillot de cyclisme homme \u00e0 la coupe d\u00e9contract\u00e9e. Polyvalent sur tous types de terrains, il allie confort et durabilit\u00e9, id\u00e9al pour les sorties en montagne et sur route. Le devant et les manches sont en tissu thermique SUPERROUBAIX, tandis que les aisselles, le dessous des manches et le dos sont en tissu CYCLON, favorisant la respirabilit\u00e9. Le col montant pr\u00e9sente une forme anatomique. Les poignets et l'ourlet sont dot\u00e9s d'une finition \u00e9lastique et de silicone pour un meilleur ajustement. Il est dot\u00e9 de deux poches arri\u00e8re avec finition \u00e9lastique et silicone, d'une poche lat\u00e9rale en filet de m\u00eame finition et d'une poche suppl\u00e9mentaire en filet sur la poitrine, avec finition \u00e9lastique et acc\u00e8s facile.","robots":{"index":"index","follow":"follow","max-snippet":"max-snippet:-1","max-image-preview":"max-image-preview:large","max-video-preview":"max-video-preview:-1"},"canonical":"https:\/\/www.inverseteams.com\/fr\/produit\/maillot-cycliste-manche-longue-outter-alaska-homme\/","og_locale":"fr_FR","og_type":"article","og_title":"Maillot cycliste manche longue OUTTER ALASKA (HOMME)","og_description":"Maillot de cyclisme homme \u00e0 la coupe d\u00e9contract\u00e9e. Polyvalent sur tous types de terrains, il allie confort et durabilit\u00e9, id\u00e9al pour les sorties en montagne et sur route. Le devant et les manches sont en tissu thermique SUPERROUBAIX, tandis que les aisselles, le dessous des manches et le dos sont en tissu CYCLON, favorisant la respirabilit\u00e9. Le col montant pr\u00e9sente une forme anatomique. Les poignets et l'ourlet sont dot\u00e9s d'une finition \u00e9lastique et de silicone pour un meilleur ajustement. Il est dot\u00e9 de deux poches arri\u00e8re avec finition \u00e9lastique et silicone, d'une poche lat\u00e9rale en filet de m\u00eame finition et d'une poche suppl\u00e9mentaire en filet sur la poitrine, avec finition \u00e9lastique et acc\u00e8s facile.","og_url":"https:\/\/www.inverseteams.com\/fr\/produit\/maillot-cycliste-manche-longue-outter-alaska-homme\/","og_site_name":"Inverseteams","article_publisher":"https:\/\/www.facebook.com\/inverseteams","article_modified_time":"2026-02-20T10:55:33+00:00","og_image":[{"width":1500,"height":1612,"url":"https:\/\/www.inverseteams.com\/wp-content\/uploads\/INVERSE-OUTTER-MAILLOT-ALASKA-001.jpg","type":"image\/jpeg"}],"twitter_card":"summary_large_image","twitter_misc":{"Dur\u00e9e de lecture estim\u00e9e":"1 minute"},"schema":{"@context":"https:\/\/schema.org","@graph":[{"@type":"WebPage","@id":"https:\/\/www.inverseteams.com\/fr\/produit\/maillot-cycliste-manche-longue-outter-alaska-homme\/","url":"https:\/\/www.inverseteams.com\/fr\/produit\/maillot-cycliste-manche-longue-outter-alaska-homme\/","name":"Maillot cycliste manche longue OUTTER ALASKA (HOMME)","isPartOf":{"@id":"https:\/\/www.inverseteams.com\/fr\/#website"},"primaryImageOfPage":{"@id":"https:\/\/www.inverseteams.com\/fr\/produit\/maillot-cycliste-manche-longue-outter-alaska-homme\/#primaryimage"},"image":{"@id":"https:\/\/www.inverseteams.com\/fr\/produit\/maillot-cycliste-manche-longue-outter-alaska-homme\/#primaryimage"},"thumbnailUrl":"https:\/\/www.inverseteams.com\/wp-content\/uploads\/INVERSE-OUTTER-MAILLOT-ALASKA-001.jpg","datePublished":"2025-10-03T07:20:05+00:00","dateModified":"2026-02-20T10:55:33+00:00","description":"Maillot de cyclisme homme \u00e0 la coupe d\u00e9contract\u00e9e. Polyvalent sur tous types de terrains, il allie confort et durabilit\u00e9, id\u00e9al pour les sorties en montagne et sur route. Le devant et les manches sont en tissu thermique SUPERROUBAIX, tandis que les aisselles, le dessous des manches et le dos sont en tissu CYCLON, favorisant la respirabilit\u00e9. Le col montant pr\u00e9sente une forme anatomique. Les poignets et l'ourlet sont dot\u00e9s d'une finition \u00e9lastique et de silicone pour un meilleur ajustement. Il est dot\u00e9 de deux poches arri\u00e8re avec finition \u00e9lastique et silicone, d'une poche lat\u00e9rale en filet de m\u00eame finition et d'une poche suppl\u00e9mentaire en filet sur la poitrine, avec finition \u00e9lastique et acc\u00e8s facile.","breadcrumb":{"@id":"https:\/\/www.inverseteams.com\/fr\/produit\/maillot-cycliste-manche-longue-outter-alaska-homme\/#breadcrumb"},"inLanguage":"fr-FR","potentialAction":[{"@type":"ReadAction","target":["https:\/\/www.inverseteams.com\/fr\/produit\/maillot-cycliste-manche-longue-outter-alaska-homme\/"]}]},{"@type":"ImageObject","inLanguage":"fr-FR","@id":"https:\/\/www.inverseteams.com\/fr\/produit\/maillot-cycliste-manche-longue-outter-alaska-homme\/#primaryimage","url":"https:\/\/www.inverseteams.com\/wp-content\/uploads\/INVERSE-OUTTER-MAILLOT-ALASKA-001.jpg","contentUrl":"https:\/\/www.inverseteams.com\/wp-content\/uploads\/INVERSE-OUTTER-MAILLOT-ALASKA-001.jpg","width":1500,"height":1612},{"@type":"BreadcrumbList","@id":"https:\/\/www.inverseteams.com\/fr\/produit\/maillot-cycliste-manche-longue-outter-alaska-homme\/#breadcrumb","itemListElement":[{"@type":"ListItem","position":1,"name":"Portada","item":"https:\/\/www.inverseteams.com\/fr\/pagina-principal\/"},{"@type":"ListItem","position":2,"name":"Panier","item":"https:\/\/www.inverseteams.com\/fr\/panier\/"},{"@type":"ListItem","position":3,"name":"Maillot cycliste manche longue OUTTER ALASKA (HOMME)"}]},{"@type":"WebSite","@id":"https:\/\/www.inverseteams.com\/fr\/#website","url":"https:\/\/www.inverseteams.com\/fr\/","name":"Inverseteams","description":"Tu marca de ropa deportiva personalizada","publisher":{"@id":"https:\/\/www.inverseteams.com\/fr\/#organization"},"potentialAction":[{"@type":"SearchAction","target":{"@type":"EntryPoint","urlTemplate":"https:\/\/www.inverseteams.com\/fr\/?s={search_term_string}"},"query-input":{"@type":"PropertyValueSpecification","valueRequired":true,"valueName":"search_term_string"}}],"inLanguage":"fr-FR"},{"@type":"Organization","@id":"https:\/\/www.inverseteams.com\/fr\/#organization","name":"Inverse Teams","url":"https:\/\/www.inverseteams.com\/fr\/","logo":{"@type":"ImageObject","inLanguage":"fr-FR","@id":"https:\/\/www.inverseteams.com\/fr\/#\/schema\/logo\/image\/","url":"https:\/\/www.inverseteams.com\/wp-content\/uploads\/2021\/03\/logo-inverse-teams.png","contentUrl":"https:\/\/www.inverseteams.com\/wp-content\/uploads\/2021\/03\/logo-inverse-teams.png","width":294,"height":99,"caption":"Inverse Teams"},"image":{"@id":"https:\/\/www.inverseteams.com\/fr\/#\/schema\/logo\/image\/"},"sameAs":["https:\/\/www.facebook.com\/inverseteams","http:\/\/instagram.com\/inverseteams","https:\/\/www.linkedin.com\/company\/inverse-cirosport-s-l-?trk=job_view_topcard_company_name","http:\/\/www.pinterest.com\/inverseteams\/","http:\/\/www.youtube.com\/user\/inverseteams?feature=watch"]}]}},"_links":{"self":[{"href":"https:\/\/www.inverseteams.com\/fr\/wp-json\/wp\/v2\/product\/268839","targetHints":{"allow":["GET"]}}],"collection":[{"href":"https:\/\/www.inverseteams.com\/fr\/wp-json\/wp\/v2\/product"}],"about":[{"href":"https:\/\/www.inverseteams.com\/fr\/wp-json\/wp\/v2\/types\/product"}],"replies":[{"embeddable":true,"href":"https:\/\/www.inverseteams.com\/fr\/wp-json\/wp\/v2\/comments?post=268839"}],"wp:featuredmedia":[{"embeddable":true,"href":"https:\/\/www.inverseteams.com\/fr\/wp-json\/wp\/v2\/media\/268731"}],"wp:attachment":[{"href":"https:\/\/www.inverseteams.com\/fr\/wp-json\/wp\/v2\/media?parent=268839"}],"wp:term":[{"taxonomy":"product_brand","embeddable":true,"href":"https:\/\/www.inverseteams.com\/fr\/wp-json\/wp\/v2\/product_brand?post=268839"},{"taxonomy":"product_cat","embeddable":true,"href":"https:\/\/www.inverseteams.com\/fr\/wp-json\/wp\/v2\/product_cat?post=268839"},{"taxonomy":"product_tag","embeddable":true,"href":"https:\/\/www.inverseteams.com\/fr\/wp-json\/wp\/v2\/product_tag?post=268839"},{"taxonomy":"custom_category","embeddable":true,"href":"https:\/\/www.inverseteams.com\/fr\/wp-json\/wp\/v2\/custom_category?post=268839"},{"taxonomy":"range","embeddable":true,"href":"https:\/\/www.inverseteams.com\/fr\/wp-json\/wp\/v2\/range?post=268839"}],"curies":[{"name":"wp","href":"https:\/\/api.w.org\/{rel}","templated":true}]}}