{"id":268800,"date":"2025-10-03T06:26:38","date_gmt":"2025-10-03T06:26:38","guid":{"rendered":"https:\/\/www.inverseteams.com\/?post_type=product&#038;p=268800"},"modified":"2026-02-20T11:55:35","modified_gmt":"2026-02-20T10:55:35","slug":"veste-outter-artik-black-homme","status":"publish","type":"product","link":"https:\/\/www.inverseteams.com\/fr\/produit\/veste-outter-artik-black-homme\/","title":{"rendered":"Veste OUTTER ARTIK BLACK (HOMME)"},"content":{"rendered":"<p>Veste homme coupe standard con\u00e7ue pour vous prot\u00e9ger du froid. Un v\u00eatement polyvalent, id\u00e9al pour le sport comme pour les balades en ville.<br \/>\nSur le devant et le haut du dos, le tissu PrimaLoft\u00ae matelass\u00e9 assure une excellente isolation thermique, tandis que la couche ext\u00e9rieure en RIPSTOP est imperm\u00e9able. L&rsquo;ourlet enduit de silicone assure un ajustement confortable, tandis que les poignets d\u00e9coup\u00e9s au laser offrent un maintien optimal. Les manches, confectionn\u00e9es avec des coutures plates et un tissu imperm\u00e9able, am\u00e9liorent l&rsquo;adaptabilit\u00e9 et l&rsquo;isolation.<br \/>\nElle est dot\u00e9e de deux poches lat\u00e9rales \u00e0 fermeture \u00e9clair magn\u00e9tique, dont deux poches int\u00e9rieures en filet avec bordure \u00e9lastique. Elle poss\u00e8de \u00e9galement une poche arri\u00e8re zipp\u00e9e orn\u00e9e d&rsquo;un logo en vinyle au style d\u00e9contract\u00e9.<\/p>\n","protected":false},"excerpt":{"rendered":"<p>Veste homme coupe standard con\u00e7ue pour vous prot\u00e9ger du froid. Un v\u00eatement polyvalent, id\u00e9al pour le sport comme pour les balades en ville.<br \/>\nSur le devant et le haut du dos, le tissu PrimaLoft\u00ae matelass\u00e9 assure une excellente isolation thermique, tandis que la couche ext\u00e9rieure en RIPSTOP est imperm\u00e9able. L&rsquo;ourlet enduit de silicone assure un ajustement confortable, tandis que les poignets d\u00e9coup\u00e9s au laser offrent un maintien optimal. Les manches, confectionn\u00e9es avec des coutures plates et un tissu imperm\u00e9able, am\u00e9liorent l&rsquo;adaptabilit\u00e9 et l&rsquo;isolation.<br \/>\nElle est dot\u00e9e de deux poches lat\u00e9rales \u00e0 fermeture \u00e9clair magn\u00e9tique, dont deux poches int\u00e9rieures en filet avec bordure \u00e9lastique. Elle poss\u00e8de \u00e9galement une poche arri\u00e8re zipp\u00e9e orn\u00e9e d&rsquo;un logo en vinyle au style d\u00e9contract\u00e9.<\/p>\n","protected":false},"featured_media":268676,"comment_status":"closed","ping_status":"closed","template":"","meta":{"_acf_changed":false},"product_brand":[],"product_cat":[3230,9949,3235,7177],"product_tag":[],"custom_category":[],"range":[],"class_list":{"0":"post-268800","1":"product","2":"type-product","3":"status-publish","4":"has-post-thumbnail","6":"product_cat-cyclisme-fr","7":"product_cat-gravel-fr","8":"product_cat-veste-velo-fr","9":"product_cat-b2b-fr","10":"pa_climatologia-vent-fr","11":"pa_climatologia-froid","12":"pa_climatologia-pluie","13":"pa_deporte-cyclisme","14":"pa_genero-homme","15":"pa_patronaje-regular-fr","16":"pa_talla-l-fr","17":"pa_talla-m-fr","18":"pa_talla-s-fr","19":"pa_talla-xl-fr","20":"pa_talla-xxl-fr","21":"pa_tipo-de-prenda-veste","23":"first","24":"instock","25":"taxable","26":"shipping-taxable","27":"purchasable","28":"product-type-variable","29":"has-default-attributes"},"acf":[],"yoast_head":"<!-- This site is optimized with the Yoast SEO plugin v27.3 - https:\/\/yoast.com\/product\/yoast-seo-wordpress\/ -->\n<title>Veste OUTTER ARTIK BLACK (HOMME)<\/title>\n<meta name=\"description\" content=\"Veste homme coupe standard con\u00e7ue pour vous prot\u00e9ger du froid. Un v\u00eatement polyvalent, id\u00e9al pour le sport comme pour les balades en ville. Sur le devant et le haut du dos, le tissu PrimaLoft\u00ae matelass\u00e9 assure une excellente isolation thermique, tandis que la couche ext\u00e9rieure en RIPSTOP est imperm\u00e9able. L&#039;ourlet enduit de silicone assure un ajustement confortable, tandis que les poignets d\u00e9coup\u00e9s au laser offrent un maintien optimal. Les manches, confectionn\u00e9es avec des coutures plates et un tissu imperm\u00e9able, am\u00e9liorent l&#039;adaptabilit\u00e9 et l&#039;isolation. Elle est dot\u00e9e de deux poches lat\u00e9rales \u00e0 fermeture \u00e9clair magn\u00e9tique, dont deux poches int\u00e9rieures en filet avec bordure \u00e9lastique. Elle poss\u00e8de \u00e9galement une poche arri\u00e8re zipp\u00e9e orn\u00e9e d&#039;un logo en vinyle au style d\u00e9contract\u00e9.\" \/>\n<meta name=\"robots\" content=\"index, follow, max-snippet:-1, max-image-preview:large, max-video-preview:-1\" \/>\n<link rel=\"canonical\" href=\"https:\/\/www.inverseteams.com\/fr\/produit\/veste-outter-artik-black-homme\/\" \/>\n<meta property=\"og:locale\" content=\"fr_FR\" \/>\n<meta property=\"og:type\" content=\"article\" \/>\n<meta property=\"og:title\" content=\"Veste OUTTER ARTIK BLACK (HOMME)\" \/>\n<meta property=\"og:description\" content=\"Veste homme coupe standard con\u00e7ue pour vous prot\u00e9ger du froid. Un v\u00eatement polyvalent, id\u00e9al pour le sport comme pour les balades en ville. Sur le devant et le haut du dos, le tissu PrimaLoft\u00ae matelass\u00e9 assure une excellente isolation thermique, tandis que la couche ext\u00e9rieure en RIPSTOP est imperm\u00e9able. L&#039;ourlet enduit de silicone assure un ajustement confortable, tandis que les poignets d\u00e9coup\u00e9s au laser offrent un maintien optimal. Les manches, confectionn\u00e9es avec des coutures plates et un tissu imperm\u00e9able, am\u00e9liorent l&#039;adaptabilit\u00e9 et l&#039;isolation. Elle est dot\u00e9e de deux poches lat\u00e9rales \u00e0 fermeture \u00e9clair magn\u00e9tique, dont deux poches int\u00e9rieures en filet avec bordure \u00e9lastique. Elle poss\u00e8de \u00e9galement une poche arri\u00e8re zipp\u00e9e orn\u00e9e d&#039;un logo en vinyle au style d\u00e9contract\u00e9.\" \/>\n<meta property=\"og:url\" content=\"https:\/\/www.inverseteams.com\/fr\/produit\/veste-outter-artik-black-homme\/\" \/>\n<meta property=\"og:site_name\" content=\"Inverseteams\" \/>\n<meta property=\"article:publisher\" content=\"https:\/\/www.facebook.com\/inverseteams\" \/>\n<meta property=\"article:modified_time\" content=\"2026-02-20T10:55:35+00:00\" \/>\n<meta property=\"og:image\" content=\"https:\/\/www.inverseteams.com\/wp-content\/uploads\/INVERSE-OUTTER-CHAQUETA-ARTIK-001.jpg\" \/>\n\t<meta property=\"og:image:width\" content=\"1500\" \/>\n\t<meta property=\"og:image:height\" content=\"1612\" \/>\n\t<meta property=\"og:image:type\" content=\"image\/jpeg\" \/>\n<meta name=\"twitter:card\" content=\"summary_large_image\" \/>\n<meta name=\"twitter:label1\" content=\"Dur\u00e9e de lecture estim\u00e9e\" \/>\n\t<meta name=\"twitter:data1\" content=\"1 minute\" \/>\n<script type=\"application\/ld+json\" class=\"yoast-schema-graph\">{\"@context\":\"https:\\\/\\\/schema.org\",\"@graph\":[{\"@type\":\"WebPage\",\"@id\":\"https:\\\/\\\/www.inverseteams.com\\\/fr\\\/produit\\\/veste-outter-artik-black-homme\\\/\",\"url\":\"https:\\\/\\\/www.inverseteams.com\\\/fr\\\/produit\\\/veste-outter-artik-black-homme\\\/\",\"name\":\"Veste OUTTER ARTIK BLACK (HOMME)\",\"isPartOf\":{\"@id\":\"https:\\\/\\\/www.inverseteams.com\\\/fr\\\/#website\"},\"primaryImageOfPage\":{\"@id\":\"https:\\\/\\\/www.inverseteams.com\\\/fr\\\/produit\\\/veste-outter-artik-black-homme\\\/#primaryimage\"},\"image\":{\"@id\":\"https:\\\/\\\/www.inverseteams.com\\\/fr\\\/produit\\\/veste-outter-artik-black-homme\\\/#primaryimage\"},\"thumbnailUrl\":\"https:\\\/\\\/www.inverseteams.com\\\/wp-content\\\/uploads\\\/INVERSE-OUTTER-CHAQUETA-ARTIK-001.jpg\",\"datePublished\":\"2025-10-03T06:26:38+00:00\",\"dateModified\":\"2026-02-20T10:55:35+00:00\",\"description\":\"Veste homme coupe standard con\u00e7ue pour vous prot\u00e9ger du froid. Un v\u00eatement polyvalent, id\u00e9al pour le sport comme pour les balades en ville. Sur le devant et le haut du dos, le tissu PrimaLoft\u00ae matelass\u00e9 assure une excellente isolation thermique, tandis que la couche ext\u00e9rieure en RIPSTOP est imperm\u00e9able. L'ourlet enduit de silicone assure un ajustement confortable, tandis que les poignets d\u00e9coup\u00e9s au laser offrent un maintien optimal. Les manches, confectionn\u00e9es avec des coutures plates et un tissu imperm\u00e9able, am\u00e9liorent l'adaptabilit\u00e9 et l'isolation. Elle est dot\u00e9e de deux poches lat\u00e9rales \u00e0 fermeture \u00e9clair magn\u00e9tique, dont deux poches int\u00e9rieures en filet avec bordure \u00e9lastique. Elle poss\u00e8de \u00e9galement une poche arri\u00e8re zipp\u00e9e orn\u00e9e d'un logo en vinyle au style d\u00e9contract\u00e9.\",\"breadcrumb\":{\"@id\":\"https:\\\/\\\/www.inverseteams.com\\\/fr\\\/produit\\\/veste-outter-artik-black-homme\\\/#breadcrumb\"},\"inLanguage\":\"fr-FR\",\"potentialAction\":[{\"@type\":\"ReadAction\",\"target\":[\"https:\\\/\\\/www.inverseteams.com\\\/fr\\\/produit\\\/veste-outter-artik-black-homme\\\/\"]}]},{\"@type\":\"ImageObject\",\"inLanguage\":\"fr-FR\",\"@id\":\"https:\\\/\\\/www.inverseteams.com\\\/fr\\\/produit\\\/veste-outter-artik-black-homme\\\/#primaryimage\",\"url\":\"https:\\\/\\\/www.inverseteams.com\\\/wp-content\\\/uploads\\\/INVERSE-OUTTER-CHAQUETA-ARTIK-001.jpg\",\"contentUrl\":\"https:\\\/\\\/www.inverseteams.com\\\/wp-content\\\/uploads\\\/INVERSE-OUTTER-CHAQUETA-ARTIK-001.jpg\",\"width\":1500,\"height\":1612},{\"@type\":\"BreadcrumbList\",\"@id\":\"https:\\\/\\\/www.inverseteams.com\\\/fr\\\/produit\\\/veste-outter-artik-black-homme\\\/#breadcrumb\",\"itemListElement\":[{\"@type\":\"ListItem\",\"position\":1,\"name\":\"Portada\",\"item\":\"https:\\\/\\\/www.inverseteams.com\\\/fr\\\/pagina-principal\\\/\"},{\"@type\":\"ListItem\",\"position\":2,\"name\":\"Panier\",\"item\":\"https:\\\/\\\/www.inverseteams.com\\\/fr\\\/panier\\\/\"},{\"@type\":\"ListItem\",\"position\":3,\"name\":\"Veste OUTTER ARTIK BLACK (HOMME)\"}]},{\"@type\":\"WebSite\",\"@id\":\"https:\\\/\\\/www.inverseteams.com\\\/fr\\\/#website\",\"url\":\"https:\\\/\\\/www.inverseteams.com\\\/fr\\\/\",\"name\":\"Inverseteams\",\"description\":\"Tu marca de ropa deportiva personalizada\",\"publisher\":{\"@id\":\"https:\\\/\\\/www.inverseteams.com\\\/fr\\\/#organization\"},\"potentialAction\":[{\"@type\":\"SearchAction\",\"target\":{\"@type\":\"EntryPoint\",\"urlTemplate\":\"https:\\\/\\\/www.inverseteams.com\\\/fr\\\/?s={search_term_string}\"},\"query-input\":{\"@type\":\"PropertyValueSpecification\",\"valueRequired\":true,\"valueName\":\"search_term_string\"}}],\"inLanguage\":\"fr-FR\"},{\"@type\":\"Organization\",\"@id\":\"https:\\\/\\\/www.inverseteams.com\\\/fr\\\/#organization\",\"name\":\"Inverse Teams\",\"url\":\"https:\\\/\\\/www.inverseteams.com\\\/fr\\\/\",\"logo\":{\"@type\":\"ImageObject\",\"inLanguage\":\"fr-FR\",\"@id\":\"https:\\\/\\\/www.inverseteams.com\\\/fr\\\/#\\\/schema\\\/logo\\\/image\\\/\",\"url\":\"http:\\\/\\\/www.inverseteams.com\\\/wp-content\\\/uploads\\\/2021\\\/03\\\/logo-inverse-teams.png\",\"contentUrl\":\"http:\\\/\\\/www.inverseteams.com\\\/wp-content\\\/uploads\\\/2021\\\/03\\\/logo-inverse-teams.png\",\"width\":294,\"height\":99,\"caption\":\"Inverse Teams\"},\"image\":{\"@id\":\"https:\\\/\\\/www.inverseteams.com\\\/fr\\\/#\\\/schema\\\/logo\\\/image\\\/\"},\"sameAs\":[\"https:\\\/\\\/www.facebook.com\\\/inverseteams\",\"http:\\\/\\\/instagram.com\\\/inverseteams\",\"https:\\\/\\\/www.linkedin.com\\\/company\\\/inverse-cirosport-s-l-?trk=job_view_topcard_company_name\",\"http:\\\/\\\/www.pinterest.com\\\/inverseteams\\\/\",\"http:\\\/\\\/www.youtube.com\\\/user\\\/inverseteams?feature=watch\"]}]}<\/script>\n<!-- \/ Yoast SEO plugin. -->","yoast_head_json":{"title":"Veste OUTTER ARTIK BLACK (HOMME)","description":"Veste homme coupe standard con\u00e7ue pour vous prot\u00e9ger du froid. Un v\u00eatement polyvalent, id\u00e9al pour le sport comme pour les balades en ville. Sur le devant et le haut du dos, le tissu PrimaLoft\u00ae matelass\u00e9 assure une excellente isolation thermique, tandis que la couche ext\u00e9rieure en RIPSTOP est imperm\u00e9able. L'ourlet enduit de silicone assure un ajustement confortable, tandis que les poignets d\u00e9coup\u00e9s au laser offrent un maintien optimal. Les manches, confectionn\u00e9es avec des coutures plates et un tissu imperm\u00e9able, am\u00e9liorent l'adaptabilit\u00e9 et l'isolation. Elle est dot\u00e9e de deux poches lat\u00e9rales \u00e0 fermeture \u00e9clair magn\u00e9tique, dont deux poches int\u00e9rieures en filet avec bordure \u00e9lastique. Elle poss\u00e8de \u00e9galement une poche arri\u00e8re zipp\u00e9e orn\u00e9e d'un logo en vinyle au style d\u00e9contract\u00e9.","robots":{"index":"index","follow":"follow","max-snippet":"max-snippet:-1","max-image-preview":"max-image-preview:large","max-video-preview":"max-video-preview:-1"},"canonical":"https:\/\/www.inverseteams.com\/fr\/produit\/veste-outter-artik-black-homme\/","og_locale":"fr_FR","og_type":"article","og_title":"Veste OUTTER ARTIK BLACK (HOMME)","og_description":"Veste homme coupe standard con\u00e7ue pour vous prot\u00e9ger du froid. Un v\u00eatement polyvalent, id\u00e9al pour le sport comme pour les balades en ville. Sur le devant et le haut du dos, le tissu PrimaLoft\u00ae matelass\u00e9 assure une excellente isolation thermique, tandis que la couche ext\u00e9rieure en RIPSTOP est imperm\u00e9able. L'ourlet enduit de silicone assure un ajustement confortable, tandis que les poignets d\u00e9coup\u00e9s au laser offrent un maintien optimal. Les manches, confectionn\u00e9es avec des coutures plates et un tissu imperm\u00e9able, am\u00e9liorent l'adaptabilit\u00e9 et l'isolation. Elle est dot\u00e9e de deux poches lat\u00e9rales \u00e0 fermeture \u00e9clair magn\u00e9tique, dont deux poches int\u00e9rieures en filet avec bordure \u00e9lastique. Elle poss\u00e8de \u00e9galement une poche arri\u00e8re zipp\u00e9e orn\u00e9e d'un logo en vinyle au style d\u00e9contract\u00e9.","og_url":"https:\/\/www.inverseteams.com\/fr\/produit\/veste-outter-artik-black-homme\/","og_site_name":"Inverseteams","article_publisher":"https:\/\/www.facebook.com\/inverseteams","article_modified_time":"2026-02-20T10:55:35+00:00","og_image":[{"width":1500,"height":1612,"url":"https:\/\/www.inverseteams.com\/wp-content\/uploads\/INVERSE-OUTTER-CHAQUETA-ARTIK-001.jpg","type":"image\/jpeg"}],"twitter_card":"summary_large_image","twitter_misc":{"Dur\u00e9e de lecture estim\u00e9e":"1 minute"},"schema":{"@context":"https:\/\/schema.org","@graph":[{"@type":"WebPage","@id":"https:\/\/www.inverseteams.com\/fr\/produit\/veste-outter-artik-black-homme\/","url":"https:\/\/www.inverseteams.com\/fr\/produit\/veste-outter-artik-black-homme\/","name":"Veste OUTTER ARTIK BLACK (HOMME)","isPartOf":{"@id":"https:\/\/www.inverseteams.com\/fr\/#website"},"primaryImageOfPage":{"@id":"https:\/\/www.inverseteams.com\/fr\/produit\/veste-outter-artik-black-homme\/#primaryimage"},"image":{"@id":"https:\/\/www.inverseteams.com\/fr\/produit\/veste-outter-artik-black-homme\/#primaryimage"},"thumbnailUrl":"https:\/\/www.inverseteams.com\/wp-content\/uploads\/INVERSE-OUTTER-CHAQUETA-ARTIK-001.jpg","datePublished":"2025-10-03T06:26:38+00:00","dateModified":"2026-02-20T10:55:35+00:00","description":"Veste homme coupe standard con\u00e7ue pour vous prot\u00e9ger du froid. Un v\u00eatement polyvalent, id\u00e9al pour le sport comme pour les balades en ville. Sur le devant et le haut du dos, le tissu PrimaLoft\u00ae matelass\u00e9 assure une excellente isolation thermique, tandis que la couche ext\u00e9rieure en RIPSTOP est imperm\u00e9able. L'ourlet enduit de silicone assure un ajustement confortable, tandis que les poignets d\u00e9coup\u00e9s au laser offrent un maintien optimal. Les manches, confectionn\u00e9es avec des coutures plates et un tissu imperm\u00e9able, am\u00e9liorent l'adaptabilit\u00e9 et l'isolation. Elle est dot\u00e9e de deux poches lat\u00e9rales \u00e0 fermeture \u00e9clair magn\u00e9tique, dont deux poches int\u00e9rieures en filet avec bordure \u00e9lastique. Elle poss\u00e8de \u00e9galement une poche arri\u00e8re zipp\u00e9e orn\u00e9e d'un logo en vinyle au style d\u00e9contract\u00e9.","breadcrumb":{"@id":"https:\/\/www.inverseteams.com\/fr\/produit\/veste-outter-artik-black-homme\/#breadcrumb"},"inLanguage":"fr-FR","potentialAction":[{"@type":"ReadAction","target":["https:\/\/www.inverseteams.com\/fr\/produit\/veste-outter-artik-black-homme\/"]}]},{"@type":"ImageObject","inLanguage":"fr-FR","@id":"https:\/\/www.inverseteams.com\/fr\/produit\/veste-outter-artik-black-homme\/#primaryimage","url":"https:\/\/www.inverseteams.com\/wp-content\/uploads\/INVERSE-OUTTER-CHAQUETA-ARTIK-001.jpg","contentUrl":"https:\/\/www.inverseteams.com\/wp-content\/uploads\/INVERSE-OUTTER-CHAQUETA-ARTIK-001.jpg","width":1500,"height":1612},{"@type":"BreadcrumbList","@id":"https:\/\/www.inverseteams.com\/fr\/produit\/veste-outter-artik-black-homme\/#breadcrumb","itemListElement":[{"@type":"ListItem","position":1,"name":"Portada","item":"https:\/\/www.inverseteams.com\/fr\/pagina-principal\/"},{"@type":"ListItem","position":2,"name":"Panier","item":"https:\/\/www.inverseteams.com\/fr\/panier\/"},{"@type":"ListItem","position":3,"name":"Veste OUTTER ARTIK BLACK (HOMME)"}]},{"@type":"WebSite","@id":"https:\/\/www.inverseteams.com\/fr\/#website","url":"https:\/\/www.inverseteams.com\/fr\/","name":"Inverseteams","description":"Tu marca de ropa deportiva personalizada","publisher":{"@id":"https:\/\/www.inverseteams.com\/fr\/#organization"},"potentialAction":[{"@type":"SearchAction","target":{"@type":"EntryPoint","urlTemplate":"https:\/\/www.inverseteams.com\/fr\/?s={search_term_string}"},"query-input":{"@type":"PropertyValueSpecification","valueRequired":true,"valueName":"search_term_string"}}],"inLanguage":"fr-FR"},{"@type":"Organization","@id":"https:\/\/www.inverseteams.com\/fr\/#organization","name":"Inverse Teams","url":"https:\/\/www.inverseteams.com\/fr\/","logo":{"@type":"ImageObject","inLanguage":"fr-FR","@id":"https:\/\/www.inverseteams.com\/fr\/#\/schema\/logo\/image\/","url":"https:\/\/www.inverseteams.com\/wp-content\/uploads\/2021\/03\/logo-inverse-teams.png","contentUrl":"https:\/\/www.inverseteams.com\/wp-content\/uploads\/2021\/03\/logo-inverse-teams.png","width":294,"height":99,"caption":"Inverse Teams"},"image":{"@id":"https:\/\/www.inverseteams.com\/fr\/#\/schema\/logo\/image\/"},"sameAs":["https:\/\/www.facebook.com\/inverseteams","http:\/\/instagram.com\/inverseteams","https:\/\/www.linkedin.com\/company\/inverse-cirosport-s-l-?trk=job_view_topcard_company_name","http:\/\/www.pinterest.com\/inverseteams\/","http:\/\/www.youtube.com\/user\/inverseteams?feature=watch"]}]}},"_links":{"self":[{"href":"https:\/\/www.inverseteams.com\/fr\/wp-json\/wp\/v2\/product\/268800","targetHints":{"allow":["GET"]}}],"collection":[{"href":"https:\/\/www.inverseteams.com\/fr\/wp-json\/wp\/v2\/product"}],"about":[{"href":"https:\/\/www.inverseteams.com\/fr\/wp-json\/wp\/v2\/types\/product"}],"replies":[{"embeddable":true,"href":"https:\/\/www.inverseteams.com\/fr\/wp-json\/wp\/v2\/comments?post=268800"}],"wp:featuredmedia":[{"embeddable":true,"href":"https:\/\/www.inverseteams.com\/fr\/wp-json\/wp\/v2\/media\/268676"}],"wp:attachment":[{"href":"https:\/\/www.inverseteams.com\/fr\/wp-json\/wp\/v2\/media?parent=268800"}],"wp:term":[{"taxonomy":"product_brand","embeddable":true,"href":"https:\/\/www.inverseteams.com\/fr\/wp-json\/wp\/v2\/product_brand?post=268800"},{"taxonomy":"product_cat","embeddable":true,"href":"https:\/\/www.inverseteams.com\/fr\/wp-json\/wp\/v2\/product_cat?post=268800"},{"taxonomy":"product_tag","embeddable":true,"href":"https:\/\/www.inverseteams.com\/fr\/wp-json\/wp\/v2\/product_tag?post=268800"},{"taxonomy":"custom_category","embeddable":true,"href":"https:\/\/www.inverseteams.com\/fr\/wp-json\/wp\/v2\/custom_category?post=268800"},{"taxonomy":"range","embeddable":true,"href":"https:\/\/www.inverseteams.com\/fr\/wp-json\/wp\/v2\/range?post=268800"}],"curies":[{"name":"wp","href":"https:\/\/api.w.org\/{rel}","templated":true}]}}