{"id":268799,"date":"2025-10-03T06:25:44","date_gmt":"2025-10-03T06:25:44","guid":{"rendered":"https:\/\/www.inverseteams.com\/?post_type=product&#038;p=268799"},"modified":"2026-02-20T11:55:35","modified_gmt":"2026-02-20T10:55:35","slug":"gilet-reversible-outter-artik-camel-black-homme","status":"publish","type":"product","link":"https:\/\/www.inverseteams.com\/fr\/produit\/gilet-reversible-outter-artik-camel-black-homme\/","title":{"rendered":"Gilet r\u00e9versible OUTTER ARTIK CAMEL\/BLACK (HOMME)"},"content":{"rendered":"<p>Gilet r\u00e9versible pour homme, tr\u00e8s l\u00e9ger, coupe-vent et imperm\u00e9able, indispensable pour une tenue d\u00e9contract\u00e9e par temps variable. Un v\u00eatement polyvalent, id\u00e9al \u00e0 v\u00e9lo comme en ville.<br \/>\nSur le dessus, le tissu PrimaLoft\u00ae matelass\u00e9 assure une excellente isolation thermique, tandis que la couche ext\u00e9rieure RIPSTOP est imperm\u00e9able.<br \/>\nFabriqu\u00e9 avec une membrane bidirectionnelle, le gilet pr\u00e9sente des propri\u00e9t\u00e9s identiques des deux c\u00f4t\u00e9s. La zone lombaire est en mesh pour une meilleure respirabilit\u00e9 et est orn\u00e9e de passepoils r\u00e9fl\u00e9chissants. Deux ouvertures lombaires permettent un acc\u00e8s rapide et facile aux poches du maillot.<br \/>\nLa fermeture \u00e9clair sur toute la longueur est dot\u00e9e d&rsquo;un syst\u00e8me anti-traction et d&rsquo;un double curseur pour une ouverture bidirectionnelle. Les aisselles sont dot\u00e9es d&rsquo;un passepoil \u00e9lastique qui \u00e9pouse la forme du corps et emp\u00eache l&rsquo;air de p\u00e9n\u00e9trer, am\u00e9liorant ainsi l&rsquo;a\u00e9rodynamisme. La taille est dot\u00e9e d&rsquo;une bande \u00e9lastique avec un grip antid\u00e9rapant en silicone \u00e0 l&rsquo;int\u00e9rieur pour un maintien optimal du gilet.<\/p>\n","protected":false},"excerpt":{"rendered":"<p>Gilet r\u00e9versible pour homme, tr\u00e8s l\u00e9ger, coupe-vent et imperm\u00e9able, indispensable pour une tenue d\u00e9contract\u00e9e par temps variable. Un v\u00eatement polyvalent, id\u00e9al \u00e0 v\u00e9lo comme en ville.<br \/>\nSur le dessus, le tissu PrimaLoft\u00ae matelass\u00e9 assure une excellente isolation thermique, tandis que la couche ext\u00e9rieure RIPSTOP est imperm\u00e9able.<br \/>\nFabriqu\u00e9 avec une membrane bidirectionnelle, le gilet pr\u00e9sente des propri\u00e9t\u00e9s identiques des deux c\u00f4t\u00e9s. La zone lombaire est en mesh pour une meilleure respirabilit\u00e9 et est orn\u00e9e de passepoils r\u00e9fl\u00e9chissants. Deux ouvertures lombaires permettent un acc\u00e8s rapide et facile aux poches du maillot.<br \/>\nLa fermeture \u00e9clair sur toute la longueur est dot\u00e9e d&rsquo;un syst\u00e8me anti-traction et d&rsquo;un double curseur pour une ouverture bidirectionnelle. Les aisselles sont dot\u00e9es d&rsquo;un passepoil \u00e9lastique qui \u00e9pouse la forme du corps et emp\u00eache l&rsquo;air de p\u00e9n\u00e9trer, am\u00e9liorant ainsi l&rsquo;a\u00e9rodynamisme. La taille est dot\u00e9e d&rsquo;une bande \u00e9lastique avec un grip antid\u00e9rapant en silicone \u00e0 l&rsquo;int\u00e9rieur pour un maintien optimal du gilet.<\/p>\n","protected":false},"featured_media":268651,"comment_status":"closed","ping_status":"closed","template":"","meta":{"_acf_changed":false},"product_brand":[],"product_cat":[3230,9949,3255,7177],"product_tag":[],"custom_category":[],"range":[],"class_list":{"0":"post-268799","1":"product","2":"type-product","3":"status-publish","4":"has-post-thumbnail","6":"product_cat-cyclisme-fr","7":"product_cat-gravel-fr","8":"product_cat-chaleco-ciclista-fr","9":"product_cat-b2b-fr","10":"pa_climatologia-froid","11":"pa_climatologia-pluie","12":"pa_climatologia-vent-fr","13":"pa_deporte-cyclisme","14":"pa_genero-homme","15":"pa_patronaje-regular-fr","16":"pa_talla-l-fr","17":"pa_talla-m-fr","18":"pa_talla-s-fr","19":"pa_talla-xl-fr","20":"pa_talla-xxl-fr","21":"pa_tipo-de-prenda-gilet","23":"first","24":"instock","25":"taxable","26":"shipping-taxable","27":"purchasable","28":"product-type-variable","29":"has-default-attributes"},"acf":[],"yoast_head":"<!-- This site is optimized with the Yoast SEO plugin v27.3 - https:\/\/yoast.com\/product\/yoast-seo-wordpress\/ -->\n<title>Gilet r\u00e9versible OUTTER ARTIK CAMEL\/BLACK (HOMME)<\/title>\n<meta name=\"description\" content=\"Gilet r\u00e9versible pour homme, tr\u00e8s l\u00e9ger, coupe-vent et imperm\u00e9able, indispensable pour une tenue d\u00e9contract\u00e9e par temps variable. Un v\u00eatement polyvalent, id\u00e9al \u00e0 v\u00e9lo comme en ville. Sur le dessus, le tissu PrimaLoft\u00ae matelass\u00e9 assure une excellente isolation thermique, tandis que la couche ext\u00e9rieure RIPSTOP est imperm\u00e9able. Fabriqu\u00e9 avec une membrane bidirectionnelle, le gilet pr\u00e9sente des propri\u00e9t\u00e9s identiques des deux c\u00f4t\u00e9s. La zone lombaire est en mesh pour une meilleure respirabilit\u00e9 et est orn\u00e9e de passepoils r\u00e9fl\u00e9chissants. Deux ouvertures lombaires permettent un acc\u00e8s rapide et facile aux poches du maillot. La fermeture \u00e9clair sur toute la longueur est dot\u00e9e d&#039;un syst\u00e8me anti-traction et d&#039;un double curseur pour une ouverture bidirectionnelle. Les aisselles sont dot\u00e9es d&#039;un passepoil \u00e9lastique qui \u00e9pouse la forme du corps et emp\u00eache l&#039;air de p\u00e9n\u00e9trer, am\u00e9liorant ainsi l&#039;a\u00e9rodynamisme. La taille est dot\u00e9e d&#039;une bande \u00e9lastique avec un grip antid\u00e9rapant en silicone \u00e0 l&#039;int\u00e9rieur pour un maintien optimal du gilet.\" \/>\n<meta name=\"robots\" content=\"index, follow, max-snippet:-1, max-image-preview:large, max-video-preview:-1\" \/>\n<link rel=\"canonical\" href=\"https:\/\/www.inverseteams.com\/fr\/produit\/gilet-reversible-outter-artik-camel-black-homme\/\" \/>\n<meta property=\"og:locale\" content=\"fr_FR\" \/>\n<meta property=\"og:type\" content=\"article\" \/>\n<meta property=\"og:title\" content=\"Gilet r\u00e9versible OUTTER ARTIK CAMEL\/BLACK (HOMME)\" \/>\n<meta property=\"og:description\" content=\"Gilet r\u00e9versible pour homme, tr\u00e8s l\u00e9ger, coupe-vent et imperm\u00e9able, indispensable pour une tenue d\u00e9contract\u00e9e par temps variable. Un v\u00eatement polyvalent, id\u00e9al \u00e0 v\u00e9lo comme en ville. Sur le dessus, le tissu PrimaLoft\u00ae matelass\u00e9 assure une excellente isolation thermique, tandis que la couche ext\u00e9rieure RIPSTOP est imperm\u00e9able. Fabriqu\u00e9 avec une membrane bidirectionnelle, le gilet pr\u00e9sente des propri\u00e9t\u00e9s identiques des deux c\u00f4t\u00e9s. La zone lombaire est en mesh pour une meilleure respirabilit\u00e9 et est orn\u00e9e de passepoils r\u00e9fl\u00e9chissants. Deux ouvertures lombaires permettent un acc\u00e8s rapide et facile aux poches du maillot. La fermeture \u00e9clair sur toute la longueur est dot\u00e9e d&#039;un syst\u00e8me anti-traction et d&#039;un double curseur pour une ouverture bidirectionnelle. Les aisselles sont dot\u00e9es d&#039;un passepoil \u00e9lastique qui \u00e9pouse la forme du corps et emp\u00eache l&#039;air de p\u00e9n\u00e9trer, am\u00e9liorant ainsi l&#039;a\u00e9rodynamisme. La taille est dot\u00e9e d&#039;une bande \u00e9lastique avec un grip antid\u00e9rapant en silicone \u00e0 l&#039;int\u00e9rieur pour un maintien optimal du gilet.\" \/>\n<meta property=\"og:url\" content=\"https:\/\/www.inverseteams.com\/fr\/produit\/gilet-reversible-outter-artik-camel-black-homme\/\" \/>\n<meta property=\"og:site_name\" content=\"Inverseteams\" \/>\n<meta property=\"article:publisher\" content=\"https:\/\/www.facebook.com\/inverseteams\" \/>\n<meta property=\"article:modified_time\" content=\"2026-02-20T10:55:35+00:00\" \/>\n<meta property=\"og:image\" content=\"https:\/\/www.inverseteams.com\/wp-content\/uploads\/INVERSE-OUTTER-CHALECO-REVERSIBLE-ARTIK-001.jpg\" \/>\n\t<meta property=\"og:image:width\" content=\"1500\" \/>\n\t<meta property=\"og:image:height\" content=\"1612\" \/>\n\t<meta property=\"og:image:type\" content=\"image\/jpeg\" \/>\n<meta name=\"twitter:card\" content=\"summary_large_image\" \/>\n<meta name=\"twitter:label1\" content=\"Dur\u00e9e de lecture estim\u00e9e\" \/>\n\t<meta name=\"twitter:data1\" content=\"1 minute\" \/>\n<script type=\"application\/ld+json\" class=\"yoast-schema-graph\">{\"@context\":\"https:\\\/\\\/schema.org\",\"@graph\":[{\"@type\":\"WebPage\",\"@id\":\"https:\\\/\\\/www.inverseteams.com\\\/fr\\\/produit\\\/gilet-reversible-outter-artik-camel-black-homme\\\/\",\"url\":\"https:\\\/\\\/www.inverseteams.com\\\/fr\\\/produit\\\/gilet-reversible-outter-artik-camel-black-homme\\\/\",\"name\":\"Gilet r\u00e9versible OUTTER ARTIK CAMEL\\\/BLACK (HOMME)\",\"isPartOf\":{\"@id\":\"https:\\\/\\\/www.inverseteams.com\\\/fr\\\/#website\"},\"primaryImageOfPage\":{\"@id\":\"https:\\\/\\\/www.inverseteams.com\\\/fr\\\/produit\\\/gilet-reversible-outter-artik-camel-black-homme\\\/#primaryimage\"},\"image\":{\"@id\":\"https:\\\/\\\/www.inverseteams.com\\\/fr\\\/produit\\\/gilet-reversible-outter-artik-camel-black-homme\\\/#primaryimage\"},\"thumbnailUrl\":\"https:\\\/\\\/www.inverseteams.com\\\/wp-content\\\/uploads\\\/INVERSE-OUTTER-CHALECO-REVERSIBLE-ARTIK-001.jpg\",\"datePublished\":\"2025-10-03T06:25:44+00:00\",\"dateModified\":\"2026-02-20T10:55:35+00:00\",\"description\":\"Gilet r\u00e9versible pour homme, tr\u00e8s l\u00e9ger, coupe-vent et imperm\u00e9able, indispensable pour une tenue d\u00e9contract\u00e9e par temps variable. Un v\u00eatement polyvalent, id\u00e9al \u00e0 v\u00e9lo comme en ville. Sur le dessus, le tissu PrimaLoft\u00ae matelass\u00e9 assure une excellente isolation thermique, tandis que la couche ext\u00e9rieure RIPSTOP est imperm\u00e9able. Fabriqu\u00e9 avec une membrane bidirectionnelle, le gilet pr\u00e9sente des propri\u00e9t\u00e9s identiques des deux c\u00f4t\u00e9s. La zone lombaire est en mesh pour une meilleure respirabilit\u00e9 et est orn\u00e9e de passepoils r\u00e9fl\u00e9chissants. Deux ouvertures lombaires permettent un acc\u00e8s rapide et facile aux poches du maillot. La fermeture \u00e9clair sur toute la longueur est dot\u00e9e d'un syst\u00e8me anti-traction et d'un double curseur pour une ouverture bidirectionnelle. Les aisselles sont dot\u00e9es d'un passepoil \u00e9lastique qui \u00e9pouse la forme du corps et emp\u00eache l'air de p\u00e9n\u00e9trer, am\u00e9liorant ainsi l'a\u00e9rodynamisme. La taille est dot\u00e9e d'une bande \u00e9lastique avec un grip antid\u00e9rapant en silicone \u00e0 l'int\u00e9rieur pour un maintien optimal du gilet.\",\"breadcrumb\":{\"@id\":\"https:\\\/\\\/www.inverseteams.com\\\/fr\\\/produit\\\/gilet-reversible-outter-artik-camel-black-homme\\\/#breadcrumb\"},\"inLanguage\":\"fr-FR\",\"potentialAction\":[{\"@type\":\"ReadAction\",\"target\":[\"https:\\\/\\\/www.inverseteams.com\\\/fr\\\/produit\\\/gilet-reversible-outter-artik-camel-black-homme\\\/\"]}]},{\"@type\":\"ImageObject\",\"inLanguage\":\"fr-FR\",\"@id\":\"https:\\\/\\\/www.inverseteams.com\\\/fr\\\/produit\\\/gilet-reversible-outter-artik-camel-black-homme\\\/#primaryimage\",\"url\":\"https:\\\/\\\/www.inverseteams.com\\\/wp-content\\\/uploads\\\/INVERSE-OUTTER-CHALECO-REVERSIBLE-ARTIK-001.jpg\",\"contentUrl\":\"https:\\\/\\\/www.inverseteams.com\\\/wp-content\\\/uploads\\\/INVERSE-OUTTER-CHALECO-REVERSIBLE-ARTIK-001.jpg\",\"width\":1500,\"height\":1612},{\"@type\":\"BreadcrumbList\",\"@id\":\"https:\\\/\\\/www.inverseteams.com\\\/fr\\\/produit\\\/gilet-reversible-outter-artik-camel-black-homme\\\/#breadcrumb\",\"itemListElement\":[{\"@type\":\"ListItem\",\"position\":1,\"name\":\"Portada\",\"item\":\"https:\\\/\\\/www.inverseteams.com\\\/fr\\\/pagina-principal\\\/\"},{\"@type\":\"ListItem\",\"position\":2,\"name\":\"Panier\",\"item\":\"https:\\\/\\\/www.inverseteams.com\\\/fr\\\/panier\\\/\"},{\"@type\":\"ListItem\",\"position\":3,\"name\":\"Gilet r\u00e9versible OUTTER ARTIK CAMEL\\\/BLACK (HOMME)\"}]},{\"@type\":\"WebSite\",\"@id\":\"https:\\\/\\\/www.inverseteams.com\\\/fr\\\/#website\",\"url\":\"https:\\\/\\\/www.inverseteams.com\\\/fr\\\/\",\"name\":\"Inverseteams\",\"description\":\"Tu marca de ropa deportiva personalizada\",\"publisher\":{\"@id\":\"https:\\\/\\\/www.inverseteams.com\\\/fr\\\/#organization\"},\"potentialAction\":[{\"@type\":\"SearchAction\",\"target\":{\"@type\":\"EntryPoint\",\"urlTemplate\":\"https:\\\/\\\/www.inverseteams.com\\\/fr\\\/?s={search_term_string}\"},\"query-input\":{\"@type\":\"PropertyValueSpecification\",\"valueRequired\":true,\"valueName\":\"search_term_string\"}}],\"inLanguage\":\"fr-FR\"},{\"@type\":\"Organization\",\"@id\":\"https:\\\/\\\/www.inverseteams.com\\\/fr\\\/#organization\",\"name\":\"Inverse Teams\",\"url\":\"https:\\\/\\\/www.inverseteams.com\\\/fr\\\/\",\"logo\":{\"@type\":\"ImageObject\",\"inLanguage\":\"fr-FR\",\"@id\":\"https:\\\/\\\/www.inverseteams.com\\\/fr\\\/#\\\/schema\\\/logo\\\/image\\\/\",\"url\":\"http:\\\/\\\/www.inverseteams.com\\\/wp-content\\\/uploads\\\/2021\\\/03\\\/logo-inverse-teams.png\",\"contentUrl\":\"http:\\\/\\\/www.inverseteams.com\\\/wp-content\\\/uploads\\\/2021\\\/03\\\/logo-inverse-teams.png\",\"width\":294,\"height\":99,\"caption\":\"Inverse Teams\"},\"image\":{\"@id\":\"https:\\\/\\\/www.inverseteams.com\\\/fr\\\/#\\\/schema\\\/logo\\\/image\\\/\"},\"sameAs\":[\"https:\\\/\\\/www.facebook.com\\\/inverseteams\",\"http:\\\/\\\/instagram.com\\\/inverseteams\",\"https:\\\/\\\/www.linkedin.com\\\/company\\\/inverse-cirosport-s-l-?trk=job_view_topcard_company_name\",\"http:\\\/\\\/www.pinterest.com\\\/inverseteams\\\/\",\"http:\\\/\\\/www.youtube.com\\\/user\\\/inverseteams?feature=watch\"]}]}<\/script>\n<!-- \/ Yoast SEO plugin. -->","yoast_head_json":{"title":"Gilet r\u00e9versible OUTTER ARTIK CAMEL\/BLACK (HOMME)","description":"Gilet r\u00e9versible pour homme, tr\u00e8s l\u00e9ger, coupe-vent et imperm\u00e9able, indispensable pour une tenue d\u00e9contract\u00e9e par temps variable. Un v\u00eatement polyvalent, id\u00e9al \u00e0 v\u00e9lo comme en ville. Sur le dessus, le tissu PrimaLoft\u00ae matelass\u00e9 assure une excellente isolation thermique, tandis que la couche ext\u00e9rieure RIPSTOP est imperm\u00e9able. Fabriqu\u00e9 avec une membrane bidirectionnelle, le gilet pr\u00e9sente des propri\u00e9t\u00e9s identiques des deux c\u00f4t\u00e9s. La zone lombaire est en mesh pour une meilleure respirabilit\u00e9 et est orn\u00e9e de passepoils r\u00e9fl\u00e9chissants. Deux ouvertures lombaires permettent un acc\u00e8s rapide et facile aux poches du maillot. La fermeture \u00e9clair sur toute la longueur est dot\u00e9e d'un syst\u00e8me anti-traction et d'un double curseur pour une ouverture bidirectionnelle. Les aisselles sont dot\u00e9es d'un passepoil \u00e9lastique qui \u00e9pouse la forme du corps et emp\u00eache l'air de p\u00e9n\u00e9trer, am\u00e9liorant ainsi l'a\u00e9rodynamisme. La taille est dot\u00e9e d'une bande \u00e9lastique avec un grip antid\u00e9rapant en silicone \u00e0 l'int\u00e9rieur pour un maintien optimal du gilet.","robots":{"index":"index","follow":"follow","max-snippet":"max-snippet:-1","max-image-preview":"max-image-preview:large","max-video-preview":"max-video-preview:-1"},"canonical":"https:\/\/www.inverseteams.com\/fr\/produit\/gilet-reversible-outter-artik-camel-black-homme\/","og_locale":"fr_FR","og_type":"article","og_title":"Gilet r\u00e9versible OUTTER ARTIK CAMEL\/BLACK (HOMME)","og_description":"Gilet r\u00e9versible pour homme, tr\u00e8s l\u00e9ger, coupe-vent et imperm\u00e9able, indispensable pour une tenue d\u00e9contract\u00e9e par temps variable. Un v\u00eatement polyvalent, id\u00e9al \u00e0 v\u00e9lo comme en ville. Sur le dessus, le tissu PrimaLoft\u00ae matelass\u00e9 assure une excellente isolation thermique, tandis que la couche ext\u00e9rieure RIPSTOP est imperm\u00e9able. Fabriqu\u00e9 avec une membrane bidirectionnelle, le gilet pr\u00e9sente des propri\u00e9t\u00e9s identiques des deux c\u00f4t\u00e9s. La zone lombaire est en mesh pour une meilleure respirabilit\u00e9 et est orn\u00e9e de passepoils r\u00e9fl\u00e9chissants. Deux ouvertures lombaires permettent un acc\u00e8s rapide et facile aux poches du maillot. La fermeture \u00e9clair sur toute la longueur est dot\u00e9e d'un syst\u00e8me anti-traction et d'un double curseur pour une ouverture bidirectionnelle. Les aisselles sont dot\u00e9es d'un passepoil \u00e9lastique qui \u00e9pouse la forme du corps et emp\u00eache l'air de p\u00e9n\u00e9trer, am\u00e9liorant ainsi l'a\u00e9rodynamisme. La taille est dot\u00e9e d'une bande \u00e9lastique avec un grip antid\u00e9rapant en silicone \u00e0 l'int\u00e9rieur pour un maintien optimal du gilet.","og_url":"https:\/\/www.inverseteams.com\/fr\/produit\/gilet-reversible-outter-artik-camel-black-homme\/","og_site_name":"Inverseteams","article_publisher":"https:\/\/www.facebook.com\/inverseteams","article_modified_time":"2026-02-20T10:55:35+00:00","og_image":[{"width":1500,"height":1612,"url":"https:\/\/www.inverseteams.com\/wp-content\/uploads\/INVERSE-OUTTER-CHALECO-REVERSIBLE-ARTIK-001.jpg","type":"image\/jpeg"}],"twitter_card":"summary_large_image","twitter_misc":{"Dur\u00e9e de lecture estim\u00e9e":"1 minute"},"schema":{"@context":"https:\/\/schema.org","@graph":[{"@type":"WebPage","@id":"https:\/\/www.inverseteams.com\/fr\/produit\/gilet-reversible-outter-artik-camel-black-homme\/","url":"https:\/\/www.inverseteams.com\/fr\/produit\/gilet-reversible-outter-artik-camel-black-homme\/","name":"Gilet r\u00e9versible OUTTER ARTIK CAMEL\/BLACK (HOMME)","isPartOf":{"@id":"https:\/\/www.inverseteams.com\/fr\/#website"},"primaryImageOfPage":{"@id":"https:\/\/www.inverseteams.com\/fr\/produit\/gilet-reversible-outter-artik-camel-black-homme\/#primaryimage"},"image":{"@id":"https:\/\/www.inverseteams.com\/fr\/produit\/gilet-reversible-outter-artik-camel-black-homme\/#primaryimage"},"thumbnailUrl":"https:\/\/www.inverseteams.com\/wp-content\/uploads\/INVERSE-OUTTER-CHALECO-REVERSIBLE-ARTIK-001.jpg","datePublished":"2025-10-03T06:25:44+00:00","dateModified":"2026-02-20T10:55:35+00:00","description":"Gilet r\u00e9versible pour homme, tr\u00e8s l\u00e9ger, coupe-vent et imperm\u00e9able, indispensable pour une tenue d\u00e9contract\u00e9e par temps variable. Un v\u00eatement polyvalent, id\u00e9al \u00e0 v\u00e9lo comme en ville. Sur le dessus, le tissu PrimaLoft\u00ae matelass\u00e9 assure une excellente isolation thermique, tandis que la couche ext\u00e9rieure RIPSTOP est imperm\u00e9able. Fabriqu\u00e9 avec une membrane bidirectionnelle, le gilet pr\u00e9sente des propri\u00e9t\u00e9s identiques des deux c\u00f4t\u00e9s. La zone lombaire est en mesh pour une meilleure respirabilit\u00e9 et est orn\u00e9e de passepoils r\u00e9fl\u00e9chissants. Deux ouvertures lombaires permettent un acc\u00e8s rapide et facile aux poches du maillot. La fermeture \u00e9clair sur toute la longueur est dot\u00e9e d'un syst\u00e8me anti-traction et d'un double curseur pour une ouverture bidirectionnelle. Les aisselles sont dot\u00e9es d'un passepoil \u00e9lastique qui \u00e9pouse la forme du corps et emp\u00eache l'air de p\u00e9n\u00e9trer, am\u00e9liorant ainsi l'a\u00e9rodynamisme. La taille est dot\u00e9e d'une bande \u00e9lastique avec un grip antid\u00e9rapant en silicone \u00e0 l'int\u00e9rieur pour un maintien optimal du gilet.","breadcrumb":{"@id":"https:\/\/www.inverseteams.com\/fr\/produit\/gilet-reversible-outter-artik-camel-black-homme\/#breadcrumb"},"inLanguage":"fr-FR","potentialAction":[{"@type":"ReadAction","target":["https:\/\/www.inverseteams.com\/fr\/produit\/gilet-reversible-outter-artik-camel-black-homme\/"]}]},{"@type":"ImageObject","inLanguage":"fr-FR","@id":"https:\/\/www.inverseteams.com\/fr\/produit\/gilet-reversible-outter-artik-camel-black-homme\/#primaryimage","url":"https:\/\/www.inverseteams.com\/wp-content\/uploads\/INVERSE-OUTTER-CHALECO-REVERSIBLE-ARTIK-001.jpg","contentUrl":"https:\/\/www.inverseteams.com\/wp-content\/uploads\/INVERSE-OUTTER-CHALECO-REVERSIBLE-ARTIK-001.jpg","width":1500,"height":1612},{"@type":"BreadcrumbList","@id":"https:\/\/www.inverseteams.com\/fr\/produit\/gilet-reversible-outter-artik-camel-black-homme\/#breadcrumb","itemListElement":[{"@type":"ListItem","position":1,"name":"Portada","item":"https:\/\/www.inverseteams.com\/fr\/pagina-principal\/"},{"@type":"ListItem","position":2,"name":"Panier","item":"https:\/\/www.inverseteams.com\/fr\/panier\/"},{"@type":"ListItem","position":3,"name":"Gilet r\u00e9versible OUTTER ARTIK CAMEL\/BLACK (HOMME)"}]},{"@type":"WebSite","@id":"https:\/\/www.inverseteams.com\/fr\/#website","url":"https:\/\/www.inverseteams.com\/fr\/","name":"Inverseteams","description":"Tu marca de ropa deportiva personalizada","publisher":{"@id":"https:\/\/www.inverseteams.com\/fr\/#organization"},"potentialAction":[{"@type":"SearchAction","target":{"@type":"EntryPoint","urlTemplate":"https:\/\/www.inverseteams.com\/fr\/?s={search_term_string}"},"query-input":{"@type":"PropertyValueSpecification","valueRequired":true,"valueName":"search_term_string"}}],"inLanguage":"fr-FR"},{"@type":"Organization","@id":"https:\/\/www.inverseteams.com\/fr\/#organization","name":"Inverse Teams","url":"https:\/\/www.inverseteams.com\/fr\/","logo":{"@type":"ImageObject","inLanguage":"fr-FR","@id":"https:\/\/www.inverseteams.com\/fr\/#\/schema\/logo\/image\/","url":"https:\/\/www.inverseteams.com\/wp-content\/uploads\/2021\/03\/logo-inverse-teams.png","contentUrl":"https:\/\/www.inverseteams.com\/wp-content\/uploads\/2021\/03\/logo-inverse-teams.png","width":294,"height":99,"caption":"Inverse Teams"},"image":{"@id":"https:\/\/www.inverseteams.com\/fr\/#\/schema\/logo\/image\/"},"sameAs":["https:\/\/www.facebook.com\/inverseteams","http:\/\/instagram.com\/inverseteams","https:\/\/www.linkedin.com\/company\/inverse-cirosport-s-l-?trk=job_view_topcard_company_name","http:\/\/www.pinterest.com\/inverseteams\/","http:\/\/www.youtube.com\/user\/inverseteams?feature=watch"]}]}},"_links":{"self":[{"href":"https:\/\/www.inverseteams.com\/fr\/wp-json\/wp\/v2\/product\/268799","targetHints":{"allow":["GET"]}}],"collection":[{"href":"https:\/\/www.inverseteams.com\/fr\/wp-json\/wp\/v2\/product"}],"about":[{"href":"https:\/\/www.inverseteams.com\/fr\/wp-json\/wp\/v2\/types\/product"}],"replies":[{"embeddable":true,"href":"https:\/\/www.inverseteams.com\/fr\/wp-json\/wp\/v2\/comments?post=268799"}],"wp:featuredmedia":[{"embeddable":true,"href":"https:\/\/www.inverseteams.com\/fr\/wp-json\/wp\/v2\/media\/268651"}],"wp:attachment":[{"href":"https:\/\/www.inverseteams.com\/fr\/wp-json\/wp\/v2\/media?parent=268799"}],"wp:term":[{"taxonomy":"product_brand","embeddable":true,"href":"https:\/\/www.inverseteams.com\/fr\/wp-json\/wp\/v2\/product_brand?post=268799"},{"taxonomy":"product_cat","embeddable":true,"href":"https:\/\/www.inverseteams.com\/fr\/wp-json\/wp\/v2\/product_cat?post=268799"},{"taxonomy":"product_tag","embeddable":true,"href":"https:\/\/www.inverseteams.com\/fr\/wp-json\/wp\/v2\/product_tag?post=268799"},{"taxonomy":"custom_category","embeddable":true,"href":"https:\/\/www.inverseteams.com\/fr\/wp-json\/wp\/v2\/custom_category?post=268799"},{"taxonomy":"range","embeddable":true,"href":"https:\/\/www.inverseteams.com\/fr\/wp-json\/wp\/v2\/range?post=268799"}],"curies":[{"name":"wp","href":"https:\/\/api.w.org\/{rel}","templated":true}]}}