{"id":268581,"date":"2025-10-03T15:52:28","date_gmt":"2025-10-03T15:52:28","guid":{"rendered":"https:\/\/www.inverseteams.com\/?post_type=product&#038;p=268581"},"modified":"2026-02-20T11:55:30","modified_gmt":"2026-02-20T10:55:30","slug":"manchettes-thermiques-oryx-black","status":"publish","type":"product","link":"https:\/\/www.inverseteams.com\/fr\/produit\/manchettes-thermiques-oryx-black\/","title":{"rendered":"Manchettes thermiques ORYX BLACK"},"content":{"rendered":"<p>Les manchettes thermiques agissent comme une seconde peau pour vous prot\u00e9ger des temp\u00e9ratures les plus basses. Le tissu thermique SUPER ROUBAIX maintient la chaleur sans augmenter la transpiration et procure une sensation de confort total. Ils sont fabriqu\u00e9s avec des coutures plates qui \u00e9vitent les frottements et les irritations.<br \/>\nAux extr\u00e9mit\u00e9s, il a une bande int\u00e9rieur en silicone hypoallerg\u00e9nique qui l&#8217;emp\u00eache de bouger. Vous aurez une totale libert\u00e9 de mouvement.<\/p>\n","protected":false},"excerpt":{"rendered":"<p>Les manchettes thermiques agissent comme une seconde peau pour vous prot\u00e9ger des temp\u00e9ratures les plus basses. Le tissu thermique SUPER ROUBAIX maintient la chaleur sans augmenter la transpiration et procure une sensation de confort total. Ils sont fabriqu\u00e9s avec des coutures plates qui \u00e9vitent les frottements et les irritations.<br \/>\nAux extr\u00e9mit\u00e9s, il a une bande int\u00e9rieur en silicone hypoallerg\u00e9nique qui l&#8217;emp\u00eache de bouger. Vous aurez une totale libert\u00e9 de mouvement.<\/p>\n","protected":false},"featured_media":271366,"comment_status":"closed","ping_status":"closed","template":"","meta":{"_acf_changed":false},"product_brand":[],"product_cat":[3230,3298,7177],"product_tag":[],"custom_category":[],"range":[],"class_list":{"0":"post-268581","1":"product","2":"type-product","3":"status-publish","4":"has-post-thumbnail","6":"product_cat-cyclisme-fr","7":"product_cat-accessoires-fr","8":"product_cat-b2b-fr","9":"pa_climatologia-froid","10":"pa_deporte-cyclisme","11":"pa_genero-infantile-fr","12":"pa_genero-homme","13":"pa_genero-femme","14":"pa_talla-xl-xxl-fr","15":"pa_talla-m-l-fr","16":"pa_talla-xs-s-fr","17":"pa_tipo-de-prenda-manchettes","19":"first","20":"instock","21":"taxable","22":"shipping-taxable","23":"purchasable","24":"product-type-variable","25":"has-default-attributes"},"acf":[],"yoast_head":"<!-- This site is optimized with the Yoast SEO plugin v27.3 - https:\/\/yoast.com\/product\/yoast-seo-wordpress\/ -->\n<title>Manchettes thermiques ORYX BLACK<\/title>\n<meta name=\"description\" content=\"Les manchettes thermiques agissent comme une seconde peau pour vous prot\u00e9ger des temp\u00e9ratures les plus basses. Le tissu thermique SUPER ROUBAIX maintient la chaleur sans augmenter la transpiration et procure une sensation de confort total. Ils sont fabriqu\u00e9s avec des coutures plates qui \u00e9vitent les frottements et les irritations. Aux extr\u00e9mit\u00e9s, il a une bande int\u00e9rieur en silicone hypoallerg\u00e9nique qui l&#039;emp\u00eache de bouger. Vous aurez une totale libert\u00e9 de mouvement.\" \/>\n<meta name=\"robots\" content=\"index, follow, max-snippet:-1, max-image-preview:large, max-video-preview:-1\" \/>\n<link rel=\"canonical\" href=\"https:\/\/www.inverseteams.com\/fr\/produit\/manchettes-thermiques-oryx-black\/\" \/>\n<meta property=\"og:locale\" content=\"fr_FR\" \/>\n<meta property=\"og:type\" content=\"article\" \/>\n<meta property=\"og:title\" content=\"Manchettes thermiques ORYX BLACK\" \/>\n<meta property=\"og:description\" content=\"Les manchettes thermiques agissent comme une seconde peau pour vous prot\u00e9ger des temp\u00e9ratures les plus basses. Le tissu thermique SUPER ROUBAIX maintient la chaleur sans augmenter la transpiration et procure une sensation de confort total. Ils sont fabriqu\u00e9s avec des coutures plates qui \u00e9vitent les frottements et les irritations. Aux extr\u00e9mit\u00e9s, il a une bande int\u00e9rieur en silicone hypoallerg\u00e9nique qui l&#039;emp\u00eache de bouger. Vous aurez une totale libert\u00e9 de mouvement.\" \/>\n<meta property=\"og:url\" content=\"https:\/\/www.inverseteams.com\/fr\/produit\/manchettes-thermiques-oryx-black\/\" \/>\n<meta property=\"og:site_name\" content=\"Inverseteams\" \/>\n<meta property=\"article:publisher\" content=\"https:\/\/www.facebook.com\/inverseteams\" \/>\n<meta property=\"article:modified_time\" content=\"2026-02-20T10:55:30+00:00\" \/>\n<meta property=\"og:image\" content=\"https:\/\/www.inverseteams.com\/wp-content\/uploads\/INVERSE-MANGUITOS-PURE-ORYX-001.jpg\" \/>\n\t<meta property=\"og:image:width\" content=\"1500\" \/>\n\t<meta property=\"og:image:height\" content=\"1612\" \/>\n\t<meta property=\"og:image:type\" content=\"image\/jpeg\" \/>\n<meta name=\"twitter:card\" content=\"summary_large_image\" \/>\n<meta name=\"twitter:label1\" content=\"Dur\u00e9e de lecture estim\u00e9e\" \/>\n\t<meta name=\"twitter:data1\" content=\"1 minute\" \/>\n<script type=\"application\/ld+json\" class=\"yoast-schema-graph\">{\"@context\":\"https:\\\/\\\/schema.org\",\"@graph\":[{\"@type\":\"WebPage\",\"@id\":\"https:\\\/\\\/www.inverseteams.com\\\/fr\\\/produit\\\/manchettes-thermiques-oryx-black\\\/\",\"url\":\"https:\\\/\\\/www.inverseteams.com\\\/fr\\\/produit\\\/manchettes-thermiques-oryx-black\\\/\",\"name\":\"Manchettes thermiques ORYX BLACK\",\"isPartOf\":{\"@id\":\"https:\\\/\\\/www.inverseteams.com\\\/fr\\\/#website\"},\"primaryImageOfPage\":{\"@id\":\"https:\\\/\\\/www.inverseteams.com\\\/fr\\\/produit\\\/manchettes-thermiques-oryx-black\\\/#primaryimage\"},\"image\":{\"@id\":\"https:\\\/\\\/www.inverseteams.com\\\/fr\\\/produit\\\/manchettes-thermiques-oryx-black\\\/#primaryimage\"},\"thumbnailUrl\":\"https:\\\/\\\/www.inverseteams.com\\\/wp-content\\\/uploads\\\/INVERSE-MANGUITOS-PURE-ORYX-001.jpg\",\"datePublished\":\"2025-10-03T15:52:28+00:00\",\"dateModified\":\"2026-02-20T10:55:30+00:00\",\"description\":\"Les manchettes thermiques agissent comme une seconde peau pour vous prot\u00e9ger des temp\u00e9ratures les plus basses. Le tissu thermique SUPER ROUBAIX maintient la chaleur sans augmenter la transpiration et procure une sensation de confort total. Ils sont fabriqu\u00e9s avec des coutures plates qui \u00e9vitent les frottements et les irritations. Aux extr\u00e9mit\u00e9s, il a une bande int\u00e9rieur en silicone hypoallerg\u00e9nique qui l'emp\u00eache de bouger. Vous aurez une totale libert\u00e9 de mouvement.\",\"breadcrumb\":{\"@id\":\"https:\\\/\\\/www.inverseteams.com\\\/fr\\\/produit\\\/manchettes-thermiques-oryx-black\\\/#breadcrumb\"},\"inLanguage\":\"fr-FR\",\"potentialAction\":[{\"@type\":\"ReadAction\",\"target\":[\"https:\\\/\\\/www.inverseteams.com\\\/fr\\\/produit\\\/manchettes-thermiques-oryx-black\\\/\"]}]},{\"@type\":\"ImageObject\",\"inLanguage\":\"fr-FR\",\"@id\":\"https:\\\/\\\/www.inverseteams.com\\\/fr\\\/produit\\\/manchettes-thermiques-oryx-black\\\/#primaryimage\",\"url\":\"https:\\\/\\\/www.inverseteams.com\\\/wp-content\\\/uploads\\\/INVERSE-MANGUITOS-PURE-ORYX-001.jpg\",\"contentUrl\":\"https:\\\/\\\/www.inverseteams.com\\\/wp-content\\\/uploads\\\/INVERSE-MANGUITOS-PURE-ORYX-001.jpg\",\"width\":1500,\"height\":1612},{\"@type\":\"BreadcrumbList\",\"@id\":\"https:\\\/\\\/www.inverseteams.com\\\/fr\\\/produit\\\/manchettes-thermiques-oryx-black\\\/#breadcrumb\",\"itemListElement\":[{\"@type\":\"ListItem\",\"position\":1,\"name\":\"Portada\",\"item\":\"https:\\\/\\\/www.inverseteams.com\\\/fr\\\/pagina-principal\\\/\"},{\"@type\":\"ListItem\",\"position\":2,\"name\":\"Panier\",\"item\":\"https:\\\/\\\/www.inverseteams.com\\\/fr\\\/panier\\\/\"},{\"@type\":\"ListItem\",\"position\":3,\"name\":\"Manchettes thermiques ORYX BLACK\"}]},{\"@type\":\"WebSite\",\"@id\":\"https:\\\/\\\/www.inverseteams.com\\\/fr\\\/#website\",\"url\":\"https:\\\/\\\/www.inverseteams.com\\\/fr\\\/\",\"name\":\"Inverseteams\",\"description\":\"Tu marca de ropa deportiva personalizada\",\"publisher\":{\"@id\":\"https:\\\/\\\/www.inverseteams.com\\\/fr\\\/#organization\"},\"potentialAction\":[{\"@type\":\"SearchAction\",\"target\":{\"@type\":\"EntryPoint\",\"urlTemplate\":\"https:\\\/\\\/www.inverseteams.com\\\/fr\\\/?s={search_term_string}\"},\"query-input\":{\"@type\":\"PropertyValueSpecification\",\"valueRequired\":true,\"valueName\":\"search_term_string\"}}],\"inLanguage\":\"fr-FR\"},{\"@type\":\"Organization\",\"@id\":\"https:\\\/\\\/www.inverseteams.com\\\/fr\\\/#organization\",\"name\":\"Inverse Teams\",\"url\":\"https:\\\/\\\/www.inverseteams.com\\\/fr\\\/\",\"logo\":{\"@type\":\"ImageObject\",\"inLanguage\":\"fr-FR\",\"@id\":\"https:\\\/\\\/www.inverseteams.com\\\/fr\\\/#\\\/schema\\\/logo\\\/image\\\/\",\"url\":\"https:\\\/\\\/www.inverseteams.com\\\/wp-content\\\/uploads\\\/2021\\\/03\\\/logo-inverse-teams.png\",\"contentUrl\":\"https:\\\/\\\/www.inverseteams.com\\\/wp-content\\\/uploads\\\/2021\\\/03\\\/logo-inverse-teams.png\",\"width\":294,\"height\":99,\"caption\":\"Inverse Teams\"},\"image\":{\"@id\":\"https:\\\/\\\/www.inverseteams.com\\\/fr\\\/#\\\/schema\\\/logo\\\/image\\\/\"},\"sameAs\":[\"https:\\\/\\\/www.facebook.com\\\/inverseteams\",\"http:\\\/\\\/instagram.com\\\/inverseteams\",\"https:\\\/\\\/www.linkedin.com\\\/company\\\/inverse-cirosport-s-l-?trk=job_view_topcard_company_name\",\"http:\\\/\\\/www.pinterest.com\\\/inverseteams\\\/\",\"http:\\\/\\\/www.youtube.com\\\/user\\\/inverseteams?feature=watch\"]}]}<\/script>\n<!-- \/ Yoast SEO plugin. -->","yoast_head_json":{"title":"Manchettes thermiques ORYX BLACK","description":"Les manchettes thermiques agissent comme une seconde peau pour vous prot\u00e9ger des temp\u00e9ratures les plus basses. Le tissu thermique SUPER ROUBAIX maintient la chaleur sans augmenter la transpiration et procure une sensation de confort total. Ils sont fabriqu\u00e9s avec des coutures plates qui \u00e9vitent les frottements et les irritations. Aux extr\u00e9mit\u00e9s, il a une bande int\u00e9rieur en silicone hypoallerg\u00e9nique qui l'emp\u00eache de bouger. Vous aurez une totale libert\u00e9 de mouvement.","robots":{"index":"index","follow":"follow","max-snippet":"max-snippet:-1","max-image-preview":"max-image-preview:large","max-video-preview":"max-video-preview:-1"},"canonical":"https:\/\/www.inverseteams.com\/fr\/produit\/manchettes-thermiques-oryx-black\/","og_locale":"fr_FR","og_type":"article","og_title":"Manchettes thermiques ORYX BLACK","og_description":"Les manchettes thermiques agissent comme une seconde peau pour vous prot\u00e9ger des temp\u00e9ratures les plus basses. Le tissu thermique SUPER ROUBAIX maintient la chaleur sans augmenter la transpiration et procure une sensation de confort total. Ils sont fabriqu\u00e9s avec des coutures plates qui \u00e9vitent les frottements et les irritations. Aux extr\u00e9mit\u00e9s, il a une bande int\u00e9rieur en silicone hypoallerg\u00e9nique qui l'emp\u00eache de bouger. Vous aurez une totale libert\u00e9 de mouvement.","og_url":"https:\/\/www.inverseteams.com\/fr\/produit\/manchettes-thermiques-oryx-black\/","og_site_name":"Inverseteams","article_publisher":"https:\/\/www.facebook.com\/inverseteams","article_modified_time":"2026-02-20T10:55:30+00:00","og_image":[{"width":1500,"height":1612,"url":"https:\/\/www.inverseteams.com\/wp-content\/uploads\/INVERSE-MANGUITOS-PURE-ORYX-001.jpg","type":"image\/jpeg"}],"twitter_card":"summary_large_image","twitter_misc":{"Dur\u00e9e de lecture estim\u00e9e":"1 minute"},"schema":{"@context":"https:\/\/schema.org","@graph":[{"@type":"WebPage","@id":"https:\/\/www.inverseteams.com\/fr\/produit\/manchettes-thermiques-oryx-black\/","url":"https:\/\/www.inverseteams.com\/fr\/produit\/manchettes-thermiques-oryx-black\/","name":"Manchettes thermiques ORYX BLACK","isPartOf":{"@id":"https:\/\/www.inverseteams.com\/fr\/#website"},"primaryImageOfPage":{"@id":"https:\/\/www.inverseteams.com\/fr\/produit\/manchettes-thermiques-oryx-black\/#primaryimage"},"image":{"@id":"https:\/\/www.inverseteams.com\/fr\/produit\/manchettes-thermiques-oryx-black\/#primaryimage"},"thumbnailUrl":"https:\/\/www.inverseteams.com\/wp-content\/uploads\/INVERSE-MANGUITOS-PURE-ORYX-001.jpg","datePublished":"2025-10-03T15:52:28+00:00","dateModified":"2026-02-20T10:55:30+00:00","description":"Les manchettes thermiques agissent comme une seconde peau pour vous prot\u00e9ger des temp\u00e9ratures les plus basses. Le tissu thermique SUPER ROUBAIX maintient la chaleur sans augmenter la transpiration et procure une sensation de confort total. Ils sont fabriqu\u00e9s avec des coutures plates qui \u00e9vitent les frottements et les irritations. Aux extr\u00e9mit\u00e9s, il a une bande int\u00e9rieur en silicone hypoallerg\u00e9nique qui l'emp\u00eache de bouger. Vous aurez une totale libert\u00e9 de mouvement.","breadcrumb":{"@id":"https:\/\/www.inverseteams.com\/fr\/produit\/manchettes-thermiques-oryx-black\/#breadcrumb"},"inLanguage":"fr-FR","potentialAction":[{"@type":"ReadAction","target":["https:\/\/www.inverseteams.com\/fr\/produit\/manchettes-thermiques-oryx-black\/"]}]},{"@type":"ImageObject","inLanguage":"fr-FR","@id":"https:\/\/www.inverseteams.com\/fr\/produit\/manchettes-thermiques-oryx-black\/#primaryimage","url":"https:\/\/www.inverseteams.com\/wp-content\/uploads\/INVERSE-MANGUITOS-PURE-ORYX-001.jpg","contentUrl":"https:\/\/www.inverseteams.com\/wp-content\/uploads\/INVERSE-MANGUITOS-PURE-ORYX-001.jpg","width":1500,"height":1612},{"@type":"BreadcrumbList","@id":"https:\/\/www.inverseteams.com\/fr\/produit\/manchettes-thermiques-oryx-black\/#breadcrumb","itemListElement":[{"@type":"ListItem","position":1,"name":"Portada","item":"https:\/\/www.inverseteams.com\/fr\/pagina-principal\/"},{"@type":"ListItem","position":2,"name":"Panier","item":"https:\/\/www.inverseteams.com\/fr\/panier\/"},{"@type":"ListItem","position":3,"name":"Manchettes thermiques ORYX BLACK"}]},{"@type":"WebSite","@id":"https:\/\/www.inverseteams.com\/fr\/#website","url":"https:\/\/www.inverseteams.com\/fr\/","name":"Inverseteams","description":"Tu marca de ropa deportiva personalizada","publisher":{"@id":"https:\/\/www.inverseteams.com\/fr\/#organization"},"potentialAction":[{"@type":"SearchAction","target":{"@type":"EntryPoint","urlTemplate":"https:\/\/www.inverseteams.com\/fr\/?s={search_term_string}"},"query-input":{"@type":"PropertyValueSpecification","valueRequired":true,"valueName":"search_term_string"}}],"inLanguage":"fr-FR"},{"@type":"Organization","@id":"https:\/\/www.inverseteams.com\/fr\/#organization","name":"Inverse Teams","url":"https:\/\/www.inverseteams.com\/fr\/","logo":{"@type":"ImageObject","inLanguage":"fr-FR","@id":"https:\/\/www.inverseteams.com\/fr\/#\/schema\/logo\/image\/","url":"https:\/\/www.inverseteams.com\/wp-content\/uploads\/2021\/03\/logo-inverse-teams.png","contentUrl":"https:\/\/www.inverseteams.com\/wp-content\/uploads\/2021\/03\/logo-inverse-teams.png","width":294,"height":99,"caption":"Inverse Teams"},"image":{"@id":"https:\/\/www.inverseteams.com\/fr\/#\/schema\/logo\/image\/"},"sameAs":["https:\/\/www.facebook.com\/inverseteams","http:\/\/instagram.com\/inverseteams","https:\/\/www.linkedin.com\/company\/inverse-cirosport-s-l-?trk=job_view_topcard_company_name","http:\/\/www.pinterest.com\/inverseteams\/","http:\/\/www.youtube.com\/user\/inverseteams?feature=watch"]}]}},"_links":{"self":[{"href":"https:\/\/www.inverseteams.com\/fr\/wp-json\/wp\/v2\/product\/268581","targetHints":{"allow":["GET"]}}],"collection":[{"href":"https:\/\/www.inverseteams.com\/fr\/wp-json\/wp\/v2\/product"}],"about":[{"href":"https:\/\/www.inverseteams.com\/fr\/wp-json\/wp\/v2\/types\/product"}],"replies":[{"embeddable":true,"href":"https:\/\/www.inverseteams.com\/fr\/wp-json\/wp\/v2\/comments?post=268581"}],"wp:featuredmedia":[{"embeddable":true,"href":"https:\/\/www.inverseteams.com\/fr\/wp-json\/wp\/v2\/media\/271366"}],"wp:attachment":[{"href":"https:\/\/www.inverseteams.com\/fr\/wp-json\/wp\/v2\/media?parent=268581"}],"wp:term":[{"taxonomy":"product_brand","embeddable":true,"href":"https:\/\/www.inverseteams.com\/fr\/wp-json\/wp\/v2\/product_brand?post=268581"},{"taxonomy":"product_cat","embeddable":true,"href":"https:\/\/www.inverseteams.com\/fr\/wp-json\/wp\/v2\/product_cat?post=268581"},{"taxonomy":"product_tag","embeddable":true,"href":"https:\/\/www.inverseteams.com\/fr\/wp-json\/wp\/v2\/product_tag?post=268581"},{"taxonomy":"custom_category","embeddable":true,"href":"https:\/\/www.inverseteams.com\/fr\/wp-json\/wp\/v2\/custom_category?post=268581"},{"taxonomy":"range","embeddable":true,"href":"https:\/\/www.inverseteams.com\/fr\/wp-json\/wp\/v2\/range?post=268581"}],"curies":[{"name":"wp","href":"https:\/\/api.w.org\/{rel}","templated":true}]}}