{"id":248095,"date":"2025-03-07T08:21:30","date_gmt":"2025-03-07T10:36:43","guid":{"rendered":"https:\/\/www.inverseteams.com\/?post_type=product&#038;p=248095"},"modified":"2025-03-14T15:45:53","modified_gmt":"2025-03-14T15:45:53","slug":"doudoune-sc205","status":"publish","type":"product","link":"https:\/\/www.inverseteams.com\/fr\/produit\/doudoune-sc205\/","title":{"rendered":"Doudoune SC205-C"},"content":{"rendered":"<p>Disponible en 2 coloris : Noir et Bleu Navy. L&rsquo;\u00e9cusson du club peut \u00eatre brod\u00e9 ou imprim\u00e9 en DTF.<br \/>\nL&rsquo;int\u00e9rieur rembourr\u00e9 maintiendra la temp\u00e9rature de votre corps. Cette veste est dot\u00e9e d&rsquo;une capuche fixe et ajust\u00e9e, termin\u00e9e par une bordure \u00e9lastiqu\u00e9e. La fermeture \u00e9clair avant int\u00e8gre un prot\u00e8ge-menton.<br \/>\nAvec 2 poches lat\u00e9rales zipp\u00e9es, vous pouvez ranger ce dont vous avez besoin sans craindre de le perdre. Les poignets des manches sont finis avec une bordure \u00e9lastique pour emp\u00eacher l&rsquo;air et l&rsquo;humidit\u00e9 de p\u00e9n\u00e9trer.<br \/>\nC&rsquo;est une veste l\u00e9g\u00e8re et pliable.<\/p>\n","protected":false},"excerpt":{"rendered":"<p>Disponible en 2 coloris : Noir et Bleu Navy. L&rsquo;\u00e9cusson du club peut \u00eatre brod\u00e9 ou imprim\u00e9 en DTF.<br \/>\nL&rsquo;int\u00e9rieur rembourr\u00e9 maintiendra la temp\u00e9rature de votre corps. Cette veste est dot\u00e9e d&rsquo;une capuche fixe et ajust\u00e9e, termin\u00e9e par une bordure \u00e9lastiqu\u00e9e. La fermeture \u00e9clair avant int\u00e8gre un prot\u00e8ge-menton.<br \/>\nAvec 2 poches lat\u00e9rales zipp\u00e9es, vous pouvez ranger ce dont vous avez besoin sans craindre de le perdre. Les poignets des manches sont finis avec une bordure \u00e9lastique pour emp\u00eacher l&rsquo;air et l&rsquo;humidit\u00e9 de p\u00e9n\u00e9trer.<br \/>\nC&rsquo;est une veste l\u00e9g\u00e8re et pliable.<\/p>\n","protected":false},"featured_media":247215,"comment_status":"closed","ping_status":"closed","template":"","meta":{"_acf_changed":false},"product_brand":[],"product_cat":[8305],"product_tag":[],"custom_category":[15160,15163],"range":[15155],"class_list":{"0":"post-248095","1":"product","2":"type-product","3":"status-publish","4":"has-post-thumbnail","6":"product_cat-uncategorized-fr","7":"pa_climatologia-froid","8":"pa_climatologia-pluie","9":"pa_climatologia-vent-fr","10":"pa_genero-homme","11":"pa_genero-femme","12":"pa_genero-infantile-fr","13":"pa_patronaje-casual-fr","14":"pa_tipo-de-prenda-veste","15":"custom_category-sport-dequipe","16":"custom_category-football-fr","17":"range-vestes","19":"first","20":"instock","21":"product-type-custom"},"acf":[],"yoast_head":"<!-- This site is optimized with the Yoast SEO plugin v27.3 - https:\/\/yoast.com\/product\/yoast-seo-wordpress\/ -->\n<title>Doudoune SC205-C | Inverseteams<\/title>\n<meta name=\"description\" content=\"Disponible en 2 coloris : Noir et Bleu Navy. L&#039;\u00e9cusson du club peut \u00eatre brod\u00e9 ou imprim\u00e9 en DTF. L&#039;int\u00e9rieur rembourr\u00e9 maintiendra la temp\u00e9rature de votre corps. Cette veste est dot\u00e9e d&#039;une capuche fixe et ajust\u00e9e, termin\u00e9e par une bordure \u00e9lastiqu\u00e9e. La fermeture \u00e9clair avant int\u00e8gre un prot\u00e8ge-menton. Avec 2 poches lat\u00e9rales zipp\u00e9es, vous pouvez ranger ce dont vous avez besoin sans craindre de le perdre. Les poignets des manches sont finis avec une bordure \u00e9lastique pour emp\u00eacher l&#039;air et l&#039;humidit\u00e9 de p\u00e9n\u00e9trer. C&#039;est une veste l\u00e9g\u00e8re et pliable.\" \/>\n<meta name=\"robots\" content=\"index, follow, max-snippet:-1, max-image-preview:large, max-video-preview:-1\" \/>\n<link rel=\"canonical\" href=\"https:\/\/www.inverseteams.com\/fr\/produit\/doudoune-sc205\/\" \/>\n<meta property=\"og:locale\" content=\"fr_FR\" \/>\n<meta property=\"og:type\" content=\"article\" \/>\n<meta property=\"og:title\" content=\"Doudoune SC205-C | Inverseteams\" \/>\n<meta property=\"og:description\" content=\"Disponible en 2 coloris : Noir et Bleu Navy. L&#039;\u00e9cusson du club peut \u00eatre brod\u00e9 ou imprim\u00e9 en DTF. L&#039;int\u00e9rieur rembourr\u00e9 maintiendra la temp\u00e9rature de votre corps. Cette veste est dot\u00e9e d&#039;une capuche fixe et ajust\u00e9e, termin\u00e9e par une bordure \u00e9lastiqu\u00e9e. La fermeture \u00e9clair avant int\u00e8gre un prot\u00e8ge-menton. Avec 2 poches lat\u00e9rales zipp\u00e9es, vous pouvez ranger ce dont vous avez besoin sans craindre de le perdre. Les poignets des manches sont finis avec une bordure \u00e9lastique pour emp\u00eacher l&#039;air et l&#039;humidit\u00e9 de p\u00e9n\u00e9trer. C&#039;est une veste l\u00e9g\u00e8re et pliable.\" \/>\n<meta property=\"og:url\" content=\"https:\/\/www.inverseteams.com\/fr\/produit\/doudoune-sc205\/\" \/>\n<meta property=\"og:site_name\" content=\"Inverseteams\" \/>\n<meta property=\"article:publisher\" content=\"https:\/\/www.facebook.com\/inverseteams\" \/>\n<meta property=\"article:modified_time\" content=\"2025-03-14T15:45:53+00:00\" \/>\n<meta property=\"og:image\" content=\"https:\/\/www.inverseteams.com\/wp-content\/uploads\/CHAQUETA-PLUMON-SC205-1.jpg\" \/>\n\t<meta property=\"og:image:width\" content=\"1500\" \/>\n\t<meta property=\"og:image:height\" content=\"1612\" \/>\n\t<meta property=\"og:image:type\" content=\"image\/jpeg\" \/>\n<meta name=\"twitter:card\" content=\"summary_large_image\" \/>\n<meta name=\"twitter:label1\" content=\"Dur\u00e9e de lecture estim\u00e9e\" \/>\n\t<meta name=\"twitter:data1\" content=\"1 minute\" \/>\n<script type=\"application\/ld+json\" class=\"yoast-schema-graph\">{\"@context\":\"https:\\\/\\\/schema.org\",\"@graph\":[{\"@type\":\"WebPage\",\"@id\":\"https:\\\/\\\/www.inverseteams.com\\\/fr\\\/produit\\\/doudoune-sc205\\\/\",\"url\":\"https:\\\/\\\/www.inverseteams.com\\\/fr\\\/produit\\\/doudoune-sc205\\\/\",\"name\":\"Doudoune SC205-C | Inverseteams\",\"isPartOf\":{\"@id\":\"https:\\\/\\\/www.inverseteams.com\\\/fr\\\/#website\"},\"primaryImageOfPage\":{\"@id\":\"https:\\\/\\\/www.inverseteams.com\\\/fr\\\/produit\\\/doudoune-sc205\\\/#primaryimage\"},\"image\":{\"@id\":\"https:\\\/\\\/www.inverseteams.com\\\/fr\\\/produit\\\/doudoune-sc205\\\/#primaryimage\"},\"thumbnailUrl\":\"https:\\\/\\\/www.inverseteams.com\\\/wp-content\\\/uploads\\\/CHAQUETA-PLUMON-SC205-1.jpg\",\"datePublished\":\"2025-03-07T10:36:43+00:00\",\"dateModified\":\"2025-03-14T15:45:53+00:00\",\"description\":\"Disponible en 2 coloris : Noir et Bleu Navy. L'\u00e9cusson du club peut \u00eatre brod\u00e9 ou imprim\u00e9 en DTF. L'int\u00e9rieur rembourr\u00e9 maintiendra la temp\u00e9rature de votre corps. Cette veste est dot\u00e9e d'une capuche fixe et ajust\u00e9e, termin\u00e9e par une bordure \u00e9lastiqu\u00e9e. La fermeture \u00e9clair avant int\u00e8gre un prot\u00e8ge-menton. Avec 2 poches lat\u00e9rales zipp\u00e9es, vous pouvez ranger ce dont vous avez besoin sans craindre de le perdre. Les poignets des manches sont finis avec une bordure \u00e9lastique pour emp\u00eacher l'air et l'humidit\u00e9 de p\u00e9n\u00e9trer. C'est une veste l\u00e9g\u00e8re et pliable.\",\"breadcrumb\":{\"@id\":\"https:\\\/\\\/www.inverseteams.com\\\/fr\\\/produit\\\/doudoune-sc205\\\/#breadcrumb\"},\"inLanguage\":\"fr-FR\",\"potentialAction\":[{\"@type\":\"ReadAction\",\"target\":[\"https:\\\/\\\/www.inverseteams.com\\\/fr\\\/produit\\\/doudoune-sc205\\\/\"]}]},{\"@type\":\"ImageObject\",\"inLanguage\":\"fr-FR\",\"@id\":\"https:\\\/\\\/www.inverseteams.com\\\/fr\\\/produit\\\/doudoune-sc205\\\/#primaryimage\",\"url\":\"https:\\\/\\\/www.inverseteams.com\\\/wp-content\\\/uploads\\\/CHAQUETA-PLUMON-SC205-1.jpg\",\"contentUrl\":\"https:\\\/\\\/www.inverseteams.com\\\/wp-content\\\/uploads\\\/CHAQUETA-PLUMON-SC205-1.jpg\",\"width\":1500,\"height\":1612},{\"@type\":\"BreadcrumbList\",\"@id\":\"https:\\\/\\\/www.inverseteams.com\\\/fr\\\/produit\\\/doudoune-sc205\\\/#breadcrumb\",\"itemListElement\":[{\"@type\":\"ListItem\",\"position\":1,\"name\":\"Portada\",\"item\":\"https:\\\/\\\/www.inverseteams.com\\\/fr\\\/pagina-principal\\\/\"},{\"@type\":\"ListItem\",\"position\":2,\"name\":\"Panier\",\"item\":\"https:\\\/\\\/www.inverseteams.com\\\/fr\\\/panier\\\/\"},{\"@type\":\"ListItem\",\"position\":3,\"name\":\"Doudoune SC205-C\"}]},{\"@type\":\"WebSite\",\"@id\":\"https:\\\/\\\/www.inverseteams.com\\\/fr\\\/#website\",\"url\":\"https:\\\/\\\/www.inverseteams.com\\\/fr\\\/\",\"name\":\"Inverseteams\",\"description\":\"Tu marca de ropa deportiva personalizada\",\"publisher\":{\"@id\":\"https:\\\/\\\/www.inverseteams.com\\\/fr\\\/#organization\"},\"potentialAction\":[{\"@type\":\"SearchAction\",\"target\":{\"@type\":\"EntryPoint\",\"urlTemplate\":\"https:\\\/\\\/www.inverseteams.com\\\/fr\\\/?s={search_term_string}\"},\"query-input\":{\"@type\":\"PropertyValueSpecification\",\"valueRequired\":true,\"valueName\":\"search_term_string\"}}],\"inLanguage\":\"fr-FR\"},{\"@type\":\"Organization\",\"@id\":\"https:\\\/\\\/www.inverseteams.com\\\/fr\\\/#organization\",\"name\":\"Inverse Teams\",\"url\":\"https:\\\/\\\/www.inverseteams.com\\\/fr\\\/\",\"logo\":{\"@type\":\"ImageObject\",\"inLanguage\":\"fr-FR\",\"@id\":\"https:\\\/\\\/www.inverseteams.com\\\/fr\\\/#\\\/schema\\\/logo\\\/image\\\/\",\"url\":\"https:\\\/\\\/www.inverseteams.com\\\/wp-content\\\/uploads\\\/2021\\\/03\\\/logo-inverse-teams.png\",\"contentUrl\":\"https:\\\/\\\/www.inverseteams.com\\\/wp-content\\\/uploads\\\/2021\\\/03\\\/logo-inverse-teams.png\",\"width\":294,\"height\":99,\"caption\":\"Inverse Teams\"},\"image\":{\"@id\":\"https:\\\/\\\/www.inverseteams.com\\\/fr\\\/#\\\/schema\\\/logo\\\/image\\\/\"},\"sameAs\":[\"https:\\\/\\\/www.facebook.com\\\/inverseteams\",\"http:\\\/\\\/instagram.com\\\/inverseteams\",\"https:\\\/\\\/www.linkedin.com\\\/company\\\/inverse-cirosport-s-l-?trk=job_view_topcard_company_name\",\"http:\\\/\\\/www.pinterest.com\\\/inverseteams\\\/\",\"http:\\\/\\\/www.youtube.com\\\/user\\\/inverseteams?feature=watch\"]}]}<\/script>\n<!-- \/ Yoast SEO plugin. -->","yoast_head_json":{"title":"Doudoune SC205-C | Inverseteams","description":"Disponible en 2 coloris : Noir et Bleu Navy. L'\u00e9cusson du club peut \u00eatre brod\u00e9 ou imprim\u00e9 en DTF. L'int\u00e9rieur rembourr\u00e9 maintiendra la temp\u00e9rature de votre corps. Cette veste est dot\u00e9e d'une capuche fixe et ajust\u00e9e, termin\u00e9e par une bordure \u00e9lastiqu\u00e9e. La fermeture \u00e9clair avant int\u00e8gre un prot\u00e8ge-menton. Avec 2 poches lat\u00e9rales zipp\u00e9es, vous pouvez ranger ce dont vous avez besoin sans craindre de le perdre. Les poignets des manches sont finis avec une bordure \u00e9lastique pour emp\u00eacher l'air et l'humidit\u00e9 de p\u00e9n\u00e9trer. C'est une veste l\u00e9g\u00e8re et pliable.","robots":{"index":"index","follow":"follow","max-snippet":"max-snippet:-1","max-image-preview":"max-image-preview:large","max-video-preview":"max-video-preview:-1"},"canonical":"https:\/\/www.inverseteams.com\/fr\/produit\/doudoune-sc205\/","og_locale":"fr_FR","og_type":"article","og_title":"Doudoune SC205-C | Inverseteams","og_description":"Disponible en 2 coloris : Noir et Bleu Navy. L'\u00e9cusson du club peut \u00eatre brod\u00e9 ou imprim\u00e9 en DTF. L'int\u00e9rieur rembourr\u00e9 maintiendra la temp\u00e9rature de votre corps. Cette veste est dot\u00e9e d'une capuche fixe et ajust\u00e9e, termin\u00e9e par une bordure \u00e9lastiqu\u00e9e. La fermeture \u00e9clair avant int\u00e8gre un prot\u00e8ge-menton. Avec 2 poches lat\u00e9rales zipp\u00e9es, vous pouvez ranger ce dont vous avez besoin sans craindre de le perdre. Les poignets des manches sont finis avec une bordure \u00e9lastique pour emp\u00eacher l'air et l'humidit\u00e9 de p\u00e9n\u00e9trer. C'est une veste l\u00e9g\u00e8re et pliable.","og_url":"https:\/\/www.inverseteams.com\/fr\/produit\/doudoune-sc205\/","og_site_name":"Inverseteams","article_publisher":"https:\/\/www.facebook.com\/inverseteams","article_modified_time":"2025-03-14T15:45:53+00:00","og_image":[{"width":1500,"height":1612,"url":"https:\/\/www.inverseteams.com\/wp-content\/uploads\/CHAQUETA-PLUMON-SC205-1.jpg","type":"image\/jpeg"}],"twitter_card":"summary_large_image","twitter_misc":{"Dur\u00e9e de lecture estim\u00e9e":"1 minute"},"schema":{"@context":"https:\/\/schema.org","@graph":[{"@type":"WebPage","@id":"https:\/\/www.inverseteams.com\/fr\/produit\/doudoune-sc205\/","url":"https:\/\/www.inverseteams.com\/fr\/produit\/doudoune-sc205\/","name":"Doudoune SC205-C | Inverseteams","isPartOf":{"@id":"https:\/\/www.inverseteams.com\/fr\/#website"},"primaryImageOfPage":{"@id":"https:\/\/www.inverseteams.com\/fr\/produit\/doudoune-sc205\/#primaryimage"},"image":{"@id":"https:\/\/www.inverseteams.com\/fr\/produit\/doudoune-sc205\/#primaryimage"},"thumbnailUrl":"https:\/\/www.inverseteams.com\/wp-content\/uploads\/CHAQUETA-PLUMON-SC205-1.jpg","datePublished":"2025-03-07T10:36:43+00:00","dateModified":"2025-03-14T15:45:53+00:00","description":"Disponible en 2 coloris : Noir et Bleu Navy. L'\u00e9cusson du club peut \u00eatre brod\u00e9 ou imprim\u00e9 en DTF. L'int\u00e9rieur rembourr\u00e9 maintiendra la temp\u00e9rature de votre corps. Cette veste est dot\u00e9e d'une capuche fixe et ajust\u00e9e, termin\u00e9e par une bordure \u00e9lastiqu\u00e9e. La fermeture \u00e9clair avant int\u00e8gre un prot\u00e8ge-menton. Avec 2 poches lat\u00e9rales zipp\u00e9es, vous pouvez ranger ce dont vous avez besoin sans craindre de le perdre. Les poignets des manches sont finis avec une bordure \u00e9lastique pour emp\u00eacher l'air et l'humidit\u00e9 de p\u00e9n\u00e9trer. C'est une veste l\u00e9g\u00e8re et pliable.","breadcrumb":{"@id":"https:\/\/www.inverseteams.com\/fr\/produit\/doudoune-sc205\/#breadcrumb"},"inLanguage":"fr-FR","potentialAction":[{"@type":"ReadAction","target":["https:\/\/www.inverseteams.com\/fr\/produit\/doudoune-sc205\/"]}]},{"@type":"ImageObject","inLanguage":"fr-FR","@id":"https:\/\/www.inverseteams.com\/fr\/produit\/doudoune-sc205\/#primaryimage","url":"https:\/\/www.inverseteams.com\/wp-content\/uploads\/CHAQUETA-PLUMON-SC205-1.jpg","contentUrl":"https:\/\/www.inverseteams.com\/wp-content\/uploads\/CHAQUETA-PLUMON-SC205-1.jpg","width":1500,"height":1612},{"@type":"BreadcrumbList","@id":"https:\/\/www.inverseteams.com\/fr\/produit\/doudoune-sc205\/#breadcrumb","itemListElement":[{"@type":"ListItem","position":1,"name":"Portada","item":"https:\/\/www.inverseteams.com\/fr\/pagina-principal\/"},{"@type":"ListItem","position":2,"name":"Panier","item":"https:\/\/www.inverseteams.com\/fr\/panier\/"},{"@type":"ListItem","position":3,"name":"Doudoune SC205-C"}]},{"@type":"WebSite","@id":"https:\/\/www.inverseteams.com\/fr\/#website","url":"https:\/\/www.inverseteams.com\/fr\/","name":"Inverseteams","description":"Tu marca de ropa deportiva personalizada","publisher":{"@id":"https:\/\/www.inverseteams.com\/fr\/#organization"},"potentialAction":[{"@type":"SearchAction","target":{"@type":"EntryPoint","urlTemplate":"https:\/\/www.inverseteams.com\/fr\/?s={search_term_string}"},"query-input":{"@type":"PropertyValueSpecification","valueRequired":true,"valueName":"search_term_string"}}],"inLanguage":"fr-FR"},{"@type":"Organization","@id":"https:\/\/www.inverseteams.com\/fr\/#organization","name":"Inverse Teams","url":"https:\/\/www.inverseteams.com\/fr\/","logo":{"@type":"ImageObject","inLanguage":"fr-FR","@id":"https:\/\/www.inverseteams.com\/fr\/#\/schema\/logo\/image\/","url":"https:\/\/www.inverseteams.com\/wp-content\/uploads\/2021\/03\/logo-inverse-teams.png","contentUrl":"https:\/\/www.inverseteams.com\/wp-content\/uploads\/2021\/03\/logo-inverse-teams.png","width":294,"height":99,"caption":"Inverse Teams"},"image":{"@id":"https:\/\/www.inverseteams.com\/fr\/#\/schema\/logo\/image\/"},"sameAs":["https:\/\/www.facebook.com\/inverseteams","http:\/\/instagram.com\/inverseteams","https:\/\/www.linkedin.com\/company\/inverse-cirosport-s-l-?trk=job_view_topcard_company_name","http:\/\/www.pinterest.com\/inverseteams\/","http:\/\/www.youtube.com\/user\/inverseteams?feature=watch"]}]}},"_links":{"self":[{"href":"https:\/\/www.inverseteams.com\/fr\/wp-json\/wp\/v2\/product\/248095","targetHints":{"allow":["GET"]}}],"collection":[{"href":"https:\/\/www.inverseteams.com\/fr\/wp-json\/wp\/v2\/product"}],"about":[{"href":"https:\/\/www.inverseteams.com\/fr\/wp-json\/wp\/v2\/types\/product"}],"replies":[{"embeddable":true,"href":"https:\/\/www.inverseteams.com\/fr\/wp-json\/wp\/v2\/comments?post=248095"}],"wp:featuredmedia":[{"embeddable":true,"href":"https:\/\/www.inverseteams.com\/fr\/wp-json\/wp\/v2\/media\/247215"}],"wp:attachment":[{"href":"https:\/\/www.inverseteams.com\/fr\/wp-json\/wp\/v2\/media?parent=248095"}],"wp:term":[{"taxonomy":"product_brand","embeddable":true,"href":"https:\/\/www.inverseteams.com\/fr\/wp-json\/wp\/v2\/product_brand?post=248095"},{"taxonomy":"product_cat","embeddable":true,"href":"https:\/\/www.inverseteams.com\/fr\/wp-json\/wp\/v2\/product_cat?post=248095"},{"taxonomy":"product_tag","embeddable":true,"href":"https:\/\/www.inverseteams.com\/fr\/wp-json\/wp\/v2\/product_tag?post=248095"},{"taxonomy":"custom_category","embeddable":true,"href":"https:\/\/www.inverseteams.com\/fr\/wp-json\/wp\/v2\/custom_category?post=248095"},{"taxonomy":"range","embeddable":true,"href":"https:\/\/www.inverseteams.com\/fr\/wp-json\/wp\/v2\/range?post=248095"}],"curies":[{"name":"wp","href":"https:\/\/api.w.org\/{rel}","templated":true}]}}