{"id":248092,"date":"2025-03-07T08:20:02","date_gmt":"2025-03-07T10:35:41","guid":{"rendered":"https:\/\/www.inverseteams.com\/?post_type=product&#038;p=248092"},"modified":"2025-03-14T15:45:42","modified_gmt":"2025-03-14T15:45:42","slug":"softshell-sc220","status":"publish","type":"product","link":"https:\/\/www.inverseteams.com\/fr\/produit\/softshell-sc220\/","title":{"rendered":"Softshell SC220-C"},"content":{"rendered":"<p>Disponible en 4 coloris : Noir, Rouge, Bleu Navy et Bleu Royal. L&rsquo;\u00e9cusson du club peut \u00eatre ajout\u00e9 avec DTF ou broderie.<br \/>\nCette veste softshell est compos\u00e9e de 2 couches. L&rsquo;int\u00e9rieur en micropolaire est tr\u00e8s agr\u00e9able au toucher et vous gardera au chaud. La couche ext\u00e9rieure est hydrofuge et coupe-vent.<br \/>\nIl poss\u00e8de 2 poches lat\u00e9rales et une autre sur la poitrine. Toutes les poches se ferment avec une fermeture \u00e9clair. Les poignets sont r\u00e9glables par velcro et la taille peut \u00eatre r\u00e9gl\u00e9e gr\u00e2ce \u00e0 des cordons \u00e9lastiques.<br \/>\nCe Softdhell \u200b\u200best parfait pour combattre les intemp\u00e9ries de l&rsquo;hiver.<\/p>\n","protected":false},"excerpt":{"rendered":"<p>Disponible en 4 coloris : Noir, Rouge, Bleu Navy et Bleu Royal. L&rsquo;\u00e9cusson du club peut \u00eatre ajout\u00e9 avec DTF ou broderie.<br \/>\nCette veste softshell est compos\u00e9e de 2 couches. L&rsquo;int\u00e9rieur en micropolaire est tr\u00e8s agr\u00e9able au toucher et vous gardera au chaud. La couche ext\u00e9rieure est hydrofuge et coupe-vent.<br \/>\nIl poss\u00e8de 2 poches lat\u00e9rales et une autre sur la poitrine. Toutes les poches se ferment avec une fermeture \u00e9clair. Les poignets sont r\u00e9glables par velcro et la taille peut \u00eatre r\u00e9gl\u00e9e gr\u00e2ce \u00e0 des cordons \u00e9lastiques.<br \/>\nCe Softdhell \u200b\u200best parfait pour combattre les intemp\u00e9ries de l&rsquo;hiver.<\/p>\n","protected":false},"featured_media":247520,"comment_status":"closed","ping_status":"closed","template":"","meta":{"_acf_changed":false},"product_brand":[],"product_cat":[8305],"product_tag":[],"custom_category":[15160,15163],"range":[15155],"class_list":{"0":"post-248092","1":"product","2":"type-product","3":"status-publish","4":"has-post-thumbnail","6":"product_cat-uncategorized-fr","7":"pa_climatologia-froid","8":"pa_climatologia-pluie","9":"pa_climatologia-vent-fr","10":"pa_genero-unisexe","11":"pa_genero-infantile-fr","12":"pa_patronaje-casual-fr","13":"pa_tipo-de-prenda-veste","14":"custom_category-sport-dequipe","15":"custom_category-football-fr","16":"range-vestes","18":"first","19":"instock","20":"product-type-custom"},"acf":[],"yoast_head":"<!-- This site is optimized with the Yoast SEO plugin v27.5 - https:\/\/yoast.com\/product\/yoast-seo-wordpress\/ -->\n<title>Softshell SC220-C | Inverseteams<\/title>\n<meta name=\"description\" content=\"Disponible en 4 coloris : Noir, Rouge, Bleu Navy et Bleu Royal. L&#039;\u00e9cusson du club peut \u00eatre ajout\u00e9 avec DTF ou broderie. Cette veste softshell est compos\u00e9e de 2 couches. L&#039;int\u00e9rieur en micropolaire est tr\u00e8s agr\u00e9able au toucher et vous gardera au chaud. La couche ext\u00e9rieure est hydrofuge et coupe-vent. Il poss\u00e8de 2 poches lat\u00e9rales et une autre sur la poitrine. Toutes les poches se ferment avec une fermeture \u00e9clair. Les poignets sont r\u00e9glables par velcro et la taille peut \u00eatre r\u00e9gl\u00e9e gr\u00e2ce \u00e0 des cordons \u00e9lastiques. Ce Softdhell \u200b\u200best parfait pour combattre les intemp\u00e9ries de l&#039;hiver.\" \/>\n<meta name=\"robots\" content=\"index, follow, max-snippet:-1, max-image-preview:large, max-video-preview:-1\" \/>\n<link rel=\"canonical\" href=\"https:\/\/www.inverseteams.com\/fr\/produit\/softshell-sc220\/\" \/>\n<meta property=\"og:locale\" content=\"fr_FR\" \/>\n<meta property=\"og:type\" content=\"article\" \/>\n<meta property=\"og:title\" content=\"Softshell SC220-C | Inverseteams\" \/>\n<meta property=\"og:description\" content=\"Disponible en 4 coloris : Noir, Rouge, Bleu Navy et Bleu Royal. L&#039;\u00e9cusson du club peut \u00eatre ajout\u00e9 avec DTF ou broderie. Cette veste softshell est compos\u00e9e de 2 couches. L&#039;int\u00e9rieur en micropolaire est tr\u00e8s agr\u00e9able au toucher et vous gardera au chaud. La couche ext\u00e9rieure est hydrofuge et coupe-vent. Il poss\u00e8de 2 poches lat\u00e9rales et une autre sur la poitrine. Toutes les poches se ferment avec une fermeture \u00e9clair. Les poignets sont r\u00e9glables par velcro et la taille peut \u00eatre r\u00e9gl\u00e9e gr\u00e2ce \u00e0 des cordons \u00e9lastiques. Ce Softdhell \u200b\u200best parfait pour combattre les intemp\u00e9ries de l&#039;hiver.\" \/>\n<meta property=\"og:url\" content=\"https:\/\/www.inverseteams.com\/fr\/produit\/softshell-sc220\/\" \/>\n<meta property=\"og:site_name\" content=\"Inverseteams\" \/>\n<meta property=\"article:publisher\" content=\"https:\/\/www.facebook.com\/inverseteams\" \/>\n<meta property=\"article:modified_time\" content=\"2025-03-14T15:45:42+00:00\" \/>\n<meta property=\"og:image\" content=\"https:\/\/www.inverseteams.com\/wp-content\/uploads\/SOFTSHELL-SC220-1.jpg\" \/>\n\t<meta property=\"og:image:width\" content=\"1500\" \/>\n\t<meta property=\"og:image:height\" content=\"1612\" \/>\n\t<meta property=\"og:image:type\" content=\"image\/jpeg\" \/>\n<meta name=\"twitter:card\" content=\"summary_large_image\" \/>\n<meta name=\"twitter:label1\" content=\"Dur\u00e9e de lecture estim\u00e9e\" \/>\n\t<meta name=\"twitter:data1\" content=\"1 minute\" \/>\n<script type=\"application\/ld+json\" class=\"yoast-schema-graph\">{\"@context\":\"https:\\\/\\\/schema.org\",\"@graph\":[{\"@type\":\"WebPage\",\"@id\":\"https:\\\/\\\/www.inverseteams.com\\\/fr\\\/produit\\\/softshell-sc220\\\/\",\"url\":\"https:\\\/\\\/www.inverseteams.com\\\/fr\\\/produit\\\/softshell-sc220\\\/\",\"name\":\"Softshell SC220-C | Inverseteams\",\"isPartOf\":{\"@id\":\"https:\\\/\\\/www.inverseteams.com\\\/fr\\\/#website\"},\"primaryImageOfPage\":{\"@id\":\"https:\\\/\\\/www.inverseteams.com\\\/fr\\\/produit\\\/softshell-sc220\\\/#primaryimage\"},\"image\":{\"@id\":\"https:\\\/\\\/www.inverseteams.com\\\/fr\\\/produit\\\/softshell-sc220\\\/#primaryimage\"},\"thumbnailUrl\":\"https:\\\/\\\/www.inverseteams.com\\\/wp-content\\\/uploads\\\/SOFTSHELL-SC220-1.jpg\",\"datePublished\":\"2025-03-07T10:35:41+00:00\",\"dateModified\":\"2025-03-14T15:45:42+00:00\",\"description\":\"Disponible en 4 coloris : Noir, Rouge, Bleu Navy et Bleu Royal. L'\u00e9cusson du club peut \u00eatre ajout\u00e9 avec DTF ou broderie. Cette veste softshell est compos\u00e9e de 2 couches. L'int\u00e9rieur en micropolaire est tr\u00e8s agr\u00e9able au toucher et vous gardera au chaud. La couche ext\u00e9rieure est hydrofuge et coupe-vent. Il poss\u00e8de 2 poches lat\u00e9rales et une autre sur la poitrine. Toutes les poches se ferment avec une fermeture \u00e9clair. Les poignets sont r\u00e9glables par velcro et la taille peut \u00eatre r\u00e9gl\u00e9e gr\u00e2ce \u00e0 des cordons \u00e9lastiques. Ce Softdhell \u200b\u200best parfait pour combattre les intemp\u00e9ries de l'hiver.\",\"breadcrumb\":{\"@id\":\"https:\\\/\\\/www.inverseteams.com\\\/fr\\\/produit\\\/softshell-sc220\\\/#breadcrumb\"},\"inLanguage\":\"fr-FR\",\"potentialAction\":[{\"@type\":\"ReadAction\",\"target\":[\"https:\\\/\\\/www.inverseteams.com\\\/fr\\\/produit\\\/softshell-sc220\\\/\"]}]},{\"@type\":\"ImageObject\",\"inLanguage\":\"fr-FR\",\"@id\":\"https:\\\/\\\/www.inverseteams.com\\\/fr\\\/produit\\\/softshell-sc220\\\/#primaryimage\",\"url\":\"https:\\\/\\\/www.inverseteams.com\\\/wp-content\\\/uploads\\\/SOFTSHELL-SC220-1.jpg\",\"contentUrl\":\"https:\\\/\\\/www.inverseteams.com\\\/wp-content\\\/uploads\\\/SOFTSHELL-SC220-1.jpg\",\"width\":1500,\"height\":1612},{\"@type\":\"BreadcrumbList\",\"@id\":\"https:\\\/\\\/www.inverseteams.com\\\/fr\\\/produit\\\/softshell-sc220\\\/#breadcrumb\",\"itemListElement\":[{\"@type\":\"ListItem\",\"position\":1,\"name\":\"Portada\",\"item\":\"https:\\\/\\\/www.inverseteams.com\\\/fr\\\/pagina-principal\\\/\"},{\"@type\":\"ListItem\",\"position\":2,\"name\":\"Panier\",\"item\":\"https:\\\/\\\/www.inverseteams.com\\\/fr\\\/panier\\\/\"},{\"@type\":\"ListItem\",\"position\":3,\"name\":\"Softshell SC220-C\"}]},{\"@type\":\"WebSite\",\"@id\":\"https:\\\/\\\/www.inverseteams.com\\\/fr\\\/#website\",\"url\":\"https:\\\/\\\/www.inverseteams.com\\\/fr\\\/\",\"name\":\"Inverseteams\",\"description\":\"Tu marca de ropa deportiva personalizada\",\"publisher\":{\"@id\":\"https:\\\/\\\/www.inverseteams.com\\\/fr\\\/#organization\"},\"potentialAction\":[{\"@type\":\"SearchAction\",\"target\":{\"@type\":\"EntryPoint\",\"urlTemplate\":\"https:\\\/\\\/www.inverseteams.com\\\/fr\\\/?s={search_term_string}\"},\"query-input\":{\"@type\":\"PropertyValueSpecification\",\"valueRequired\":true,\"valueName\":\"search_term_string\"}}],\"inLanguage\":\"fr-FR\"},{\"@type\":\"Organization\",\"@id\":\"https:\\\/\\\/www.inverseteams.com\\\/fr\\\/#organization\",\"name\":\"Inverse Teams\",\"url\":\"https:\\\/\\\/www.inverseteams.com\\\/fr\\\/\",\"logo\":{\"@type\":\"ImageObject\",\"inLanguage\":\"fr-FR\",\"@id\":\"https:\\\/\\\/www.inverseteams.com\\\/fr\\\/#\\\/schema\\\/logo\\\/image\\\/\",\"url\":\"https:\\\/\\\/www.inverseteams.com\\\/wp-content\\\/uploads\\\/2021\\\/03\\\/logo-inverse-teams.png\",\"contentUrl\":\"https:\\\/\\\/www.inverseteams.com\\\/wp-content\\\/uploads\\\/2021\\\/03\\\/logo-inverse-teams.png\",\"width\":294,\"height\":99,\"caption\":\"Inverse Teams\"},\"image\":{\"@id\":\"https:\\\/\\\/www.inverseteams.com\\\/fr\\\/#\\\/schema\\\/logo\\\/image\\\/\"},\"sameAs\":[\"https:\\\/\\\/www.facebook.com\\\/inverseteams\",\"http:\\\/\\\/instagram.com\\\/inverseteams\",\"https:\\\/\\\/www.linkedin.com\\\/company\\\/inverse-cirosport-s-l-?trk=job_view_topcard_company_name\",\"http:\\\/\\\/www.pinterest.com\\\/inverseteams\\\/\",\"http:\\\/\\\/www.youtube.com\\\/user\\\/inverseteams?feature=watch\"]}]}<\/script>\n<!-- \/ Yoast SEO plugin. -->","yoast_head_json":{"title":"Softshell SC220-C | Inverseteams","description":"Disponible en 4 coloris : Noir, Rouge, Bleu Navy et Bleu Royal. L'\u00e9cusson du club peut \u00eatre ajout\u00e9 avec DTF ou broderie. Cette veste softshell est compos\u00e9e de 2 couches. L'int\u00e9rieur en micropolaire est tr\u00e8s agr\u00e9able au toucher et vous gardera au chaud. La couche ext\u00e9rieure est hydrofuge et coupe-vent. Il poss\u00e8de 2 poches lat\u00e9rales et une autre sur la poitrine. Toutes les poches se ferment avec une fermeture \u00e9clair. Les poignets sont r\u00e9glables par velcro et la taille peut \u00eatre r\u00e9gl\u00e9e gr\u00e2ce \u00e0 des cordons \u00e9lastiques. Ce Softdhell \u200b\u200best parfait pour combattre les intemp\u00e9ries de l'hiver.","robots":{"index":"index","follow":"follow","max-snippet":"max-snippet:-1","max-image-preview":"max-image-preview:large","max-video-preview":"max-video-preview:-1"},"canonical":"https:\/\/www.inverseteams.com\/fr\/produit\/softshell-sc220\/","og_locale":"fr_FR","og_type":"article","og_title":"Softshell SC220-C | Inverseteams","og_description":"Disponible en 4 coloris : Noir, Rouge, Bleu Navy et Bleu Royal. L'\u00e9cusson du club peut \u00eatre ajout\u00e9 avec DTF ou broderie. Cette veste softshell est compos\u00e9e de 2 couches. L'int\u00e9rieur en micropolaire est tr\u00e8s agr\u00e9able au toucher et vous gardera au chaud. La couche ext\u00e9rieure est hydrofuge et coupe-vent. Il poss\u00e8de 2 poches lat\u00e9rales et une autre sur la poitrine. Toutes les poches se ferment avec une fermeture \u00e9clair. Les poignets sont r\u00e9glables par velcro et la taille peut \u00eatre r\u00e9gl\u00e9e gr\u00e2ce \u00e0 des cordons \u00e9lastiques. Ce Softdhell \u200b\u200best parfait pour combattre les intemp\u00e9ries de l'hiver.","og_url":"https:\/\/www.inverseteams.com\/fr\/produit\/softshell-sc220\/","og_site_name":"Inverseteams","article_publisher":"https:\/\/www.facebook.com\/inverseteams","article_modified_time":"2025-03-14T15:45:42+00:00","og_image":[{"width":1500,"height":1612,"url":"https:\/\/www.inverseteams.com\/wp-content\/uploads\/SOFTSHELL-SC220-1.jpg","type":"image\/jpeg"}],"twitter_card":"summary_large_image","twitter_misc":{"Dur\u00e9e de lecture estim\u00e9e":"1 minute"},"schema":{"@context":"https:\/\/schema.org","@graph":[{"@type":"WebPage","@id":"https:\/\/www.inverseteams.com\/fr\/produit\/softshell-sc220\/","url":"https:\/\/www.inverseteams.com\/fr\/produit\/softshell-sc220\/","name":"Softshell SC220-C | Inverseteams","isPartOf":{"@id":"https:\/\/www.inverseteams.com\/fr\/#website"},"primaryImageOfPage":{"@id":"https:\/\/www.inverseteams.com\/fr\/produit\/softshell-sc220\/#primaryimage"},"image":{"@id":"https:\/\/www.inverseteams.com\/fr\/produit\/softshell-sc220\/#primaryimage"},"thumbnailUrl":"https:\/\/www.inverseteams.com\/wp-content\/uploads\/SOFTSHELL-SC220-1.jpg","datePublished":"2025-03-07T10:35:41+00:00","dateModified":"2025-03-14T15:45:42+00:00","description":"Disponible en 4 coloris : Noir, Rouge, Bleu Navy et Bleu Royal. L'\u00e9cusson du club peut \u00eatre ajout\u00e9 avec DTF ou broderie. Cette veste softshell est compos\u00e9e de 2 couches. L'int\u00e9rieur en micropolaire est tr\u00e8s agr\u00e9able au toucher et vous gardera au chaud. La couche ext\u00e9rieure est hydrofuge et coupe-vent. Il poss\u00e8de 2 poches lat\u00e9rales et une autre sur la poitrine. Toutes les poches se ferment avec une fermeture \u00e9clair. Les poignets sont r\u00e9glables par velcro et la taille peut \u00eatre r\u00e9gl\u00e9e gr\u00e2ce \u00e0 des cordons \u00e9lastiques. Ce Softdhell \u200b\u200best parfait pour combattre les intemp\u00e9ries de l'hiver.","breadcrumb":{"@id":"https:\/\/www.inverseteams.com\/fr\/produit\/softshell-sc220\/#breadcrumb"},"inLanguage":"fr-FR","potentialAction":[{"@type":"ReadAction","target":["https:\/\/www.inverseteams.com\/fr\/produit\/softshell-sc220\/"]}]},{"@type":"ImageObject","inLanguage":"fr-FR","@id":"https:\/\/www.inverseteams.com\/fr\/produit\/softshell-sc220\/#primaryimage","url":"https:\/\/www.inverseteams.com\/wp-content\/uploads\/SOFTSHELL-SC220-1.jpg","contentUrl":"https:\/\/www.inverseteams.com\/wp-content\/uploads\/SOFTSHELL-SC220-1.jpg","width":1500,"height":1612},{"@type":"BreadcrumbList","@id":"https:\/\/www.inverseteams.com\/fr\/produit\/softshell-sc220\/#breadcrumb","itemListElement":[{"@type":"ListItem","position":1,"name":"Portada","item":"https:\/\/www.inverseteams.com\/fr\/pagina-principal\/"},{"@type":"ListItem","position":2,"name":"Panier","item":"https:\/\/www.inverseteams.com\/fr\/panier\/"},{"@type":"ListItem","position":3,"name":"Softshell SC220-C"}]},{"@type":"WebSite","@id":"https:\/\/www.inverseteams.com\/fr\/#website","url":"https:\/\/www.inverseteams.com\/fr\/","name":"Inverseteams","description":"Tu marca de ropa deportiva personalizada","publisher":{"@id":"https:\/\/www.inverseteams.com\/fr\/#organization"},"potentialAction":[{"@type":"SearchAction","target":{"@type":"EntryPoint","urlTemplate":"https:\/\/www.inverseteams.com\/fr\/?s={search_term_string}"},"query-input":{"@type":"PropertyValueSpecification","valueRequired":true,"valueName":"search_term_string"}}],"inLanguage":"fr-FR"},{"@type":"Organization","@id":"https:\/\/www.inverseteams.com\/fr\/#organization","name":"Inverse Teams","url":"https:\/\/www.inverseteams.com\/fr\/","logo":{"@type":"ImageObject","inLanguage":"fr-FR","@id":"https:\/\/www.inverseteams.com\/fr\/#\/schema\/logo\/image\/","url":"https:\/\/www.inverseteams.com\/wp-content\/uploads\/2021\/03\/logo-inverse-teams.png","contentUrl":"https:\/\/www.inverseteams.com\/wp-content\/uploads\/2021\/03\/logo-inverse-teams.png","width":294,"height":99,"caption":"Inverse Teams"},"image":{"@id":"https:\/\/www.inverseteams.com\/fr\/#\/schema\/logo\/image\/"},"sameAs":["https:\/\/www.facebook.com\/inverseteams","http:\/\/instagram.com\/inverseteams","https:\/\/www.linkedin.com\/company\/inverse-cirosport-s-l-?trk=job_view_topcard_company_name","http:\/\/www.pinterest.com\/inverseteams\/","http:\/\/www.youtube.com\/user\/inverseteams?feature=watch"]}]}},"_links":{"self":[{"href":"https:\/\/www.inverseteams.com\/fr\/wp-json\/wp\/v2\/product\/248092","targetHints":{"allow":["GET"]}}],"collection":[{"href":"https:\/\/www.inverseteams.com\/fr\/wp-json\/wp\/v2\/product"}],"about":[{"href":"https:\/\/www.inverseteams.com\/fr\/wp-json\/wp\/v2\/types\/product"}],"replies":[{"embeddable":true,"href":"https:\/\/www.inverseteams.com\/fr\/wp-json\/wp\/v2\/comments?post=248092"}],"wp:featuredmedia":[{"embeddable":true,"href":"https:\/\/www.inverseteams.com\/fr\/wp-json\/wp\/v2\/media\/247520"}],"wp:attachment":[{"href":"https:\/\/www.inverseteams.com\/fr\/wp-json\/wp\/v2\/media?parent=248092"}],"wp:term":[{"taxonomy":"product_brand","embeddable":true,"href":"https:\/\/www.inverseteams.com\/fr\/wp-json\/wp\/v2\/product_brand?post=248092"},{"taxonomy":"product_cat","embeddable":true,"href":"https:\/\/www.inverseteams.com\/fr\/wp-json\/wp\/v2\/product_cat?post=248092"},{"taxonomy":"product_tag","embeddable":true,"href":"https:\/\/www.inverseteams.com\/fr\/wp-json\/wp\/v2\/product_tag?post=248092"},{"taxonomy":"custom_category","embeddable":true,"href":"https:\/\/www.inverseteams.com\/fr\/wp-json\/wp\/v2\/custom_category?post=248092"},{"taxonomy":"range","embeddable":true,"href":"https:\/\/www.inverseteams.com\/fr\/wp-json\/wp\/v2\/range?post=248092"}],"curies":[{"name":"wp","href":"https:\/\/api.w.org\/{rel}","templated":true}]}}